{"id":228367,"date":"2024-06-18T13:38:35","date_gmt":"2024-06-18T11:38:35","guid":{"rendered":"https:\/\/www.cuchillalia.com\/?post_type=product&#038;p=228367"},"modified":"2026-05-04T04:22:06","modified_gmt":"2026-05-04T02:22:06","slug":"boton-gris-pasador-boligrafo-navajas-de-58-mm-victorinox-a-6349","status":"publish","type":"product","link":"https:\/\/www.cuchillalia.com\/en\/producto\/boton-gris-pasador-boligrafo-navajas-de-58-mm-victorinox-a-6349\/","title":{"rendered":"Bot\u00f3n gris pasador bol\u00edgrafo navajas de 58 mm Victorinox A.6349"},"content":{"rendered":"<h2>Tabla de caracter\u00edsticas bot\u00f3n gris para bol\u00edgrafo Victorinox<\/h2>\n<div class='tabla-caracteristicas'>\n<div class='fila'><span class='etiqueta'>Nombre comercial:<\/span><span class='valor'><strong>Pieza gris para empujar bol\u00edgrafo<\/strong><\/span><\/div>\n<div class='fila'><span class='etiqueta'>Fabricante:<\/span><span class='valor'>Victorinox<\/span><\/div>\n<div class='fila'><span class='etiqueta'>Referencia del fabricante:<\/span><span class='valor'>A.6349<\/span><\/div>\n<div class='fila'><span class='etiqueta'>Peso del producto:<\/span><span class='valor'>1 g<\/span><\/div>\n<div class='fila'><span class='etiqueta'>Presentaci\u00f3n del producto:<\/span><span class='valor'>Suelto<\/span><\/div>\n<div class='fila'><span class='etiqueta'>\u00bfDonde se fabrica?:<\/span><span class='valor'>Suiza<\/span><\/div>\n<div class='fila'><span class='etiqueta'>\u00bfQu\u00e9 garant\u00eda tiene?:<\/span><span class='valor'>Garant\u00eda de por vida ante cualquier defecto de material o mano de obra. Los da\u00f1os causados por el uso y desgaste normal, o por el abuso o uso inadecuado no est\u00e1n cubiertos por esta garant\u00eda.<\/span><\/div>\n<\/div>\n<h3>Alternativas al bot\u00f3n gris para bol\u00edgrafo de Victorinox<\/h3>\n<p>No existen alternativas a este bot\u00f3n para sacar el bol\u00edgrafo de tu mini Victorinox de 58 mm. En realidad no es necesario cambiarlo a no ser que se te estropee o se te pierda.<\/p>\n<p>Este bot\u00f3n se monta debajo de la cacha y es en el que queda sujeto el bol\u00edgrafo para sacarlo o guardarlo tras su uso. El bol\u00edgrafo que ir\u00eda montado en este pasante es el siguiente:<\/p>\n<div class=\"woocommerce columns-4 \"><ul class=\"products kad_product_wrapper rowtight shopcolumn4 shopfullwidth init-isotope-intrinsic kt-show-rating  reinit-isotope\" data-nextselector=\".woocommerce-pagination a.next\" data-navselector=\".woocommerce-pagination\" data-itemselector=\".kad_product\" data-itemloadselector=\".kt_item_fade_in\" data-iso-selector=\".kad_product\" data-iso-style=\"fitRows\" data-iso-filter=\"true\">\n<li class=\"product type-product post-178952 status-publish first instock product_cat-recambios-victorinox has-post-thumbnail taxable shipping-taxable purchasable product-type-simple col-xxl-2 col-xl-25 col-md-3 col-sm-4 col-xs-6 col-ss-6 recambios-victorinox kad_product\">\n\t<div class=\"grid_item product_item clearfix kt_item_fade_in\"><a href=\"https:\/\/www.cuchillalia.com\/en\/producto\/boligrafo-recambio-pequeno-victorinox-a-6144-0\/\" class=\"product_item_link product_img_link\"><div class=\"kad-product-noflipper kt-product-hardcrop kt-product-intrinsic\" style=\"padding-bottom:100%;\"><div class=\"kt-product-animation-contain\"><img decoding=\"async\" src=\"https:\/\/www.cuchillalia.com\/wordpress\/wp-content\/uploads\/2024\/01\/boligrafo-pequeno-victorinox-a.6144-300x300.jpg\" srcset=\"https:\/\/www.cuchillalia.com\/wordpress\/wp-content\/uploads\/2024\/01\/boligrafo-pequeno-victorinox-a.6144-300x300.jpg 300w, https:\/\/www.cuchillalia.com\/wordpress\/wp-content\/uploads\/2024\/01\/boligrafo-pequeno-victorinox-a.6144-1024x1024.jpg 1024w, https:\/\/www.cuchillalia.com\/wordpress\/wp-content\/uploads\/2024\/01\/boligrafo-pequeno-victorinox-a.6144-150x150.jpg 150w, https:\/\/www.cuchillalia.com\/wordpress\/wp-content\/uploads\/2024\/01\/boligrafo-pequeno-victorinox-a.6144-768x768.jpg 768w, https:\/\/www.cuchillalia.com\/wordpress\/wp-content\/uploads\/2024\/01\/boligrafo-pequeno-victorinox-a.6144-200x200.jpg 200w, https:\/\/www.cuchillalia.com\/wordpress\/wp-content\/uploads\/2024\/01\/boligrafo-pequeno-victorinox-a.6144-566x566.jpg 566w, https:\/\/www.cuchillalia.com\/wordpress\/wp-content\/uploads\/2024\/01\/boligrafo-pequeno-victorinox-a.6144-100x100.jpg 100w, https:\/\/www.cuchillalia.com\/wordpress\/wp-content\/uploads\/2024\/01\/boligrafo-pequeno-victorinox-a.6144-720x720.jpg 720w, https:\/\/www.cuchillalia.com\/wordpress\/wp-content\/uploads\/2024\/01\/boligrafo-pequeno-victorinox-a.6144-360x360.jpg 360w, https:\/\/www.cuchillalia.com\/wordpress\/wp-content\/uploads\/2024\/01\/boligrafo-pequeno-victorinox-a.6144-600x600.jpg 600w, https:\/\/www.cuchillalia.com\/wordpress\/wp-content\/uploads\/2024\/01\/boligrafo-pequeno-victorinox-a.6144-800x800.jpg 800w, https:\/\/www.cuchillalia.com\/wordpress\/wp-content\/uploads\/2024\/01\/boligrafo-pequeno-victorinox-a.6144-400x400.jpg 400w, https:\/\/www.cuchillalia.com\/wordpress\/wp-content\/uploads\/2024\/01\/boligrafo-pequeno-victorinox-a.6144.jpg 1300w\" sizes=\"(max-width: 300px) 100vw, 300px\"  alt=\"Bol\u00edgrafo peque\u00f1o de recambio para las Victorinox de 58 mm - Cuchillalia.com\" width=\"300\" height=\"300\" class=\"attachment-shop_catalog wp-post-image size-300x300\"><\/div><\/div><\/a> \n\n\t<div class=\"details_product_item\"><div class=\"product_details\"><a href=\"https:\/\/www.cuchillalia.com\/en\/producto\/boligrafo-recambio-pequeno-victorinox-a-6144-0\/\" class=\"product_item_link\"><h3 class=\"product_archive_title\">Bol\u00edgrafo peque\u00f1o de recambio Victorinox A-6144.0<\/h3><\/a><\/div>\t\t\n\t<a href=\"https:\/\/www.cuchillalia.com\/en\/producto\/boligrafo-recambio-pequeno-victorinox-a-6144-0\/\"><div class=\"star-rating\" role=\"img\" aria-label=\"Rated 5.00 out of 5\"><span style=\"width:100%\">Rated <strong class=\"rating\">5.00<\/strong> out of 5<\/span><\/div><\/a>\n\t<span class=\"price\"><span class=\"woocommerce-Price-amount amount\"><bdi>3,99<span class=\"woocommerce-Price-currencySymbol\">&euro;<\/span><\/bdi><\/span><\/span>\n<div class=\"clearfix\"><\/div><\/div>\n\t<div class=\"product_action_wrap\"><a href=\"\/en\/wp-json\/wp\/v2\/product\/228367?add-to-cart=178952\" aria-describedby=\"woocommerce_loop_add_to_cart_link_describedby_178952\" data-quantity=\"1\" class=\"button product_type_simple add_to_cart_button ajax_add_to_cart\" data-product_id=\"178952\" data-product_sku=\"VI_A.6144.0\" aria-label=\"Add to cart: &ldquo;Bol\u00edgrafo peque\u00f1o de recambio Victorinox A-6144.0&rdquo;\" rel=\"nofollow\" data-success_message=\"&ldquo;Bol\u00edgrafo peque\u00f1o de recambio Victorinox A-6144.0&rdquo; has been added to your cart\" role=\"button\">Add to cart<\/a>\t<span id=\"woocommerce_loop_add_to_cart_link_describedby_178952\" class=\"screen-reader-text\">\n\t\t\t<\/span>\n\t\t\t<input type=\"hidden\" class=\"pmwProductId\" data-id=\"178952\">\n\t\t\t\t\t<script>\n\t\t\t(window.pmwDataLayer = window.pmwDataLayer || {}).products                = window.pmwDataLayer.products || {};\n\t\t\twindow.pmwDataLayer.products[178952] = {\"id\":\"178952\",\"sku\":\"VI_A.6144.0\",\"price\":3.9900000000000002,\"brand\":\"\",\"quantity\":1,\"dyn_r_ids\":{\"post_id\":\"178952\",\"sku\":\"VI_A.6144.0\",\"gpf\":\"woocommerce_gpf_178952\",\"gla\":\"gla_178952\"},\"is_variable\":false,\"type\":\"simple\",\"name\":\"Bol\u00edgrafo peque\u00f1o de recambio Victorinox A-6144.0\",\"category\":[\"Recambios Victorinox\"],\"is_variation\":false};\n\t\t\t\t\twindow.pmw_product_position = window.pmw_product_position || 1;\n\t\twindow.pmwDataLayer.products[178952]['position'] = window.pmw_product_position++;\n\t\t\t\t<\/script>\n\t\t<\/div><\/div><\/li><\/ul>\n<\/div>\n<p>Si cambias las cachas a tu victorinox, aprovecha y sustituye el bot\u00f3n. Dejar\u00e1s tu Victorinox como nueva. Las cachas para las que es compatible este recambio son, por ejemplo:<\/p>\n<div class=\"woocommerce columns-4 \"><\/div>\n<h3>Navajas compatibles con el bot\u00f3n gris para bol\u00edgrafo<\/h3>\n<p>En <strong>Cuchillalia.com<\/strong> disponemos de varios modelos de navajas mini de 58 mm de Victorinox con bol\u00edgrafo para los que ser\u00eda compatible este bot\u00f3n:<\/p>\n<div class=\"woocommerce columns-4 outofstock\"><\/div>\n","protected":false},"excerpt":{"rendered":"<p><strong>Bot\u00f3n gris para sacar bol\u00edgrafo<\/strong> de las mini navajas Victorinox de 58 mm.&hellip; <a class=\"kt-excerpt-readmore more-link\" href=\"https:\/\/www.cuchillalia.com\/en\/producto\/boton-gris-pasador-boligrafo-navajas-de-58-mm-victorinox-a-6349\/\" aria-label=\"Bot\u00f3n gris pasador bol\u00edgrafo navajas de 58 mm Victorinox A.6349\">Read More<\/a><\/p>\n","protected":false},"featured_media":228379,"comment_status":"open","ping_status":"closed","template":"","meta":[],"product_brand":[],"product_cat":[16428],"product_tag":[],"class_list":{"0":"post-228367","1":"product","2":"type-product","3":"status-publish","4":"has-post-thumbnail","6":"product_cat-recambios-victorinox","8":"first","9":"instock","10":"taxable","11":"shipping-taxable","12":"purchasable","13":"product-type-simple"},"yoast_head":"<!-- This site is optimized with the Yoast SEO plugin v27.5 - https:\/\/yoast.com\/product\/yoast-seo-wordpress\/ -->\n<title>Bot\u00f3n gris pasador bol\u00edgrafo navajas de 58 mm Victorinox A.6349 - Cuchillalia.com<\/title>\n<meta name=\"robots\" content=\"index, follow, max-snippet:-1, max-image-preview:large, max-video-preview:-1\" \/>\n<link rel=\"canonical\" href=\"https:\/\/www.cuchillalia.com\/producto\/boton-gris-pasador-boligrafo-navajas-de-58-mm-victorinox-a-6349\/\" \/>\n<meta property=\"og:locale\" content=\"en_US\" \/>\n<meta property=\"og:type\" content=\"article\" \/>\n<meta property=\"og:title\" content=\"Bot\u00f3n gris pasador bol\u00edgrafo navajas de 58 mm Victorinox A.6349 - Cuchillalia.com\" \/>\n<meta property=\"og:description\" content=\"Bot\u00f3n gris para sacar bol\u00edgrafo de las mini navajas Victorinox de 58 mm.&hellip; Read More\" \/>\n<meta property=\"og:url\" content=\"https:\/\/www.cuchillalia.com\/producto\/boton-gris-pasador-boligrafo-navajas-de-58-mm-victorinox-a-6349\/\" \/>\n<meta property=\"og:site_name\" content=\"Cuchillalia.com\" \/>\n<meta property=\"article:publisher\" content=\"http:\/\/www.facebook.com\/cuchillalia\" \/>\n<meta property=\"article:modified_time\" content=\"2026-05-04T02:22:06+00:00\" \/>\n<meta property=\"og:image\" content=\"https:\/\/www.cuchillalia.com\/wordpress\/wp-content\/uploads\/2024\/06\/boton-gris-navaja-victorinox-58-mm-a-6349.jpg\" \/>\n\t<meta property=\"og:image:width\" content=\"1600\" \/>\n\t<meta property=\"og:image:height\" content=\"1600\" \/>\n\t<meta property=\"og:image:type\" content=\"image\/jpeg\" \/>\n<meta name=\"twitter:card\" content=\"summary_large_image\" \/>\n<meta name=\"twitter:site\" content=\"@Cuchillalia\" \/>\n<meta name=\"twitter:label1\" content=\"Est. reading time\" \/>\n\t<meta name=\"twitter:data1\" content=\"2 minutes\" \/>\n<!-- \/ Yoast SEO plugin. -->","yoast_head_json":{"title":"Bot\u00f3n gris pasador bol\u00edgrafo navajas de 58 mm Victorinox A.6349 - Cuchillalia.com","robots":{"index":"index","follow":"follow","max-snippet":"max-snippet:-1","max-image-preview":"max-image-preview:large","max-video-preview":"max-video-preview:-1"},"canonical":"https:\/\/www.cuchillalia.com\/producto\/boton-gris-pasador-boligrafo-navajas-de-58-mm-victorinox-a-6349\/","og_locale":"en_US","og_type":"article","og_title":"Bot\u00f3n gris pasador bol\u00edgrafo navajas de 58 mm Victorinox A.6349 - Cuchillalia.com","og_description":"Bot\u00f3n gris para sacar bol\u00edgrafo de las mini navajas Victorinox de 58 mm.&hellip; Read More","og_url":"https:\/\/www.cuchillalia.com\/producto\/boton-gris-pasador-boligrafo-navajas-de-58-mm-victorinox-a-6349\/","og_site_name":"Cuchillalia.com","article_publisher":"http:\/\/www.facebook.com\/cuchillalia","article_modified_time":"2026-05-04T02:22:06+00:00","og_image":[{"width":1600,"height":1600,"url":"https:\/\/www.cuchillalia.com\/wordpress\/wp-content\/uploads\/2024\/06\/boton-gris-navaja-victorinox-58-mm-a-6349.jpg","type":"image\/jpeg"}],"twitter_card":"summary_large_image","twitter_site":"@Cuchillalia","twitter_misc":{"Est. reading time":"2 minutes"},"schema":{"@context":"https:\/\/schema.org","@graph":[{"@type":"WebPage","@id":"https:\/\/www.cuchillalia.com\/producto\/boton-gris-pasador-boligrafo-navajas-de-58-mm-victorinox-a-6349\/","url":"https:\/\/www.cuchillalia.com\/producto\/boton-gris-pasador-boligrafo-navajas-de-58-mm-victorinox-a-6349\/","name":"Bot\u00f3n gris pasador bol\u00edgrafo navajas de 58 mm Victorinox A.6349 - Cuchillalia.com","isPartOf":{"@id":"https:\/\/www.cuchillalia.com\/#website"},"primaryImageOfPage":{"@id":"https:\/\/www.cuchillalia.com\/producto\/boton-gris-pasador-boligrafo-navajas-de-58-mm-victorinox-a-6349\/#primaryimage"},"image":{"@id":"https:\/\/www.cuchillalia.com\/producto\/boton-gris-pasador-boligrafo-navajas-de-58-mm-victorinox-a-6349\/#primaryimage"},"thumbnailUrl":"https:\/\/www.cuchillalia.com\/wordpress\/wp-content\/uploads\/2024\/06\/boton-gris-navaja-victorinox-58-mm-a-6349.jpg","datePublished":"2024-06-18T11:38:35+00:00","dateModified":"2026-05-04T02:22:06+00:00","breadcrumb":{"@id":"https:\/\/www.cuchillalia.com\/producto\/boton-gris-pasador-boligrafo-navajas-de-58-mm-victorinox-a-6349\/#breadcrumb"},"inLanguage":"en-US","potentialAction":[{"@type":"ReadAction","target":["https:\/\/www.cuchillalia.com\/producto\/boton-gris-pasador-boligrafo-navajas-de-58-mm-victorinox-a-6349\/"]}]},{"@type":"ImageObject","inLanguage":"en-US","@id":"https:\/\/www.cuchillalia.com\/producto\/boton-gris-pasador-boligrafo-navajas-de-58-mm-victorinox-a-6349\/#primaryimage","url":"https:\/\/www.cuchillalia.com\/wordpress\/wp-content\/uploads\/2024\/06\/boton-gris-navaja-victorinox-58-mm-a-6349.jpg","contentUrl":"https:\/\/www.cuchillalia.com\/wordpress\/wp-content\/uploads\/2024\/06\/boton-gris-navaja-victorinox-58-mm-a-6349.jpg","width":1600,"height":1600,"caption":"Navaja Victorinox de 58 mm con el bol\u00edgrafo y el bot\u00f3n gris se\u00f1alado - Cuchillalia.com"},{"@type":"BreadcrumbList","@id":"https:\/\/www.cuchillalia.com\/producto\/boton-gris-pasador-boligrafo-navajas-de-58-mm-victorinox-a-6349\/#breadcrumb","itemListElement":[{"@type":"ListItem","position":1,"name":"Cuchillalia","item":"https:\/\/www.cuchillalia.com\/en\/"},{"@type":"ListItem","position":2,"name":"Tienda","item":"https:\/\/www.cuchillalia.com\/tienda\/"},{"@type":"ListItem","position":3,"name":"Marcas","item":"https:\/\/www.cuchillalia.com\/categoria\/marcas\/"},{"@type":"ListItem","position":4,"name":"Navajas Victorinox","item":"https:\/\/www.cuchillalia.com\/categoria\/marcas\/victorinox\/"},{"@type":"ListItem","position":5,"name":"Recambios Victorinox","item":"https:\/\/www.cuchillalia.com\/categoria\/marcas\/victorinox\/recambios-victorinox\/"},{"@type":"ListItem","position":6,"name":"Bot\u00f3n gris pasador bol\u00edgrafo navajas de 58 mm Victorinox A.6349"}]},{"@type":"WebSite","@id":"https:\/\/www.cuchillalia.com\/#website","url":"https:\/\/www.cuchillalia.com\/","name":"Cuchillalia.com","description":"","publisher":{"@id":"https:\/\/www.cuchillalia.com\/#organization"},"potentialAction":[{"@type":"SearchAction","target":{"@type":"EntryPoint","urlTemplate":"https:\/\/www.cuchillalia.com\/?s={search_term_string}"},"query-input":{"@type":"PropertyValueSpecification","valueRequired":true,"valueName":"search_term_string"}}],"inLanguage":"en-US"},{"@type":"Organization","@id":"https:\/\/www.cuchillalia.com\/#organization","name":"Cuchillalia","url":"https:\/\/www.cuchillalia.com\/","logo":{"@type":"ImageObject","inLanguage":"en-US","@id":"https:\/\/www.cuchillalia.com\/#\/schema\/logo\/image\/","url":"https:\/\/www.cuchillalia.com\/wordpress\/wp-content\/uploads\/2021\/03\/logo-cuchillalia-jpg.jpg","contentUrl":"https:\/\/www.cuchillalia.com\/wordpress\/wp-content\/uploads\/2021\/03\/logo-cuchillalia-jpg.jpg","width":276,"height":192,"caption":"Cuchillalia"},"image":{"@id":"https:\/\/www.cuchillalia.com\/#\/schema\/logo\/image\/"},"sameAs":["http:\/\/www.facebook.com\/cuchillalia","https:\/\/x.com\/Cuchillalia"]}]}},"_links":{"self":[{"href":"https:\/\/www.cuchillalia.com\/en\/wp-json\/wp\/v2\/product\/228367","targetHints":{"allow":["GET"]}}],"collection":[{"href":"https:\/\/www.cuchillalia.com\/en\/wp-json\/wp\/v2\/product"}],"about":[{"href":"https:\/\/www.cuchillalia.com\/en\/wp-json\/wp\/v2\/types\/product"}],"replies":[{"embeddable":true,"href":"https:\/\/www.cuchillalia.com\/en\/wp-json\/wp\/v2\/comments?post=228367"}],"wp:featuredmedia":[{"embeddable":true,"href":"https:\/\/www.cuchillalia.com\/en\/wp-json\/wp\/v2\/media\/228379"}],"wp:attachment":[{"href":"https:\/\/www.cuchillalia.com\/en\/wp-json\/wp\/v2\/media?parent=228367"}],"wp:term":[{"taxonomy":"product_brand","embeddable":true,"href":"https:\/\/www.cuchillalia.com\/en\/wp-json\/wp\/v2\/product_brand?post=228367"},{"taxonomy":"product_cat","embeddable":true,"href":"https:\/\/www.cuchillalia.com\/en\/wp-json\/wp\/v2\/product_cat?post=228367"},{"taxonomy":"product_tag","embeddable":true,"href":"https:\/\/www.cuchillalia.com\/en\/wp-json\/wp\/v2\/product_tag?post=228367"}],"curies":[{"name":"wp","href":"https:\/\/api.w.org\/{rel}","templated":true}]}}