{"id":22741,"date":"2017-02-25T00:44:07","date_gmt":"2017-02-24T23:44:07","guid":{"rendered":"https:\/\/www.cuchillalia.com\/tienda\/kai-n5250-tijera-costura-acodada-250-mm\/"},"modified":"2026-03-20T01:38:12","modified_gmt":"2026-03-20T00:38:12","slug":"kai-n5250-tijera-costura-acodada-250-mm","status":"publish","type":"product","link":"https:\/\/www.cuchillalia.com\/en\/producto\/kai-n5250-tijera-costura-acodada-250-mm\/","title":{"rendered":"Tijeras de confecci\u00f3n acodada de 25 cm &#8211; KAI N5250"},"content":{"rendered":"<p>Tijera apta para la cocina.<\/p>\n<p><img class='aligncenter wp-image-22736 size-thumbnail' src='https:\/\/www.cuchillalia.com\/wordpress\/wp-content\/uploads\/2017\/02\/cuchillalia-logo-mango-suave-tijeras-kai-150x150.jpg' alt='Logo Soft handle - Feeling good - Mangos suaves de las tijeras de KAI serie N5000' width='150' height='150' \/><\/p>\n<h2>Tabla de caracter\u00edsticas tijera costura profesional 250 mm KAI N5250<\/h2>\n<div class='tabla-caracteristicas'>\n<div class='fila'><span class='etiqueta'>Nombre comercial:<\/span><span class='valor'><strong>Tijeras de confecci\u00f3n acodada 250 mm<\/strong><\/span><\/div>\n<div class='fila'><span class='etiqueta'>Fabricante:<\/span><span class='valor'>KAI<\/span><\/div>\n<div class='fila'><span class='etiqueta'>Referencia del fabricante:<\/span><span class='valor'>N5250<\/span><\/div>\n<div class='fila'><span class='etiqueta'>Material de la hoja:<\/span><span class='valor'>Acero inoxidable al carbono con vanadio<\/span><\/div>\n<div class='fila'><span class='etiqueta'>Acabado:<\/span><span class='valor'>Satinado<\/span><\/div>\n<div class='fila'><span class='etiqueta'>Dureza:<\/span><span class='valor'>HRc 56\u00b11 Rockwell<\/span><\/div>\n<div class='fila'><span class='etiqueta'>Material del mango:<\/span><span class='valor'>Sint\u00e9tico<\/span><\/div>\n<div class='fila'><span class='etiqueta'>Tipo de mango:<\/span><span class='valor'>Ergon\u00f3mico y flexible<\/span><\/div>\n<div class='fila'><span class='etiqueta'>Medidas:<\/span><span class='valor'>Total:     25 cm<\/span><\/div>\n<div class='fila'><span class='etiqueta'>\u00bfEs apto para zurdos?:<\/span><span class='valor'>Solo para diestros<\/span><\/div>\n<div class='fila'><span class='etiqueta'>Peso del producto:<\/span><span class='valor'>170 g<\/span><\/div>\n<div class='fila'><span class='etiqueta'>Producci\u00f3n:<\/span><span class='valor'>Estampaci\u00f3n<\/span><\/div>\n<div class='fila'><span class='etiqueta'>Presentaci\u00f3n del producto:<\/span><span class='valor'>Display de cart\u00f3n<\/span><\/div>\n<div class='fila'><span class='etiqueta'>\u00bfTiene tornillo de apriete?:<\/span><span class='valor'>Si, para un f\u00e1cil ajuste de la tensi\u00f3n.<\/span><\/div>\n<div class='fila'><span class='etiqueta'>\u00bfDonde se fabrica?:<\/span><span class='valor'>Jap\u00f3n<\/span><\/div>\n<div class='fila'><span class='etiqueta'>C\u00f3digo de barras (GTIN):<\/span><span class='valor'>4901331501975<\/span><\/div>\n<div class='fila'><span class='etiqueta'>Observaciones:<\/span><span class='valor'>&#8211; Tijera apta para la cocina.<br \/>\n&#8211; La forma ergon\u00f3mica y ancha de los mangos permite un corte sin fatigas en las manos.<br \/>\n&#8211; Mangos flexibles.<\/span><\/div>\n<\/div>\n","protected":false},"excerpt":{"rendered":"<p><strong>Tijera de costura profesional de 250 mm<\/strong>\u00a0de largo, para varios usos, incluida la cocina, de la marca japonesa\u00a0<strong>KAI<\/strong>, referencia <strong>N5250<\/strong>, con <em>mangos ergon\u00f3micos<\/em>.&hellip; <a class=\"kt-excerpt-readmore more-link\" href=\"https:\/\/www.cuchillalia.com\/en\/producto\/kai-n5250-tijera-costura-acodada-250-mm\/\" aria-label=\"Tijeras de confecci\u00f3n acodada de 25 cm &#8211; KAI N5250\">Read More<\/a><\/p>\n","protected":false},"featured_media":22739,"comment_status":"open","ping_status":"closed","template":"","meta":[],"product_brand":[],"product_cat":[8278,8267,8674],"product_tag":[],"class_list":{"0":"post-22741","1":"product","2":"type-product","3":"status-publish","4":"has-post-thumbnail","6":"product_cat-cocina","7":"product_cat-bordar-costura","8":"product_cat-tijeras-kai","10":"first","11":"instock","12":"taxable","13":"shipping-taxable","14":"purchasable","15":"product-type-simple"},"yoast_head":"<!-- This site is optimized with the Yoast SEO plugin v27.5 - https:\/\/yoast.com\/product\/yoast-seo-wordpress\/ -->\n<title>Tijera Costura Profesional 250 mm KAI N5250 - Cuchillalia<\/title>\n<meta name=\"description\" content=\"Tijera de costura de fabricaci\u00f3n japonesa. Apta para el uso en cocina. KAI N5250 de 250 mm. Mangos ergon\u00f3micos. Presentada en blister de cart\u00f3n.\" \/>\n<meta name=\"robots\" content=\"index, follow, max-snippet:-1, max-image-preview:large, max-video-preview:-1\" \/>\n<link rel=\"canonical\" href=\"https:\/\/www.cuchillalia.com\/producto\/kai-n5250-tijera-costura-acodada-250-mm\/\" \/>\n<meta property=\"og:locale\" content=\"en_US\" \/>\n<meta property=\"og:type\" content=\"article\" \/>\n<meta property=\"og:title\" content=\"Tijera Costura Profesional 250 mm KAI N5250 - Cuchillalia\" \/>\n<meta property=\"og:description\" content=\"Tijera de costura de fabricaci\u00f3n japonesa. Apta para el uso en cocina. KAI N5250 de 250 mm. Mangos ergon\u00f3micos. Presentada en blister de cart\u00f3n.\" \/>\n<meta property=\"og:url\" content=\"https:\/\/www.cuchillalia.com\/producto\/kai-n5250-tijera-costura-acodada-250-mm\/\" \/>\n<meta property=\"og:site_name\" content=\"Cuchillalia.com\" \/>\n<meta property=\"article:publisher\" content=\"http:\/\/www.facebook.com\/cuchillalia\" \/>\n<meta property=\"article:modified_time\" content=\"2026-03-20T00:38:12+00:00\" \/>\n<meta property=\"og:image\" content=\"https:\/\/www.cuchillalia.com\/wordpress\/wp-content\/uploads\/2017\/02\/cuchillalia-kai-n5250-tijera-costura-250mm.jpg\" \/>\n\t<meta property=\"og:image:width\" content=\"1100\" \/>\n\t<meta property=\"og:image:height\" content=\"1100\" \/>\n\t<meta property=\"og:image:type\" content=\"image\/jpeg\" \/>\n<meta name=\"twitter:card\" content=\"summary_large_image\" \/>\n<meta name=\"twitter:site\" content=\"@Cuchillalia\" \/>\n<meta name=\"twitter:label1\" content=\"Est. reading time\" \/>\n\t<meta name=\"twitter:data1\" content=\"1 minute\" \/>\n<!-- \/ Yoast SEO plugin. -->","yoast_head_json":{"title":"Tijera Costura Profesional 250 mm KAI N5250 - Cuchillalia","description":"Tijera de costura de fabricaci\u00f3n japonesa. Apta para el uso en cocina. KAI N5250 de 250 mm. Mangos ergon\u00f3micos. Presentada en blister de cart\u00f3n.","robots":{"index":"index","follow":"follow","max-snippet":"max-snippet:-1","max-image-preview":"max-image-preview:large","max-video-preview":"max-video-preview:-1"},"canonical":"https:\/\/www.cuchillalia.com\/producto\/kai-n5250-tijera-costura-acodada-250-mm\/","og_locale":"en_US","og_type":"article","og_title":"Tijera Costura Profesional 250 mm KAI N5250 - Cuchillalia","og_description":"Tijera de costura de fabricaci\u00f3n japonesa. Apta para el uso en cocina. KAI N5250 de 250 mm. Mangos ergon\u00f3micos. Presentada en blister de cart\u00f3n.","og_url":"https:\/\/www.cuchillalia.com\/producto\/kai-n5250-tijera-costura-acodada-250-mm\/","og_site_name":"Cuchillalia.com","article_publisher":"http:\/\/www.facebook.com\/cuchillalia","article_modified_time":"2026-03-20T00:38:12+00:00","og_image":[{"width":1100,"height":1100,"url":"https:\/\/www.cuchillalia.com\/wordpress\/wp-content\/uploads\/2017\/02\/cuchillalia-kai-n5250-tijera-costura-250mm.jpg","type":"image\/jpeg"}],"twitter_card":"summary_large_image","twitter_site":"@Cuchillalia","twitter_misc":{"Est. reading time":"1 minute"},"schema":{"@context":"https:\/\/schema.org","@graph":[{"@type":"WebPage","@id":"https:\/\/www.cuchillalia.com\/producto\/kai-n5250-tijera-costura-acodada-250-mm\/","url":"https:\/\/www.cuchillalia.com\/producto\/kai-n5250-tijera-costura-acodada-250-mm\/","name":"Tijera Costura Profesional 250 mm KAI N5250 - Cuchillalia","isPartOf":{"@id":"https:\/\/www.cuchillalia.com\/#website"},"primaryImageOfPage":{"@id":"https:\/\/www.cuchillalia.com\/producto\/kai-n5250-tijera-costura-acodada-250-mm\/#primaryimage"},"image":{"@id":"https:\/\/www.cuchillalia.com\/producto\/kai-n5250-tijera-costura-acodada-250-mm\/#primaryimage"},"thumbnailUrl":"https:\/\/www.cuchillalia.com\/wordpress\/wp-content\/uploads\/2017\/02\/cuchillalia-kai-n5250-tijera-costura-250mm.jpg","datePublished":"2017-02-24T23:44:07+00:00","dateModified":"2026-03-20T00:38:12+00:00","description":"Tijera de costura de fabricaci\u00f3n japonesa. Apta para el uso en cocina. KAI N5250 de 250 mm. Mangos ergon\u00f3micos. Presentada en blister de cart\u00f3n.","breadcrumb":{"@id":"https:\/\/www.cuchillalia.com\/producto\/kai-n5250-tijera-costura-acodada-250-mm\/#breadcrumb"},"inLanguage":"en-US","potentialAction":[{"@type":"ReadAction","target":["https:\/\/www.cuchillalia.com\/producto\/kai-n5250-tijera-costura-acodada-250-mm\/"]}]},{"@type":"ImageObject","inLanguage":"en-US","@id":"https:\/\/www.cuchillalia.com\/producto\/kai-n5250-tijera-costura-acodada-250-mm\/#primaryimage","url":"https:\/\/www.cuchillalia.com\/wordpress\/wp-content\/uploads\/2017\/02\/cuchillalia-kai-n5250-tijera-costura-250mm.jpg","contentUrl":"https:\/\/www.cuchillalia.com\/wordpress\/wp-content\/uploads\/2017\/02\/cuchillalia-kai-n5250-tijera-costura-250mm.jpg","width":1100,"height":1100,"caption":"Tijera para costura KAI N5250 con mango ergon\u00f3mico 250 mm - Cuchillalia"},{"@type":"BreadcrumbList","@id":"https:\/\/www.cuchillalia.com\/producto\/kai-n5250-tijera-costura-acodada-250-mm\/#breadcrumb","itemListElement":[{"@type":"ListItem","position":1,"name":"Cuchillalia","item":"https:\/\/www.cuchillalia.com\/en\/"},{"@type":"ListItem","position":2,"name":"Tienda","item":"https:\/\/www.cuchillalia.com\/tienda\/"},{"@type":"ListItem","position":3,"name":"Marcas","item":"https:\/\/www.cuchillalia.com\/categoria\/marcas\/"},{"@type":"ListItem","position":4,"name":"KAI","item":"https:\/\/www.cuchillalia.com\/categoria\/marcas\/kai\/"},{"@type":"ListItem","position":5,"name":"Tijeras KAI Costura","item":"https:\/\/www.cuchillalia.com\/categoria\/marcas\/kai\/tijeras-kai\/"},{"@type":"ListItem","position":6,"name":"Tijeras de confecci\u00f3n acodada de 25 cm &#8211; KAI N5250"}]},{"@type":"WebSite","@id":"https:\/\/www.cuchillalia.com\/#website","url":"https:\/\/www.cuchillalia.com\/","name":"Cuchillalia.com","description":"","publisher":{"@id":"https:\/\/www.cuchillalia.com\/#organization"},"potentialAction":[{"@type":"SearchAction","target":{"@type":"EntryPoint","urlTemplate":"https:\/\/www.cuchillalia.com\/?s={search_term_string}"},"query-input":{"@type":"PropertyValueSpecification","valueRequired":true,"valueName":"search_term_string"}}],"inLanguage":"en-US"},{"@type":"Organization","@id":"https:\/\/www.cuchillalia.com\/#organization","name":"Cuchillalia","url":"https:\/\/www.cuchillalia.com\/","logo":{"@type":"ImageObject","inLanguage":"en-US","@id":"https:\/\/www.cuchillalia.com\/#\/schema\/logo\/image\/","url":"https:\/\/www.cuchillalia.com\/wordpress\/wp-content\/uploads\/2021\/03\/logo-cuchillalia-jpg.jpg","contentUrl":"https:\/\/www.cuchillalia.com\/wordpress\/wp-content\/uploads\/2021\/03\/logo-cuchillalia-jpg.jpg","width":276,"height":192,"caption":"Cuchillalia"},"image":{"@id":"https:\/\/www.cuchillalia.com\/#\/schema\/logo\/image\/"},"sameAs":["http:\/\/www.facebook.com\/cuchillalia","https:\/\/x.com\/Cuchillalia"]}]}},"_links":{"self":[{"href":"https:\/\/www.cuchillalia.com\/en\/wp-json\/wp\/v2\/product\/22741","targetHints":{"allow":["GET"]}}],"collection":[{"href":"https:\/\/www.cuchillalia.com\/en\/wp-json\/wp\/v2\/product"}],"about":[{"href":"https:\/\/www.cuchillalia.com\/en\/wp-json\/wp\/v2\/types\/product"}],"replies":[{"embeddable":true,"href":"https:\/\/www.cuchillalia.com\/en\/wp-json\/wp\/v2\/comments?post=22741"}],"wp:featuredmedia":[{"embeddable":true,"href":"https:\/\/www.cuchillalia.com\/en\/wp-json\/wp\/v2\/media\/22739"}],"wp:attachment":[{"href":"https:\/\/www.cuchillalia.com\/en\/wp-json\/wp\/v2\/media?parent=22741"}],"wp:term":[{"taxonomy":"product_brand","embeddable":true,"href":"https:\/\/www.cuchillalia.com\/en\/wp-json\/wp\/v2\/product_brand?post=22741"},{"taxonomy":"product_cat","embeddable":true,"href":"https:\/\/www.cuchillalia.com\/en\/wp-json\/wp\/v2\/product_cat?post=22741"},{"taxonomy":"product_tag","embeddable":true,"href":"https:\/\/www.cuchillalia.com\/en\/wp-json\/wp\/v2\/product_tag?post=22741"}],"curies":[{"name":"wp","href":"https:\/\/api.w.org\/{rel}","templated":true}]}}