{"id":22083,"date":"2017-02-16T14:31:20","date_gmt":"2017-02-16T13:31:20","guid":{"rendered":"https:\/\/www.cuchillalia.com\/tienda\/woll-1528dpi-sarten-28cm-diamond-lite-induccion\/"},"modified":"2025-09-02T20:59:39","modified_gmt":"2025-09-02T18:59:39","slug":"woll-1528dpi-sarten-28cm-diamond-lite-induccion","status":"publish","type":"product","link":"https:\/\/www.cuchillalia.com\/en\/producto\/woll-1528dpi-sarten-28cm-diamond-lite-induccion\/","title":{"rendered":"Sart\u00e9n de diamante para inducci\u00f3n de 28 cm con mango desmontable &#8211; Woll Diamond Lite 1528DPI"},"content":{"rendered":"<h2>Tabla de caracter\u00edsticas sart\u00e9n Woll 1528DPI Diamante<\/h2>\n<div class='tabla-caracteristicas'>\n<div class='fila'><span class='etiqueta'>Nombre comercial:<\/span><span class='valor'><strong>Sart\u00e9n 28 cm Diamond Lite Inducci\u00f3n<\/strong><\/span><\/div>\n<div class='fila'><span class='etiqueta'>Fabricante:<\/span><span class='valor'>Woll<\/span><\/div>\n<div class='fila'><span class='etiqueta'>Referencia del fabricante:<\/span><span class='valor'>1528DPI<\/span><\/div>\n<div class='fila'><span class='etiqueta'>Tipo de mango:<\/span><span class='valor'>Mango desmontable<\/span><\/div>\n<div class='fila'><span class='etiqueta'>Material:<\/span><span class='valor'>Revestimiento en diamante (5 capas)<br \/>\n<\/span><\/div>\n<div class='fila'><span class='etiqueta'>Peso del producto:<\/span><span class='valor'>Con mango:     1,45 kg<br \/>\nSin mango:     1,3 kg<\/span><\/div>\n<div class='fila'><span class='etiqueta'>Presentaci\u00f3n del producto:<\/span><span class='valor'>Caja<\/span><\/div>\n<div class='fila'><span class='etiqueta'>Di\u00e1metro:<\/span><span class='valor'>28 cm<\/span><\/div>\n<div class='fila'><span class='etiqueta'>Altura:<\/span><span class='valor'>5 cm<\/span><\/div>\n<div class='fila'><span class='etiqueta'>Di\u00e1metro inferior:<\/span><span class='valor'>21 cm<\/span><\/div>\n<div class='fila'><span class='etiqueta'>\u00bfEs apto para inducci\u00f3n?:<\/span><span class='valor'>Si<\/span><\/div>\n<div class='fila'><span class='etiqueta'>\u00bfEs apto para horno?:<\/span><span class='valor'>Si, hasta 250\u00baC sin el mango extra\u00edble<\/span><\/div>\n<div class='fila'><span class='etiqueta'>\u00bfEs apto para el lavavajillas?:<\/span><span class='valor'>Si, aunque no recomendable ya que podr\u00eda perder algo de color.<\/span><\/div>\n<div class='fila'><span class='etiqueta'>\u00bfIncluye tapa?:<\/span><span class='valor'>No, pero se puede comprar aparte<\/span><\/div>\n<div class='fila'><span class='etiqueta'>\u00bfEs desmontable?:<\/span><span class='valor'>Mango desmontable para el uso en el horno y para ahorro de espacio en el almacenamiento.<\/span><\/div>\n<div class='fila'><span class='etiqueta'>\u00bfDonde se fabrica?:<\/span><span class='valor'>Alemania<\/span><\/div>\n<div class='fila'><span class='etiqueta'>C\u00f3digo de barras (GTIN):<\/span><span class='valor'>4032525152861<\/span><\/div>\n<div class='fila'><span class='etiqueta'>Observaciones:<\/span><span class='valor'>&#8211; Modelo preparado para cocinas vitrocer\u00e1micas de <strong>inducci\u00f3n<\/strong>.<br \/>\n&#8211; Se puede introducir en el <strong>horno<\/strong>.<br \/>\n&#8211; El revestimiento en diamante le proporciona una resistencia mayor al corte y a la abrasi\u00f3n.<br \/>\n&#8211; Proceso de fabricaci\u00f3n sin PFOA.<\/span><\/div>\n<\/div>\n","protected":false},"excerpt":{"rendered":"<p>Sart\u00e9n Diamante para\u00a0<strong>Inducci\u00f3n<\/strong> de la marca alemana <strong>Woll 1528DPI<\/strong>. Di\u00e1metro de 28 cm. <em>Mango desmontable<\/em> para meterla en el horno y tambi\u00e9n facilitar su almacenaje. <em>Fabricada en Alemania<\/em>.&hellip; <a class=\"kt-excerpt-readmore more-link\" href=\"https:\/\/www.cuchillalia.com\/en\/producto\/woll-1528dpi-sarten-28cm-diamond-lite-induccion\/\" aria-label=\"Sart\u00e9n de diamante para inducci\u00f3n de 28 cm con mango desmontable &#8211; Woll Diamond Lite 1528DPI\">Read More<\/a><\/p>\n","protected":false},"featured_media":22076,"comment_status":"open","ping_status":"closed","template":"","meta":[],"product_brand":[],"product_cat":[8403,8414],"product_tag":[],"class_list":{"0":"post-22083","1":"product","2":"type-product","3":"status-publish","4":"has-post-thumbnail","6":"product_cat-sartenes","7":"product_cat-diamond-lite","9":"first","10":"outofstock","11":"taxable","12":"shipping-taxable","13":"purchasable","14":"product-type-simple"},"yoast_head":"<!-- This site is optimized with the Yoast SEO plugin v27.5 - https:\/\/yoast.com\/product\/yoast-seo-wordpress\/ -->\n<title>WOLL 1528dpi Diamond Lite Sarten Diamante Inducci\u00f3n 28 cm Cuchillalia<\/title>\n<meta name=\"description\" content=\"Sart\u00e9n Woll serie Diamond Lite, para Inducci\u00f3n y NO Inducci\u00f3n, de la marca alemana Woll 1528DPI. Mango desmontable, apta para horno.\" \/>\n<meta name=\"robots\" content=\"index, follow, max-snippet:-1, max-image-preview:large, max-video-preview:-1\" \/>\n<link rel=\"canonical\" href=\"https:\/\/www.cuchillalia.com\/producto\/woll-1528dpi-sarten-28cm-diamond-lite-induccion\/\" \/>\n<meta property=\"og:locale\" content=\"en_US\" \/>\n<meta property=\"og:type\" content=\"article\" \/>\n<meta property=\"og:title\" content=\"WOLL 1528dpi Diamond Lite Sarten Diamante Inducci\u00f3n 28 cm Cuchillalia\" \/>\n<meta property=\"og:description\" content=\"Sart\u00e9n Woll serie Diamond Lite, para Inducci\u00f3n y NO Inducci\u00f3n, de la marca alemana Woll 1528DPI. Mango desmontable, apta para horno.\" \/>\n<meta property=\"og:url\" content=\"https:\/\/www.cuchillalia.com\/producto\/woll-1528dpi-sarten-28cm-diamond-lite-induccion\/\" \/>\n<meta property=\"og:site_name\" content=\"Cuchillalia.com\" \/>\n<meta property=\"article:publisher\" content=\"http:\/\/www.facebook.com\/cuchillalia\" \/>\n<meta property=\"article:modified_time\" content=\"2025-09-02T18:59:39+00:00\" \/>\n<meta property=\"og:image\" content=\"https:\/\/www.cuchillalia.com\/wordpress\/wp-content\/uploads\/2017\/02\/cuchillalia-woll-diamond-lite-1528dpi-sarten-baja-28cm.jpg\" \/>\n\t<meta property=\"og:image:width\" content=\"1000\" \/>\n\t<meta property=\"og:image:height\" content=\"1000\" \/>\n\t<meta property=\"og:image:type\" content=\"image\/jpeg\" \/>\n<meta name=\"twitter:card\" content=\"summary_large_image\" \/>\n<meta name=\"twitter:site\" content=\"@Cuchillalia\" \/>\n<meta name=\"twitter:label1\" content=\"Est. reading time\" \/>\n\t<meta name=\"twitter:data1\" content=\"2 minutes\" \/>\n<!-- \/ Yoast SEO plugin. -->","yoast_head_json":{"title":"WOLL 1528dpi Diamond Lite Sarten Diamante Inducci\u00f3n 28 cm Cuchillalia","description":"Sart\u00e9n Woll serie Diamond Lite, para Inducci\u00f3n y NO Inducci\u00f3n, de la marca alemana Woll 1528DPI. Mango desmontable, apta para horno.","robots":{"index":"index","follow":"follow","max-snippet":"max-snippet:-1","max-image-preview":"max-image-preview:large","max-video-preview":"max-video-preview:-1"},"canonical":"https:\/\/www.cuchillalia.com\/producto\/woll-1528dpi-sarten-28cm-diamond-lite-induccion\/","og_locale":"en_US","og_type":"article","og_title":"WOLL 1528dpi Diamond Lite Sarten Diamante Inducci\u00f3n 28 cm Cuchillalia","og_description":"Sart\u00e9n Woll serie Diamond Lite, para Inducci\u00f3n y NO Inducci\u00f3n, de la marca alemana Woll 1528DPI. Mango desmontable, apta para horno.","og_url":"https:\/\/www.cuchillalia.com\/producto\/woll-1528dpi-sarten-28cm-diamond-lite-induccion\/","og_site_name":"Cuchillalia.com","article_publisher":"http:\/\/www.facebook.com\/cuchillalia","article_modified_time":"2025-09-02T18:59:39+00:00","og_image":[{"width":1000,"height":1000,"url":"https:\/\/www.cuchillalia.com\/wordpress\/wp-content\/uploads\/2017\/02\/cuchillalia-woll-diamond-lite-1528dpi-sarten-baja-28cm.jpg","type":"image\/jpeg"}],"twitter_card":"summary_large_image","twitter_site":"@Cuchillalia","twitter_misc":{"Est. reading time":"2 minutes"},"schema":{"@context":"https:\/\/schema.org","@graph":[{"@type":"WebPage","@id":"https:\/\/www.cuchillalia.com\/producto\/woll-1528dpi-sarten-28cm-diamond-lite-induccion\/","url":"https:\/\/www.cuchillalia.com\/producto\/woll-1528dpi-sarten-28cm-diamond-lite-induccion\/","name":"WOLL 1528dpi Diamond Lite Sarten Diamante Inducci\u00f3n 28 cm Cuchillalia","isPartOf":{"@id":"https:\/\/www.cuchillalia.com\/#website"},"primaryImageOfPage":{"@id":"https:\/\/www.cuchillalia.com\/producto\/woll-1528dpi-sarten-28cm-diamond-lite-induccion\/#primaryimage"},"image":{"@id":"https:\/\/www.cuchillalia.com\/producto\/woll-1528dpi-sarten-28cm-diamond-lite-induccion\/#primaryimage"},"thumbnailUrl":"https:\/\/www.cuchillalia.com\/wordpress\/wp-content\/uploads\/2017\/02\/cuchillalia-woll-diamond-lite-1528dpi-sarten-baja-28cm.jpg","datePublished":"2017-02-16T13:31:20+00:00","dateModified":"2025-09-02T18:59:39+00:00","description":"Sart\u00e9n Woll serie Diamond Lite, para Inducci\u00f3n y NO Inducci\u00f3n, de la marca alemana Woll 1528DPI. Mango desmontable, apta para horno.","breadcrumb":{"@id":"https:\/\/www.cuchillalia.com\/producto\/woll-1528dpi-sarten-28cm-diamond-lite-induccion\/#breadcrumb"},"inLanguage":"en-US","potentialAction":[{"@type":"ReadAction","target":["https:\/\/www.cuchillalia.com\/producto\/woll-1528dpi-sarten-28cm-diamond-lite-induccion\/"]}]},{"@type":"ImageObject","inLanguage":"en-US","@id":"https:\/\/www.cuchillalia.com\/producto\/woll-1528dpi-sarten-28cm-diamond-lite-induccion\/#primaryimage","url":"https:\/\/www.cuchillalia.com\/wordpress\/wp-content\/uploads\/2017\/02\/cuchillalia-woll-diamond-lite-1528dpi-sarten-baja-28cm.jpg","contentUrl":"https:\/\/www.cuchillalia.com\/wordpress\/wp-content\/uploads\/2017\/02\/cuchillalia-woll-diamond-lite-1528dpi-sarten-baja-28cm.jpg","width":1000,"height":1000,"caption":"Sart\u00e9n Diamante Woll 1528DPI 28cm DIAMOND LITE 5cm Mango desmontable"},{"@type":"BreadcrumbList","@id":"https:\/\/www.cuchillalia.com\/producto\/woll-1528dpi-sarten-28cm-diamond-lite-induccion\/#breadcrumb","itemListElement":[{"@type":"ListItem","position":1,"name":"Cuchillalia","item":"https:\/\/www.cuchillalia.com\/en\/"},{"@type":"ListItem","position":2,"name":"Tienda","item":"https:\/\/www.cuchillalia.com\/tienda\/"},{"@type":"ListItem","position":3,"name":"Marcas","item":"https:\/\/www.cuchillalia.com\/categoria\/marcas\/"},{"@type":"ListItem","position":4,"name":"Woll","item":"https:\/\/www.cuchillalia.com\/categoria\/marcas\/woll\/"},{"@type":"ListItem","position":5,"name":"Diamond Lite","item":"https:\/\/www.cuchillalia.com\/categoria\/marcas\/woll\/diamond-lite\/"},{"@type":"ListItem","position":6,"name":"Sart\u00e9n de diamante para inducci\u00f3n de 28 cm con mango desmontable &#8211; Woll Diamond Lite 1528DPI"}]},{"@type":"WebSite","@id":"https:\/\/www.cuchillalia.com\/#website","url":"https:\/\/www.cuchillalia.com\/","name":"Cuchillalia.com","description":"","publisher":{"@id":"https:\/\/www.cuchillalia.com\/#organization"},"potentialAction":[{"@type":"SearchAction","target":{"@type":"EntryPoint","urlTemplate":"https:\/\/www.cuchillalia.com\/?s={search_term_string}"},"query-input":{"@type":"PropertyValueSpecification","valueRequired":true,"valueName":"search_term_string"}}],"inLanguage":"en-US"},{"@type":"Organization","@id":"https:\/\/www.cuchillalia.com\/#organization","name":"Cuchillalia","url":"https:\/\/www.cuchillalia.com\/","logo":{"@type":"ImageObject","inLanguage":"en-US","@id":"https:\/\/www.cuchillalia.com\/#\/schema\/logo\/image\/","url":"https:\/\/www.cuchillalia.com\/wordpress\/wp-content\/uploads\/2021\/03\/logo-cuchillalia-jpg.jpg","contentUrl":"https:\/\/www.cuchillalia.com\/wordpress\/wp-content\/uploads\/2021\/03\/logo-cuchillalia-jpg.jpg","width":276,"height":192,"caption":"Cuchillalia"},"image":{"@id":"https:\/\/www.cuchillalia.com\/#\/schema\/logo\/image\/"},"sameAs":["http:\/\/www.facebook.com\/cuchillalia","https:\/\/x.com\/Cuchillalia"]}]}},"_links":{"self":[{"href":"https:\/\/www.cuchillalia.com\/en\/wp-json\/wp\/v2\/product\/22083","targetHints":{"allow":["GET"]}}],"collection":[{"href":"https:\/\/www.cuchillalia.com\/en\/wp-json\/wp\/v2\/product"}],"about":[{"href":"https:\/\/www.cuchillalia.com\/en\/wp-json\/wp\/v2\/types\/product"}],"replies":[{"embeddable":true,"href":"https:\/\/www.cuchillalia.com\/en\/wp-json\/wp\/v2\/comments?post=22083"}],"wp:featuredmedia":[{"embeddable":true,"href":"https:\/\/www.cuchillalia.com\/en\/wp-json\/wp\/v2\/media\/22076"}],"wp:attachment":[{"href":"https:\/\/www.cuchillalia.com\/en\/wp-json\/wp\/v2\/media?parent=22083"}],"wp:term":[{"taxonomy":"product_brand","embeddable":true,"href":"https:\/\/www.cuchillalia.com\/en\/wp-json\/wp\/v2\/product_brand?post=22083"},{"taxonomy":"product_cat","embeddable":true,"href":"https:\/\/www.cuchillalia.com\/en\/wp-json\/wp\/v2\/product_cat?post=22083"},{"taxonomy":"product_tag","embeddable":true,"href":"https:\/\/www.cuchillalia.com\/en\/wp-json\/wp\/v2\/product_tag?post=22083"}],"curies":[{"name":"wp","href":"https:\/\/api.w.org\/{rel}","templated":true}]}}