{"id":21680,"date":"2017-02-10T19:26:24","date_gmt":"2017-02-10T18:26:24","guid":{"rendered":"https:\/\/www.cuchillalia.com\/tienda\/arcos-71612-recambio-banda-grano-80-basto-afilador-electrico\/"},"modified":"2026-04-22T13:16:26","modified_gmt":"2026-04-22T11:16:26","slug":"arcos-71612-recambio-banda-grano-80-basto-afilador-electrico","status":"publish","type":"product","link":"https:\/\/www.cuchillalia.com\/en\/producto\/arcos-71612-recambio-banda-grano-80-basto-afilador-electrico\/","title":{"rendered":"Recambio de banda de grano 80 (basto) para afilador el\u00e9ctrico Arcos"},"content":{"rendered":"<p><strong>Banda de recambio<\/strong> de grano 80 (basto) para el <strong>afilador el\u00e9ctrico Arcos 610500<\/strong>.<\/p>\n<p>Recomendamos siempre <strong>sustituir ambas bandas al mismo tiempo.<\/strong><\/p>\n<h2>Tabla de caracter\u00edsticas banda de grano 80 para afilador 610500<\/h2>\n<div class=\"tabla-caracteristicas\">\n<div class=\"fila\"><span class=\"etiqueta\">Nombre comercial:<\/span><span class=\"valor\"><strong>Banda (sin rodillos) grano 80 (basto) para afilador el\u00e9ctrico 610500<\/strong><\/span><\/div>\n<div class=\"fila\"><span class=\"etiqueta\">Fabricante:<\/span><span class=\"valor\">Arcos<\/span><\/div>\n<div class=\"fila\"><span class=\"etiqueta\">Referencia del fabricante:<\/span><span class=\"valor\">71612<\/span><\/div>\n<\/div>\n<p>&nbsp;<\/p>\n<h3>Otros recambios para el afilador el\u00e9ctrico Arcos 610500<\/h3>\n<div class=\"woocommerce columns-3 \"><ul class=\"products kad_product_wrapper rowtight shopcolumn3 shopfullwidth init-isotope-intrinsic kt-show-rating  reinit-isotope\" data-nextselector=\".woocommerce-pagination a.next\" data-navselector=\".woocommerce-pagination\" data-itemselector=\".kad_product\" data-itemloadselector=\".kt_item_fade_in\" data-iso-selector=\".kad_product\" data-iso-style=\"fitRows\" data-iso-filter=\"true\">\n<li class=\"product type-product post-21681 status-publish first instock product_cat-afiladores product_cat-recambios-arcos has-post-thumbnail taxable shipping-taxable purchasable product-type-simple col-xxl-25 col-xl-3 col-md-4 col-sm-4 col-xs-6 col-ss-12 afiladores recambios-arcos kad_product\">\n\t<div class=\"grid_item product_item clearfix kt_item_fade_in\"><a href=\"https:\/\/www.cuchillalia.com\/en\/producto\/arcos-71613-recambio-banda-grano-100-medio-afilador-electrico\/\" class=\"product_item_link product_img_link\"><div class=\"kad-product-noflipper kt-product-hardcrop kt-product-intrinsic\" style=\"padding-bottom:100%;\"><div class=\"kt-product-animation-contain\"><img decoding=\"async\" src=\"https:\/\/www.cuchillalia.com\/wordpress\/wp-content\/uploads\/2017\/02\/cuchillalia-arcos-71613-banda-grano-100-medio-400x400.jpg\" srcset=\"https:\/\/www.cuchillalia.com\/wordpress\/wp-content\/uploads\/2017\/02\/cuchillalia-arcos-71613-banda-grano-100-medio-400x400.jpg 400w, https:\/\/www.cuchillalia.com\/wordpress\/wp-content\/uploads\/2017\/02\/cuchillalia-arcos-71613-banda-grano-100-medio-200x200.jpg 200w, https:\/\/www.cuchillalia.com\/wordpress\/wp-content\/uploads\/2017\/02\/cuchillalia-arcos-71613-banda-grano-100-medio-100x100.jpg 100w, https:\/\/www.cuchillalia.com\/wordpress\/wp-content\/uploads\/2017\/02\/cuchillalia-arcos-71613-banda-grano-100-medio-566x566.jpg 566w, https:\/\/www.cuchillalia.com\/wordpress\/wp-content\/uploads\/2017\/02\/cuchillalia-arcos-71613-banda-grano-100-medio-150x150.jpg 150w, https:\/\/www.cuchillalia.com\/wordpress\/wp-content\/uploads\/2017\/02\/cuchillalia-arcos-71613-banda-grano-100-medio-300x300.jpg 300w, https:\/\/www.cuchillalia.com\/wordpress\/wp-content\/uploads\/2017\/02\/cuchillalia-arcos-71613-banda-grano-100-medio-768x768.jpg 768w, https:\/\/www.cuchillalia.com\/wordpress\/wp-content\/uploads\/2017\/02\/cuchillalia-arcos-71613-banda-grano-100-medio-600x600.jpg 600w, https:\/\/www.cuchillalia.com\/wordpress\/wp-content\/uploads\/2017\/02\/cuchillalia-arcos-71613-banda-grano-100-medio-668x668.jpg 668w, https:\/\/www.cuchillalia.com\/wordpress\/wp-content\/uploads\/2017\/02\/cuchillalia-arcos-71613-banda-grano-100-medio-334x334.jpg 334w, https:\/\/www.cuchillalia.com\/wordpress\/wp-content\/uploads\/2017\/02\/cuchillalia-arcos-71613-banda-grano-100-medio-720x720.jpg 720w, https:\/\/www.cuchillalia.com\/wordpress\/wp-content\/uploads\/2017\/02\/cuchillalia-arcos-71613-banda-grano-100-medio-360x360.jpg 360w, https:\/\/www.cuchillalia.com\/wordpress\/wp-content\/uploads\/2017\/02\/cuchillalia-arcos-71613-banda-grano-100-medio.jpg 800w\" sizes=\"(max-width: 400px) 100vw, 400px\"  alt=\"Banda de recambio Arcos 71613 de grano 100 (medio) para el afilador Arcos 610500\" width=\"400\" height=\"400\" class=\"attachment-shop_catalog wp-post-image size-400x400\"><\/div><\/div><\/a> \n\n\t<div class=\"details_product_item\"><div class=\"product_details\"><a href=\"https:\/\/www.cuchillalia.com\/en\/producto\/arcos-71613-recambio-banda-grano-100-medio-afilador-electrico\/\" class=\"product_item_link\"><h3 class=\"product_archive_title\">Recambio de banda de grano 100 (medio) para afilador el\u00e9ctrico Arcos<\/h3><\/a><\/div>\t\t\n\t<a href=\"https:\/\/www.cuchillalia.com\/en\/producto\/arcos-71613-recambio-banda-grano-100-medio-afilador-electrico\/\"><div class=\"star-rating\" role=\"img\" aria-label=\"Rated 4.75 out of 5\"><span style=\"width:95%\">Rated <strong class=\"rating\">4.75<\/strong> out of 5<\/span><\/div><\/a>\n\t<span class=\"price\"><span class=\"woocommerce-Price-amount amount\"><bdi>3,99<span class=\"woocommerce-Price-currencySymbol\">&euro;<\/span><\/bdi><\/span><\/span>\n<div class=\"clearfix\"><\/div><\/div>\n\t<div class=\"product_action_wrap\"><a href=\"\/en\/wp-json\/wp\/v2\/product\/21680?add-to-cart=21681\" aria-describedby=\"woocommerce_loop_add_to_cart_link_describedby_21681\" data-quantity=\"1\" class=\"button product_type_simple add_to_cart_button ajax_add_to_cart\" data-product_id=\"21681\" data-product_sku=\"AR_071613\" aria-label=\"Add to cart: &ldquo;Recambio de banda de grano 100 (medio) para afilador el\u00e9ctrico Arcos&rdquo;\" rel=\"nofollow\" data-success_message=\"&ldquo;Recambio de banda de grano 100 (medio) para afilador el\u00e9ctrico Arcos&rdquo; has been added to your cart\" role=\"button\">Add to cart<\/a>\t<span id=\"woocommerce_loop_add_to_cart_link_describedby_21681\" class=\"screen-reader-text\">\n\t\t\t<\/span>\n\t\t\t<input type=\"hidden\" class=\"pmwProductId\" data-id=\"21681\">\n\t\t\t\t\t<script>\n\t\t\t(window.pmwDataLayer = window.pmwDataLayer || {}).products                = window.pmwDataLayer.products || {};\n\t\t\twindow.pmwDataLayer.products[21681] = {\"id\":\"21681\",\"sku\":\"AR_071613\",\"price\":3.9900000000000002,\"brand\":\"\",\"quantity\":1,\"dyn_r_ids\":{\"post_id\":\"21681\",\"sku\":\"AR_071613\",\"gpf\":\"woocommerce_gpf_21681\",\"gla\":\"gla_21681\"},\"is_variable\":false,\"type\":\"simple\",\"name\":\"Recambio de banda de grano 100 (medio) para afilador el\u00e9ctrico Arcos\",\"category\":[\"Afiladores para cuchillos\",\"Recambios para productos Arcos\"],\"is_variation\":false};\n\t\t\t\t\twindow.pmw_product_position = window.pmw_product_position || 1;\n\t\twindow.pmwDataLayer.products[21681]['position'] = window.pmw_product_position++;\n\t\t\t\t<\/script>\n\t\t<\/div><\/div><\/li><li class=\"product type-product post-80182 status-publish instock product_cat-afiladores product_cat-recambios-arcos has-post-thumbnail taxable shipping-taxable purchasable product-type-simple col-xxl-25 col-xl-3 col-md-4 col-sm-4 col-xs-6 col-ss-12 afiladores recambios-arcos kad_product\">\n\t<div class=\"grid_item product_item clearfix kt_item_fade_in\"><a href=\"https:\/\/www.cuchillalia.com\/en\/producto\/arcos-71626-kit-2-rodillos-bandas-afilador-electrico-arcos\/\" class=\"product_item_link product_img_link\"><div class=\"kad-product-noflipper kt-product-hardcrop kt-product-intrinsic\" style=\"padding-bottom:100%;\"><div class=\"kt-product-animation-contain\"><img decoding=\"async\" src=\"https:\/\/www.cuchillalia.com\/wordpress\/wp-content\/uploads\/2019\/10\/cuchillalia-arcos-71626-kit-2-rodillos-y-2-bandas-recambio-afilador-electrico-400x400.jpg\" srcset=\"https:\/\/www.cuchillalia.com\/wordpress\/wp-content\/uploads\/2019\/10\/cuchillalia-arcos-71626-kit-2-rodillos-y-2-bandas-recambio-afilador-electrico-400x400.jpg 400w, https:\/\/www.cuchillalia.com\/wordpress\/wp-content\/uploads\/2019\/10\/cuchillalia-arcos-71626-kit-2-rodillos-y-2-bandas-recambio-afilador-electrico-200x200.jpg 200w, https:\/\/www.cuchillalia.com\/wordpress\/wp-content\/uploads\/2019\/10\/cuchillalia-arcos-71626-kit-2-rodillos-y-2-bandas-recambio-afilador-electrico-100x100.jpg 100w, https:\/\/www.cuchillalia.com\/wordpress\/wp-content\/uploads\/2019\/10\/cuchillalia-arcos-71626-kit-2-rodillos-y-2-bandas-recambio-afilador-electrico-566x566.jpg 566w, https:\/\/www.cuchillalia.com\/wordpress\/wp-content\/uploads\/2019\/10\/cuchillalia-arcos-71626-kit-2-rodillos-y-2-bandas-recambio-afilador-electrico-150x150.jpg 150w, https:\/\/www.cuchillalia.com\/wordpress\/wp-content\/uploads\/2019\/10\/cuchillalia-arcos-71626-kit-2-rodillos-y-2-bandas-recambio-afilador-electrico-300x300.jpg 300w, https:\/\/www.cuchillalia.com\/wordpress\/wp-content\/uploads\/2019\/10\/cuchillalia-arcos-71626-kit-2-rodillos-y-2-bandas-recambio-afilador-electrico-768x768.jpg 768w, https:\/\/www.cuchillalia.com\/wordpress\/wp-content\/uploads\/2019\/10\/cuchillalia-arcos-71626-kit-2-rodillos-y-2-bandas-recambio-afilador-electrico-1024x1024.jpg 1024w, https:\/\/www.cuchillalia.com\/wordpress\/wp-content\/uploads\/2019\/10\/cuchillalia-arcos-71626-kit-2-rodillos-y-2-bandas-recambio-afilador-electrico-720x720.jpg 720w, https:\/\/www.cuchillalia.com\/wordpress\/wp-content\/uploads\/2019\/10\/cuchillalia-arcos-71626-kit-2-rodillos-y-2-bandas-recambio-afilador-electrico-360x360.jpg 360w, https:\/\/www.cuchillalia.com\/wordpress\/wp-content\/uploads\/2019\/10\/cuchillalia-arcos-71626-kit-2-rodillos-y-2-bandas-recambio-afilador-electrico-600x600.jpg 600w, https:\/\/www.cuchillalia.com\/wordpress\/wp-content\/uploads\/2019\/10\/cuchillalia-arcos-71626-kit-2-rodillos-y-2-bandas-recambio-afilador-electrico-800x800.jpg 800w, https:\/\/www.cuchillalia.com\/wordpress\/wp-content\/uploads\/2019\/10\/cuchillalia-arcos-71626-kit-2-rodillos-y-2-bandas-recambio-afilador-electrico.jpg 1200w\" sizes=\"(max-width: 400px) 100vw, 400px\"  alt=\"Kit de 2 rodillos con sus 2 bandas de repuesto para el afilador el\u00e9ctrico Arcos 610500\" width=\"400\" height=\"400\" class=\"attachment-shop_catalog wp-post-image size-400x400\"><\/div><\/div><\/a> \n\n\t<div class=\"details_product_item\"><div class=\"product_details\"><a href=\"https:\/\/www.cuchillalia.com\/en\/producto\/arcos-71626-kit-2-rodillos-bandas-afilador-electrico-arcos\/\" class=\"product_item_link\"><h3 class=\"product_archive_title\">Kit de 2 rodillos con sus 2 bandas de recambio para afilador el\u00e9ctrico Arcos<\/h3><\/a><\/div>\t\t\n\t<a href=\"https:\/\/www.cuchillalia.com\/en\/producto\/arcos-71626-kit-2-rodillos-bandas-afilador-electrico-arcos\/\"><div class=\"star-rating\" role=\"img\" aria-label=\"Rated 5.00 out of 5\"><span style=\"width:100%\">Rated <strong class=\"rating\">5.00<\/strong> out of 5<\/span><\/div><\/a>\n\t<span class=\"price\"><span class=\"woocommerce-Price-amount amount\"><bdi>15,99<span class=\"woocommerce-Price-currencySymbol\">&euro;<\/span><\/bdi><\/span><\/span>\n<div class=\"clearfix\"><\/div><\/div>\n\t<div class=\"product_action_wrap\"><a href=\"\/en\/wp-json\/wp\/v2\/product\/21680?add-to-cart=80182\" aria-describedby=\"woocommerce_loop_add_to_cart_link_describedby_80182\" data-quantity=\"1\" class=\"button product_type_simple add_to_cart_button ajax_add_to_cart\" data-product_id=\"80182\" data-product_sku=\"AR_071626\" aria-label=\"Add to cart: &ldquo;Kit de 2 rodillos con sus 2 bandas de recambio para afilador el\u00e9ctrico Arcos&rdquo;\" rel=\"nofollow\" data-success_message=\"&ldquo;Kit de 2 rodillos con sus 2 bandas de recambio para afilador el\u00e9ctrico Arcos&rdquo; has been added to your cart\" role=\"button\">Add to cart<\/a>\t<span id=\"woocommerce_loop_add_to_cart_link_describedby_80182\" class=\"screen-reader-text\">\n\t\t\t<\/span>\n\t\t\t<input type=\"hidden\" class=\"pmwProductId\" data-id=\"80182\">\n\t\t\t\t\t<script>\n\t\t\t(window.pmwDataLayer = window.pmwDataLayer || {}).products                = window.pmwDataLayer.products || {};\n\t\t\twindow.pmwDataLayer.products[80182] = {\"id\":\"80182\",\"sku\":\"AR_071626\",\"price\":15.99,\"brand\":\"\",\"quantity\":1,\"dyn_r_ids\":{\"post_id\":\"80182\",\"sku\":\"AR_071626\",\"gpf\":\"woocommerce_gpf_80182\",\"gla\":\"gla_80182\"},\"is_variable\":false,\"type\":\"simple\",\"name\":\"Kit de 2 rodillos con sus 2 bandas de recambio para afilador el\u00e9ctrico Arcos\",\"category\":[\"Afiladores para cuchillos\",\"Recambios para productos Arcos\"],\"is_variation\":false};\n\t\t\t\t\twindow.pmw_product_position = window.pmw_product_position || 1;\n\t\twindow.pmwDataLayer.products[80182]['position'] = window.pmw_product_position++;\n\t\t\t\t<\/script>\n\t\t<\/div><\/div><\/li><\/ul>\n<\/div>\n","protected":false},"excerpt":{"rendered":"<p><strong>Banda de recambio\u00a0Arcos 71612<\/strong> de grano 80 (basto) para el <strong>afilador el\u00e9ctrico Arcos 610500<\/strong>.&hellip; <a class=\"kt-excerpt-readmore more-link\" href=\"https:\/\/www.cuchillalia.com\/en\/producto\/arcos-71612-recambio-banda-grano-80-basto-afilador-electrico\/\" aria-label=\"Recambio de banda de grano 80 (basto) para afilador el\u00e9ctrico Arcos\">Read More<\/a><\/p>\n","protected":false},"featured_media":21677,"comment_status":"open","ping_status":"closed","template":"","meta":[],"product_brand":[],"product_cat":[8328,8350],"product_tag":[],"class_list":{"0":"post-21680","1":"product","2":"type-product","3":"status-publish","4":"has-post-thumbnail","6":"product_cat-afiladores","7":"product_cat-recambios-arcos","9":"first","10":"instock","11":"taxable","12":"shipping-taxable","13":"purchasable","14":"product-type-simple"},"yoast_head":"<!-- This site is optimized with the Yoast SEO plugin v27.5 - https:\/\/yoast.com\/product\/yoast-seo-wordpress\/ -->\n<title>Banda recambio Arcos 71612 grano 80 (basto) afilador 610500 Cuchillalia<\/title>\n<meta name=\"description\" content=\"Banda de recambio, de grano 80 (basto) para sustituir la anterior en el afilador el\u00e9ctrico Arcos 610500. F\u00e1cil sustituci\u00f3n.\" \/>\n<meta name=\"robots\" content=\"index, follow, max-snippet:-1, max-image-preview:large, max-video-preview:-1\" \/>\n<link rel=\"canonical\" href=\"https:\/\/www.cuchillalia.com\/producto\/arcos-71612-recambio-banda-grano-80-basto-afilador-electrico\/\" \/>\n<meta property=\"og:locale\" content=\"en_US\" \/>\n<meta property=\"og:type\" content=\"article\" \/>\n<meta property=\"og:title\" content=\"Banda recambio Arcos 71612 grano 80 (basto) afilador 610500 Cuchillalia\" \/>\n<meta property=\"og:description\" content=\"Banda de recambio, de grano 80 (basto) para sustituir la anterior en el afilador el\u00e9ctrico Arcos 610500. F\u00e1cil sustituci\u00f3n.\" \/>\n<meta property=\"og:url\" content=\"https:\/\/www.cuchillalia.com\/producto\/arcos-71612-recambio-banda-grano-80-basto-afilador-electrico\/\" \/>\n<meta property=\"og:site_name\" content=\"Cuchillalia.com\" \/>\n<meta property=\"article:publisher\" content=\"http:\/\/www.facebook.com\/cuchillalia\" \/>\n<meta property=\"article:modified_time\" content=\"2026-04-22T11:16:26+00:00\" \/>\n<meta property=\"og:image\" content=\"https:\/\/www.cuchillalia.com\/wordpress\/wp-content\/uploads\/2017\/02\/cuchillalia-arcos-71612-banda-grano-80-grueso.jpg\" \/>\n\t<meta property=\"og:image:width\" content=\"800\" \/>\n\t<meta property=\"og:image:height\" content=\"800\" \/>\n\t<meta property=\"og:image:type\" content=\"image\/jpeg\" \/>\n<meta name=\"twitter:card\" content=\"summary_large_image\" \/>\n<meta name=\"twitter:site\" content=\"@Cuchillalia\" \/>\n<meta name=\"twitter:label1\" content=\"Est. reading time\" \/>\n\t<meta name=\"twitter:data1\" content=\"1 minute\" \/>\n<!-- \/ Yoast SEO plugin. -->","yoast_head_json":{"title":"Banda recambio Arcos 71612 grano 80 (basto) afilador 610500 Cuchillalia","description":"Banda de recambio, de grano 80 (basto) para sustituir la anterior en el afilador el\u00e9ctrico Arcos 610500. F\u00e1cil sustituci\u00f3n.","robots":{"index":"index","follow":"follow","max-snippet":"max-snippet:-1","max-image-preview":"max-image-preview:large","max-video-preview":"max-video-preview:-1"},"canonical":"https:\/\/www.cuchillalia.com\/producto\/arcos-71612-recambio-banda-grano-80-basto-afilador-electrico\/","og_locale":"en_US","og_type":"article","og_title":"Banda recambio Arcos 71612 grano 80 (basto) afilador 610500 Cuchillalia","og_description":"Banda de recambio, de grano 80 (basto) para sustituir la anterior en el afilador el\u00e9ctrico Arcos 610500. F\u00e1cil sustituci\u00f3n.","og_url":"https:\/\/www.cuchillalia.com\/producto\/arcos-71612-recambio-banda-grano-80-basto-afilador-electrico\/","og_site_name":"Cuchillalia.com","article_publisher":"http:\/\/www.facebook.com\/cuchillalia","article_modified_time":"2026-04-22T11:16:26+00:00","og_image":[{"width":800,"height":800,"url":"https:\/\/www.cuchillalia.com\/wordpress\/wp-content\/uploads\/2017\/02\/cuchillalia-arcos-71612-banda-grano-80-grueso.jpg","type":"image\/jpeg"}],"twitter_card":"summary_large_image","twitter_site":"@Cuchillalia","twitter_misc":{"Est. reading time":"1 minute"},"schema":{"@context":"https:\/\/schema.org","@graph":[{"@type":"WebPage","@id":"https:\/\/www.cuchillalia.com\/producto\/arcos-71612-recambio-banda-grano-80-basto-afilador-electrico\/","url":"https:\/\/www.cuchillalia.com\/producto\/arcos-71612-recambio-banda-grano-80-basto-afilador-electrico\/","name":"Banda recambio Arcos 71612 grano 80 (basto) afilador 610500 Cuchillalia","isPartOf":{"@id":"https:\/\/www.cuchillalia.com\/#website"},"primaryImageOfPage":{"@id":"https:\/\/www.cuchillalia.com\/producto\/arcos-71612-recambio-banda-grano-80-basto-afilador-electrico\/#primaryimage"},"image":{"@id":"https:\/\/www.cuchillalia.com\/producto\/arcos-71612-recambio-banda-grano-80-basto-afilador-electrico\/#primaryimage"},"thumbnailUrl":"https:\/\/www.cuchillalia.com\/wordpress\/wp-content\/uploads\/2017\/02\/cuchillalia-arcos-71612-banda-grano-80-grueso.jpg","datePublished":"2017-02-10T18:26:24+00:00","dateModified":"2026-04-22T11:16:26+00:00","description":"Banda de recambio, de grano 80 (basto) para sustituir la anterior en el afilador el\u00e9ctrico Arcos 610500. F\u00e1cil sustituci\u00f3n.","breadcrumb":{"@id":"https:\/\/www.cuchillalia.com\/producto\/arcos-71612-recambio-banda-grano-80-basto-afilador-electrico\/#breadcrumb"},"inLanguage":"en-US","potentialAction":[{"@type":"ReadAction","target":["https:\/\/www.cuchillalia.com\/producto\/arcos-71612-recambio-banda-grano-80-basto-afilador-electrico\/"]}]},{"@type":"ImageObject","inLanguage":"en-US","@id":"https:\/\/www.cuchillalia.com\/producto\/arcos-71612-recambio-banda-grano-80-basto-afilador-electrico\/#primaryimage","url":"https:\/\/www.cuchillalia.com\/wordpress\/wp-content\/uploads\/2017\/02\/cuchillalia-arcos-71612-banda-grano-80-grueso.jpg","contentUrl":"https:\/\/www.cuchillalia.com\/wordpress\/wp-content\/uploads\/2017\/02\/cuchillalia-arcos-71612-banda-grano-80-grueso.jpg","width":800,"height":800,"caption":"Banda de recambio Arcos 71612 de grano 80 (basto) para el afilador Arcos 610500"},{"@type":"BreadcrumbList","@id":"https:\/\/www.cuchillalia.com\/producto\/arcos-71612-recambio-banda-grano-80-basto-afilador-electrico\/#breadcrumb","itemListElement":[{"@type":"ListItem","position":1,"name":"Cuchillalia","item":"https:\/\/www.cuchillalia.com\/en\/"},{"@type":"ListItem","position":2,"name":"Tienda","item":"https:\/\/www.cuchillalia.com\/tienda\/"},{"@type":"ListItem","position":3,"name":"Marcas","item":"https:\/\/www.cuchillalia.com\/categoria\/marcas\/"},{"@type":"ListItem","position":4,"name":"Arcos","item":"https:\/\/www.cuchillalia.com\/categoria\/marcas\/arcos\/"},{"@type":"ListItem","position":5,"name":"Recambios para productos Arcos","item":"https:\/\/www.cuchillalia.com\/categoria\/marcas\/arcos\/recambios-arcos\/"},{"@type":"ListItem","position":6,"name":"Recambio de banda de grano 80 (basto) para afilador el\u00e9ctrico Arcos"}]},{"@type":"WebSite","@id":"https:\/\/www.cuchillalia.com\/#website","url":"https:\/\/www.cuchillalia.com\/","name":"Cuchillalia.com","description":"","publisher":{"@id":"https:\/\/www.cuchillalia.com\/#organization"},"potentialAction":[{"@type":"SearchAction","target":{"@type":"EntryPoint","urlTemplate":"https:\/\/www.cuchillalia.com\/?s={search_term_string}"},"query-input":{"@type":"PropertyValueSpecification","valueRequired":true,"valueName":"search_term_string"}}],"inLanguage":"en-US"},{"@type":"Organization","@id":"https:\/\/www.cuchillalia.com\/#organization","name":"Cuchillalia","url":"https:\/\/www.cuchillalia.com\/","logo":{"@type":"ImageObject","inLanguage":"en-US","@id":"https:\/\/www.cuchillalia.com\/#\/schema\/logo\/image\/","url":"https:\/\/www.cuchillalia.com\/wordpress\/wp-content\/uploads\/2021\/03\/logo-cuchillalia-jpg.jpg","contentUrl":"https:\/\/www.cuchillalia.com\/wordpress\/wp-content\/uploads\/2021\/03\/logo-cuchillalia-jpg.jpg","width":276,"height":192,"caption":"Cuchillalia"},"image":{"@id":"https:\/\/www.cuchillalia.com\/#\/schema\/logo\/image\/"},"sameAs":["http:\/\/www.facebook.com\/cuchillalia","https:\/\/x.com\/Cuchillalia"]}]}},"_links":{"self":[{"href":"https:\/\/www.cuchillalia.com\/en\/wp-json\/wp\/v2\/product\/21680","targetHints":{"allow":["GET"]}}],"collection":[{"href":"https:\/\/www.cuchillalia.com\/en\/wp-json\/wp\/v2\/product"}],"about":[{"href":"https:\/\/www.cuchillalia.com\/en\/wp-json\/wp\/v2\/types\/product"}],"replies":[{"embeddable":true,"href":"https:\/\/www.cuchillalia.com\/en\/wp-json\/wp\/v2\/comments?post=21680"}],"wp:featuredmedia":[{"embeddable":true,"href":"https:\/\/www.cuchillalia.com\/en\/wp-json\/wp\/v2\/media\/21677"}],"wp:attachment":[{"href":"https:\/\/www.cuchillalia.com\/en\/wp-json\/wp\/v2\/media?parent=21680"}],"wp:term":[{"taxonomy":"product_brand","embeddable":true,"href":"https:\/\/www.cuchillalia.com\/en\/wp-json\/wp\/v2\/product_brand?post=21680"},{"taxonomy":"product_cat","embeddable":true,"href":"https:\/\/www.cuchillalia.com\/en\/wp-json\/wp\/v2\/product_cat?post=21680"},{"taxonomy":"product_tag","embeddable":true,"href":"https:\/\/www.cuchillalia.com\/en\/wp-json\/wp\/v2\/product_tag?post=21680"}],"curies":[{"name":"wp","href":"https:\/\/api.w.org\/{rel}","templated":true}]}}