{"id":180347,"date":"2024-03-27T15:58:37","date_gmt":"2024-03-27T14:58:37","guid":{"rendered":"https:\/\/www.cuchillalia.com\/?post_type=product&#038;p=180347"},"modified":"2025-11-13T23:17:22","modified_gmt":"2025-11-13T22:17:22","slug":"marcador-bolas-golf-victorinox-golf-tool-a-7090","status":"publish","type":"product","link":"https:\/\/www.cuchillalia.com\/en\/producto\/marcador-bolas-golf-victorinox-golf-tool-a-7090\/","title":{"rendered":"Marcador de bolas de golf para la Victorinox Golf Tool A.7090"},"content":{"rendered":"<h2>Tabla de caracter\u00edsticas marcador de bolas de golf Victorinox<\/h2>\n<div class='tabla-caracteristicas'>\n<div class='fila'><span class='etiqueta'>Nombre comercial:<\/span><span class='valor'><strong>Marcador Golf Tool<\/strong><\/span><\/div>\n<div class='fila'><span class='etiqueta'>Fabricante:<\/span><span class='valor'>Victorinox<\/span><\/div>\n<div class='fila'><span class='etiqueta'>Referencia del fabricante:<\/span><span class='valor'>A.7090<\/span><\/div>\n<div class='fila'><span class='etiqueta'>Material:<\/span><span class='valor'>Acero Inoxidable<\/span><\/div>\n<div class='fila'><span class='etiqueta'>Peso del producto:<\/span><span class='valor'>3 g<\/span><\/div>\n<div class='fila'><span class='etiqueta'>Presentaci\u00f3n del producto:<\/span><span class='valor'>Suelto<\/span><\/div>\n<div class='fila'><span class='etiqueta'>\u00bfDonde se fabrica?:<\/span><span class='valor'>Suiza<\/span><\/div>\n<div class='fila'><span class='etiqueta'>\u00bfQu\u00e9 garant\u00eda tiene?:<\/span><span class='valor'>Garant\u00eda de por vida ante cualquier defecto de material o mano de obra. Los da\u00f1os causados por el uso y desgaste normal, o por el abuso o uso inadecuado no est\u00e1n cubiertos por esta garant\u00eda.<\/span><\/div>\n<div class='fila'><span class='etiqueta'>C\u00f3digo de barras (GTIN):<\/span><span class='valor'>7613329134245<\/span><\/div>\n<\/div>\n<h3>Recambio para las Victorinox Golf Tool<\/h3>\n<p>Este marcador es el original que Victorinox suministra en sus <a href='https:\/\/www.cuchillalia.com\/producto\/victorinox-golf-tool-rojo-transparente-multiusos-0-7052-t\/'><strong>multiusos para jugadores de golf<\/strong><\/a>:<\/p>\n<div class=\"woocommerce columns-4 \"><ul class=\"products kad_product_wrapper rowtight shopcolumn4 shopfullwidth init-isotope-intrinsic kt-show-rating  reinit-isotope\" data-nextselector=\".woocommerce-pagination a.next\" data-navselector=\".woocommerce-pagination\" data-itemselector=\".kad_product\" data-itemloadselector=\".kt_item_fade_in\" data-iso-selector=\".kad_product\" data-iso-style=\"fitRows\" data-iso-filter=\"true\">\n<li class=\"product type-product post-170033 status-publish first onbackorder product_cat-navajas product_cat-navajas-grandes has-post-thumbnail taxable shipping-taxable purchasable product-type-simple col-xxl-2 col-xl-25 col-md-3 col-sm-4 col-xs-6 col-ss-6 navajas navajas-grandes kad_product\">\n\t<div class=\"grid_item product_item clearfix kt_item_fade_in\"><a href=\"https:\/\/www.cuchillalia.com\/en\/producto\/victorinox-golf-tool-rojo-transparente-multiusos-0-7052-t\/\" class=\"product_item_link product_img_link\"><div class=\"kad-product-noflipper kt-product-hardcrop kt-product-intrinsic\" style=\"padding-bottom:100%;\"><div class=\"kt-product-animation-contain\"><img decoding=\"async\" src=\"https:\/\/www.cuchillalia.com\/wordpress\/wp-content\/uploads\/2023\/07\/victorinox-golf-tool-rojo-transparente-0-7052-t-300x300.jpg\" srcset=\"https:\/\/www.cuchillalia.com\/wordpress\/wp-content\/uploads\/2023\/07\/victorinox-golf-tool-rojo-transparente-0-7052-t-300x300.jpg 300w, https:\/\/www.cuchillalia.com\/wordpress\/wp-content\/uploads\/2023\/07\/victorinox-golf-tool-rojo-transparente-0-7052-t-1024x1024.jpg 1024w, https:\/\/www.cuchillalia.com\/wordpress\/wp-content\/uploads\/2023\/07\/victorinox-golf-tool-rojo-transparente-0-7052-t-150x150.jpg 150w, https:\/\/www.cuchillalia.com\/wordpress\/wp-content\/uploads\/2023\/07\/victorinox-golf-tool-rojo-transparente-0-7052-t-768x768.jpg 768w, https:\/\/www.cuchillalia.com\/wordpress\/wp-content\/uploads\/2023\/07\/victorinox-golf-tool-rojo-transparente-0-7052-t-1536x1536.jpg 1536w, https:\/\/www.cuchillalia.com\/wordpress\/wp-content\/uploads\/2023\/07\/victorinox-golf-tool-rojo-transparente-0-7052-t-200x200.jpg 200w, https:\/\/www.cuchillalia.com\/wordpress\/wp-content\/uploads\/2023\/07\/victorinox-golf-tool-rojo-transparente-0-7052-t-566x566.jpg 566w, https:\/\/www.cuchillalia.com\/wordpress\/wp-content\/uploads\/2023\/07\/victorinox-golf-tool-rojo-transparente-0-7052-t-100x100.jpg 100w, https:\/\/www.cuchillalia.com\/wordpress\/wp-content\/uploads\/2023\/07\/victorinox-golf-tool-rojo-transparente-0-7052-t-720x720.jpg 720w, https:\/\/www.cuchillalia.com\/wordpress\/wp-content\/uploads\/2023\/07\/victorinox-golf-tool-rojo-transparente-0-7052-t-360x360.jpg 360w, https:\/\/www.cuchillalia.com\/wordpress\/wp-content\/uploads\/2023\/07\/victorinox-golf-tool-rojo-transparente-0-7052-t-600x600.jpg 600w, https:\/\/www.cuchillalia.com\/wordpress\/wp-content\/uploads\/2023\/07\/victorinox-golf-tool-rojo-transparente-0-7052-t.jpg 1600w\" sizes=\"(max-width: 300px) 100vw, 300px\"  alt=\"\" width=\"300\" height=\"300\" class=\"attachment-shop_catalog wp-post-image size-300x300\"><\/div><\/div><\/a> \n\n\t<div class=\"details_product_item\"><div class=\"product_details\"><a href=\"https:\/\/www.cuchillalia.com\/en\/producto\/victorinox-golf-tool-rojo-transparente-multiusos-0-7052-t\/\" class=\"product_item_link\"><h3 class=\"product_archive_title\">Victorinox Golf Tool Rojo Transparente Multiusos con 10 funciones<\/h3><\/a><\/div>\t\t\n\t<a href=\"https:\/\/www.cuchillalia.com\/en\/producto\/victorinox-golf-tool-rojo-transparente-multiusos-0-7052-t\/\"><span class=\"kt-notrated\">not rated<\/span><\/a>\n\t<span class=\"price\"><span class=\"woocommerce-Price-amount amount\"><bdi>61,99<span class=\"woocommerce-Price-currencySymbol\">&euro;<\/span><\/bdi><\/span><\/span>\n<div class=\"clearfix\"><\/div><\/div>\n\t<div class=\"product_action_wrap\"><a href=\"\/en\/wp-json\/wp\/v2\/product\/180347?add-to-cart=170033\" aria-describedby=\"woocommerce_loop_add_to_cart_link_describedby_170033\" data-quantity=\"1\" class=\"button product_type_simple add_to_cart_button ajax_add_to_cart\" data-product_id=\"170033\" data-product_sku=\"VI_0.7052.T\" aria-label=\"Add to cart: &ldquo;Victorinox Golf Tool Rojo Transparente Multiusos con 10 funciones&rdquo;\" rel=\"nofollow\" data-success_message=\"&ldquo;Victorinox Golf Tool Rojo Transparente Multiusos con 10 funciones&rdquo; has been added to your cart\" role=\"button\">Add to cart<\/a>\t<span id=\"woocommerce_loop_add_to_cart_link_describedby_170033\" class=\"screen-reader-text\">\n\t\t\t<\/span>\n\t\t\t<input type=\"hidden\" class=\"pmwProductId\" data-id=\"170033\">\n\t\t\t\t\t<script>\n\t\t\t(window.pmwDataLayer = window.pmwDataLayer || {}).products                = window.pmwDataLayer.products || {};\n\t\t\twindow.pmwDataLayer.products[170033] = {\"id\":\"170033\",\"sku\":\"VI_0.7052.T\",\"price\":61.990000000000002,\"brand\":\"\",\"quantity\":1,\"dyn_r_ids\":{\"post_id\":\"170033\",\"sku\":\"VI_0.7052.T\",\"gpf\":\"woocommerce_gpf_170033\",\"gla\":\"gla_170033\"},\"is_variable\":false,\"type\":\"simple\",\"name\":\"Victorinox Golf Tool Rojo Transparente Multiusos con 10 funciones\",\"category\":[\"Navajas\",\"Navajas grandes de Victorinox\"],\"is_variation\":false};\n\t\t\t\t\twindow.pmw_product_position = window.pmw_product_position || 1;\n\t\twindow.pmwDataLayer.products[170033]['position'] = window.pmw_product_position++;\n\t\t\t\t<\/script>\n\t\t<\/div><\/div><\/li><li class=\"product type-product post-170020 status-publish onbackorder product_cat-navajas product_cat-navajas-grandes has-post-thumbnail taxable shipping-taxable purchasable product-type-simple col-xxl-2 col-xl-25 col-md-3 col-sm-4 col-xs-6 col-ss-6 navajas navajas-grandes kad_product\">\n\t<div class=\"grid_item product_item clearfix kt_item_fade_in\"><a href=\"https:\/\/www.cuchillalia.com\/en\/producto\/victorinox-golf-tool-negro-multiusos-0-7052-3\/\" class=\"product_item_link product_img_link\"><div class=\"kad-product-noflipper kt-product-hardcrop kt-product-intrinsic\" style=\"padding-bottom:100%;\"><div class=\"kt-product-animation-contain\"><img decoding=\"async\" src=\"https:\/\/www.cuchillalia.com\/wordpress\/wp-content\/uploads\/2023\/07\/victorinox-golf-tool-negro-0-7052-3-300x300.jpg\" srcset=\"https:\/\/www.cuchillalia.com\/wordpress\/wp-content\/uploads\/2023\/07\/victorinox-golf-tool-negro-0-7052-3-300x300.jpg 300w, https:\/\/www.cuchillalia.com\/wordpress\/wp-content\/uploads\/2023\/07\/victorinox-golf-tool-negro-0-7052-3-1024x1024.jpg 1024w, https:\/\/www.cuchillalia.com\/wordpress\/wp-content\/uploads\/2023\/07\/victorinox-golf-tool-negro-0-7052-3-150x150.jpg 150w, https:\/\/www.cuchillalia.com\/wordpress\/wp-content\/uploads\/2023\/07\/victorinox-golf-tool-negro-0-7052-3-768x768.jpg 768w, https:\/\/www.cuchillalia.com\/wordpress\/wp-content\/uploads\/2023\/07\/victorinox-golf-tool-negro-0-7052-3-1536x1536.jpg 1536w, https:\/\/www.cuchillalia.com\/wordpress\/wp-content\/uploads\/2023\/07\/victorinox-golf-tool-negro-0-7052-3-200x200.jpg 200w, https:\/\/www.cuchillalia.com\/wordpress\/wp-content\/uploads\/2023\/07\/victorinox-golf-tool-negro-0-7052-3-566x566.jpg 566w, https:\/\/www.cuchillalia.com\/wordpress\/wp-content\/uploads\/2023\/07\/victorinox-golf-tool-negro-0-7052-3-100x100.jpg 100w, https:\/\/www.cuchillalia.com\/wordpress\/wp-content\/uploads\/2023\/07\/victorinox-golf-tool-negro-0-7052-3-720x720.jpg 720w, https:\/\/www.cuchillalia.com\/wordpress\/wp-content\/uploads\/2023\/07\/victorinox-golf-tool-negro-0-7052-3-360x360.jpg 360w, https:\/\/www.cuchillalia.com\/wordpress\/wp-content\/uploads\/2023\/07\/victorinox-golf-tool-negro-0-7052-3-600x600.jpg 600w, https:\/\/www.cuchillalia.com\/wordpress\/wp-content\/uploads\/2023\/07\/victorinox-golf-tool-negro-0-7052-3.jpg 1600w\" sizes=\"(max-width: 300px) 100vw, 300px\"  alt=\"\" width=\"300\" height=\"300\" class=\"attachment-shop_catalog wp-post-image size-300x300\"><\/div><\/div><\/a> \n\n\t<div class=\"details_product_item\"><div class=\"product_details\"><a href=\"https:\/\/www.cuchillalia.com\/en\/producto\/victorinox-golf-tool-negro-multiusos-0-7052-3\/\" class=\"product_item_link\"><h3 class=\"product_archive_title\">Victorinox Golf Tool Negro Multiusos con 10 funciones<\/h3><\/a><\/div>\t\t\n\t<a href=\"https:\/\/www.cuchillalia.com\/en\/producto\/victorinox-golf-tool-negro-multiusos-0-7052-3\/\"><span class=\"kt-notrated\">not rated<\/span><\/a>\n\t<span class=\"price\"><span class=\"woocommerce-Price-amount amount\"><bdi>61,99<span class=\"woocommerce-Price-currencySymbol\">&euro;<\/span><\/bdi><\/span><\/span>\n<div class=\"clearfix\"><\/div><\/div>\n\t<div class=\"product_action_wrap\"><a href=\"\/en\/wp-json\/wp\/v2\/product\/180347?add-to-cart=170020\" aria-describedby=\"woocommerce_loop_add_to_cart_link_describedby_170020\" data-quantity=\"1\" class=\"button product_type_simple add_to_cart_button ajax_add_to_cart\" data-product_id=\"170020\" data-product_sku=\"VI_0.7052.3\" aria-label=\"Add to cart: &ldquo;Victorinox Golf Tool Negro Multiusos con 10 funciones&rdquo;\" rel=\"nofollow\" data-success_message=\"&ldquo;Victorinox Golf Tool Negro Multiusos con 10 funciones&rdquo; has been added to your cart\" role=\"button\">Add to cart<\/a>\t<span id=\"woocommerce_loop_add_to_cart_link_describedby_170020\" class=\"screen-reader-text\">\n\t\t\t<\/span>\n\t\t\t<input type=\"hidden\" class=\"pmwProductId\" data-id=\"170020\">\n\t\t\t\t\t<script>\n\t\t\t(window.pmwDataLayer = window.pmwDataLayer || {}).products                = window.pmwDataLayer.products || {};\n\t\t\twindow.pmwDataLayer.products[170020] = {\"id\":\"170020\",\"sku\":\"VI_0.7052.3\",\"price\":61.990000000000002,\"brand\":\"\",\"quantity\":1,\"dyn_r_ids\":{\"post_id\":\"170020\",\"sku\":\"VI_0.7052.3\",\"gpf\":\"woocommerce_gpf_170020\",\"gla\":\"gla_170020\"},\"is_variable\":false,\"type\":\"simple\",\"name\":\"Victorinox Golf Tool Negro Multiusos con 10 funciones\",\"category\":[\"Navajas\",\"Navajas grandes de Victorinox\"],\"is_variation\":false};\n\t\t\t\t\twindow.pmw_product_position = window.pmw_product_position || 1;\n\t\twindow.pmwDataLayer.products[170020]['position'] = window.pmw_product_position++;\n\t\t\t\t<\/script>\n\t\t<\/div><\/div><\/li><li class=\"product type-product post-170034 status-publish onbackorder product_cat-navajas product_cat-navajas-grandes has-post-thumbnail taxable shipping-taxable purchasable product-type-simple col-xxl-2 col-xl-25 col-md-3 col-sm-4 col-xs-6 col-ss-6 navajas navajas-grandes kad_product\">\n\t<div class=\"grid_item product_item clearfix kt_item_fade_in\"><a href=\"https:\/\/www.cuchillalia.com\/en\/producto\/victorinox-golf-tool-azul-transparente-multiusos-0-7052-t2\/\" class=\"product_item_link product_img_link\"><div class=\"kad-product-noflipper kt-product-hardcrop kt-product-intrinsic\" style=\"padding-bottom:100%;\"><div class=\"kt-product-animation-contain\"><img decoding=\"async\" src=\"https:\/\/www.cuchillalia.com\/wordpress\/wp-content\/uploads\/2023\/07\/victorinox-golf-tool-azul-transparente-0-7052-t2-300x300.jpg\" srcset=\"https:\/\/www.cuchillalia.com\/wordpress\/wp-content\/uploads\/2023\/07\/victorinox-golf-tool-azul-transparente-0-7052-t2-300x300.jpg 300w, https:\/\/www.cuchillalia.com\/wordpress\/wp-content\/uploads\/2023\/07\/victorinox-golf-tool-azul-transparente-0-7052-t2-1024x1024.jpg 1024w, https:\/\/www.cuchillalia.com\/wordpress\/wp-content\/uploads\/2023\/07\/victorinox-golf-tool-azul-transparente-0-7052-t2-150x150.jpg 150w, https:\/\/www.cuchillalia.com\/wordpress\/wp-content\/uploads\/2023\/07\/victorinox-golf-tool-azul-transparente-0-7052-t2-768x768.jpg 768w, https:\/\/www.cuchillalia.com\/wordpress\/wp-content\/uploads\/2023\/07\/victorinox-golf-tool-azul-transparente-0-7052-t2-1536x1536.jpg 1536w, https:\/\/www.cuchillalia.com\/wordpress\/wp-content\/uploads\/2023\/07\/victorinox-golf-tool-azul-transparente-0-7052-t2-200x200.jpg 200w, https:\/\/www.cuchillalia.com\/wordpress\/wp-content\/uploads\/2023\/07\/victorinox-golf-tool-azul-transparente-0-7052-t2-566x566.jpg 566w, https:\/\/www.cuchillalia.com\/wordpress\/wp-content\/uploads\/2023\/07\/victorinox-golf-tool-azul-transparente-0-7052-t2-100x100.jpg 100w, https:\/\/www.cuchillalia.com\/wordpress\/wp-content\/uploads\/2023\/07\/victorinox-golf-tool-azul-transparente-0-7052-t2-720x720.jpg 720w, https:\/\/www.cuchillalia.com\/wordpress\/wp-content\/uploads\/2023\/07\/victorinox-golf-tool-azul-transparente-0-7052-t2-360x360.jpg 360w, https:\/\/www.cuchillalia.com\/wordpress\/wp-content\/uploads\/2023\/07\/victorinox-golf-tool-azul-transparente-0-7052-t2-600x600.jpg 600w, https:\/\/www.cuchillalia.com\/wordpress\/wp-content\/uploads\/2023\/07\/victorinox-golf-tool-azul-transparente-0-7052-t2.jpg 1600w\" sizes=\"(max-width: 300px) 100vw, 300px\"  alt=\"\" width=\"300\" height=\"300\" class=\"attachment-shop_catalog wp-post-image size-300x300\"><\/div><\/div><\/a> \n\n\t<div class=\"details_product_item\"><div class=\"product_details\"><a href=\"https:\/\/www.cuchillalia.com\/en\/producto\/victorinox-golf-tool-azul-transparente-multiusos-0-7052-t2\/\" class=\"product_item_link\"><h3 class=\"product_archive_title\">Victorinox Golf Tool Azul Transparente Multiusos con 10 funciones<\/h3><\/a><\/div>\t\t\n\t<a href=\"https:\/\/www.cuchillalia.com\/en\/producto\/victorinox-golf-tool-azul-transparente-multiusos-0-7052-t2\/\"><span class=\"kt-notrated\">not rated<\/span><\/a>\n\t<span class=\"price\"><span class=\"woocommerce-Price-amount amount\"><bdi>61,99<span class=\"woocommerce-Price-currencySymbol\">&euro;<\/span><\/bdi><\/span><\/span>\n<div class=\"clearfix\"><\/div><\/div>\n\t<div class=\"product_action_wrap\"><a href=\"\/en\/wp-json\/wp\/v2\/product\/180347?add-to-cart=170034\" aria-describedby=\"woocommerce_loop_add_to_cart_link_describedby_170034\" data-quantity=\"1\" class=\"button product_type_simple add_to_cart_button ajax_add_to_cart\" data-product_id=\"170034\" data-product_sku=\"VI_0.7052.T2\" aria-label=\"Add to cart: &ldquo;Victorinox Golf Tool Azul Transparente Multiusos con 10 funciones&rdquo;\" rel=\"nofollow\" data-success_message=\"&ldquo;Victorinox Golf Tool Azul Transparente Multiusos con 10 funciones&rdquo; has been added to your cart\" role=\"button\">Add to cart<\/a>\t<span id=\"woocommerce_loop_add_to_cart_link_describedby_170034\" class=\"screen-reader-text\">\n\t\t\t<\/span>\n\t\t\t<input type=\"hidden\" class=\"pmwProductId\" data-id=\"170034\">\n\t\t\t\t\t<script>\n\t\t\t(window.pmwDataLayer = window.pmwDataLayer || {}).products                = window.pmwDataLayer.products || {};\n\t\t\twindow.pmwDataLayer.products[170034] = {\"id\":\"170034\",\"sku\":\"VI_0.7052.T2\",\"price\":61.990000000000002,\"brand\":\"\",\"quantity\":1,\"dyn_r_ids\":{\"post_id\":\"170034\",\"sku\":\"VI_0.7052.T2\",\"gpf\":\"woocommerce_gpf_170034\",\"gla\":\"gla_170034\"},\"is_variable\":false,\"type\":\"simple\",\"name\":\"Victorinox Golf Tool Azul Transparente Multiusos con 10 funciones\",\"category\":[\"Navajas\",\"Navajas grandes de Victorinox\"],\"is_variation\":false};\n\t\t\t\t\twindow.pmw_product_position = window.pmw_product_position || 1;\n\t\twindow.pmwDataLayer.products[170034]['position'] = window.pmw_product_position++;\n\t\t\t\t<\/script>\n\t\t<\/div><\/div><\/li><\/ul>\n<\/div>\n","protected":false},"excerpt":{"rendered":"<p><strong>Marcador de pelotas de golf<\/strong> de recambio para las multiusos <strong><a href=\"https:\/\/www.cuchillalia.com\/producto\/victorinox-golf-tool-rojo-transparente-multiusos-0-7052-t\/\">Victorinox Golf Tool<\/a><\/strong>.&hellip; <a class=\"kt-excerpt-readmore more-link\" href=\"https:\/\/www.cuchillalia.com\/en\/producto\/marcador-bolas-golf-victorinox-golf-tool-a-7090\/\" aria-label=\"Marcador de bolas de golf para la Victorinox Golf Tool A.7090\">Read More<\/a><\/p>\n","protected":false},"featured_media":170023,"comment_status":"open","ping_status":"closed","template":"","meta":[],"product_brand":[],"product_cat":[16428],"product_tag":[],"class_list":{"0":"post-180347","1":"product","2":"type-product","3":"status-publish","4":"has-post-thumbnail","6":"product_cat-recambios-victorinox","8":"first","9":"instock","10":"taxable","11":"shipping-taxable","12":"purchasable","13":"product-type-simple"},"yoast_head":"<!-- This site is optimized with the Yoast SEO plugin v27.5 - https:\/\/yoast.com\/product\/yoast-seo-wordpress\/ -->\n<title>Marcador de bolas de golf para la Victorinox Golf Tool A.7090 - Cuchillalia.com<\/title>\n<meta name=\"robots\" content=\"index, follow, max-snippet:-1, max-image-preview:large, max-video-preview:-1\" \/>\n<link rel=\"canonical\" href=\"https:\/\/www.cuchillalia.com\/producto\/marcador-bolas-golf-victorinox-golf-tool-a-7090\/\" \/>\n<meta property=\"og:locale\" content=\"en_US\" \/>\n<meta property=\"og:type\" content=\"article\" \/>\n<meta property=\"og:title\" content=\"Marcador de bolas de golf para la Victorinox Golf Tool A.7090 - Cuchillalia.com\" \/>\n<meta property=\"og:description\" content=\"Marcador de pelotas de golf de recambio para las multiusos Victorinox Golf Tool.&hellip; Read More\" \/>\n<meta property=\"og:url\" content=\"https:\/\/www.cuchillalia.com\/producto\/marcador-bolas-golf-victorinox-golf-tool-a-7090\/\" \/>\n<meta property=\"og:site_name\" content=\"Cuchillalia.com\" \/>\n<meta property=\"article:publisher\" content=\"http:\/\/www.facebook.com\/cuchillalia\" \/>\n<meta property=\"article:modified_time\" content=\"2025-11-13T22:17:22+00:00\" \/>\n<meta property=\"og:image\" content=\"https:\/\/www.cuchillalia.com\/wordpress\/wp-content\/uploads\/2023\/07\/marcador-pelota-golf-victorinox-a-7090.jpg\" \/>\n\t<meta property=\"og:image:width\" content=\"1600\" \/>\n\t<meta property=\"og:image:height\" content=\"1600\" \/>\n\t<meta property=\"og:image:type\" content=\"image\/jpeg\" \/>\n<meta name=\"twitter:card\" content=\"summary_large_image\" \/>\n<meta name=\"twitter:site\" content=\"@Cuchillalia\" \/>\n<meta name=\"twitter:label1\" content=\"Est. reading time\" \/>\n\t<meta name=\"twitter:data1\" content=\"1 minute\" \/>\n<!-- \/ Yoast SEO plugin. -->","yoast_head_json":{"title":"Marcador de bolas de golf para la Victorinox Golf Tool A.7090 - Cuchillalia.com","robots":{"index":"index","follow":"follow","max-snippet":"max-snippet:-1","max-image-preview":"max-image-preview:large","max-video-preview":"max-video-preview:-1"},"canonical":"https:\/\/www.cuchillalia.com\/producto\/marcador-bolas-golf-victorinox-golf-tool-a-7090\/","og_locale":"en_US","og_type":"article","og_title":"Marcador de bolas de golf para la Victorinox Golf Tool A.7090 - Cuchillalia.com","og_description":"Marcador de pelotas de golf de recambio para las multiusos Victorinox Golf Tool.&hellip; Read More","og_url":"https:\/\/www.cuchillalia.com\/producto\/marcador-bolas-golf-victorinox-golf-tool-a-7090\/","og_site_name":"Cuchillalia.com","article_publisher":"http:\/\/www.facebook.com\/cuchillalia","article_modified_time":"2025-11-13T22:17:22+00:00","og_image":[{"width":1600,"height":1600,"url":"https:\/\/www.cuchillalia.com\/wordpress\/wp-content\/uploads\/2023\/07\/marcador-pelota-golf-victorinox-a-7090.jpg","type":"image\/jpeg"}],"twitter_card":"summary_large_image","twitter_site":"@Cuchillalia","twitter_misc":{"Est. reading time":"1 minute"},"schema":{"@context":"https:\/\/schema.org","@graph":[{"@type":"WebPage","@id":"https:\/\/www.cuchillalia.com\/producto\/marcador-bolas-golf-victorinox-golf-tool-a-7090\/","url":"https:\/\/www.cuchillalia.com\/producto\/marcador-bolas-golf-victorinox-golf-tool-a-7090\/","name":"Marcador de bolas de golf para la Victorinox Golf Tool A.7090 - Cuchillalia.com","isPartOf":{"@id":"https:\/\/www.cuchillalia.com\/#website"},"primaryImageOfPage":{"@id":"https:\/\/www.cuchillalia.com\/producto\/marcador-bolas-golf-victorinox-golf-tool-a-7090\/#primaryimage"},"image":{"@id":"https:\/\/www.cuchillalia.com\/producto\/marcador-bolas-golf-victorinox-golf-tool-a-7090\/#primaryimage"},"thumbnailUrl":"https:\/\/www.cuchillalia.com\/wordpress\/wp-content\/uploads\/2023\/07\/marcador-pelota-golf-victorinox-a-7090.jpg","datePublished":"2024-03-27T14:58:37+00:00","dateModified":"2025-11-13T22:17:22+00:00","breadcrumb":{"@id":"https:\/\/www.cuchillalia.com\/producto\/marcador-bolas-golf-victorinox-golf-tool-a-7090\/#breadcrumb"},"inLanguage":"en-US","potentialAction":[{"@type":"ReadAction","target":["https:\/\/www.cuchillalia.com\/producto\/marcador-bolas-golf-victorinox-golf-tool-a-7090\/"]}]},{"@type":"ImageObject","inLanguage":"en-US","@id":"https:\/\/www.cuchillalia.com\/producto\/marcador-bolas-golf-victorinox-golf-tool-a-7090\/#primaryimage","url":"https:\/\/www.cuchillalia.com\/wordpress\/wp-content\/uploads\/2023\/07\/marcador-pelota-golf-victorinox-a-7090.jpg","contentUrl":"https:\/\/www.cuchillalia.com\/wordpress\/wp-content\/uploads\/2023\/07\/marcador-pelota-golf-victorinox-a-7090.jpg","width":1600,"height":1600,"caption":"Marcador de pelotas de golf de recambio para la Victorinox Golf Tool - Cuchillalia.com"},{"@type":"BreadcrumbList","@id":"https:\/\/www.cuchillalia.com\/producto\/marcador-bolas-golf-victorinox-golf-tool-a-7090\/#breadcrumb","itemListElement":[{"@type":"ListItem","position":1,"name":"Cuchillalia","item":"https:\/\/www.cuchillalia.com\/en\/"},{"@type":"ListItem","position":2,"name":"Tienda","item":"https:\/\/www.cuchillalia.com\/tienda\/"},{"@type":"ListItem","position":3,"name":"Marcas","item":"https:\/\/www.cuchillalia.com\/categoria\/marcas\/"},{"@type":"ListItem","position":4,"name":"Navajas Victorinox","item":"https:\/\/www.cuchillalia.com\/categoria\/marcas\/victorinox\/"},{"@type":"ListItem","position":5,"name":"Recambios Victorinox","item":"https:\/\/www.cuchillalia.com\/categoria\/marcas\/victorinox\/recambios-victorinox\/"},{"@type":"ListItem","position":6,"name":"Marcador de bolas de golf para la Victorinox Golf Tool A.7090"}]},{"@type":"WebSite","@id":"https:\/\/www.cuchillalia.com\/#website","url":"https:\/\/www.cuchillalia.com\/","name":"Cuchillalia.com","description":"","publisher":{"@id":"https:\/\/www.cuchillalia.com\/#organization"},"potentialAction":[{"@type":"SearchAction","target":{"@type":"EntryPoint","urlTemplate":"https:\/\/www.cuchillalia.com\/?s={search_term_string}"},"query-input":{"@type":"PropertyValueSpecification","valueRequired":true,"valueName":"search_term_string"}}],"inLanguage":"en-US"},{"@type":"Organization","@id":"https:\/\/www.cuchillalia.com\/#organization","name":"Cuchillalia","url":"https:\/\/www.cuchillalia.com\/","logo":{"@type":"ImageObject","inLanguage":"en-US","@id":"https:\/\/www.cuchillalia.com\/#\/schema\/logo\/image\/","url":"https:\/\/www.cuchillalia.com\/wordpress\/wp-content\/uploads\/2021\/03\/logo-cuchillalia-jpg.jpg","contentUrl":"https:\/\/www.cuchillalia.com\/wordpress\/wp-content\/uploads\/2021\/03\/logo-cuchillalia-jpg.jpg","width":276,"height":192,"caption":"Cuchillalia"},"image":{"@id":"https:\/\/www.cuchillalia.com\/#\/schema\/logo\/image\/"},"sameAs":["http:\/\/www.facebook.com\/cuchillalia","https:\/\/x.com\/Cuchillalia"]}]}},"_links":{"self":[{"href":"https:\/\/www.cuchillalia.com\/en\/wp-json\/wp\/v2\/product\/180347","targetHints":{"allow":["GET"]}}],"collection":[{"href":"https:\/\/www.cuchillalia.com\/en\/wp-json\/wp\/v2\/product"}],"about":[{"href":"https:\/\/www.cuchillalia.com\/en\/wp-json\/wp\/v2\/types\/product"}],"replies":[{"embeddable":true,"href":"https:\/\/www.cuchillalia.com\/en\/wp-json\/wp\/v2\/comments?post=180347"}],"wp:featuredmedia":[{"embeddable":true,"href":"https:\/\/www.cuchillalia.com\/en\/wp-json\/wp\/v2\/media\/170023"}],"wp:attachment":[{"href":"https:\/\/www.cuchillalia.com\/en\/wp-json\/wp\/v2\/media?parent=180347"}],"wp:term":[{"taxonomy":"product_brand","embeddable":true,"href":"https:\/\/www.cuchillalia.com\/en\/wp-json\/wp\/v2\/product_brand?post=180347"},{"taxonomy":"product_cat","embeddable":true,"href":"https:\/\/www.cuchillalia.com\/en\/wp-json\/wp\/v2\/product_cat?post=180347"},{"taxonomy":"product_tag","embeddable":true,"href":"https:\/\/www.cuchillalia.com\/en\/wp-json\/wp\/v2\/product_tag?post=180347"}],"curies":[{"name":"wp","href":"https:\/\/api.w.org\/{rel}","templated":true}]}}