{"id":1794,"date":"2015-02-02T00:00:00","date_gmt":"2015-02-01T23:00:00","guid":{"rendered":"http:\/\/www.cuchillalia.com\/tienda\/tijera-vendimia-y-poda-18cm-3-claveles\/"},"modified":"2026-01-01T22:36:20","modified_gmt":"2026-01-01T21:36:20","slug":"tijeras-vendimiar-poda-pequenas-18-cm-3-claveles-303","status":"publish","type":"product","link":"https:\/\/www.cuchillalia.com\/en\/producto\/tijeras-vendimiar-poda-pequenas-18-cm-3-claveles-303\/","title":{"rendered":"Tijeras de vendimiar y poda peque\u00f1as de 18 cm &#8211; 3 Claveles 303"},"content":{"rendered":"<h3>V\u00eddeo del unboxing de la tijera de podar y vendimia 303 de 3 Claveles<\/h3>\n<p style='text-align: center;'><div class=\"kad-youtube-shortcode videofit\"  ><iframe loading=\"lazy\" width=\"600\" height=\"400\" src=\"https:\/\/www.youtube.com\/embed\/rTB4SG5ufhc?autoplay=0&controls=1&fs=1&modestbranding=0&theme=dark&rel=0&loop=0\" frameborder=\"0\" allowfullscreen=\"true\"><\/iframe><\/div>\n<h2>Tabla de caracter\u00edsticas tijera de poda y vendimia peque\u00f1as 3 Claveles 303<\/h2>\n<div class='tabla-caracteristicas'>\n<div class='fila'><span class='etiqueta'>Nombre comercial:<\/span><span class='valor'><strong>Tijeras de vendimia y poda 18 cm<\/strong><\/span><\/div>\n<div class='fila'><span class='etiqueta'>Fabricante:<\/span><span class='valor'>3 Claveles<\/span><\/div>\n<div class='fila'><span class='etiqueta'>Referencia del fabricante:<\/span><span class='valor'>303<\/span><\/div>\n<div class='fila'><span class='etiqueta'>Dureza:<\/span><span class='valor'>HRc 60 Rockwell<\/span><\/div>\n<div class='fila'><span class='etiqueta'>Tipo de mango:<\/span><span class='valor'>Esmaltados<\/span><\/div>\n<div class='fila'><span class='etiqueta'>Medidas:<\/span><span class='valor'>18 cm &#8211; 7&#8242;<\/span><\/div>\n<div class='fila'><span class='etiqueta'>Material:<\/span><span class='valor'>Acero al carbono<\/span><\/div>\n<div class='fila'><span class='etiqueta'>\u00bfEs apto para zurdos?:<\/span><span class='valor'>Solo para diestros<\/span><\/div>\n<div class='fila'><span class='etiqueta'>Peso del producto:<\/span><span class='valor'>195 g<\/span><\/div>\n<div class='fila'><span class='etiqueta'>Producci\u00f3n:<\/span><span class='valor'>Forjadas en caliente<\/span><\/div>\n<div class='fila'><span class='etiqueta'>Presentaci\u00f3n del producto:<\/span><span class='valor'>Blister de pl\u00e1stico<\/span><\/div>\n<div class='fila'><span class='etiqueta'>\u00bfDonde se fabrica?:<\/span><span class='valor'>Espa\u00f1a<\/span><\/div>\n<div class='fila'><span class='etiqueta'>C\u00f3digo de barras (GTIN):<\/span><span class='valor'>8410990003035<\/span><\/div>\n<\/div>\n<h3>Muelle de recambio para las tijeras de poda 3 Claveles de 18 cm<\/h3>\n<p>En <strong>Cuchillalia.com<\/strong> siempre tratamos de ayudarte, en la medida de lo posible, a alargar la vida util de nuestros productos. Si el fabricante ofrece recambios, trataremos de tenerlos aqu\u00ed.<\/p>\n<p>A\u00f1ade el muelle al carrito y alarga su vida util:<\/p>\n<div class=\"woocommerce columns-4 \"><ul class=\"products kad_product_wrapper rowtight shopcolumn4 shopfullwidth init-isotope-intrinsic kt-show-rating  reinit-isotope\" data-nextselector=\".woocommerce-pagination a.next\" data-navselector=\".woocommerce-pagination\" data-itemselector=\".kad_product\" data-itemloadselector=\".kt_item_fade_in\" data-iso-selector=\".kad_product\" data-iso-style=\"fitRows\" data-iso-filter=\"true\">\n<li class=\"product type-product post-228675 status-publish first instock product_cat-muelles-tijeras product_cat-recambios-3-claveles has-post-thumbnail taxable shipping-taxable purchasable product-type-simple col-xxl-2 col-xl-25 col-md-3 col-sm-4 col-xs-6 col-ss-6 muelles-tijeras recambios-3-claveles kad_product\">\n\t<div class=\"grid_item product_item clearfix kt_item_fade_in\"><a href=\"https:\/\/www.cuchillalia.com\/en\/producto\/muelle-recambio-tijeras-poda-3-claveles-9634\/\" class=\"product_item_link product_img_link\"><div class=\"kad-product-noflipper kt-product-hardcrop kt-product-intrinsic\" style=\"padding-bottom:100%;\"><div class=\"kt-product-animation-contain\"><img decoding=\"async\" src=\"https:\/\/www.cuchillalia.com\/wordpress\/wp-content\/uploads\/2024\/07\/muelle-recambio-tijeras-poda-3-claveles-09634-300x300.jpg\" srcset=\"https:\/\/www.cuchillalia.com\/wordpress\/wp-content\/uploads\/2024\/07\/muelle-recambio-tijeras-poda-3-claveles-09634-300x300.jpg 300w, https:\/\/www.cuchillalia.com\/wordpress\/wp-content\/uploads\/2024\/07\/muelle-recambio-tijeras-poda-3-claveles-09634-1024x1024.jpg 1024w, https:\/\/www.cuchillalia.com\/wordpress\/wp-content\/uploads\/2024\/07\/muelle-recambio-tijeras-poda-3-claveles-09634-150x150.jpg 150w, https:\/\/www.cuchillalia.com\/wordpress\/wp-content\/uploads\/2024\/07\/muelle-recambio-tijeras-poda-3-claveles-09634-768x768.jpg 768w, https:\/\/www.cuchillalia.com\/wordpress\/wp-content\/uploads\/2024\/07\/muelle-recambio-tijeras-poda-3-claveles-09634-1536x1536.jpg 1536w, https:\/\/www.cuchillalia.com\/wordpress\/wp-content\/uploads\/2024\/07\/muelle-recambio-tijeras-poda-3-claveles-09634-200x200.jpg 200w, https:\/\/www.cuchillalia.com\/wordpress\/wp-content\/uploads\/2024\/07\/muelle-recambio-tijeras-poda-3-claveles-09634-566x566.jpg 566w, https:\/\/www.cuchillalia.com\/wordpress\/wp-content\/uploads\/2024\/07\/muelle-recambio-tijeras-poda-3-claveles-09634-100x100.jpg 100w, https:\/\/www.cuchillalia.com\/wordpress\/wp-content\/uploads\/2024\/07\/muelle-recambio-tijeras-poda-3-claveles-09634-720x720.jpg 720w, https:\/\/www.cuchillalia.com\/wordpress\/wp-content\/uploads\/2024\/07\/muelle-recambio-tijeras-poda-3-claveles-09634-360x360.jpg 360w, https:\/\/www.cuchillalia.com\/wordpress\/wp-content\/uploads\/2024\/07\/muelle-recambio-tijeras-poda-3-claveles-09634-600x600.jpg 600w, https:\/\/www.cuchillalia.com\/wordpress\/wp-content\/uploads\/2024\/07\/muelle-recambio-tijeras-poda-3-claveles-09634-800x800.jpg 800w, https:\/\/www.cuchillalia.com\/wordpress\/wp-content\/uploads\/2024\/07\/muelle-recambio-tijeras-poda-3-claveles-09634-400x400.jpg 400w, https:\/\/www.cuchillalia.com\/wordpress\/wp-content\/uploads\/2024\/07\/muelle-recambio-tijeras-poda-3-claveles-09634.jpg 1600w\" sizes=\"(max-width: 300px) 100vw, 300px\"  alt=\"Muelle de recambio para las tijeras de poda 303 y 304 de 3 Claveles - Cuchillalia.com\" width=\"300\" height=\"300\" class=\"attachment-shop_catalog wp-post-image size-300x300\"><\/div><\/div><\/a> \n\n\t<div class=\"details_product_item\"><div class=\"product_details\"><a href=\"https:\/\/www.cuchillalia.com\/en\/producto\/muelle-recambio-tijeras-poda-3-claveles-9634\/\" class=\"product_item_link\"><h3 class=\"product_archive_title\">Muelle de recambio para tijeras poda de 3 Claveles 9634<\/h3><\/a><\/div>\t\t\n\t<a href=\"https:\/\/www.cuchillalia.com\/en\/producto\/muelle-recambio-tijeras-poda-3-claveles-9634\/\"><span class=\"kt-notrated\">not rated<\/span><\/a>\n\t<span class=\"price\"><span class=\"woocommerce-Price-amount amount\"><bdi>2,99<span class=\"woocommerce-Price-currencySymbol\">&euro;<\/span><\/bdi><\/span><\/span>\n<div class=\"clearfix\"><\/div><\/div>\n\t<div class=\"product_action_wrap\"><a href=\"\/en\/wp-json\/wp\/v2\/product\/1794?add-to-cart=228675\" aria-describedby=\"woocommerce_loop_add_to_cart_link_describedby_228675\" data-quantity=\"1\" class=\"button product_type_simple add_to_cart_button ajax_add_to_cart\" data-product_id=\"228675\" data-product_sku=\"3C_09634\" aria-label=\"Add to cart: &ldquo;Muelle de recambio para tijeras poda de 3 Claveles 9634&rdquo;\" rel=\"nofollow\" data-success_message=\"&ldquo;Muelle de recambio para tijeras poda de 3 Claveles 9634&rdquo; has been added to your cart\" role=\"button\">Add to cart<\/a>\t<span id=\"woocommerce_loop_add_to_cart_link_describedby_228675\" class=\"screen-reader-text\">\n\t\t\t<\/span>\n\t\t\t<input type=\"hidden\" class=\"pmwProductId\" data-id=\"228675\">\n\t\t\t\t\t<script>\n\t\t\t(window.pmwDataLayer = window.pmwDataLayer || {}).products                = window.pmwDataLayer.products || {};\n\t\t\twindow.pmwDataLayer.products[228675] = {\"id\":\"228675\",\"sku\":\"3C_09634\",\"price\":2.9900000000000002,\"brand\":\"\",\"quantity\":1,\"dyn_r_ids\":{\"post_id\":\"228675\",\"sku\":\"3C_09634\",\"gpf\":\"woocommerce_gpf_228675\",\"gla\":\"gla_228675\"},\"is_variable\":false,\"type\":\"simple\",\"name\":\"Muelle de recambio para tijeras poda de 3 Claveles 9634\",\"category\":[\"Muelles para tijeras\",\"Recambios para productos 3 Claveles\"],\"is_variation\":false};\n\t\t\t\t\twindow.pmw_product_position = window.pmw_product_position || 1;\n\t\twindow.pmwDataLayer.products[228675]['position'] = window.pmw_product_position++;\n\t\t\t\t<\/script>\n\t\t<\/div><\/div><\/li><\/ul>\n<\/div>\n","protected":false},"excerpt":{"rendered":"<p><strong>Tijeras para poda y vendimia peque\u00f1as<\/strong>, <strong>de 18 cm<\/strong>, forjadas en acero al carbono de alta calidad, esmaltadas en rojo. <strong>Fabricadas en Espa\u00f1a por 3 Claveles<\/strong>.&hellip; <a class=\"kt-excerpt-readmore more-link\" href=\"https:\/\/www.cuchillalia.com\/en\/producto\/tijeras-vendimiar-poda-pequenas-18-cm-3-claveles-303\/\" aria-label=\"Tijeras de vendimiar y poda peque\u00f1as de 18 cm &#8211; 3 Claveles 303\">Read More<\/a><\/p>\n","protected":false},"featured_media":7563,"comment_status":"open","ping_status":"closed","template":"","meta":[],"product_brand":[],"product_cat":[8277],"product_tag":[],"class_list":{"0":"post-1794","1":"product","2":"type-product","3":"status-publish","4":"has-post-thumbnail","6":"product_cat-jardineria-poda","8":"first","9":"instock","10":"taxable","11":"shipping-taxable","12":"purchasable","13":"product-type-simple"},"yoast_head":"<!-- This site is optimized with the Yoast SEO plugin v27.5 - https:\/\/yoast.com\/product\/yoast-seo-wordpress\/ -->\n<title>Tijeras para Vendimia y Poda Peque\u00f1as de 18 cm | 3 Claveles | Cuchillalia<\/title>\n<meta name=\"description\" content=\"Tijeras peque\u00f1as para poda y vendimia, forjadas en acero al carbono de alta calidad, esmaltada en rojo, de 18 cm. Fabricada en Espa\u00f1a\" \/>\n<meta name=\"robots\" content=\"index, follow, max-snippet:-1, max-image-preview:large, max-video-preview:-1\" \/>\n<link rel=\"canonical\" href=\"https:\/\/www.cuchillalia.com\/producto\/tijeras-vendimiar-poda-pequenas-18-cm-3-claveles-303\/\" \/>\n<meta property=\"og:locale\" content=\"en_US\" \/>\n<meta property=\"og:type\" content=\"article\" \/>\n<meta property=\"og:title\" content=\"Tijeras para Vendimia y Poda Peque\u00f1as de 18 cm | 3 Claveles | Cuchillalia\" \/>\n<meta property=\"og:description\" content=\"Tijeras peque\u00f1as para poda y vendimia, forjadas en acero al carbono de alta calidad, esmaltada en rojo, de 18 cm. Fabricada en Espa\u00f1a\" \/>\n<meta property=\"og:url\" content=\"https:\/\/www.cuchillalia.com\/producto\/tijeras-vendimiar-poda-pequenas-18-cm-3-claveles-303\/\" \/>\n<meta property=\"og:site_name\" content=\"Cuchillalia.com\" \/>\n<meta property=\"article:publisher\" content=\"http:\/\/www.facebook.com\/cuchillalia\" \/>\n<meta property=\"article:modified_time\" content=\"2026-01-01T21:36:20+00:00\" \/>\n<meta property=\"og:image\" content=\"https:\/\/www.cuchillalia.com\/wordpress\/wp-content\/uploads\/2015\/02\/cuchillalia-3-claveles-00303-tijera-vendimia-poda-18cm.jpg\" \/>\n\t<meta property=\"og:image:width\" content=\"1497\" \/>\n\t<meta property=\"og:image:height\" content=\"1497\" \/>\n\t<meta property=\"og:image:type\" content=\"image\/jpeg\" \/>\n<meta name=\"twitter:card\" content=\"summary_large_image\" \/>\n<meta name=\"twitter:site\" content=\"@Cuchillalia\" \/>\n<meta name=\"twitter:label1\" content=\"Est. reading time\" \/>\n\t<meta name=\"twitter:data1\" content=\"2 minutes\" \/>\n<!-- \/ Yoast SEO plugin. -->","yoast_head_json":{"title":"Tijeras para Vendimia y Poda Peque\u00f1as de 18 cm | 3 Claveles | Cuchillalia","description":"Tijeras peque\u00f1as para poda y vendimia, forjadas en acero al carbono de alta calidad, esmaltada en rojo, de 18 cm. Fabricada en Espa\u00f1a","robots":{"index":"index","follow":"follow","max-snippet":"max-snippet:-1","max-image-preview":"max-image-preview:large","max-video-preview":"max-video-preview:-1"},"canonical":"https:\/\/www.cuchillalia.com\/producto\/tijeras-vendimiar-poda-pequenas-18-cm-3-claveles-303\/","og_locale":"en_US","og_type":"article","og_title":"Tijeras para Vendimia y Poda Peque\u00f1as de 18 cm | 3 Claveles | Cuchillalia","og_description":"Tijeras peque\u00f1as para poda y vendimia, forjadas en acero al carbono de alta calidad, esmaltada en rojo, de 18 cm. Fabricada en Espa\u00f1a","og_url":"https:\/\/www.cuchillalia.com\/producto\/tijeras-vendimiar-poda-pequenas-18-cm-3-claveles-303\/","og_site_name":"Cuchillalia.com","article_publisher":"http:\/\/www.facebook.com\/cuchillalia","article_modified_time":"2026-01-01T21:36:20+00:00","og_image":[{"width":1497,"height":1497,"url":"https:\/\/www.cuchillalia.com\/wordpress\/wp-content\/uploads\/2015\/02\/cuchillalia-3-claveles-00303-tijera-vendimia-poda-18cm.jpg","type":"image\/jpeg"}],"twitter_card":"summary_large_image","twitter_site":"@Cuchillalia","twitter_misc":{"Est. reading time":"2 minutes"},"schema":{"@context":"https:\/\/schema.org","@graph":[{"@type":"WebPage","@id":"https:\/\/www.cuchillalia.com\/producto\/tijeras-vendimiar-poda-pequenas-18-cm-3-claveles-303\/","url":"https:\/\/www.cuchillalia.com\/producto\/tijeras-vendimiar-poda-pequenas-18-cm-3-claveles-303\/","name":"Tijeras para Vendimia y Poda Peque\u00f1as de 18 cm | 3 Claveles | Cuchillalia","isPartOf":{"@id":"https:\/\/www.cuchillalia.com\/#website"},"primaryImageOfPage":{"@id":"https:\/\/www.cuchillalia.com\/producto\/tijeras-vendimiar-poda-pequenas-18-cm-3-claveles-303\/#primaryimage"},"image":{"@id":"https:\/\/www.cuchillalia.com\/producto\/tijeras-vendimiar-poda-pequenas-18-cm-3-claveles-303\/#primaryimage"},"thumbnailUrl":"https:\/\/www.cuchillalia.com\/wordpress\/wp-content\/uploads\/2015\/02\/cuchillalia-3-claveles-00303-tijera-vendimia-poda-18cm.jpg","datePublished":"2015-02-01T23:00:00+00:00","dateModified":"2026-01-01T21:36:20+00:00","description":"Tijeras peque\u00f1as para poda y vendimia, forjadas en acero al carbono de alta calidad, esmaltada en rojo, de 18 cm. Fabricada en Espa\u00f1a","breadcrumb":{"@id":"https:\/\/www.cuchillalia.com\/producto\/tijeras-vendimiar-poda-pequenas-18-cm-3-claveles-303\/#breadcrumb"},"inLanguage":"en-US","potentialAction":[{"@type":"ReadAction","target":["https:\/\/www.cuchillalia.com\/producto\/tijeras-vendimiar-poda-pequenas-18-cm-3-claveles-303\/"]}]},{"@type":"ImageObject","inLanguage":"en-US","@id":"https:\/\/www.cuchillalia.com\/producto\/tijeras-vendimiar-poda-pequenas-18-cm-3-claveles-303\/#primaryimage","url":"https:\/\/www.cuchillalia.com\/wordpress\/wp-content\/uploads\/2015\/02\/cuchillalia-3-claveles-00303-tijera-vendimia-poda-18cm.jpg","contentUrl":"https:\/\/www.cuchillalia.com\/wordpress\/wp-content\/uploads\/2015\/02\/cuchillalia-3-claveles-00303-tijera-vendimia-poda-18cm.jpg","width":1497,"height":1497,"caption":"Cuchillalia - Tijera Vendimia y Poda 18cm - 3 Claveles 303"},{"@type":"BreadcrumbList","@id":"https:\/\/www.cuchillalia.com\/producto\/tijeras-vendimiar-poda-pequenas-18-cm-3-claveles-303\/#breadcrumb","itemListElement":[{"@type":"ListItem","position":1,"name":"Cuchillalia","item":"https:\/\/www.cuchillalia.com\/en\/"},{"@type":"ListItem","position":2,"name":"Tienda","item":"https:\/\/www.cuchillalia.com\/tienda\/"},{"@type":"ListItem","position":3,"name":"Tijeras","item":"https:\/\/www.cuchillalia.com\/categoria\/tijeras\/"},{"@type":"ListItem","position":4,"name":"Tijeras de jardiner\u00eda y poda","item":"https:\/\/www.cuchillalia.com\/categoria\/tijeras\/jardineria-poda\/"},{"@type":"ListItem","position":5,"name":"Tijeras de vendimiar y poda peque\u00f1as de 18 cm &#8211; 3 Claveles 303"}]},{"@type":"WebSite","@id":"https:\/\/www.cuchillalia.com\/#website","url":"https:\/\/www.cuchillalia.com\/","name":"Cuchillalia.com","description":"","publisher":{"@id":"https:\/\/www.cuchillalia.com\/#organization"},"potentialAction":[{"@type":"SearchAction","target":{"@type":"EntryPoint","urlTemplate":"https:\/\/www.cuchillalia.com\/?s={search_term_string}"},"query-input":{"@type":"PropertyValueSpecification","valueRequired":true,"valueName":"search_term_string"}}],"inLanguage":"en-US"},{"@type":"Organization","@id":"https:\/\/www.cuchillalia.com\/#organization","name":"Cuchillalia","url":"https:\/\/www.cuchillalia.com\/","logo":{"@type":"ImageObject","inLanguage":"en-US","@id":"https:\/\/www.cuchillalia.com\/#\/schema\/logo\/image\/","url":"https:\/\/www.cuchillalia.com\/wordpress\/wp-content\/uploads\/2021\/03\/logo-cuchillalia-jpg.jpg","contentUrl":"https:\/\/www.cuchillalia.com\/wordpress\/wp-content\/uploads\/2021\/03\/logo-cuchillalia-jpg.jpg","width":276,"height":192,"caption":"Cuchillalia"},"image":{"@id":"https:\/\/www.cuchillalia.com\/#\/schema\/logo\/image\/"},"sameAs":["http:\/\/www.facebook.com\/cuchillalia","https:\/\/x.com\/Cuchillalia"]}]}},"_links":{"self":[{"href":"https:\/\/www.cuchillalia.com\/en\/wp-json\/wp\/v2\/product\/1794","targetHints":{"allow":["GET"]}}],"collection":[{"href":"https:\/\/www.cuchillalia.com\/en\/wp-json\/wp\/v2\/product"}],"about":[{"href":"https:\/\/www.cuchillalia.com\/en\/wp-json\/wp\/v2\/types\/product"}],"replies":[{"embeddable":true,"href":"https:\/\/www.cuchillalia.com\/en\/wp-json\/wp\/v2\/comments?post=1794"}],"wp:featuredmedia":[{"embeddable":true,"href":"https:\/\/www.cuchillalia.com\/en\/wp-json\/wp\/v2\/media\/7563"}],"wp:attachment":[{"href":"https:\/\/www.cuchillalia.com\/en\/wp-json\/wp\/v2\/media?parent=1794"}],"wp:term":[{"taxonomy":"product_brand","embeddable":true,"href":"https:\/\/www.cuchillalia.com\/en\/wp-json\/wp\/v2\/product_brand?post=1794"},{"taxonomy":"product_cat","embeddable":true,"href":"https:\/\/www.cuchillalia.com\/en\/wp-json\/wp\/v2\/product_cat?post=1794"},{"taxonomy":"product_tag","embeddable":true,"href":"https:\/\/www.cuchillalia.com\/en\/wp-json\/wp\/v2\/product_tag?post=1794"}],"curies":[{"name":"wp","href":"https:\/\/api.w.org\/{rel}","templated":true}]}}