{"id":170463,"date":"2023-08-07T11:01:35","date_gmt":"2023-08-07T09:01:35","guid":{"rendered":"https:\/\/www.cuchillalia.com\/?post_type=product&#038;p=170463"},"modified":"2025-07-03T21:41:35","modified_gmt":"2025-07-03T19:41:35","slug":"funda-negra-nylon-multiusos-victorinox-4-0833-n","status":"publish","type":"product","link":"https:\/\/www.cuchillalia.com\/en\/producto\/funda-negra-nylon-multiusos-victorinox-4-0833-n\/","title":{"rendered":"Funda negra de nylon Victorinox Swiss Tools X Plus 4.0833.N"},"content":{"rendered":"<h2>Tabla de caracter\u00edsticas funda negra de nylon para las Victorinox Swiss Tools X Plus<\/h2>\n<div class='tabla-caracteristicas'>\n<div class='fila'><span class='etiqueta'>Nombre comercial:<\/span><span class='valor'><strong>Funda de nylon para cintur\u00f3n<\/strong><\/span><\/div>\n<div class='fila'><span class='etiqueta'>Fabricante:<\/span><span class='valor'>Victorinox<\/span><\/div>\n<div class='fila'><span class='etiqueta'>Referencia del fabricante:<\/span><span class='valor'>4.0833.N<\/span><\/div>\n<div class='fila'><span class='etiqueta'>Medidas:<\/span><span class='valor'>124x49x53 mm<\/span><\/div>\n<div class='fila'><span class='etiqueta'>Material:<\/span><span class='valor'>Nylon<\/span><\/div>\n<div class='fila'><span class='etiqueta'>Peso del producto:<\/span><span class='valor'>65 g<\/span><\/div>\n<div class='fila'><span class='etiqueta'>\u00bfDonde se fabrica?:<\/span><span class='valor'>Bosnia y Herzegovina<\/span><\/div>\n<div class='fila'><span class='etiqueta'>\u00bfQu\u00e9 garant\u00eda tiene?:<\/span><span class='valor'>Garant\u00eda de por vida ante cualquier defecto de material o mano de obra. Los da\u00f1os causados por el uso y desgaste normal, o por el abuso o uso inadecuado no est\u00e1n cubiertos por esta garant\u00eda.<\/span><\/div>\n<div class='fila'><span class='etiqueta'>C\u00f3digo de barras (GTIN):<\/span><span class='valor'>7611160404527<\/span><\/div>\n<div class='fila'><span class='etiqueta'>Observaciones:<\/span><span class='valor'>&#8211; Sistema de apertura y cierre r\u00e1pido adhesivo por velcro.<\/span><\/div>\n<\/div>\n<h3>Multiusos Victorinox compatibles<\/h3>\n<p>La <strong>funda 4.0833.N de Victorinox<\/strong>, de nylon, es compatible, por ejemplo, con los siguientes modelos de <a href='https:\/\/www.cuchillalia.com\/categoria\/marcas\/victorinox\/'><strong>multiusos de Victorinox<\/strong><\/a>:<\/p>\n<div class=\"woocommerce columns-4 outofstockreserv\"><ul class=\"products kad_product_wrapper rowtight shopcolumn4 shopfullwidth init-isotope-intrinsic kt-show-rating  reinit-isotope\" data-nextselector=\".woocommerce-pagination a.next\" data-navselector=\".woocommerce-pagination\" data-itemselector=\".kad_product\" data-itemloadselector=\".kt_item_fade_in\" data-iso-selector=\".kad_product\" data-iso-style=\"fitRows\" data-iso-filter=\"true\">\n<li class=\"product type-product post-169790 status-publish first onbackorder product_cat-multiusos product_cat-multiusos-victorinox has-post-thumbnail taxable shipping-taxable purchasable product-type-simple col-xxl-2 col-xl-25 col-md-3 col-sm-4 col-xs-6 col-ss-6 multiusos multiusos-victorinox kad_product\">\n\t<div class=\"grid_item product_item clearfix kt_item_fade_in\"><a href=\"https:\/\/www.cuchillalia.com\/en\/producto\/multiusos-victorinox-swiss-tool-x-plus-funda-piel-3-0338-l\/\" class=\"product_item_link product_img_link\"><div class=\"kad-product-noflipper kt-product-hardcrop kt-product-intrinsic\" style=\"padding-bottom:100%;\"><div class=\"kt-product-animation-contain\"><img decoding=\"async\" src=\"https:\/\/www.cuchillalia.com\/wordpress\/wp-content\/uploads\/2023\/07\/multiuso-victorinox-swiss-tool-x-plus-3-0338-l-funda-piel-300x300.jpg\" srcset=\"https:\/\/www.cuchillalia.com\/wordpress\/wp-content\/uploads\/2023\/07\/multiuso-victorinox-swiss-tool-x-plus-3-0338-l-funda-piel-300x300.jpg 300w, https:\/\/www.cuchillalia.com\/wordpress\/wp-content\/uploads\/2023\/07\/multiuso-victorinox-swiss-tool-x-plus-3-0338-l-funda-piel-1024x1024.jpg 1024w, https:\/\/www.cuchillalia.com\/wordpress\/wp-content\/uploads\/2023\/07\/multiuso-victorinox-swiss-tool-x-plus-3-0338-l-funda-piel-150x150.jpg 150w, https:\/\/www.cuchillalia.com\/wordpress\/wp-content\/uploads\/2023\/07\/multiuso-victorinox-swiss-tool-x-plus-3-0338-l-funda-piel-768x768.jpg 768w, https:\/\/www.cuchillalia.com\/wordpress\/wp-content\/uploads\/2023\/07\/multiuso-victorinox-swiss-tool-x-plus-3-0338-l-funda-piel-1536x1536.jpg 1536w, https:\/\/www.cuchillalia.com\/wordpress\/wp-content\/uploads\/2023\/07\/multiuso-victorinox-swiss-tool-x-plus-3-0338-l-funda-piel-200x200.jpg 200w, https:\/\/www.cuchillalia.com\/wordpress\/wp-content\/uploads\/2023\/07\/multiuso-victorinox-swiss-tool-x-plus-3-0338-l-funda-piel-566x566.jpg 566w, https:\/\/www.cuchillalia.com\/wordpress\/wp-content\/uploads\/2023\/07\/multiuso-victorinox-swiss-tool-x-plus-3-0338-l-funda-piel-100x100.jpg 100w, https:\/\/www.cuchillalia.com\/wordpress\/wp-content\/uploads\/2023\/07\/multiuso-victorinox-swiss-tool-x-plus-3-0338-l-funda-piel-720x720.jpg 720w, https:\/\/www.cuchillalia.com\/wordpress\/wp-content\/uploads\/2023\/07\/multiuso-victorinox-swiss-tool-x-plus-3-0338-l-funda-piel-360x360.jpg 360w, https:\/\/www.cuchillalia.com\/wordpress\/wp-content\/uploads\/2023\/07\/multiuso-victorinox-swiss-tool-x-plus-3-0338-l-funda-piel-800x800.jpg 800w, https:\/\/www.cuchillalia.com\/wordpress\/wp-content\/uploads\/2023\/07\/multiuso-victorinox-swiss-tool-x-plus-3-0338-l-funda-piel-400x400.jpg 400w, https:\/\/www.cuchillalia.com\/wordpress\/wp-content\/uploads\/2023\/07\/multiuso-victorinox-swiss-tool-x-plus-3-0338-l-funda-piel-600x600.jpg 600w, https:\/\/www.cuchillalia.com\/wordpress\/wp-content\/uploads\/2023\/07\/multiuso-victorinox-swiss-tool-x-plus-3-0338-l-funda-piel.jpg 1600w\" sizes=\"(max-width: 300px) 100vw, 300px\"  alt=\"\" width=\"300\" height=\"300\" class=\"attachment-shop_catalog wp-post-image size-300x300\"><\/div><\/div><\/a> \n\n\t<div class=\"details_product_item\"><div class=\"product_details\"><a href=\"https:\/\/www.cuchillalia.com\/en\/producto\/multiusos-victorinox-swiss-tool-x-plus-funda-piel-3-0338-l\/\" class=\"product_item_link\"><h3 class=\"product_archive_title\">Multiusos Victorinox Swiss Tool X Plus con funda de piel<\/h3><\/a><\/div>\t\t\n\t<a href=\"https:\/\/www.cuchillalia.com\/en\/producto\/multiusos-victorinox-swiss-tool-x-plus-funda-piel-3-0338-l\/\"><span class=\"kt-notrated\">not rated<\/span><\/a>\n\t<span class=\"price\"><span class=\"woocommerce-Price-amount amount\"><bdi>224,99<span class=\"woocommerce-Price-currencySymbol\">&euro;<\/span><\/bdi><\/span><\/span>\n<div class=\"clearfix\"><\/div><\/div>\n\t<div class=\"product_action_wrap\"><a href=\"\/en\/wp-json\/wp\/v2\/product\/170463?add-to-cart=169790\" aria-describedby=\"woocommerce_loop_add_to_cart_link_describedby_169790\" data-quantity=\"1\" class=\"button product_type_simple add_to_cart_button ajax_add_to_cart\" data-product_id=\"169790\" data-product_sku=\"VI_3.0338.L\" aria-label=\"Add to cart: &ldquo;Multiusos Victorinox Swiss Tool X Plus con funda de piel&rdquo;\" rel=\"nofollow\" data-success_message=\"&ldquo;Multiusos Victorinox Swiss Tool X Plus con funda de piel&rdquo; has been added to your cart\" role=\"button\">Add to cart<\/a>\t<span id=\"woocommerce_loop_add_to_cart_link_describedby_169790\" class=\"screen-reader-text\">\n\t\t\t<\/span>\n\t\t\t<input type=\"hidden\" class=\"pmwProductId\" data-id=\"169790\">\n\t\t\t\t\t<script>\n\t\t\t(window.pmwDataLayer = window.pmwDataLayer || {}).products                = window.pmwDataLayer.products || {};\n\t\t\twindow.pmwDataLayer.products[169790] = {\"id\":\"169790\",\"sku\":\"VI_3.0338.L\",\"price\":224.99000000000001,\"brand\":\"\",\"quantity\":1,\"dyn_r_ids\":{\"post_id\":\"169790\",\"sku\":\"VI_3.0338.L\",\"gpf\":\"woocommerce_gpf_169790\",\"gla\":\"gla_169790\"},\"is_variable\":false,\"type\":\"simple\",\"name\":\"Multiusos Victorinox Swiss Tool X Plus con funda de piel\",\"category\":[\"Herramientas Multiusos\",\"Multiusos de Victorinox\"],\"is_variation\":false};\n\t\t\t\t\twindow.pmw_product_position = window.pmw_product_position || 1;\n\t\twindow.pmwDataLayer.products[169790]['position'] = window.pmw_product_position++;\n\t\t\t\t<\/script>\n\t\t<\/div><\/div><\/li><li class=\"product type-product post-169792 status-publish onbackorder product_cat-multiusos product_cat-multiusos-victorinox has-post-thumbnail taxable shipping-taxable purchasable product-type-simple col-xxl-2 col-xl-25 col-md-3 col-sm-4 col-xs-6 col-ss-6 multiusos multiusos-victorinox kad_product\">\n\t<div class=\"grid_item product_item clearfix kt_item_fade_in\"><a href=\"https:\/\/www.cuchillalia.com\/en\/producto\/multiusos-victorinox-swiss-tool-x-plus-ratchet-funda-piel-3-0339-l\/\" class=\"product_item_link product_img_link\"><div class=\"kad-product-noflipper kt-product-hardcrop kt-product-intrinsic\" style=\"padding-bottom:100%;\"><div class=\"kt-product-animation-contain\"><img decoding=\"async\" src=\"https:\/\/www.cuchillalia.com\/wordpress\/wp-content\/uploads\/2023\/07\/multiherramientas-victorinox-swiss-tool-x-plus-ratchet-3-0339-l-300x300.jpg\" srcset=\"https:\/\/www.cuchillalia.com\/wordpress\/wp-content\/uploads\/2023\/07\/multiherramientas-victorinox-swiss-tool-x-plus-ratchet-3-0339-l-300x300.jpg 300w, https:\/\/www.cuchillalia.com\/wordpress\/wp-content\/uploads\/2023\/07\/multiherramientas-victorinox-swiss-tool-x-plus-ratchet-3-0339-l-1024x1024.jpg 1024w, https:\/\/www.cuchillalia.com\/wordpress\/wp-content\/uploads\/2023\/07\/multiherramientas-victorinox-swiss-tool-x-plus-ratchet-3-0339-l-150x150.jpg 150w, https:\/\/www.cuchillalia.com\/wordpress\/wp-content\/uploads\/2023\/07\/multiherramientas-victorinox-swiss-tool-x-plus-ratchet-3-0339-l-768x768.jpg 768w, https:\/\/www.cuchillalia.com\/wordpress\/wp-content\/uploads\/2023\/07\/multiherramientas-victorinox-swiss-tool-x-plus-ratchet-3-0339-l-1536x1536.jpg 1536w, https:\/\/www.cuchillalia.com\/wordpress\/wp-content\/uploads\/2023\/07\/multiherramientas-victorinox-swiss-tool-x-plus-ratchet-3-0339-l-200x200.jpg 200w, https:\/\/www.cuchillalia.com\/wordpress\/wp-content\/uploads\/2023\/07\/multiherramientas-victorinox-swiss-tool-x-plus-ratchet-3-0339-l-566x566.jpg 566w, https:\/\/www.cuchillalia.com\/wordpress\/wp-content\/uploads\/2023\/07\/multiherramientas-victorinox-swiss-tool-x-plus-ratchet-3-0339-l-100x100.jpg 100w, https:\/\/www.cuchillalia.com\/wordpress\/wp-content\/uploads\/2023\/07\/multiherramientas-victorinox-swiss-tool-x-plus-ratchet-3-0339-l-720x720.jpg 720w, https:\/\/www.cuchillalia.com\/wordpress\/wp-content\/uploads\/2023\/07\/multiherramientas-victorinox-swiss-tool-x-plus-ratchet-3-0339-l-360x360.jpg 360w, https:\/\/www.cuchillalia.com\/wordpress\/wp-content\/uploads\/2023\/07\/multiherramientas-victorinox-swiss-tool-x-plus-ratchet-3-0339-l-600x600.jpg 600w, https:\/\/www.cuchillalia.com\/wordpress\/wp-content\/uploads\/2023\/07\/multiherramientas-victorinox-swiss-tool-x-plus-ratchet-3-0339-l-800x800.jpg 800w, https:\/\/www.cuchillalia.com\/wordpress\/wp-content\/uploads\/2023\/07\/multiherramientas-victorinox-swiss-tool-x-plus-ratchet-3-0339-l-400x400.jpg 400w, https:\/\/www.cuchillalia.com\/wordpress\/wp-content\/uploads\/2023\/07\/multiherramientas-victorinox-swiss-tool-x-plus-ratchet-3-0339-l.jpg 1600w\" sizes=\"(max-width: 300px) 100vw, 300px\"  alt=\"\" width=\"300\" height=\"300\" class=\"attachment-shop_catalog wp-post-image size-300x300\"><\/div><\/div><\/a> \n\n\t<div class=\"details_product_item\"><div class=\"product_details\"><a href=\"https:\/\/www.cuchillalia.com\/en\/producto\/multiusos-victorinox-swiss-tool-x-plus-ratchet-funda-piel-3-0339-l\/\" class=\"product_item_link\"><h3 class=\"product_archive_title\">Multiusos Victorinox Swiss Tool X Plus Ratchet con funda de piel<\/h3><\/a><\/div>\t\t\n\t<a href=\"https:\/\/www.cuchillalia.com\/en\/producto\/multiusos-victorinox-swiss-tool-x-plus-ratchet-funda-piel-3-0339-l\/\"><span class=\"kt-notrated\">not rated<\/span><\/a>\n\t<span class=\"price\"><span class=\"woocommerce-Price-amount amount\"><bdi>269,99<span class=\"woocommerce-Price-currencySymbol\">&euro;<\/span><\/bdi><\/span><\/span>\n<div class=\"clearfix\"><\/div><\/div>\n\t<div class=\"product_action_wrap\"><a href=\"\/en\/wp-json\/wp\/v2\/product\/170463?add-to-cart=169792\" aria-describedby=\"woocommerce_loop_add_to_cart_link_describedby_169792\" data-quantity=\"1\" class=\"button product_type_simple add_to_cart_button ajax_add_to_cart\" data-product_id=\"169792\" data-product_sku=\"VI_3.0339.L\" aria-label=\"Add to cart: &ldquo;Multiusos Victorinox Swiss Tool X Plus Ratchet con funda de piel&rdquo;\" rel=\"nofollow\" data-success_message=\"&ldquo;Multiusos Victorinox Swiss Tool X Plus Ratchet con funda de piel&rdquo; has been added to your cart\" role=\"button\">Add to cart<\/a>\t<span id=\"woocommerce_loop_add_to_cart_link_describedby_169792\" class=\"screen-reader-text\">\n\t\t\t<\/span>\n\t\t\t<input type=\"hidden\" class=\"pmwProductId\" data-id=\"169792\">\n\t\t\t\t\t<script>\n\t\t\t(window.pmwDataLayer = window.pmwDataLayer || {}).products                = window.pmwDataLayer.products || {};\n\t\t\twindow.pmwDataLayer.products[169792] = {\"id\":\"169792\",\"sku\":\"VI_3.0339.L\",\"price\":269.99000000000001,\"brand\":\"\",\"quantity\":1,\"dyn_r_ids\":{\"post_id\":\"169792\",\"sku\":\"VI_3.0339.L\",\"gpf\":\"woocommerce_gpf_169792\",\"gla\":\"gla_169792\"},\"is_variable\":false,\"type\":\"simple\",\"name\":\"Multiusos Victorinox Swiss Tool X Plus Ratchet con funda de piel\",\"category\":[\"Herramientas Multiusos\",\"Multiusos de Victorinox\"],\"is_variation\":false};\n\t\t\t\t\twindow.pmw_product_position = window.pmw_product_position || 1;\n\t\twindow.pmwDataLayer.products[169792]['position'] = window.pmw_product_position++;\n\t\t\t\t<\/script>\n\t\t<\/div><\/div><\/li><\/ul>\n<\/div>\n","protected":false},"excerpt":{"rendered":"<p><strong>Funda de nylon<\/strong>\u00a0de <a href=\"https:\/\/www.cuchillalia.com\/categoria\/marcas\/victorinox\/\"><strong>Victorinox<\/strong><\/a> para algunos de sus multiusos.&hellip; <a class=\"kt-excerpt-readmore more-link\" href=\"https:\/\/www.cuchillalia.com\/en\/producto\/funda-negra-nylon-multiusos-victorinox-4-0833-n\/\" aria-label=\"Funda negra de nylon Victorinox Swiss Tools X Plus 4.0833.N\">Read More<\/a><\/p>\n","protected":false},"featured_media":170464,"comment_status":"open","ping_status":"closed","template":"","meta":[],"product_brand":[],"product_cat":[15821],"product_tag":[],"class_list":{"0":"post-170463","1":"product","2":"type-product","3":"status-publish","4":"has-post-thumbnail","6":"product_cat-fundas-navajas-victorinox","8":"first","9":"instock","10":"taxable","11":"shipping-taxable","12":"purchasable","13":"product-type-simple"},"yoast_head":"<!-- This site is optimized with the Yoast SEO plugin v27.5 - https:\/\/yoast.com\/product\/yoast-seo-wordpress\/ -->\n<title>Funda negra de nylon Victorinox Swiss Tools X Plus 4.0833.N - Cuchillalia.com<\/title>\n<meta name=\"robots\" content=\"index, follow, max-snippet:-1, max-image-preview:large, max-video-preview:-1\" \/>\n<link rel=\"canonical\" href=\"https:\/\/www.cuchillalia.com\/producto\/funda-negra-nylon-multiusos-victorinox-4-0833-n\/\" \/>\n<meta property=\"og:locale\" content=\"en_US\" \/>\n<meta property=\"og:type\" content=\"article\" \/>\n<meta property=\"og:title\" content=\"Funda negra de nylon Victorinox Swiss Tools X Plus 4.0833.N - Cuchillalia.com\" \/>\n<meta property=\"og:description\" content=\"Funda de nylon\u00a0de Victorinox para algunos de sus multiusos.&hellip; Read More\" \/>\n<meta property=\"og:url\" content=\"https:\/\/www.cuchillalia.com\/producto\/funda-negra-nylon-multiusos-victorinox-4-0833-n\/\" \/>\n<meta property=\"og:site_name\" content=\"Cuchillalia.com\" \/>\n<meta property=\"article:publisher\" content=\"http:\/\/www.facebook.com\/cuchillalia\" \/>\n<meta property=\"article:modified_time\" content=\"2025-07-03T19:41:35+00:00\" \/>\n<meta property=\"og:image\" content=\"https:\/\/www.cuchillalia.com\/wordpress\/wp-content\/uploads\/2023\/08\/funda-nylon-para-victorinox-swiss-tool-x-plus-4-0833-n.jpg\" \/>\n\t<meta property=\"og:image:width\" content=\"1500\" \/>\n\t<meta property=\"og:image:height\" content=\"1500\" \/>\n\t<meta property=\"og:image:type\" content=\"image\/jpeg\" \/>\n<meta name=\"twitter:card\" content=\"summary_large_image\" \/>\n<meta name=\"twitter:site\" content=\"@Cuchillalia\" \/>\n<meta name=\"twitter:label1\" content=\"Est. reading time\" \/>\n\t<meta name=\"twitter:data1\" content=\"2 minutes\" \/>\n<!-- \/ Yoast SEO plugin. -->","yoast_head_json":{"title":"Funda negra de nylon Victorinox Swiss Tools X Plus 4.0833.N - Cuchillalia.com","robots":{"index":"index","follow":"follow","max-snippet":"max-snippet:-1","max-image-preview":"max-image-preview:large","max-video-preview":"max-video-preview:-1"},"canonical":"https:\/\/www.cuchillalia.com\/producto\/funda-negra-nylon-multiusos-victorinox-4-0833-n\/","og_locale":"en_US","og_type":"article","og_title":"Funda negra de nylon Victorinox Swiss Tools X Plus 4.0833.N - Cuchillalia.com","og_description":"Funda de nylon\u00a0de Victorinox para algunos de sus multiusos.&hellip; Read More","og_url":"https:\/\/www.cuchillalia.com\/producto\/funda-negra-nylon-multiusos-victorinox-4-0833-n\/","og_site_name":"Cuchillalia.com","article_publisher":"http:\/\/www.facebook.com\/cuchillalia","article_modified_time":"2025-07-03T19:41:35+00:00","og_image":[{"width":1500,"height":1500,"url":"https:\/\/www.cuchillalia.com\/wordpress\/wp-content\/uploads\/2023\/08\/funda-nylon-para-victorinox-swiss-tool-x-plus-4-0833-n.jpg","type":"image\/jpeg"}],"twitter_card":"summary_large_image","twitter_site":"@Cuchillalia","twitter_misc":{"Est. reading time":"2 minutes"},"schema":{"@context":"https:\/\/schema.org","@graph":[{"@type":"WebPage","@id":"https:\/\/www.cuchillalia.com\/producto\/funda-negra-nylon-multiusos-victorinox-4-0833-n\/","url":"https:\/\/www.cuchillalia.com\/producto\/funda-negra-nylon-multiusos-victorinox-4-0833-n\/","name":"Funda negra de nylon Victorinox Swiss Tools X Plus 4.0833.N - Cuchillalia.com","isPartOf":{"@id":"https:\/\/www.cuchillalia.com\/#website"},"primaryImageOfPage":{"@id":"https:\/\/www.cuchillalia.com\/producto\/funda-negra-nylon-multiusos-victorinox-4-0833-n\/#primaryimage"},"image":{"@id":"https:\/\/www.cuchillalia.com\/producto\/funda-negra-nylon-multiusos-victorinox-4-0833-n\/#primaryimage"},"thumbnailUrl":"https:\/\/www.cuchillalia.com\/wordpress\/wp-content\/uploads\/2023\/08\/funda-nylon-para-victorinox-swiss-tool-x-plus-4-0833-n.jpg","datePublished":"2023-08-07T09:01:35+00:00","dateModified":"2025-07-03T19:41:35+00:00","breadcrumb":{"@id":"https:\/\/www.cuchillalia.com\/producto\/funda-negra-nylon-multiusos-victorinox-4-0833-n\/#breadcrumb"},"inLanguage":"en-US","potentialAction":[{"@type":"ReadAction","target":["https:\/\/www.cuchillalia.com\/producto\/funda-negra-nylon-multiusos-victorinox-4-0833-n\/"]}]},{"@type":"ImageObject","inLanguage":"en-US","@id":"https:\/\/www.cuchillalia.com\/producto\/funda-negra-nylon-multiusos-victorinox-4-0833-n\/#primaryimage","url":"https:\/\/www.cuchillalia.com\/wordpress\/wp-content\/uploads\/2023\/08\/funda-nylon-para-victorinox-swiss-tool-x-plus-4-0833-n.jpg","contentUrl":"https:\/\/www.cuchillalia.com\/wordpress\/wp-content\/uploads\/2023\/08\/funda-nylon-para-victorinox-swiss-tool-x-plus-4-0833-n.jpg","width":1500,"height":1500,"caption":"Funda de nylon para las Victorinox Swiss Tool X Plus - Cuchillalia.com"},{"@type":"BreadcrumbList","@id":"https:\/\/www.cuchillalia.com\/producto\/funda-negra-nylon-multiusos-victorinox-4-0833-n\/#breadcrumb","itemListElement":[{"@type":"ListItem","position":1,"name":"Cuchillalia","item":"https:\/\/www.cuchillalia.com\/en\/"},{"@type":"ListItem","position":2,"name":"Tienda","item":"https:\/\/www.cuchillalia.com\/tienda\/"},{"@type":"ListItem","position":3,"name":"Marcas","item":"https:\/\/www.cuchillalia.com\/categoria\/marcas\/"},{"@type":"ListItem","position":4,"name":"Navajas Victorinox","item":"https:\/\/www.cuchillalia.com\/categoria\/marcas\/victorinox\/"},{"@type":"ListItem","position":5,"name":"Fundas Victorinox","item":"https:\/\/www.cuchillalia.com\/categoria\/marcas\/victorinox\/fundas-navajas-victorinox\/"},{"@type":"ListItem","position":6,"name":"Funda negra de nylon Victorinox Swiss Tools X Plus 4.0833.N"}]},{"@type":"WebSite","@id":"https:\/\/www.cuchillalia.com\/#website","url":"https:\/\/www.cuchillalia.com\/","name":"Cuchillalia.com","description":"","publisher":{"@id":"https:\/\/www.cuchillalia.com\/#organization"},"potentialAction":[{"@type":"SearchAction","target":{"@type":"EntryPoint","urlTemplate":"https:\/\/www.cuchillalia.com\/?s={search_term_string}"},"query-input":{"@type":"PropertyValueSpecification","valueRequired":true,"valueName":"search_term_string"}}],"inLanguage":"en-US"},{"@type":"Organization","@id":"https:\/\/www.cuchillalia.com\/#organization","name":"Cuchillalia","url":"https:\/\/www.cuchillalia.com\/","logo":{"@type":"ImageObject","inLanguage":"en-US","@id":"https:\/\/www.cuchillalia.com\/#\/schema\/logo\/image\/","url":"https:\/\/www.cuchillalia.com\/wordpress\/wp-content\/uploads\/2021\/03\/logo-cuchillalia-jpg.jpg","contentUrl":"https:\/\/www.cuchillalia.com\/wordpress\/wp-content\/uploads\/2021\/03\/logo-cuchillalia-jpg.jpg","width":276,"height":192,"caption":"Cuchillalia"},"image":{"@id":"https:\/\/www.cuchillalia.com\/#\/schema\/logo\/image\/"},"sameAs":["http:\/\/www.facebook.com\/cuchillalia","https:\/\/x.com\/Cuchillalia"]}]}},"_links":{"self":[{"href":"https:\/\/www.cuchillalia.com\/en\/wp-json\/wp\/v2\/product\/170463","targetHints":{"allow":["GET"]}}],"collection":[{"href":"https:\/\/www.cuchillalia.com\/en\/wp-json\/wp\/v2\/product"}],"about":[{"href":"https:\/\/www.cuchillalia.com\/en\/wp-json\/wp\/v2\/types\/product"}],"replies":[{"embeddable":true,"href":"https:\/\/www.cuchillalia.com\/en\/wp-json\/wp\/v2\/comments?post=170463"}],"wp:featuredmedia":[{"embeddable":true,"href":"https:\/\/www.cuchillalia.com\/en\/wp-json\/wp\/v2\/media\/170464"}],"wp:attachment":[{"href":"https:\/\/www.cuchillalia.com\/en\/wp-json\/wp\/v2\/media?parent=170463"}],"wp:term":[{"taxonomy":"product_brand","embeddable":true,"href":"https:\/\/www.cuchillalia.com\/en\/wp-json\/wp\/v2\/product_brand?post=170463"},{"taxonomy":"product_cat","embeddable":true,"href":"https:\/\/www.cuchillalia.com\/en\/wp-json\/wp\/v2\/product_cat?post=170463"},{"taxonomy":"product_tag","embeddable":true,"href":"https:\/\/www.cuchillalia.com\/en\/wp-json\/wp\/v2\/product_tag?post=170463"}],"curies":[{"name":"wp","href":"https:\/\/api.w.org\/{rel}","templated":true}]}}