{"id":170449,"date":"2023-08-06T19:46:39","date_gmt":"2023-08-06T17:46:39","guid":{"rendered":"https:\/\/www.cuchillalia.com\/?post_type=product&#038;p=170449"},"modified":"2026-03-20T01:38:37","modified_gmt":"2026-03-20T00:38:37","slug":"funda-de-piel-con-solapa-para-multiusos-medianas-de-victorinox-4-0669","status":"publish","type":"product","link":"https:\/\/www.cuchillalia.com\/en\/producto\/funda-de-piel-con-solapa-para-multiusos-medianas-de-victorinox-4-0669\/","title":{"rendered":"Funda de piel con solapa para multiusos medianas de Victorinox 4.0669"},"content":{"rendered":"<h2>Tabla de caracter\u00edsticas funda mediana de piel con solapa Victorinox<\/h2>\n<div class=\"tabla-caracteristicas\">\n<div class=\"fila\"><span class=\"etiqueta\">Nombre comercial:<\/span><span class=\"valor\"><strong>Funda de piel con solapa<\/strong><\/span><\/div>\n<div class=\"fila\"><span class=\"etiqueta\">Fabricante:<\/span><span class=\"valor\">Victorinox<\/span><\/div>\n<div class=\"fila\"><span class=\"etiqueta\">Referencia del fabricante:<\/span><span class=\"valor\">4.0669<\/span><\/div>\n<div class=\"fila\"><span class=\"etiqueta\">Medidas:<\/span><span class=\"valor\">Medida exterior abierta:<br \/>\n145&#215;35 mm<br \/>\nMedida exterior cerrada:<br \/>\n85&#215;35 mm (aprox)<\/span><\/div>\n<div class=\"fila\"><span class=\"etiqueta\">Material:<\/span><span class=\"valor\">Piel<\/span><\/div>\n<div class=\"fila\"><span class=\"etiqueta\">Peso del producto:<\/span><span class=\"valor\">9 g<\/span><\/div>\n<div class=\"fila\"><span class=\"etiqueta\">\u00bfDonde se fabrica?:<\/span><span class=\"valor\">Suiza<\/span><\/div>\n<div class=\"fila\"><span class=\"etiqueta\">\u00bfQu\u00e9 garant\u00eda tiene?:<\/span><span class=\"valor\">Garant\u00eda de por vida ante cualquier defecto de material o mano de obra. Los da\u00f1os causados por el uso y desgaste normal, o por el abuso o uso inadecuado no est\u00e1n cubiertos por esta garant\u00eda.<\/span><\/div>\n<div class=\"fila\"><span class=\"etiqueta\">C\u00f3digo de barras (GTIN):<\/span><span class=\"valor\">7611160401502<\/span><\/div>\n<div class=\"fila\"><span class=\"etiqueta\">Observaciones:<\/span><span class=\"valor\">&#8211; Se cierra mediante solapa.<\/span><\/div>\n<\/div>\n","protected":false},"excerpt":{"rendered":"<p><strong>Funda de piel con solapa<\/strong> para multiusos medianas de Victorinox.&hellip; <a class=\"kt-excerpt-readmore more-link\" href=\"https:\/\/www.cuchillalia.com\/en\/producto\/funda-de-piel-con-solapa-para-multiusos-medianas-de-victorinox-4-0669\/\" aria-label=\"Funda de piel con solapa para multiusos medianas de Victorinox 4.0669\">Read More<\/a><\/p>\n","protected":false},"featured_media":170451,"comment_status":"open","ping_status":"closed","template":"","meta":[],"product_brand":[],"product_cat":[15821],"product_tag":[],"class_list":{"0":"post-170449","1":"product","2":"type-product","3":"status-publish","4":"has-post-thumbnail","6":"product_cat-fundas-navajas-victorinox","8":"first","9":"instock","10":"taxable","11":"shipping-taxable","12":"purchasable","13":"product-type-simple"},"yoast_head":"<!-- This site is optimized with the Yoast SEO plugin v27.5 - https:\/\/yoast.com\/product\/yoast-seo-wordpress\/ -->\n<title>Funda de piel con solapa para multiusos medianas de Victorinox 4.0669 - Cuchillalia.com<\/title>\n<meta name=\"robots\" content=\"index, follow, max-snippet:-1, max-image-preview:large, max-video-preview:-1\" \/>\n<link rel=\"canonical\" href=\"https:\/\/www.cuchillalia.com\/producto\/funda-de-piel-con-solapa-para-multiusos-medianas-de-victorinox-4-0669\/\" \/>\n<meta property=\"og:locale\" content=\"en_US\" \/>\n<meta property=\"og:type\" content=\"article\" \/>\n<meta property=\"og:title\" content=\"Funda de piel con solapa para multiusos medianas de Victorinox 4.0669 - Cuchillalia.com\" \/>\n<meta property=\"og:description\" content=\"Funda de piel con solapa para multiusos medianas de Victorinox.&hellip; Read More\" \/>\n<meta property=\"og:url\" content=\"https:\/\/www.cuchillalia.com\/producto\/funda-de-piel-con-solapa-para-multiusos-medianas-de-victorinox-4-0669\/\" \/>\n<meta property=\"og:site_name\" content=\"Cuchillalia.com\" \/>\n<meta property=\"article:publisher\" content=\"http:\/\/www.facebook.com\/cuchillalia\" \/>\n<meta property=\"article:modified_time\" content=\"2026-03-20T00:38:37+00:00\" \/>\n<meta property=\"og:image\" content=\"https:\/\/www.cuchillalia.com\/wordpress\/wp-content\/uploads\/2023\/08\/funda-piel-solapa-victorinox-medianas-4-0669.jpg\" \/>\n\t<meta property=\"og:image:width\" content=\"1000\" \/>\n\t<meta property=\"og:image:height\" content=\"1000\" \/>\n\t<meta property=\"og:image:type\" content=\"image\/jpeg\" \/>\n<meta name=\"twitter:card\" content=\"summary_large_image\" \/>\n<meta name=\"twitter:site\" content=\"@Cuchillalia\" \/>\n<meta name=\"twitter:label1\" content=\"Est. reading time\" \/>\n\t<meta name=\"twitter:data1\" content=\"1 minute\" \/>\n<!-- \/ Yoast SEO plugin. -->","yoast_head_json":{"title":"Funda de piel con solapa para multiusos medianas de Victorinox 4.0669 - Cuchillalia.com","robots":{"index":"index","follow":"follow","max-snippet":"max-snippet:-1","max-image-preview":"max-image-preview:large","max-video-preview":"max-video-preview:-1"},"canonical":"https:\/\/www.cuchillalia.com\/producto\/funda-de-piel-con-solapa-para-multiusos-medianas-de-victorinox-4-0669\/","og_locale":"en_US","og_type":"article","og_title":"Funda de piel con solapa para multiusos medianas de Victorinox 4.0669 - Cuchillalia.com","og_description":"Funda de piel con solapa para multiusos medianas de Victorinox.&hellip; Read More","og_url":"https:\/\/www.cuchillalia.com\/producto\/funda-de-piel-con-solapa-para-multiusos-medianas-de-victorinox-4-0669\/","og_site_name":"Cuchillalia.com","article_publisher":"http:\/\/www.facebook.com\/cuchillalia","article_modified_time":"2026-03-20T00:38:37+00:00","og_image":[{"width":1000,"height":1000,"url":"https:\/\/www.cuchillalia.com\/wordpress\/wp-content\/uploads\/2023\/08\/funda-piel-solapa-victorinox-medianas-4-0669.jpg","type":"image\/jpeg"}],"twitter_card":"summary_large_image","twitter_site":"@Cuchillalia","twitter_misc":{"Est. reading time":"1 minute"},"schema":{"@context":"https:\/\/schema.org","@graph":[{"@type":"WebPage","@id":"https:\/\/www.cuchillalia.com\/producto\/funda-de-piel-con-solapa-para-multiusos-medianas-de-victorinox-4-0669\/","url":"https:\/\/www.cuchillalia.com\/producto\/funda-de-piel-con-solapa-para-multiusos-medianas-de-victorinox-4-0669\/","name":"Funda de piel con solapa para multiusos medianas de Victorinox 4.0669 - Cuchillalia.com","isPartOf":{"@id":"https:\/\/www.cuchillalia.com\/#website"},"primaryImageOfPage":{"@id":"https:\/\/www.cuchillalia.com\/producto\/funda-de-piel-con-solapa-para-multiusos-medianas-de-victorinox-4-0669\/#primaryimage"},"image":{"@id":"https:\/\/www.cuchillalia.com\/producto\/funda-de-piel-con-solapa-para-multiusos-medianas-de-victorinox-4-0669\/#primaryimage"},"thumbnailUrl":"https:\/\/www.cuchillalia.com\/wordpress\/wp-content\/uploads\/2023\/08\/funda-piel-solapa-victorinox-medianas-4-0669.jpg","datePublished":"2023-08-06T17:46:39+00:00","dateModified":"2026-03-20T00:38:37+00:00","breadcrumb":{"@id":"https:\/\/www.cuchillalia.com\/producto\/funda-de-piel-con-solapa-para-multiusos-medianas-de-victorinox-4-0669\/#breadcrumb"},"inLanguage":"en-US","potentialAction":[{"@type":"ReadAction","target":["https:\/\/www.cuchillalia.com\/producto\/funda-de-piel-con-solapa-para-multiusos-medianas-de-victorinox-4-0669\/"]}]},{"@type":"ImageObject","inLanguage":"en-US","@id":"https:\/\/www.cuchillalia.com\/producto\/funda-de-piel-con-solapa-para-multiusos-medianas-de-victorinox-4-0669\/#primaryimage","url":"https:\/\/www.cuchillalia.com\/wordpress\/wp-content\/uploads\/2023\/08\/funda-piel-solapa-victorinox-medianas-4-0669.jpg","contentUrl":"https:\/\/www.cuchillalia.com\/wordpress\/wp-content\/uploads\/2023\/08\/funda-piel-solapa-victorinox-medianas-4-0669.jpg","width":1000,"height":1000,"caption":"Funda de piel con solapa para multiusos Victorinox medianas - Cuchillalia.com"},{"@type":"BreadcrumbList","@id":"https:\/\/www.cuchillalia.com\/producto\/funda-de-piel-con-solapa-para-multiusos-medianas-de-victorinox-4-0669\/#breadcrumb","itemListElement":[{"@type":"ListItem","position":1,"name":"Cuchillalia","item":"https:\/\/www.cuchillalia.com\/en\/"},{"@type":"ListItem","position":2,"name":"Tienda","item":"https:\/\/www.cuchillalia.com\/tienda\/"},{"@type":"ListItem","position":3,"name":"Marcas","item":"https:\/\/www.cuchillalia.com\/categoria\/marcas\/"},{"@type":"ListItem","position":4,"name":"Navajas Victorinox","item":"https:\/\/www.cuchillalia.com\/categoria\/marcas\/victorinox\/"},{"@type":"ListItem","position":5,"name":"Fundas Victorinox","item":"https:\/\/www.cuchillalia.com\/categoria\/marcas\/victorinox\/fundas-navajas-victorinox\/"},{"@type":"ListItem","position":6,"name":"Funda de piel con solapa para multiusos medianas de Victorinox 4.0669"}]},{"@type":"WebSite","@id":"https:\/\/www.cuchillalia.com\/#website","url":"https:\/\/www.cuchillalia.com\/","name":"Cuchillalia.com","description":"","publisher":{"@id":"https:\/\/www.cuchillalia.com\/#organization"},"potentialAction":[{"@type":"SearchAction","target":{"@type":"EntryPoint","urlTemplate":"https:\/\/www.cuchillalia.com\/?s={search_term_string}"},"query-input":{"@type":"PropertyValueSpecification","valueRequired":true,"valueName":"search_term_string"}}],"inLanguage":"en-US"},{"@type":"Organization","@id":"https:\/\/www.cuchillalia.com\/#organization","name":"Cuchillalia","url":"https:\/\/www.cuchillalia.com\/","logo":{"@type":"ImageObject","inLanguage":"en-US","@id":"https:\/\/www.cuchillalia.com\/#\/schema\/logo\/image\/","url":"https:\/\/www.cuchillalia.com\/wordpress\/wp-content\/uploads\/2021\/03\/logo-cuchillalia-jpg.jpg","contentUrl":"https:\/\/www.cuchillalia.com\/wordpress\/wp-content\/uploads\/2021\/03\/logo-cuchillalia-jpg.jpg","width":276,"height":192,"caption":"Cuchillalia"},"image":{"@id":"https:\/\/www.cuchillalia.com\/#\/schema\/logo\/image\/"},"sameAs":["http:\/\/www.facebook.com\/cuchillalia","https:\/\/x.com\/Cuchillalia"]}]}},"_links":{"self":[{"href":"https:\/\/www.cuchillalia.com\/en\/wp-json\/wp\/v2\/product\/170449","targetHints":{"allow":["GET"]}}],"collection":[{"href":"https:\/\/www.cuchillalia.com\/en\/wp-json\/wp\/v2\/product"}],"about":[{"href":"https:\/\/www.cuchillalia.com\/en\/wp-json\/wp\/v2\/types\/product"}],"replies":[{"embeddable":true,"href":"https:\/\/www.cuchillalia.com\/en\/wp-json\/wp\/v2\/comments?post=170449"}],"wp:featuredmedia":[{"embeddable":true,"href":"https:\/\/www.cuchillalia.com\/en\/wp-json\/wp\/v2\/media\/170451"}],"wp:attachment":[{"href":"https:\/\/www.cuchillalia.com\/en\/wp-json\/wp\/v2\/media?parent=170449"}],"wp:term":[{"taxonomy":"product_brand","embeddable":true,"href":"https:\/\/www.cuchillalia.com\/en\/wp-json\/wp\/v2\/product_brand?post=170449"},{"taxonomy":"product_cat","embeddable":true,"href":"https:\/\/www.cuchillalia.com\/en\/wp-json\/wp\/v2\/product_cat?post=170449"},{"taxonomy":"product_tag","embeddable":true,"href":"https:\/\/www.cuchillalia.com\/en\/wp-json\/wp\/v2\/product_tag?post=170449"}],"curies":[{"name":"wp","href":"https:\/\/api.w.org\/{rel}","templated":true}]}}