{"id":170399,"date":"2023-08-03T00:26:43","date_gmt":"2023-08-02T22:26:43","guid":{"rendered":"https:\/\/www.cuchillalia.com\/?post_type=product&#038;p=170399"},"modified":"2025-08-05T23:47:19","modified_gmt":"2025-08-05T21:47:19","slug":"funda-negra-piel-multiusos-victorinox-4-0524-31-giratorio","status":"publish","type":"product","link":"https:\/\/www.cuchillalia.com\/en\/producto\/funda-negra-piel-multiusos-victorinox-4-0524-31-giratorio\/","title":{"rendered":"Funda negra de piel para multiusos Victorinox 4.0524.31 enganche giratorio"},"content":{"rendered":"<h2>Tabla de caracter\u00edsticas funda de piel con giratorio para Victorinox<\/h2>\n<div class='tabla-caracteristicas'>\n<div class='fila'><span class='etiqueta'>Nombre comercial:<\/span><span class='valor'><strong>Funda de piel de cintur\u00f3n con clip giratorio<\/strong><\/span><\/div>\n<div class='fila'><span class='etiqueta'>Fabricante:<\/span><span class='valor'>Victorinox<\/span><\/div>\n<div class='fila'><span class='etiqueta'>Referencia del fabricante:<\/span><span class='valor'>4.0524.31<\/span><\/div>\n<div class='fila'><span class='etiqueta'>Medidas:<\/span><span class='valor'>130x30x43 mm<\/span><\/div>\n<div class='fila'><span class='etiqueta'>Material:<\/span><span class='valor'>Piel<\/span><\/div>\n<div class='fila'><span class='etiqueta'>Peso del producto:<\/span><span class='valor'>45 g<\/span><\/div>\n<div class='fila'><span class='etiqueta'>\u00bfDonde se fabrica?:<\/span><span class='valor'>Suiza<\/span><\/div>\n<div class='fila'><span class='etiqueta'>\u00bfQu\u00e9 garant\u00eda tiene?:<\/span><span class='valor'>Garant\u00eda de por vida ante cualquier defecto de material o mano de obra. Los da\u00f1os causados por el uso y desgaste normal, o por el abuso o uso inadecuado no est\u00e1n cubiertos por esta garant\u00eda.<\/span><\/div>\n<div class='fila'><span class='etiqueta'>C\u00f3digo de barras (GTIN):<\/span><span class='valor'>7611160412997<\/span><\/div>\n<div class='fila'><span class='etiqueta'>Observaciones:<\/span><span class='valor'>&#8211; Sistema de apertura y cierre r\u00e1pido adhesivo por velcro.<br \/>\n&#8211; Enganche para el cintur\u00f3n giratorio.<\/span><\/div>\n<\/div>\n<h3>Multiusos compatibles con tu funda Victorinox 4.0524.31<\/h3>\n<p>Esta funda <strong>Victorinox 4.0524.31<\/strong>, de piel de color negro, es compatible, por ejemplo, con los siguientes modelos de <a href='https:\/\/www.cuchillalia.com\/categoria\/marcas\/victorinox\/'><strong>multiusos Victorinox<\/strong><\/a>:<br \/>\n<div class=\"woocommerce columns-4 outofstockreserv\"><ul class=\"products kad_product_wrapper rowtight shopcolumn4 shopfullwidth init-isotope-intrinsic kt-show-rating  reinit-isotope\" data-nextselector=\".woocommerce-pagination a.next\" data-navselector=\".woocommerce-pagination\" data-itemselector=\".kad_product\" data-itemloadselector=\".kt_item_fade_in\" data-iso-selector=\".kad_product\" data-iso-style=\"fitRows\" data-iso-filter=\"true\">\n<li class=\"product type-product post-169946 status-publish first onbackorder product_cat-navajas product_cat-navajas-grandes has-post-thumbnail taxable shipping-taxable purchasable product-type-simple col-xxl-2 col-xl-25 col-md-3 col-sm-4 col-xs-6 col-ss-6 navajas navajas-grandes kad_product\">\n\t<div class=\"grid_item product_item clearfix kt_item_fade_in\"><a href=\"https:\/\/www.cuchillalia.com\/en\/producto\/victorinox-work-champ-navaja-multiusos-0-8564\/\" class=\"product_item_link product_img_link\"><div class=\"kad-product-noflipper kt-product-hardcrop kt-product-intrinsic\" style=\"padding-bottom:100%;\"><div class=\"kt-product-animation-contain\"><img decoding=\"async\" src=\"https:\/\/www.cuchillalia.com\/wordpress\/wp-content\/uploads\/2023\/07\/victorinox-work-champ-rojo-0-8564-300x300.jpg\" srcset=\"https:\/\/www.cuchillalia.com\/wordpress\/wp-content\/uploads\/2023\/07\/victorinox-work-champ-rojo-0-8564-300x300.jpg 300w, https:\/\/www.cuchillalia.com\/wordpress\/wp-content\/uploads\/2023\/07\/victorinox-work-champ-rojo-0-8564-1024x1024.jpg 1024w, https:\/\/www.cuchillalia.com\/wordpress\/wp-content\/uploads\/2023\/07\/victorinox-work-champ-rojo-0-8564-150x150.jpg 150w, https:\/\/www.cuchillalia.com\/wordpress\/wp-content\/uploads\/2023\/07\/victorinox-work-champ-rojo-0-8564-768x768.jpg 768w, https:\/\/www.cuchillalia.com\/wordpress\/wp-content\/uploads\/2023\/07\/victorinox-work-champ-rojo-0-8564-1536x1536.jpg 1536w, https:\/\/www.cuchillalia.com\/wordpress\/wp-content\/uploads\/2023\/07\/victorinox-work-champ-rojo-0-8564-200x200.jpg 200w, https:\/\/www.cuchillalia.com\/wordpress\/wp-content\/uploads\/2023\/07\/victorinox-work-champ-rojo-0-8564-566x566.jpg 566w, https:\/\/www.cuchillalia.com\/wordpress\/wp-content\/uploads\/2023\/07\/victorinox-work-champ-rojo-0-8564-100x100.jpg 100w, https:\/\/www.cuchillalia.com\/wordpress\/wp-content\/uploads\/2023\/07\/victorinox-work-champ-rojo-0-8564-720x720.jpg 720w, https:\/\/www.cuchillalia.com\/wordpress\/wp-content\/uploads\/2023\/07\/victorinox-work-champ-rojo-0-8564-360x360.jpg 360w, https:\/\/www.cuchillalia.com\/wordpress\/wp-content\/uploads\/2023\/07\/victorinox-work-champ-rojo-0-8564-600x600.jpg 600w, https:\/\/www.cuchillalia.com\/wordpress\/wp-content\/uploads\/2023\/07\/victorinox-work-champ-rojo-0-8564.jpg 1600w\" sizes=\"(max-width: 300px) 100vw, 300px\"  alt=\"Navaja Victorinox Work Champ con mango rojo ergon\u00f3mico - Cuchillalia.com\" width=\"300\" height=\"300\" class=\"attachment-shop_catalog wp-post-image size-300x300\"><\/div><\/div><\/a> \n\n\t<div class=\"details_product_item\"><div class=\"product_details\"><a href=\"https:\/\/www.cuchillalia.com\/en\/producto\/victorinox-work-champ-navaja-multiusos-0-8564\/\" class=\"product_item_link\"><h3 class=\"product_archive_title\">Victorinox Work Champ Navaja grande multiusos con 21 funciones<\/h3><\/a><\/div>\t\t\n\t<a href=\"https:\/\/www.cuchillalia.com\/en\/producto\/victorinox-work-champ-navaja-multiusos-0-8564\/\"><span class=\"kt-notrated\">not rated<\/span><\/a>\n\t<span class=\"price\"><span class=\"woocommerce-Price-amount amount\"><bdi>95,99<span class=\"woocommerce-Price-currencySymbol\">&euro;<\/span><\/bdi><\/span><\/span>\n<div class=\"clearfix\"><\/div><\/div>\n\t<div class=\"product_action_wrap\"><a href=\"\/en\/wp-json\/wp\/v2\/product\/170399?add-to-cart=169946\" aria-describedby=\"woocommerce_loop_add_to_cart_link_describedby_169946\" data-quantity=\"1\" class=\"button product_type_simple add_to_cart_button ajax_add_to_cart\" data-product_id=\"169946\" data-product_sku=\"VI_0.8564\" aria-label=\"Add to cart: &ldquo;Victorinox Work Champ Navaja grande multiusos con 21 funciones&rdquo;\" rel=\"nofollow\" data-success_message=\"&ldquo;Victorinox Work Champ Navaja grande multiusos con 21 funciones&rdquo; has been added to your cart\" role=\"button\">Add to cart<\/a>\t<span id=\"woocommerce_loop_add_to_cart_link_describedby_169946\" class=\"screen-reader-text\">\n\t\t\t<\/span>\n\t\t\t<input type=\"hidden\" class=\"pmwProductId\" data-id=\"169946\">\n\t\t\t\t\t<script>\n\t\t\t(window.pmwDataLayer = window.pmwDataLayer || {}).products                = window.pmwDataLayer.products || {};\n\t\t\twindow.pmwDataLayer.products[169946] = {\"id\":\"169946\",\"sku\":\"VI_0.8564\",\"price\":95.989999999999995,\"brand\":\"\",\"quantity\":1,\"dyn_r_ids\":{\"post_id\":\"169946\",\"sku\":\"VI_0.8564\",\"gpf\":\"woocommerce_gpf_169946\",\"gla\":\"gla_169946\"},\"is_variable\":false,\"type\":\"simple\",\"name\":\"Victorinox Work Champ Navaja grande multiusos con 21 funciones\",\"category\":[\"Navajas\",\"Navajas grandes de Victorinox\"],\"is_variation\":false};\n\t\t\t\t\twindow.pmw_product_position = window.pmw_product_position || 1;\n\t\twindow.pmwDataLayer.products[169946]['position'] = window.pmw_product_position++;\n\t\t\t\t<\/script>\n\t\t<\/div><\/div><\/li><\/ul>\n<\/div>\n","protected":false},"excerpt":{"rendered":"<p>Funda negra de piel con enganche giratorio para el cintur\u00f3n, para multiusos y multiherramientas <strong>Victorinox 4.0524.31<\/strong>.&hellip; <a class=\"kt-excerpt-readmore more-link\" href=\"https:\/\/www.cuchillalia.com\/en\/producto\/funda-negra-piel-multiusos-victorinox-4-0524-31-giratorio\/\" aria-label=\"Funda negra de piel para multiusos Victorinox 4.0524.31 enganche giratorio\">Read More<\/a><\/p>\n","protected":false},"featured_media":170396,"comment_status":"open","ping_status":"closed","template":"","meta":[],"product_brand":[],"product_cat":[15821],"product_tag":[],"class_list":{"0":"post-170399","1":"product","2":"type-product","3":"status-publish","4":"has-post-thumbnail","6":"product_cat-fundas-navajas-victorinox","8":"first","9":"outofstock","10":"taxable","11":"shipping-taxable","12":"purchasable","13":"product-type-simple"},"yoast_head":"<!-- This site is optimized with the Yoast SEO plugin v27.5 - https:\/\/yoast.com\/product\/yoast-seo-wordpress\/ -->\n<title>Funda negra de piel para multiusos Victorinox 4.0524.31 enganche giratorio - Cuchillalia.com<\/title>\n<meta name=\"robots\" content=\"index, follow, max-snippet:-1, max-image-preview:large, max-video-preview:-1\" \/>\n<link rel=\"canonical\" href=\"https:\/\/www.cuchillalia.com\/producto\/funda-negra-piel-multiusos-victorinox-4-0524-31-giratorio\/\" \/>\n<meta property=\"og:locale\" content=\"en_US\" \/>\n<meta property=\"og:type\" content=\"article\" \/>\n<meta property=\"og:title\" content=\"Funda negra de piel para multiusos Victorinox 4.0524.31 enganche giratorio - Cuchillalia.com\" \/>\n<meta property=\"og:description\" content=\"Funda negra de piel con enganche giratorio para el cintur\u00f3n, para multiusos y multiherramientas Victorinox 4.0524.31.&hellip; Read More\" \/>\n<meta property=\"og:url\" content=\"https:\/\/www.cuchillalia.com\/producto\/funda-negra-piel-multiusos-victorinox-4-0524-31-giratorio\/\" \/>\n<meta property=\"og:site_name\" content=\"Cuchillalia.com\" \/>\n<meta property=\"article:publisher\" content=\"http:\/\/www.facebook.com\/cuchillalia\" \/>\n<meta property=\"article:modified_time\" content=\"2025-08-05T21:47:19+00:00\" \/>\n<meta property=\"og:image\" content=\"https:\/\/www.cuchillalia.com\/wordpress\/wp-content\/uploads\/2023\/08\/funda-negra-piel-giratorio-cinturon-victorinox-4-0524-31.jpg\" \/>\n\t<meta property=\"og:image:width\" content=\"1300\" \/>\n\t<meta property=\"og:image:height\" content=\"1300\" \/>\n\t<meta property=\"og:image:type\" content=\"image\/jpeg\" \/>\n<meta name=\"twitter:card\" content=\"summary_large_image\" \/>\n<meta name=\"twitter:site\" content=\"@Cuchillalia\" \/>\n<meta name=\"twitter:label1\" content=\"Est. reading time\" \/>\n\t<meta name=\"twitter:data1\" content=\"2 minutes\" \/>\n<!-- \/ Yoast SEO plugin. -->","yoast_head_json":{"title":"Funda negra de piel para multiusos Victorinox 4.0524.31 enganche giratorio - Cuchillalia.com","robots":{"index":"index","follow":"follow","max-snippet":"max-snippet:-1","max-image-preview":"max-image-preview:large","max-video-preview":"max-video-preview:-1"},"canonical":"https:\/\/www.cuchillalia.com\/producto\/funda-negra-piel-multiusos-victorinox-4-0524-31-giratorio\/","og_locale":"en_US","og_type":"article","og_title":"Funda negra de piel para multiusos Victorinox 4.0524.31 enganche giratorio - Cuchillalia.com","og_description":"Funda negra de piel con enganche giratorio para el cintur\u00f3n, para multiusos y multiherramientas Victorinox 4.0524.31.&hellip; Read More","og_url":"https:\/\/www.cuchillalia.com\/producto\/funda-negra-piel-multiusos-victorinox-4-0524-31-giratorio\/","og_site_name":"Cuchillalia.com","article_publisher":"http:\/\/www.facebook.com\/cuchillalia","article_modified_time":"2025-08-05T21:47:19+00:00","og_image":[{"width":1300,"height":1300,"url":"https:\/\/www.cuchillalia.com\/wordpress\/wp-content\/uploads\/2023\/08\/funda-negra-piel-giratorio-cinturon-victorinox-4-0524-31.jpg","type":"image\/jpeg"}],"twitter_card":"summary_large_image","twitter_site":"@Cuchillalia","twitter_misc":{"Est. reading time":"2 minutes"},"schema":{"@context":"https:\/\/schema.org","@graph":[{"@type":"WebPage","@id":"https:\/\/www.cuchillalia.com\/producto\/funda-negra-piel-multiusos-victorinox-4-0524-31-giratorio\/","url":"https:\/\/www.cuchillalia.com\/producto\/funda-negra-piel-multiusos-victorinox-4-0524-31-giratorio\/","name":"Funda negra de piel para multiusos Victorinox 4.0524.31 enganche giratorio - Cuchillalia.com","isPartOf":{"@id":"https:\/\/www.cuchillalia.com\/#website"},"primaryImageOfPage":{"@id":"https:\/\/www.cuchillalia.com\/producto\/funda-negra-piel-multiusos-victorinox-4-0524-31-giratorio\/#primaryimage"},"image":{"@id":"https:\/\/www.cuchillalia.com\/producto\/funda-negra-piel-multiusos-victorinox-4-0524-31-giratorio\/#primaryimage"},"thumbnailUrl":"https:\/\/www.cuchillalia.com\/wordpress\/wp-content\/uploads\/2023\/08\/funda-negra-piel-giratorio-cinturon-victorinox-4-0524-31.jpg","datePublished":"2023-08-02T22:26:43+00:00","dateModified":"2025-08-05T21:47:19+00:00","breadcrumb":{"@id":"https:\/\/www.cuchillalia.com\/producto\/funda-negra-piel-multiusos-victorinox-4-0524-31-giratorio\/#breadcrumb"},"inLanguage":"en-US","potentialAction":[{"@type":"ReadAction","target":["https:\/\/www.cuchillalia.com\/producto\/funda-negra-piel-multiusos-victorinox-4-0524-31-giratorio\/"]}]},{"@type":"ImageObject","inLanguage":"en-US","@id":"https:\/\/www.cuchillalia.com\/producto\/funda-negra-piel-multiusos-victorinox-4-0524-31-giratorio\/#primaryimage","url":"https:\/\/www.cuchillalia.com\/wordpress\/wp-content\/uploads\/2023\/08\/funda-negra-piel-giratorio-cinturon-victorinox-4-0524-31.jpg","contentUrl":"https:\/\/www.cuchillalia.com\/wordpress\/wp-content\/uploads\/2023\/08\/funda-negra-piel-giratorio-cinturon-victorinox-4-0524-31.jpg","width":1300,"height":1300,"caption":"Funda negra de piel con enganche giratorio para el cintur\u00f3n para multiusos grandes de Victorinox - Cuchillalia.com"},{"@type":"BreadcrumbList","@id":"https:\/\/www.cuchillalia.com\/producto\/funda-negra-piel-multiusos-victorinox-4-0524-31-giratorio\/#breadcrumb","itemListElement":[{"@type":"ListItem","position":1,"name":"Cuchillalia","item":"https:\/\/www.cuchillalia.com\/en\/"},{"@type":"ListItem","position":2,"name":"Tienda","item":"https:\/\/www.cuchillalia.com\/tienda\/"},{"@type":"ListItem","position":3,"name":"Marcas","item":"https:\/\/www.cuchillalia.com\/categoria\/marcas\/"},{"@type":"ListItem","position":4,"name":"Navajas Victorinox","item":"https:\/\/www.cuchillalia.com\/categoria\/marcas\/victorinox\/"},{"@type":"ListItem","position":5,"name":"Fundas Victorinox","item":"https:\/\/www.cuchillalia.com\/categoria\/marcas\/victorinox\/fundas-navajas-victorinox\/"},{"@type":"ListItem","position":6,"name":"Funda negra de piel para multiusos Victorinox 4.0524.31 enganche giratorio"}]},{"@type":"WebSite","@id":"https:\/\/www.cuchillalia.com\/#website","url":"https:\/\/www.cuchillalia.com\/","name":"Cuchillalia.com","description":"","publisher":{"@id":"https:\/\/www.cuchillalia.com\/#organization"},"potentialAction":[{"@type":"SearchAction","target":{"@type":"EntryPoint","urlTemplate":"https:\/\/www.cuchillalia.com\/?s={search_term_string}"},"query-input":{"@type":"PropertyValueSpecification","valueRequired":true,"valueName":"search_term_string"}}],"inLanguage":"en-US"},{"@type":"Organization","@id":"https:\/\/www.cuchillalia.com\/#organization","name":"Cuchillalia","url":"https:\/\/www.cuchillalia.com\/","logo":{"@type":"ImageObject","inLanguage":"en-US","@id":"https:\/\/www.cuchillalia.com\/#\/schema\/logo\/image\/","url":"https:\/\/www.cuchillalia.com\/wordpress\/wp-content\/uploads\/2021\/03\/logo-cuchillalia-jpg.jpg","contentUrl":"https:\/\/www.cuchillalia.com\/wordpress\/wp-content\/uploads\/2021\/03\/logo-cuchillalia-jpg.jpg","width":276,"height":192,"caption":"Cuchillalia"},"image":{"@id":"https:\/\/www.cuchillalia.com\/#\/schema\/logo\/image\/"},"sameAs":["http:\/\/www.facebook.com\/cuchillalia","https:\/\/x.com\/Cuchillalia"]}]}},"_links":{"self":[{"href":"https:\/\/www.cuchillalia.com\/en\/wp-json\/wp\/v2\/product\/170399","targetHints":{"allow":["GET"]}}],"collection":[{"href":"https:\/\/www.cuchillalia.com\/en\/wp-json\/wp\/v2\/product"}],"about":[{"href":"https:\/\/www.cuchillalia.com\/en\/wp-json\/wp\/v2\/types\/product"}],"replies":[{"embeddable":true,"href":"https:\/\/www.cuchillalia.com\/en\/wp-json\/wp\/v2\/comments?post=170399"}],"wp:featuredmedia":[{"embeddable":true,"href":"https:\/\/www.cuchillalia.com\/en\/wp-json\/wp\/v2\/media\/170396"}],"wp:attachment":[{"href":"https:\/\/www.cuchillalia.com\/en\/wp-json\/wp\/v2\/media?parent=170399"}],"wp:term":[{"taxonomy":"product_brand","embeddable":true,"href":"https:\/\/www.cuchillalia.com\/en\/wp-json\/wp\/v2\/product_brand?post=170399"},{"taxonomy":"product_cat","embeddable":true,"href":"https:\/\/www.cuchillalia.com\/en\/wp-json\/wp\/v2\/product_cat?post=170399"},{"taxonomy":"product_tag","embeddable":true,"href":"https:\/\/www.cuchillalia.com\/en\/wp-json\/wp\/v2\/product_tag?post=170399"}],"curies":[{"name":"wp","href":"https:\/\/api.w.org\/{rel}","templated":true}]}}