{"id":169552,"date":"2023-07-01T15:11:49","date_gmt":"2023-07-01T13:11:49","guid":{"rendered":"https:\/\/www.cuchillalia.com\/?post_type=product&#038;p=169552"},"modified":"2025-07-03T21:35:34","modified_gmt":"2025-07-03T19:35:34","slug":"guante-malla-acero-niroflex-2000-xxs-marron-gs2010000000","status":"publish","type":"product","link":"https:\/\/www.cuchillalia.com\/en\/producto\/guante-malla-acero-niroflex-2000-xxs-marron-gs2010000000\/","title":{"rendered":"Guante de malla de acero Niroflex 2000 talla XXS Marr\u00f3n"},"content":{"rendered":"<h2>Tabla de caracter\u00edsticas Guante de malla marr\u00f3n Niroflex 2000<\/h2>\n<div class='tabla-caracteristicas'>\n<div class='fila'><span class='etiqueta'>Nombre comercial:<\/span><span class='valor'><strong>Guante de malla 2000 XXS\/marr\u00f3n<\/strong><\/span><\/div>\n<div class='fila'><span class='etiqueta'>Fabricante:<\/span><span class='valor'>Niroflex<\/span><\/div>\n<div class='fila'><span class='etiqueta'>Referencia del fabricante:<\/span><span class='valor'>GS 201 000 0000<\/span><\/div>\n<div class='fila'><span class='etiqueta'>Medidas:<\/span><span class='valor'>Talla 0 XXS<br \/>\nColor marr\u00f3n<\/span><\/div>\n<div class='fila'><span class='etiqueta'>Material:<\/span><span class='valor'>Acero inoxidable<\/span><\/div>\n<div class='fila'><span class='etiqueta'>Peso del producto:<\/span><span class='valor'>160 g<\/span><\/div>\n<div class='fila'><span class='etiqueta'>\u00bfDonde se fabrica?:<\/span><span class='valor'>Alemania<\/span><\/div>\n<div class='fila'><span class='etiqueta'>C\u00f3digo de barras (GTIN):<\/span><span class='valor'>4040628000446<\/span><\/div>\n<div class='fila'><span class='etiqueta'>Observaciones:<\/span><span class='valor'>&#8211; Guante reversible para poder usarlo en ambas manos.<br \/>\n&#8211; Dise\u00f1o ergon\u00f3mico.<br \/>\n&#8211; Cierre mediante gancho met\u00e1lico patentado.<br \/>\n&#8211; Certificados seg\u00fan DIN EN 1082-1\/ISO 13999-1.<\/span><\/div>\n<\/div>\n","protected":false},"excerpt":{"rendered":"<p><strong>Guante de malla marr\u00f3n<\/strong>, de <strong>talla 0 XXS<\/strong>, fabricado por <strong>Niroflex<\/strong> de la serie <strong>2000<\/strong>\u00a0(1 unidad).&hellip; <a class=\"kt-excerpt-readmore more-link\" href=\"https:\/\/www.cuchillalia.com\/en\/producto\/guante-malla-acero-niroflex-2000-xxs-marron-gs2010000000\/\" aria-label=\"Guante de malla de acero Niroflex 2000 talla XXS Marr\u00f3n\">Read More<\/a><\/p>\n","protected":false},"featured_media":169556,"comment_status":"open","ping_status":"closed","template":"","meta":[],"product_brand":[],"product_cat":[8386],"product_tag":[],"class_list":{"0":"post-169552","1":"product","2":"type-product","3":"status-publish","4":"has-post-thumbnail","6":"product_cat-guantes-anticorte","8":"first","9":"onbackorder","10":"taxable","11":"shipping-taxable","12":"purchasable","13":"product-type-simple"},"yoast_head":"<!-- This site is optimized with the Yoast SEO plugin v27.5 - https:\/\/yoast.com\/product\/yoast-seo-wordpress\/ -->\n<title>Guante de malla de acero Niroflex 2000 talla XXS Marr\u00f3n - Cuchillalia.com<\/title>\n<meta name=\"robots\" content=\"index, follow, max-snippet:-1, max-image-preview:large, max-video-preview:-1\" \/>\n<link rel=\"canonical\" href=\"https:\/\/www.cuchillalia.com\/producto\/guante-malla-acero-niroflex-2000-xxs-marron-gs2010000000\/\" \/>\n<meta property=\"og:locale\" content=\"en_US\" \/>\n<meta property=\"og:type\" content=\"article\" \/>\n<meta property=\"og:title\" content=\"Guante de malla de acero Niroflex 2000 talla XXS Marr\u00f3n - Cuchillalia.com\" \/>\n<meta property=\"og:description\" content=\"Guante de malla marr\u00f3n, de talla 0 XXS, fabricado por Niroflex de la serie 2000\u00a0(1 unidad).&hellip; Read More\" \/>\n<meta property=\"og:url\" content=\"https:\/\/www.cuchillalia.com\/producto\/guante-malla-acero-niroflex-2000-xxs-marron-gs2010000000\/\" \/>\n<meta property=\"og:site_name\" content=\"Cuchillalia.com\" \/>\n<meta property=\"article:publisher\" content=\"http:\/\/www.facebook.com\/cuchillalia\" \/>\n<meta property=\"article:modified_time\" content=\"2025-07-03T19:35:34+00:00\" \/>\n<meta property=\"og:image\" content=\"https:\/\/www.cuchillalia.com\/wordpress\/wp-content\/uploads\/2023\/07\/niroflex-2000-guante-malla-acero-talla-marron.jpg\" \/>\n\t<meta property=\"og:image:width\" content=\"1000\" \/>\n\t<meta property=\"og:image:height\" content=\"1000\" \/>\n\t<meta property=\"og:image:type\" content=\"image\/jpeg\" \/>\n<meta name=\"twitter:card\" content=\"summary_large_image\" \/>\n<meta name=\"twitter:site\" content=\"@Cuchillalia\" \/>\n<meta name=\"twitter:label1\" content=\"Est. reading time\" \/>\n\t<meta name=\"twitter:data1\" content=\"1 minute\" \/>\n<!-- \/ Yoast SEO plugin. -->","yoast_head_json":{"title":"Guante de malla de acero Niroflex 2000 talla XXS Marr\u00f3n - Cuchillalia.com","robots":{"index":"index","follow":"follow","max-snippet":"max-snippet:-1","max-image-preview":"max-image-preview:large","max-video-preview":"max-video-preview:-1"},"canonical":"https:\/\/www.cuchillalia.com\/producto\/guante-malla-acero-niroflex-2000-xxs-marron-gs2010000000\/","og_locale":"en_US","og_type":"article","og_title":"Guante de malla de acero Niroflex 2000 talla XXS Marr\u00f3n - Cuchillalia.com","og_description":"Guante de malla marr\u00f3n, de talla 0 XXS, fabricado por Niroflex de la serie 2000\u00a0(1 unidad).&hellip; Read More","og_url":"https:\/\/www.cuchillalia.com\/producto\/guante-malla-acero-niroflex-2000-xxs-marron-gs2010000000\/","og_site_name":"Cuchillalia.com","article_publisher":"http:\/\/www.facebook.com\/cuchillalia","article_modified_time":"2025-07-03T19:35:34+00:00","og_image":[{"width":1000,"height":1000,"url":"https:\/\/www.cuchillalia.com\/wordpress\/wp-content\/uploads\/2023\/07\/niroflex-2000-guante-malla-acero-talla-marron.jpg","type":"image\/jpeg"}],"twitter_card":"summary_large_image","twitter_site":"@Cuchillalia","twitter_misc":{"Est. reading time":"1 minute"},"schema":{"@context":"https:\/\/schema.org","@graph":[{"@type":"WebPage","@id":"https:\/\/www.cuchillalia.com\/producto\/guante-malla-acero-niroflex-2000-xxs-marron-gs2010000000\/","url":"https:\/\/www.cuchillalia.com\/producto\/guante-malla-acero-niroflex-2000-xxs-marron-gs2010000000\/","name":"Guante de malla de acero Niroflex 2000 talla XXS Marr\u00f3n - Cuchillalia.com","isPartOf":{"@id":"https:\/\/www.cuchillalia.com\/#website"},"primaryImageOfPage":{"@id":"https:\/\/www.cuchillalia.com\/producto\/guante-malla-acero-niroflex-2000-xxs-marron-gs2010000000\/#primaryimage"},"image":{"@id":"https:\/\/www.cuchillalia.com\/producto\/guante-malla-acero-niroflex-2000-xxs-marron-gs2010000000\/#primaryimage"},"thumbnailUrl":"https:\/\/www.cuchillalia.com\/wordpress\/wp-content\/uploads\/2023\/07\/niroflex-2000-guante-malla-acero-talla-marron.jpg","datePublished":"2023-07-01T13:11:49+00:00","dateModified":"2025-07-03T19:35:34+00:00","breadcrumb":{"@id":"https:\/\/www.cuchillalia.com\/producto\/guante-malla-acero-niroflex-2000-xxs-marron-gs2010000000\/#breadcrumb"},"inLanguage":"en-US","potentialAction":[{"@type":"ReadAction","target":["https:\/\/www.cuchillalia.com\/producto\/guante-malla-acero-niroflex-2000-xxs-marron-gs2010000000\/"]}]},{"@type":"ImageObject","inLanguage":"en-US","@id":"https:\/\/www.cuchillalia.com\/producto\/guante-malla-acero-niroflex-2000-xxs-marron-gs2010000000\/#primaryimage","url":"https:\/\/www.cuchillalia.com\/wordpress\/wp-content\/uploads\/2023\/07\/niroflex-2000-guante-malla-acero-talla-marron.jpg","contentUrl":"https:\/\/www.cuchillalia.com\/wordpress\/wp-content\/uploads\/2023\/07\/niroflex-2000-guante-malla-acero-talla-marron.jpg","width":1000,"height":1000,"caption":"Guante de Malla de Acero Niroflex 2000 talla XXS Marr\u00f3n - Cuchillalia.com"},{"@type":"BreadcrumbList","@id":"https:\/\/www.cuchillalia.com\/producto\/guante-malla-acero-niroflex-2000-xxs-marron-gs2010000000\/#breadcrumb","itemListElement":[{"@type":"ListItem","position":1,"name":"Cuchillalia","item":"https:\/\/www.cuchillalia.com\/en\/"},{"@type":"ListItem","position":2,"name":"Tienda","item":"https:\/\/www.cuchillalia.com\/tienda\/"},{"@type":"ListItem","position":3,"name":"Accesorios para cuchillos","item":"https:\/\/www.cuchillalia.com\/categoria\/accesorios-cuchillos\/"},{"@type":"ListItem","position":4,"name":"Guantes anticorte","item":"https:\/\/www.cuchillalia.com\/categoria\/accesorios-cuchillos\/guantes-anticorte\/"},{"@type":"ListItem","position":5,"name":"Guante de malla de acero Niroflex 2000 talla XXS Marr\u00f3n"}]},{"@type":"WebSite","@id":"https:\/\/www.cuchillalia.com\/#website","url":"https:\/\/www.cuchillalia.com\/","name":"Cuchillalia.com","description":"","publisher":{"@id":"https:\/\/www.cuchillalia.com\/#organization"},"potentialAction":[{"@type":"SearchAction","target":{"@type":"EntryPoint","urlTemplate":"https:\/\/www.cuchillalia.com\/?s={search_term_string}"},"query-input":{"@type":"PropertyValueSpecification","valueRequired":true,"valueName":"search_term_string"}}],"inLanguage":"en-US"},{"@type":"Organization","@id":"https:\/\/www.cuchillalia.com\/#organization","name":"Cuchillalia","url":"https:\/\/www.cuchillalia.com\/","logo":{"@type":"ImageObject","inLanguage":"en-US","@id":"https:\/\/www.cuchillalia.com\/#\/schema\/logo\/image\/","url":"https:\/\/www.cuchillalia.com\/wordpress\/wp-content\/uploads\/2021\/03\/logo-cuchillalia-jpg.jpg","contentUrl":"https:\/\/www.cuchillalia.com\/wordpress\/wp-content\/uploads\/2021\/03\/logo-cuchillalia-jpg.jpg","width":276,"height":192,"caption":"Cuchillalia"},"image":{"@id":"https:\/\/www.cuchillalia.com\/#\/schema\/logo\/image\/"},"sameAs":["http:\/\/www.facebook.com\/cuchillalia","https:\/\/x.com\/Cuchillalia"]}]}},"_links":{"self":[{"href":"https:\/\/www.cuchillalia.com\/en\/wp-json\/wp\/v2\/product\/169552","targetHints":{"allow":["GET"]}}],"collection":[{"href":"https:\/\/www.cuchillalia.com\/en\/wp-json\/wp\/v2\/product"}],"about":[{"href":"https:\/\/www.cuchillalia.com\/en\/wp-json\/wp\/v2\/types\/product"}],"replies":[{"embeddable":true,"href":"https:\/\/www.cuchillalia.com\/en\/wp-json\/wp\/v2\/comments?post=169552"}],"wp:featuredmedia":[{"embeddable":true,"href":"https:\/\/www.cuchillalia.com\/en\/wp-json\/wp\/v2\/media\/169556"}],"wp:attachment":[{"href":"https:\/\/www.cuchillalia.com\/en\/wp-json\/wp\/v2\/media?parent=169552"}],"wp:term":[{"taxonomy":"product_brand","embeddable":true,"href":"https:\/\/www.cuchillalia.com\/en\/wp-json\/wp\/v2\/product_brand?post=169552"},{"taxonomy":"product_cat","embeddable":true,"href":"https:\/\/www.cuchillalia.com\/en\/wp-json\/wp\/v2\/product_cat?post=169552"},{"taxonomy":"product_tag","embeddable":true,"href":"https:\/\/www.cuchillalia.com\/en\/wp-json\/wp\/v2\/product_tag?post=169552"}],"curies":[{"name":"wp","href":"https:\/\/api.w.org\/{rel}","templated":true}]}}