{"id":168684,"date":"2023-05-21T15:44:55","date_gmt":"2023-05-21T13:44:55","guid":{"rendered":"https:\/\/www.cuchillalia.com\/?post_type=product&#038;p=168684"},"modified":"2026-04-23T12:57:41","modified_gmt":"2026-04-23T10:57:41","slug":"recambio-afilador-profesional-arcos-71607","status":"publish","type":"product","link":"https:\/\/www.cuchillalia.com\/en\/producto\/recambio-afilador-profesional-arcos-71607\/","title":{"rendered":"Recambio para afilador Arcos 610000 (ref. 71607)"},"content":{"rendered":"<p>Si tienes el <a href=\"https:\/\/www.cuchillalia.com\/producto\/afilador-profesional-arcos-610000-negro\/\"><strong>afilador profesional Arcos<\/strong><\/a> y notas que ya no afila como el primer d\u00eda, necesitas este <strong>recambio para afilador Arcos<\/strong>. Este producto de la prestigiosa marca Arcos est\u00e1 dise\u00f1ado para ofrecer una funcionalidad \u00f3ptima, garantizando un afilado profesional. El recambio est\u00e1 destinado a sustituir la pieza original en caso de desgaste o fallo mec\u00e1nico, para que tu afilador siempre est\u00e9 listo para la acci\u00f3n. Este es el <strong>recambio original para afilador Arcos<\/strong>, ideal para quienes buscan la m\u00e1xima calidad en sus herramientas de cocina.<\/p>\n<h3>Recambio para afilador Arcos<\/h3>\n<ul>\n<li><strong>Fabricado en ABS resistente<\/strong>, que es un\u00a0material resistente y duradero que garantiza un rendimiento excepcional durante mucho tiempo.<\/li>\n<li>\u00bfPor qu\u00e9 comprar un nuevo afilador cuando puedes prolongar la vida del tuyo? <strong>Alarga la vida de tu afilador profesional de Arcos<\/strong> con este recambio original. Este repuesto es la soluci\u00f3n perfecta para mantener tu afilador Arcos en \u00f3ptimas condiciones.<\/li>\n<li>Compatible con el <a href=\"https:\/\/www.cuchillalia.com\/producto\/afilador-profesional-arcos-610000-negro\/\"><strong>afilador profesional Arcos de referencia 610000<\/strong><\/a> y con el de <strong>referencia 610100<\/strong> (de acero). Ha sido espec\u00edficamente dise\u00f1ado para adaptarse perfectamente a esos modelos de afiladores de Arcos, garantizando un funcionamiento \u00f3ptimo.<\/li>\n<\/ul>\n<p>Con este recambio original de Arcos, podr\u00e1s mantener tus cuchillos afilados y listos para realizar cortes precisos y r\u00e1pidos, como si fueran nuevos. Que nada te impida disfrutar de la cocina, ya sea en el \u00e1mbito profesional o en el dom\u00e9stico.<\/p>\n<p>As\u00ed que no lo pienses m\u00e1s. Consigue ya tu <strong>recambio para afilador profesional Arcos<\/strong> y prolonga la vida de tu afilador, manteniendo la alta calidad de corte de tus cuchillos.<\/p>\n<h2>Tabla de caracter\u00edsticas recambio para afilador profesional Arcos<\/h2>\n<div class=\"tabla-caracteristicas\">\n<div class=\"fila\"><span class=\"etiqueta\">Nombre comercial:<\/span><span class=\"valor\"><strong>Juego de repuesto para afilador profesional<\/strong><\/span><\/div>\n<div class=\"fila\"><span class=\"etiqueta\">Fabricante:<\/span><span class=\"valor\">Arcos<\/span><\/div>\n<div class=\"fila\"><span class=\"etiqueta\">Referencia del fabricante:<\/span><span class=\"valor\">71607<\/span><\/div>\n<div class=\"fila\"><span class=\"etiqueta\">Presentaci\u00f3n del producto:<\/span><span class=\"valor\">Blister de pl\u00e1stico<\/span><\/div>\n<div class=\"fila\"><span class=\"etiqueta\">C\u00f3digo de barras (GTIN):<\/span><span class=\"valor\">9120014630763<\/span><\/div>\n<\/div>\n<h3>Otros afiladores de cuchillos<\/h3>\n<p>En <strong>Cuchillalia.com<\/strong> intentamos ofrecer un abanico amplio de opciones de compra. Si no te cuadra este afilador profesional, te ofrecemos otros <a href=\"https:\/\/www.cuchillalia.com\/categoria\/accesorios-cuchillos\/afiladores\/\"><strong>afiladores de cuchillos<\/strong><\/a> alternativos. Tambi\u00e9n disponemos de <a href=\"https:\/\/www.cuchillalia.com\/categoria\/accesorios-cuchillos\/piedras-afilar\/\"><strong>piedras para afilar<\/strong><\/a> o <a href=\"https:\/\/www.cuchillalia.com\/categoria\/accesorios-cuchillos\/chairas\/\"><strong>chairas<\/strong><\/a>.<\/p>\n","protected":false},"excerpt":{"rendered":"<p><strong>Recambio original para afilador profesional Arcos<\/strong> para cuchillos.&hellip; <a class=\"kt-excerpt-readmore more-link\" href=\"https:\/\/www.cuchillalia.com\/en\/producto\/recambio-afilador-profesional-arcos-71607\/\" aria-label=\"Recambio para afilador Arcos 610000 (ref. 71607)\">Read More<\/a><\/p>\n","protected":false},"featured_media":168678,"comment_status":"open","ping_status":"closed","template":"","meta":[],"product_brand":[],"product_cat":[8328,8350],"product_tag":[],"class_list":{"0":"post-168684","1":"product","2":"type-product","3":"status-publish","4":"has-post-thumbnail","6":"product_cat-afiladores","7":"product_cat-recambios-arcos","9":"first","10":"instock","11":"taxable","12":"shipping-taxable","13":"purchasable","14":"product-type-simple"},"yoast_head":"<!-- This site is optimized with the Yoast SEO plugin v27.5 - https:\/\/yoast.com\/product\/yoast-seo-wordpress\/ -->\n<title>Recambio para el Afilador Profesional de Arcos | Cuchillalia.com<\/title>\n<meta name=\"description\" content=\"Descubre el recambio original para afilador Arcos. Soluci\u00f3n ideal para mantener tu afilador en \u00f3ptimas condiciones y prolongar su vida \u00fatil.\" \/>\n<meta name=\"robots\" content=\"index, follow, max-snippet:-1, max-image-preview:large, max-video-preview:-1\" \/>\n<link rel=\"canonical\" href=\"https:\/\/www.cuchillalia.com\/producto\/recambio-afilador-profesional-arcos-71607\/\" \/>\n<meta property=\"og:locale\" content=\"en_US\" \/>\n<meta property=\"og:type\" content=\"article\" \/>\n<meta property=\"og:title\" content=\"Recambio para el Afilador Profesional de Arcos | Cuchillalia.com\" \/>\n<meta property=\"og:description\" content=\"Descubre el recambio original para afilador Arcos. Soluci\u00f3n ideal para mantener tu afilador en \u00f3ptimas condiciones y prolongar su vida \u00fatil.\" \/>\n<meta property=\"og:url\" content=\"https:\/\/www.cuchillalia.com\/producto\/recambio-afilador-profesional-arcos-71607\/\" \/>\n<meta property=\"og:site_name\" content=\"Cuchillalia.com\" \/>\n<meta property=\"article:publisher\" content=\"http:\/\/www.facebook.com\/cuchillalia\" \/>\n<meta property=\"article:modified_time\" content=\"2026-04-23T10:57:41+00:00\" \/>\n<meta property=\"og:image\" content=\"https:\/\/www.cuchillalia.com\/wordpress\/wp-content\/uploads\/2023\/05\/recambio-afilador-profesional-arcos-610000-071607.jpg\" \/>\n\t<meta property=\"og:image:width\" content=\"1000\" \/>\n\t<meta property=\"og:image:height\" content=\"1000\" \/>\n\t<meta property=\"og:image:type\" content=\"image\/jpeg\" \/>\n<meta name=\"twitter:card\" content=\"summary_large_image\" \/>\n<meta name=\"twitter:site\" content=\"@Cuchillalia\" \/>\n<meta name=\"twitter:label1\" content=\"Est. reading time\" \/>\n\t<meta name=\"twitter:data1\" content=\"2 minutes\" \/>\n<!-- \/ Yoast SEO plugin. -->","yoast_head_json":{"title":"Recambio para el Afilador Profesional de Arcos | Cuchillalia.com","description":"Descubre el recambio original para afilador Arcos. Soluci\u00f3n ideal para mantener tu afilador en \u00f3ptimas condiciones y prolongar su vida \u00fatil.","robots":{"index":"index","follow":"follow","max-snippet":"max-snippet:-1","max-image-preview":"max-image-preview:large","max-video-preview":"max-video-preview:-1"},"canonical":"https:\/\/www.cuchillalia.com\/producto\/recambio-afilador-profesional-arcos-71607\/","og_locale":"en_US","og_type":"article","og_title":"Recambio para el Afilador Profesional de Arcos | Cuchillalia.com","og_description":"Descubre el recambio original para afilador Arcos. Soluci\u00f3n ideal para mantener tu afilador en \u00f3ptimas condiciones y prolongar su vida \u00fatil.","og_url":"https:\/\/www.cuchillalia.com\/producto\/recambio-afilador-profesional-arcos-71607\/","og_site_name":"Cuchillalia.com","article_publisher":"http:\/\/www.facebook.com\/cuchillalia","article_modified_time":"2026-04-23T10:57:41+00:00","og_image":[{"width":1000,"height":1000,"url":"https:\/\/www.cuchillalia.com\/wordpress\/wp-content\/uploads\/2023\/05\/recambio-afilador-profesional-arcos-610000-071607.jpg","type":"image\/jpeg"}],"twitter_card":"summary_large_image","twitter_site":"@Cuchillalia","twitter_misc":{"Est. reading time":"2 minutes"},"schema":{"@context":"https:\/\/schema.org","@graph":[{"@type":"WebPage","@id":"https:\/\/www.cuchillalia.com\/producto\/recambio-afilador-profesional-arcos-71607\/","url":"https:\/\/www.cuchillalia.com\/producto\/recambio-afilador-profesional-arcos-71607\/","name":"Recambio para el Afilador Profesional de Arcos | Cuchillalia.com","isPartOf":{"@id":"https:\/\/www.cuchillalia.com\/#website"},"primaryImageOfPage":{"@id":"https:\/\/www.cuchillalia.com\/producto\/recambio-afilador-profesional-arcos-71607\/#primaryimage"},"image":{"@id":"https:\/\/www.cuchillalia.com\/producto\/recambio-afilador-profesional-arcos-71607\/#primaryimage"},"thumbnailUrl":"https:\/\/www.cuchillalia.com\/wordpress\/wp-content\/uploads\/2023\/05\/recambio-afilador-profesional-arcos-610000-071607.jpg","datePublished":"2023-05-21T13:44:55+00:00","dateModified":"2026-04-23T10:57:41+00:00","description":"Descubre el recambio original para afilador Arcos. Soluci\u00f3n ideal para mantener tu afilador en \u00f3ptimas condiciones y prolongar su vida \u00fatil.","breadcrumb":{"@id":"https:\/\/www.cuchillalia.com\/producto\/recambio-afilador-profesional-arcos-71607\/#breadcrumb"},"inLanguage":"en-US","potentialAction":[{"@type":"ReadAction","target":["https:\/\/www.cuchillalia.com\/producto\/recambio-afilador-profesional-arcos-71607\/"]}]},{"@type":"ImageObject","inLanguage":"en-US","@id":"https:\/\/www.cuchillalia.com\/producto\/recambio-afilador-profesional-arcos-71607\/#primaryimage","url":"https:\/\/www.cuchillalia.com\/wordpress\/wp-content\/uploads\/2023\/05\/recambio-afilador-profesional-arcos-610000-071607.jpg","contentUrl":"https:\/\/www.cuchillalia.com\/wordpress\/wp-content\/uploads\/2023\/05\/recambio-afilador-profesional-arcos-610000-071607.jpg","width":1000,"height":1000,"caption":"Recambio para el afilador profesional Arcos 610000 - Cuchillalia.com"},{"@type":"BreadcrumbList","@id":"https:\/\/www.cuchillalia.com\/producto\/recambio-afilador-profesional-arcos-71607\/#breadcrumb","itemListElement":[{"@type":"ListItem","position":1,"name":"Cuchillalia","item":"https:\/\/www.cuchillalia.com\/en\/"},{"@type":"ListItem","position":2,"name":"Tienda","item":"https:\/\/www.cuchillalia.com\/tienda\/"},{"@type":"ListItem","position":3,"name":"Marcas","item":"https:\/\/www.cuchillalia.com\/categoria\/marcas\/"},{"@type":"ListItem","position":4,"name":"Arcos","item":"https:\/\/www.cuchillalia.com\/categoria\/marcas\/arcos\/"},{"@type":"ListItem","position":5,"name":"Recambios para productos Arcos","item":"https:\/\/www.cuchillalia.com\/categoria\/marcas\/arcos\/recambios-arcos\/"},{"@type":"ListItem","position":6,"name":"Recambio para afilador Arcos 610000 (ref. 71607)"}]},{"@type":"WebSite","@id":"https:\/\/www.cuchillalia.com\/#website","url":"https:\/\/www.cuchillalia.com\/","name":"Cuchillalia.com","description":"","publisher":{"@id":"https:\/\/www.cuchillalia.com\/#organization"},"potentialAction":[{"@type":"SearchAction","target":{"@type":"EntryPoint","urlTemplate":"https:\/\/www.cuchillalia.com\/?s={search_term_string}"},"query-input":{"@type":"PropertyValueSpecification","valueRequired":true,"valueName":"search_term_string"}}],"inLanguage":"en-US"},{"@type":"Organization","@id":"https:\/\/www.cuchillalia.com\/#organization","name":"Cuchillalia","url":"https:\/\/www.cuchillalia.com\/","logo":{"@type":"ImageObject","inLanguage":"en-US","@id":"https:\/\/www.cuchillalia.com\/#\/schema\/logo\/image\/","url":"https:\/\/www.cuchillalia.com\/wordpress\/wp-content\/uploads\/2021\/03\/logo-cuchillalia-jpg.jpg","contentUrl":"https:\/\/www.cuchillalia.com\/wordpress\/wp-content\/uploads\/2021\/03\/logo-cuchillalia-jpg.jpg","width":276,"height":192,"caption":"Cuchillalia"},"image":{"@id":"https:\/\/www.cuchillalia.com\/#\/schema\/logo\/image\/"},"sameAs":["http:\/\/www.facebook.com\/cuchillalia","https:\/\/x.com\/Cuchillalia"]}]}},"_links":{"self":[{"href":"https:\/\/www.cuchillalia.com\/en\/wp-json\/wp\/v2\/product\/168684","targetHints":{"allow":["GET"]}}],"collection":[{"href":"https:\/\/www.cuchillalia.com\/en\/wp-json\/wp\/v2\/product"}],"about":[{"href":"https:\/\/www.cuchillalia.com\/en\/wp-json\/wp\/v2\/types\/product"}],"replies":[{"embeddable":true,"href":"https:\/\/www.cuchillalia.com\/en\/wp-json\/wp\/v2\/comments?post=168684"}],"wp:featuredmedia":[{"embeddable":true,"href":"https:\/\/www.cuchillalia.com\/en\/wp-json\/wp\/v2\/media\/168678"}],"wp:attachment":[{"href":"https:\/\/www.cuchillalia.com\/en\/wp-json\/wp\/v2\/media?parent=168684"}],"wp:term":[{"taxonomy":"product_brand","embeddable":true,"href":"https:\/\/www.cuchillalia.com\/en\/wp-json\/wp\/v2\/product_brand?post=168684"},{"taxonomy":"product_cat","embeddable":true,"href":"https:\/\/www.cuchillalia.com\/en\/wp-json\/wp\/v2\/product_cat?post=168684"},{"taxonomy":"product_tag","embeddable":true,"href":"https:\/\/www.cuchillalia.com\/en\/wp-json\/wp\/v2\/product_tag?post=168684"}],"curies":[{"name":"wp","href":"https:\/\/api.w.org\/{rel}","templated":true}]}}