{"id":167547,"date":"2023-02-22T08:48:40","date_gmt":"2023-02-22T07:48:40","guid":{"rendered":"https:\/\/www.cuchillalia.com\/?post_type=product&#038;p=167547"},"modified":"2025-07-03T20:11:06","modified_gmt":"2025-07-03T18:11:06","slug":"hachuela-filetear-carne-18-cm-3-mm-550-g-3-claveles-961","status":"publish","type":"product","link":"https:\/\/www.cuchillalia.com\/en\/producto\/hachuela-filetear-carne-18-cm-3-mm-550-g-3-claveles-961\/","title":{"rendered":"Hachuela para filetear carne de 18 cm\/3 mm (550 g) &#8211; 3 Claveles 961"},"content":{"rendered":"<p>La <strong>hachuela para filetear carne de 18 cm de 3 Claveles<\/strong> es una herramienta esencial para cualquier aficionado a la cocina que desee preparar sus propias carnes con facilidad y precisi\u00f3n. Esta hachuela de alta calidad est\u00e1 dise\u00f1ada para cortar y trocear grandes piezas de carne de manera sencilla y r\u00e1pida.<\/p>\n<p>La hoja est\u00e1 hecha de acero inoxidable de alta calidad, lo que la hace resistente a la corrosi\u00f3n y f\u00e1cil de limpiar. Su dureza es de HRc 56 Rockwell. Adem\u00e1s, el espesor de la hoja de 3 mm asegura que la hachuela sea duradera y resistente a los impactos, lo que la hace perfecta para cortar carnes de todo tipo.<\/p>\n<p>La hachuela tambi\u00e9n cuenta con un mango POM negro, que ofrece un agarre c\u00f3modo y seguro. Este mango es resistente al agua y a la temperatura. Admite lavavajillas.<\/p>\n<p>Este modelo tiene su hermano menor, la <a href='https:\/\/www.cuchillalia.com\/producto\/hachuela-filetear-carne-16-cm-3-mm-430-g-3-claveles-962\/'><strong>hachuela para filetear carne de 16 cm<\/strong><\/a> de hoja, con un menor peso. El modelo de 18 cm es ideal para cortar carnes grandes y gruesas, mientras que la de 16 cm es perfecta para piezas m\u00e1s peque\u00f1as.<\/p>\n<p>Con un peso de 550 g, la hachuela es lo suficientemente resistente para cortar piezas grandes de carne sin cansar al usuario, y su tama\u00f1o compacto facilita su almacenamiento.<\/p>\n<p>La hachuela para filetear carne de 18 cm de 3 Claveles viene presentada en una caja de cart\u00f3n a medida para protegerla durante el transporte y almacenamiento. Con esta hachuela, podr\u00e1s cortar piezas grandes de carne de manera sencilla, segura y r\u00e1pida, lo que la convierte en una herramienta esencial para cualquier cocinero en busca de perfecci\u00f3n.<\/p>\n<h2>Tabla de caracter\u00edsticas hachuela para filetear carne de 18 cm 3 Claveles<\/h2>\n<div class='tabla-caracteristicas'>\n<div class='fila'><span class='etiqueta'>Nombre comercial:<\/span><span class='valor'><strong>Hachuela Filetear 18 cm 549 g<\/strong><\/span><\/div>\n<div class='fila'><span class='etiqueta'>Fabricante:<\/span><span class='valor'>3 Claveles<\/span><\/div>\n<div class='fila'><span class='etiqueta'>Referencia del fabricante:<\/span><span class='valor'>961<\/span><\/div>\n<div class='fila'><span class='etiqueta'>Longitud de la hoja:<\/span><span class='valor'>18 cm \/ Espesor 3 mm<\/span><\/div>\n<div class='fila'><span class='etiqueta'>Material de la hoja:<\/span><span class='valor'>Acero inoxidable<\/span><\/div>\n<div class='fila'><span class='etiqueta'>Acabado:<\/span><span class='valor'>Pulido mate<\/span><\/div>\n<div class='fila'><span class='etiqueta'>Dureza:<\/span><span class='valor'>HRc 56 Rockwell<\/span><\/div>\n<div class='fila'><span class='etiqueta'>Material del mango:<\/span><span class='valor'>POM (polioximetileno) de color negro<\/span><\/div>\n<div class='fila'><span class='etiqueta'>\u00bfEs apto para zurdos?:<\/span><span class='valor'>Para diestros y zurdos<\/span><\/div>\n<div class='fila'><span class='etiqueta'>Peso del producto:<\/span><span class='valor'>549 g<\/span><\/div>\n<div class='fila'><span class='etiqueta'>Producci\u00f3n:<\/span><span class='valor'>Estampaci\u00f3n<\/span><\/div>\n<div class='fila'><span class='etiqueta'>Presentaci\u00f3n del producto:<\/span><span class='valor'>Caja o funda hoja<\/span><\/div>\n<div class='fila'><span class='etiqueta'>\u00bfEs apto para el lavavajillas?:<\/span><span class='valor'>Si<\/span><\/div>\n<div class='fila'><span class='etiqueta'>C\u00f3digo de barras (GTIN):<\/span><span class='valor'>8410990009617<\/span><\/div>\n<\/div>\n<h3>Otros modelos de hachuelas<\/h3>\n<p>\u00bfNo se adapta a tus necesidades esta hachuela de 3 Claveles?<\/p>\n<p>Echa un vistazo a otros <strong><a href='https:\/\/www.cuchillalia.com\/categoria\/cuchillos\/hachuelas\/'>cuchillos hachuela<\/a><\/strong> de nuestro cat\u00e1logo, como por ejemplo este modelo algo m\u00e1s pesada, la <a href='https:\/\/www.cuchillalia.com\/producto\/3-claveles-1194-hachuela-de-carnicero-20cmx5mm-uniblock\/'>hachuela de 950 g de 3 Claveles<\/a>, o incluso otro modelo m\u00e1s ligera a\u00fan, la <a href='https:\/\/www.cuchillalia.com\/producto\/arcos-282404-macheta-largo-160-mm-espesor-3-mm-310-g-aprox\/'>hachuela de 310 g de Arcos<\/a>.<\/p>\n","protected":false},"excerpt":{"rendered":"<p><strong>Hachuela para filetear carne de 18 cm de 550 g<\/strong>\u00a0y 3 mm de espesor, de <strong>3 Claveles<\/strong>, referencia 961.&hellip; <a class=\"kt-excerpt-readmore more-link\" href=\"https:\/\/www.cuchillalia.com\/en\/producto\/hachuela-filetear-carne-18-cm-3-mm-550-g-3-claveles-961\/\" aria-label=\"Hachuela para filetear carne de 18 cm\/3 mm (550 g) &#8211; 3 Claveles 961\">Read More<\/a><\/p>\n","protected":false},"featured_media":167546,"comment_status":"open","ping_status":"closed","template":"","meta":[],"product_brand":[],"product_cat":[8307,8301],"product_tag":[],"class_list":{"0":"post-167547","1":"product","2":"type-product","3":"status-publish","4":"has-post-thumbnail","6":"product_cat-hachuelas","7":"product_cat-uniblock","9":"first","10":"instock","11":"taxable","12":"shipping-taxable","13":"purchasable","14":"product-type-simple"},"yoast_head":"<!-- This site is optimized with the Yoast SEO plugin v27.5 - https:\/\/yoast.com\/product\/yoast-seo-wordpress\/ -->\n<title>Hachuela para filetear carne de 18 mm y 550 g | 3 Claveles | Cuchillalia<\/title>\n<meta name=\"description\" content=\"Corta piezas grandes de carne con precisi\u00f3n y seguridad con la hachuela para filetear de 18cm\/3mm de 3 Claveles. \u00a1Cons\u00edguela ahora!\" \/>\n<meta name=\"robots\" content=\"index, follow, max-snippet:-1, max-image-preview:large, max-video-preview:-1\" \/>\n<link rel=\"canonical\" href=\"https:\/\/www.cuchillalia.com\/producto\/hachuela-filetear-carne-18-cm-3-mm-550-g-3-claveles-961\/\" \/>\n<meta property=\"og:locale\" content=\"en_US\" \/>\n<meta property=\"og:type\" content=\"article\" \/>\n<meta property=\"og:title\" content=\"Hachuela para filetear carne de 18 mm y 550 g | 3 Claveles | Cuchillalia\" \/>\n<meta property=\"og:description\" content=\"Corta piezas grandes de carne con precisi\u00f3n y seguridad con la hachuela para filetear de 18cm\/3mm de 3 Claveles. \u00a1Cons\u00edguela ahora!\" \/>\n<meta property=\"og:url\" content=\"https:\/\/www.cuchillalia.com\/producto\/hachuela-filetear-carne-18-cm-3-mm-550-g-3-claveles-961\/\" \/>\n<meta property=\"og:site_name\" content=\"Cuchillalia.com\" \/>\n<meta property=\"article:publisher\" content=\"http:\/\/www.facebook.com\/cuchillalia\" \/>\n<meta property=\"article:modified_time\" content=\"2025-07-03T18:11:06+00:00\" \/>\n<meta property=\"og:image\" content=\"https:\/\/www.cuchillalia.com\/wordpress\/wp-content\/uploads\/2023\/02\/hachuela-filetear-18-cm-3-claveles-00961.jpg\" \/>\n\t<meta property=\"og:image:width\" content=\"1200\" \/>\n\t<meta property=\"og:image:height\" content=\"1200\" \/>\n\t<meta property=\"og:image:type\" content=\"image\/jpeg\" \/>\n<meta name=\"twitter:card\" content=\"summary_large_image\" \/>\n<meta name=\"twitter:site\" content=\"@Cuchillalia\" \/>\n<meta name=\"twitter:label1\" content=\"Est. reading time\" \/>\n\t<meta name=\"twitter:data1\" content=\"3 minutes\" \/>\n<!-- \/ Yoast SEO plugin. -->","yoast_head_json":{"title":"Hachuela para filetear carne de 18 mm y 550 g | 3 Claveles | Cuchillalia","description":"Corta piezas grandes de carne con precisi\u00f3n y seguridad con la hachuela para filetear de 18cm\/3mm de 3 Claveles. \u00a1Cons\u00edguela ahora!","robots":{"index":"index","follow":"follow","max-snippet":"max-snippet:-1","max-image-preview":"max-image-preview:large","max-video-preview":"max-video-preview:-1"},"canonical":"https:\/\/www.cuchillalia.com\/producto\/hachuela-filetear-carne-18-cm-3-mm-550-g-3-claveles-961\/","og_locale":"en_US","og_type":"article","og_title":"Hachuela para filetear carne de 18 mm y 550 g | 3 Claveles | Cuchillalia","og_description":"Corta piezas grandes de carne con precisi\u00f3n y seguridad con la hachuela para filetear de 18cm\/3mm de 3 Claveles. \u00a1Cons\u00edguela ahora!","og_url":"https:\/\/www.cuchillalia.com\/producto\/hachuela-filetear-carne-18-cm-3-mm-550-g-3-claveles-961\/","og_site_name":"Cuchillalia.com","article_publisher":"http:\/\/www.facebook.com\/cuchillalia","article_modified_time":"2025-07-03T18:11:06+00:00","og_image":[{"width":1200,"height":1200,"url":"https:\/\/www.cuchillalia.com\/wordpress\/wp-content\/uploads\/2023\/02\/hachuela-filetear-18-cm-3-claveles-00961.jpg","type":"image\/jpeg"}],"twitter_card":"summary_large_image","twitter_site":"@Cuchillalia","twitter_misc":{"Est. reading time":"3 minutes"},"schema":{"@context":"https:\/\/schema.org","@graph":[{"@type":"WebPage","@id":"https:\/\/www.cuchillalia.com\/producto\/hachuela-filetear-carne-18-cm-3-mm-550-g-3-claveles-961\/","url":"https:\/\/www.cuchillalia.com\/producto\/hachuela-filetear-carne-18-cm-3-mm-550-g-3-claveles-961\/","name":"Hachuela para filetear carne de 18 mm y 550 g | 3 Claveles | Cuchillalia","isPartOf":{"@id":"https:\/\/www.cuchillalia.com\/#website"},"primaryImageOfPage":{"@id":"https:\/\/www.cuchillalia.com\/producto\/hachuela-filetear-carne-18-cm-3-mm-550-g-3-claveles-961\/#primaryimage"},"image":{"@id":"https:\/\/www.cuchillalia.com\/producto\/hachuela-filetear-carne-18-cm-3-mm-550-g-3-claveles-961\/#primaryimage"},"thumbnailUrl":"https:\/\/www.cuchillalia.com\/wordpress\/wp-content\/uploads\/2023\/02\/hachuela-filetear-18-cm-3-claveles-00961.jpg","datePublished":"2023-02-22T07:48:40+00:00","dateModified":"2025-07-03T18:11:06+00:00","description":"Corta piezas grandes de carne con precisi\u00f3n y seguridad con la hachuela para filetear de 18cm\/3mm de 3 Claveles. \u00a1Cons\u00edguela ahora!","breadcrumb":{"@id":"https:\/\/www.cuchillalia.com\/producto\/hachuela-filetear-carne-18-cm-3-mm-550-g-3-claveles-961\/#breadcrumb"},"inLanguage":"en-US","potentialAction":[{"@type":"ReadAction","target":["https:\/\/www.cuchillalia.com\/producto\/hachuela-filetear-carne-18-cm-3-mm-550-g-3-claveles-961\/"]}]},{"@type":"ImageObject","inLanguage":"en-US","@id":"https:\/\/www.cuchillalia.com\/producto\/hachuela-filetear-carne-18-cm-3-mm-550-g-3-claveles-961\/#primaryimage","url":"https:\/\/www.cuchillalia.com\/wordpress\/wp-content\/uploads\/2023\/02\/hachuela-filetear-18-cm-3-claveles-00961.jpg","contentUrl":"https:\/\/www.cuchillalia.com\/wordpress\/wp-content\/uploads\/2023\/02\/hachuela-filetear-18-cm-3-claveles-00961.jpg","width":1200,"height":1200,"caption":"Hachuela para filetear carne de 18 cm x 3 mm de espesor de 550 g - 3 Claveles referencia 961"},{"@type":"BreadcrumbList","@id":"https:\/\/www.cuchillalia.com\/producto\/hachuela-filetear-carne-18-cm-3-mm-550-g-3-claveles-961\/#breadcrumb","itemListElement":[{"@type":"ListItem","position":1,"name":"Cuchillalia","item":"https:\/\/www.cuchillalia.com\/en\/"},{"@type":"ListItem","position":2,"name":"Tienda","item":"https:\/\/www.cuchillalia.com\/tienda\/"},{"@type":"ListItem","position":3,"name":"Cuchillos de cocina","item":"https:\/\/www.cuchillalia.com\/categoria\/cuchillos\/"},{"@type":"ListItem","position":4,"name":"Hachuelas y machetas","item":"https:\/\/www.cuchillalia.com\/categoria\/cuchillos\/hachuelas\/"},{"@type":"ListItem","position":5,"name":"Hachuela para filetear carne de 18 cm\/3 mm (550 g) &#8211; 3 Claveles 961"}]},{"@type":"WebSite","@id":"https:\/\/www.cuchillalia.com\/#website","url":"https:\/\/www.cuchillalia.com\/","name":"Cuchillalia.com","description":"","publisher":{"@id":"https:\/\/www.cuchillalia.com\/#organization"},"potentialAction":[{"@type":"SearchAction","target":{"@type":"EntryPoint","urlTemplate":"https:\/\/www.cuchillalia.com\/?s={search_term_string}"},"query-input":{"@type":"PropertyValueSpecification","valueRequired":true,"valueName":"search_term_string"}}],"inLanguage":"en-US"},{"@type":"Organization","@id":"https:\/\/www.cuchillalia.com\/#organization","name":"Cuchillalia","url":"https:\/\/www.cuchillalia.com\/","logo":{"@type":"ImageObject","inLanguage":"en-US","@id":"https:\/\/www.cuchillalia.com\/#\/schema\/logo\/image\/","url":"https:\/\/www.cuchillalia.com\/wordpress\/wp-content\/uploads\/2021\/03\/logo-cuchillalia-jpg.jpg","contentUrl":"https:\/\/www.cuchillalia.com\/wordpress\/wp-content\/uploads\/2021\/03\/logo-cuchillalia-jpg.jpg","width":276,"height":192,"caption":"Cuchillalia"},"image":{"@id":"https:\/\/www.cuchillalia.com\/#\/schema\/logo\/image\/"},"sameAs":["http:\/\/www.facebook.com\/cuchillalia","https:\/\/x.com\/Cuchillalia"]}]}},"_links":{"self":[{"href":"https:\/\/www.cuchillalia.com\/en\/wp-json\/wp\/v2\/product\/167547","targetHints":{"allow":["GET"]}}],"collection":[{"href":"https:\/\/www.cuchillalia.com\/en\/wp-json\/wp\/v2\/product"}],"about":[{"href":"https:\/\/www.cuchillalia.com\/en\/wp-json\/wp\/v2\/types\/product"}],"replies":[{"embeddable":true,"href":"https:\/\/www.cuchillalia.com\/en\/wp-json\/wp\/v2\/comments?post=167547"}],"wp:featuredmedia":[{"embeddable":true,"href":"https:\/\/www.cuchillalia.com\/en\/wp-json\/wp\/v2\/media\/167546"}],"wp:attachment":[{"href":"https:\/\/www.cuchillalia.com\/en\/wp-json\/wp\/v2\/media?parent=167547"}],"wp:term":[{"taxonomy":"product_brand","embeddable":true,"href":"https:\/\/www.cuchillalia.com\/en\/wp-json\/wp\/v2\/product_brand?post=167547"},{"taxonomy":"product_cat","embeddable":true,"href":"https:\/\/www.cuchillalia.com\/en\/wp-json\/wp\/v2\/product_cat?post=167547"},{"taxonomy":"product_tag","embeddable":true,"href":"https:\/\/www.cuchillalia.com\/en\/wp-json\/wp\/v2\/product_tag?post=167547"}],"curies":[{"name":"wp","href":"https:\/\/api.w.org\/{rel}","templated":true}]}}