{"id":167544,"date":"2023-02-22T08:31:07","date_gmt":"2023-02-22T07:31:07","guid":{"rendered":"https:\/\/www.cuchillalia.com\/?post_type=product&#038;p=167544"},"modified":"2025-07-03T20:11:06","modified_gmt":"2025-07-03T18:11:06","slug":"hachuela-filetear-carne-16-cm-3-mm-430-g-3-claveles-962","status":"publish","type":"product","link":"https:\/\/www.cuchillalia.com\/en\/producto\/hachuela-filetear-carne-16-cm-3-mm-430-g-3-claveles-962\/","title":{"rendered":"Hachuela para filetear carne de 16 cm\/3 mm (430 g) &#8211; 3 Claveles 962"},"content":{"rendered":"<p>Con esta <strong>hachuela para filetear mediana<\/strong> podr\u00e1s preparar tus propias piezas de carne. La hachuela de acero inoxidable para carne de 3 Claveles referencia 962 es la herramienta ideal para filetear y trocear carne con precisi\u00f3n y comodidad. Con sus 430g de peso y sus 16 cm de hoja tienen el tama\u00f1o adecuado para gran parte de las piezas que puedas necesitar cortar.<\/p>\n<p>La hachuela tiene una hoja de acero inoxidable de alta calidad, con un largo de 16 cm y un espesor de 3 mm. El acero inoxidable es resistente al \u00f3xido y al desgaste, lo que garantiza una larga duraci\u00f3n y un buen filo. Adem\u00e1s, la hoja tiene un dise\u00f1o curvado que facilita el corte mediante un movimiento oscilante.<\/p>\n<p>El <strong>mango de la hachuela es de POM negro<\/strong>, un material pl\u00e1stico muy resistente y ergon\u00f3mico. El mango se adapta a la forma de la mano y ofrece un agarre firme y seguro. Las cachas del mango se fijan al metal de la hoja mediante tres remaches met\u00e1licos que aseguran la fijaci\u00f3n.<\/p>\n<p><strong>La hachuela pesa 430 g<\/strong>, lo que le da un buen equilibrio entre peso y potencia. Con esta hachuela podr\u00e1s cortar piezas grandes de carne sin esfuerzo ni riesgo de accidentes.<\/p>\n<p>Es apta para el lavavajillas, lo que facilita su limpieza e higiene. La hachuela se presenta en formato blister.<\/p>\n<p>No esperes m\u00e1s y aprovecha los precios que te ofrece Cuchillalia.com para comprar esta magn\u00edfica hachuela de acero inoxidable para carne de 3 Claveles. Podr\u00e1s disfrutar de tus recetas favoritas con carne fresca y cortada a tu gusto.<\/p>\n<h2>Tabla de caracter\u00edsticas hachuela para filetear carne de 16 cm 3 Claveles<\/h2>\n<div class='tabla-caracteristicas'>\n<div class='fila'><span class='etiqueta'>Nombre comercial:<\/span><span class='valor'><strong>Hachuela Filetear 16 cm 430 g<\/strong><\/span><\/div>\n<div class='fila'><span class='etiqueta'>Fabricante:<\/span><span class='valor'>3 Claveles<\/span><\/div>\n<div class='fila'><span class='etiqueta'>Referencia del fabricante:<\/span><span class='valor'>962<\/span><\/div>\n<div class='fila'><span class='etiqueta'>Longitud de la hoja:<\/span><span class='valor'>16 cm \/ Espesor 3 mm<\/span><\/div>\n<div class='fila'><span class='etiqueta'>Material de la hoja:<\/span><span class='valor'>Acero inoxidable<\/span><\/div>\n<div class='fila'><span class='etiqueta'>Acabado:<\/span><span class='valor'>Pulido mate<\/span><\/div>\n<div class='fila'><span class='etiqueta'>Dureza:<\/span><span class='valor'>HRc 56 Rockwell<\/span><\/div>\n<div class='fila'><span class='etiqueta'>Material del mango:<\/span><span class='valor'>POM (polioximetileno) de color negro<\/span><\/div>\n<div class='fila'><span class='etiqueta'>\u00bfEs apto para zurdos?:<\/span><span class='valor'>Para diestros y zurdos<\/span><\/div>\n<div class='fila'><span class='etiqueta'>Peso del producto:<\/span><span class='valor'>430 g<\/span><\/div>\n<div class='fila'><span class='etiqueta'>Producci\u00f3n:<\/span><span class='valor'>Estampaci\u00f3n<\/span><\/div>\n<div class='fila'><span class='etiqueta'>Presentaci\u00f3n del producto:<\/span><span class='valor'>Funda hoja<\/span><\/div>\n<div class='fila'><span class='etiqueta'>\u00bfEs apto para el lavavajillas?:<\/span><span class='valor'>Si<\/span><\/div>\n<div class='fila'><span class='etiqueta'>C\u00f3digo de barras (GTIN):<\/span><span class='valor'>8410990009624<\/span><\/div>\n<\/div>\n<h3>Otros modelos de hachuelas<\/h3>\n<p>\u00bfNo se adapta a tus necesidades esta hachuela de 3 Claveles?<\/p>\n<p>Echa un vistazo a otros <strong><a href='https:\/\/www.cuchillalia.com\/categoria\/cuchillos\/hachuelas\/'>cuchillos hachuela<\/a><\/strong> de nuestro cat\u00e1logo, como por ejemplo este modelo algo m\u00e1s pesada, la <a href='https:\/\/www.cuchillalia.com\/producto\/3-claveles-1194-hachuela-de-carnicero-20cmx5mm-uniblock\/'>hachuela de 950 g de 3 Claveles<\/a>, o incluso otro modelo m\u00e1s ligera a\u00fan, la <a href='https:\/\/www.cuchillalia.com\/producto\/arcos-282404-macheta-largo-160-mm-espesor-3-mm-310-g-aprox\/'>hachuela de 310 g de Arcos<\/a>.<\/p>\n","protected":false},"excerpt":{"rendered":"<p><strong>Hachuela para filetear carne de 16 cm de 430 g<\/strong>\u00a0y 3 mm de espesor, de <strong>3 Claveles<\/strong>, referencia 962.&hellip; <a class=\"kt-excerpt-readmore more-link\" href=\"https:\/\/www.cuchillalia.com\/en\/producto\/hachuela-filetear-carne-16-cm-3-mm-430-g-3-claveles-962\/\" aria-label=\"Hachuela para filetear carne de 16 cm\/3 mm (430 g) &#8211; 3 Claveles 962\">Read More<\/a><\/p>\n","protected":false},"featured_media":167545,"comment_status":"open","ping_status":"closed","template":"","meta":[],"product_brand":[],"product_cat":[8307,8301],"product_tag":[],"class_list":{"0":"post-167544","1":"product","2":"type-product","3":"status-publish","4":"has-post-thumbnail","6":"product_cat-hachuelas","7":"product_cat-uniblock","9":"first","10":"instock","11":"taxable","12":"shipping-taxable","13":"purchasable","14":"product-type-simple"},"yoast_head":"<!-- This site is optimized with the Yoast SEO plugin v27.5 - https:\/\/yoast.com\/product\/yoast-seo-wordpress\/ -->\n<title>Hachuela para filetear carne de 16 mm y 430 g | 3 Claveles | Cuchillalia<\/title>\n<meta name=\"description\" content=\"Hachuela de acero inoxidable para carne de 3 Claveles: corta piezas grandes con facilidad y seguridad. Mango POM \u00a1Ofertas en Cuchillalia.com!\" \/>\n<meta name=\"robots\" content=\"index, follow, max-snippet:-1, max-image-preview:large, max-video-preview:-1\" \/>\n<link rel=\"canonical\" href=\"https:\/\/www.cuchillalia.com\/producto\/hachuela-filetear-carne-16-cm-3-mm-430-g-3-claveles-962\/\" \/>\n<meta property=\"og:locale\" content=\"en_US\" \/>\n<meta property=\"og:type\" content=\"article\" \/>\n<meta property=\"og:title\" content=\"Hachuela para filetear carne de 16 mm y 430 g | 3 Claveles | Cuchillalia\" \/>\n<meta property=\"og:description\" content=\"Hachuela de acero inoxidable para carne de 3 Claveles: corta piezas grandes con facilidad y seguridad. Mango POM \u00a1Ofertas en Cuchillalia.com!\" \/>\n<meta property=\"og:url\" content=\"https:\/\/www.cuchillalia.com\/producto\/hachuela-filetear-carne-16-cm-3-mm-430-g-3-claveles-962\/\" \/>\n<meta property=\"og:site_name\" content=\"Cuchillalia.com\" \/>\n<meta property=\"article:publisher\" content=\"http:\/\/www.facebook.com\/cuchillalia\" \/>\n<meta property=\"article:modified_time\" content=\"2025-07-03T18:11:06+00:00\" \/>\n<meta property=\"og:image\" content=\"https:\/\/www.cuchillalia.com\/wordpress\/wp-content\/uploads\/2023\/02\/hachuela-filetear-16-cm-3-claveles-00962.jpg\" \/>\n\t<meta property=\"og:image:width\" content=\"1200\" \/>\n\t<meta property=\"og:image:height\" content=\"1200\" \/>\n\t<meta property=\"og:image:type\" content=\"image\/jpeg\" \/>\n<meta name=\"twitter:card\" content=\"summary_large_image\" \/>\n<meta name=\"twitter:site\" content=\"@Cuchillalia\" \/>\n<meta name=\"twitter:label1\" content=\"Est. reading time\" \/>\n\t<meta name=\"twitter:data1\" content=\"3 minutes\" \/>\n<!-- \/ Yoast SEO plugin. -->","yoast_head_json":{"title":"Hachuela para filetear carne de 16 mm y 430 g | 3 Claveles | Cuchillalia","description":"Hachuela de acero inoxidable para carne de 3 Claveles: corta piezas grandes con facilidad y seguridad. Mango POM \u00a1Ofertas en Cuchillalia.com!","robots":{"index":"index","follow":"follow","max-snippet":"max-snippet:-1","max-image-preview":"max-image-preview:large","max-video-preview":"max-video-preview:-1"},"canonical":"https:\/\/www.cuchillalia.com\/producto\/hachuela-filetear-carne-16-cm-3-mm-430-g-3-claveles-962\/","og_locale":"en_US","og_type":"article","og_title":"Hachuela para filetear carne de 16 mm y 430 g | 3 Claveles | Cuchillalia","og_description":"Hachuela de acero inoxidable para carne de 3 Claveles: corta piezas grandes con facilidad y seguridad. Mango POM \u00a1Ofertas en Cuchillalia.com!","og_url":"https:\/\/www.cuchillalia.com\/producto\/hachuela-filetear-carne-16-cm-3-mm-430-g-3-claveles-962\/","og_site_name":"Cuchillalia.com","article_publisher":"http:\/\/www.facebook.com\/cuchillalia","article_modified_time":"2025-07-03T18:11:06+00:00","og_image":[{"width":1200,"height":1200,"url":"https:\/\/www.cuchillalia.com\/wordpress\/wp-content\/uploads\/2023\/02\/hachuela-filetear-16-cm-3-claveles-00962.jpg","type":"image\/jpeg"}],"twitter_card":"summary_large_image","twitter_site":"@Cuchillalia","twitter_misc":{"Est. reading time":"3 minutes"},"schema":{"@context":"https:\/\/schema.org","@graph":[{"@type":"WebPage","@id":"https:\/\/www.cuchillalia.com\/producto\/hachuela-filetear-carne-16-cm-3-mm-430-g-3-claveles-962\/","url":"https:\/\/www.cuchillalia.com\/producto\/hachuela-filetear-carne-16-cm-3-mm-430-g-3-claveles-962\/","name":"Hachuela para filetear carne de 16 mm y 430 g | 3 Claveles | Cuchillalia","isPartOf":{"@id":"https:\/\/www.cuchillalia.com\/#website"},"primaryImageOfPage":{"@id":"https:\/\/www.cuchillalia.com\/producto\/hachuela-filetear-carne-16-cm-3-mm-430-g-3-claveles-962\/#primaryimage"},"image":{"@id":"https:\/\/www.cuchillalia.com\/producto\/hachuela-filetear-carne-16-cm-3-mm-430-g-3-claveles-962\/#primaryimage"},"thumbnailUrl":"https:\/\/www.cuchillalia.com\/wordpress\/wp-content\/uploads\/2023\/02\/hachuela-filetear-16-cm-3-claveles-00962.jpg","datePublished":"2023-02-22T07:31:07+00:00","dateModified":"2025-07-03T18:11:06+00:00","description":"Hachuela de acero inoxidable para carne de 3 Claveles: corta piezas grandes con facilidad y seguridad. Mango POM \u00a1Ofertas en Cuchillalia.com!","breadcrumb":{"@id":"https:\/\/www.cuchillalia.com\/producto\/hachuela-filetear-carne-16-cm-3-mm-430-g-3-claveles-962\/#breadcrumb"},"inLanguage":"en-US","potentialAction":[{"@type":"ReadAction","target":["https:\/\/www.cuchillalia.com\/producto\/hachuela-filetear-carne-16-cm-3-mm-430-g-3-claveles-962\/"]}]},{"@type":"ImageObject","inLanguage":"en-US","@id":"https:\/\/www.cuchillalia.com\/producto\/hachuela-filetear-carne-16-cm-3-mm-430-g-3-claveles-962\/#primaryimage","url":"https:\/\/www.cuchillalia.com\/wordpress\/wp-content\/uploads\/2023\/02\/hachuela-filetear-16-cm-3-claveles-00962.jpg","contentUrl":"https:\/\/www.cuchillalia.com\/wordpress\/wp-content\/uploads\/2023\/02\/hachuela-filetear-16-cm-3-claveles-00962.jpg","width":1200,"height":1200,"caption":"Hachuela para filetear carne de 16 cm x 3 mm de espesor de 430 g - 3 Claveles referencia 962"},{"@type":"BreadcrumbList","@id":"https:\/\/www.cuchillalia.com\/producto\/hachuela-filetear-carne-16-cm-3-mm-430-g-3-claveles-962\/#breadcrumb","itemListElement":[{"@type":"ListItem","position":1,"name":"Cuchillalia","item":"https:\/\/www.cuchillalia.com\/en\/"},{"@type":"ListItem","position":2,"name":"Tienda","item":"https:\/\/www.cuchillalia.com\/tienda\/"},{"@type":"ListItem","position":3,"name":"Cuchillos de cocina","item":"https:\/\/www.cuchillalia.com\/categoria\/cuchillos\/"},{"@type":"ListItem","position":4,"name":"Hachuelas y machetas","item":"https:\/\/www.cuchillalia.com\/categoria\/cuchillos\/hachuelas\/"},{"@type":"ListItem","position":5,"name":"Hachuela para filetear carne de 16 cm\/3 mm (430 g) &#8211; 3 Claveles 962"}]},{"@type":"WebSite","@id":"https:\/\/www.cuchillalia.com\/#website","url":"https:\/\/www.cuchillalia.com\/","name":"Cuchillalia.com","description":"","publisher":{"@id":"https:\/\/www.cuchillalia.com\/#organization"},"potentialAction":[{"@type":"SearchAction","target":{"@type":"EntryPoint","urlTemplate":"https:\/\/www.cuchillalia.com\/?s={search_term_string}"},"query-input":{"@type":"PropertyValueSpecification","valueRequired":true,"valueName":"search_term_string"}}],"inLanguage":"en-US"},{"@type":"Organization","@id":"https:\/\/www.cuchillalia.com\/#organization","name":"Cuchillalia","url":"https:\/\/www.cuchillalia.com\/","logo":{"@type":"ImageObject","inLanguage":"en-US","@id":"https:\/\/www.cuchillalia.com\/#\/schema\/logo\/image\/","url":"https:\/\/www.cuchillalia.com\/wordpress\/wp-content\/uploads\/2021\/03\/logo-cuchillalia-jpg.jpg","contentUrl":"https:\/\/www.cuchillalia.com\/wordpress\/wp-content\/uploads\/2021\/03\/logo-cuchillalia-jpg.jpg","width":276,"height":192,"caption":"Cuchillalia"},"image":{"@id":"https:\/\/www.cuchillalia.com\/#\/schema\/logo\/image\/"},"sameAs":["http:\/\/www.facebook.com\/cuchillalia","https:\/\/x.com\/Cuchillalia"]}]}},"_links":{"self":[{"href":"https:\/\/www.cuchillalia.com\/en\/wp-json\/wp\/v2\/product\/167544","targetHints":{"allow":["GET"]}}],"collection":[{"href":"https:\/\/www.cuchillalia.com\/en\/wp-json\/wp\/v2\/product"}],"about":[{"href":"https:\/\/www.cuchillalia.com\/en\/wp-json\/wp\/v2\/types\/product"}],"replies":[{"embeddable":true,"href":"https:\/\/www.cuchillalia.com\/en\/wp-json\/wp\/v2\/comments?post=167544"}],"wp:featuredmedia":[{"embeddable":true,"href":"https:\/\/www.cuchillalia.com\/en\/wp-json\/wp\/v2\/media\/167545"}],"wp:attachment":[{"href":"https:\/\/www.cuchillalia.com\/en\/wp-json\/wp\/v2\/media?parent=167544"}],"wp:term":[{"taxonomy":"product_brand","embeddable":true,"href":"https:\/\/www.cuchillalia.com\/en\/wp-json\/wp\/v2\/product_brand?post=167544"},{"taxonomy":"product_cat","embeddable":true,"href":"https:\/\/www.cuchillalia.com\/en\/wp-json\/wp\/v2\/product_cat?post=167544"},{"taxonomy":"product_tag","embeddable":true,"href":"https:\/\/www.cuchillalia.com\/en\/wp-json\/wp\/v2\/product_tag?post=167544"}],"curies":[{"name":"wp","href":"https:\/\/api.w.org\/{rel}","templated":true}]}}