{"id":167235,"date":"2023-02-14T21:11:30","date_gmt":"2023-02-14T20:11:30","guid":{"rendered":"https:\/\/www.cuchillalia.com\/?post_type=product&#038;p=167235"},"modified":"2026-04-01T13:45:13","modified_gmt":"2026-04-01T11:45:13","slug":"tijeras-cocina-24-cm-3-claveles-prof-class-451","status":"publish","type":"product","link":"https:\/\/www.cuchillalia.com\/en\/producto\/tijeras-cocina-24-cm-3-claveles-prof-class-451\/","title":{"rendered":"Tijeras de cocina de 24 cm &#8211; 3 Claveles Prof-Class 451"},"content":{"rendered":"<p>La ficha t\u00e9cnica de las <strong>tijeras de cocina 3 Claveles Prof-Class<\/strong> es impresionante, ya que esta herramienta de corte es ideal para el corte de todo tipo de alimentos y envases. Su dise\u00f1o con dedales asim\u00e9tricos permite un agarre firme, lo que hace que su uso sea f\u00e1cil y c\u00f3modo. Adem\u00e1s, su <strong>filo dentado<\/strong> es perfecto para fijar los alimentos al ser cortados y separar articulaciones y finos huesos.<\/p>\n<p>Estas tijeras son <strong>aptas para la industria alimentaria, industria c\u00e1rnica e industria pesquera<\/strong>. Son muy eficaces en la limpieza de pescados, el troceo de conejo, caza, pollo y todo tipo de aves, incluyendo el pollo, pato y pavo. Su alta durabilidad y gran rendimiento de corte son atributos que hacen que esta tijera sea una inversi\u00f3n valiosa para cualquier negocio de la industria alimentaria.<\/p>\n<p>Las <strong>tijeras de cocina Prof-Class de 3 Claveles 451<\/strong> est\u00e1n hechas de acero inoxidable y han sido forjadas en caliente para garantizar su resistencia y durabilidad. Su longitud de 24 cm es perfecta para un f\u00e1cil manejo. Adem\u00e1s, se puede lavar f\u00e1cilmente con agua y jab\u00f3n, o en el lavavajillas para una mejor limpieza.<\/p>\n<p>Este modelo de tijera es el resultado de un meticuloso dise\u00f1o de todas sus partes, teniendo en cuenta la ergonom\u00eda, facilidad de uso y la higiene. La hoja corta con mayor brazo de palanca maximiza la fuerza y la eficacia de corte, lo que hace que las tijeras de cocina Prof-Class sean una herramienta de corte superior.<\/p>\n<h2>Tabla de caracter\u00edsticas tijeras de cocina Prof-Class 3 Claveles 451<\/h2>\n<div class='tabla-caracteristicas'>\n<div class='fila'><span class='etiqueta'>Nombre comercial:<\/span><span class='valor'><strong>Tijera Cocina PROF-CLASS<\/strong><\/span><\/div>\n<div class='fila'><span class='etiqueta'>Fabricante:<\/span><span class='valor'>3 Claveles<\/span><\/div>\n<div class='fila'><span class='etiqueta'>Referencia del fabricante:<\/span><span class='valor'>451<\/span><\/div>\n<div class='fila'><span class='etiqueta'>Material de la hoja:<\/span><span class='valor'>Acero inoxidable AISI 420-4034<\/span><\/div>\n<div class='fila'><span class='etiqueta'>Tipo de hoja:<\/span><span class='valor'>Filo microdentado<\/span><\/div>\n<div class='fila'><span class='etiqueta'>Acabado:<\/span><span class='valor'>Pulido brillo<\/span><\/div>\n<div class='fila'><span class='etiqueta'>Dureza:<\/span><span class='valor'>HRc 56\u00b12 Rockwell<\/span><\/div>\n<div class='fila'><span class='etiqueta'>Material del mango:<\/span><span class='valor'>Acero inoxidable<\/span><\/div>\n<div class='fila'><span class='etiqueta'>Tipo de mango:<\/span><span class='valor'>Ergon\u00f3mico<\/span><\/div>\n<div class='fila'><span class='etiqueta'>Medidas:<\/span><span class='valor'>24.5 cm &#8211; 9.5&#8242;<\/span><\/div>\n<div class='fila'><span class='etiqueta'>\u00bfEs apto para zurdos?:<\/span><span class='valor'>Solo para diestros<\/span><\/div>\n<div class='fila'><span class='etiqueta'>Peso del producto:<\/span><span class='valor'>380 g<\/span><\/div>\n<div class='fila'><span class='etiqueta'>Producci\u00f3n:<\/span><span class='valor'>Forjadas en caliente<\/span><\/div>\n<div class='fila'><span class='etiqueta'>Presentaci\u00f3n del producto:<\/span><span class='valor'>Estuche de pl\u00e1stico<\/span><\/div>\n<div class='fila'><span class='etiqueta'>\u00bfEs apto para el lavavajillas?:<\/span><span class='valor'>Si<\/span><\/div>\n<div class='fila'><span class='etiqueta'>\u00bfEs esterilizable?:<\/span><span class='valor'>Si<\/span><\/div>\n<div class='fila'><span class='etiqueta'>\u00bfDonde se fabrica?:<\/span><span class='valor'>Espa\u00f1a<\/span><\/div>\n<div class='fila'><span class='etiqueta'>C\u00f3digo de barras (GTIN):<\/span><span class='valor'>8410990004513<\/span><\/div>\n<\/div>\n<h3>V\u00eddeo de las diferentes tijeras de cocina 3 Claveles:<\/h3>\n<p>Echapresto nos muestra en el siguiente v\u00eddeo diferentes modelos de tijeras de cocina de 3 Claveles<\/p>\n<p style='text-align: center;'><div class=\"kad-youtube-shortcode videofit\"  ><iframe loading=\"lazy\" width=\"600\" height=\"400\" src=\"https:\/\/www.youtube.com\/embed\/WmxTzWvCp5s?autoplay=0&controls=1&fs=1&modestbranding=0&theme=dark&rel=0&loop=0\" frameborder=\"0\" allowfullscreen=\"true\"><\/iframe><\/div>\n<h3>V\u00eddeo fabricando tijeras de cocina de 3 Claveles:<\/h3>\n<p style='text-align: center;'><div class=\"kad-youtube-shortcode videofit\"  ><iframe loading=\"lazy\" width=\"600\" height=\"400\" src=\"https:\/\/www.youtube.com\/embed\/Kiv45wHssIE?autoplay=0&controls=1&fs=1&modestbranding=0&theme=dark&rel=0&loop=0\" frameborder=\"0\" allowfullscreen=\"true\"><\/iframe><\/div>\n","protected":false},"excerpt":{"rendered":"<p><strong>Tijeras de cocina Prof-Class de 3 Claveles 451<\/strong>, en acero inoxidable, de 24 cm, con filo microdentado. Fabricadas en Espa\u00f1a.&hellip; <a class=\"kt-excerpt-readmore more-link\" href=\"https:\/\/www.cuchillalia.com\/en\/producto\/tijeras-cocina-24-cm-3-claveles-prof-class-451\/\" aria-label=\"Tijeras de cocina de 24 cm &#8211; 3 Claveles Prof-Class 451\">Read More<\/a><\/p>\n","protected":false},"featured_media":167241,"comment_status":"open","ping_status":"closed","template":"","meta":[],"product_brand":[],"product_cat":[8278,8279],"product_tag":[],"class_list":{"0":"post-167235","1":"product","2":"type-product","3":"status-publish","4":"has-post-thumbnail","6":"product_cat-cocina","7":"product_cat-tijeras-cocina-3-claveles","9":"first","10":"instock","11":"taxable","12":"shipping-taxable","13":"purchasable","14":"product-type-simple"},"yoast_head":"<!-- This site is optimized with the Yoast SEO plugin v27.5 - https:\/\/yoast.com\/product\/yoast-seo-wordpress\/ -->\n<title>Tijeras de cocina Prof-Class de 3 Claveles de 24 cm 451 | Cuchillalia.com<\/title>\n<meta name=\"description\" content=\"Tijeras de cocina profesionales fabricadas en Espa\u00f1a por 3 Claveles, referencia 451, filo microdentado, todo tipo de alimentos\" \/>\n<meta name=\"robots\" content=\"index, follow, max-snippet:-1, max-image-preview:large, max-video-preview:-1\" \/>\n<link rel=\"canonical\" href=\"https:\/\/www.cuchillalia.com\/producto\/tijeras-cocina-24-cm-3-claveles-prof-class-451\/\" \/>\n<meta property=\"og:locale\" content=\"en_US\" \/>\n<meta property=\"og:type\" content=\"article\" \/>\n<meta property=\"og:title\" content=\"Tijeras de cocina Prof-Class de 3 Claveles de 24 cm 451 | Cuchillalia.com\" \/>\n<meta property=\"og:description\" content=\"Tijeras de cocina profesionales fabricadas en Espa\u00f1a por 3 Claveles, referencia 451, filo microdentado, todo tipo de alimentos\" \/>\n<meta property=\"og:url\" content=\"https:\/\/www.cuchillalia.com\/producto\/tijeras-cocina-24-cm-3-claveles-prof-class-451\/\" \/>\n<meta property=\"og:site_name\" content=\"Cuchillalia.com\" \/>\n<meta property=\"article:publisher\" content=\"http:\/\/www.facebook.com\/cuchillalia\" \/>\n<meta property=\"article:modified_time\" content=\"2026-04-01T11:45:13+00:00\" \/>\n<meta property=\"og:image\" content=\"https:\/\/www.cuchillalia.com\/wordpress\/wp-content\/uploads\/2023\/02\/tijeras-cocina-24-cm-3-claveles-prof-class-451.jpg\" \/>\n\t<meta property=\"og:image:width\" content=\"1600\" \/>\n\t<meta property=\"og:image:height\" content=\"1600\" \/>\n\t<meta property=\"og:image:type\" content=\"image\/jpeg\" \/>\n<meta name=\"twitter:card\" content=\"summary_large_image\" \/>\n<meta name=\"twitter:site\" content=\"@Cuchillalia\" \/>\n<meta name=\"twitter:label1\" content=\"Est. reading time\" \/>\n\t<meta name=\"twitter:data1\" content=\"3 minutes\" \/>\n<!-- \/ Yoast SEO plugin. -->","yoast_head_json":{"title":"Tijeras de cocina Prof-Class de 3 Claveles de 24 cm 451 | Cuchillalia.com","description":"Tijeras de cocina profesionales fabricadas en Espa\u00f1a por 3 Claveles, referencia 451, filo microdentado, todo tipo de alimentos","robots":{"index":"index","follow":"follow","max-snippet":"max-snippet:-1","max-image-preview":"max-image-preview:large","max-video-preview":"max-video-preview:-1"},"canonical":"https:\/\/www.cuchillalia.com\/producto\/tijeras-cocina-24-cm-3-claveles-prof-class-451\/","og_locale":"en_US","og_type":"article","og_title":"Tijeras de cocina Prof-Class de 3 Claveles de 24 cm 451 | Cuchillalia.com","og_description":"Tijeras de cocina profesionales fabricadas en Espa\u00f1a por 3 Claveles, referencia 451, filo microdentado, todo tipo de alimentos","og_url":"https:\/\/www.cuchillalia.com\/producto\/tijeras-cocina-24-cm-3-claveles-prof-class-451\/","og_site_name":"Cuchillalia.com","article_publisher":"http:\/\/www.facebook.com\/cuchillalia","article_modified_time":"2026-04-01T11:45:13+00:00","og_image":[{"width":1600,"height":1600,"url":"https:\/\/www.cuchillalia.com\/wordpress\/wp-content\/uploads\/2023\/02\/tijeras-cocina-24-cm-3-claveles-prof-class-451.jpg","type":"image\/jpeg"}],"twitter_card":"summary_large_image","twitter_site":"@Cuchillalia","twitter_misc":{"Est. reading time":"3 minutes"},"schema":{"@context":"https:\/\/schema.org","@graph":[{"@type":"WebPage","@id":"https:\/\/www.cuchillalia.com\/producto\/tijeras-cocina-24-cm-3-claveles-prof-class-451\/","url":"https:\/\/www.cuchillalia.com\/producto\/tijeras-cocina-24-cm-3-claveles-prof-class-451\/","name":"Tijeras de cocina Prof-Class de 3 Claveles de 24 cm 451 | Cuchillalia.com","isPartOf":{"@id":"https:\/\/www.cuchillalia.com\/#website"},"primaryImageOfPage":{"@id":"https:\/\/www.cuchillalia.com\/producto\/tijeras-cocina-24-cm-3-claveles-prof-class-451\/#primaryimage"},"image":{"@id":"https:\/\/www.cuchillalia.com\/producto\/tijeras-cocina-24-cm-3-claveles-prof-class-451\/#primaryimage"},"thumbnailUrl":"https:\/\/www.cuchillalia.com\/wordpress\/wp-content\/uploads\/2023\/02\/tijeras-cocina-24-cm-3-claveles-prof-class-451.jpg","datePublished":"2023-02-14T20:11:30+00:00","dateModified":"2026-04-01T11:45:13+00:00","description":"Tijeras de cocina profesionales fabricadas en Espa\u00f1a por 3 Claveles, referencia 451, filo microdentado, todo tipo de alimentos","breadcrumb":{"@id":"https:\/\/www.cuchillalia.com\/producto\/tijeras-cocina-24-cm-3-claveles-prof-class-451\/#breadcrumb"},"inLanguage":"en-US","potentialAction":[{"@type":"ReadAction","target":["https:\/\/www.cuchillalia.com\/producto\/tijeras-cocina-24-cm-3-claveles-prof-class-451\/"]}]},{"@type":"ImageObject","inLanguage":"en-US","@id":"https:\/\/www.cuchillalia.com\/producto\/tijeras-cocina-24-cm-3-claveles-prof-class-451\/#primaryimage","url":"https:\/\/www.cuchillalia.com\/wordpress\/wp-content\/uploads\/2023\/02\/tijeras-cocina-24-cm-3-claveles-prof-class-451.jpg","contentUrl":"https:\/\/www.cuchillalia.com\/wordpress\/wp-content\/uploads\/2023\/02\/tijeras-cocina-24-cm-3-claveles-prof-class-451.jpg","width":1600,"height":1600,"caption":"Tijeras de cocina de 24 cm 3 Claveles Prof-Class 451 - Cuchillalia.com"},{"@type":"BreadcrumbList","@id":"https:\/\/www.cuchillalia.com\/producto\/tijeras-cocina-24-cm-3-claveles-prof-class-451\/#breadcrumb","itemListElement":[{"@type":"ListItem","position":1,"name":"Cuchillalia","item":"https:\/\/www.cuchillalia.com\/en\/"},{"@type":"ListItem","position":2,"name":"Tienda","item":"https:\/\/www.cuchillalia.com\/tienda\/"},{"@type":"ListItem","position":3,"name":"Marcas","item":"https:\/\/www.cuchillalia.com\/categoria\/marcas\/"},{"@type":"ListItem","position":4,"name":"3 Claveles","item":"https:\/\/www.cuchillalia.com\/categoria\/marcas\/3-claveles\/"},{"@type":"ListItem","position":5,"name":"Tijeras de cocina 3 Claveles","item":"https:\/\/www.cuchillalia.com\/categoria\/marcas\/3-claveles\/tijeras-cocina-3-claveles\/"},{"@type":"ListItem","position":6,"name":"Tijeras de cocina de 24 cm &#8211; 3 Claveles Prof-Class 451"}]},{"@type":"WebSite","@id":"https:\/\/www.cuchillalia.com\/#website","url":"https:\/\/www.cuchillalia.com\/","name":"Cuchillalia.com","description":"","publisher":{"@id":"https:\/\/www.cuchillalia.com\/#organization"},"potentialAction":[{"@type":"SearchAction","target":{"@type":"EntryPoint","urlTemplate":"https:\/\/www.cuchillalia.com\/?s={search_term_string}"},"query-input":{"@type":"PropertyValueSpecification","valueRequired":true,"valueName":"search_term_string"}}],"inLanguage":"en-US"},{"@type":"Organization","@id":"https:\/\/www.cuchillalia.com\/#organization","name":"Cuchillalia","url":"https:\/\/www.cuchillalia.com\/","logo":{"@type":"ImageObject","inLanguage":"en-US","@id":"https:\/\/www.cuchillalia.com\/#\/schema\/logo\/image\/","url":"https:\/\/www.cuchillalia.com\/wordpress\/wp-content\/uploads\/2021\/03\/logo-cuchillalia-jpg.jpg","contentUrl":"https:\/\/www.cuchillalia.com\/wordpress\/wp-content\/uploads\/2021\/03\/logo-cuchillalia-jpg.jpg","width":276,"height":192,"caption":"Cuchillalia"},"image":{"@id":"https:\/\/www.cuchillalia.com\/#\/schema\/logo\/image\/"},"sameAs":["http:\/\/www.facebook.com\/cuchillalia","https:\/\/x.com\/Cuchillalia"]}]}},"_links":{"self":[{"href":"https:\/\/www.cuchillalia.com\/en\/wp-json\/wp\/v2\/product\/167235","targetHints":{"allow":["GET"]}}],"collection":[{"href":"https:\/\/www.cuchillalia.com\/en\/wp-json\/wp\/v2\/product"}],"about":[{"href":"https:\/\/www.cuchillalia.com\/en\/wp-json\/wp\/v2\/types\/product"}],"replies":[{"embeddable":true,"href":"https:\/\/www.cuchillalia.com\/en\/wp-json\/wp\/v2\/comments?post=167235"}],"wp:featuredmedia":[{"embeddable":true,"href":"https:\/\/www.cuchillalia.com\/en\/wp-json\/wp\/v2\/media\/167241"}],"wp:attachment":[{"href":"https:\/\/www.cuchillalia.com\/en\/wp-json\/wp\/v2\/media?parent=167235"}],"wp:term":[{"taxonomy":"product_brand","embeddable":true,"href":"https:\/\/www.cuchillalia.com\/en\/wp-json\/wp\/v2\/product_brand?post=167235"},{"taxonomy":"product_cat","embeddable":true,"href":"https:\/\/www.cuchillalia.com\/en\/wp-json\/wp\/v2\/product_cat?post=167235"},{"taxonomy":"product_tag","embeddable":true,"href":"https:\/\/www.cuchillalia.com\/en\/wp-json\/wp\/v2\/product_tag?post=167235"}],"curies":[{"name":"wp","href":"https:\/\/api.w.org\/{rel}","templated":true}]}}