{"id":166810,"date":"2023-01-26T21:01:07","date_gmt":"2023-01-26T20:01:07","guid":{"rendered":"https:\/\/www.cuchillalia.com\/?post_type=product&#038;p=166810"},"modified":"2026-05-17T02:52:27","modified_gmt":"2026-05-17T00:52:27","slug":"tupper-cristal-rectangular-600-ml-zwilling-gusto","status":"publish","type":"product","link":"https:\/\/www.cuchillalia.com\/en\/producto\/tupper-cristal-rectangular-600-ml-zwilling-gusto\/","title":{"rendered":"Tupper de cristal de borosilicato rectangular de 600 ml Zwilling Gusto"},"content":{"rendered":"<p>Los <strong>tuppers de cristal<\/strong> de la <strong>serie Gusto<\/strong> de <strong>Zwilling<\/strong> son polivalentes y adecuados tanto para almacenar, preparar y servir comida.<\/p>\n<ul>\n<li>Se pueden introducir tanto en el horno (hasta 180\u00baC y sin tapa) como en el horno microondas.<\/li>\n<li>Admiten congelador y por tanto son ideales por su cierre herm\u00e9tico para almacenar comida.<\/li>\n<li>Son ideales tambi\u00e9n para servir comida hasta la misma mesa.<\/li>\n<\/ul>\n<p>Estos tuppers est\u00e1n fabricados en cristal de borosilicado, un cristal robusto y resistente a altas temperaturas, lo que los hace duraderos y aptos para su uso en el refrigerador, congelador, microondas y horno. Adem\u00e1s son aptos para lavar en el lavavajillas. Su limpieza es sencilla.<\/p>\n<p>Est\u00e1n disponibles en 3 formas, y a su vez en dos tama\u00f1os cada forma.<\/p>\n<ul>\n<li>Cuadrados en <a href='https:\/\/www.cuchillalia.com\/producto\/tupper-cristal-cuadrado-500-ml-zwilling-gusto\/'><strong>500<\/strong><\/a> y <a href='https:\/\/www.cuchillalia.com\/producto\/tupper-cristal-cuadrado-1100-ml-zwilling-gusto\/'><strong>1100 ml<\/strong><\/a><\/li>\n<li>Rectangulares en <strong>600<\/strong> y <a href='https:\/\/www.cuchillalia.com\/producto\/tupper-cristal-rectangular-1400-ml-zwilling-gusto\/'><strong>1400 ml<\/strong><\/a><\/li>\n<li>Circulares en <a href='https:\/\/www.cuchillalia.com\/producto\/tupper-cristal-redondo-600-ml-zwilling-gusto\/'><strong>600<\/strong><\/a> y <a href='https:\/\/www.cuchillalia.com\/producto\/tupper-cristal-redondo-1300-ml-zwilling-gusto\/'><strong>1300 ml<\/strong><\/a><\/li>\n<\/ul>\n<p>La tapa de material pl\u00e1stico asegura un <strong>cierre herm\u00e9tico<\/strong> y previene la entrada de olores y humedad en el envase. Son higi\u00e9nicos y recomendables para alimentos delicados.<\/p>\n<h2>Tabla de caracter\u00edsticas tupper de cristal peque\u00f1o rectangular Zwilling Gusto<\/h2>\n<div class='tabla-caracteristicas'>\n<div class='fila'><span class='etiqueta'>Nombre comercial:<\/span><span class='valor'><strong>Zwilling Gusto, Recipiente de almacenaje, cristal de borosilicato<\/strong><\/span><\/div>\n<div class='fila'><span class='etiqueta'>Fabricante:<\/span><span class='valor'>Zwilling<\/span><\/div>\n<div class='fila'><span class='etiqueta'>Referencia del fabricante:<\/span><span class='valor'>1003118 &#8211; 39506-001<\/span><\/div>\n<div class='fila'><span class='etiqueta'>Medidas:<\/span><span class='valor'>17&#215;12,5&#215;6,5 cm<br \/>\n(largo x ancho x alto)<\/span><\/div>\n<div class='fila'><span class='etiqueta'>Material:<\/span><span class='valor'>Recipiente:     Cristal de borosilicato.<br \/>\nTapadera:     Pl\u00e1stico<\/span><\/div>\n<div class='fila'><span class='etiqueta'>Peso del producto:<\/span><span class='valor'>480 g (con tapa)<br \/>\n400 g (sin tapa)<\/span><\/div>\n<div class='fila'><span class='etiqueta'>Capacidad:<\/span><span class='valor'>600 ml<\/span><\/div>\n<div class='fila'><span class='etiqueta'>\u00bfEs apto para horno?:<\/span><span class='valor'>Si (m\u00e1ximo 200\u00baC)<\/span><\/div>\n<div class='fila'><span class='etiqueta'>\u00bfEs apto para el lavavajillas?:<\/span><span class='valor'>Si<\/span><\/div>\n<div class='fila'><span class='etiqueta'>\u00bfIncluye tapa?:<\/span><span class='valor'>Si<\/span><\/div>\n<div class='fila'><span class='etiqueta'>C\u00f3digo de barras (GTIN):<\/span><span class='valor'>4009839392313<\/span><\/div>\n<\/div>\n<h3>Otros tuppers de cristal<\/h3>\n<p>En nuestra categor\u00eda de <a href='https:\/\/www.cuchillalia.com\/categoria\/menaje\/tuppers-cristal\/'><strong>tuppers de cristal<\/strong><\/a> podr\u00e1s ver otros modelos de formas y tama\u00f1os distintos que se adapten m\u00e1s a tus necesitades.<\/p>\n","protected":false},"excerpt":{"rendered":"<p><strong>Tupper de cristal rectangular de 600 ml<\/strong> con tapa herm\u00e9tica, de la marca <strong>Zwilling Gusto<\/strong>. Apto para congelar los alimentos, para horno, para microondas y para el lavavajillas.&hellip; <a class=\"kt-excerpt-readmore more-link\" href=\"https:\/\/www.cuchillalia.com\/en\/producto\/tupper-cristal-rectangular-600-ml-zwilling-gusto\/\" aria-label=\"Tupper de cristal de borosilicato rectangular de 600 ml Zwilling Gusto\">Read More<\/a><\/p>\n","protected":false},"featured_media":167015,"comment_status":"open","ping_status":"closed","template":"","meta":[],"product_brand":[],"product_cat":[8839,15449],"product_tag":[],"class_list":{"0":"post-166810","1":"product","2":"type-product","3":"status-publish","4":"has-post-thumbnail","6":"product_cat-accesorios-zwilling","7":"product_cat-tuppers-cristal","9":"first","10":"instock","11":"taxable","12":"shipping-taxable","13":"purchasable","14":"product-type-simple"},"yoast_head":"<!-- This site is optimized with the Yoast SEO plugin v27.5 - https:\/\/yoast.com\/product\/yoast-seo-wordpress\/ -->\n<title>Tupper de cristal rectangular de 600 ml con tapa | Zwilling Gusto<\/title>\n<meta name=\"description\" content=\"Recipiente de cristal con tapa herm\u00e9tica, rectangular, de 0,6 litros de capacidad, para congelar, hornear o almacenar todo tipo de alimentos\" \/>\n<meta name=\"robots\" content=\"index, follow, max-snippet:-1, max-image-preview:large, max-video-preview:-1\" \/>\n<link rel=\"canonical\" href=\"https:\/\/www.cuchillalia.com\/producto\/tupper-cristal-rectangular-600-ml-zwilling-gusto\/\" \/>\n<meta property=\"og:locale\" content=\"en_US\" \/>\n<meta property=\"og:type\" content=\"article\" \/>\n<meta property=\"og:title\" content=\"Tupper de cristal rectangular de 600 ml con tapa | Zwilling Gusto\" \/>\n<meta property=\"og:description\" content=\"Recipiente de cristal con tapa herm\u00e9tica, rectangular, de 0,6 litros de capacidad, para congelar, hornear o almacenar todo tipo de alimentos\" \/>\n<meta property=\"og:url\" content=\"https:\/\/www.cuchillalia.com\/producto\/tupper-cristal-rectangular-600-ml-zwilling-gusto\/\" \/>\n<meta property=\"og:site_name\" content=\"Cuchillalia.com\" \/>\n<meta property=\"article:publisher\" content=\"http:\/\/www.facebook.com\/cuchillalia\" \/>\n<meta property=\"article:modified_time\" content=\"2026-05-17T00:52:27+00:00\" \/>\n<meta property=\"og:image\" content=\"https:\/\/www.cuchillalia.com\/wordpress\/wp-content\/uploads\/2023\/01\/tupper-vidrio-rectangular-600-ml-zwilling-gusto-39506-001.jpg\" \/>\n\t<meta property=\"og:image:width\" content=\"1600\" \/>\n\t<meta property=\"og:image:height\" content=\"1600\" \/>\n\t<meta property=\"og:image:type\" content=\"image\/jpeg\" \/>\n<meta name=\"twitter:card\" content=\"summary_large_image\" \/>\n<meta name=\"twitter:site\" content=\"@Cuchillalia\" \/>\n<meta name=\"twitter:label1\" content=\"Est. reading time\" \/>\n\t<meta name=\"twitter:data1\" content=\"2 minutes\" \/>\n<!-- \/ Yoast SEO plugin. -->","yoast_head_json":{"title":"Tupper de cristal rectangular de 600 ml con tapa | Zwilling Gusto","description":"Recipiente de cristal con tapa herm\u00e9tica, rectangular, de 0,6 litros de capacidad, para congelar, hornear o almacenar todo tipo de alimentos","robots":{"index":"index","follow":"follow","max-snippet":"max-snippet:-1","max-image-preview":"max-image-preview:large","max-video-preview":"max-video-preview:-1"},"canonical":"https:\/\/www.cuchillalia.com\/producto\/tupper-cristal-rectangular-600-ml-zwilling-gusto\/","og_locale":"en_US","og_type":"article","og_title":"Tupper de cristal rectangular de 600 ml con tapa | Zwilling Gusto","og_description":"Recipiente de cristal con tapa herm\u00e9tica, rectangular, de 0,6 litros de capacidad, para congelar, hornear o almacenar todo tipo de alimentos","og_url":"https:\/\/www.cuchillalia.com\/producto\/tupper-cristal-rectangular-600-ml-zwilling-gusto\/","og_site_name":"Cuchillalia.com","article_publisher":"http:\/\/www.facebook.com\/cuchillalia","article_modified_time":"2026-05-17T00:52:27+00:00","og_image":[{"width":1600,"height":1600,"url":"https:\/\/www.cuchillalia.com\/wordpress\/wp-content\/uploads\/2023\/01\/tupper-vidrio-rectangular-600-ml-zwilling-gusto-39506-001.jpg","type":"image\/jpeg"}],"twitter_card":"summary_large_image","twitter_site":"@Cuchillalia","twitter_misc":{"Est. reading time":"2 minutes"},"schema":{"@context":"https:\/\/schema.org","@graph":[{"@type":"WebPage","@id":"https:\/\/www.cuchillalia.com\/producto\/tupper-cristal-rectangular-600-ml-zwilling-gusto\/","url":"https:\/\/www.cuchillalia.com\/producto\/tupper-cristal-rectangular-600-ml-zwilling-gusto\/","name":"Tupper de cristal rectangular de 600 ml con tapa | Zwilling Gusto","isPartOf":{"@id":"https:\/\/www.cuchillalia.com\/#website"},"primaryImageOfPage":{"@id":"https:\/\/www.cuchillalia.com\/producto\/tupper-cristal-rectangular-600-ml-zwilling-gusto\/#primaryimage"},"image":{"@id":"https:\/\/www.cuchillalia.com\/producto\/tupper-cristal-rectangular-600-ml-zwilling-gusto\/#primaryimage"},"thumbnailUrl":"https:\/\/www.cuchillalia.com\/wordpress\/wp-content\/uploads\/2023\/01\/tupper-vidrio-rectangular-600-ml-zwilling-gusto-39506-001.jpg","datePublished":"2023-01-26T20:01:07+00:00","dateModified":"2026-05-17T00:52:27+00:00","description":"Recipiente de cristal con tapa herm\u00e9tica, rectangular, de 0,6 litros de capacidad, para congelar, hornear o almacenar todo tipo de alimentos","breadcrumb":{"@id":"https:\/\/www.cuchillalia.com\/producto\/tupper-cristal-rectangular-600-ml-zwilling-gusto\/#breadcrumb"},"inLanguage":"en-US","potentialAction":[{"@type":"ReadAction","target":["https:\/\/www.cuchillalia.com\/producto\/tupper-cristal-rectangular-600-ml-zwilling-gusto\/"]}]},{"@type":"ImageObject","inLanguage":"en-US","@id":"https:\/\/www.cuchillalia.com\/producto\/tupper-cristal-rectangular-600-ml-zwilling-gusto\/#primaryimage","url":"https:\/\/www.cuchillalia.com\/wordpress\/wp-content\/uploads\/2023\/01\/tupper-vidrio-rectangular-600-ml-zwilling-gusto-39506-001.jpg","contentUrl":"https:\/\/www.cuchillalia.com\/wordpress\/wp-content\/uploads\/2023\/01\/tupper-vidrio-rectangular-600-ml-zwilling-gusto-39506-001.jpg","width":1600,"height":1600,"caption":"Tupper de vidrio de forma rectangular con 600 ml de capacidad - Zwilling Gusto - Cuchillalia.com"},{"@type":"BreadcrumbList","@id":"https:\/\/www.cuchillalia.com\/producto\/tupper-cristal-rectangular-600-ml-zwilling-gusto\/#breadcrumb","itemListElement":[{"@type":"ListItem","position":1,"name":"Cuchillalia","item":"https:\/\/www.cuchillalia.com\/en\/"},{"@type":"ListItem","position":2,"name":"Tienda","item":"https:\/\/www.cuchillalia.com\/tienda\/"},{"@type":"ListItem","position":3,"name":"Art\u00edculos de menaje","item":"https:\/\/www.cuchillalia.com\/categoria\/menaje\/"},{"@type":"ListItem","position":4,"name":"Tuppers de cristal","item":"https:\/\/www.cuchillalia.com\/categoria\/menaje\/tuppers-cristal\/"},{"@type":"ListItem","position":5,"name":"Tupper de cristal de borosilicato rectangular de 600 ml Zwilling Gusto"}]},{"@type":"WebSite","@id":"https:\/\/www.cuchillalia.com\/#website","url":"https:\/\/www.cuchillalia.com\/","name":"Cuchillalia.com","description":"","publisher":{"@id":"https:\/\/www.cuchillalia.com\/#organization"},"potentialAction":[{"@type":"SearchAction","target":{"@type":"EntryPoint","urlTemplate":"https:\/\/www.cuchillalia.com\/?s={search_term_string}"},"query-input":{"@type":"PropertyValueSpecification","valueRequired":true,"valueName":"search_term_string"}}],"inLanguage":"en-US"},{"@type":"Organization","@id":"https:\/\/www.cuchillalia.com\/#organization","name":"Cuchillalia","url":"https:\/\/www.cuchillalia.com\/","logo":{"@type":"ImageObject","inLanguage":"en-US","@id":"https:\/\/www.cuchillalia.com\/#\/schema\/logo\/image\/","url":"https:\/\/www.cuchillalia.com\/wordpress\/wp-content\/uploads\/2021\/03\/logo-cuchillalia-jpg.jpg","contentUrl":"https:\/\/www.cuchillalia.com\/wordpress\/wp-content\/uploads\/2021\/03\/logo-cuchillalia-jpg.jpg","width":276,"height":192,"caption":"Cuchillalia"},"image":{"@id":"https:\/\/www.cuchillalia.com\/#\/schema\/logo\/image\/"},"sameAs":["http:\/\/www.facebook.com\/cuchillalia","https:\/\/x.com\/Cuchillalia"]}]}},"_links":{"self":[{"href":"https:\/\/www.cuchillalia.com\/en\/wp-json\/wp\/v2\/product\/166810","targetHints":{"allow":["GET"]}}],"collection":[{"href":"https:\/\/www.cuchillalia.com\/en\/wp-json\/wp\/v2\/product"}],"about":[{"href":"https:\/\/www.cuchillalia.com\/en\/wp-json\/wp\/v2\/types\/product"}],"replies":[{"embeddable":true,"href":"https:\/\/www.cuchillalia.com\/en\/wp-json\/wp\/v2\/comments?post=166810"}],"wp:featuredmedia":[{"embeddable":true,"href":"https:\/\/www.cuchillalia.com\/en\/wp-json\/wp\/v2\/media\/167015"}],"wp:attachment":[{"href":"https:\/\/www.cuchillalia.com\/en\/wp-json\/wp\/v2\/media?parent=166810"}],"wp:term":[{"taxonomy":"product_brand","embeddable":true,"href":"https:\/\/www.cuchillalia.com\/en\/wp-json\/wp\/v2\/product_brand?post=166810"},{"taxonomy":"product_cat","embeddable":true,"href":"https:\/\/www.cuchillalia.com\/en\/wp-json\/wp\/v2\/product_cat?post=166810"},{"taxonomy":"product_tag","embeddable":true,"href":"https:\/\/www.cuchillalia.com\/en\/wp-json\/wp\/v2\/product_tag?post=166810"}],"curies":[{"name":"wp","href":"https:\/\/api.w.org\/{rel}","templated":true}]}}