{"id":166586,"date":"2023-01-17T02:39:46","date_gmt":"2023-01-17T01:39:46","guid":{"rendered":"https:\/\/www.cuchillalia.com\/?post_type=product&#038;p=166586"},"modified":"2026-03-20T12:43:57","modified_gmt":"2026-03-20T11:43:57","slug":"batidora-vaso-universal-zwilling-enfinigy-53002-000-plata","status":"publish","type":"product","link":"https:\/\/www.cuchillalia.com\/en\/producto\/batidora-vaso-universal-zwilling-enfinigy-53002-000-plata\/","title":{"rendered":"Batidora de vaso Universal Zwilling Enfinigy 53002-000 plata"},"content":{"rendered":"<p>La <strong>batidora de vaso universal de color gris de <a href='https:\/\/www.cuchillalia.com\/categoria\/marcas\/zwilling\/enfinigy\/'>Zwilling Enfinigy<\/a><\/strong> es una herramienta esencial para cualquier cocina. Con su combinaci\u00f3n de cuchilla de acero inoxidable Zwilling, un potente motor de 1200 vatios y un contenedor optimizado, esta batidora garantiza resultados perfectos en cualquier receta. La cuchilla de la batidora, con su sierra afilada de acero endurecido al fr\u00edo con la f\u00f3rmula especial de acero de Zwilling, es infalible para infinidad de usos. El <strong>recipiente de Tritan sin BPA<\/strong> tiene una capacidad de 1.4 litros y es apto para el lavavajillas, aunque se recomienda el lavado a mano para un mejor cuidado.<\/p>\n<p>Esta batidora cuenta con <strong>5 programas autom\u00e1ticos<\/strong> (pulso, licuado, batido, triturador de hielo y limpieza) y <strong>12 niveles de velocidad<\/strong>, lo que la hace ideal para preparar desde sopas y cremas hasta las m\u00e1s delicadas salsas. El motor AC combina eficiencia energ\u00e9tica y durabilidad, y cuenta con un enclavamiento de seguridad incorporado para evitar lesiones.<\/p>\n<p>Adem\u00e1s, esta batidora incluye copa de medici\u00f3n y un accesorio empujador de alta calidad como accesorios pr\u00e1cticos, y tiene un revestimiento especial extremadamente resistente con un aspecto de acero inoxidable de alta calidad. Desarrollada por Zwilling en Alemania y dise\u00f1ada en Mil\u00e1n (Italia) por Matteo Thun y Antonio Rodriguez, esta batidora es una excelente opci\u00f3n para quienes buscan calidad y comodidad en su d\u00eda a d\u00eda en la cocina.<\/p>\n<h2>Tabla de caracter\u00edsticas batidora de vaso universal Zwilling plata<\/h2>\n<div class='tabla-caracteristicas'>\n<div class='fila'><span class='etiqueta'>Nombre comercial:<\/span><span class='valor'><strong>Zwilling Enfinigy Batidora de vaso Universal, plata<\/strong><\/span><\/div>\n<div class='fila'><span class='etiqueta'>Fabricante:<\/span><span class='valor'>Zwilling<\/span><\/div>\n<div class='fila'><span class='etiqueta'>Referencia del fabricante:<\/span><span class='valor'>53002-000<\/span><\/div>\n<div class='fila'><span class='etiqueta'>Medidas:<\/span><span class='valor'>39,9 x 16,5 x 16,5 cm<\/span><\/div>\n<div class='fila'><span class='etiqueta'>Material:<\/span><span class='valor'>Jarra de trit\u00e1n (sin BPA)<\/span><\/div>\n<div class='fila'><span class='etiqueta'>Peso del producto:<\/span><span class='valor'>3,9 kg (aprox)<\/span><\/div>\n<div class='fila'><span class='etiqueta'>Capacidad:<\/span><span class='valor'>1,4 litros<\/span><\/div>\n<div class='fila'><span class='etiqueta'>\u00bfEs apto para el lavavajillas?:<\/span><span class='valor'>Si, aunque se recomienda limpiar a mano.<\/span><\/div>\n<div class='fila'><span class='etiqueta'>\u00bfDonde se fabrica?:<\/span><span class='valor'>Alemania<\/span><\/div>\n<div class='fila'><span class='etiqueta'>\u00bfQu\u00e9 garant\u00eda tiene?:<\/span><span class='valor'>5 a\u00f1os<\/span><\/div>\n<div class='fila'><span class='etiqueta'>C\u00f3digo de barras (GTIN):<\/span><span class='valor'>4009839427015<\/span><\/div>\n<\/div>\n","protected":false},"excerpt":{"rendered":"<p><strong>Batidora de vaso<\/strong> de 1,4 litros, <strong>Zwilling Enfinigy<\/strong>, de color <strong>plata<\/strong>, con 5 programas autom\u00e1ticos:\u00a0pulso, batido, c\u00f3ctel, triturador de hielo y limpieza&hellip; <a class=\"kt-excerpt-readmore more-link\" href=\"https:\/\/www.cuchillalia.com\/en\/producto\/batidora-vaso-universal-zwilling-enfinigy-53002-000-plata\/\" aria-label=\"Batidora de vaso Universal Zwilling Enfinigy 53002-000 plata\">Read More<\/a><\/p>\n","protected":false},"featured_media":166595,"comment_status":"open","ping_status":"closed","template":"","meta":[],"product_brand":[],"product_cat":[15445,15448],"product_tag":[],"class_list":{"0":"post-166586","1":"product","2":"type-product","3":"status-publish","4":"has-post-thumbnail","6":"product_cat-batidoras-vaso","7":"product_cat-enfinigy","9":"first","10":"instock","11":"taxable","12":"shipping-taxable","13":"purchasable","14":"product-type-simple"},"yoast_head":"<!-- This site is optimized with the Yoast SEO plugin v27.5 - https:\/\/yoast.com\/product\/yoast-seo-wordpress\/ -->\n<title>Batidora de vaso Universal Zwilling Enfinigy plata | Cuchillalia.com<\/title>\n<meta name=\"robots\" content=\"index, follow, max-snippet:-1, max-image-preview:large, max-video-preview:-1\" \/>\n<link rel=\"canonical\" href=\"https:\/\/www.cuchillalia.com\/producto\/batidora-vaso-universal-zwilling-enfinigy-53002-000-plata\/\" \/>\n<meta property=\"og:locale\" content=\"en_US\" \/>\n<meta property=\"og:type\" content=\"article\" \/>\n<meta property=\"og:title\" content=\"Batidora de vaso Universal Zwilling Enfinigy plata | Cuchillalia.com\" \/>\n<meta property=\"og:description\" content=\"Batidora de vaso de 1,4 litros, Zwilling Enfinigy, de color plata, con 5 programas autom\u00e1ticos:\u00a0pulso, batido, c\u00f3ctel, triturador de hielo y limpieza&hellip; Read More\" \/>\n<meta property=\"og:url\" content=\"https:\/\/www.cuchillalia.com\/producto\/batidora-vaso-universal-zwilling-enfinigy-53002-000-plata\/\" \/>\n<meta property=\"og:site_name\" content=\"Cuchillalia.com\" \/>\n<meta property=\"article:publisher\" content=\"http:\/\/www.facebook.com\/cuchillalia\" \/>\n<meta property=\"article:modified_time\" content=\"2026-03-20T11:43:57+00:00\" \/>\n<meta property=\"og:image\" content=\"https:\/\/www.cuchillalia.com\/wordpress\/wp-content\/uploads\/2023\/01\/batidora-vaso-universal-zwilling-enfinigy-53002-000-plata.jpg\" \/>\n\t<meta property=\"og:image:width\" content=\"1600\" \/>\n\t<meta property=\"og:image:height\" content=\"1600\" \/>\n\t<meta property=\"og:image:type\" content=\"image\/jpeg\" \/>\n<meta name=\"twitter:card\" content=\"summary_large_image\" \/>\n<meta name=\"twitter:site\" content=\"@Cuchillalia\" \/>\n<meta name=\"twitter:label1\" content=\"Est. reading time\" \/>\n\t<meta name=\"twitter:data1\" content=\"2 minutes\" \/>\n<!-- \/ Yoast SEO plugin. -->","yoast_head_json":{"title":"Batidora de vaso Universal Zwilling Enfinigy plata | Cuchillalia.com","robots":{"index":"index","follow":"follow","max-snippet":"max-snippet:-1","max-image-preview":"max-image-preview:large","max-video-preview":"max-video-preview:-1"},"canonical":"https:\/\/www.cuchillalia.com\/producto\/batidora-vaso-universal-zwilling-enfinigy-53002-000-plata\/","og_locale":"en_US","og_type":"article","og_title":"Batidora de vaso Universal Zwilling Enfinigy plata | Cuchillalia.com","og_description":"Batidora de vaso de 1,4 litros, Zwilling Enfinigy, de color plata, con 5 programas autom\u00e1ticos:\u00a0pulso, batido, c\u00f3ctel, triturador de hielo y limpieza&hellip; Read More","og_url":"https:\/\/www.cuchillalia.com\/producto\/batidora-vaso-universal-zwilling-enfinigy-53002-000-plata\/","og_site_name":"Cuchillalia.com","article_publisher":"http:\/\/www.facebook.com\/cuchillalia","article_modified_time":"2026-03-20T11:43:57+00:00","og_image":[{"width":1600,"height":1600,"url":"https:\/\/www.cuchillalia.com\/wordpress\/wp-content\/uploads\/2023\/01\/batidora-vaso-universal-zwilling-enfinigy-53002-000-plata.jpg","type":"image\/jpeg"}],"twitter_card":"summary_large_image","twitter_site":"@Cuchillalia","twitter_misc":{"Est. reading time":"2 minutes"},"schema":{"@context":"https:\/\/schema.org","@graph":[{"@type":"WebPage","@id":"https:\/\/www.cuchillalia.com\/producto\/batidora-vaso-universal-zwilling-enfinigy-53002-000-plata\/","url":"https:\/\/www.cuchillalia.com\/producto\/batidora-vaso-universal-zwilling-enfinigy-53002-000-plata\/","name":"Batidora de vaso Universal Zwilling Enfinigy plata | Cuchillalia.com","isPartOf":{"@id":"https:\/\/www.cuchillalia.com\/#website"},"primaryImageOfPage":{"@id":"https:\/\/www.cuchillalia.com\/producto\/batidora-vaso-universal-zwilling-enfinigy-53002-000-plata\/#primaryimage"},"image":{"@id":"https:\/\/www.cuchillalia.com\/producto\/batidora-vaso-universal-zwilling-enfinigy-53002-000-plata\/#primaryimage"},"thumbnailUrl":"https:\/\/www.cuchillalia.com\/wordpress\/wp-content\/uploads\/2023\/01\/batidora-vaso-universal-zwilling-enfinigy-53002-000-plata.jpg","datePublished":"2023-01-17T01:39:46+00:00","dateModified":"2026-03-20T11:43:57+00:00","breadcrumb":{"@id":"https:\/\/www.cuchillalia.com\/producto\/batidora-vaso-universal-zwilling-enfinigy-53002-000-plata\/#breadcrumb"},"inLanguage":"en-US","potentialAction":[{"@type":"ReadAction","target":["https:\/\/www.cuchillalia.com\/producto\/batidora-vaso-universal-zwilling-enfinigy-53002-000-plata\/"]}]},{"@type":"ImageObject","inLanguage":"en-US","@id":"https:\/\/www.cuchillalia.com\/producto\/batidora-vaso-universal-zwilling-enfinigy-53002-000-plata\/#primaryimage","url":"https:\/\/www.cuchillalia.com\/wordpress\/wp-content\/uploads\/2023\/01\/batidora-vaso-universal-zwilling-enfinigy-53002-000-plata.jpg","contentUrl":"https:\/\/www.cuchillalia.com\/wordpress\/wp-content\/uploads\/2023\/01\/batidora-vaso-universal-zwilling-enfinigy-53002-000-plata.jpg","width":1600,"height":1600,"caption":"Batidora de vaso universal Zwilling Enfinigy de color plata - Cuchillalia.com"},{"@type":"BreadcrumbList","@id":"https:\/\/www.cuchillalia.com\/producto\/batidora-vaso-universal-zwilling-enfinigy-53002-000-plata\/#breadcrumb","itemListElement":[{"@type":"ListItem","position":1,"name":"Cuchillalia","item":"https:\/\/www.cuchillalia.com\/en\/"},{"@type":"ListItem","position":2,"name":"Tienda","item":"https:\/\/www.cuchillalia.com\/tienda\/"},{"@type":"ListItem","position":3,"name":"Marcas","item":"https:\/\/www.cuchillalia.com\/categoria\/marcas\/"},{"@type":"ListItem","position":4,"name":"Zwilling","item":"https:\/\/www.cuchillalia.com\/categoria\/marcas\/zwilling\/"},{"@type":"ListItem","position":5,"name":"Zwilling Enfinigy","item":"https:\/\/www.cuchillalia.com\/categoria\/marcas\/zwilling\/enfinigy\/"},{"@type":"ListItem","position":6,"name":"Batidora de vaso Universal Zwilling Enfinigy 53002-000 plata"}]},{"@type":"WebSite","@id":"https:\/\/www.cuchillalia.com\/#website","url":"https:\/\/www.cuchillalia.com\/","name":"Cuchillalia.com","description":"","publisher":{"@id":"https:\/\/www.cuchillalia.com\/#organization"},"potentialAction":[{"@type":"SearchAction","target":{"@type":"EntryPoint","urlTemplate":"https:\/\/www.cuchillalia.com\/?s={search_term_string}"},"query-input":{"@type":"PropertyValueSpecification","valueRequired":true,"valueName":"search_term_string"}}],"inLanguage":"en-US"},{"@type":"Organization","@id":"https:\/\/www.cuchillalia.com\/#organization","name":"Cuchillalia","url":"https:\/\/www.cuchillalia.com\/","logo":{"@type":"ImageObject","inLanguage":"en-US","@id":"https:\/\/www.cuchillalia.com\/#\/schema\/logo\/image\/","url":"https:\/\/www.cuchillalia.com\/wordpress\/wp-content\/uploads\/2021\/03\/logo-cuchillalia-jpg.jpg","contentUrl":"https:\/\/www.cuchillalia.com\/wordpress\/wp-content\/uploads\/2021\/03\/logo-cuchillalia-jpg.jpg","width":276,"height":192,"caption":"Cuchillalia"},"image":{"@id":"https:\/\/www.cuchillalia.com\/#\/schema\/logo\/image\/"},"sameAs":["http:\/\/www.facebook.com\/cuchillalia","https:\/\/x.com\/Cuchillalia"]}]}},"_links":{"self":[{"href":"https:\/\/www.cuchillalia.com\/en\/wp-json\/wp\/v2\/product\/166586","targetHints":{"allow":["GET"]}}],"collection":[{"href":"https:\/\/www.cuchillalia.com\/en\/wp-json\/wp\/v2\/product"}],"about":[{"href":"https:\/\/www.cuchillalia.com\/en\/wp-json\/wp\/v2\/types\/product"}],"replies":[{"embeddable":true,"href":"https:\/\/www.cuchillalia.com\/en\/wp-json\/wp\/v2\/comments?post=166586"}],"wp:featuredmedia":[{"embeddable":true,"href":"https:\/\/www.cuchillalia.com\/en\/wp-json\/wp\/v2\/media\/166595"}],"wp:attachment":[{"href":"https:\/\/www.cuchillalia.com\/en\/wp-json\/wp\/v2\/media?parent=166586"}],"wp:term":[{"taxonomy":"product_brand","embeddable":true,"href":"https:\/\/www.cuchillalia.com\/en\/wp-json\/wp\/v2\/product_brand?post=166586"},{"taxonomy":"product_cat","embeddable":true,"href":"https:\/\/www.cuchillalia.com\/en\/wp-json\/wp\/v2\/product_cat?post=166586"},{"taxonomy":"product_tag","embeddable":true,"href":"https:\/\/www.cuchillalia.com\/en\/wp-json\/wp\/v2\/product_tag?post=166586"}],"curies":[{"name":"wp","href":"https:\/\/api.w.org\/{rel}","templated":true}]}}