{"id":166481,"date":"2023-01-13T21:12:40","date_gmt":"2023-01-13T20:12:40","guid":{"rendered":"https:\/\/www.cuchillalia.com\/?post_type=product&#038;p=166481"},"modified":"2026-03-20T12:43:48","modified_gmt":"2026-03-20T11:43:48","slug":"batidora-vaso-zwilling-enfinigy-53000-000-plata","status":"publish","type":"product","link":"https:\/\/www.cuchillalia.com\/en\/producto\/batidora-vaso-zwilling-enfinigy-53000-000-plata\/","title":{"rendered":"Batidora de vaso Zwilling Enfinigy 53000-000 plata"},"content":{"rendered":"<p>La\u00a0<strong>batidora de vaso<\/strong>\u00a0de alto rendimiento de la serie\u00a0<strong>Enfinigy de Zwilling<\/strong>\u00a0de\u00a0<strong>color gris<\/strong>\u00a0impresiona con su cuchilla de acero especial desarrollada en Solingen. Con un borde dentado especial, la destrucci\u00f3n sin esfuerzo est\u00e1 garantizada y la cuchilla tambi\u00e9n es particularmente duradera. Esta combinaci\u00f3n con el potente motor de 1600 w y la forma optimizada del contenedor garantiza resultados de pur\u00e9 ideales. El recipiente de la batidora de vaso de 1,8 litros est\u00e1 hecho de Tritan\u00a0<strong>sin BPA<\/strong>, es resistente y\u00a0<strong>apto para el lavavajillas<\/strong>. Adem\u00e1s, tambi\u00e9n es f\u00e1cil de limpiar gracias al dise\u00f1o moderno de un bot\u00f3n con pantalla integrada y al programa de limpieza integrado. La funci\u00f3n de seguridad incorporada garantiza que el mezclador solo puede funcionar con la tapa, sin riesgo de lesiones.<\/p>\n<p>Los usuarios pueden seleccionar entre\u00a0<strong>6 programas autom\u00e1ticos<\/strong>\u00a0(<strong>pulso<\/strong>,\u00a0<strong>batido<\/strong>,\u00a0<strong>c\u00f3ctel<\/strong>,\u00a0<strong>helado<\/strong>,\u00a0<strong>triturador de hielo<\/strong>\u00a0y\u00a0<strong>limpieza<\/strong>) y\u00a0<strong>12 niveles de velocidad<\/strong>\u00a0con el mando de control intuitivo.<\/p>\n<p>La serie Enfinigy tambi\u00e9n incluye copas de medici\u00f3n y un accesorio empujador de alta calidad para una experiencia de mezcla completa.<\/p>\n<p>Desarrollado por Zwilling en Alemania y dise\u00f1ado en Mil\u00e1n (Italia) por Matteo Thun y Antonio Rodr\u00edguez, la batidora de vaso Enfinigy es una opci\u00f3n confiable y pr\u00e1ctica para tus necesidades diarias de mezcla.<\/p>\n<p><span style='font-weight: 400;'>Acompa\u00f1a tu d\u00eda a d\u00eda con los peque\u00f1os aparatos el\u00e9ctricos de alta calidad de la serie <a href='https:\/\/www.cuchillalia.com\/categoria\/marcas\/zwilling\/enfinigy\/'><strong>Enfinigy de Zwilling<\/strong><\/a>.<\/span><\/p>\n<h2>Tabla de caracter\u00edsticas batidora de vaso Zwilling gris<\/h2>\n<div class='tabla-caracteristicas'>\n<div class='fila'><span class='etiqueta'>Nombre comercial:<\/span><span class='valor'><strong>Zwilling Enfinigy Batidora de vaso, AC Motor<\/strong><\/span><\/div>\n<div class='fila'><span class='etiqueta'>Fabricante:<\/span><span class='valor'>Zwilling<\/span><\/div>\n<div class='fila'><span class='etiqueta'>Referencia del fabricante:<\/span><span class='valor'>53000-000<\/span><\/div>\n<div class='fila'><span class='etiqueta'>Medidas:<\/span><span class='valor'>42,3 x 19,3 x 19,3 cm<\/span><\/div>\n<div class='fila'><span class='etiqueta'>Material:<\/span><span class='valor'>Jarra de trit\u00e1n (sin BPA)<\/span><\/div>\n<div class='fila'><span class='etiqueta'>Peso del producto:<\/span><span class='valor'>4,7 kg (aprox)<\/span><\/div>\n<div class='fila'><span class='etiqueta'>Capacidad:<\/span><span class='valor'>1,8 litros<\/span><\/div>\n<div class='fila'><span class='etiqueta'>\u00bfEs apto para el lavavajillas?:<\/span><span class='valor'>Si, aunque se recomienda limpiar a mano.<\/span><\/div>\n<div class='fila'><span class='etiqueta'>\u00bfDonde se fabrica?:<\/span><span class='valor'>Alemania<\/span><\/div>\n<div class='fila'><span class='etiqueta'>\u00bfQu\u00e9 garant\u00eda tiene?:<\/span><span class='valor'>5 a\u00f1os<\/span><\/div>\n<div class='fila'><span class='etiqueta'>C\u00f3digo de barras (GTIN):<\/span><span class='valor'>4009839427213<\/span><\/div>\n<\/div>\n","protected":false},"excerpt":{"rendered":"<p><strong>Batidora de vaso<\/strong> de 1,8 litros, <strong>Zwilling Enfinigy<\/strong>, de color <strong>gris<\/strong>, con 6 programas autom\u00e1ticos: pulso, batido, c\u00f3ctel, helado, triturador de hielo y limpieza.&hellip; <a class=\"kt-excerpt-readmore more-link\" href=\"https:\/\/www.cuchillalia.com\/en\/producto\/batidora-vaso-zwilling-enfinigy-53000-000-plata\/\" aria-label=\"Batidora de vaso Zwilling Enfinigy 53000-000 plata\">Read More<\/a><\/p>\n","protected":false},"featured_media":166522,"comment_status":"open","ping_status":"closed","template":"","meta":[],"product_brand":[],"product_cat":[15445,15448],"product_tag":[],"class_list":{"0":"post-166481","1":"product","2":"type-product","3":"status-publish","4":"has-post-thumbnail","6":"product_cat-batidoras-vaso","7":"product_cat-enfinigy","9":"first","10":"instock","11":"taxable","12":"shipping-taxable","13":"purchasable","14":"product-type-simple"},"yoast_head":"<!-- This site is optimized with the Yoast SEO plugin v27.5 - https:\/\/yoast.com\/product\/yoast-seo-wordpress\/ -->\n<title>Batidora de vaso Zwilling Enfinigy 53000-000 plata - Cuchillalia.com<\/title>\n<meta name=\"robots\" content=\"index, follow, max-snippet:-1, max-image-preview:large, max-video-preview:-1\" \/>\n<link rel=\"canonical\" href=\"https:\/\/www.cuchillalia.com\/producto\/batidora-vaso-zwilling-enfinigy-53000-000-plata\/\" \/>\n<meta property=\"og:locale\" content=\"en_US\" \/>\n<meta property=\"og:type\" content=\"article\" \/>\n<meta property=\"og:title\" content=\"Batidora de vaso Zwilling Enfinigy 53000-000 plata - Cuchillalia.com\" \/>\n<meta property=\"og:description\" content=\"Batidora de vaso de 1,8 litros, Zwilling Enfinigy, de color gris, con 6 programas autom\u00e1ticos: pulso, batido, c\u00f3ctel, helado, triturador de hielo y limpieza.&hellip; Read More\" \/>\n<meta property=\"og:url\" content=\"https:\/\/www.cuchillalia.com\/producto\/batidora-vaso-zwilling-enfinigy-53000-000-plata\/\" \/>\n<meta property=\"og:site_name\" content=\"Cuchillalia.com\" \/>\n<meta property=\"article:publisher\" content=\"http:\/\/www.facebook.com\/cuchillalia\" \/>\n<meta property=\"article:modified_time\" content=\"2026-03-20T11:43:48+00:00\" \/>\n<meta property=\"og:image\" content=\"https:\/\/www.cuchillalia.com\/wordpress\/wp-content\/uploads\/2023\/01\/batidora-vaso-zwilling-enfinigy-53000-000-plata.jpg\" \/>\n\t<meta property=\"og:image:width\" content=\"1600\" \/>\n\t<meta property=\"og:image:height\" content=\"1600\" \/>\n\t<meta property=\"og:image:type\" content=\"image\/jpeg\" \/>\n<meta name=\"twitter:card\" content=\"summary_large_image\" \/>\n<meta name=\"twitter:site\" content=\"@Cuchillalia\" \/>\n<meta name=\"twitter:label1\" content=\"Est. reading time\" \/>\n\t<meta name=\"twitter:data1\" content=\"2 minutes\" \/>\n<!-- \/ Yoast SEO plugin. -->","yoast_head_json":{"title":"Batidora de vaso Zwilling Enfinigy 53000-000 plata - Cuchillalia.com","robots":{"index":"index","follow":"follow","max-snippet":"max-snippet:-1","max-image-preview":"max-image-preview:large","max-video-preview":"max-video-preview:-1"},"canonical":"https:\/\/www.cuchillalia.com\/producto\/batidora-vaso-zwilling-enfinigy-53000-000-plata\/","og_locale":"en_US","og_type":"article","og_title":"Batidora de vaso Zwilling Enfinigy 53000-000 plata - Cuchillalia.com","og_description":"Batidora de vaso de 1,8 litros, Zwilling Enfinigy, de color gris, con 6 programas autom\u00e1ticos: pulso, batido, c\u00f3ctel, helado, triturador de hielo y limpieza.&hellip; Read More","og_url":"https:\/\/www.cuchillalia.com\/producto\/batidora-vaso-zwilling-enfinigy-53000-000-plata\/","og_site_name":"Cuchillalia.com","article_publisher":"http:\/\/www.facebook.com\/cuchillalia","article_modified_time":"2026-03-20T11:43:48+00:00","og_image":[{"width":1600,"height":1600,"url":"https:\/\/www.cuchillalia.com\/wordpress\/wp-content\/uploads\/2023\/01\/batidora-vaso-zwilling-enfinigy-53000-000-plata.jpg","type":"image\/jpeg"}],"twitter_card":"summary_large_image","twitter_site":"@Cuchillalia","twitter_misc":{"Est. reading time":"2 minutes"},"schema":{"@context":"https:\/\/schema.org","@graph":[{"@type":"WebPage","@id":"https:\/\/www.cuchillalia.com\/producto\/batidora-vaso-zwilling-enfinigy-53000-000-plata\/","url":"https:\/\/www.cuchillalia.com\/producto\/batidora-vaso-zwilling-enfinigy-53000-000-plata\/","name":"Batidora de vaso Zwilling Enfinigy 53000-000 plata - Cuchillalia.com","isPartOf":{"@id":"https:\/\/www.cuchillalia.com\/#website"},"primaryImageOfPage":{"@id":"https:\/\/www.cuchillalia.com\/producto\/batidora-vaso-zwilling-enfinigy-53000-000-plata\/#primaryimage"},"image":{"@id":"https:\/\/www.cuchillalia.com\/producto\/batidora-vaso-zwilling-enfinigy-53000-000-plata\/#primaryimage"},"thumbnailUrl":"https:\/\/www.cuchillalia.com\/wordpress\/wp-content\/uploads\/2023\/01\/batidora-vaso-zwilling-enfinigy-53000-000-plata.jpg","datePublished":"2023-01-13T20:12:40+00:00","dateModified":"2026-03-20T11:43:48+00:00","breadcrumb":{"@id":"https:\/\/www.cuchillalia.com\/producto\/batidora-vaso-zwilling-enfinigy-53000-000-plata\/#breadcrumb"},"inLanguage":"en-US","potentialAction":[{"@type":"ReadAction","target":["https:\/\/www.cuchillalia.com\/producto\/batidora-vaso-zwilling-enfinigy-53000-000-plata\/"]}]},{"@type":"ImageObject","inLanguage":"en-US","@id":"https:\/\/www.cuchillalia.com\/producto\/batidora-vaso-zwilling-enfinigy-53000-000-plata\/#primaryimage","url":"https:\/\/www.cuchillalia.com\/wordpress\/wp-content\/uploads\/2023\/01\/batidora-vaso-zwilling-enfinigy-53000-000-plata.jpg","contentUrl":"https:\/\/www.cuchillalia.com\/wordpress\/wp-content\/uploads\/2023\/01\/batidora-vaso-zwilling-enfinigy-53000-000-plata.jpg","width":1600,"height":1600,"caption":"Batidora de vaso Zwilling Enfinigy de color plata - Cuchillalia.com"},{"@type":"BreadcrumbList","@id":"https:\/\/www.cuchillalia.com\/producto\/batidora-vaso-zwilling-enfinigy-53000-000-plata\/#breadcrumb","itemListElement":[{"@type":"ListItem","position":1,"name":"Cuchillalia","item":"https:\/\/www.cuchillalia.com\/en\/"},{"@type":"ListItem","position":2,"name":"Tienda","item":"https:\/\/www.cuchillalia.com\/tienda\/"},{"@type":"ListItem","position":3,"name":"Marcas","item":"https:\/\/www.cuchillalia.com\/categoria\/marcas\/"},{"@type":"ListItem","position":4,"name":"Zwilling","item":"https:\/\/www.cuchillalia.com\/categoria\/marcas\/zwilling\/"},{"@type":"ListItem","position":5,"name":"Zwilling Enfinigy","item":"https:\/\/www.cuchillalia.com\/categoria\/marcas\/zwilling\/enfinigy\/"},{"@type":"ListItem","position":6,"name":"Batidora de vaso Zwilling Enfinigy 53000-000 plata"}]},{"@type":"WebSite","@id":"https:\/\/www.cuchillalia.com\/#website","url":"https:\/\/www.cuchillalia.com\/","name":"Cuchillalia.com","description":"","publisher":{"@id":"https:\/\/www.cuchillalia.com\/#organization"},"potentialAction":[{"@type":"SearchAction","target":{"@type":"EntryPoint","urlTemplate":"https:\/\/www.cuchillalia.com\/?s={search_term_string}"},"query-input":{"@type":"PropertyValueSpecification","valueRequired":true,"valueName":"search_term_string"}}],"inLanguage":"en-US"},{"@type":"Organization","@id":"https:\/\/www.cuchillalia.com\/#organization","name":"Cuchillalia","url":"https:\/\/www.cuchillalia.com\/","logo":{"@type":"ImageObject","inLanguage":"en-US","@id":"https:\/\/www.cuchillalia.com\/#\/schema\/logo\/image\/","url":"https:\/\/www.cuchillalia.com\/wordpress\/wp-content\/uploads\/2021\/03\/logo-cuchillalia-jpg.jpg","contentUrl":"https:\/\/www.cuchillalia.com\/wordpress\/wp-content\/uploads\/2021\/03\/logo-cuchillalia-jpg.jpg","width":276,"height":192,"caption":"Cuchillalia"},"image":{"@id":"https:\/\/www.cuchillalia.com\/#\/schema\/logo\/image\/"},"sameAs":["http:\/\/www.facebook.com\/cuchillalia","https:\/\/x.com\/Cuchillalia"]}]}},"_links":{"self":[{"href":"https:\/\/www.cuchillalia.com\/en\/wp-json\/wp\/v2\/product\/166481","targetHints":{"allow":["GET"]}}],"collection":[{"href":"https:\/\/www.cuchillalia.com\/en\/wp-json\/wp\/v2\/product"}],"about":[{"href":"https:\/\/www.cuchillalia.com\/en\/wp-json\/wp\/v2\/types\/product"}],"replies":[{"embeddable":true,"href":"https:\/\/www.cuchillalia.com\/en\/wp-json\/wp\/v2\/comments?post=166481"}],"wp:featuredmedia":[{"embeddable":true,"href":"https:\/\/www.cuchillalia.com\/en\/wp-json\/wp\/v2\/media\/166522"}],"wp:attachment":[{"href":"https:\/\/www.cuchillalia.com\/en\/wp-json\/wp\/v2\/media?parent=166481"}],"wp:term":[{"taxonomy":"product_brand","embeddable":true,"href":"https:\/\/www.cuchillalia.com\/en\/wp-json\/wp\/v2\/product_brand?post=166481"},{"taxonomy":"product_cat","embeddable":true,"href":"https:\/\/www.cuchillalia.com\/en\/wp-json\/wp\/v2\/product_cat?post=166481"},{"taxonomy":"product_tag","embeddable":true,"href":"https:\/\/www.cuchillalia.com\/en\/wp-json\/wp\/v2\/product_tag?post=166481"}],"curies":[{"name":"wp","href":"https:\/\/api.w.org\/{rel}","templated":true}]}}