{"id":165827,"date":"2022-12-15T23:42:25","date_gmt":"2022-12-15T22:42:25","guid":{"rendered":"https:\/\/www.cuchillalia.com\/?post_type=product&#038;p=165827"},"modified":"2026-04-11T01:19:34","modified_gmt":"2026-04-10T23:19:34","slug":"cuchillo-chef-23-cm-wusthof-gourmet-1025044823","status":"publish","type":"product","link":"https:\/\/www.cuchillalia.com\/en\/producto\/cuchillo-chef-23-cm-wusthof-gourmet-1025044823\/","title":{"rendered":"Cuchillo de chef de 23 cm W\u00fcsthof Gourmet"},"content":{"rendered":"<h2>Tabla de caracter\u00edsticas cuchillo de chef de 23 cm W\u00fcsthof Gourmet<\/h2>\n<div class='tabla-caracteristicas'>\n<div class='fila'><span class='etiqueta'>Nombre comercial:<\/span><span class='valor'><strong>Gourmet chef 23 cm<\/strong><\/span><\/div>\n<div class='fila'><span class='etiqueta'>Fabricante:<\/span><span class='valor'>W\u00fcsthof<\/span><\/div>\n<div class='fila'><span class='etiqueta'>Referencia del fabricante:<\/span><span class='valor'>1025044823<\/span><\/div>\n<div class='fila'><span class='etiqueta'>Longitud de la hoja:<\/span><span class='valor'>23 cm<\/span><\/div>\n<div class='fila'><span class='etiqueta'>Ancho m\u00e1ximo de la hoja:<\/span><span class='valor'>4,7 cm<\/span><\/div>\n<div class='fila'><span class='etiqueta'>Longitud del mango:<\/span><span class='valor'>13,4 cm<\/span><\/div>\n<div class='fila'><span class='etiqueta'>Longitud total:<\/span><span class='valor'>36,5 cm<\/span><\/div>\n<div class='fila'><span class='etiqueta'>Material de la hoja:<\/span><span class='valor'>Acero inoxidable<\/span><\/div>\n<div class='fila'><span class='etiqueta'>Acabado:<\/span><span class='valor'>Satinado<\/span><\/div>\n<div class='fila'><span class='etiqueta'>Dureza:<\/span><span class='valor'>HRc 56 Rockwell<\/span><\/div>\n<div class='fila'><span class='etiqueta'>Tipo de mango:<\/span><span class='valor'>Cl\u00e1sico mango de remaches que se acopla perfectamente a la mano.<\/span><\/div>\n<div class='fila'><span class='etiqueta'>\u00bfEs apto para zurdos?:<\/span><span class='valor'>Para diestros y zurdos<\/span><\/div>\n<div class='fila'><span class='etiqueta'>Peso del producto:<\/span><span class='valor'>195 g<\/span><\/div>\n<div class='fila'><span class='etiqueta'>Producci\u00f3n:<\/span><span class='valor'>Estampaci\u00f3n<\/span><\/div>\n<div class='fila'><span class='etiqueta'>\u00bfDonde se fabrica?:<\/span><span class='valor'>Solingen &#8211; Alemania<\/span><\/div>\n<div class='fila'><span class='etiqueta'>C\u00f3digo de barras (GTIN):<\/span><span class='valor'>4002293106540<\/span><\/div>\n<\/div>\n","protected":false},"excerpt":{"rendered":"<p><strong>Cuchillo cebollero o de chef<\/strong>, con hoja de <strong>23 cm<\/strong>, <strong>W\u00fcsthof Gourmet 1025044823<\/strong>, con mango de color negro. Fabricado en Alemania.&hellip; <a class=\"kt-excerpt-readmore more-link\" href=\"https:\/\/www.cuchillalia.com\/en\/producto\/cuchillo-chef-23-cm-wusthof-gourmet-1025044823\/\" aria-label=\"Cuchillo de chef de 23 cm W\u00fcsthof Gourmet\">Read More<\/a><\/p>\n","protected":false},"featured_media":165786,"comment_status":"open","ping_status":"closed","template":"","meta":[],"product_brand":[],"product_cat":[8294,15156],"product_tag":[],"class_list":{"0":"post-165827","1":"product","2":"type-product","3":"status-publish","4":"has-post-thumbnail","6":"product_cat-cebolleros","7":"product_cat-serie-gourmet","9":"first","10":"outofstock","11":"taxable","12":"shipping-taxable","13":"purchasable","14":"product-type-simple"},"yoast_head":"<!-- This site is optimized with the Yoast SEO plugin v27.5 - https:\/\/yoast.com\/product\/yoast-seo-wordpress\/ -->\n<title>Cuchillo de chef de 23 cm | W\u00fcsthof Gourmet | Cuchillalia.com<\/title>\n<meta name=\"description\" content=\"Cuchillo cebollero o de chef con hoja de 23 cm con mango sint\u00e9tico de color negro, W\u00fcsthof Gourmet 1025044823. Fabricado en Alemania.\" \/>\n<meta name=\"robots\" content=\"index, follow, max-snippet:-1, max-image-preview:large, max-video-preview:-1\" \/>\n<link rel=\"canonical\" href=\"https:\/\/www.cuchillalia.com\/producto\/cuchillo-chef-23-cm-wusthof-gourmet-1025044823\/\" \/>\n<meta property=\"og:locale\" content=\"en_US\" \/>\n<meta property=\"og:type\" content=\"article\" \/>\n<meta property=\"og:title\" content=\"Cuchillo de chef de 23 cm | W\u00fcsthof Gourmet | Cuchillalia.com\" \/>\n<meta property=\"og:description\" content=\"Cuchillo cebollero o de chef con hoja de 23 cm con mango sint\u00e9tico de color negro, W\u00fcsthof Gourmet 1025044823. Fabricado en Alemania.\" \/>\n<meta property=\"og:url\" content=\"https:\/\/www.cuchillalia.com\/producto\/cuchillo-chef-23-cm-wusthof-gourmet-1025044823\/\" \/>\n<meta property=\"og:site_name\" content=\"Cuchillalia.com\" \/>\n<meta property=\"article:publisher\" content=\"http:\/\/www.facebook.com\/cuchillalia\" \/>\n<meta property=\"article:modified_time\" content=\"2026-04-10T23:19:34+00:00\" \/>\n<meta property=\"og:image\" content=\"https:\/\/www.cuchillalia.com\/wordpress\/wp-content\/uploads\/2022\/12\/cuchillo-chef-23-cm-wusthof-gourmet-1025044823.jpg\" \/>\n\t<meta property=\"og:image:width\" content=\"1600\" \/>\n\t<meta property=\"og:image:height\" content=\"1600\" \/>\n\t<meta property=\"og:image:type\" content=\"image\/jpeg\" \/>\n<meta name=\"twitter:card\" content=\"summary_large_image\" \/>\n<meta name=\"twitter:site\" content=\"@Cuchillalia\" \/>\n<!-- \/ Yoast SEO plugin. -->","yoast_head_json":{"title":"Cuchillo de chef de 23 cm | W\u00fcsthof Gourmet | Cuchillalia.com","description":"Cuchillo cebollero o de chef con hoja de 23 cm con mango sint\u00e9tico de color negro, W\u00fcsthof Gourmet 1025044823. Fabricado en Alemania.","robots":{"index":"index","follow":"follow","max-snippet":"max-snippet:-1","max-image-preview":"max-image-preview:large","max-video-preview":"max-video-preview:-1"},"canonical":"https:\/\/www.cuchillalia.com\/producto\/cuchillo-chef-23-cm-wusthof-gourmet-1025044823\/","og_locale":"en_US","og_type":"article","og_title":"Cuchillo de chef de 23 cm | W\u00fcsthof Gourmet | Cuchillalia.com","og_description":"Cuchillo cebollero o de chef con hoja de 23 cm con mango sint\u00e9tico de color negro, W\u00fcsthof Gourmet 1025044823. Fabricado en Alemania.","og_url":"https:\/\/www.cuchillalia.com\/producto\/cuchillo-chef-23-cm-wusthof-gourmet-1025044823\/","og_site_name":"Cuchillalia.com","article_publisher":"http:\/\/www.facebook.com\/cuchillalia","article_modified_time":"2026-04-10T23:19:34+00:00","og_image":[{"width":1600,"height":1600,"url":"https:\/\/www.cuchillalia.com\/wordpress\/wp-content\/uploads\/2022\/12\/cuchillo-chef-23-cm-wusthof-gourmet-1025044823.jpg","type":"image\/jpeg"}],"twitter_card":"summary_large_image","twitter_site":"@Cuchillalia","schema":{"@context":"https:\/\/schema.org","@graph":[{"@type":"WebPage","@id":"https:\/\/www.cuchillalia.com\/producto\/cuchillo-chef-23-cm-wusthof-gourmet-1025044823\/","url":"https:\/\/www.cuchillalia.com\/producto\/cuchillo-chef-23-cm-wusthof-gourmet-1025044823\/","name":"Cuchillo de chef de 23 cm | W\u00fcsthof Gourmet | Cuchillalia.com","isPartOf":{"@id":"https:\/\/www.cuchillalia.com\/#website"},"primaryImageOfPage":{"@id":"https:\/\/www.cuchillalia.com\/producto\/cuchillo-chef-23-cm-wusthof-gourmet-1025044823\/#primaryimage"},"image":{"@id":"https:\/\/www.cuchillalia.com\/producto\/cuchillo-chef-23-cm-wusthof-gourmet-1025044823\/#primaryimage"},"thumbnailUrl":"https:\/\/www.cuchillalia.com\/wordpress\/wp-content\/uploads\/2022\/12\/cuchillo-chef-23-cm-wusthof-gourmet-1025044823.jpg","datePublished":"2022-12-15T22:42:25+00:00","dateModified":"2026-04-10T23:19:34+00:00","description":"Cuchillo cebollero o de chef con hoja de 23 cm con mango sint\u00e9tico de color negro, W\u00fcsthof Gourmet 1025044823. Fabricado en Alemania.","breadcrumb":{"@id":"https:\/\/www.cuchillalia.com\/producto\/cuchillo-chef-23-cm-wusthof-gourmet-1025044823\/#breadcrumb"},"inLanguage":"en-US","potentialAction":[{"@type":"ReadAction","target":["https:\/\/www.cuchillalia.com\/producto\/cuchillo-chef-23-cm-wusthof-gourmet-1025044823\/"]}]},{"@type":"ImageObject","inLanguage":"en-US","@id":"https:\/\/www.cuchillalia.com\/producto\/cuchillo-chef-23-cm-wusthof-gourmet-1025044823\/#primaryimage","url":"https:\/\/www.cuchillalia.com\/wordpress\/wp-content\/uploads\/2022\/12\/cuchillo-chef-23-cm-wusthof-gourmet-1025044823.jpg","contentUrl":"https:\/\/www.cuchillalia.com\/wordpress\/wp-content\/uploads\/2022\/12\/cuchillo-chef-23-cm-wusthof-gourmet-1025044823.jpg","width":1600,"height":1600,"caption":"Cuchillo de chef de 23 cm W\u00fcsthof Gourmet - Cuchillalia.com"},{"@type":"BreadcrumbList","@id":"https:\/\/www.cuchillalia.com\/producto\/cuchillo-chef-23-cm-wusthof-gourmet-1025044823\/#breadcrumb","itemListElement":[{"@type":"ListItem","position":1,"name":"Cuchillalia","item":"https:\/\/www.cuchillalia.com\/en\/"},{"@type":"ListItem","position":2,"name":"Tienda","item":"https:\/\/www.cuchillalia.com\/tienda\/"},{"@type":"ListItem","position":3,"name":"Marcas","item":"https:\/\/www.cuchillalia.com\/categoria\/marcas\/"},{"@type":"ListItem","position":4,"name":"W\u00fcsthof","item":"https:\/\/www.cuchillalia.com\/categoria\/marcas\/wusthof\/"},{"@type":"ListItem","position":5,"name":"Serie Gourmet","item":"https:\/\/www.cuchillalia.com\/categoria\/marcas\/wusthof\/serie-gourmet\/"},{"@type":"ListItem","position":6,"name":"Cuchillo de chef de 23 cm W\u00fcsthof Gourmet"}]},{"@type":"WebSite","@id":"https:\/\/www.cuchillalia.com\/#website","url":"https:\/\/www.cuchillalia.com\/","name":"Cuchillalia.com","description":"","publisher":{"@id":"https:\/\/www.cuchillalia.com\/#organization"},"potentialAction":[{"@type":"SearchAction","target":{"@type":"EntryPoint","urlTemplate":"https:\/\/www.cuchillalia.com\/?s={search_term_string}"},"query-input":{"@type":"PropertyValueSpecification","valueRequired":true,"valueName":"search_term_string"}}],"inLanguage":"en-US"},{"@type":"Organization","@id":"https:\/\/www.cuchillalia.com\/#organization","name":"Cuchillalia","url":"https:\/\/www.cuchillalia.com\/","logo":{"@type":"ImageObject","inLanguage":"en-US","@id":"https:\/\/www.cuchillalia.com\/#\/schema\/logo\/image\/","url":"https:\/\/www.cuchillalia.com\/wordpress\/wp-content\/uploads\/2021\/03\/logo-cuchillalia-jpg.jpg","contentUrl":"https:\/\/www.cuchillalia.com\/wordpress\/wp-content\/uploads\/2021\/03\/logo-cuchillalia-jpg.jpg","width":276,"height":192,"caption":"Cuchillalia"},"image":{"@id":"https:\/\/www.cuchillalia.com\/#\/schema\/logo\/image\/"},"sameAs":["http:\/\/www.facebook.com\/cuchillalia","https:\/\/x.com\/Cuchillalia"]}]}},"_links":{"self":[{"href":"https:\/\/www.cuchillalia.com\/en\/wp-json\/wp\/v2\/product\/165827","targetHints":{"allow":["GET"]}}],"collection":[{"href":"https:\/\/www.cuchillalia.com\/en\/wp-json\/wp\/v2\/product"}],"about":[{"href":"https:\/\/www.cuchillalia.com\/en\/wp-json\/wp\/v2\/types\/product"}],"replies":[{"embeddable":true,"href":"https:\/\/www.cuchillalia.com\/en\/wp-json\/wp\/v2\/comments?post=165827"}],"wp:featuredmedia":[{"embeddable":true,"href":"https:\/\/www.cuchillalia.com\/en\/wp-json\/wp\/v2\/media\/165786"}],"wp:attachment":[{"href":"https:\/\/www.cuchillalia.com\/en\/wp-json\/wp\/v2\/media?parent=165827"}],"wp:term":[{"taxonomy":"product_brand","embeddable":true,"href":"https:\/\/www.cuchillalia.com\/en\/wp-json\/wp\/v2\/product_brand?post=165827"},{"taxonomy":"product_cat","embeddable":true,"href":"https:\/\/www.cuchillalia.com\/en\/wp-json\/wp\/v2\/product_cat?post=165827"},{"taxonomy":"product_tag","embeddable":true,"href":"https:\/\/www.cuchillalia.com\/en\/wp-json\/wp\/v2\/product_tag?post=165827"}],"curies":[{"name":"wp","href":"https:\/\/api.w.org\/{rel}","templated":true}]}}