{"id":165779,"date":"2022-12-15T22:14:02","date_gmt":"2022-12-15T21:14:02","guid":{"rendered":"https:\/\/www.cuchillalia.com\/?post_type=product&#038;p=165779"},"modified":"2026-02-12T23:17:29","modified_gmt":"2026-02-12T22:17:29","slug":"cuchillo-mondador-8-cm-wusthof-gourmet-1025048108","status":"publish","type":"product","link":"https:\/\/www.cuchillalia.com\/en\/producto\/cuchillo-mondador-8-cm-wusthof-gourmet-1025048108\/","title":{"rendered":"Cuchillo mondador de 8 cm W\u00fcsthof Gourmet"},"content":{"rendered":"<h2>Tabla de caracter\u00edsticas cuchillo mondador W\u00fcsthof Gourmet<\/h2>\n<div class='tabla-caracteristicas'>\n<div class='fila'><span class='etiqueta'>Nombre comercial:<\/span><span class='valor'><strong>Gourmet cuchillo pelador 8 cm<\/strong><\/span><\/div>\n<div class='fila'><span class='etiqueta'>Fabricante:<\/span><span class='valor'>W\u00fcsthof<\/span><\/div>\n<div class='fila'><span class='etiqueta'>Referencia del fabricante:<\/span><span class='valor'>1025048108<\/span><\/div>\n<div class='fila'><span class='etiqueta'>Longitud de la hoja:<\/span><span class='valor'>8 cm<\/span><\/div>\n<div class='fila'><span class='etiqueta'>Ancho m\u00e1ximo de la hoja:<\/span><span class='valor'>1,7 cm<\/span><\/div>\n<div class='fila'><span class='etiqueta'>Longitud del mango:<\/span><span class='valor'>10,2 cm<\/span><\/div>\n<div class='fila'><span class='etiqueta'>Longitud total:<\/span><span class='valor'>18,1 cm<\/span><\/div>\n<div class='fila'><span class='etiqueta'>Material de la hoja:<\/span><span class='valor'>Acero inoxidable<\/span><\/div>\n<div class='fila'><span class='etiqueta'>Acabado:<\/span><span class='valor'>Satinado<\/span><\/div>\n<div class='fila'><span class='etiqueta'>Dureza:<\/span><span class='valor'>HRc 56 Rockwell<\/span><\/div>\n<div class='fila'><span class='etiqueta'>Tipo de mango:<\/span><span class='valor'>Cl\u00e1sico mango de remaches que se acopla perfectamente a la mano.<\/span><\/div>\n<div class='fila'><span class='etiqueta'>\u00bfEs apto para zurdos?:<\/span><span class='valor'>Para diestros y zurdos<\/span><\/div>\n<div class='fila'><span class='etiqueta'>Peso del producto:<\/span><span class='valor'>36 g<\/span><\/div>\n<div class='fila'><span class='etiqueta'>Producci\u00f3n:<\/span><span class='valor'>Estampaci\u00f3n<\/span><\/div>\n<div class='fila'><span class='etiqueta'>\u00bfDonde se fabrica?:<\/span><span class='valor'>Solingen &#8211; Alemania<\/span><\/div>\n<div class='fila'><span class='etiqueta'>C\u00f3digo de barras (GTIN):<\/span><span class='valor'>4002293103853<\/span><\/div>\n<\/div>\n","protected":false},"excerpt":{"rendered":"<p><strong>Cuchillo mondador<\/strong>, con hoja de <strong>8 cm<\/strong>, <strong>W\u00fcsthof Gourmet 1025048108<\/strong>, con mango de color negro. Fabricado en Alemania.&hellip; <a class=\"kt-excerpt-readmore more-link\" href=\"https:\/\/www.cuchillalia.com\/en\/producto\/cuchillo-mondador-8-cm-wusthof-gourmet-1025048108\/\" aria-label=\"Cuchillo mondador de 8 cm W\u00fcsthof Gourmet\">Read More<\/a><\/p>\n","protected":false},"featured_media":165795,"comment_status":"open","ping_status":"closed","template":"","meta":[],"product_brand":[],"product_cat":[8289,15156],"product_tag":[],"class_list":{"0":"post-165779","1":"product","2":"type-product","3":"status-publish","4":"has-post-thumbnail","6":"product_cat-mondadores","7":"product_cat-serie-gourmet","9":"first","10":"onbackorder","11":"taxable","12":"shipping-taxable","13":"purchasable","14":"product-type-simple"},"yoast_head":"<!-- This site is optimized with the Yoast SEO plugin v27.5 - https:\/\/yoast.com\/product\/yoast-seo-wordpress\/ -->\n<title>Cuchillo mondador de 8 cm | W\u00fcsthof Gourmet | Cuchillalia.com<\/title>\n<meta name=\"description\" content=\"Cuchillo mondador con hoja de 8 cm con mango sint\u00e9tico de color negro, W\u00fcsthof Gourmet 1025048108. Fabricado en Alemania.\" \/>\n<meta name=\"robots\" content=\"index, follow, max-snippet:-1, max-image-preview:large, max-video-preview:-1\" \/>\n<link rel=\"canonical\" href=\"https:\/\/www.cuchillalia.com\/producto\/cuchillo-mondador-8-cm-wusthof-gourmet-1025048108\/\" \/>\n<meta property=\"og:locale\" content=\"en_US\" \/>\n<meta property=\"og:type\" content=\"article\" \/>\n<meta property=\"og:title\" content=\"Cuchillo mondador de 8 cm | W\u00fcsthof Gourmet | Cuchillalia.com\" \/>\n<meta property=\"og:description\" content=\"Cuchillo mondador con hoja de 8 cm con mango sint\u00e9tico de color negro, W\u00fcsthof Gourmet 1025048108. Fabricado en Alemania.\" \/>\n<meta property=\"og:url\" content=\"https:\/\/www.cuchillalia.com\/producto\/cuchillo-mondador-8-cm-wusthof-gourmet-1025048108\/\" \/>\n<meta property=\"og:site_name\" content=\"Cuchillalia.com\" \/>\n<meta property=\"article:publisher\" content=\"http:\/\/www.facebook.com\/cuchillalia\" \/>\n<meta property=\"article:modified_time\" content=\"2026-02-12T22:17:29+00:00\" \/>\n<meta property=\"og:image\" content=\"https:\/\/www.cuchillalia.com\/wordpress\/wp-content\/uploads\/2022\/12\/cuchillo-mondador-8-cm-wusthof-gourmet-1025048108.jpg\" \/>\n\t<meta property=\"og:image:width\" content=\"1600\" \/>\n\t<meta property=\"og:image:height\" content=\"1600\" \/>\n\t<meta property=\"og:image:type\" content=\"image\/jpeg\" \/>\n<meta name=\"twitter:card\" content=\"summary_large_image\" \/>\n<meta name=\"twitter:site\" content=\"@Cuchillalia\" \/>\n<meta name=\"twitter:label1\" content=\"Est. reading time\" \/>\n\t<meta name=\"twitter:data1\" content=\"1 minute\" \/>\n<!-- \/ Yoast SEO plugin. -->","yoast_head_json":{"title":"Cuchillo mondador de 8 cm | W\u00fcsthof Gourmet | Cuchillalia.com","description":"Cuchillo mondador con hoja de 8 cm con mango sint\u00e9tico de color negro, W\u00fcsthof Gourmet 1025048108. Fabricado en Alemania.","robots":{"index":"index","follow":"follow","max-snippet":"max-snippet:-1","max-image-preview":"max-image-preview:large","max-video-preview":"max-video-preview:-1"},"canonical":"https:\/\/www.cuchillalia.com\/producto\/cuchillo-mondador-8-cm-wusthof-gourmet-1025048108\/","og_locale":"en_US","og_type":"article","og_title":"Cuchillo mondador de 8 cm | W\u00fcsthof Gourmet | Cuchillalia.com","og_description":"Cuchillo mondador con hoja de 8 cm con mango sint\u00e9tico de color negro, W\u00fcsthof Gourmet 1025048108. Fabricado en Alemania.","og_url":"https:\/\/www.cuchillalia.com\/producto\/cuchillo-mondador-8-cm-wusthof-gourmet-1025048108\/","og_site_name":"Cuchillalia.com","article_publisher":"http:\/\/www.facebook.com\/cuchillalia","article_modified_time":"2026-02-12T22:17:29+00:00","og_image":[{"width":1600,"height":1600,"url":"https:\/\/www.cuchillalia.com\/wordpress\/wp-content\/uploads\/2022\/12\/cuchillo-mondador-8-cm-wusthof-gourmet-1025048108.jpg","type":"image\/jpeg"}],"twitter_card":"summary_large_image","twitter_site":"@Cuchillalia","twitter_misc":{"Est. reading time":"1 minute"},"schema":{"@context":"https:\/\/schema.org","@graph":[{"@type":"WebPage","@id":"https:\/\/www.cuchillalia.com\/producto\/cuchillo-mondador-8-cm-wusthof-gourmet-1025048108\/","url":"https:\/\/www.cuchillalia.com\/producto\/cuchillo-mondador-8-cm-wusthof-gourmet-1025048108\/","name":"Cuchillo mondador de 8 cm | W\u00fcsthof Gourmet | Cuchillalia.com","isPartOf":{"@id":"https:\/\/www.cuchillalia.com\/#website"},"primaryImageOfPage":{"@id":"https:\/\/www.cuchillalia.com\/producto\/cuchillo-mondador-8-cm-wusthof-gourmet-1025048108\/#primaryimage"},"image":{"@id":"https:\/\/www.cuchillalia.com\/producto\/cuchillo-mondador-8-cm-wusthof-gourmet-1025048108\/#primaryimage"},"thumbnailUrl":"https:\/\/www.cuchillalia.com\/wordpress\/wp-content\/uploads\/2022\/12\/cuchillo-mondador-8-cm-wusthof-gourmet-1025048108.jpg","datePublished":"2022-12-15T21:14:02+00:00","dateModified":"2026-02-12T22:17:29+00:00","description":"Cuchillo mondador con hoja de 8 cm con mango sint\u00e9tico de color negro, W\u00fcsthof Gourmet 1025048108. Fabricado en Alemania.","breadcrumb":{"@id":"https:\/\/www.cuchillalia.com\/producto\/cuchillo-mondador-8-cm-wusthof-gourmet-1025048108\/#breadcrumb"},"inLanguage":"en-US","potentialAction":[{"@type":"ReadAction","target":["https:\/\/www.cuchillalia.com\/producto\/cuchillo-mondador-8-cm-wusthof-gourmet-1025048108\/"]}]},{"@type":"ImageObject","inLanguage":"en-US","@id":"https:\/\/www.cuchillalia.com\/producto\/cuchillo-mondador-8-cm-wusthof-gourmet-1025048108\/#primaryimage","url":"https:\/\/www.cuchillalia.com\/wordpress\/wp-content\/uploads\/2022\/12\/cuchillo-mondador-8-cm-wusthof-gourmet-1025048108.jpg","contentUrl":"https:\/\/www.cuchillalia.com\/wordpress\/wp-content\/uploads\/2022\/12\/cuchillo-mondador-8-cm-wusthof-gourmet-1025048108.jpg","width":1600,"height":1600,"caption":"Cuchillo mondador de 8 cm W\u00fcsthof Gourmet - Cuchillalia.com"},{"@type":"BreadcrumbList","@id":"https:\/\/www.cuchillalia.com\/producto\/cuchillo-mondador-8-cm-wusthof-gourmet-1025048108\/#breadcrumb","itemListElement":[{"@type":"ListItem","position":1,"name":"Cuchillalia","item":"https:\/\/www.cuchillalia.com\/en\/"},{"@type":"ListItem","position":2,"name":"Tienda","item":"https:\/\/www.cuchillalia.com\/tienda\/"},{"@type":"ListItem","position":3,"name":"Marcas","item":"https:\/\/www.cuchillalia.com\/categoria\/marcas\/"},{"@type":"ListItem","position":4,"name":"W\u00fcsthof","item":"https:\/\/www.cuchillalia.com\/categoria\/marcas\/wusthof\/"},{"@type":"ListItem","position":5,"name":"Serie Gourmet","item":"https:\/\/www.cuchillalia.com\/categoria\/marcas\/wusthof\/serie-gourmet\/"},{"@type":"ListItem","position":6,"name":"Cuchillo mondador de 8 cm W\u00fcsthof Gourmet"}]},{"@type":"WebSite","@id":"https:\/\/www.cuchillalia.com\/#website","url":"https:\/\/www.cuchillalia.com\/","name":"Cuchillalia.com","description":"","publisher":{"@id":"https:\/\/www.cuchillalia.com\/#organization"},"potentialAction":[{"@type":"SearchAction","target":{"@type":"EntryPoint","urlTemplate":"https:\/\/www.cuchillalia.com\/?s={search_term_string}"},"query-input":{"@type":"PropertyValueSpecification","valueRequired":true,"valueName":"search_term_string"}}],"inLanguage":"en-US"},{"@type":"Organization","@id":"https:\/\/www.cuchillalia.com\/#organization","name":"Cuchillalia","url":"https:\/\/www.cuchillalia.com\/","logo":{"@type":"ImageObject","inLanguage":"en-US","@id":"https:\/\/www.cuchillalia.com\/#\/schema\/logo\/image\/","url":"https:\/\/www.cuchillalia.com\/wordpress\/wp-content\/uploads\/2021\/03\/logo-cuchillalia-jpg.jpg","contentUrl":"https:\/\/www.cuchillalia.com\/wordpress\/wp-content\/uploads\/2021\/03\/logo-cuchillalia-jpg.jpg","width":276,"height":192,"caption":"Cuchillalia"},"image":{"@id":"https:\/\/www.cuchillalia.com\/#\/schema\/logo\/image\/"},"sameAs":["http:\/\/www.facebook.com\/cuchillalia","https:\/\/x.com\/Cuchillalia"]}]}},"_links":{"self":[{"href":"https:\/\/www.cuchillalia.com\/en\/wp-json\/wp\/v2\/product\/165779","targetHints":{"allow":["GET"]}}],"collection":[{"href":"https:\/\/www.cuchillalia.com\/en\/wp-json\/wp\/v2\/product"}],"about":[{"href":"https:\/\/www.cuchillalia.com\/en\/wp-json\/wp\/v2\/types\/product"}],"replies":[{"embeddable":true,"href":"https:\/\/www.cuchillalia.com\/en\/wp-json\/wp\/v2\/comments?post=165779"}],"wp:featuredmedia":[{"embeddable":true,"href":"https:\/\/www.cuchillalia.com\/en\/wp-json\/wp\/v2\/media\/165795"}],"wp:attachment":[{"href":"https:\/\/www.cuchillalia.com\/en\/wp-json\/wp\/v2\/media?parent=165779"}],"wp:term":[{"taxonomy":"product_brand","embeddable":true,"href":"https:\/\/www.cuchillalia.com\/en\/wp-json\/wp\/v2\/product_brand?post=165779"},{"taxonomy":"product_cat","embeddable":true,"href":"https:\/\/www.cuchillalia.com\/en\/wp-json\/wp\/v2\/product_cat?post=165779"},{"taxonomy":"product_tag","embeddable":true,"href":"https:\/\/www.cuchillalia.com\/en\/wp-json\/wp\/v2\/product_tag?post=165779"}],"curies":[{"name":"wp","href":"https:\/\/api.w.org\/{rel}","templated":true}]}}