{"id":165687,"date":"2022-12-13T16:43:23","date_gmt":"2022-12-13T15:43:23","guid":{"rendered":"https:\/\/www.cuchillalia.com\/?post_type=product&#038;p=165687"},"modified":"2025-07-03T21:47:12","modified_gmt":"2025-07-03T19:47:12","slug":"wusthof-urban-farmer-1035245110-cuchillo-mondador-10-cm","status":"publish","type":"product","link":"https:\/\/www.cuchillalia.com\/en\/producto\/wusthof-urban-farmer-1035245110-cuchillo-mondador-10-cm\/","title":{"rendered":"Cuchillo mondador de 10 cm &#8211; W\u00fcsthof Urban Farmer"},"content":{"rendered":"<h2>Tabla de caracter\u00edsticas cuchillo mondador W\u00fcsthof Urban Farmer<\/h2>\n<div class='tabla-caracteristicas'>\n<div class='fila'><span class='etiqueta'>Nombre comercial:<\/span><span class='valor'><strong>Urban Farmer pelador 10 cm<\/strong><\/span><\/div>\n<div class='fila'><span class='etiqueta'>Fabricante:<\/span><span class='valor'>W\u00fcsthof<\/span><\/div>\n<div class='fila'><span class='etiqueta'>Referencia del fabricante:<\/span><span class='valor'>1035245110<\/span><\/div>\n<div class='fila'><span class='etiqueta'>Longitud de la hoja:<\/span><span class='valor'>10 cm<\/span><\/div>\n<div class='fila'><span class='etiqueta'>Ancho m\u00e1ximo de la hoja:<\/span><span class='valor'>2,15 cm<\/span><\/div>\n<div class='fila'><span class='etiqueta'>Longitud del mango:<\/span><span class='valor'>9,2 cm<\/span><\/div>\n<div class='fila'><span class='etiqueta'>Longitud total:<\/span><span class='valor'>21 cm<\/span><\/div>\n<div class='fila'><span class='etiqueta'>Material de la hoja:<\/span><span class='valor'>Acero inoxidable<\/span><\/div>\n<div class='fila'><span class='etiqueta'>Acabado:<\/span><span class='valor'>Satinado<\/span><\/div>\n<div class='fila'><span class='etiqueta'>Dureza:<\/span><span class='valor'>HRc 56 Rockwell<\/span><\/div>\n<div class='fila'><span class='etiqueta'>Material del mango:<\/span><span class='valor'>Madera de haya tratada t\u00e9rmicamente<\/span><\/div>\n<div class='fila'><span class='etiqueta'>\u00bfEs apto para zurdos?:<\/span><span class='valor'>Para diestros y zurdos<\/span><\/div>\n<div class='fila'><span class='etiqueta'>Peso del producto:<\/span><span class='valor'>65 g<\/span><\/div>\n<div class='fila'><span class='etiqueta'>Producci\u00f3n:<\/span><span class='valor'>Estampado<\/span><\/div>\n<div class='fila'><span class='etiqueta'>\u00bfDonde se fabrica?:<\/span><span class='valor'>Solingen &#8211; Alemania<\/span><\/div>\n<div class='fila'><span class='etiqueta'>C\u00f3digo de barras (GTIN):<\/span><span class='valor'>4002293115665<\/span><\/div>\n<\/div>\n<h3>Otras series de cuchillos con mango de madera<\/h3>\n<p>Si te gustan los cuchillos con mango de madera disponemos de los <a href='https:\/\/www.cuchillalia.com\/categoria\/marcas\/wusthof\/crafter\/'>W\u00fcsthof Crafter<\/a>, en acero forjado, o de la <a href='https:\/\/www.cuchillalia.com\/categoria\/marcas\/arcos\/nordika\/'>serie N\u00f3rdika de Arcos<\/a>, y de 3 Claveles con los <a href='https:\/\/www.cuchillalia.com\/categoria\/marcas\/3-claveles\/norden\/'>cuchillos de la serie Norden<\/a>, o de la <a href='https:\/\/www.cuchillalia.com\/categoria\/marcas\/3-claveles\/norden\/'>serie Sakura<\/a>.<\/p>\n<p>Por otro lado, tambi\u00e9n tenemos cuchillos japoneses con mango de madera como por ejemplo los <a href='https:\/\/www.cuchillalia.com\/categoria\/marcas\/kai\/seki-magoroku-composite\/'>KAI Seki Magoroku Composite<\/a>, o los fabulosos <a href='https:\/\/www.cuchillalia.com\/categoria\/marcas\/kai\/shun-premier\/'>KAI Shun Premier<\/a>.<\/p>\n<p>&nbsp;<\/p>\n","protected":false},"excerpt":{"rendered":"<p><strong>Cuchillo mondador W\u00fcsthof Urban Farmer<\/strong>, con hoja de 10 cm en acero inoxidable y mango de madera de haya tratada t\u00e9rmicamente. Fabricado en Alemania.&hellip; <a class=\"kt-excerpt-readmore more-link\" href=\"https:\/\/www.cuchillalia.com\/en\/producto\/wusthof-urban-farmer-1035245110-cuchillo-mondador-10-cm\/\" aria-label=\"Cuchillo mondador de 10 cm &#8211; W\u00fcsthof Urban Farmer\">Read More<\/a><\/p>\n","protected":false},"featured_media":165702,"comment_status":"open","ping_status":"closed","template":"","meta":[],"product_brand":[],"product_cat":[8289,15151],"product_tag":[],"class_list":{"0":"post-165687","1":"product","2":"type-product","3":"status-publish","4":"has-post-thumbnail","6":"product_cat-mondadores","7":"product_cat-urban-farmer","9":"first","10":"outofstock","11":"taxable","12":"shipping-taxable","13":"purchasable","14":"product-type-simple"},"yoast_head":"<!-- This site is optimized with the Yoast SEO plugin v27.5 - https:\/\/yoast.com\/product\/yoast-seo-wordpress\/ -->\n<title>Cuchillo mondador de 10 cm W\u00fcsthof Urban farmer | Cuchillalia.com<\/title>\n<meta name=\"robots\" content=\"index, follow, max-snippet:-1, max-image-preview:large, max-video-preview:-1\" \/>\n<link rel=\"canonical\" href=\"https:\/\/www.cuchillalia.com\/producto\/wusthof-urban-farmer-1035245110-cuchillo-mondador-10-cm\/\" \/>\n<meta property=\"og:locale\" content=\"en_US\" \/>\n<meta property=\"og:type\" content=\"article\" \/>\n<meta property=\"og:title\" content=\"Cuchillo mondador de 10 cm W\u00fcsthof Urban farmer | Cuchillalia.com\" \/>\n<meta property=\"og:description\" content=\"Cuchillo mondador W\u00fcsthof Urban Farmer, con hoja de 10 cm en acero inoxidable y mango de madera de haya tratada t\u00e9rmicamente. Fabricado en Alemania.&hellip; Read More\" \/>\n<meta property=\"og:url\" content=\"https:\/\/www.cuchillalia.com\/producto\/wusthof-urban-farmer-1035245110-cuchillo-mondador-10-cm\/\" \/>\n<meta property=\"og:site_name\" content=\"Cuchillalia.com\" \/>\n<meta property=\"article:publisher\" content=\"http:\/\/www.facebook.com\/cuchillalia\" \/>\n<meta property=\"article:modified_time\" content=\"2025-07-03T19:47:12+00:00\" \/>\n<meta property=\"og:image\" content=\"https:\/\/www.cuchillalia.com\/wordpress\/wp-content\/uploads\/2022\/12\/mondador-wusthof-urban-farmer-1025245110.jpg\" \/>\n\t<meta property=\"og:image:width\" content=\"1600\" \/>\n\t<meta property=\"og:image:height\" content=\"1600\" \/>\n\t<meta property=\"og:image:type\" content=\"image\/jpeg\" \/>\n<meta name=\"twitter:card\" content=\"summary_large_image\" \/>\n<meta name=\"twitter:site\" content=\"@Cuchillalia\" \/>\n<meta name=\"twitter:label1\" content=\"Est. reading time\" \/>\n\t<meta name=\"twitter:data1\" content=\"2 minutes\" \/>\n<!-- \/ Yoast SEO plugin. -->","yoast_head_json":{"title":"Cuchillo mondador de 10 cm W\u00fcsthof Urban farmer | Cuchillalia.com","robots":{"index":"index","follow":"follow","max-snippet":"max-snippet:-1","max-image-preview":"max-image-preview:large","max-video-preview":"max-video-preview:-1"},"canonical":"https:\/\/www.cuchillalia.com\/producto\/wusthof-urban-farmer-1035245110-cuchillo-mondador-10-cm\/","og_locale":"en_US","og_type":"article","og_title":"Cuchillo mondador de 10 cm W\u00fcsthof Urban farmer | Cuchillalia.com","og_description":"Cuchillo mondador W\u00fcsthof Urban Farmer, con hoja de 10 cm en acero inoxidable y mango de madera de haya tratada t\u00e9rmicamente. Fabricado en Alemania.&hellip; Read More","og_url":"https:\/\/www.cuchillalia.com\/producto\/wusthof-urban-farmer-1035245110-cuchillo-mondador-10-cm\/","og_site_name":"Cuchillalia.com","article_publisher":"http:\/\/www.facebook.com\/cuchillalia","article_modified_time":"2025-07-03T19:47:12+00:00","og_image":[{"width":1600,"height":1600,"url":"https:\/\/www.cuchillalia.com\/wordpress\/wp-content\/uploads\/2022\/12\/mondador-wusthof-urban-farmer-1025245110.jpg","type":"image\/jpeg"}],"twitter_card":"summary_large_image","twitter_site":"@Cuchillalia","twitter_misc":{"Est. reading time":"2 minutes"},"schema":{"@context":"https:\/\/schema.org","@graph":[{"@type":"WebPage","@id":"https:\/\/www.cuchillalia.com\/producto\/wusthof-urban-farmer-1035245110-cuchillo-mondador-10-cm\/","url":"https:\/\/www.cuchillalia.com\/producto\/wusthof-urban-farmer-1035245110-cuchillo-mondador-10-cm\/","name":"Cuchillo mondador de 10 cm W\u00fcsthof Urban farmer | Cuchillalia.com","isPartOf":{"@id":"https:\/\/www.cuchillalia.com\/#website"},"primaryImageOfPage":{"@id":"https:\/\/www.cuchillalia.com\/producto\/wusthof-urban-farmer-1035245110-cuchillo-mondador-10-cm\/#primaryimage"},"image":{"@id":"https:\/\/www.cuchillalia.com\/producto\/wusthof-urban-farmer-1035245110-cuchillo-mondador-10-cm\/#primaryimage"},"thumbnailUrl":"https:\/\/www.cuchillalia.com\/wordpress\/wp-content\/uploads\/2022\/12\/mondador-wusthof-urban-farmer-1025245110.jpg","datePublished":"2022-12-13T15:43:23+00:00","dateModified":"2025-07-03T19:47:12+00:00","breadcrumb":{"@id":"https:\/\/www.cuchillalia.com\/producto\/wusthof-urban-farmer-1035245110-cuchillo-mondador-10-cm\/#breadcrumb"},"inLanguage":"en-US","potentialAction":[{"@type":"ReadAction","target":["https:\/\/www.cuchillalia.com\/producto\/wusthof-urban-farmer-1035245110-cuchillo-mondador-10-cm\/"]}]},{"@type":"ImageObject","inLanguage":"en-US","@id":"https:\/\/www.cuchillalia.com\/producto\/wusthof-urban-farmer-1035245110-cuchillo-mondador-10-cm\/#primaryimage","url":"https:\/\/www.cuchillalia.com\/wordpress\/wp-content\/uploads\/2022\/12\/mondador-wusthof-urban-farmer-1025245110.jpg","contentUrl":"https:\/\/www.cuchillalia.com\/wordpress\/wp-content\/uploads\/2022\/12\/mondador-wusthof-urban-farmer-1025245110.jpg","width":1600,"height":1600,"caption":"Cuchillo mondador W\u00fcsthof Urban Farmer - Cuchillalia.com"},{"@type":"BreadcrumbList","@id":"https:\/\/www.cuchillalia.com\/producto\/wusthof-urban-farmer-1035245110-cuchillo-mondador-10-cm\/#breadcrumb","itemListElement":[{"@type":"ListItem","position":1,"name":"Cuchillalia","item":"https:\/\/www.cuchillalia.com\/en\/"},{"@type":"ListItem","position":2,"name":"Tienda","item":"https:\/\/www.cuchillalia.com\/tienda\/"},{"@type":"ListItem","position":3,"name":"Marcas","item":"https:\/\/www.cuchillalia.com\/categoria\/marcas\/"},{"@type":"ListItem","position":4,"name":"W\u00fcsthof","item":"https:\/\/www.cuchillalia.com\/categoria\/marcas\/wusthof\/"},{"@type":"ListItem","position":5,"name":"Serie Urban Farmer","item":"https:\/\/www.cuchillalia.com\/categoria\/marcas\/wusthof\/urban-farmer\/"},{"@type":"ListItem","position":6,"name":"Cuchillo mondador de 10 cm &#8211; W\u00fcsthof Urban Farmer"}]},{"@type":"WebSite","@id":"https:\/\/www.cuchillalia.com\/#website","url":"https:\/\/www.cuchillalia.com\/","name":"Cuchillalia.com","description":"","publisher":{"@id":"https:\/\/www.cuchillalia.com\/#organization"},"potentialAction":[{"@type":"SearchAction","target":{"@type":"EntryPoint","urlTemplate":"https:\/\/www.cuchillalia.com\/?s={search_term_string}"},"query-input":{"@type":"PropertyValueSpecification","valueRequired":true,"valueName":"search_term_string"}}],"inLanguage":"en-US"},{"@type":"Organization","@id":"https:\/\/www.cuchillalia.com\/#organization","name":"Cuchillalia","url":"https:\/\/www.cuchillalia.com\/","logo":{"@type":"ImageObject","inLanguage":"en-US","@id":"https:\/\/www.cuchillalia.com\/#\/schema\/logo\/image\/","url":"https:\/\/www.cuchillalia.com\/wordpress\/wp-content\/uploads\/2021\/03\/logo-cuchillalia-jpg.jpg","contentUrl":"https:\/\/www.cuchillalia.com\/wordpress\/wp-content\/uploads\/2021\/03\/logo-cuchillalia-jpg.jpg","width":276,"height":192,"caption":"Cuchillalia"},"image":{"@id":"https:\/\/www.cuchillalia.com\/#\/schema\/logo\/image\/"},"sameAs":["http:\/\/www.facebook.com\/cuchillalia","https:\/\/x.com\/Cuchillalia"]}]}},"_links":{"self":[{"href":"https:\/\/www.cuchillalia.com\/en\/wp-json\/wp\/v2\/product\/165687","targetHints":{"allow":["GET"]}}],"collection":[{"href":"https:\/\/www.cuchillalia.com\/en\/wp-json\/wp\/v2\/product"}],"about":[{"href":"https:\/\/www.cuchillalia.com\/en\/wp-json\/wp\/v2\/types\/product"}],"replies":[{"embeddable":true,"href":"https:\/\/www.cuchillalia.com\/en\/wp-json\/wp\/v2\/comments?post=165687"}],"wp:featuredmedia":[{"embeddable":true,"href":"https:\/\/www.cuchillalia.com\/en\/wp-json\/wp\/v2\/media\/165702"}],"wp:attachment":[{"href":"https:\/\/www.cuchillalia.com\/en\/wp-json\/wp\/v2\/media?parent=165687"}],"wp:term":[{"taxonomy":"product_brand","embeddable":true,"href":"https:\/\/www.cuchillalia.com\/en\/wp-json\/wp\/v2\/product_brand?post=165687"},{"taxonomy":"product_cat","embeddable":true,"href":"https:\/\/www.cuchillalia.com\/en\/wp-json\/wp\/v2\/product_cat?post=165687"},{"taxonomy":"product_tag","embeddable":true,"href":"https:\/\/www.cuchillalia.com\/en\/wp-json\/wp\/v2\/product_tag?post=165687"}],"curies":[{"name":"wp","href":"https:\/\/api.w.org\/{rel}","templated":true}]}}