{"id":165559,"date":"2022-12-09T01:30:21","date_gmt":"2022-12-09T00:30:21","guid":{"rendered":"https:\/\/www.cuchillalia.com\/?post_type=product&#038;p=165559"},"modified":"2025-08-13T12:54:30","modified_gmt":"2025-08-13T10:54:30","slug":"woll-diamond-xr-logic-1528plcib-sarten-28-cm","status":"publish","type":"product","link":"https:\/\/www.cuchillalia.com\/en\/producto\/woll-diamond-xr-logic-1528plcib-sarten-28-cm\/","title":{"rendered":"Sart\u00e9n de 28 cm Woll Diamond XR Logic 1528PLCIB"},"content":{"rendered":"<h2>Tabla de caracter\u00edsticas sart\u00e9n de 28 cm Woll Diamond XR Logic<\/h2>\n<div class='tabla-caracteristicas'>\n<div class='fila'><span class='etiqueta'>Nombre comercial:<\/span><span class='valor'><strong>Sart\u00e9n 28 cm Logic Diamond XR<\/strong><\/span><\/div>\n<div class='fila'><span class='etiqueta'>Fabricante:<\/span><span class='valor'>Woll<\/span><\/div>\n<div class='fila'><span class='etiqueta'>Referencia del fabricante:<\/span><span class='valor'>1528PLCIB<\/span><\/div>\n<div class='fila'><span class='etiqueta'>Material del mango:<\/span><span class='valor'>Acero inoxidable<\/span><\/div>\n<div class='fila'><span class='etiqueta'>Tipo de mango:<\/span><span class='valor'>Mango desmontable<\/span><\/div>\n<div class='fila'><span class='etiqueta'>Peso del producto:<\/span><span class='valor'>1,90 kg<\/span><\/div>\n<div class='fila'><span class='etiqueta'>Presentaci\u00f3n del producto:<\/span><span class='valor'>Caja<\/span><\/div>\n<div class='fila'><span class='etiqueta'>Di\u00e1metro:<\/span><span class='valor'>28 cm<\/span><\/div>\n<div class='fila'><span class='etiqueta'>Altura:<\/span><span class='valor'>5 cm<\/span><\/div>\n<div class='fila'><span class='etiqueta'>Di\u00e1metro inferior:<\/span><span class='valor'>22 cm<\/span><\/div>\n<div class='fila'><span class='etiqueta'>\u00bfEs apto para inducci\u00f3n?:<\/span><span class='valor'>Si<\/span><\/div>\n<div class='fila'><span class='etiqueta'>\u00bfEs apto para horno?:<\/span><span class='valor'>Si, hasta 250\u00baC sin el mango extra\u00edble<\/span><\/div>\n<div class='fila'><span class='etiqueta'>\u00bfEs apto para el lavavajillas?:<\/span><span class='valor'>Si, pero quitando el mango.<\/span><\/div>\n<div class='fila'><span class='etiqueta'>\u00bfIncluye tapa?:<\/span><span class='valor'>No, pero se puede comprar aparte<\/span><\/div>\n<div class='fila'><span class='etiqueta'>\u00bfEs desmontable?:<\/span><span class='valor'>Mango desmontable de acero inoxidable para el uso en el horno y para ahorro de espacio en el almacenamiento.<\/span><\/div>\n<div class='fila'><span class='etiqueta'>\u00bfDonde se fabrica?:<\/span><span class='valor'>Alemania<\/span><\/div>\n<div class='fila'><span class='etiqueta'>\u00bfQu\u00e9 garant\u00eda tiene?:<\/span><span class='valor'>25 a\u00f1os de garant\u00eda en el cuerpo de la sart\u00e9n y 3 a\u00f1os en el revestimiento antiadherente.<\/span><\/div>\n<div class='fila'><span class='etiqueta'>C\u00f3digo de barras (GTIN):<\/span><span class='valor'>4054359016027<\/span><\/div>\n<\/div>\n","protected":false},"excerpt":{"rendered":"<p><strong>Sart\u00e9n de 28 cm<\/strong> con recubrimiento de diamante <strong>Woll Diamond XR Logic 1528PLCIB<\/strong>, <strong>con mango desmontable. <\/strong>Apta para horno, inducci\u00f3n y lavavajillas.&hellip; <a class=\"kt-excerpt-readmore more-link\" href=\"https:\/\/www.cuchillalia.com\/en\/producto\/woll-diamond-xr-logic-1528plcib-sarten-28-cm\/\" aria-label=\"Sart\u00e9n de 28 cm Woll Diamond XR Logic 1528PLCIB\">Read More<\/a><\/p>\n","protected":false},"featured_media":165639,"comment_status":"open","ping_status":"closed","template":"","meta":[],"product_brand":[],"product_cat":[8403,8783],"product_tag":[],"class_list":{"0":"post-165559","1":"product","2":"type-product","3":"status-publish","4":"has-post-thumbnail","6":"product_cat-sartenes","7":"product_cat-diamond-logic-xr","9":"first","10":"outofstock","11":"taxable","12":"shipping-taxable","13":"purchasable","14":"product-type-simple"},"yoast_head":"<!-- This site is optimized with the Yoast SEO plugin v27.5 - https:\/\/yoast.com\/product\/yoast-seo-wordpress\/ -->\n<title>Woll Diamond XR Logic 1528PLCIB | Sart\u00e9n de diamante de 28 cm<\/title>\n<meta name=\"description\" content=\"Sart\u00e9n de 28 cm Woll de la serie Diamond XR Logic, para inducci\u00f3n, hornos y lavavajillas. Mango desmontable. 25 a\u00f1os garant\u00eda. Portes gratis\" \/>\n<meta name=\"robots\" content=\"index, follow, max-snippet:-1, max-image-preview:large, max-video-preview:-1\" \/>\n<link rel=\"canonical\" href=\"https:\/\/www.cuchillalia.com\/producto\/woll-diamond-xr-logic-1528plcib-sarten-28-cm\/\" \/>\n<meta property=\"og:locale\" content=\"en_US\" \/>\n<meta property=\"og:type\" content=\"article\" \/>\n<meta property=\"og:title\" content=\"Woll Diamond XR Logic 1528PLCIB | Sart\u00e9n de diamante de 28 cm\" \/>\n<meta property=\"og:description\" content=\"Sart\u00e9n de 28 cm Woll de la serie Diamond XR Logic, para inducci\u00f3n, hornos y lavavajillas. Mango desmontable. 25 a\u00f1os garant\u00eda. Portes gratis\" \/>\n<meta property=\"og:url\" content=\"https:\/\/www.cuchillalia.com\/producto\/woll-diamond-xr-logic-1528plcib-sarten-28-cm\/\" \/>\n<meta property=\"og:site_name\" content=\"Cuchillalia.com\" \/>\n<meta property=\"article:publisher\" content=\"http:\/\/www.facebook.com\/cuchillalia\" \/>\n<meta property=\"article:modified_time\" content=\"2025-08-13T10:54:30+00:00\" \/>\n<meta property=\"og:image\" content=\"https:\/\/www.cuchillalia.com\/wordpress\/wp-content\/uploads\/2022\/12\/sarten-28-cm-woll-diamond-xr-logic-1528plcib.jpg\" \/>\n\t<meta property=\"og:image:width\" content=\"800\" \/>\n\t<meta property=\"og:image:height\" content=\"800\" \/>\n\t<meta property=\"og:image:type\" content=\"image\/jpeg\" \/>\n<meta name=\"twitter:card\" content=\"summary_large_image\" \/>\n<meta name=\"twitter:site\" content=\"@Cuchillalia\" \/>\n<meta name=\"twitter:label1\" content=\"Est. reading time\" \/>\n\t<meta name=\"twitter:data1\" content=\"2 minutes\" \/>\n<!-- \/ Yoast SEO plugin. -->","yoast_head_json":{"title":"Woll Diamond XR Logic 1528PLCIB | Sart\u00e9n de diamante de 28 cm","description":"Sart\u00e9n de 28 cm Woll de la serie Diamond XR Logic, para inducci\u00f3n, hornos y lavavajillas. Mango desmontable. 25 a\u00f1os garant\u00eda. Portes gratis","robots":{"index":"index","follow":"follow","max-snippet":"max-snippet:-1","max-image-preview":"max-image-preview:large","max-video-preview":"max-video-preview:-1"},"canonical":"https:\/\/www.cuchillalia.com\/producto\/woll-diamond-xr-logic-1528plcib-sarten-28-cm\/","og_locale":"en_US","og_type":"article","og_title":"Woll Diamond XR Logic 1528PLCIB | Sart\u00e9n de diamante de 28 cm","og_description":"Sart\u00e9n de 28 cm Woll de la serie Diamond XR Logic, para inducci\u00f3n, hornos y lavavajillas. Mango desmontable. 25 a\u00f1os garant\u00eda. Portes gratis","og_url":"https:\/\/www.cuchillalia.com\/producto\/woll-diamond-xr-logic-1528plcib-sarten-28-cm\/","og_site_name":"Cuchillalia.com","article_publisher":"http:\/\/www.facebook.com\/cuchillalia","article_modified_time":"2025-08-13T10:54:30+00:00","og_image":[{"width":800,"height":800,"url":"https:\/\/www.cuchillalia.com\/wordpress\/wp-content\/uploads\/2022\/12\/sarten-28-cm-woll-diamond-xr-logic-1528plcib.jpg","type":"image\/jpeg"}],"twitter_card":"summary_large_image","twitter_site":"@Cuchillalia","twitter_misc":{"Est. reading time":"2 minutes"},"schema":{"@context":"https:\/\/schema.org","@graph":[{"@type":"WebPage","@id":"https:\/\/www.cuchillalia.com\/producto\/woll-diamond-xr-logic-1528plcib-sarten-28-cm\/","url":"https:\/\/www.cuchillalia.com\/producto\/woll-diamond-xr-logic-1528plcib-sarten-28-cm\/","name":"Woll Diamond XR Logic 1528PLCIB | Sart\u00e9n de diamante de 28 cm","isPartOf":{"@id":"https:\/\/www.cuchillalia.com\/#website"},"primaryImageOfPage":{"@id":"https:\/\/www.cuchillalia.com\/producto\/woll-diamond-xr-logic-1528plcib-sarten-28-cm\/#primaryimage"},"image":{"@id":"https:\/\/www.cuchillalia.com\/producto\/woll-diamond-xr-logic-1528plcib-sarten-28-cm\/#primaryimage"},"thumbnailUrl":"https:\/\/www.cuchillalia.com\/wordpress\/wp-content\/uploads\/2022\/12\/sarten-28-cm-woll-diamond-xr-logic-1528plcib.jpg","datePublished":"2022-12-09T00:30:21+00:00","dateModified":"2025-08-13T10:54:30+00:00","description":"Sart\u00e9n de 28 cm Woll de la serie Diamond XR Logic, para inducci\u00f3n, hornos y lavavajillas. Mango desmontable. 25 a\u00f1os garant\u00eda. Portes gratis","breadcrumb":{"@id":"https:\/\/www.cuchillalia.com\/producto\/woll-diamond-xr-logic-1528plcib-sarten-28-cm\/#breadcrumb"},"inLanguage":"en-US","potentialAction":[{"@type":"ReadAction","target":["https:\/\/www.cuchillalia.com\/producto\/woll-diamond-xr-logic-1528plcib-sarten-28-cm\/"]}]},{"@type":"ImageObject","inLanguage":"en-US","@id":"https:\/\/www.cuchillalia.com\/producto\/woll-diamond-xr-logic-1528plcib-sarten-28-cm\/#primaryimage","url":"https:\/\/www.cuchillalia.com\/wordpress\/wp-content\/uploads\/2022\/12\/sarten-28-cm-woll-diamond-xr-logic-1528plcib.jpg","contentUrl":"https:\/\/www.cuchillalia.com\/wordpress\/wp-content\/uploads\/2022\/12\/sarten-28-cm-woll-diamond-xr-logic-1528plcib.jpg","width":800,"height":800,"caption":"Sart\u00e9n de 28 cm Woll Diamond XR Logic 1528PLCIB - Cuchillalia.com"},{"@type":"BreadcrumbList","@id":"https:\/\/www.cuchillalia.com\/producto\/woll-diamond-xr-logic-1528plcib-sarten-28-cm\/#breadcrumb","itemListElement":[{"@type":"ListItem","position":1,"name":"Cuchillalia","item":"https:\/\/www.cuchillalia.com\/en\/"},{"@type":"ListItem","position":2,"name":"Tienda","item":"https:\/\/www.cuchillalia.com\/tienda\/"},{"@type":"ListItem","position":3,"name":"Marcas","item":"https:\/\/www.cuchillalia.com\/categoria\/marcas\/"},{"@type":"ListItem","position":4,"name":"Woll","item":"https:\/\/www.cuchillalia.com\/categoria\/marcas\/woll\/"},{"@type":"ListItem","position":5,"name":"Diamond Logic XR","item":"https:\/\/www.cuchillalia.com\/categoria\/marcas\/woll\/diamond-logic-xr\/"},{"@type":"ListItem","position":6,"name":"Sart\u00e9n de 28 cm Woll Diamond XR Logic 1528PLCIB"}]},{"@type":"WebSite","@id":"https:\/\/www.cuchillalia.com\/#website","url":"https:\/\/www.cuchillalia.com\/","name":"Cuchillalia.com","description":"","publisher":{"@id":"https:\/\/www.cuchillalia.com\/#organization"},"potentialAction":[{"@type":"SearchAction","target":{"@type":"EntryPoint","urlTemplate":"https:\/\/www.cuchillalia.com\/?s={search_term_string}"},"query-input":{"@type":"PropertyValueSpecification","valueRequired":true,"valueName":"search_term_string"}}],"inLanguage":"en-US"},{"@type":"Organization","@id":"https:\/\/www.cuchillalia.com\/#organization","name":"Cuchillalia","url":"https:\/\/www.cuchillalia.com\/","logo":{"@type":"ImageObject","inLanguage":"en-US","@id":"https:\/\/www.cuchillalia.com\/#\/schema\/logo\/image\/","url":"https:\/\/www.cuchillalia.com\/wordpress\/wp-content\/uploads\/2021\/03\/logo-cuchillalia-jpg.jpg","contentUrl":"https:\/\/www.cuchillalia.com\/wordpress\/wp-content\/uploads\/2021\/03\/logo-cuchillalia-jpg.jpg","width":276,"height":192,"caption":"Cuchillalia"},"image":{"@id":"https:\/\/www.cuchillalia.com\/#\/schema\/logo\/image\/"},"sameAs":["http:\/\/www.facebook.com\/cuchillalia","https:\/\/x.com\/Cuchillalia"]}]}},"_links":{"self":[{"href":"https:\/\/www.cuchillalia.com\/en\/wp-json\/wp\/v2\/product\/165559","targetHints":{"allow":["GET"]}}],"collection":[{"href":"https:\/\/www.cuchillalia.com\/en\/wp-json\/wp\/v2\/product"}],"about":[{"href":"https:\/\/www.cuchillalia.com\/en\/wp-json\/wp\/v2\/types\/product"}],"replies":[{"embeddable":true,"href":"https:\/\/www.cuchillalia.com\/en\/wp-json\/wp\/v2\/comments?post=165559"}],"wp:featuredmedia":[{"embeddable":true,"href":"https:\/\/www.cuchillalia.com\/en\/wp-json\/wp\/v2\/media\/165639"}],"wp:attachment":[{"href":"https:\/\/www.cuchillalia.com\/en\/wp-json\/wp\/v2\/media?parent=165559"}],"wp:term":[{"taxonomy":"product_brand","embeddable":true,"href":"https:\/\/www.cuchillalia.com\/en\/wp-json\/wp\/v2\/product_brand?post=165559"},{"taxonomy":"product_cat","embeddable":true,"href":"https:\/\/www.cuchillalia.com\/en\/wp-json\/wp\/v2\/product_cat?post=165559"},{"taxonomy":"product_tag","embeddable":true,"href":"https:\/\/www.cuchillalia.com\/en\/wp-json\/wp\/v2\/product_tag?post=165559"}],"curies":[{"name":"wp","href":"https:\/\/api.w.org\/{rel}","templated":true}]}}