{"id":164515,"date":"2022-10-24T16:38:49","date_gmt":"2022-10-24T14:38:49","guid":{"rendered":"https:\/\/www.cuchillalia.com\/?post_type=product&#038;p=164515"},"modified":"2026-05-17T02:52:31","modified_gmt":"2026-05-17T00:52:31","slug":"cortaunas-ring-lock-pequeno-premax-t42330000","status":"publish","type":"product","link":"https:\/\/www.cuchillalia.com\/en\/producto\/cortaunas-ring-lock-pequeno-premax-t42330000\/","title":{"rendered":"Corta\u00fa\u00f1as Ring Lock peque\u00f1o Premax T42330000"},"content":{"rendered":"<p><strong>Corta\u00fa\u00f1as de dise\u00f1o<\/strong> con un innovador sistema que elimina el problema del tornillo que se afloja con el uso. As\u00ed, gracias al <strong>Ring Lock System<\/strong> el <a href='https:\/\/www.cuchillalia.com\/categoria\/cuidado-personal\/manicura-pedicura\/cortaunas\/'><strong>corta\u00fa\u00f1as<\/strong><\/a> tendr\u00e1 una buena precisi\u00f3n en el corte durante un mayor tiempo de uso.<\/p>\n<p>Con mangos ergon\u00f3micos, el modelo Ring Lock peque\u00f1o, de 7 cm, de Premax est\u00e1 <strong>dise\u00f1ado para manos femeninas<\/strong>. Este modelo es apto para cortar con precisi\u00f3n las u\u00f1as de las manos y de los pies. Fabricado en acero inoxidable con acabado arenado.<\/p>\n<p>Esta serie de corta\u00fa\u00f1as ha sido <strong>fabricada en Italia<\/strong>.<\/p>\n<h2>Tabla de caracter\u00edsticas corta\u00fa\u00f1as peque\u00f1o Premax Ring Lock<\/h2>\n<div class='tabla-caracteristicas'>\n<div class='fila'><span class='etiqueta'>Nombre comercial:<\/span><span class='valor'><strong>Cortau\u00f1as Ring.lock peque\u00f1o<\/strong><\/span><\/div>\n<div class='fila'><span class='etiqueta'>Fabricante:<\/span><span class='valor'>Premax<\/span><\/div>\n<div class='fila'><span class='etiqueta'>Referencia del fabricante:<\/span><span class='valor'>T42330000<\/span><\/div>\n<div class='fila'><span class='etiqueta'>Acabado:<\/span><span class='valor'>Mate<\/span><\/div>\n<div class='fila'><span class='etiqueta'>Material del mango:<\/span><span class='valor'>Met\u00e1lico <\/span><\/div>\n<div class='fila'><span class='etiqueta'>Medidas:<\/span><span class='valor'>7 cm<\/span><\/div>\n<div class='fila'><span class='etiqueta'>Material:<\/span><span class='valor'>Acero inoxidable<\/span><\/div>\n<div class='fila'><span class='etiqueta'>Peso del producto:<\/span><span class='valor'>27 g<\/span><\/div>\n<div class='fila'><span class='etiqueta'>Presentaci\u00f3n del producto:<\/span><span class='valor'>Blister<\/span><\/div>\n<div class='fila'><span class='etiqueta'>\u00bfDonde se fabrica?:<\/span><span class='valor'>Italia<\/span><\/div>\n<div class='fila'><span class='etiqueta'>C\u00f3digo de barras (GTIN):<\/span><span class='valor'>8012267115344<\/span><\/div>\n<\/div>\n<h3>Otros modelos de corta\u00fa\u00f1as<\/h3>\n<p>Si te resulta peque\u00f1o puedes mirar este otro <a href='https:\/\/www.cuchillalia.com\/categoria\/cuidado-personal\/manicura-pedicura\/cortaunas\/'><strong>corta\u00fa\u00f1as<\/strong><\/a> algo m\u00e1s grande y de la misma serie Premax Ring Lock:<\/p>\n<div class=\"woocommerce columns-3 \"><ul class=\"products kad_product_wrapper rowtight shopcolumn3 shopfullwidth init-isotope-intrinsic kt-show-rating  reinit-isotope\" data-nextselector=\".woocommerce-pagination a.next\" data-navselector=\".woocommerce-pagination\" data-itemselector=\".kad_product\" data-itemloadselector=\".kt_item_fade_in\" data-iso-selector=\".kad_product\" data-iso-style=\"fitRows\" data-iso-filter=\"true\">\n<li class=\"product type-product post-164514 status-publish first instock product_cat-cortaunas product_cat-premax has-post-thumbnail taxable shipping-taxable purchasable product-type-simple col-xxl-25 col-xl-3 col-md-4 col-sm-4 col-xs-6 col-ss-12 cortaunas premax kad_product\">\n\t<div class=\"grid_item product_item clearfix kt_item_fade_in\"><a href=\"https:\/\/www.cuchillalia.com\/en\/producto\/cortaunas-ring-lock-granpremax-t42340000\/\" class=\"product_item_link product_img_link\"><div class=\"kad-product-noflipper kt-product-hardcrop kt-product-intrinsic\" style=\"padding-bottom:100%;\"><div class=\"kt-product-animation-contain\"><img decoding=\"async\" src=\"https:\/\/www.cuchillalia.com\/wordpress\/wp-content\/uploads\/2022\/10\/cortaun\u0303as-grande-premax-ring-lock-400x400.jpg\" srcset=\"https:\/\/www.cuchillalia.com\/wordpress\/wp-content\/uploads\/2022\/10\/cortaun\u0303as-grande-premax-ring-lock-400x400.jpg 400w, https:\/\/www.cuchillalia.com\/wordpress\/wp-content\/uploads\/2022\/10\/cortaun\u0303as-grande-premax-ring-lock-300x300.jpg 300w, https:\/\/www.cuchillalia.com\/wordpress\/wp-content\/uploads\/2022\/10\/cortaun\u0303as-grande-premax-ring-lock-1024x1024.jpg 1024w, https:\/\/www.cuchillalia.com\/wordpress\/wp-content\/uploads\/2022\/10\/cortaun\u0303as-grande-premax-ring-lock-150x150.jpg 150w, https:\/\/www.cuchillalia.com\/wordpress\/wp-content\/uploads\/2022\/10\/cortaun\u0303as-grande-premax-ring-lock-768x768.jpg 768w, https:\/\/www.cuchillalia.com\/wordpress\/wp-content\/uploads\/2022\/10\/cortaun\u0303as-grande-premax-ring-lock-1536x1536.jpg 1536w, https:\/\/www.cuchillalia.com\/wordpress\/wp-content\/uploads\/2022\/10\/cortaun\u0303as-grande-premax-ring-lock-200x200.jpg 200w, https:\/\/www.cuchillalia.com\/wordpress\/wp-content\/uploads\/2022\/10\/cortaun\u0303as-grande-premax-ring-lock-566x566.jpg 566w, https:\/\/www.cuchillalia.com\/wordpress\/wp-content\/uploads\/2022\/10\/cortaun\u0303as-grande-premax-ring-lock-100x100.jpg 100w, https:\/\/www.cuchillalia.com\/wordpress\/wp-content\/uploads\/2022\/10\/cortaun\u0303as-grande-premax-ring-lock-720x720.jpg 720w, https:\/\/www.cuchillalia.com\/wordpress\/wp-content\/uploads\/2022\/10\/cortaun\u0303as-grande-premax-ring-lock-360x360.jpg 360w, https:\/\/www.cuchillalia.com\/wordpress\/wp-content\/uploads\/2022\/10\/cortaun\u0303as-grande-premax-ring-lock-600x600.jpg 600w, https:\/\/www.cuchillalia.com\/wordpress\/wp-content\/uploads\/2022\/10\/cortaun\u0303as-grande-premax-ring-lock-800x800.jpg 800w, https:\/\/www.cuchillalia.com\/wordpress\/wp-content\/uploads\/2022\/10\/cortaun\u0303as-grande-premax-ring-lock.jpg 1600w\" sizes=\"(max-width: 400px) 100vw, 400px\"  alt=\"Corta\u00fa\u00f1as grande Premax Ring Lock - Cuchillalia.com\" width=\"400\" height=\"400\" class=\"attachment-shop_catalog wp-post-image size-400x400\"><\/div><\/div><\/a> \n\n\t<div class=\"details_product_item\"><div class=\"product_details\"><a href=\"https:\/\/www.cuchillalia.com\/en\/producto\/cortaunas-ring-lock-granpremax-t42340000\/\" class=\"product_item_link\"><h3 class=\"product_archive_title\">Corta\u00fa\u00f1as Ring Lock grande Premax T42340000<\/h3><\/a><\/div>\t\t\n\t<a href=\"https:\/\/www.cuchillalia.com\/en\/producto\/cortaunas-ring-lock-granpremax-t42340000\/\"><span class=\"kt-notrated\">not rated<\/span><\/a>\n\t<span class=\"price\"><span class=\"woocommerce-Price-amount amount\"><bdi>21,49<span class=\"woocommerce-Price-currencySymbol\">&euro;<\/span><\/bdi><\/span><\/span>\n<div class=\"clearfix\"><\/div><\/div>\n\t<div class=\"product_action_wrap\"><a href=\"\/en\/wp-json\/wp\/v2\/product\/164515?add-to-cart=164514\" aria-describedby=\"woocommerce_loop_add_to_cart_link_describedby_164514\" data-quantity=\"1\" class=\"button product_type_simple add_to_cart_button ajax_add_to_cart\" data-product_id=\"164514\" data-product_sku=\"PR_T42340000\" aria-label=\"Add to cart: &ldquo;Corta\u00fa\u00f1as Ring Lock grande Premax T42340000&rdquo;\" rel=\"nofollow\" data-success_message=\"&ldquo;Corta\u00fa\u00f1as Ring Lock grande Premax T42340000&rdquo; has been added to your cart\" role=\"button\">Add to cart<\/a>\t<span id=\"woocommerce_loop_add_to_cart_link_describedby_164514\" class=\"screen-reader-text\">\n\t\t\t<\/span>\n\t\t\t<input type=\"hidden\" class=\"pmwProductId\" data-id=\"164514\">\n\t\t\t\t\t<script>\n\t\t\t(window.pmwDataLayer = window.pmwDataLayer || {}).products                = window.pmwDataLayer.products || {};\n\t\t\twindow.pmwDataLayer.products[164514] = {\"id\":\"164514\",\"sku\":\"PR_T42340000\",\"price\":21.489999999999998,\"brand\":\"\",\"quantity\":1,\"dyn_r_ids\":{\"post_id\":\"164514\",\"sku\":\"PR_T42340000\",\"gpf\":\"woocommerce_gpf_164514\",\"gla\":\"gla_164514\"},\"is_variable\":false,\"type\":\"simple\",\"name\":\"Corta\u00fa\u00f1as Ring Lock grande Premax T42340000\",\"category\":[\"Corta\u00fa\u00f1as\",\"Premax\"],\"is_variation\":false};\n\t\t\t\t\twindow.pmw_product_position = window.pmw_product_position || 1;\n\t\twindow.pmwDataLayer.products[164514]['position'] = window.pmw_product_position++;\n\t\t\t\t<\/script>\n\t\t<\/div><\/div><\/li><\/ul>\n<\/div>\n<h3>Precauciones al cortarse las u\u00f1as<\/h3>\n<ul>\n<li>Cortarse las u\u00f1as muy cortas puede provocar lesiones, por lo que se recomienda no cortarlas demasiado.<\/li>\n<li>No utilizar nunca un corta\u00fa\u00f1as para otra cosa distinta para la que ha sido dise\u00f1ado.<\/li>\n<li>Mantener lejos del alcance de los ni\u00f1os.<\/li>\n<\/ul>\n<p>&nbsp;<\/p>\n","protected":false},"excerpt":{"rendered":"<p><strong>Corta\u00fa\u00f1as peque\u00f1o Premax Ring Lock<\/strong>, de 7 cm, de dise\u00f1o ergon\u00f3mico, fabricado en Italia, en acero inoxidable.&hellip; <a class=\"kt-excerpt-readmore more-link\" href=\"https:\/\/www.cuchillalia.com\/en\/producto\/cortaunas-ring-lock-pequeno-premax-t42330000\/\" aria-label=\"Corta\u00fa\u00f1as Ring Lock peque\u00f1o Premax T42330000\">Read More<\/a><\/p>\n","protected":false},"featured_media":164543,"comment_status":"open","ping_status":"closed","template":"","meta":[],"product_brand":[],"product_cat":[8795,14960],"product_tag":[],"class_list":{"0":"post-164515","1":"product","2":"type-product","3":"status-publish","4":"has-post-thumbnail","6":"product_cat-cortaunas","7":"product_cat-premax","9":"first","10":"instock","11":"taxable","12":"shipping-taxable","13":"purchasable","14":"product-type-simple"},"yoast_head":"<!-- This site is optimized with the Yoast SEO plugin v27.5 - https:\/\/yoast.com\/product\/yoast-seo-wordpress\/ -->\n<title>Corta\u00fa\u00f1as Ring Lock peque\u00f1o Premax T42330000 | Cuchillalia.com<\/title>\n<meta name=\"robots\" content=\"index, follow, max-snippet:-1, max-image-preview:large, max-video-preview:-1\" \/>\n<link rel=\"canonical\" href=\"https:\/\/www.cuchillalia.com\/producto\/cortaunas-ring-lock-pequeno-premax-t42330000\/\" \/>\n<meta property=\"og:locale\" content=\"en_US\" \/>\n<meta property=\"og:type\" content=\"article\" \/>\n<meta property=\"og:title\" content=\"Corta\u00fa\u00f1as Ring Lock peque\u00f1o Premax T42330000 | Cuchillalia.com\" \/>\n<meta property=\"og:description\" content=\"Corta\u00fa\u00f1as peque\u00f1o Premax Ring Lock, de 7 cm, de dise\u00f1o ergon\u00f3mico, fabricado en Italia, en acero inoxidable.&hellip; Read More\" \/>\n<meta property=\"og:url\" content=\"https:\/\/www.cuchillalia.com\/producto\/cortaunas-ring-lock-pequeno-premax-t42330000\/\" \/>\n<meta property=\"og:site_name\" content=\"Cuchillalia.com\" \/>\n<meta property=\"article:publisher\" content=\"http:\/\/www.facebook.com\/cuchillalia\" \/>\n<meta property=\"article:modified_time\" content=\"2026-05-17T00:52:31+00:00\" \/>\n<meta property=\"og:image\" content=\"https:\/\/www.cuchillalia.com\/wordpress\/wp-content\/uploads\/2022\/10\/cortaun\u0303as-pequen\u0303o-premax-ring-lock.jpg\" \/>\n\t<meta property=\"og:image:width\" content=\"1600\" \/>\n\t<meta property=\"og:image:height\" content=\"1600\" \/>\n\t<meta property=\"og:image:type\" content=\"image\/jpeg\" \/>\n<meta name=\"twitter:card\" content=\"summary_large_image\" \/>\n<meta name=\"twitter:site\" content=\"@Cuchillalia\" \/>\n<meta name=\"twitter:label1\" content=\"Est. reading time\" \/>\n\t<meta name=\"twitter:data1\" content=\"2 minutes\" \/>\n<!-- \/ Yoast SEO plugin. -->","yoast_head_json":{"title":"Corta\u00fa\u00f1as Ring Lock peque\u00f1o Premax T42330000 | Cuchillalia.com","robots":{"index":"index","follow":"follow","max-snippet":"max-snippet:-1","max-image-preview":"max-image-preview:large","max-video-preview":"max-video-preview:-1"},"canonical":"https:\/\/www.cuchillalia.com\/producto\/cortaunas-ring-lock-pequeno-premax-t42330000\/","og_locale":"en_US","og_type":"article","og_title":"Corta\u00fa\u00f1as Ring Lock peque\u00f1o Premax T42330000 | Cuchillalia.com","og_description":"Corta\u00fa\u00f1as peque\u00f1o Premax Ring Lock, de 7 cm, de dise\u00f1o ergon\u00f3mico, fabricado en Italia, en acero inoxidable.&hellip; Read More","og_url":"https:\/\/www.cuchillalia.com\/producto\/cortaunas-ring-lock-pequeno-premax-t42330000\/","og_site_name":"Cuchillalia.com","article_publisher":"http:\/\/www.facebook.com\/cuchillalia","article_modified_time":"2026-05-17T00:52:31+00:00","og_image":[{"width":1600,"height":1600,"url":"https:\/\/www.cuchillalia.com\/wordpress\/wp-content\/uploads\/2022\/10\/cortaun\u0303as-pequen\u0303o-premax-ring-lock.jpg","type":"image\/jpeg"}],"twitter_card":"summary_large_image","twitter_site":"@Cuchillalia","twitter_misc":{"Est. reading time":"2 minutes"},"schema":{"@context":"https:\/\/schema.org","@graph":[{"@type":"WebPage","@id":"https:\/\/www.cuchillalia.com\/producto\/cortaunas-ring-lock-pequeno-premax-t42330000\/","url":"https:\/\/www.cuchillalia.com\/producto\/cortaunas-ring-lock-pequeno-premax-t42330000\/","name":"Corta\u00fa\u00f1as Ring Lock peque\u00f1o Premax T42330000 | Cuchillalia.com","isPartOf":{"@id":"https:\/\/www.cuchillalia.com\/#website"},"primaryImageOfPage":{"@id":"https:\/\/www.cuchillalia.com\/producto\/cortaunas-ring-lock-pequeno-premax-t42330000\/#primaryimage"},"image":{"@id":"https:\/\/www.cuchillalia.com\/producto\/cortaunas-ring-lock-pequeno-premax-t42330000\/#primaryimage"},"thumbnailUrl":"https:\/\/www.cuchillalia.com\/wordpress\/wp-content\/uploads\/2022\/10\/cortaun\u0303as-pequen\u0303o-premax-ring-lock.jpg","datePublished":"2022-10-24T14:38:49+00:00","dateModified":"2026-05-17T00:52:31+00:00","breadcrumb":{"@id":"https:\/\/www.cuchillalia.com\/producto\/cortaunas-ring-lock-pequeno-premax-t42330000\/#breadcrumb"},"inLanguage":"en-US","potentialAction":[{"@type":"ReadAction","target":["https:\/\/www.cuchillalia.com\/producto\/cortaunas-ring-lock-pequeno-premax-t42330000\/"]}]},{"@type":"ImageObject","inLanguage":"en-US","@id":"https:\/\/www.cuchillalia.com\/producto\/cortaunas-ring-lock-pequeno-premax-t42330000\/#primaryimage","url":"https:\/\/www.cuchillalia.com\/wordpress\/wp-content\/uploads\/2022\/10\/cortaun\u0303as-pequen\u0303o-premax-ring-lock.jpg","contentUrl":"https:\/\/www.cuchillalia.com\/wordpress\/wp-content\/uploads\/2022\/10\/cortaun\u0303as-pequen\u0303o-premax-ring-lock.jpg","width":1600,"height":1600,"caption":"Corta\u00fa\u00f1as peque\u00f1o Premax Ring Lock - Cuchillalia.com"},{"@type":"BreadcrumbList","@id":"https:\/\/www.cuchillalia.com\/producto\/cortaunas-ring-lock-pequeno-premax-t42330000\/#breadcrumb","itemListElement":[{"@type":"ListItem","position":1,"name":"Cuchillalia","item":"https:\/\/www.cuchillalia.com\/en\/"},{"@type":"ListItem","position":2,"name":"Tienda","item":"https:\/\/www.cuchillalia.com\/tienda\/"},{"@type":"ListItem","position":3,"name":"Cuidado personal","item":"https:\/\/www.cuchillalia.com\/categoria\/cuidado-personal\/"},{"@type":"ListItem","position":4,"name":"Manicura y pedicura","item":"https:\/\/www.cuchillalia.com\/categoria\/cuidado-personal\/manicura-pedicura\/"},{"@type":"ListItem","position":5,"name":"Corta\u00fa\u00f1as","item":"https:\/\/www.cuchillalia.com\/categoria\/cuidado-personal\/manicura-pedicura\/cortaunas\/"},{"@type":"ListItem","position":6,"name":"Corta\u00fa\u00f1as Ring Lock peque\u00f1o Premax T42330000"}]},{"@type":"WebSite","@id":"https:\/\/www.cuchillalia.com\/#website","url":"https:\/\/www.cuchillalia.com\/","name":"Cuchillalia.com","description":"","publisher":{"@id":"https:\/\/www.cuchillalia.com\/#organization"},"potentialAction":[{"@type":"SearchAction","target":{"@type":"EntryPoint","urlTemplate":"https:\/\/www.cuchillalia.com\/?s={search_term_string}"},"query-input":{"@type":"PropertyValueSpecification","valueRequired":true,"valueName":"search_term_string"}}],"inLanguage":"en-US"},{"@type":"Organization","@id":"https:\/\/www.cuchillalia.com\/#organization","name":"Cuchillalia","url":"https:\/\/www.cuchillalia.com\/","logo":{"@type":"ImageObject","inLanguage":"en-US","@id":"https:\/\/www.cuchillalia.com\/#\/schema\/logo\/image\/","url":"https:\/\/www.cuchillalia.com\/wordpress\/wp-content\/uploads\/2021\/03\/logo-cuchillalia-jpg.jpg","contentUrl":"https:\/\/www.cuchillalia.com\/wordpress\/wp-content\/uploads\/2021\/03\/logo-cuchillalia-jpg.jpg","width":276,"height":192,"caption":"Cuchillalia"},"image":{"@id":"https:\/\/www.cuchillalia.com\/#\/schema\/logo\/image\/"},"sameAs":["http:\/\/www.facebook.com\/cuchillalia","https:\/\/x.com\/Cuchillalia"]}]}},"_links":{"self":[{"href":"https:\/\/www.cuchillalia.com\/en\/wp-json\/wp\/v2\/product\/164515","targetHints":{"allow":["GET"]}}],"collection":[{"href":"https:\/\/www.cuchillalia.com\/en\/wp-json\/wp\/v2\/product"}],"about":[{"href":"https:\/\/www.cuchillalia.com\/en\/wp-json\/wp\/v2\/types\/product"}],"replies":[{"embeddable":true,"href":"https:\/\/www.cuchillalia.com\/en\/wp-json\/wp\/v2\/comments?post=164515"}],"wp:featuredmedia":[{"embeddable":true,"href":"https:\/\/www.cuchillalia.com\/en\/wp-json\/wp\/v2\/media\/164543"}],"wp:attachment":[{"href":"https:\/\/www.cuchillalia.com\/en\/wp-json\/wp\/v2\/media?parent=164515"}],"wp:term":[{"taxonomy":"product_brand","embeddable":true,"href":"https:\/\/www.cuchillalia.com\/en\/wp-json\/wp\/v2\/product_brand?post=164515"},{"taxonomy":"product_cat","embeddable":true,"href":"https:\/\/www.cuchillalia.com\/en\/wp-json\/wp\/v2\/product_cat?post=164515"},{"taxonomy":"product_tag","embeddable":true,"href":"https:\/\/www.cuchillalia.com\/en\/wp-json\/wp\/v2\/product_tag?post=164515"}],"curies":[{"name":"wp","href":"https:\/\/api.w.org\/{rel}","templated":true}]}}