{"id":164032,"date":"2022-10-05T12:11:13","date_gmt":"2022-10-05T10:11:13","guid":{"rendered":"https:\/\/www.cuchillalia.com\/?post_type=product&#038;p=164032"},"modified":"2026-02-27T12:39:25","modified_gmt":"2026-02-27T11:39:25","slug":"tijera-bordar-cuerno-abundancia-9-cm-3-claveles-63","status":"publish","type":"product","link":"https:\/\/www.cuchillalia.com\/en\/producto\/tijera-bordar-cuerno-abundancia-9-cm-3-claveles-63\/","title":{"rendered":"Tijera de bordar Cuerno de la Abundancia 9 cm (3,5&#8243;) &#8211; 3 Claveles Ref. 63"},"content":{"rendered":"<p>La tijera de bordar y costura Cuerno de la Abundancia de 3 Claveles tiene un peque\u00f1o tama\u00f1o adecuado para un corte preciso y as\u00ed no da\u00f1ar la tela. Sus puntas son agudas y rectas.<\/p>\n<p>Si la quieres algo m\u00e1s grande, tenemos tambi\u00e9n la <a href='https:\/\/www.cuchillalia.com\/producto\/tijera-costura-cuerno-abundancia-15-cm-3-claveles-70\/'><strong>tijera de 15 cm del Cuerno de la Abundancia<\/strong><\/a>.<\/p>\n<h2>Tabla de caracter\u00edsticas tijera Cuerno de la Abundancia de 9 cm 3 Claveles<\/h2>\n<div class='tabla-caracteristicas'>\n<div class='fila'><span class='etiqueta'>Nombre comercial:<\/span><span class='valor'><strong>Cuerno de la abundancia 9 cm<\/strong><\/span><\/div>\n<div class='fila'><span class='etiqueta'>Fabricante:<\/span><span class='valor'>3 Claveles<\/span><\/div>\n<div class='fila'><span class='etiqueta'>Referencia del fabricante:<\/span><span class='valor'>63<\/span><\/div>\n<div class='fila'><span class='etiqueta'>Material de la hoja:<\/span><span class='valor'>Acero al carbono F1150\/C55<\/span><\/div>\n<div class='fila'><span class='etiqueta'>Acabado:<\/span><span class='valor'>Niquelado<\/span><\/div>\n<div class='fila'><span class='etiqueta'>Dureza:<\/span><span class='valor'>HRc 58 Rockwell<\/span><\/div>\n<div class='fila'><span class='etiqueta'>Medidas:<\/span><span class='valor'>9 cm &#8211; 3,5&#8242;<\/span><\/div>\n<div class='fila'><span class='etiqueta'>Material:<\/span><span class='valor'>Acero al carbono niquelado<\/span><\/div>\n<div class='fila'><span class='etiqueta'>\u00bfEs apto para zurdos?:<\/span><span class='valor'>Solo para diestros<\/span><\/div>\n<div class='fila'><span class='etiqueta'>Peso del producto:<\/span><span class='valor'>18 g<\/span><\/div>\n<div class='fila'><span class='etiqueta'>Producci\u00f3n:<\/span><span class='valor'>Forjadas en caliente<\/span><\/div>\n<div class='fila'><span class='etiqueta'>Presentaci\u00f3n del producto:<\/span><span class='valor'>Blister de pl\u00e1stico abierto<\/span><\/div>\n<div class='fila'><span class='etiqueta'>\u00bfDonde se fabrica?:<\/span><span class='valor'>Espa\u00f1a<\/span><\/div>\n<div class='fila'><span class='etiqueta'>C\u00f3digo de barras (GTIN):<\/span><span class='valor'>8410990000638<\/span><\/div>\n<\/div>\n","protected":false},"excerpt":{"rendered":"<p><strong>Tijera de bordar y costura<\/strong>\u00a0de 9 cm de <strong>3 Claveles<\/strong>, con dise\u00f1o de los mangos con forma de <strong>Cuerno de la Abundancia<\/strong> y puntas rectas.&hellip; <a class=\"kt-excerpt-readmore more-link\" href=\"https:\/\/www.cuchillalia.com\/en\/producto\/tijera-bordar-cuerno-abundancia-9-cm-3-claveles-63\/\" aria-label=\"Tijera de bordar Cuerno de la Abundancia 9 cm (3,5&#8243;) &#8211; 3 Claveles Ref. 63\">Read More<\/a><\/p>\n","protected":false},"featured_media":164039,"comment_status":"open","ping_status":"closed","template":"","meta":[],"product_brand":[],"product_cat":[8270,8267],"product_tag":[],"class_list":{"0":"post-164032","1":"product","2":"type-product","3":"status-publish","4":"has-post-thumbnail","6":"product_cat-tijeras-costura-3-claveles","7":"product_cat-bordar-costura","9":"first","10":"instock","11":"taxable","12":"shipping-taxable","13":"purchasable","14":"product-type-simple"},"yoast_head":"<!-- This site is optimized with the Yoast SEO plugin v27.5 - https:\/\/yoast.com\/product\/yoast-seo-wordpress\/ -->\n<title>Tijera de bordar Cuerno de la Abundancia | 3 Claveles ref. 63 | Cuchillalia<\/title>\n<meta name=\"description\" content=\"Tijera de bordar y costura de 9 cm de 3 Claveles, con mangos en forma de Cuerno de la Abundancia y puntas rectas. Corte preciso\" \/>\n<meta name=\"robots\" content=\"index, follow, max-snippet:-1, max-image-preview:large, max-video-preview:-1\" \/>\n<link rel=\"canonical\" href=\"https:\/\/www.cuchillalia.com\/producto\/tijera-bordar-cuerno-abundancia-9-cm-3-claveles-63\/\" \/>\n<meta property=\"og:locale\" content=\"en_US\" \/>\n<meta property=\"og:type\" content=\"article\" \/>\n<meta property=\"og:title\" content=\"Tijera de bordar Cuerno de la Abundancia | 3 Claveles ref. 63 | Cuchillalia\" \/>\n<meta property=\"og:description\" content=\"Tijera de bordar y costura de 9 cm de 3 Claveles, con mangos en forma de Cuerno de la Abundancia y puntas rectas. Corte preciso\" \/>\n<meta property=\"og:url\" content=\"https:\/\/www.cuchillalia.com\/producto\/tijera-bordar-cuerno-abundancia-9-cm-3-claveles-63\/\" \/>\n<meta property=\"og:site_name\" content=\"Cuchillalia.com\" \/>\n<meta property=\"article:publisher\" content=\"http:\/\/www.facebook.com\/cuchillalia\" \/>\n<meta property=\"article:modified_time\" content=\"2026-02-27T11:39:25+00:00\" \/>\n<meta property=\"og:image\" content=\"https:\/\/www.cuchillalia.com\/wordpress\/wp-content\/uploads\/2022\/10\/tijera-bordar-cuerno-abundancia-9-cm-3-claveles-00063.jpg\" \/>\n\t<meta property=\"og:image:width\" content=\"1600\" \/>\n\t<meta property=\"og:image:height\" content=\"1600\" \/>\n\t<meta property=\"og:image:type\" content=\"image\/jpeg\" \/>\n<meta name=\"twitter:card\" content=\"summary_large_image\" \/>\n<meta name=\"twitter:site\" content=\"@Cuchillalia\" \/>\n<meta name=\"twitter:label1\" content=\"Est. reading time\" \/>\n\t<meta name=\"twitter:data1\" content=\"2 minutes\" \/>\n<!-- \/ Yoast SEO plugin. -->","yoast_head_json":{"title":"Tijera de bordar Cuerno de la Abundancia | 3 Claveles ref. 63 | Cuchillalia","description":"Tijera de bordar y costura de 9 cm de 3 Claveles, con mangos en forma de Cuerno de la Abundancia y puntas rectas. Corte preciso","robots":{"index":"index","follow":"follow","max-snippet":"max-snippet:-1","max-image-preview":"max-image-preview:large","max-video-preview":"max-video-preview:-1"},"canonical":"https:\/\/www.cuchillalia.com\/producto\/tijera-bordar-cuerno-abundancia-9-cm-3-claveles-63\/","og_locale":"en_US","og_type":"article","og_title":"Tijera de bordar Cuerno de la Abundancia | 3 Claveles ref. 63 | Cuchillalia","og_description":"Tijera de bordar y costura de 9 cm de 3 Claveles, con mangos en forma de Cuerno de la Abundancia y puntas rectas. Corte preciso","og_url":"https:\/\/www.cuchillalia.com\/producto\/tijera-bordar-cuerno-abundancia-9-cm-3-claveles-63\/","og_site_name":"Cuchillalia.com","article_publisher":"http:\/\/www.facebook.com\/cuchillalia","article_modified_time":"2026-02-27T11:39:25+00:00","og_image":[{"width":1600,"height":1600,"url":"https:\/\/www.cuchillalia.com\/wordpress\/wp-content\/uploads\/2022\/10\/tijera-bordar-cuerno-abundancia-9-cm-3-claveles-00063.jpg","type":"image\/jpeg"}],"twitter_card":"summary_large_image","twitter_site":"@Cuchillalia","twitter_misc":{"Est. reading time":"2 minutes"},"schema":{"@context":"https:\/\/schema.org","@graph":[{"@type":"WebPage","@id":"https:\/\/www.cuchillalia.com\/producto\/tijera-bordar-cuerno-abundancia-9-cm-3-claveles-63\/","url":"https:\/\/www.cuchillalia.com\/producto\/tijera-bordar-cuerno-abundancia-9-cm-3-claveles-63\/","name":"Tijera de bordar Cuerno de la Abundancia | 3 Claveles ref. 63 | Cuchillalia","isPartOf":{"@id":"https:\/\/www.cuchillalia.com\/#website"},"primaryImageOfPage":{"@id":"https:\/\/www.cuchillalia.com\/producto\/tijera-bordar-cuerno-abundancia-9-cm-3-claveles-63\/#primaryimage"},"image":{"@id":"https:\/\/www.cuchillalia.com\/producto\/tijera-bordar-cuerno-abundancia-9-cm-3-claveles-63\/#primaryimage"},"thumbnailUrl":"https:\/\/www.cuchillalia.com\/wordpress\/wp-content\/uploads\/2022\/10\/tijera-bordar-cuerno-abundancia-9-cm-3-claveles-00063.jpg","datePublished":"2022-10-05T10:11:13+00:00","dateModified":"2026-02-27T11:39:25+00:00","description":"Tijera de bordar y costura de 9 cm de 3 Claveles, con mangos en forma de Cuerno de la Abundancia y puntas rectas. Corte preciso","breadcrumb":{"@id":"https:\/\/www.cuchillalia.com\/producto\/tijera-bordar-cuerno-abundancia-9-cm-3-claveles-63\/#breadcrumb"},"inLanguage":"en-US","potentialAction":[{"@type":"ReadAction","target":["https:\/\/www.cuchillalia.com\/producto\/tijera-bordar-cuerno-abundancia-9-cm-3-claveles-63\/"]}]},{"@type":"ImageObject","inLanguage":"en-US","@id":"https:\/\/www.cuchillalia.com\/producto\/tijera-bordar-cuerno-abundancia-9-cm-3-claveles-63\/#primaryimage","url":"https:\/\/www.cuchillalia.com\/wordpress\/wp-content\/uploads\/2022\/10\/tijera-bordar-cuerno-abundancia-9-cm-3-claveles-00063.jpg","contentUrl":"https:\/\/www.cuchillalia.com\/wordpress\/wp-content\/uploads\/2022\/10\/tijera-bordar-cuerno-abundancia-9-cm-3-claveles-00063.jpg","width":1600,"height":1600,"caption":"Tijera de bordar Cuerno de la Abundancia de 9 cm - 3 Claveles 00063"},{"@type":"BreadcrumbList","@id":"https:\/\/www.cuchillalia.com\/producto\/tijera-bordar-cuerno-abundancia-9-cm-3-claveles-63\/#breadcrumb","itemListElement":[{"@type":"ListItem","position":1,"name":"Cuchillalia","item":"https:\/\/www.cuchillalia.com\/en\/"},{"@type":"ListItem","position":2,"name":"Tienda","item":"https:\/\/www.cuchillalia.com\/tienda\/"},{"@type":"ListItem","position":3,"name":"Tijeras","item":"https:\/\/www.cuchillalia.com\/categoria\/tijeras\/"},{"@type":"ListItem","position":4,"name":"Tijeras de costura y de bordar","item":"https:\/\/www.cuchillalia.com\/categoria\/tijeras\/bordar-costura\/"},{"@type":"ListItem","position":5,"name":"Tijera de bordar Cuerno de la Abundancia 9 cm (3,5&#8243;) &#8211; 3 Claveles Ref. 63"}]},{"@type":"WebSite","@id":"https:\/\/www.cuchillalia.com\/#website","url":"https:\/\/www.cuchillalia.com\/","name":"Cuchillalia.com","description":"","publisher":{"@id":"https:\/\/www.cuchillalia.com\/#organization"},"potentialAction":[{"@type":"SearchAction","target":{"@type":"EntryPoint","urlTemplate":"https:\/\/www.cuchillalia.com\/?s={search_term_string}"},"query-input":{"@type":"PropertyValueSpecification","valueRequired":true,"valueName":"search_term_string"}}],"inLanguage":"en-US"},{"@type":"Organization","@id":"https:\/\/www.cuchillalia.com\/#organization","name":"Cuchillalia","url":"https:\/\/www.cuchillalia.com\/","logo":{"@type":"ImageObject","inLanguage":"en-US","@id":"https:\/\/www.cuchillalia.com\/#\/schema\/logo\/image\/","url":"https:\/\/www.cuchillalia.com\/wordpress\/wp-content\/uploads\/2021\/03\/logo-cuchillalia-jpg.jpg","contentUrl":"https:\/\/www.cuchillalia.com\/wordpress\/wp-content\/uploads\/2021\/03\/logo-cuchillalia-jpg.jpg","width":276,"height":192,"caption":"Cuchillalia"},"image":{"@id":"https:\/\/www.cuchillalia.com\/#\/schema\/logo\/image\/"},"sameAs":["http:\/\/www.facebook.com\/cuchillalia","https:\/\/x.com\/Cuchillalia"]}]}},"_links":{"self":[{"href":"https:\/\/www.cuchillalia.com\/en\/wp-json\/wp\/v2\/product\/164032","targetHints":{"allow":["GET"]}}],"collection":[{"href":"https:\/\/www.cuchillalia.com\/en\/wp-json\/wp\/v2\/product"}],"about":[{"href":"https:\/\/www.cuchillalia.com\/en\/wp-json\/wp\/v2\/types\/product"}],"replies":[{"embeddable":true,"href":"https:\/\/www.cuchillalia.com\/en\/wp-json\/wp\/v2\/comments?post=164032"}],"wp:featuredmedia":[{"embeddable":true,"href":"https:\/\/www.cuchillalia.com\/en\/wp-json\/wp\/v2\/media\/164039"}],"wp:attachment":[{"href":"https:\/\/www.cuchillalia.com\/en\/wp-json\/wp\/v2\/media?parent=164032"}],"wp:term":[{"taxonomy":"product_brand","embeddable":true,"href":"https:\/\/www.cuchillalia.com\/en\/wp-json\/wp\/v2\/product_brand?post=164032"},{"taxonomy":"product_cat","embeddable":true,"href":"https:\/\/www.cuchillalia.com\/en\/wp-json\/wp\/v2\/product_cat?post=164032"},{"taxonomy":"product_tag","embeddable":true,"href":"https:\/\/www.cuchillalia.com\/en\/wp-json\/wp\/v2\/product_tag?post=164032"}],"curies":[{"name":"wp","href":"https:\/\/api.w.org\/{rel}","templated":true}]}}