{"id":163779,"date":"2022-09-23T15:14:12","date_gmt":"2022-09-23T13:14:12","guid":{"rendered":"https:\/\/www.cuchillalia.com\/?post_type=product&#038;p=163779"},"modified":"2025-07-03T20:14:30","modified_gmt":"2025-07-03T18:14:30","slug":"tijeras-peluqueria-corte-8-pulg-3-claveles-mega-12545","status":"publish","type":"product","link":"https:\/\/www.cuchillalia.com\/en\/producto\/tijeras-peluqueria-corte-8-pulg-3-claveles-mega-12545\/","title":{"rendered":"Tijeras de peluquer\u00eda de corte de 8&#8243; &#8211; 3 Claveles Mega 12545"},"content":{"rendered":"<h2>Tabla de caracter\u00edsticas tijeras de corte de 8&#8242; 3 Claveles Mega<\/h2>\n<div class='tabla-caracteristicas'>\n<div class='fila'><span class='etiqueta'>Nombre comercial:<\/span><span class='valor'><strong>Mega 8&#8242;<\/strong><\/span><\/div>\n<div class='fila'><span class='etiqueta'>Fabricante:<\/span><span class='valor'>3 Claveles<\/span><\/div>\n<div class='fila'><span class='etiqueta'>Referencia del fabricante:<\/span><span class='valor'>12545<\/span><\/div>\n<div class='fila'><span class='etiqueta'>Tipo de hoja:<\/span><span class='valor'>Filo microdentado 50\u00ba<\/span><\/div>\n<div class='fila'><span class='etiqueta'>Acabado:<\/span><span class='valor'>Brillo<\/span><\/div>\n<div class='fila'><span class='etiqueta'>Dureza:<\/span><span class='valor'>HRc 56 Rockwell<\/span><\/div>\n<div class='fila'><span class='etiqueta'>Tipo de mango:<\/span><span class='valor'>Con silenciador y apoyadedos<\/span><\/div>\n<div class='fila'><span class='etiqueta'>Medidas:<\/span><span class='valor'>20 cm &#8211; 8&#8242;<\/span><\/div>\n<div class='fila'><span class='etiqueta'>Material:<\/span><span class='valor'>Acero inoxidable<br \/>\nAISI 420-4034<\/span><\/div>\n<div class='fila'><span class='etiqueta'>\u00bfEs apto para zurdos?:<\/span><span class='valor'>Solo para diestros<\/span><\/div>\n<div class='fila'><span class='etiqueta'>Producci\u00f3n:<\/span><span class='valor'>Forjado en caliente<\/span><\/div>\n<div class='fila'><span class='etiqueta'>Presentaci\u00f3n del producto:<\/span><span class='valor'>Blister de pl\u00e1stico abierto<\/span><\/div>\n<div class='fila'><span class='etiqueta'>\u00bfTiene tornillo de apriete?:<\/span><span class='valor'>Tornillo plano regulable<\/span><\/div>\n<div class='fila'><span class='etiqueta'>\u00bfDonde se fabrica?:<\/span><span class='valor'>Espa\u00f1a<\/span><\/div>\n<div class='fila'><span class='etiqueta'>C\u00f3digo de barras (GTIN):<\/span><span class='valor'>8410990125454<\/span><\/div>\n<div class='fila'><span class='etiqueta'>Observaciones:<\/span><span class='valor'>&#8211; Tijeras forjadas en caliente con acero inoxidable AISI 420 &#8211; 4034.<br \/>\n&#8211; El filo microdentado a 50\u00ba evita que el cabello resbale aportando m\u00e1s seguridad en el corte.<br \/>\n&#8211; Con buena duraci\u00f3n del filo, gracias a una dureza alta HRc 56.<br \/>\n&#8211; Para poder aflojar las hojas suavemente disponemos de un tornillo plano regulable. F\u00e1cilmente podr\u00e1 usarse para ello un destornillador sin perder el roce de la medialuna.<br \/>\n&#8211; Tijeras que disponen de un apoyadedos forjado en el cuerpo de los dedales, con tope silenciador para evitar el t\u00edpico ru\u00eddo al cerrarlas.<br \/>\n&#8211; Con su dise\u00f1o sim\u00e9trico se facilita la posici\u00f3n cl\u00e1sica de corte y as\u00ed trabajar con el codo horizontal separado del cuerpo.<\/span><\/div>\n<\/div>\n","protected":false},"excerpt":{"rendered":"<p><strong>Tijeras de peluquero de corte <\/strong><strong>3 Claveles Mega<\/strong>, de 8&#8243;, con filo microdentado a 50\u00ba para evitar que resbale el pelo y tornillo regulable plano. Fabricadas en Espa\u00f1a.&hellip; <a class=\"kt-excerpt-readmore more-link\" href=\"https:\/\/www.cuchillalia.com\/en\/producto\/tijeras-peluqueria-corte-8-pulg-3-claveles-mega-12545\/\" aria-label=\"Tijeras de peluquer\u00eda de corte de 8&#8243; &#8211; 3 Claveles Mega 12545\">Read More<\/a><\/p>\n","protected":false},"featured_media":163778,"comment_status":"open","ping_status":"closed","template":"","meta":[],"product_brand":[],"product_cat":[8334,8335],"product_tag":[],"class_list":{"0":"post-163779","1":"product","2":"type-product","3":"status-publish","4":"has-post-thumbnail","6":"product_cat-tijeras-peluqueria-corte","7":"product_cat-tijeras-de-peluqueria-3-claveles","9":"first","10":"instock","11":"taxable","12":"shipping-taxable","13":"purchasable","14":"product-type-simple"},"yoast_head":"<!-- This site is optimized with the Yoast SEO plugin v27.5 - https:\/\/yoast.com\/product\/yoast-seo-wordpress\/ -->\n<title>Tijeras de peluquer\u00eda corte de 8&quot; | 3 Claveles Mega | Cuchillalia.com<\/title>\n<meta name=\"description\" content=\"Tijeras peluquer\u00eda de corte de 8&quot;, filo a microdentado a 50\u00ba, 3 Claveles Mega 12545, con tornillo regulable plano. Fabricadas en Espa\u00f1a\" \/>\n<meta name=\"robots\" content=\"index, follow, max-snippet:-1, max-image-preview:large, max-video-preview:-1\" \/>\n<link rel=\"canonical\" href=\"https:\/\/www.cuchillalia.com\/producto\/tijeras-peluqueria-corte-8-pulg-3-claveles-mega-12545\/\" \/>\n<meta property=\"og:locale\" content=\"en_US\" \/>\n<meta property=\"og:type\" content=\"article\" \/>\n<meta property=\"og:title\" content=\"Tijeras de peluquer\u00eda corte de 8&quot; | 3 Claveles Mega | Cuchillalia.com\" \/>\n<meta property=\"og:description\" content=\"Tijeras peluquer\u00eda de corte de 8&quot;, filo a microdentado a 50\u00ba, 3 Claveles Mega 12545, con tornillo regulable plano. Fabricadas en Espa\u00f1a\" \/>\n<meta property=\"og:url\" content=\"https:\/\/www.cuchillalia.com\/producto\/tijeras-peluqueria-corte-8-pulg-3-claveles-mega-12545\/\" \/>\n<meta property=\"og:site_name\" content=\"Cuchillalia.com\" \/>\n<meta property=\"article:publisher\" content=\"http:\/\/www.facebook.com\/cuchillalia\" \/>\n<meta property=\"article:modified_time\" content=\"2025-07-03T18:14:30+00:00\" \/>\n<meta property=\"og:image\" content=\"https:\/\/www.cuchillalia.com\/wordpress\/wp-content\/uploads\/2022\/09\/tijeras-peluqueria-corte-3-claveles-mega-12545.jpg\" \/>\n\t<meta property=\"og:image:width\" content=\"1600\" \/>\n\t<meta property=\"og:image:height\" content=\"1600\" \/>\n\t<meta property=\"og:image:type\" content=\"image\/jpeg\" \/>\n<meta name=\"twitter:card\" content=\"summary_large_image\" \/>\n<meta name=\"twitter:site\" content=\"@Cuchillalia\" \/>\n<meta name=\"twitter:label1\" content=\"Est. reading time\" \/>\n\t<meta name=\"twitter:data1\" content=\"2 minutes\" \/>\n<!-- \/ Yoast SEO plugin. -->","yoast_head_json":{"title":"Tijeras de peluquer\u00eda corte de 8\" | 3 Claveles Mega | Cuchillalia.com","description":"Tijeras peluquer\u00eda de corte de 8\", filo a microdentado a 50\u00ba, 3 Claveles Mega 12545, con tornillo regulable plano. Fabricadas en Espa\u00f1a","robots":{"index":"index","follow":"follow","max-snippet":"max-snippet:-1","max-image-preview":"max-image-preview:large","max-video-preview":"max-video-preview:-1"},"canonical":"https:\/\/www.cuchillalia.com\/producto\/tijeras-peluqueria-corte-8-pulg-3-claveles-mega-12545\/","og_locale":"en_US","og_type":"article","og_title":"Tijeras de peluquer\u00eda corte de 8\" | 3 Claveles Mega | Cuchillalia.com","og_description":"Tijeras peluquer\u00eda de corte de 8\", filo a microdentado a 50\u00ba, 3 Claveles Mega 12545, con tornillo regulable plano. Fabricadas en Espa\u00f1a","og_url":"https:\/\/www.cuchillalia.com\/producto\/tijeras-peluqueria-corte-8-pulg-3-claveles-mega-12545\/","og_site_name":"Cuchillalia.com","article_publisher":"http:\/\/www.facebook.com\/cuchillalia","article_modified_time":"2025-07-03T18:14:30+00:00","og_image":[{"width":1600,"height":1600,"url":"https:\/\/www.cuchillalia.com\/wordpress\/wp-content\/uploads\/2022\/09\/tijeras-peluqueria-corte-3-claveles-mega-12545.jpg","type":"image\/jpeg"}],"twitter_card":"summary_large_image","twitter_site":"@Cuchillalia","twitter_misc":{"Est. reading time":"2 minutes"},"schema":{"@context":"https:\/\/schema.org","@graph":[{"@type":"WebPage","@id":"https:\/\/www.cuchillalia.com\/producto\/tijeras-peluqueria-corte-8-pulg-3-claveles-mega-12545\/","url":"https:\/\/www.cuchillalia.com\/producto\/tijeras-peluqueria-corte-8-pulg-3-claveles-mega-12545\/","name":"Tijeras de peluquer\u00eda corte de 8\" | 3 Claveles Mega | Cuchillalia.com","isPartOf":{"@id":"https:\/\/www.cuchillalia.com\/#website"},"primaryImageOfPage":{"@id":"https:\/\/www.cuchillalia.com\/producto\/tijeras-peluqueria-corte-8-pulg-3-claveles-mega-12545\/#primaryimage"},"image":{"@id":"https:\/\/www.cuchillalia.com\/producto\/tijeras-peluqueria-corte-8-pulg-3-claveles-mega-12545\/#primaryimage"},"thumbnailUrl":"https:\/\/www.cuchillalia.com\/wordpress\/wp-content\/uploads\/2022\/09\/tijeras-peluqueria-corte-3-claveles-mega-12545.jpg","datePublished":"2022-09-23T13:14:12+00:00","dateModified":"2025-07-03T18:14:30+00:00","description":"Tijeras peluquer\u00eda de corte de 8\", filo a microdentado a 50\u00ba, 3 Claveles Mega 12545, con tornillo regulable plano. Fabricadas en Espa\u00f1a","breadcrumb":{"@id":"https:\/\/www.cuchillalia.com\/producto\/tijeras-peluqueria-corte-8-pulg-3-claveles-mega-12545\/#breadcrumb"},"inLanguage":"en-US","potentialAction":[{"@type":"ReadAction","target":["https:\/\/www.cuchillalia.com\/producto\/tijeras-peluqueria-corte-8-pulg-3-claveles-mega-12545\/"]}]},{"@type":"ImageObject","inLanguage":"en-US","@id":"https:\/\/www.cuchillalia.com\/producto\/tijeras-peluqueria-corte-8-pulg-3-claveles-mega-12545\/#primaryimage","url":"https:\/\/www.cuchillalia.com\/wordpress\/wp-content\/uploads\/2022\/09\/tijeras-peluqueria-corte-3-claveles-mega-12545.jpg","contentUrl":"https:\/\/www.cuchillalia.com\/wordpress\/wp-content\/uploads\/2022\/09\/tijeras-peluqueria-corte-3-claveles-mega-12545.jpg","width":1600,"height":1600,"caption":"Tijeras de peluquer\u00eda de 8\" 3 Claveles Mega 12545 - Cuchillalia.com"},{"@type":"BreadcrumbList","@id":"https:\/\/www.cuchillalia.com\/producto\/tijeras-peluqueria-corte-8-pulg-3-claveles-mega-12545\/#breadcrumb","itemListElement":[{"@type":"ListItem","position":1,"name":"Cuchillalia","item":"https:\/\/www.cuchillalia.com\/en\/"},{"@type":"ListItem","position":2,"name":"Tienda","item":"https:\/\/www.cuchillalia.com\/tienda\/"},{"@type":"ListItem","position":3,"name":"Tijeras","item":"https:\/\/www.cuchillalia.com\/categoria\/tijeras\/"},{"@type":"ListItem","position":4,"name":"Tijeras de peluquer\u00eda","item":"https:\/\/www.cuchillalia.com\/categoria\/tijeras\/peluqueria\/"},{"@type":"ListItem","position":5,"name":"Tijeras de corte para peluquer\u00eda","item":"https:\/\/www.cuchillalia.com\/categoria\/tijeras\/peluqueria\/tijeras-peluqueria-corte\/"},{"@type":"ListItem","position":6,"name":"Tijeras de peluquer\u00eda de corte de 8&#8243; &#8211; 3 Claveles Mega 12545"}]},{"@type":"WebSite","@id":"https:\/\/www.cuchillalia.com\/#website","url":"https:\/\/www.cuchillalia.com\/","name":"Cuchillalia.com","description":"","publisher":{"@id":"https:\/\/www.cuchillalia.com\/#organization"},"potentialAction":[{"@type":"SearchAction","target":{"@type":"EntryPoint","urlTemplate":"https:\/\/www.cuchillalia.com\/?s={search_term_string}"},"query-input":{"@type":"PropertyValueSpecification","valueRequired":true,"valueName":"search_term_string"}}],"inLanguage":"en-US"},{"@type":"Organization","@id":"https:\/\/www.cuchillalia.com\/#organization","name":"Cuchillalia","url":"https:\/\/www.cuchillalia.com\/","logo":{"@type":"ImageObject","inLanguage":"en-US","@id":"https:\/\/www.cuchillalia.com\/#\/schema\/logo\/image\/","url":"https:\/\/www.cuchillalia.com\/wordpress\/wp-content\/uploads\/2021\/03\/logo-cuchillalia-jpg.jpg","contentUrl":"https:\/\/www.cuchillalia.com\/wordpress\/wp-content\/uploads\/2021\/03\/logo-cuchillalia-jpg.jpg","width":276,"height":192,"caption":"Cuchillalia"},"image":{"@id":"https:\/\/www.cuchillalia.com\/#\/schema\/logo\/image\/"},"sameAs":["http:\/\/www.facebook.com\/cuchillalia","https:\/\/x.com\/Cuchillalia"]}]}},"_links":{"self":[{"href":"https:\/\/www.cuchillalia.com\/en\/wp-json\/wp\/v2\/product\/163779","targetHints":{"allow":["GET"]}}],"collection":[{"href":"https:\/\/www.cuchillalia.com\/en\/wp-json\/wp\/v2\/product"}],"about":[{"href":"https:\/\/www.cuchillalia.com\/en\/wp-json\/wp\/v2\/types\/product"}],"replies":[{"embeddable":true,"href":"https:\/\/www.cuchillalia.com\/en\/wp-json\/wp\/v2\/comments?post=163779"}],"wp:featuredmedia":[{"embeddable":true,"href":"https:\/\/www.cuchillalia.com\/en\/wp-json\/wp\/v2\/media\/163778"}],"wp:attachment":[{"href":"https:\/\/www.cuchillalia.com\/en\/wp-json\/wp\/v2\/media?parent=163779"}],"wp:term":[{"taxonomy":"product_brand","embeddable":true,"href":"https:\/\/www.cuchillalia.com\/en\/wp-json\/wp\/v2\/product_brand?post=163779"},{"taxonomy":"product_cat","embeddable":true,"href":"https:\/\/www.cuchillalia.com\/en\/wp-json\/wp\/v2\/product_cat?post=163779"},{"taxonomy":"product_tag","embeddable":true,"href":"https:\/\/www.cuchillalia.com\/en\/wp-json\/wp\/v2\/product_tag?post=163779"}],"curies":[{"name":"wp","href":"https:\/\/api.w.org\/{rel}","templated":true}]}}