{"id":163701,"date":"2022-09-21T15:40:57","date_gmt":"2022-09-21T13:40:57","guid":{"rendered":"https:\/\/www.cuchillalia.com\/?post_type=product&#038;p=163701"},"modified":"2025-12-13T18:42:57","modified_gmt":"2025-12-13T17:42:57","slug":"tijeras-peluqueria-esculpir-3-claveles-otake-12815","status":"publish","type":"product","link":"https:\/\/www.cuchillalia.com\/en\/producto\/tijeras-peluqueria-esculpir-3-claveles-otake-12815\/","title":{"rendered":"Tijeras de peluquer\u00eda para esculpir ES 30 de 6&#8243; &#8211; 3 Claveles Otake 12815"},"content":{"rendered":"<h2>Tabla de caracter\u00edsticas tijeras para esculpir 3 Claveles Otake<\/h2>\n<div class='tabla-caracteristicas'>\n<div class='fila'><span class='etiqueta'>Nombre comercial:<\/span><span class='valor'><strong>Otake ES 30 6&#8242;<\/strong><\/span><\/div>\n<div class='fila'><span class='etiqueta'>Fabricante:<\/span><span class='valor'>3 Claveles<\/span><\/div>\n<div class='fila'><span class='etiqueta'>Referencia del fabricante:<\/span><span class='valor'>12815<\/span><\/div>\n<div class='fila'><span class='etiqueta'>Tipo de hoja:<\/span><span class='valor'>Vaciado c\u00f3ncavo con filo navaja 40\u00ba<\/span><\/div>\n<div class='fila'><span class='etiqueta'>Acabado:<\/span><span class='valor'>Brillo<\/span><\/div>\n<div class='fila'><span class='etiqueta'>Dureza:<\/span><span class='valor'>HRc 62 Rockwell<\/span><\/div>\n<div class='fila'><span class='etiqueta'>Tipo de mango:<\/span><span class='valor'>Con silenciador y apoyadedos forjado fijo.<br \/>\nDise\u00f1o ergon\u00f3mico Offset.<\/span><\/div>\n<div class='fila'><span class='etiqueta'>Medidas:<\/span><span class='valor'>15 cm &#8211; 6&#8242;<\/span><\/div>\n<div class='fila'><span class='etiqueta'>Material:<\/span><span class='valor'>Acero inoxidable AISI 440 C<\/span><\/div>\n<div class='fila'><span class='etiqueta'>\u00bfEs apto para zurdos?:<\/span><span class='valor'>Solo para diestros<\/span><\/div>\n<div class='fila'><span class='etiqueta'>Producci\u00f3n:<\/span><span class='valor'>Forjadas en caliente<\/span><\/div>\n<div class='fila'><span class='etiqueta'>Presentaci\u00f3n del producto:<\/span><span class='valor'>Elegante caja para regalo<\/span><\/div>\n<div class='fila'><span class='etiqueta'>\u00bfTiene tornillo de apriete?:<\/span><span class='valor'>Si, para un f\u00e1cil ajuste de la tensi\u00f3n.<\/span><\/div>\n<div class='fila'><span class='etiqueta'>\u00bfDonde se fabrica?:<\/span><span class='valor'>Espa\u00f1a<\/span><\/div>\n<div class='fila'><span class='etiqueta'>C\u00f3digo de barras (GTIN):<\/span><span class='valor'>8410990128158<\/span><\/div>\n<div class='fila'><span class='etiqueta'>Observaciones:<\/span><span class='valor'>&#8211; Modelo de tijeras para esculpir, con 30 dientes.<br \/>\n&#8211; El filo de las tijeras es de tipo navaja a 40\u00ba, filo para desfilar y texturizar.<br \/>\n&#8211; Tijeras forjadas en acero inoxidable con un templado que aporta una dureza extrema de HRc 62 para una m\u00e1xima duraci\u00f3n del filo.<br \/>\n&#8211; Gracias a su vaciado &#8216;c\u00f3ncavo&#8217;, m\u00e1s agudo, se consigue un corte m\u00e1s preciso y con menor esfuerzo.<br \/>\n&#8211; Dedales ergon\u00f3micos y apoyadedos forjado que permiten trabajar c\u00f3modamente.<br \/>\n&#8211; Dise\u00f1o ergon\u00f3mico Offset para un trabajo sin fatigas con el codo m\u00e1s bajo cerca del cuerpo.<br \/>\n&#8211; Con tornillo regulable, con su tensor y auto stop (con clic) que permite aflojar las hojas sin necesidad de perder el ajuste de la medialuna.<br \/>\n&#8211; Tope con silenciador de goma.<\/span><\/div>\n<\/div>\n","protected":false},"excerpt":{"rendered":"<p><strong>Tijeras de peluquero para esculpir <\/strong><strong>3 Claveles Otake ES 30<\/strong>, de 6&#8243;, vaciado c\u00f3ncavo, con filo navaja a 40\u00ba, tornillo regulable. Fabricadas en Espa\u00f1a.&hellip; <a class=\"kt-excerpt-readmore more-link\" href=\"https:\/\/www.cuchillalia.com\/en\/producto\/tijeras-peluqueria-esculpir-3-claveles-otake-12815\/\" aria-label=\"Tijeras de peluquer\u00eda para esculpir ES 30 de 6&#8243; &#8211; 3 Claveles Otake 12815\">Read More<\/a><\/p>\n","protected":false},"featured_media":163708,"comment_status":"open","ping_status":"closed","template":"","meta":[],"product_brand":[],"product_cat":[8336,8335],"product_tag":[],"class_list":{"0":"post-163701","1":"product","2":"type-product","3":"status-publish","4":"has-post-thumbnail","6":"product_cat-esculpir-entresacar","7":"product_cat-tijeras-de-peluqueria-3-claveles","9":"first","10":"instock","11":"taxable","12":"shipping-taxable","13":"purchasable","14":"product-type-simple"},"yoast_head":"<!-- This site is optimized with the Yoast SEO plugin v27.5 - https:\/\/yoast.com\/product\/yoast-seo-wordpress\/ -->\n<title>Tijeras de peluquer\u00eda esculpir | 3 Claveles Otake ES 30 | Cuchillalia.com<\/title>\n<meta name=\"description\" content=\"Tijeras de peluquer\u00eda para esculpir 3 Claveles Otake 12815, de 6&quot;, filo navaja a 40\u00ba, con tornillo regulable. Fabricadas en Espa\u00f1a.\" \/>\n<meta name=\"robots\" content=\"index, follow, max-snippet:-1, max-image-preview:large, max-video-preview:-1\" \/>\n<link rel=\"canonical\" href=\"https:\/\/www.cuchillalia.com\/producto\/tijeras-peluqueria-esculpir-3-claveles-otake-12815\/\" \/>\n<meta property=\"og:locale\" content=\"en_US\" \/>\n<meta property=\"og:type\" content=\"article\" \/>\n<meta property=\"og:title\" content=\"Tijeras de peluquer\u00eda esculpir | 3 Claveles Otake ES 30 | Cuchillalia.com\" \/>\n<meta property=\"og:description\" content=\"Tijeras de peluquer\u00eda para esculpir 3 Claveles Otake 12815, de 6&quot;, filo navaja a 40\u00ba, con tornillo regulable. Fabricadas en Espa\u00f1a.\" \/>\n<meta property=\"og:url\" content=\"https:\/\/www.cuchillalia.com\/producto\/tijeras-peluqueria-esculpir-3-claveles-otake-12815\/\" \/>\n<meta property=\"og:site_name\" content=\"Cuchillalia.com\" \/>\n<meta property=\"article:publisher\" content=\"http:\/\/www.facebook.com\/cuchillalia\" \/>\n<meta property=\"article:modified_time\" content=\"2025-12-13T17:42:57+00:00\" \/>\n<meta property=\"og:image\" content=\"https:\/\/www.cuchillalia.com\/wordpress\/wp-content\/uploads\/2022\/09\/tijeras-peluqueria-esculpir-3-claveles-otake-12815.jpg\" \/>\n\t<meta property=\"og:image:width\" content=\"900\" \/>\n\t<meta property=\"og:image:height\" content=\"900\" \/>\n\t<meta property=\"og:image:type\" content=\"image\/jpeg\" \/>\n<meta name=\"twitter:card\" content=\"summary_large_image\" \/>\n<meta name=\"twitter:site\" content=\"@Cuchillalia\" \/>\n<meta name=\"twitter:label1\" content=\"Est. reading time\" \/>\n\t<meta name=\"twitter:data1\" content=\"1 minute\" \/>\n<!-- \/ Yoast SEO plugin. -->","yoast_head_json":{"title":"Tijeras de peluquer\u00eda esculpir | 3 Claveles Otake ES 30 | Cuchillalia.com","description":"Tijeras de peluquer\u00eda para esculpir 3 Claveles Otake 12815, de 6\", filo navaja a 40\u00ba, con tornillo regulable. Fabricadas en Espa\u00f1a.","robots":{"index":"index","follow":"follow","max-snippet":"max-snippet:-1","max-image-preview":"max-image-preview:large","max-video-preview":"max-video-preview:-1"},"canonical":"https:\/\/www.cuchillalia.com\/producto\/tijeras-peluqueria-esculpir-3-claveles-otake-12815\/","og_locale":"en_US","og_type":"article","og_title":"Tijeras de peluquer\u00eda esculpir | 3 Claveles Otake ES 30 | Cuchillalia.com","og_description":"Tijeras de peluquer\u00eda para esculpir 3 Claveles Otake 12815, de 6\", filo navaja a 40\u00ba, con tornillo regulable. Fabricadas en Espa\u00f1a.","og_url":"https:\/\/www.cuchillalia.com\/producto\/tijeras-peluqueria-esculpir-3-claveles-otake-12815\/","og_site_name":"Cuchillalia.com","article_publisher":"http:\/\/www.facebook.com\/cuchillalia","article_modified_time":"2025-12-13T17:42:57+00:00","og_image":[{"width":900,"height":900,"url":"https:\/\/www.cuchillalia.com\/wordpress\/wp-content\/uploads\/2022\/09\/tijeras-peluqueria-esculpir-3-claveles-otake-12815.jpg","type":"image\/jpeg"}],"twitter_card":"summary_large_image","twitter_site":"@Cuchillalia","twitter_misc":{"Est. reading time":"1 minute"},"schema":{"@context":"https:\/\/schema.org","@graph":[{"@type":"WebPage","@id":"https:\/\/www.cuchillalia.com\/producto\/tijeras-peluqueria-esculpir-3-claveles-otake-12815\/","url":"https:\/\/www.cuchillalia.com\/producto\/tijeras-peluqueria-esculpir-3-claveles-otake-12815\/","name":"Tijeras de peluquer\u00eda esculpir | 3 Claveles Otake ES 30 | Cuchillalia.com","isPartOf":{"@id":"https:\/\/www.cuchillalia.com\/#website"},"primaryImageOfPage":{"@id":"https:\/\/www.cuchillalia.com\/producto\/tijeras-peluqueria-esculpir-3-claveles-otake-12815\/#primaryimage"},"image":{"@id":"https:\/\/www.cuchillalia.com\/producto\/tijeras-peluqueria-esculpir-3-claveles-otake-12815\/#primaryimage"},"thumbnailUrl":"https:\/\/www.cuchillalia.com\/wordpress\/wp-content\/uploads\/2022\/09\/tijeras-peluqueria-esculpir-3-claveles-otake-12815.jpg","datePublished":"2022-09-21T13:40:57+00:00","dateModified":"2025-12-13T17:42:57+00:00","description":"Tijeras de peluquer\u00eda para esculpir 3 Claveles Otake 12815, de 6\", filo navaja a 40\u00ba, con tornillo regulable. Fabricadas en Espa\u00f1a.","breadcrumb":{"@id":"https:\/\/www.cuchillalia.com\/producto\/tijeras-peluqueria-esculpir-3-claveles-otake-12815\/#breadcrumb"},"inLanguage":"en-US","potentialAction":[{"@type":"ReadAction","target":["https:\/\/www.cuchillalia.com\/producto\/tijeras-peluqueria-esculpir-3-claveles-otake-12815\/"]}]},{"@type":"ImageObject","inLanguage":"en-US","@id":"https:\/\/www.cuchillalia.com\/producto\/tijeras-peluqueria-esculpir-3-claveles-otake-12815\/#primaryimage","url":"https:\/\/www.cuchillalia.com\/wordpress\/wp-content\/uploads\/2022\/09\/tijeras-peluqueria-esculpir-3-claveles-otake-12815.jpg","contentUrl":"https:\/\/www.cuchillalia.com\/wordpress\/wp-content\/uploads\/2022\/09\/tijeras-peluqueria-esculpir-3-claveles-otake-12815.jpg","width":900,"height":900,"caption":"Tijeras de peluquer\u00eda de esculpis de 6\" | 3 Claveles Otake 12815"},{"@type":"BreadcrumbList","@id":"https:\/\/www.cuchillalia.com\/producto\/tijeras-peluqueria-esculpir-3-claveles-otake-12815\/#breadcrumb","itemListElement":[{"@type":"ListItem","position":1,"name":"Cuchillalia","item":"https:\/\/www.cuchillalia.com\/en\/"},{"@type":"ListItem","position":2,"name":"Tienda","item":"https:\/\/www.cuchillalia.com\/tienda\/"},{"@type":"ListItem","position":3,"name":"Tijeras","item":"https:\/\/www.cuchillalia.com\/categoria\/tijeras\/"},{"@type":"ListItem","position":4,"name":"Tijeras de peluquer\u00eda","item":"https:\/\/www.cuchillalia.com\/categoria\/tijeras\/peluqueria\/"},{"@type":"ListItem","position":5,"name":"Tijeras de esculpir\/entresacar para peluquer\u00eda","item":"https:\/\/www.cuchillalia.com\/categoria\/tijeras\/peluqueria\/esculpir-entresacar\/"},{"@type":"ListItem","position":6,"name":"Tijeras de peluquer\u00eda para esculpir ES 30 de 6&#8243; &#8211; 3 Claveles Otake 12815"}]},{"@type":"WebSite","@id":"https:\/\/www.cuchillalia.com\/#website","url":"https:\/\/www.cuchillalia.com\/","name":"Cuchillalia.com","description":"","publisher":{"@id":"https:\/\/www.cuchillalia.com\/#organization"},"potentialAction":[{"@type":"SearchAction","target":{"@type":"EntryPoint","urlTemplate":"https:\/\/www.cuchillalia.com\/?s={search_term_string}"},"query-input":{"@type":"PropertyValueSpecification","valueRequired":true,"valueName":"search_term_string"}}],"inLanguage":"en-US"},{"@type":"Organization","@id":"https:\/\/www.cuchillalia.com\/#organization","name":"Cuchillalia","url":"https:\/\/www.cuchillalia.com\/","logo":{"@type":"ImageObject","inLanguage":"en-US","@id":"https:\/\/www.cuchillalia.com\/#\/schema\/logo\/image\/","url":"https:\/\/www.cuchillalia.com\/wordpress\/wp-content\/uploads\/2021\/03\/logo-cuchillalia-jpg.jpg","contentUrl":"https:\/\/www.cuchillalia.com\/wordpress\/wp-content\/uploads\/2021\/03\/logo-cuchillalia-jpg.jpg","width":276,"height":192,"caption":"Cuchillalia"},"image":{"@id":"https:\/\/www.cuchillalia.com\/#\/schema\/logo\/image\/"},"sameAs":["http:\/\/www.facebook.com\/cuchillalia","https:\/\/x.com\/Cuchillalia"]}]}},"_links":{"self":[{"href":"https:\/\/www.cuchillalia.com\/en\/wp-json\/wp\/v2\/product\/163701","targetHints":{"allow":["GET"]}}],"collection":[{"href":"https:\/\/www.cuchillalia.com\/en\/wp-json\/wp\/v2\/product"}],"about":[{"href":"https:\/\/www.cuchillalia.com\/en\/wp-json\/wp\/v2\/types\/product"}],"replies":[{"embeddable":true,"href":"https:\/\/www.cuchillalia.com\/en\/wp-json\/wp\/v2\/comments?post=163701"}],"wp:featuredmedia":[{"embeddable":true,"href":"https:\/\/www.cuchillalia.com\/en\/wp-json\/wp\/v2\/media\/163708"}],"wp:attachment":[{"href":"https:\/\/www.cuchillalia.com\/en\/wp-json\/wp\/v2\/media?parent=163701"}],"wp:term":[{"taxonomy":"product_brand","embeddable":true,"href":"https:\/\/www.cuchillalia.com\/en\/wp-json\/wp\/v2\/product_brand?post=163701"},{"taxonomy":"product_cat","embeddable":true,"href":"https:\/\/www.cuchillalia.com\/en\/wp-json\/wp\/v2\/product_cat?post=163701"},{"taxonomy":"product_tag","embeddable":true,"href":"https:\/\/www.cuchillalia.com\/en\/wp-json\/wp\/v2\/product_tag?post=163701"}],"curies":[{"name":"wp","href":"https:\/\/api.w.org\/{rel}","templated":true}]}}