{"id":163502,"date":"2022-09-15T00:13:40","date_gmt":"2022-09-14T22:13:40","guid":{"rendered":"https:\/\/www.cuchillalia.com\/?post_type=product&#038;p=163502"},"modified":"2025-07-03T21:22:51","modified_gmt":"2025-07-03T19:22:51","slug":"soporte-jamonero-afinox-s20-plegable","status":"publish","type":"product","link":"https:\/\/www.cuchillalia.com\/en\/producto\/soporte-jamonero-afinox-s20-plegable\/","title":{"rendered":"Soporte jamonero Afinox S20 plegable"},"content":{"rendered":"<p>\u00bfEres un amante del jam\u00f3n y buscas el soporte perfecto para tus cortes? \u00a1El Jamonero S20 de Afinox es una buena soluci\u00f3n!<\/p>\n<p>Fabricado completamente en acero inoxidable, este soporte jamonero es plegable, lo que lo convierte en la excelente opci\u00f3n para quienes necesitan movilidad y espacio en su cocina. Y adem\u00e1s, \u00a1es apto para lavavajillas!<\/p>\n<p>Este jamonero tiene una construcci\u00f3n robusta a partir de una chapa de acero de 5 mm de espesor, lo que lo hace pr\u00e1cticamente indestructible. El Jamonero S20 de Afinox es perfecto para el corte de jamones y paletillas, ofreciendo la seguridad y estabilidad necesarias para obtener cortes precisos y uniformes.<\/p>\n<p>Sus medidas de 60\u00d727.3\u00d721 cm en posici\u00f3n abierta y de 41.2\u00d727.3\u00d712.3 cm en posici\u00f3n cerrada hacen de este jamonero un soporte compacto y f\u00e1cil de transportar y almacenar. \u00a1No m\u00e1s preocupaciones por el espacio en tu cocina!<\/p>\n<p>El Jamonero S20 de Afinox es fabricado en Espa\u00f1a, asegurando su calidad y compromiso con el mercado local. Su peso de 7 kg es equilibrado y ofrece la estabilidad necesaria para cortar tu jam\u00f3n sin esfuerzo.<\/p>\n<p>\u00bfQu\u00e9 esperas para adquirir el Jamonero S20 de Afinox? Disfruta de un corte preciso y uniforme, movilidad y f\u00e1cil limpieza. \u00a1Haz de tus cortes de jam\u00f3n una experiencia \u00fanica con el Jamonero S20 de Afinox!<\/p>\n<h2>Tabla de caracter\u00edsticas jamonero Afinox S20<\/h2>\n<div class='tabla-caracteristicas'>\n<div class='fila'><span class='etiqueta'>Nombre comercial:<\/span><span class='valor'><strong>Jamonero S20<\/strong><\/span><\/div>\n<div class='fila'><span class='etiqueta'>Fabricante:<\/span><span class='valor'>Afinox<\/span><\/div>\n<div class='fila'><span class='etiqueta'>Referencia del fabricante:<\/span><span class='valor'>S20<\/span><\/div>\n<div class='fila'><span class='etiqueta'>Medidas:<\/span><span class='valor'>Abierto:     60&#215;27.3&#215;21 cm<br \/>\nCerrado:     41.2&#215;27.3&#215;12.3 cm<br \/>\n(Largo x Ancho x Alto)<\/span><\/div>\n<div class='fila'><span class='etiqueta'>Material:<\/span><span class='valor'>Acero inoxidable<\/span><\/div>\n<div class='fila'><span class='etiqueta'>Peso del producto:<\/span><span class='valor'>7000 g<\/span><\/div>\n<div class='fila'><span class='etiqueta'>\u00bfEs apto para el lavavajillas?:<\/span><span class='valor'>Si<\/span><\/div>\n<div class='fila'><span class='etiqueta'>\u00bfDonde se fabrica?:<\/span><span class='valor'>Espa\u00f1a<\/span><\/div>\n<div class='fila'><span class='etiqueta'>Observaciones:<\/span><span class='valor'>&#8211; Al ser fabricado enteramente en acero inoxidable, es apto para lavar en lavavajillas.<br \/>\n&#8211; F\u00e1cil de transportar al ser plegable.<br \/>\n&#8211; Fabricado a partir de una chapa de acero de 5 mm de espesor. Pr\u00e1cticamente indestructible.<br \/>\n&#8211; Para corte de jamones y paletillas.<br \/>\n&#8211; Se incluye balleta especial para limpiar superficies met\u00e1licas (usar siempre en h\u00famedo).<\/span><\/div>\n<\/div>\n<h2>Otros accesorios para cortar jam\u00f3n<\/h2>\n<p>Si necesitas m\u00e1s herramientas para cortar un jam\u00f3n, no dudes en pasarte por nuestra secci\u00f3n de <a href='https:\/\/www.cuchillalia.com\/categoria\/cuchillos\/jamoneros\/'><strong>cuchillos jamoneros<\/strong><\/a> o de <a href='https:\/\/www.cuchillalia.com\/categoria\/accesorios-cuchillos\/pinzas-jamon-pescado-emplatar\/'><strong>pinzas para el jam\u00f3n<\/strong><\/a>. Adem\u00e1s, puedes consultar otros jamoneros <a href='https:\/\/www.cuchillalia.com\/categoria\/marcas\/afinox\/'><strong>Afinox<\/strong><\/a>, o nuestra secci\u00f3n de <a href='https:\/\/www.cuchillalia.com\/categoria\/accesorios-cuchillos\/soportes-jamoneros\/'><strong>soportes jamoneros<\/strong><\/a> de otros fabricantes como 3 Claveles o Arcos.<\/p>\n","protected":false},"excerpt":{"rendered":"<p><strong>Soporte jamonero Afinox S20<\/strong> completamente fabricado en acero inoxidable, plegable y admite lavavajillas.&hellip; <a class=\"kt-excerpt-readmore more-link\" href=\"https:\/\/www.cuchillalia.com\/en\/producto\/soporte-jamonero-afinox-s20-plegable\/\" aria-label=\"Soporte jamonero Afinox S20 plegable\">Read More<\/a><\/p>\n","protected":false},"featured_media":163513,"comment_status":"open","ping_status":"closed","template":"","meta":[],"product_brand":[],"product_cat":[14797,8323],"product_tag":[],"class_list":{"0":"post-163502","1":"product","2":"type-product","3":"status-publish","4":"has-post-thumbnail","6":"product_cat-s20","7":"product_cat-soportes-jamoneros","9":"first","10":"instock","11":"taxable","12":"shipping-taxable","13":"purchasable","14":"product-type-simple"},"yoast_head":"<!-- This site is optimized with the Yoast SEO plugin v27.5 - https:\/\/yoast.com\/product\/yoast-seo-wordpress\/ -->\n<title>Afinox S20 Soporte jamonero plegable acero inoxidable | Cuchillalia.com<\/title>\n<meta name=\"description\" content=\"Soporte Jamonero Afinox S20 fabricado en acero inoxidable, plegable, admite lavavajillas, con dise\u00f1o minimalista. Para jamones y paletillas.\" \/>\n<meta name=\"robots\" content=\"index, follow, max-snippet:-1, max-image-preview:large, max-video-preview:-1\" \/>\n<link rel=\"canonical\" href=\"https:\/\/www.cuchillalia.com\/producto\/soporte-jamonero-afinox-s20-plegable\/\" \/>\n<meta property=\"og:locale\" content=\"en_US\" \/>\n<meta property=\"og:type\" content=\"article\" \/>\n<meta property=\"og:title\" content=\"Afinox S20 Soporte jamonero plegable acero inoxidable | Cuchillalia.com\" \/>\n<meta property=\"og:description\" content=\"Soporte Jamonero Afinox S20 fabricado en acero inoxidable, plegable, admite lavavajillas, con dise\u00f1o minimalista. Para jamones y paletillas.\" \/>\n<meta property=\"og:url\" content=\"https:\/\/www.cuchillalia.com\/producto\/soporte-jamonero-afinox-s20-plegable\/\" \/>\n<meta property=\"og:site_name\" content=\"Cuchillalia.com\" \/>\n<meta property=\"article:publisher\" content=\"http:\/\/www.facebook.com\/cuchillalia\" \/>\n<meta property=\"article:modified_time\" content=\"2025-07-03T19:22:51+00:00\" \/>\n<meta property=\"og:image\" content=\"https:\/\/www.cuchillalia.com\/wordpress\/wp-content\/uploads\/2022\/09\/jamonero-afinox-s20-abierto.jpg\" \/>\n\t<meta property=\"og:image:width\" content=\"1000\" \/>\n\t<meta property=\"og:image:height\" content=\"1000\" \/>\n\t<meta property=\"og:image:type\" content=\"image\/jpeg\" \/>\n<meta name=\"twitter:card\" content=\"summary_large_image\" \/>\n<meta name=\"twitter:site\" content=\"@Cuchillalia\" \/>\n<meta name=\"twitter:label1\" content=\"Est. reading time\" \/>\n\t<meta name=\"twitter:data1\" content=\"2 minutes\" \/>\n<!-- \/ Yoast SEO plugin. -->","yoast_head_json":{"title":"Afinox S20 Soporte jamonero plegable acero inoxidable | Cuchillalia.com","description":"Soporte Jamonero Afinox S20 fabricado en acero inoxidable, plegable, admite lavavajillas, con dise\u00f1o minimalista. Para jamones y paletillas.","robots":{"index":"index","follow":"follow","max-snippet":"max-snippet:-1","max-image-preview":"max-image-preview:large","max-video-preview":"max-video-preview:-1"},"canonical":"https:\/\/www.cuchillalia.com\/producto\/soporte-jamonero-afinox-s20-plegable\/","og_locale":"en_US","og_type":"article","og_title":"Afinox S20 Soporte jamonero plegable acero inoxidable | Cuchillalia.com","og_description":"Soporte Jamonero Afinox S20 fabricado en acero inoxidable, plegable, admite lavavajillas, con dise\u00f1o minimalista. Para jamones y paletillas.","og_url":"https:\/\/www.cuchillalia.com\/producto\/soporte-jamonero-afinox-s20-plegable\/","og_site_name":"Cuchillalia.com","article_publisher":"http:\/\/www.facebook.com\/cuchillalia","article_modified_time":"2025-07-03T19:22:51+00:00","og_image":[{"width":1000,"height":1000,"url":"https:\/\/www.cuchillalia.com\/wordpress\/wp-content\/uploads\/2022\/09\/jamonero-afinox-s20-abierto.jpg","type":"image\/jpeg"}],"twitter_card":"summary_large_image","twitter_site":"@Cuchillalia","twitter_misc":{"Est. reading time":"2 minutes"},"schema":{"@context":"https:\/\/schema.org","@graph":[{"@type":"WebPage","@id":"https:\/\/www.cuchillalia.com\/producto\/soporte-jamonero-afinox-s20-plegable\/","url":"https:\/\/www.cuchillalia.com\/producto\/soporte-jamonero-afinox-s20-plegable\/","name":"Afinox S20 Soporte jamonero plegable acero inoxidable | Cuchillalia.com","isPartOf":{"@id":"https:\/\/www.cuchillalia.com\/#website"},"primaryImageOfPage":{"@id":"https:\/\/www.cuchillalia.com\/producto\/soporte-jamonero-afinox-s20-plegable\/#primaryimage"},"image":{"@id":"https:\/\/www.cuchillalia.com\/producto\/soporte-jamonero-afinox-s20-plegable\/#primaryimage"},"thumbnailUrl":"https:\/\/www.cuchillalia.com\/wordpress\/wp-content\/uploads\/2022\/09\/jamonero-afinox-s20-abierto.jpg","datePublished":"2022-09-14T22:13:40+00:00","dateModified":"2025-07-03T19:22:51+00:00","description":"Soporte Jamonero Afinox S20 fabricado en acero inoxidable, plegable, admite lavavajillas, con dise\u00f1o minimalista. Para jamones y paletillas.","breadcrumb":{"@id":"https:\/\/www.cuchillalia.com\/producto\/soporte-jamonero-afinox-s20-plegable\/#breadcrumb"},"inLanguage":"en-US","potentialAction":[{"@type":"ReadAction","target":["https:\/\/www.cuchillalia.com\/producto\/soporte-jamonero-afinox-s20-plegable\/"]}]},{"@type":"ImageObject","inLanguage":"en-US","@id":"https:\/\/www.cuchillalia.com\/producto\/soporte-jamonero-afinox-s20-plegable\/#primaryimage","url":"https:\/\/www.cuchillalia.com\/wordpress\/wp-content\/uploads\/2022\/09\/jamonero-afinox-s20-abierto.jpg","contentUrl":"https:\/\/www.cuchillalia.com\/wordpress\/wp-content\/uploads\/2022\/09\/jamonero-afinox-s20-abierto.jpg","width":1000,"height":1000,"caption":"Soporte jamonero Afinox S20"},{"@type":"BreadcrumbList","@id":"https:\/\/www.cuchillalia.com\/producto\/soporte-jamonero-afinox-s20-plegable\/#breadcrumb","itemListElement":[{"@type":"ListItem","position":1,"name":"Cuchillalia","item":"https:\/\/www.cuchillalia.com\/en\/"},{"@type":"ListItem","position":2,"name":"Tienda","item":"https:\/\/www.cuchillalia.com\/tienda\/"},{"@type":"ListItem","position":3,"name":"Marcas","item":"https:\/\/www.cuchillalia.com\/categoria\/marcas\/"},{"@type":"ListItem","position":4,"name":"Soportes jamoneros Afinox","item":"https:\/\/www.cuchillalia.com\/categoria\/marcas\/afinox\/"},{"@type":"ListItem","position":5,"name":"Serie S20","item":"https:\/\/www.cuchillalia.com\/categoria\/marcas\/afinox\/s20\/"},{"@type":"ListItem","position":6,"name":"Soporte jamonero Afinox S20 plegable"}]},{"@type":"WebSite","@id":"https:\/\/www.cuchillalia.com\/#website","url":"https:\/\/www.cuchillalia.com\/","name":"Cuchillalia.com","description":"","publisher":{"@id":"https:\/\/www.cuchillalia.com\/#organization"},"potentialAction":[{"@type":"SearchAction","target":{"@type":"EntryPoint","urlTemplate":"https:\/\/www.cuchillalia.com\/?s={search_term_string}"},"query-input":{"@type":"PropertyValueSpecification","valueRequired":true,"valueName":"search_term_string"}}],"inLanguage":"en-US"},{"@type":"Organization","@id":"https:\/\/www.cuchillalia.com\/#organization","name":"Cuchillalia","url":"https:\/\/www.cuchillalia.com\/","logo":{"@type":"ImageObject","inLanguage":"en-US","@id":"https:\/\/www.cuchillalia.com\/#\/schema\/logo\/image\/","url":"https:\/\/www.cuchillalia.com\/wordpress\/wp-content\/uploads\/2021\/03\/logo-cuchillalia-jpg.jpg","contentUrl":"https:\/\/www.cuchillalia.com\/wordpress\/wp-content\/uploads\/2021\/03\/logo-cuchillalia-jpg.jpg","width":276,"height":192,"caption":"Cuchillalia"},"image":{"@id":"https:\/\/www.cuchillalia.com\/#\/schema\/logo\/image\/"},"sameAs":["http:\/\/www.facebook.com\/cuchillalia","https:\/\/x.com\/Cuchillalia"]}]}},"_links":{"self":[{"href":"https:\/\/www.cuchillalia.com\/en\/wp-json\/wp\/v2\/product\/163502","targetHints":{"allow":["GET"]}}],"collection":[{"href":"https:\/\/www.cuchillalia.com\/en\/wp-json\/wp\/v2\/product"}],"about":[{"href":"https:\/\/www.cuchillalia.com\/en\/wp-json\/wp\/v2\/types\/product"}],"replies":[{"embeddable":true,"href":"https:\/\/www.cuchillalia.com\/en\/wp-json\/wp\/v2\/comments?post=163502"}],"wp:featuredmedia":[{"embeddable":true,"href":"https:\/\/www.cuchillalia.com\/en\/wp-json\/wp\/v2\/media\/163513"}],"wp:attachment":[{"href":"https:\/\/www.cuchillalia.com\/en\/wp-json\/wp\/v2\/media?parent=163502"}],"wp:term":[{"taxonomy":"product_brand","embeddable":true,"href":"https:\/\/www.cuchillalia.com\/en\/wp-json\/wp\/v2\/product_brand?post=163502"},{"taxonomy":"product_cat","embeddable":true,"href":"https:\/\/www.cuchillalia.com\/en\/wp-json\/wp\/v2\/product_cat?post=163502"},{"taxonomy":"product_tag","embeddable":true,"href":"https:\/\/www.cuchillalia.com\/en\/wp-json\/wp\/v2\/product_tag?post=163502"}],"curies":[{"name":"wp","href":"https:\/\/api.w.org\/{rel}","templated":true}]}}