{"id":161967,"date":"2022-07-13T21:21:01","date_gmt":"2022-07-13T19:21:01","guid":{"rendered":"https:\/\/www.cuchillalia.com\/?post_type=product&#038;p=161967"},"modified":"2026-03-20T12:45:00","modified_gmt":"2026-03-20T11:45:00","slug":"staub-cocotte-redonda-28-cm-cereza-40509-852","status":"publish","type":"product","link":"https:\/\/www.cuchillalia.com\/en\/producto\/staub-cocotte-redonda-28-cm-cereza-40509-852\/","title":{"rendered":"Staub &#8211; Cocotte redonda de 28 cm cereza de hierro fundido"},"content":{"rendered":"<p>La <strong>cocotte redonda de 28 cm<\/strong> de hierro fundido de <a href=\"https:\/\/www.cuchillalia.com\/categoria\/marcas\/staub\/\"><strong>Staub<\/strong><\/a> en <strong>color cereza<\/strong> es un utensilio de cocina de alta calidad y durabilidad. Con un di\u00e1metro de 28 cm y una altura de 18 cm, cuenta con asas ergon\u00f3micas para un f\u00e1cil manejo y una tapa ajustada que ayuda a ahorrar energ\u00eda al cocinar. El interior est\u00e1 recubierto con esmalte negro mate, lo que garantiza una <strong>distribuci\u00f3n uniforme del calor<\/strong> y la tapa especial recoge la condensaci\u00f3n y la devuelve a los alimentos en forma de gotas para una cocci\u00f3n uniforme. Con una capacidad de 6,7 litros, es ideal para guisar, preparar estofados y goulash.<\/p>\n<p>La cocotte es adecuada <strong>para todo tipo de cocinas, incluyendo las de inducci\u00f3n y se puede usar en el horno, congelador y lavavajillas<\/strong>. Tambi\u00e9n es resistente a altas temperaturas de hasta 260 grados Celsius. El esmalte negro mate del interior es ideal para cocinar a fuego lento y es especialmente duradero y resistente a los ara\u00f1azos y \u00e1cidos.<\/p>\n<p>La <strong>cocotte de Staub<\/strong> es un utensilio de cocina vers\u00e1til que puede usarse para una variedad de preparaciones de alimentos, desde asar y cocinar lentamente carnes y verduras hasta hornear pan y servir ponche. Es una herramienta popular entre chefs y cocineros caseros debido a su capacidad para mejorar el sabor y la textura de los alimentos cocidos. Adem\u00e1s, debido a la distribuci\u00f3n uniforme del calor, no se necesita un control constante de la cocci\u00f3n, lo que la hace ideal para preparar platos saludables y deliciosos para toda la familia. Esta cocotte de Staub es una adici\u00f3n imprescindible a cualquier cocina.<\/p>\n<p><span style=\"color: inherit; font-family: inherit; font-size: 32px; font-weight: bold;\">Tabla de caracter\u00edsticas cocotte de 28 cm Staub cereza<\/span><\/p>\n<div class='content-column one_fourth'><div style=\"padding:\u201c0;\">Fabricante:<\/div><\/div> <div class='content-column three_fourth last_column'><div style=\"padding:\u201c0;\">Staub<\/div><\/div><div class='clear_column'><\/div> <div class='content-column one_fourth'><div style=\"padding:\u201c0;\">Referencia del fabricante:<\/div><\/div> <div class='content-column three_fourth last_column'><div style=\"padding:\u201c0;\"><strong>40509-852<\/strong><\/div><\/div><div class='clear_column'><\/div> <div class='content-column one_fourth'><div style=\"padding:\u201c0;\">Di\u00e1metro:<\/div><\/div> <div class='content-column three_fourth last_column'><div style=\"padding:\u201c0;\">28 cm<\/div><\/div><div class='clear_column'><\/div> <div class='content-column one_fourth'><div style=\"padding:\u201c0;\">Altura:<\/div><\/div> <div class='content-column three_fourth last_column'><div style=\"padding:\u201c0;\">Sin tapa: 13,2 cm<br \/>\nCon tapa: 18,2 cm<\/div><\/div><div class='clear_column'><\/div> <div class='content-column one_fourth'><div style=\"padding:\u201c0;\">Di\u00e1metro de la base:<\/div><\/div> <div class='content-column three_fourth last_column'><div style=\"padding:\u201c0;\">23,7 cm<\/div><\/div><div class='clear_column'><\/div> <div class='content-column one_fourth'><div style=\"padding:\u201c0;\">Material:<\/div><\/div> <div class='content-column three_fourth last_column'><div style=\"padding:\u201c0;\">Hierro fundido con recubrimiento esmaltado<\/div><\/div><div class='clear_column'><\/div> <div class='content-column one_fourth'><div style=\"padding:\u201c0;\">Capacidad:<\/div><\/div> <div class='content-column three_fourth last_column'><div style=\"padding:\u201c0;\">6,7 litros<\/div><\/div><div class='clear_column'><\/div> <div class='content-column one_fourth'><div style=\"padding:\u201c0;\">\u00bfAdmite inducci\u00f3n?:<\/div><\/div> <div class='content-column three_fourth last_column'><div style=\"padding:\u201c0;\">Si<\/div><\/div><div class='clear_column'><\/div> <div class='content-column one_fourth'><div style=\"padding:\u201c0;\">\u00bfAdmite horno?:<\/div><\/div> <div class='content-column three_fourth last_column'><div style=\"padding:\u201c0;\">Si (M\u00e1ximo 240 \u00baC)<\/div><\/div><div class='clear_column'><\/div> <div class='content-column one_fourth'><div style=\"padding:\u201c0;\">\u00bfIncluye tapa?:<\/div><\/div> <div class='content-column three_fourth last_column'><div style=\"padding:\u201c0;\">Si<\/div><\/div><div class='clear_column'><\/div> <div class='content-column one_fourth'><div style=\"padding:\u201c0;\">Producci\u00f3n:<\/div><\/div> <div class='content-column three_fourth last_column'><div style=\"padding:\u201c0;\">Fundido<\/div><\/div><div class='clear_column'><\/div> <div class='content-column one_fourth'><div style=\"padding:\u201c0;\">\u00bfApto para el lavavajillas?:<\/div><\/div> <div class='content-column three_fourth last_column'><div style=\"padding:\u201c0;\">Si<\/div><\/div><div class='clear_column'><\/div> <div class='content-column one_fourth'><div style=\"padding:\u201c0;\">Fabricado en:<\/div><\/div> <div class='content-column three_fourth last_column'><div style=\"padding:\u201c0;\">Francia<\/div><\/div><div class='clear_column'><\/div> <div class='content-column one_fourth'><div style=\"padding:\u201c0;\">Peso:<\/div><\/div> <div class='content-column three_fourth last_column'><div style=\"padding:\u201c0;\">7,70 kg<\/div><\/div><div class='clear_column'><\/div> <div class='content-column one_fourth'><div style=\"padding:\u201c0;\">C\u00f3digo de barras (GTIN \/ EAN-13):<\/div><\/div> <div class='content-column three_fourth last_column'><div style=\"padding:\u201c0;\">3272341028068<\/div><\/div><div class='clear_column'><\/div> <div class='content-column one_fourth'><div style=\"padding:\u201c0;\">Observaciones:<\/div><\/div> <div class='content-column three_fourth last_column'><div style=\"padding:\u201c0;\">&#8211; Se puede usar para congelar directamente. Apta para el congelador.<\/div><\/div><div class='clear_column'><\/div>\n","protected":false},"excerpt":{"rendered":"<p><strong>Cocotte Staub<\/strong> redonda de <strong>28 cm<\/strong>, en color <strong>cereza<\/strong>, fabricada en hierro colado esmaltado en Francia, con tapa incluida. Apta para cualquier tipo de fuente de calor, incluida inducci\u00f3n. Tambi\u00e9n se puede usar en el horno, y es apta para limpiar en lavavajillas.&hellip; <a class=\"kt-excerpt-readmore more-link\" href=\"https:\/\/www.cuchillalia.com\/en\/producto\/staub-cocotte-redonda-28-cm-cereza-40509-852\/\" aria-label=\"Staub &#8211; Cocotte redonda de 28 cm cereza de hierro fundido\">Read More<\/a><\/p>\n","protected":false},"featured_media":161971,"comment_status":"open","ping_status":"closed","template":"","meta":[],"product_brand":[],"product_cat":[15126,14415],"product_tag":[],"class_list":{"0":"post-161967","1":"product","2":"type-product","3":"status-publish","4":"has-post-thumbnail","6":"product_cat-cocottes","7":"product_cat-staub","9":"first","10":"instock","11":"taxable","12":"shipping-taxable","13":"purchasable","14":"product-type-simple"},"yoast_head":"<!-- This site is optimized with the Yoast SEO plugin v27.5 - https:\/\/yoast.com\/product\/yoast-seo-wordpress\/ -->\n<title>Cocotte Staub de 28 cm color cereza de hierro colado | Cuchillalia.com<\/title>\n<meta name=\"robots\" content=\"index, follow, max-snippet:-1, max-image-preview:large, max-video-preview:-1\" \/>\n<link rel=\"canonical\" href=\"https:\/\/www.cuchillalia.com\/producto\/staub-cocotte-redonda-28-cm-cereza-40509-852\/\" \/>\n<meta property=\"og:locale\" content=\"en_US\" \/>\n<meta property=\"og:type\" content=\"article\" \/>\n<meta property=\"og:title\" content=\"Cocotte Staub de 28 cm color cereza de hierro colado | Cuchillalia.com\" \/>\n<meta property=\"og:description\" content=\"Cocotte Staub redonda de 28 cm, en color cereza, fabricada en hierro colado esmaltado en Francia, con tapa incluida. Apta para cualquier tipo de fuente de calor, incluida inducci\u00f3n. Tambi\u00e9n se puede usar en el horno, y es apta para limpiar en lavavajillas.&hellip; Read More\" \/>\n<meta property=\"og:url\" content=\"https:\/\/www.cuchillalia.com\/producto\/staub-cocotte-redonda-28-cm-cereza-40509-852\/\" \/>\n<meta property=\"og:site_name\" content=\"Cuchillalia.com\" \/>\n<meta property=\"article:publisher\" content=\"http:\/\/www.facebook.com\/cuchillalia\" \/>\n<meta property=\"article:modified_time\" content=\"2026-03-20T11:45:00+00:00\" \/>\n<meta property=\"og:image\" content=\"https:\/\/www.cuchillalia.com\/wordpress\/wp-content\/uploads\/2022\/07\/cocotte-28-cm-redonda-cereza-staub-40509-852.jpg\" \/>\n\t<meta property=\"og:image:width\" content=\"1600\" \/>\n\t<meta property=\"og:image:height\" content=\"1600\" \/>\n\t<meta property=\"og:image:type\" content=\"image\/jpeg\" \/>\n<meta name=\"twitter:card\" content=\"summary_large_image\" \/>\n<meta name=\"twitter:site\" content=\"@Cuchillalia\" \/>\n<meta name=\"twitter:label1\" content=\"Est. reading time\" \/>\n\t<meta name=\"twitter:data1\" content=\"3 minutes\" \/>\n<!-- \/ Yoast SEO plugin. -->","yoast_head_json":{"title":"Cocotte Staub de 28 cm color cereza de hierro colado | Cuchillalia.com","robots":{"index":"index","follow":"follow","max-snippet":"max-snippet:-1","max-image-preview":"max-image-preview:large","max-video-preview":"max-video-preview:-1"},"canonical":"https:\/\/www.cuchillalia.com\/producto\/staub-cocotte-redonda-28-cm-cereza-40509-852\/","og_locale":"en_US","og_type":"article","og_title":"Cocotte Staub de 28 cm color cereza de hierro colado | Cuchillalia.com","og_description":"Cocotte Staub redonda de 28 cm, en color cereza, fabricada en hierro colado esmaltado en Francia, con tapa incluida. Apta para cualquier tipo de fuente de calor, incluida inducci\u00f3n. Tambi\u00e9n se puede usar en el horno, y es apta para limpiar en lavavajillas.&hellip; Read More","og_url":"https:\/\/www.cuchillalia.com\/producto\/staub-cocotte-redonda-28-cm-cereza-40509-852\/","og_site_name":"Cuchillalia.com","article_publisher":"http:\/\/www.facebook.com\/cuchillalia","article_modified_time":"2026-03-20T11:45:00+00:00","og_image":[{"width":1600,"height":1600,"url":"https:\/\/www.cuchillalia.com\/wordpress\/wp-content\/uploads\/2022\/07\/cocotte-28-cm-redonda-cereza-staub-40509-852.jpg","type":"image\/jpeg"}],"twitter_card":"summary_large_image","twitter_site":"@Cuchillalia","twitter_misc":{"Est. reading time":"3 minutes"},"schema":{"@context":"https:\/\/schema.org","@graph":[{"@type":"WebPage","@id":"https:\/\/www.cuchillalia.com\/producto\/staub-cocotte-redonda-28-cm-cereza-40509-852\/","url":"https:\/\/www.cuchillalia.com\/producto\/staub-cocotte-redonda-28-cm-cereza-40509-852\/","name":"Cocotte Staub de 28 cm color cereza de hierro colado | Cuchillalia.com","isPartOf":{"@id":"https:\/\/www.cuchillalia.com\/#website"},"primaryImageOfPage":{"@id":"https:\/\/www.cuchillalia.com\/producto\/staub-cocotte-redonda-28-cm-cereza-40509-852\/#primaryimage"},"image":{"@id":"https:\/\/www.cuchillalia.com\/producto\/staub-cocotte-redonda-28-cm-cereza-40509-852\/#primaryimage"},"thumbnailUrl":"https:\/\/www.cuchillalia.com\/wordpress\/wp-content\/uploads\/2022\/07\/cocotte-28-cm-redonda-cereza-staub-40509-852.jpg","datePublished":"2022-07-13T19:21:01+00:00","dateModified":"2026-03-20T11:45:00+00:00","breadcrumb":{"@id":"https:\/\/www.cuchillalia.com\/producto\/staub-cocotte-redonda-28-cm-cereza-40509-852\/#breadcrumb"},"inLanguage":"en-US","potentialAction":[{"@type":"ReadAction","target":["https:\/\/www.cuchillalia.com\/producto\/staub-cocotte-redonda-28-cm-cereza-40509-852\/"]}]},{"@type":"ImageObject","inLanguage":"en-US","@id":"https:\/\/www.cuchillalia.com\/producto\/staub-cocotte-redonda-28-cm-cereza-40509-852\/#primaryimage","url":"https:\/\/www.cuchillalia.com\/wordpress\/wp-content\/uploads\/2022\/07\/cocotte-28-cm-redonda-cereza-staub-40509-852.jpg","contentUrl":"https:\/\/www.cuchillalia.com\/wordpress\/wp-content\/uploads\/2022\/07\/cocotte-28-cm-redonda-cereza-staub-40509-852.jpg","width":1600,"height":1600,"caption":"Cocotte color cereza de 28 cm de Staub 40509-852 - Cuchillalia.com"},{"@type":"BreadcrumbList","@id":"https:\/\/www.cuchillalia.com\/producto\/staub-cocotte-redonda-28-cm-cereza-40509-852\/#breadcrumb","itemListElement":[{"@type":"ListItem","position":1,"name":"Cuchillalia","item":"https:\/\/www.cuchillalia.com\/en\/"},{"@type":"ListItem","position":2,"name":"Tienda","item":"https:\/\/www.cuchillalia.com\/tienda\/"},{"@type":"ListItem","position":3,"name":"Marcas","item":"https:\/\/www.cuchillalia.com\/categoria\/marcas\/"},{"@type":"ListItem","position":4,"name":"Staub","item":"https:\/\/www.cuchillalia.com\/categoria\/marcas\/staub\/"},{"@type":"ListItem","position":5,"name":"Staub &#8211; Cocotte redonda de 28 cm cereza de hierro fundido"}]},{"@type":"WebSite","@id":"https:\/\/www.cuchillalia.com\/#website","url":"https:\/\/www.cuchillalia.com\/","name":"Cuchillalia.com","description":"","publisher":{"@id":"https:\/\/www.cuchillalia.com\/#organization"},"potentialAction":[{"@type":"SearchAction","target":{"@type":"EntryPoint","urlTemplate":"https:\/\/www.cuchillalia.com\/?s={search_term_string}"},"query-input":{"@type":"PropertyValueSpecification","valueRequired":true,"valueName":"search_term_string"}}],"inLanguage":"en-US"},{"@type":"Organization","@id":"https:\/\/www.cuchillalia.com\/#organization","name":"Cuchillalia","url":"https:\/\/www.cuchillalia.com\/","logo":{"@type":"ImageObject","inLanguage":"en-US","@id":"https:\/\/www.cuchillalia.com\/#\/schema\/logo\/image\/","url":"https:\/\/www.cuchillalia.com\/wordpress\/wp-content\/uploads\/2021\/03\/logo-cuchillalia-jpg.jpg","contentUrl":"https:\/\/www.cuchillalia.com\/wordpress\/wp-content\/uploads\/2021\/03\/logo-cuchillalia-jpg.jpg","width":276,"height":192,"caption":"Cuchillalia"},"image":{"@id":"https:\/\/www.cuchillalia.com\/#\/schema\/logo\/image\/"},"sameAs":["http:\/\/www.facebook.com\/cuchillalia","https:\/\/x.com\/Cuchillalia"]}]}},"_links":{"self":[{"href":"https:\/\/www.cuchillalia.com\/en\/wp-json\/wp\/v2\/product\/161967","targetHints":{"allow":["GET"]}}],"collection":[{"href":"https:\/\/www.cuchillalia.com\/en\/wp-json\/wp\/v2\/product"}],"about":[{"href":"https:\/\/www.cuchillalia.com\/en\/wp-json\/wp\/v2\/types\/product"}],"replies":[{"embeddable":true,"href":"https:\/\/www.cuchillalia.com\/en\/wp-json\/wp\/v2\/comments?post=161967"}],"wp:featuredmedia":[{"embeddable":true,"href":"https:\/\/www.cuchillalia.com\/en\/wp-json\/wp\/v2\/media\/161971"}],"wp:attachment":[{"href":"https:\/\/www.cuchillalia.com\/en\/wp-json\/wp\/v2\/media?parent=161967"}],"wp:term":[{"taxonomy":"product_brand","embeddable":true,"href":"https:\/\/www.cuchillalia.com\/en\/wp-json\/wp\/v2\/product_brand?post=161967"},{"taxonomy":"product_cat","embeddable":true,"href":"https:\/\/www.cuchillalia.com\/en\/wp-json\/wp\/v2\/product_cat?post=161967"},{"taxonomy":"product_tag","embeddable":true,"href":"https:\/\/www.cuchillalia.com\/en\/wp-json\/wp\/v2\/product_tag?post=161967"}],"curies":[{"name":"wp","href":"https:\/\/api.w.org\/{rel}","templated":true}]}}