{"id":160536,"date":"2022-05-24T21:03:00","date_gmt":"2022-05-24T19:03:00","guid":{"rendered":"https:\/\/www.cuchillalia.com\/?post_type=product&#038;p=160536"},"modified":"2026-05-07T09:22:07","modified_gmt":"2026-05-07T07:22:07","slug":"sarten-24-cm-zwilling-pro-pan-ptfe-65129-240","status":"publish","type":"product","link":"https:\/\/www.cuchillalia.com\/en\/producto\/sarten-24-cm-zwilling-pro-pan-ptfe-65129-240\/","title":{"rendered":"Sart\u00e9n de 24 cm Zwilling PRO PAN PTFE 65129-240"},"content":{"rendered":"<h2>Tabla de caracter\u00edsticas sart\u00e9n con antiadherente de 24 cm Zwilling PRO<\/h2>\n<div class='tabla-caracteristicas'>\n<div class='fila'><span class='etiqueta'>Nombre comercial:<\/span><span class='valor'><strong>Zwilling PRO Sart\u00e9n 24 cm, 18\/10 acero inoxidable<\/strong><\/span><\/div>\n<div class='fila'><span class='etiqueta'>Fabricante:<\/span><span class='valor'>Zwilling<\/span><\/div>\n<div class='fila'><span class='etiqueta'>Referencia del fabricante:<\/span><span class='valor'>65129-240<\/span><\/div>\n<div class='fila'><span class='etiqueta'>Acabado:<\/span><span class='valor'>Superficie interior con antiadherente de 3 capas Duraslide\u00ae Ultra<\/span><\/div>\n<div class='fila'><span class='etiqueta'>Material del mango:<\/span><span class='valor'>Acero inoxidable<\/span><\/div>\n<div class='fila'><span class='etiqueta'>Tipo de mango:<\/span><span class='valor'>Mango fijo<\/span><\/div>\n<div class='fila'><span class='etiqueta'>Material:<\/span><span class='valor'>Acero inoxidable 18\/10<\/span><\/div>\n<div class='fila'><span class='etiqueta'>Peso del producto:<\/span><span class='valor'>1,13 kg<\/span><\/div>\n<div class='fila'><span class='etiqueta'>Di\u00e1metro:<\/span><span class='valor'>24 cm<\/span><\/div>\n<div class='fila'><span class='etiqueta'>Altura:<\/span><span class='valor'>7,7 cm (sin tapa)<\/span><\/div>\n<div class='fila'><span class='etiqueta'>Di\u00e1metro inferior:<\/span><span class='valor'>18 cm<\/span><\/div>\n<div class='fila'><span class='etiqueta'>\u00bfEs apto para inducci\u00f3n?:<\/span><span class='valor'>Si<\/span><\/div>\n<div class='fila'><span class='etiqueta'>\u00bfEs apto para horno?:<\/span><span class='valor'>Si (m\u00e1ximo 200\u00baC)<\/span><\/div>\n<div class='fila'><span class='etiqueta'>\u00bfEs apto para el lavavajillas?:<\/span><span class='valor'>Si<\/span><\/div>\n<div class='fila'><span class='etiqueta'>\u00bfIncluye tapa?:<\/span><span class='valor'>No<\/span><\/div>\n<div class='fila'><span class='etiqueta'>\u00bfDonde se fabrica?:<\/span><span class='valor'>Alemania<\/span><\/div>\n<div class='fila'><span class='etiqueta'>\u00bfQu\u00e9 garant\u00eda tiene?:<\/span><span class='valor'>3 a\u00f1os contra todo defecto de fabricaci\u00f3n, siempre que del producto se haga un uso racional para el cual ha sido fabricado.<\/span><\/div>\n<div class='fila'><span class='etiqueta'>C\u00f3digo de barras (GTIN):<\/span><span class='valor'>4009839530630<\/span><\/div>\n<\/div>\n<h3>Otras sartenes Zwilling PRO PAN PTFE<\/h3>\n<p>En esta serie Zwilling PRO PAN PTFE disponemos de los siguientes modelos:<\/p>\n<div class=\"woocommerce columns-4 outofstock\"><ul class=\"products kad_product_wrapper rowtight shopcolumn4 shopfullwidth init-isotope-intrinsic kt-show-rating  reinit-isotope\" data-nextselector=\".woocommerce-pagination a.next\" data-navselector=\".woocommerce-pagination\" data-itemselector=\".kad_product\" data-itemloadselector=\".kt_item_fade_in\" data-iso-selector=\".kad_product\" data-iso-style=\"fitRows\" data-iso-filter=\"true\">\n<li class=\"product type-product post-160536 status-publish first instock product_cat-sartenes product_cat-pro-menaje has-post-thumbnail taxable shipping-taxable purchasable product-type-simple col-xxl-2 col-xl-25 col-md-3 col-sm-4 col-xs-6 col-ss-6 sartenes pro-menaje kad_product\">\n\t<div class=\"grid_item product_item clearfix kt_item_fade_in\"><a href=\"https:\/\/www.cuchillalia.com\/en\/producto\/sarten-24-cm-zwilling-pro-pan-ptfe-65129-240\/\" class=\"product_item_link product_img_link\"><div class=\"kad-product-noflipper kt-product-hardcrop kt-product-intrinsic\" style=\"padding-bottom:100%;\"><div class=\"kt-product-animation-contain\"><img decoding=\"async\" src=\"https:\/\/www.cuchillalia.com\/wordpress\/wp-content\/uploads\/2022\/05\/sarten-antiadherente-24-cm-zwilling-pro-pan-ptfe-65129-240-300x300.jpg\" srcset=\"https:\/\/www.cuchillalia.com\/wordpress\/wp-content\/uploads\/2022\/05\/sarten-antiadherente-24-cm-zwilling-pro-pan-ptfe-65129-240-300x300.jpg 300w, https:\/\/www.cuchillalia.com\/wordpress\/wp-content\/uploads\/2022\/05\/sarten-antiadherente-24-cm-zwilling-pro-pan-ptfe-65129-240-1024x1024.jpg 1024w, https:\/\/www.cuchillalia.com\/wordpress\/wp-content\/uploads\/2022\/05\/sarten-antiadherente-24-cm-zwilling-pro-pan-ptfe-65129-240-150x150.jpg 150w, https:\/\/www.cuchillalia.com\/wordpress\/wp-content\/uploads\/2022\/05\/sarten-antiadherente-24-cm-zwilling-pro-pan-ptfe-65129-240-768x768.jpg 768w, https:\/\/www.cuchillalia.com\/wordpress\/wp-content\/uploads\/2022\/05\/sarten-antiadherente-24-cm-zwilling-pro-pan-ptfe-65129-240-1536x1536.jpg 1536w, https:\/\/www.cuchillalia.com\/wordpress\/wp-content\/uploads\/2022\/05\/sarten-antiadherente-24-cm-zwilling-pro-pan-ptfe-65129-240-2048x2048.jpg 2048w, https:\/\/www.cuchillalia.com\/wordpress\/wp-content\/uploads\/2022\/05\/sarten-antiadherente-24-cm-zwilling-pro-pan-ptfe-65129-240-200x200.jpg 200w, https:\/\/www.cuchillalia.com\/wordpress\/wp-content\/uploads\/2022\/05\/sarten-antiadherente-24-cm-zwilling-pro-pan-ptfe-65129-240-566x566.jpg 566w, https:\/\/www.cuchillalia.com\/wordpress\/wp-content\/uploads\/2022\/05\/sarten-antiadherente-24-cm-zwilling-pro-pan-ptfe-65129-240-100x100.jpg 100w, https:\/\/www.cuchillalia.com\/wordpress\/wp-content\/uploads\/2022\/05\/sarten-antiadherente-24-cm-zwilling-pro-pan-ptfe-65129-240-720x720.jpg 720w, https:\/\/www.cuchillalia.com\/wordpress\/wp-content\/uploads\/2022\/05\/sarten-antiadherente-24-cm-zwilling-pro-pan-ptfe-65129-240-360x360.jpg 360w, https:\/\/www.cuchillalia.com\/wordpress\/wp-content\/uploads\/2022\/05\/sarten-antiadherente-24-cm-zwilling-pro-pan-ptfe-65129-240-600x600.jpg 600w, https:\/\/www.cuchillalia.com\/wordpress\/wp-content\/uploads\/2022\/05\/sarten-antiadherente-24-cm-zwilling-pro-pan-ptfe-65129-240-800x800.jpg 800w, https:\/\/www.cuchillalia.com\/wordpress\/wp-content\/uploads\/2022\/05\/sarten-antiadherente-24-cm-zwilling-pro-pan-ptfe-65129-240-400x400.jpg 400w, https:\/\/www.cuchillalia.com\/wordpress\/wp-content\/uploads\/2022\/05\/sarten-antiadherente-24-cm-zwilling-pro-pan-ptfe-65129-240.jpg 1600w\" sizes=\"(max-width: 300px) 100vw, 300px\"  alt=\"Sart\u00e9n de 24 cm con antiadherente Zwilling PRO PAN PTFE - Cuchillalia.com\" width=\"300\" height=\"300\" class=\"attachment-shop_catalog wp-post-image size-300x300\"><\/div><\/div><\/a> \n\n\t<div class=\"details_product_item\"><div class=\"product_details\"><a href=\"https:\/\/www.cuchillalia.com\/en\/producto\/sarten-24-cm-zwilling-pro-pan-ptfe-65129-240\/\" class=\"product_item_link\"><h3 class=\"product_archive_title\">Sart\u00e9n de 24 cm Zwilling PRO PAN PTFE 65129-240<\/h3><\/a><\/div>\t\t\n\t<a href=\"https:\/\/www.cuchillalia.com\/en\/producto\/sarten-24-cm-zwilling-pro-pan-ptfe-65129-240\/\"><span class=\"kt-notrated\">not rated<\/span><\/a>\n\t<span class=\"price\"><span class=\"woocommerce-Price-amount amount\"><bdi>77,95<span class=\"woocommerce-Price-currencySymbol\">&euro;<\/span><\/bdi><\/span><\/span>\n<div class=\"clearfix\"><\/div><\/div>\n\t<div class=\"product_action_wrap\"><a href=\"\/en\/wp-json\/wp\/v2\/product\/160536?add-to-cart=160536\" aria-describedby=\"woocommerce_loop_add_to_cart_link_describedby_160536\" data-quantity=\"1\" class=\"button product_type_simple add_to_cart_button ajax_add_to_cart\" data-product_id=\"160536\" data-product_sku=\"ZW_65129-240\" aria-label=\"Add to cart: &ldquo;Sart\u00e9n de 24 cm Zwilling PRO PAN PTFE 65129-240&rdquo;\" rel=\"nofollow\" data-success_message=\"&ldquo;Sart\u00e9n de 24 cm Zwilling PRO PAN PTFE 65129-240&rdquo; has been added to your cart\" role=\"button\">Add to cart<\/a>\t<span id=\"woocommerce_loop_add_to_cart_link_describedby_160536\" class=\"screen-reader-text\">\n\t\t\t<\/span>\n\t\t\t<input type=\"hidden\" class=\"pmwProductId\" data-id=\"160536\">\n\t\t\t\t\t<script>\n\t\t\t(window.pmwDataLayer = window.pmwDataLayer || {}).products                = window.pmwDataLayer.products || {};\n\t\t\twindow.pmwDataLayer.products[160536] = {\"id\":\"160536\",\"sku\":\"ZW_65129-240\",\"price\":77.950000000000003,\"brand\":\"\",\"quantity\":1,\"dyn_r_ids\":{\"post_id\":\"160536\",\"sku\":\"ZW_65129-240\",\"gpf\":\"woocommerce_gpf_160536\",\"gla\":\"gla_160536\"},\"is_variable\":false,\"type\":\"simple\",\"name\":\"Sart\u00e9n de 24 cm Zwilling PRO PAN PTFE 65129-240\",\"category\":[\"Sartenes\",\"Zwilling PRO (Menaje)\"],\"is_variation\":false};\n\t\t\t\t\twindow.pmw_product_position = window.pmw_product_position || 1;\n\t\twindow.pmwDataLayer.products[160536]['position'] = window.pmw_product_position++;\n\t\t\t\t<\/script>\n\t\t<\/div><\/div><\/li><li class=\"product type-product post-160550 status-publish instock product_cat-sartenes product_cat-pro-menaje has-post-thumbnail taxable shipping-taxable purchasable product-type-simple col-xxl-2 col-xl-25 col-md-3 col-sm-4 col-xs-6 col-ss-6 sartenes pro-menaje kad_product\">\n\t<div class=\"grid_item product_item clearfix kt_item_fade_in\"><a href=\"https:\/\/www.cuchillalia.com\/en\/producto\/sarten-28-cm-zwilling-pro-pan-ptfe-65129-280\/\" class=\"product_item_link product_img_link\"><div class=\"kad-product-noflipper kt-product-hardcrop kt-product-intrinsic\" style=\"padding-bottom:100%;\"><div class=\"kt-product-animation-contain\"><img decoding=\"async\" src=\"https:\/\/www.cuchillalia.com\/wordpress\/wp-content\/uploads\/2022\/05\/sarten-antiadherente-28-cm-zwilling-pro-pan-ptfe-65129-280-300x300.jpg\" srcset=\"https:\/\/www.cuchillalia.com\/wordpress\/wp-content\/uploads\/2022\/05\/sarten-antiadherente-28-cm-zwilling-pro-pan-ptfe-65129-280-300x300.jpg 300w, https:\/\/www.cuchillalia.com\/wordpress\/wp-content\/uploads\/2022\/05\/sarten-antiadherente-28-cm-zwilling-pro-pan-ptfe-65129-280-1024x1024.jpg 1024w, https:\/\/www.cuchillalia.com\/wordpress\/wp-content\/uploads\/2022\/05\/sarten-antiadherente-28-cm-zwilling-pro-pan-ptfe-65129-280-150x150.jpg 150w, https:\/\/www.cuchillalia.com\/wordpress\/wp-content\/uploads\/2022\/05\/sarten-antiadherente-28-cm-zwilling-pro-pan-ptfe-65129-280-768x768.jpg 768w, https:\/\/www.cuchillalia.com\/wordpress\/wp-content\/uploads\/2022\/05\/sarten-antiadherente-28-cm-zwilling-pro-pan-ptfe-65129-280-1536x1536.jpg 1536w, https:\/\/www.cuchillalia.com\/wordpress\/wp-content\/uploads\/2022\/05\/sarten-antiadherente-28-cm-zwilling-pro-pan-ptfe-65129-280-2048x2048.jpg 2048w, https:\/\/www.cuchillalia.com\/wordpress\/wp-content\/uploads\/2022\/05\/sarten-antiadherente-28-cm-zwilling-pro-pan-ptfe-65129-280-200x200.jpg 200w, https:\/\/www.cuchillalia.com\/wordpress\/wp-content\/uploads\/2022\/05\/sarten-antiadherente-28-cm-zwilling-pro-pan-ptfe-65129-280-566x566.jpg 566w, https:\/\/www.cuchillalia.com\/wordpress\/wp-content\/uploads\/2022\/05\/sarten-antiadherente-28-cm-zwilling-pro-pan-ptfe-65129-280-100x100.jpg 100w, https:\/\/www.cuchillalia.com\/wordpress\/wp-content\/uploads\/2022\/05\/sarten-antiadherente-28-cm-zwilling-pro-pan-ptfe-65129-280-720x720.jpg 720w, https:\/\/www.cuchillalia.com\/wordpress\/wp-content\/uploads\/2022\/05\/sarten-antiadherente-28-cm-zwilling-pro-pan-ptfe-65129-280-360x360.jpg 360w, https:\/\/www.cuchillalia.com\/wordpress\/wp-content\/uploads\/2022\/05\/sarten-antiadherente-28-cm-zwilling-pro-pan-ptfe-65129-280-600x600.jpg 600w, https:\/\/www.cuchillalia.com\/wordpress\/wp-content\/uploads\/2022\/05\/sarten-antiadherente-28-cm-zwilling-pro-pan-ptfe-65129-280-800x800.jpg 800w, https:\/\/www.cuchillalia.com\/wordpress\/wp-content\/uploads\/2022\/05\/sarten-antiadherente-28-cm-zwilling-pro-pan-ptfe-65129-280-400x400.jpg 400w, https:\/\/www.cuchillalia.com\/wordpress\/wp-content\/uploads\/2022\/05\/sarten-antiadherente-28-cm-zwilling-pro-pan-ptfe-65129-280.jpg 1600w\" sizes=\"(max-width: 300px) 100vw, 300px\"  alt=\"Sart\u00e9n de 28 cm con antiadherente Zwilling PRO PAN PTFE - Cuchillalia.com\" width=\"300\" height=\"300\" class=\"attachment-shop_catalog wp-post-image size-300x300\"><\/div><\/div><\/a> \n\n\t<div class=\"details_product_item\"><div class=\"product_details\"><a href=\"https:\/\/www.cuchillalia.com\/en\/producto\/sarten-28-cm-zwilling-pro-pan-ptfe-65129-280\/\" class=\"product_item_link\"><h3 class=\"product_archive_title\">Sart\u00e9n de 28 cm Zwilling PRO PAN PTFE 65129-280<\/h3><\/a><\/div>\t\t\n\t<a href=\"https:\/\/www.cuchillalia.com\/en\/producto\/sarten-28-cm-zwilling-pro-pan-ptfe-65129-280\/\"><span class=\"kt-notrated\">not rated<\/span><\/a>\n\t<span class=\"price\"><span class=\"woocommerce-Price-amount amount\"><bdi>83,95<span class=\"woocommerce-Price-currencySymbol\">&euro;<\/span><\/bdi><\/span><\/span>\n<div class=\"clearfix\"><\/div><\/div>\n\t<div class=\"product_action_wrap\"><a href=\"\/en\/wp-json\/wp\/v2\/product\/160536?add-to-cart=160550\" aria-describedby=\"woocommerce_loop_add_to_cart_link_describedby_160550\" data-quantity=\"1\" class=\"button product_type_simple add_to_cart_button ajax_add_to_cart\" data-product_id=\"160550\" data-product_sku=\"ZW_65129-280\" aria-label=\"Add to cart: &ldquo;Sart\u00e9n de 28 cm Zwilling PRO PAN PTFE 65129-280&rdquo;\" rel=\"nofollow\" data-success_message=\"&ldquo;Sart\u00e9n de 28 cm Zwilling PRO PAN PTFE 65129-280&rdquo; has been added to your cart\" role=\"button\">Add to cart<\/a>\t<span id=\"woocommerce_loop_add_to_cart_link_describedby_160550\" class=\"screen-reader-text\">\n\t\t\t<\/span>\n\t\t\t<input type=\"hidden\" class=\"pmwProductId\" data-id=\"160550\">\n\t\t\t\t\t<script>\n\t\t\t(window.pmwDataLayer = window.pmwDataLayer || {}).products                = window.pmwDataLayer.products || {};\n\t\t\twindow.pmwDataLayer.products[160550] = {\"id\":\"160550\",\"sku\":\"ZW_65129-280\",\"price\":83.950000000000003,\"brand\":\"\",\"quantity\":1,\"dyn_r_ids\":{\"post_id\":\"160550\",\"sku\":\"ZW_65129-280\",\"gpf\":\"woocommerce_gpf_160550\",\"gla\":\"gla_160550\"},\"is_variable\":false,\"type\":\"simple\",\"name\":\"Sart\u00e9n de 28 cm Zwilling PRO PAN PTFE 65129-280\",\"category\":[\"Sartenes\",\"Zwilling PRO (Menaje)\"],\"is_variation\":false};\n\t\t\t\t\twindow.pmw_product_position = window.pmw_product_position || 1;\n\t\twindow.pmwDataLayer.products[160550]['position'] = window.pmw_product_position++;\n\t\t\t\t<\/script>\n\t\t<\/div><\/div><\/li><\/ul>\n<\/div>\n","protected":false},"excerpt":{"rendered":"<p><strong>Sart\u00e9n con antiadherente de 24 cm Zwilling PRO Pan PTFE<\/strong>, para cualquier tipo de fuente de calor, incluida inducci\u00f3n y horno. Apta para lavavajillas.&hellip; <a class=\"kt-excerpt-readmore more-link\" href=\"https:\/\/www.cuchillalia.com\/en\/producto\/sarten-24-cm-zwilling-pro-pan-ptfe-65129-240\/\" aria-label=\"Sart\u00e9n de 24 cm Zwilling PRO PAN PTFE 65129-240\">Read More<\/a><\/p>\n","protected":false},"featured_media":160548,"comment_status":"open","ping_status":"closed","template":"","meta":[],"product_brand":[],"product_cat":[8403,8860],"product_tag":[],"class_list":{"0":"post-160536","1":"product","2":"type-product","3":"status-publish","4":"has-post-thumbnail","6":"product_cat-sartenes","7":"product_cat-pro-menaje","9":"first","10":"instock","11":"taxable","12":"shipping-taxable","13":"purchasable","14":"product-type-simple"},"yoast_head":"<!-- This site is optimized with the Yoast SEO plugin v27.5 - https:\/\/yoast.com\/product\/yoast-seo-wordpress\/ -->\n<title>Sart\u00e9n antiadherente de 24 cm Zwilling PRO Pan PTFE | Cuchillalia.com<\/title>\n<meta name=\"robots\" content=\"index, follow, max-snippet:-1, max-image-preview:large, max-video-preview:-1\" \/>\n<link rel=\"canonical\" href=\"https:\/\/www.cuchillalia.com\/producto\/sarten-20-cm-zwilling-pro-pan-ptfe-65129-200\/\" \/>\n<meta property=\"og:locale\" content=\"en_US\" \/>\n<meta property=\"og:type\" content=\"article\" \/>\n<meta property=\"og:title\" content=\"Sart\u00e9n antiadherente de 24 cm Zwilling PRO Pan PTFE | Cuchillalia.com\" \/>\n<meta property=\"og:description\" content=\"Sart\u00e9n con antiadherente de 24 cm Zwilling PRO Pan PTFE, para cualquier tipo de fuente de calor, incluida inducci\u00f3n y horno. Apta para lavavajillas.&hellip; Read More\" \/>\n<meta property=\"og:url\" content=\"https:\/\/www.cuchillalia.com\/producto\/sarten-20-cm-zwilling-pro-pan-ptfe-65129-200\/\" \/>\n<meta property=\"og:site_name\" content=\"Cuchillalia.com\" \/>\n<meta property=\"article:publisher\" content=\"http:\/\/www.facebook.com\/cuchillalia\" \/>\n<meta property=\"article:modified_time\" content=\"2026-05-07T07:22:07+00:00\" \/>\n<meta property=\"og:image\" content=\"https:\/\/www.cuchillalia.com\/wordpress\/wp-content\/uploads\/2022\/05\/sarten-antiadherente-24-cm-zwilling-pro-pan-ptfe-65129-240.jpg\" \/>\n\t<meta property=\"og:image:width\" content=\"1600\" \/>\n\t<meta property=\"og:image:height\" content=\"1600\" \/>\n\t<meta property=\"og:image:type\" content=\"image\/jpeg\" \/>\n<meta name=\"twitter:card\" content=\"summary_large_image\" \/>\n<meta name=\"twitter:site\" content=\"@Cuchillalia\" \/>\n<meta name=\"twitter:label1\" content=\"Est. reading time\" \/>\n\t<meta name=\"twitter:data1\" content=\"2 minutes\" \/>\n<!-- \/ Yoast SEO plugin. -->","yoast_head_json":{"title":"Sart\u00e9n antiadherente de 24 cm Zwilling PRO Pan PTFE | Cuchillalia.com","robots":{"index":"index","follow":"follow","max-snippet":"max-snippet:-1","max-image-preview":"max-image-preview:large","max-video-preview":"max-video-preview:-1"},"canonical":"https:\/\/www.cuchillalia.com\/producto\/sarten-20-cm-zwilling-pro-pan-ptfe-65129-200\/","og_locale":"en_US","og_type":"article","og_title":"Sart\u00e9n antiadherente de 24 cm Zwilling PRO Pan PTFE | Cuchillalia.com","og_description":"Sart\u00e9n con antiadherente de 24 cm Zwilling PRO Pan PTFE, para cualquier tipo de fuente de calor, incluida inducci\u00f3n y horno. Apta para lavavajillas.&hellip; Read More","og_url":"https:\/\/www.cuchillalia.com\/producto\/sarten-20-cm-zwilling-pro-pan-ptfe-65129-200\/","og_site_name":"Cuchillalia.com","article_publisher":"http:\/\/www.facebook.com\/cuchillalia","article_modified_time":"2026-05-07T07:22:07+00:00","og_image":[{"width":1600,"height":1600,"url":"https:\/\/www.cuchillalia.com\/wordpress\/wp-content\/uploads\/2022\/05\/sarten-antiadherente-24-cm-zwilling-pro-pan-ptfe-65129-240.jpg","type":"image\/jpeg"}],"twitter_card":"summary_large_image","twitter_site":"@Cuchillalia","twitter_misc":{"Est. reading time":"2 minutes"},"schema":{"@context":"https:\/\/schema.org","@graph":[{"@type":"WebPage","@id":"https:\/\/www.cuchillalia.com\/producto\/sarten-24-cm-zwilling-pro-pan-ptfe-65129-240\/","url":"https:\/\/www.cuchillalia.com\/producto\/sarten-20-cm-zwilling-pro-pan-ptfe-65129-200\/","name":"Sart\u00e9n antiadherente de 24 cm Zwilling PRO Pan PTFE | Cuchillalia.com","isPartOf":{"@id":"https:\/\/www.cuchillalia.com\/#website"},"primaryImageOfPage":{"@id":"https:\/\/www.cuchillalia.com\/producto\/sarten-20-cm-zwilling-pro-pan-ptfe-65129-200\/#primaryimage"},"image":{"@id":"https:\/\/www.cuchillalia.com\/producto\/sarten-20-cm-zwilling-pro-pan-ptfe-65129-200\/#primaryimage"},"thumbnailUrl":"https:\/\/www.cuchillalia.com\/wordpress\/wp-content\/uploads\/2022\/05\/sarten-antiadherente-24-cm-zwilling-pro-pan-ptfe-65129-240.jpg","datePublished":"2022-05-24T19:03:00+00:00","dateModified":"2026-05-07T07:22:07+00:00","breadcrumb":{"@id":"https:\/\/www.cuchillalia.com\/producto\/sarten-20-cm-zwilling-pro-pan-ptfe-65129-200\/#breadcrumb"},"inLanguage":"en-US","potentialAction":[{"@type":"ReadAction","target":["https:\/\/www.cuchillalia.com\/producto\/sarten-20-cm-zwilling-pro-pan-ptfe-65129-200\/"]}]},{"@type":"ImageObject","inLanguage":"en-US","@id":"https:\/\/www.cuchillalia.com\/producto\/sarten-20-cm-zwilling-pro-pan-ptfe-65129-200\/#primaryimage","url":"https:\/\/www.cuchillalia.com\/wordpress\/wp-content\/uploads\/2022\/05\/sarten-antiadherente-24-cm-zwilling-pro-pan-ptfe-65129-240.jpg","contentUrl":"https:\/\/www.cuchillalia.com\/wordpress\/wp-content\/uploads\/2022\/05\/sarten-antiadherente-24-cm-zwilling-pro-pan-ptfe-65129-240.jpg","width":1600,"height":1600,"caption":"Sart\u00e9n de 24 cm con antiadherente Zwilling PRO PAN PTFE - Cuchillalia.com"},{"@type":"BreadcrumbList","@id":"https:\/\/www.cuchillalia.com\/producto\/sarten-20-cm-zwilling-pro-pan-ptfe-65129-200\/#breadcrumb","itemListElement":[{"@type":"ListItem","position":1,"name":"Cuchillalia","item":"https:\/\/www.cuchillalia.com\/en\/"},{"@type":"ListItem","position":2,"name":"Tienda","item":"https:\/\/www.cuchillalia.com\/tienda\/"},{"@type":"ListItem","position":3,"name":"Art\u00edculos de menaje","item":"https:\/\/www.cuchillalia.com\/categoria\/menaje\/"},{"@type":"ListItem","position":4,"name":"Sartenes","item":"https:\/\/www.cuchillalia.com\/categoria\/menaje\/sartenes\/"},{"@type":"ListItem","position":5,"name":"Sart\u00e9n de 24 cm Zwilling PRO PAN PTFE 65129-240"}]},{"@type":"WebSite","@id":"https:\/\/www.cuchillalia.com\/#website","url":"https:\/\/www.cuchillalia.com\/","name":"Cuchillalia.com","description":"","publisher":{"@id":"https:\/\/www.cuchillalia.com\/#organization"},"potentialAction":[{"@type":"SearchAction","target":{"@type":"EntryPoint","urlTemplate":"https:\/\/www.cuchillalia.com\/?s={search_term_string}"},"query-input":{"@type":"PropertyValueSpecification","valueRequired":true,"valueName":"search_term_string"}}],"inLanguage":"en-US"},{"@type":"Organization","@id":"https:\/\/www.cuchillalia.com\/#organization","name":"Cuchillalia","url":"https:\/\/www.cuchillalia.com\/","logo":{"@type":"ImageObject","inLanguage":"en-US","@id":"https:\/\/www.cuchillalia.com\/#\/schema\/logo\/image\/","url":"https:\/\/www.cuchillalia.com\/wordpress\/wp-content\/uploads\/2021\/03\/logo-cuchillalia-jpg.jpg","contentUrl":"https:\/\/www.cuchillalia.com\/wordpress\/wp-content\/uploads\/2021\/03\/logo-cuchillalia-jpg.jpg","width":276,"height":192,"caption":"Cuchillalia"},"image":{"@id":"https:\/\/www.cuchillalia.com\/#\/schema\/logo\/image\/"},"sameAs":["http:\/\/www.facebook.com\/cuchillalia","https:\/\/x.com\/Cuchillalia"]}]}},"_links":{"self":[{"href":"https:\/\/www.cuchillalia.com\/en\/wp-json\/wp\/v2\/product\/160536","targetHints":{"allow":["GET"]}}],"collection":[{"href":"https:\/\/www.cuchillalia.com\/en\/wp-json\/wp\/v2\/product"}],"about":[{"href":"https:\/\/www.cuchillalia.com\/en\/wp-json\/wp\/v2\/types\/product"}],"replies":[{"embeddable":true,"href":"https:\/\/www.cuchillalia.com\/en\/wp-json\/wp\/v2\/comments?post=160536"}],"wp:featuredmedia":[{"embeddable":true,"href":"https:\/\/www.cuchillalia.com\/en\/wp-json\/wp\/v2\/media\/160548"}],"wp:attachment":[{"href":"https:\/\/www.cuchillalia.com\/en\/wp-json\/wp\/v2\/media?parent=160536"}],"wp:term":[{"taxonomy":"product_brand","embeddable":true,"href":"https:\/\/www.cuchillalia.com\/en\/wp-json\/wp\/v2\/product_brand?post=160536"},{"taxonomy":"product_cat","embeddable":true,"href":"https:\/\/www.cuchillalia.com\/en\/wp-json\/wp\/v2\/product_cat?post=160536"},{"taxonomy":"product_tag","embeddable":true,"href":"https:\/\/www.cuchillalia.com\/en\/wp-json\/wp\/v2\/product_tag?post=160536"}],"curies":[{"name":"wp","href":"https:\/\/api.w.org\/{rel}","templated":true}]}}