{"id":159554,"date":"2022-04-28T16:20:05","date_gmt":"2022-04-28T14:20:05","guid":{"rendered":"https:\/\/www.cuchillalia.com\/?post_type=product&#038;p=159554"},"modified":"2026-04-28T23:15:36","modified_gmt":"2026-04-28T21:15:36","slug":"sarten-arcos-thera-26-cm-antiadherente-718400","status":"publish","type":"product","link":"https:\/\/www.cuchillalia.com\/en\/producto\/sarten-arcos-thera-26-cm-antiadherente-718400\/","title":{"rendered":"Sart\u00e9n Arcos Thera de 26 cm antiadherente &#8211; 718400"},"content":{"rendered":"<h2>Tabla de caracter\u00edsticas sart\u00e9n Arcos Thera de 26 cm<\/h2>\n<div class='tabla-caracteristicas'>\n<div class='fila'><span class='etiqueta'>Nombre comercial:<\/span><span class='valor'><strong>Sart\u00e9n antiadherente 26 cm<\/strong><\/span><\/div>\n<div class='fila'><span class='etiqueta'>Fabricante:<\/span><span class='valor'>Arcos<\/span><\/div>\n<div class='fila'><span class='etiqueta'>Referencia del fabricante:<\/span><span class='valor'>718400<\/span><\/div>\n<div class='fila'><span class='etiqueta'>Material del mango:<\/span><span class='valor'>Pl\u00e1stico y silicona<\/span><\/div>\n<div class='fila'><span class='etiqueta'>Tipo de mango:<\/span><span class='valor'>Mango ergon\u00f3mico<\/span><\/div>\n<div class='fila'><span class='etiqueta'>Peso del producto:<\/span><span class='valor'>1220 g<\/span><\/div>\n<div class='fila'><span class='etiqueta'>Presentaci\u00f3n del producto:<\/span><span class='valor'>Corbata<\/span><\/div>\n<div class='fila'><span class='etiqueta'>\u00bfEs apto para inducci\u00f3n?:<\/span><span class='valor'>Si<\/span><\/div>\n<div class='fila'><span class='etiqueta'>\u00bfEs apto para horno?:<\/span><span class='valor'>No<\/span><\/div>\n<div class='fila'><span class='etiqueta'>\u00bfEs apto para el lavavajillas?:<\/span><span class='valor'>Si<\/span><\/div>\n<div class='fila'><span class='etiqueta'>\u00bfIncluye tapa?:<\/span><span class='valor'>No<\/span><\/div>\n<div class='fila'><span class='etiqueta'>\u00bfQu\u00e9 garant\u00eda tiene?:<\/span><span class='valor'>3 a\u00f1os contra todo defecto de fabricaci\u00f3n, siempre que del producto se haga un uso racional para el cual ha sido fabricado.<\/span><\/div>\n<div class='fila'><span class='etiqueta'>C\u00f3digo de barras (GTIN):<\/span><span class='valor'>8421002718403<\/span><\/div>\n<\/div>\n","protected":false},"excerpt":{"rendered":"<p><strong>Sart\u00e9n de 26 cm Arcos Thera<\/strong> con cuerpo de aluminio fundido y <strong>recubrimiento antiadherente<\/strong> reforzado premium. Mango ergon\u00f3mico con tacto suave. <strong>Apta para el lavavajillas<\/strong> y para todo tipos de fuegos, incluido <strong>inducci\u00f3n<\/strong>.&hellip; <a class=\"kt-excerpt-readmore more-link\" href=\"https:\/\/www.cuchillalia.com\/en\/producto\/sarten-arcos-thera-26-cm-antiadherente-718400\/\" aria-label=\"Sart\u00e9n Arcos Thera de 26 cm antiadherente &#8211; 718400\">Read More<\/a><\/p>\n","protected":false},"featured_media":159535,"comment_status":"open","ping_status":"closed","template":"","meta":[],"product_brand":[],"product_cat":[8403,8835],"product_tag":[],"class_list":{"0":"post-159554","1":"product","2":"type-product","3":"status-publish","4":"has-post-thumbnail","6":"product_cat-sartenes","7":"product_cat-serie-thera","9":"first","10":"instock","11":"taxable","12":"shipping-taxable","13":"purchasable","14":"product-type-simple"},"yoast_head":"<!-- This site is optimized with the Yoast SEO plugin v27.5 - https:\/\/yoast.com\/product\/yoast-seo-wordpress\/ -->\n<title>Sart\u00e9n antiadherente de 26 cm Arcos Thera | Tienda online | Cuchillalia<\/title>\n<meta name=\"robots\" content=\"index, follow, max-snippet:-1, max-image-preview:large, max-video-preview:-1\" \/>\n<link rel=\"canonical\" href=\"https:\/\/www.cuchillalia.com\/producto\/sarten-arcos-thera-20-cm-antiadherente-718200\/\" \/>\n<meta property=\"og:locale\" content=\"en_US\" \/>\n<meta property=\"og:type\" content=\"article\" \/>\n<meta property=\"og:title\" content=\"Sart\u00e9n antiadherente de 26 cm Arcos Thera | Tienda online | Cuchillalia\" \/>\n<meta property=\"og:description\" content=\"Sart\u00e9n de 26 cm Arcos Thera con cuerpo de aluminio fundido y recubrimiento antiadherente reforzado premium. Mango ergon\u00f3mico con tacto suave. Apta para el lavavajillas y para todo tipos de fuegos, incluido inducci\u00f3n.&hellip; Read More\" \/>\n<meta property=\"og:url\" content=\"https:\/\/www.cuchillalia.com\/producto\/sarten-arcos-thera-20-cm-antiadherente-718200\/\" \/>\n<meta property=\"og:site_name\" content=\"Cuchillalia.com\" \/>\n<meta property=\"article:publisher\" content=\"http:\/\/www.facebook.com\/cuchillalia\" \/>\n<meta property=\"article:modified_time\" content=\"2026-04-28T21:15:36+00:00\" \/>\n<meta property=\"og:image\" content=\"https:\/\/www.cuchillalia.com\/wordpress\/wp-content\/uploads\/2022\/04\/sarten-arcos-thera-26-cm-718400.jpg\" \/>\n\t<meta property=\"og:image:width\" content=\"1600\" \/>\n\t<meta property=\"og:image:height\" content=\"1600\" \/>\n\t<meta property=\"og:image:type\" content=\"image\/jpeg\" \/>\n<meta name=\"twitter:card\" content=\"summary_large_image\" \/>\n<meta name=\"twitter:site\" content=\"@Cuchillalia\" \/>\n<meta name=\"twitter:label1\" content=\"Est. reading time\" \/>\n\t<meta name=\"twitter:data1\" content=\"2 minutes\" \/>\n<!-- \/ Yoast SEO plugin. -->","yoast_head_json":{"title":"Sart\u00e9n antiadherente de 26 cm Arcos Thera | Tienda online | Cuchillalia","robots":{"index":"index","follow":"follow","max-snippet":"max-snippet:-1","max-image-preview":"max-image-preview:large","max-video-preview":"max-video-preview:-1"},"canonical":"https:\/\/www.cuchillalia.com\/producto\/sarten-arcos-thera-20-cm-antiadherente-718200\/","og_locale":"en_US","og_type":"article","og_title":"Sart\u00e9n antiadherente de 26 cm Arcos Thera | Tienda online | Cuchillalia","og_description":"Sart\u00e9n de 26 cm Arcos Thera con cuerpo de aluminio fundido y recubrimiento antiadherente reforzado premium. Mango ergon\u00f3mico con tacto suave. Apta para el lavavajillas y para todo tipos de fuegos, incluido inducci\u00f3n.&hellip; Read More","og_url":"https:\/\/www.cuchillalia.com\/producto\/sarten-arcos-thera-20-cm-antiadherente-718200\/","og_site_name":"Cuchillalia.com","article_publisher":"http:\/\/www.facebook.com\/cuchillalia","article_modified_time":"2026-04-28T21:15:36+00:00","og_image":[{"width":1600,"height":1600,"url":"https:\/\/www.cuchillalia.com\/wordpress\/wp-content\/uploads\/2022\/04\/sarten-arcos-thera-26-cm-718400.jpg","type":"image\/jpeg"}],"twitter_card":"summary_large_image","twitter_site":"@Cuchillalia","twitter_misc":{"Est. reading time":"2 minutes"},"schema":{"@context":"https:\/\/schema.org","@graph":[{"@type":"WebPage","@id":"https:\/\/www.cuchillalia.com\/producto\/sarten-arcos-thera-26-cm-antiadherente-718400\/","url":"https:\/\/www.cuchillalia.com\/producto\/sarten-arcos-thera-20-cm-antiadherente-718200\/","name":"Sart\u00e9n antiadherente de 26 cm Arcos Thera | Tienda online | Cuchillalia","isPartOf":{"@id":"https:\/\/www.cuchillalia.com\/#website"},"primaryImageOfPage":{"@id":"https:\/\/www.cuchillalia.com\/producto\/sarten-arcos-thera-20-cm-antiadherente-718200\/#primaryimage"},"image":{"@id":"https:\/\/www.cuchillalia.com\/producto\/sarten-arcos-thera-20-cm-antiadherente-718200\/#primaryimage"},"thumbnailUrl":"https:\/\/www.cuchillalia.com\/wordpress\/wp-content\/uploads\/2022\/04\/sarten-arcos-thera-26-cm-718400.jpg","datePublished":"2022-04-28T14:20:05+00:00","dateModified":"2026-04-28T21:15:36+00:00","breadcrumb":{"@id":"https:\/\/www.cuchillalia.com\/producto\/sarten-arcos-thera-20-cm-antiadherente-718200\/#breadcrumb"},"inLanguage":"en-US","potentialAction":[{"@type":"ReadAction","target":["https:\/\/www.cuchillalia.com\/producto\/sarten-arcos-thera-20-cm-antiadherente-718200\/"]}]},{"@type":"ImageObject","inLanguage":"en-US","@id":"https:\/\/www.cuchillalia.com\/producto\/sarten-arcos-thera-20-cm-antiadherente-718200\/#primaryimage","url":"https:\/\/www.cuchillalia.com\/wordpress\/wp-content\/uploads\/2022\/04\/sarten-arcos-thera-26-cm-718400.jpg","contentUrl":"https:\/\/www.cuchillalia.com\/wordpress\/wp-content\/uploads\/2022\/04\/sarten-arcos-thera-26-cm-718400.jpg","width":1600,"height":1600,"caption":"Sart\u00e9n de 26 cm Arcos Thera de aluminio fundido | Cuchillalia.com"},{"@type":"BreadcrumbList","@id":"https:\/\/www.cuchillalia.com\/producto\/sarten-arcos-thera-20-cm-antiadherente-718200\/#breadcrumb","itemListElement":[{"@type":"ListItem","position":1,"name":"Cuchillalia","item":"https:\/\/www.cuchillalia.com\/en\/"},{"@type":"ListItem","position":2,"name":"Tienda","item":"https:\/\/www.cuchillalia.com\/tienda\/"},{"@type":"ListItem","position":3,"name":"Marcas","item":"https:\/\/www.cuchillalia.com\/categoria\/marcas\/"},{"@type":"ListItem","position":4,"name":"Arcos","item":"https:\/\/www.cuchillalia.com\/categoria\/marcas\/arcos\/"},{"@type":"ListItem","position":5,"name":"Sartenes y ollas","item":"https:\/\/www.cuchillalia.com\/categoria\/marcas\/arcos\/sartenes-ollas\/"},{"@type":"ListItem","position":6,"name":"Serie Thera","item":"https:\/\/www.cuchillalia.com\/categoria\/marcas\/arcos\/sartenes-ollas\/serie-thera\/"},{"@type":"ListItem","position":7,"name":"Sart\u00e9n Arcos Thera de 26 cm antiadherente &#8211; 718400"}]},{"@type":"WebSite","@id":"https:\/\/www.cuchillalia.com\/#website","url":"https:\/\/www.cuchillalia.com\/","name":"Cuchillalia.com","description":"","publisher":{"@id":"https:\/\/www.cuchillalia.com\/#organization"},"potentialAction":[{"@type":"SearchAction","target":{"@type":"EntryPoint","urlTemplate":"https:\/\/www.cuchillalia.com\/?s={search_term_string}"},"query-input":{"@type":"PropertyValueSpecification","valueRequired":true,"valueName":"search_term_string"}}],"inLanguage":"en-US"},{"@type":"Organization","@id":"https:\/\/www.cuchillalia.com\/#organization","name":"Cuchillalia","url":"https:\/\/www.cuchillalia.com\/","logo":{"@type":"ImageObject","inLanguage":"en-US","@id":"https:\/\/www.cuchillalia.com\/#\/schema\/logo\/image\/","url":"https:\/\/www.cuchillalia.com\/wordpress\/wp-content\/uploads\/2021\/03\/logo-cuchillalia-jpg.jpg","contentUrl":"https:\/\/www.cuchillalia.com\/wordpress\/wp-content\/uploads\/2021\/03\/logo-cuchillalia-jpg.jpg","width":276,"height":192,"caption":"Cuchillalia"},"image":{"@id":"https:\/\/www.cuchillalia.com\/#\/schema\/logo\/image\/"},"sameAs":["http:\/\/www.facebook.com\/cuchillalia","https:\/\/x.com\/Cuchillalia"]}]}},"_links":{"self":[{"href":"https:\/\/www.cuchillalia.com\/en\/wp-json\/wp\/v2\/product\/159554","targetHints":{"allow":["GET"]}}],"collection":[{"href":"https:\/\/www.cuchillalia.com\/en\/wp-json\/wp\/v2\/product"}],"about":[{"href":"https:\/\/www.cuchillalia.com\/en\/wp-json\/wp\/v2\/types\/product"}],"replies":[{"embeddable":true,"href":"https:\/\/www.cuchillalia.com\/en\/wp-json\/wp\/v2\/comments?post=159554"}],"wp:featuredmedia":[{"embeddable":true,"href":"https:\/\/www.cuchillalia.com\/en\/wp-json\/wp\/v2\/media\/159535"}],"wp:attachment":[{"href":"https:\/\/www.cuchillalia.com\/en\/wp-json\/wp\/v2\/media?parent=159554"}],"wp:term":[{"taxonomy":"product_brand","embeddable":true,"href":"https:\/\/www.cuchillalia.com\/en\/wp-json\/wp\/v2\/product_brand?post=159554"},{"taxonomy":"product_cat","embeddable":true,"href":"https:\/\/www.cuchillalia.com\/en\/wp-json\/wp\/v2\/product_cat?post=159554"},{"taxonomy":"product_tag","embeddable":true,"href":"https:\/\/www.cuchillalia.com\/en\/wp-json\/wp\/v2\/product_tag?post=159554"}],"curies":[{"name":"wp","href":"https:\/\/api.w.org\/{rel}","templated":true}]}}