{"id":159419,"date":"2022-04-25T20:36:21","date_gmt":"2022-04-25T18:36:21","guid":{"rendered":"https:\/\/www.cuchillalia.com\/?post_type=product&#038;p=159419"},"modified":"2026-02-13T14:19:19","modified_gmt":"2026-02-13T13:19:19","slug":"wusthof-crafter-cuchillo-mondador-9-cm-1010830409","status":"publish","type":"product","link":"https:\/\/www.cuchillalia.com\/en\/producto\/wusthof-crafter-cuchillo-mondador-9-cm-1010830409\/","title":{"rendered":"Cuchillo mondador de 9 cm W\u00fcsthof Crafter"},"content":{"rendered":"<h2>Tabla de caracter\u00edsticas cuchillo mondador W\u00fcsthof Crafter<\/h2>\n<div class='tabla-caracteristicas'>\n<div class='fila'><span class='etiqueta'>Nombre comercial:<\/span><span class='valor'><strong>Crafter cuchillo pelador 9 cm<\/strong><\/span><\/div>\n<div class='fila'><span class='etiqueta'>Fabricante:<\/span><span class='valor'>W\u00fcsthof<\/span><\/div>\n<div class='fila'><span class='etiqueta'>Referencia del fabricante:<\/span><span class='valor'>1010830409<\/span><\/div>\n<div class='fila'><span class='etiqueta'>Longitud de la hoja:<\/span><span class='valor'>9 cm<\/span><\/div>\n<div class='fila'><span class='etiqueta'>Ancho m\u00e1ximo de la hoja:<\/span><span class='valor'>2 cm<\/span><\/div>\n<div class='fila'><span class='etiqueta'>Longitud del mango:<\/span><span class='valor'>9,5 cm<\/span><\/div>\n<div class='fila'><span class='etiqueta'>Longitud total:<\/span><span class='valor'>19 cm<\/span><\/div>\n<div class='fila'><span class='etiqueta'>Material de la hoja:<\/span><span class='valor'>Acero inoxidable X50CrMoV15<\/span><\/div>\n<div class='fila'><span class='etiqueta'>Dureza:<\/span><span class='valor'>HRc 58\u00b11 Rockwell<\/span><\/div>\n<div class='fila'><span class='etiqueta'>Material del mango:<\/span><span class='valor'>Madera de roble ahumada<\/span><\/div>\n<div class='fila'><span class='etiqueta'>\u00bfEs apto para zurdos?:<\/span><span class='valor'>Para diestros y zurdos<\/span><\/div>\n<div class='fila'><span class='etiqueta'>Peso del producto:<\/span><span class='valor'>55 g<\/span><\/div>\n<div class='fila'><span class='etiqueta'>Presentaci\u00f3n del producto:<\/span><span class='valor'>C\u00f3moda y elegante caja<\/span><\/div>\n<div class='fila'><span class='etiqueta'>\u00bfEs apto para el lavavajillas?:<\/span><span class='valor'>No<\/span><\/div>\n<div class='fila'><span class='etiqueta'>\u00bfDonde se fabrica?:<\/span><span class='valor'>Solingen &#8211; Alemania<\/span><\/div>\n<div class='fila'><span class='etiqueta'>\u00bfQu\u00e9 garant\u00eda tiene?:<\/span><span class='valor'>De por vida contra todo defecto de fabricaci\u00f3n, siempre que del producto se haga un uso racional para el cual ha sido fabricado.<\/span><\/div>\n<div class='fila'><span class='etiqueta'>C\u00f3digo de barras (GTIN):<\/span><span class='valor'>4002293100449<\/span><\/div>\n<div class='fila'><span class='etiqueta'>Observaciones:<\/span><span class='valor'>&#8211; Acero inoxidable con alto porcentaje de carbono, con la m\u00e1xima garant\u00eda de W\u00fcsthof.<br \/>\n&#8211; Colecci\u00f3n W\u00fcsthof Crafter con las hojas cl\u00e1sicas de siempre.<br \/>\n&#8211; Cuchillos equilibrados.<br \/>\n&#8211; Mangos de madera de roble ahumado aport\u00e1ndole el c\u00e1lido tacto del material natural.<br \/>\n&#8211; Triple remache de lat\u00f3n en el mango.<br \/>\n&#8211; Espiga completa hasta el final del mango d\u00e1ndole firmeza al cuchillo.<br \/>\n&#8211; \u00c1ngulo de afilado de 30\u00ba y repasada a mano.<\/span><\/div>\n<\/div>\n<h3>Alternativas al cuchillo mondador W\u00fcsthof Crafter<\/h3>\n<p>Dentro de la misma serie encontrar\u00e1s otros cuchillos de diferentes formas y usos, como el <a href='https:\/\/www.cuchillalia.com\/producto\/wusthof-crafter-cuchillo-chef-20-cm-1010830120\/'>cuchillo cebollero de 20 cm Crafter<\/a>, o el <a href='https:\/\/www.cuchillalia.com\/producto\/wusthof-crafter-cuchillo-santoku-alveolado-17-cm-1010831317\/'>santoku Crafter<\/a> y otros cuchillos. \u00c9chales un vistazo a los <a href='https:\/\/www.cuchillalia.com\/categoria\/marcas\/wusthof\/crafter\/'>cuchillos de mango de madera W\u00fcsthof Crafter<\/a>.<\/p>\n<h3>Otras series de cuchillos con mango de madera<\/h3>\n<p>Si te gustan los cuchillos con mango de madera disponemos de la <a href='https:\/\/www.cuchillalia.com\/categoria\/marcas\/arcos\/nordika\/'>serie N\u00f3rdika de Arcos<\/a>, los <a href='https:\/\/www.cuchillalia.com\/categoria\/marcas\/3-claveles\/norden\/'>cuchillos Norden de 3 Claveles<\/a>, o los <a href='https:\/\/www.cuchillalia.com\/categoria\/marcas\/3-claveles\/norden\/'>cuchillos Sakura<\/a>, tambi\u00e9n de 3 Claveles.<\/p>\n<p>Por otro lado, tambi\u00e9n tenemos series de cuchillos japoneses como por ejemplo los <a href='https:\/\/www.cuchillalia.com\/categoria\/marcas\/kai\/seki-magoroku-composite\/'>KAI Seki Magoroku Composite<\/a>, o los fabulosos <a href='https:\/\/www.cuchillalia.com\/categoria\/marcas\/kai\/shun-premier\/'>KAI Shun Premier<\/a>.<\/p>\n","protected":false},"excerpt":{"rendered":"<p><strong>Cuchillo pelador\/mondador W\u00fcsthof Crafter<\/strong>, de 9 cm de hoja, con mango de madera de roble ahumado, forjado en una sola pieza de acero. Fabricado en Alemania.&hellip; <a class=\"kt-excerpt-readmore more-link\" href=\"https:\/\/www.cuchillalia.com\/en\/producto\/wusthof-crafter-cuchillo-mondador-9-cm-1010830409\/\" aria-label=\"Cuchillo mondador de 9 cm W\u00fcsthof Crafter\">Read More<\/a><\/p>\n","protected":false},"featured_media":159438,"comment_status":"open","ping_status":"closed","template":"","meta":[],"product_brand":[],"product_cat":[8289,8831],"product_tag":[],"class_list":{"0":"post-159419","1":"product","2":"type-product","3":"status-publish","4":"has-post-thumbnail","6":"product_cat-mondadores","7":"product_cat-crafter","9":"first","10":"outofstock","11":"taxable","12":"shipping-taxable","13":"purchasable","14":"product-type-simple"},"yoast_head":"<!-- This site is optimized with the Yoast SEO plugin v27.5 - https:\/\/yoast.com\/product\/yoast-seo-wordpress\/ -->\n<title>Cuchillo mondador W\u00fcsthof Crafter de 9 cm | Cuchillalia.com<\/title>\n<meta name=\"robots\" content=\"index, follow, max-snippet:-1, max-image-preview:large, max-video-preview:-1\" \/>\n<link rel=\"canonical\" href=\"https:\/\/www.cuchillalia.com\/producto\/wusthof-crafter-cuchillo-mondador-9-cm-1010830409\/\" \/>\n<meta property=\"og:locale\" content=\"en_US\" \/>\n<meta property=\"og:type\" content=\"article\" \/>\n<meta property=\"og:title\" content=\"Cuchillo mondador W\u00fcsthof Crafter de 9 cm | Cuchillalia.com\" \/>\n<meta property=\"og:description\" content=\"Cuchillo pelador\/mondador W\u00fcsthof Crafter, de 9 cm de hoja, con mango de madera de roble ahumado, forjado en una sola pieza de acero. Fabricado en Alemania.&hellip; Read More\" \/>\n<meta property=\"og:url\" content=\"https:\/\/www.cuchillalia.com\/producto\/wusthof-crafter-cuchillo-mondador-9-cm-1010830409\/\" \/>\n<meta property=\"og:site_name\" content=\"Cuchillalia.com\" \/>\n<meta property=\"article:publisher\" content=\"http:\/\/www.facebook.com\/cuchillalia\" \/>\n<meta property=\"article:modified_time\" content=\"2026-02-13T13:19:19+00:00\" \/>\n<meta property=\"og:image\" content=\"https:\/\/www.cuchillalia.com\/wordpress\/wp-content\/uploads\/2022\/04\/cuchillo-mondador-wusthof-crafter-1010830409.jpg\" \/>\n\t<meta property=\"og:image:width\" content=\"1600\" \/>\n\t<meta property=\"og:image:height\" content=\"1600\" \/>\n\t<meta property=\"og:image:type\" content=\"image\/jpeg\" \/>\n<meta name=\"twitter:card\" content=\"summary_large_image\" \/>\n<meta name=\"twitter:site\" content=\"@Cuchillalia\" \/>\n<meta name=\"twitter:label1\" content=\"Est. reading time\" \/>\n\t<meta name=\"twitter:data1\" content=\"2 minutes\" \/>\n<!-- \/ Yoast SEO plugin. -->","yoast_head_json":{"title":"Cuchillo mondador W\u00fcsthof Crafter de 9 cm | Cuchillalia.com","robots":{"index":"index","follow":"follow","max-snippet":"max-snippet:-1","max-image-preview":"max-image-preview:large","max-video-preview":"max-video-preview:-1"},"canonical":"https:\/\/www.cuchillalia.com\/producto\/wusthof-crafter-cuchillo-mondador-9-cm-1010830409\/","og_locale":"en_US","og_type":"article","og_title":"Cuchillo mondador W\u00fcsthof Crafter de 9 cm | Cuchillalia.com","og_description":"Cuchillo pelador\/mondador W\u00fcsthof Crafter, de 9 cm de hoja, con mango de madera de roble ahumado, forjado en una sola pieza de acero. Fabricado en Alemania.&hellip; Read More","og_url":"https:\/\/www.cuchillalia.com\/producto\/wusthof-crafter-cuchillo-mondador-9-cm-1010830409\/","og_site_name":"Cuchillalia.com","article_publisher":"http:\/\/www.facebook.com\/cuchillalia","article_modified_time":"2026-02-13T13:19:19+00:00","og_image":[{"width":1600,"height":1600,"url":"https:\/\/www.cuchillalia.com\/wordpress\/wp-content\/uploads\/2022\/04\/cuchillo-mondador-wusthof-crafter-1010830409.jpg","type":"image\/jpeg"}],"twitter_card":"summary_large_image","twitter_site":"@Cuchillalia","twitter_misc":{"Est. reading time":"2 minutes"},"schema":{"@context":"https:\/\/schema.org","@graph":[{"@type":"WebPage","@id":"https:\/\/www.cuchillalia.com\/producto\/wusthof-crafter-cuchillo-mondador-9-cm-1010830409\/","url":"https:\/\/www.cuchillalia.com\/producto\/wusthof-crafter-cuchillo-mondador-9-cm-1010830409\/","name":"Cuchillo mondador W\u00fcsthof Crafter de 9 cm | Cuchillalia.com","isPartOf":{"@id":"https:\/\/www.cuchillalia.com\/#website"},"primaryImageOfPage":{"@id":"https:\/\/www.cuchillalia.com\/producto\/wusthof-crafter-cuchillo-mondador-9-cm-1010830409\/#primaryimage"},"image":{"@id":"https:\/\/www.cuchillalia.com\/producto\/wusthof-crafter-cuchillo-mondador-9-cm-1010830409\/#primaryimage"},"thumbnailUrl":"https:\/\/www.cuchillalia.com\/wordpress\/wp-content\/uploads\/2022\/04\/cuchillo-mondador-wusthof-crafter-1010830409.jpg","datePublished":"2022-04-25T18:36:21+00:00","dateModified":"2026-02-13T13:19:19+00:00","breadcrumb":{"@id":"https:\/\/www.cuchillalia.com\/producto\/wusthof-crafter-cuchillo-mondador-9-cm-1010830409\/#breadcrumb"},"inLanguage":"en-US","potentialAction":[{"@type":"ReadAction","target":["https:\/\/www.cuchillalia.com\/producto\/wusthof-crafter-cuchillo-mondador-9-cm-1010830409\/"]}]},{"@type":"ImageObject","inLanguage":"en-US","@id":"https:\/\/www.cuchillalia.com\/producto\/wusthof-crafter-cuchillo-mondador-9-cm-1010830409\/#primaryimage","url":"https:\/\/www.cuchillalia.com\/wordpress\/wp-content\/uploads\/2022\/04\/cuchillo-mondador-wusthof-crafter-1010830409.jpg","contentUrl":"https:\/\/www.cuchillalia.com\/wordpress\/wp-content\/uploads\/2022\/04\/cuchillo-mondador-wusthof-crafter-1010830409.jpg","width":1600,"height":1600,"caption":"Cuchillo mondador W\u00fcsthof Crafter | Cuchillalia.com"},{"@type":"BreadcrumbList","@id":"https:\/\/www.cuchillalia.com\/producto\/wusthof-crafter-cuchillo-mondador-9-cm-1010830409\/#breadcrumb","itemListElement":[{"@type":"ListItem","position":1,"name":"Cuchillalia","item":"https:\/\/www.cuchillalia.com\/en\/"},{"@type":"ListItem","position":2,"name":"Tienda","item":"https:\/\/www.cuchillalia.com\/tienda\/"},{"@type":"ListItem","position":3,"name":"Marcas","item":"https:\/\/www.cuchillalia.com\/categoria\/marcas\/"},{"@type":"ListItem","position":4,"name":"W\u00fcsthof","item":"https:\/\/www.cuchillalia.com\/categoria\/marcas\/wusthof\/"},{"@type":"ListItem","position":5,"name":"Serie Crafter","item":"https:\/\/www.cuchillalia.com\/categoria\/marcas\/wusthof\/crafter\/"},{"@type":"ListItem","position":6,"name":"Cuchillo mondador de 9 cm W\u00fcsthof Crafter"}]},{"@type":"WebSite","@id":"https:\/\/www.cuchillalia.com\/#website","url":"https:\/\/www.cuchillalia.com\/","name":"Cuchillalia.com","description":"","publisher":{"@id":"https:\/\/www.cuchillalia.com\/#organization"},"potentialAction":[{"@type":"SearchAction","target":{"@type":"EntryPoint","urlTemplate":"https:\/\/www.cuchillalia.com\/?s={search_term_string}"},"query-input":{"@type":"PropertyValueSpecification","valueRequired":true,"valueName":"search_term_string"}}],"inLanguage":"en-US"},{"@type":"Organization","@id":"https:\/\/www.cuchillalia.com\/#organization","name":"Cuchillalia","url":"https:\/\/www.cuchillalia.com\/","logo":{"@type":"ImageObject","inLanguage":"en-US","@id":"https:\/\/www.cuchillalia.com\/#\/schema\/logo\/image\/","url":"https:\/\/www.cuchillalia.com\/wordpress\/wp-content\/uploads\/2021\/03\/logo-cuchillalia-jpg.jpg","contentUrl":"https:\/\/www.cuchillalia.com\/wordpress\/wp-content\/uploads\/2021\/03\/logo-cuchillalia-jpg.jpg","width":276,"height":192,"caption":"Cuchillalia"},"image":{"@id":"https:\/\/www.cuchillalia.com\/#\/schema\/logo\/image\/"},"sameAs":["http:\/\/www.facebook.com\/cuchillalia","https:\/\/x.com\/Cuchillalia"]}]}},"_links":{"self":[{"href":"https:\/\/www.cuchillalia.com\/en\/wp-json\/wp\/v2\/product\/159419","targetHints":{"allow":["GET"]}}],"collection":[{"href":"https:\/\/www.cuchillalia.com\/en\/wp-json\/wp\/v2\/product"}],"about":[{"href":"https:\/\/www.cuchillalia.com\/en\/wp-json\/wp\/v2\/types\/product"}],"replies":[{"embeddable":true,"href":"https:\/\/www.cuchillalia.com\/en\/wp-json\/wp\/v2\/comments?post=159419"}],"wp:featuredmedia":[{"embeddable":true,"href":"https:\/\/www.cuchillalia.com\/en\/wp-json\/wp\/v2\/media\/159438"}],"wp:attachment":[{"href":"https:\/\/www.cuchillalia.com\/en\/wp-json\/wp\/v2\/media?parent=159419"}],"wp:term":[{"taxonomy":"product_brand","embeddable":true,"href":"https:\/\/www.cuchillalia.com\/en\/wp-json\/wp\/v2\/product_brand?post=159419"},{"taxonomy":"product_cat","embeddable":true,"href":"https:\/\/www.cuchillalia.com\/en\/wp-json\/wp\/v2\/product_cat?post=159419"},{"taxonomy":"product_tag","embeddable":true,"href":"https:\/\/www.cuchillalia.com\/en\/wp-json\/wp\/v2\/product_tag?post=159419"}],"curies":[{"name":"wp","href":"https:\/\/api.w.org\/{rel}","templated":true}]}}