{"id":159379,"date":"2022-04-25T09:45:30","date_gmt":"2022-04-25T07:45:30","guid":{"rendered":"https:\/\/www.cuchillalia.com\/?post_type=product&#038;p=159379"},"modified":"2026-03-20T12:53:43","modified_gmt":"2026-03-20T11:53:43","slug":"set-barbacoa-cuchillo-tenedor-arcos-nordika-167000","status":"publish","type":"product","link":"https:\/\/www.cuchillalia.com\/en\/producto\/set-barbacoa-cuchillo-tenedor-arcos-nordika-167000\/","title":{"rendered":"Set para barbacoa de cuchillo y tenedor Arcos N\u00f3rdika 167000"},"content":{"rendered":"<h2>Tabla de caracter\u00edsticas set barbacoa Arcos N\u00f3rdika<\/h2>\n<div class='tabla-caracteristicas'>\n<div class='fila'><span class='etiqueta'>Nombre comercial:<\/span><span class='valor'><strong>Juego Barbacoa de 2 piezas<\/strong><\/span><\/div>\n<div class='fila'><span class='etiqueta'>Fabricante:<\/span><span class='valor'>Arcos<\/span><\/div>\n<div class='fila'><span class='etiqueta'>Referencia del fabricante:<\/span><span class='valor'>167000<\/span><\/div>\n<div class='fila'><span class='etiqueta'>Material de la hoja:<\/span><span class='valor'>Acero inoxidable Nitrum\u00ae<\/span><\/div>\n<div class='fila'><span class='etiqueta'>Tipo de hoja:<\/span><span class='valor'>Filo seda<\/span><\/div>\n<div class='fila'><span class='etiqueta'>Material del mango:<\/span><span class='valor'>Madera con remaches de lat\u00f3n<\/span><\/div>\n<div class='fila'><span class='etiqueta'>Tipo de mango:<\/span><span class='valor'>Cachas con 3 remaches<\/span><\/div>\n<div class='fila'><span class='etiqueta'>\u00bfEs apto para zurdos?:<\/span><span class='valor'>Para diestros y zurdos<\/span><\/div>\n<div class='fila'><span class='etiqueta'>Producci\u00f3n:<\/span><span class='valor'>Estampado<\/span><\/div>\n<div class='fila'><span class='etiqueta'>Presentaci\u00f3n del producto:<\/span><span class='valor'>Caja de cart\u00f3n<\/span><\/div>\n<div class='fila'><span class='etiqueta'>\u00bfEs apto para el lavavajillas?:<\/span><span class='valor'>No<\/span><\/div>\n<div class='fila'><span class='etiqueta'>\u00bfDonde se fabrica?:<\/span><span class='valor'>Albacete &#8211; Espa\u00f1a<\/span><\/div>\n<div class='fila'><span class='etiqueta'>\u00bfQu\u00e9 garant\u00eda tiene?:<\/span><span class='valor'>10 a\u00f1os contra todo defecto de fabricaci\u00f3n, siempre que del producto se haga un uso racional para el cual ha sido fabricado.<\/span><\/div>\n<div class='fila'><span class='etiqueta'>C\u00f3digo de barras (GTIN):<\/span><span class='valor'>8421002167003<\/span><\/div>\n<\/div>\n<h3>Alternativas al set para barbacoa Arcos N\u00f3rdika<\/h3>\n<div class=\"woocommerce columns-3 \"><ul class=\"products kad_product_wrapper rowtight shopcolumn3 shopfullwidth init-isotope-intrinsic kt-show-rating  reinit-isotope\" data-nextselector=\".woocommerce-pagination a.next\" data-navselector=\".woocommerce-pagination\" data-itemselector=\".kad_product\" data-itemloadselector=\".kt_item_fade_in\" data-iso-selector=\".kad_product\" data-iso-style=\"fitRows\" data-iso-filter=\"true\">\n<li class=\"product type-product post-4555 status-publish first instock product_cat-juegos-de-cuchillos product_cat-classic-ikon product_cat-tenedores-trinchadores has-post-thumbnail taxable shipping-taxable purchasable product-type-simple col-xxl-25 col-xl-3 col-md-4 col-sm-4 col-xs-6 col-ss-12 juegos-de-cuchillos classic-ikon tenedores-trinchadores kad_product\">\n\t<div class=\"grid_item product_item clearfix kt_item_fade_in\"><a href=\"https:\/\/www.cuchillalia.com\/en\/producto\/wusthof-classic-ikon-9647-estuche-juego-trinchante\/\" class=\"product_item_link product_img_link\"><div class=\"kad-product-noflipper kt-product-hardcrop kt-product-intrinsic\" style=\"padding-bottom:100%;\"><div class=\"kt-product-animation-contain\"><img decoding=\"async\" src=\"https:\/\/www.cuchillalia.com\/wordpress\/wp-content\/uploads\/2015\/08\/cuchillalia-wusthof-classic-ikon-9647-estuche-cuchillo-tenedor-400x400.jpg\" srcset=\"https:\/\/www.cuchillalia.com\/wordpress\/wp-content\/uploads\/2015\/08\/cuchillalia-wusthof-classic-ikon-9647-estuche-cuchillo-tenedor-400x400.jpg 400w, https:\/\/www.cuchillalia.com\/wordpress\/wp-content\/uploads\/2015\/08\/cuchillalia-wusthof-classic-ikon-9647-estuche-cuchillo-tenedor-200x200.jpg 200w, https:\/\/www.cuchillalia.com\/wordpress\/wp-content\/uploads\/2015\/08\/cuchillalia-wusthof-classic-ikon-9647-estuche-cuchillo-tenedor-100x100.jpg 100w, https:\/\/www.cuchillalia.com\/wordpress\/wp-content\/uploads\/2015\/08\/cuchillalia-wusthof-classic-ikon-9647-estuche-cuchillo-tenedor-566x566.jpg 566w, https:\/\/www.cuchillalia.com\/wordpress\/wp-content\/uploads\/2015\/08\/cuchillalia-wusthof-classic-ikon-9647-estuche-cuchillo-tenedor-150x150.jpg 150w, https:\/\/www.cuchillalia.com\/wordpress\/wp-content\/uploads\/2015\/08\/cuchillalia-wusthof-classic-ikon-9647-estuche-cuchillo-tenedor-300x300.jpg 300w, https:\/\/www.cuchillalia.com\/wordpress\/wp-content\/uploads\/2015\/08\/cuchillalia-wusthof-classic-ikon-9647-estuche-cuchillo-tenedor-768x768.jpg 768w, https:\/\/www.cuchillalia.com\/wordpress\/wp-content\/uploads\/2015\/08\/cuchillalia-wusthof-classic-ikon-9647-estuche-cuchillo-tenedor-1024x1024.jpg 1024w, https:\/\/www.cuchillalia.com\/wordpress\/wp-content\/uploads\/2015\/08\/cuchillalia-wusthof-classic-ikon-9647-estuche-cuchillo-tenedor-600x600.jpg 600w, https:\/\/www.cuchillalia.com\/wordpress\/wp-content\/uploads\/2015\/08\/cuchillalia-wusthof-classic-ikon-9647-estuche-cuchillo-tenedor-668x668.jpg 668w, https:\/\/www.cuchillalia.com\/wordpress\/wp-content\/uploads\/2015\/08\/cuchillalia-wusthof-classic-ikon-9647-estuche-cuchillo-tenedor-334x334.jpg 334w, https:\/\/www.cuchillalia.com\/wordpress\/wp-content\/uploads\/2015\/08\/cuchillalia-wusthof-classic-ikon-9647-estuche-cuchillo-tenedor-720x720.jpg 720w, https:\/\/www.cuchillalia.com\/wordpress\/wp-content\/uploads\/2015\/08\/cuchillalia-wusthof-classic-ikon-9647-estuche-cuchillo-tenedor-360x360.jpg 360w, https:\/\/www.cuchillalia.com\/wordpress\/wp-content\/uploads\/2015\/08\/cuchillalia-wusthof-classic-ikon-9647-estuche-cuchillo-tenedor-800x800.jpg 800w, https:\/\/www.cuchillalia.com\/wordpress\/wp-content\/uploads\/2015\/08\/cuchillalia-wusthof-classic-ikon-9647-estuche-cuchillo-tenedor.jpg 1280w\" sizes=\"(max-width: 400px) 100vw, 400px\"  alt=\"Estuche Juego Trinchante W\u00fcsthof Classic Ikon 9647\" width=\"400\" height=\"400\" class=\"attachment-shop_catalog wp-post-image size-400x400\"><\/div><\/div><\/a> \n\n\t<div class=\"details_product_item\"><div class=\"product_details\"><a href=\"https:\/\/www.cuchillalia.com\/en\/producto\/wusthof-classic-ikon-9647-estuche-juego-trinchante\/\" class=\"product_item_link\"><h3 class=\"product_archive_title\">Estuche de cuchillo y tenedor trinchantes &#8211; W\u00fcsthof Classic Ikon<\/h3><\/a><\/div>\t\t\n\t<a href=\"https:\/\/www.cuchillalia.com\/en\/producto\/wusthof-classic-ikon-9647-estuche-juego-trinchante\/\"><span class=\"kt-notrated\">not rated<\/span><\/a>\n\t<span class=\"price\"><span class=\"woocommerce-Price-amount amount\"><bdi>259,00<span class=\"woocommerce-Price-currencySymbol\">&euro;<\/span><\/bdi><\/span><\/span>\n<div class=\"clearfix\"><\/div><\/div>\n\t<div class=\"product_action_wrap\"><a href=\"\/en\/wp-json\/wp\/v2\/product\/159379?add-to-cart=4555\" aria-describedby=\"woocommerce_loop_add_to_cart_link_describedby_4555\" data-quantity=\"1\" class=\"button product_type_simple add_to_cart_button ajax_add_to_cart\" data-product_id=\"4555\" data-product_sku=\"WU_9647\" aria-label=\"Add to cart: &ldquo;Estuche de cuchillo y tenedor trinchantes - W\u00fcsthof Classic Ikon&rdquo;\" rel=\"nofollow\" data-success_message=\"&ldquo;Estuche de cuchillo y tenedor trinchantes - W\u00fcsthof Classic Ikon&rdquo; has been added to your cart\" role=\"button\">Add to cart<\/a>\t<span id=\"woocommerce_loop_add_to_cart_link_describedby_4555\" class=\"screen-reader-text\">\n\t\t\t<\/span>\n\t\t\t<input type=\"hidden\" class=\"pmwProductId\" data-id=\"4555\">\n\t\t\t\t\t<script>\n\t\t\t(window.pmwDataLayer = window.pmwDataLayer || {}).products                = window.pmwDataLayer.products || {};\n\t\t\twindow.pmwDataLayer.products[4555] = {\"id\":\"4555\",\"sku\":\"WU_9647\",\"price\":259,\"brand\":\"\",\"quantity\":1,\"dyn_r_ids\":{\"post_id\":\"4555\",\"sku\":\"WU_9647\",\"gpf\":\"woocommerce_gpf_4555\",\"gla\":\"gla_4555\"},\"is_variable\":false,\"type\":\"simple\",\"name\":\"Estuche de cuchillo y tenedor trinchantes - W\u00fcsthof Classic Ikon\",\"category\":[\"Juegos de cuchillos\",\"Serie Classic Ikon\",\"Tenedores trinchadores\"],\"is_variation\":false};\n\t\t\t\t\twindow.pmw_product_position = window.pmw_product_position || 1;\n\t\twindow.pmwDataLayer.products[4555]['position'] = window.pmw_product_position++;\n\t\t\t\t<\/script>\n\t\t<\/div><\/div><\/li><\/ul>\n<\/div>\n<p>&nbsp;<\/p>\n<div class=\"kad-youtube-shortcode videofit\"  ><iframe loading=\"lazy\" width=\"600\" height=\"400\" src=\"https:\/\/www.youtube.com\/embed\/aFK-xvHhXC0?autoplay=0&controls=1&fs=1&modestbranding=0&theme=dark&rel=0&loop=0\" frameborder=\"0\" allowfullscreen=\"true\"><\/iframe><\/div>\n","protected":false},"excerpt":{"rendered":"<p><strong>Set para barbacoa Arcos N\u00f3rdika con mango de madera<\/strong>, formado por tenedor y cuchillo trinchadores, con hoja de <strong>acero inoxidable Nitrum\u00ae<\/strong>. Fabricado en Espa\u00f1a.&hellip; <a class=\"kt-excerpt-readmore more-link\" href=\"https:\/\/www.cuchillalia.com\/en\/producto\/set-barbacoa-cuchillo-tenedor-arcos-nordika-167000\/\" aria-label=\"Set para barbacoa de cuchillo y tenedor Arcos N\u00f3rdika 167000\">Read More<\/a><\/p>\n","protected":false},"featured_media":159367,"comment_status":"open","ping_status":"closed","template":"","meta":[],"product_brand":[],"product_cat":[8354,8829,8302],"product_tag":[],"class_list":{"0":"post-159379","1":"product","2":"type-product","3":"status-publish","4":"has-post-thumbnail","6":"product_cat-juegos-de-cuchillos","7":"product_cat-nordika","8":"product_cat-tenedores-trinchadores","10":"first","11":"instock","12":"taxable","13":"shipping-taxable","14":"purchasable","15":"product-type-simple"},"yoast_head":"<!-- This site is optimized with the Yoast SEO plugin v27.5 - https:\/\/yoast.com\/product\/yoast-seo-wordpress\/ -->\n<title>Set para barbacoa Arcos N\u00f3rdika | Cuchillo y tenedor | Cuchillalia.com<\/title>\n<meta name=\"description\" content=\"Set para barbacoa, cuchillo y tenedor trinchadores, Arcos N\u00f3rdika, de mango de madera. Referencia 167000. Acero inoxidable Nitrum\u00ae\" \/>\n<meta name=\"robots\" content=\"index, follow, max-snippet:-1, max-image-preview:large, max-video-preview:-1\" \/>\n<link rel=\"canonical\" href=\"https:\/\/www.cuchillalia.com\/producto\/set-barbacoa-cuchillo-tenedor-arcos-nordika-167000\/\" \/>\n<meta property=\"og:locale\" content=\"en_US\" \/>\n<meta property=\"og:type\" content=\"article\" \/>\n<meta property=\"og:title\" content=\"Set para barbacoa Arcos N\u00f3rdika | Cuchillo y tenedor | Cuchillalia.com\" \/>\n<meta property=\"og:description\" content=\"Set para barbacoa, cuchillo y tenedor trinchadores, Arcos N\u00f3rdika, de mango de madera. Referencia 167000. Acero inoxidable Nitrum\u00ae\" \/>\n<meta property=\"og:url\" content=\"https:\/\/www.cuchillalia.com\/producto\/set-barbacoa-cuchillo-tenedor-arcos-nordika-167000\/\" \/>\n<meta property=\"og:site_name\" content=\"Cuchillalia.com\" \/>\n<meta property=\"article:publisher\" content=\"http:\/\/www.facebook.com\/cuchillalia\" \/>\n<meta property=\"article:modified_time\" content=\"2026-03-20T11:53:43+00:00\" \/>\n<meta property=\"og:image\" content=\"https:\/\/www.cuchillalia.com\/wordpress\/wp-content\/uploads\/2022\/04\/set-barbacoa-cuchillo-tenedor-arcos-nordika-167000.jpg\" \/>\n\t<meta property=\"og:image:width\" content=\"1600\" \/>\n\t<meta property=\"og:image:height\" content=\"1600\" \/>\n\t<meta property=\"og:image:type\" content=\"image\/jpeg\" \/>\n<meta name=\"twitter:card\" content=\"summary_large_image\" \/>\n<meta name=\"twitter:site\" content=\"@Cuchillalia\" \/>\n<meta name=\"twitter:label1\" content=\"Est. reading time\" \/>\n\t<meta name=\"twitter:data1\" content=\"2 minutes\" \/>\n<!-- \/ Yoast SEO plugin. -->","yoast_head_json":{"title":"Set para barbacoa Arcos N\u00f3rdika | Cuchillo y tenedor | Cuchillalia.com","description":"Set para barbacoa, cuchillo y tenedor trinchadores, Arcos N\u00f3rdika, de mango de madera. Referencia 167000. Acero inoxidable Nitrum\u00ae","robots":{"index":"index","follow":"follow","max-snippet":"max-snippet:-1","max-image-preview":"max-image-preview:large","max-video-preview":"max-video-preview:-1"},"canonical":"https:\/\/www.cuchillalia.com\/producto\/set-barbacoa-cuchillo-tenedor-arcos-nordika-167000\/","og_locale":"en_US","og_type":"article","og_title":"Set para barbacoa Arcos N\u00f3rdika | Cuchillo y tenedor | Cuchillalia.com","og_description":"Set para barbacoa, cuchillo y tenedor trinchadores, Arcos N\u00f3rdika, de mango de madera. Referencia 167000. Acero inoxidable Nitrum\u00ae","og_url":"https:\/\/www.cuchillalia.com\/producto\/set-barbacoa-cuchillo-tenedor-arcos-nordika-167000\/","og_site_name":"Cuchillalia.com","article_publisher":"http:\/\/www.facebook.com\/cuchillalia","article_modified_time":"2026-03-20T11:53:43+00:00","og_image":[{"width":1600,"height":1600,"url":"https:\/\/www.cuchillalia.com\/wordpress\/wp-content\/uploads\/2022\/04\/set-barbacoa-cuchillo-tenedor-arcos-nordika-167000.jpg","type":"image\/jpeg"}],"twitter_card":"summary_large_image","twitter_site":"@Cuchillalia","twitter_misc":{"Est. reading time":"2 minutes"},"schema":{"@context":"https:\/\/schema.org","@graph":[{"@type":"WebPage","@id":"https:\/\/www.cuchillalia.com\/producto\/set-barbacoa-cuchillo-tenedor-arcos-nordika-167000\/","url":"https:\/\/www.cuchillalia.com\/producto\/set-barbacoa-cuchillo-tenedor-arcos-nordika-167000\/","name":"Set para barbacoa Arcos N\u00f3rdika | Cuchillo y tenedor | Cuchillalia.com","isPartOf":{"@id":"https:\/\/www.cuchillalia.com\/#website"},"primaryImageOfPage":{"@id":"https:\/\/www.cuchillalia.com\/producto\/set-barbacoa-cuchillo-tenedor-arcos-nordika-167000\/#primaryimage"},"image":{"@id":"https:\/\/www.cuchillalia.com\/producto\/set-barbacoa-cuchillo-tenedor-arcos-nordika-167000\/#primaryimage"},"thumbnailUrl":"https:\/\/www.cuchillalia.com\/wordpress\/wp-content\/uploads\/2022\/04\/set-barbacoa-cuchillo-tenedor-arcos-nordika-167000.jpg","datePublished":"2022-04-25T07:45:30+00:00","dateModified":"2026-03-20T11:53:43+00:00","description":"Set para barbacoa, cuchillo y tenedor trinchadores, Arcos N\u00f3rdika, de mango de madera. Referencia 167000. Acero inoxidable Nitrum\u00ae","breadcrumb":{"@id":"https:\/\/www.cuchillalia.com\/producto\/set-barbacoa-cuchillo-tenedor-arcos-nordika-167000\/#breadcrumb"},"inLanguage":"en-US","potentialAction":[{"@type":"ReadAction","target":["https:\/\/www.cuchillalia.com\/producto\/set-barbacoa-cuchillo-tenedor-arcos-nordika-167000\/"]}]},{"@type":"ImageObject","inLanguage":"en-US","@id":"https:\/\/www.cuchillalia.com\/producto\/set-barbacoa-cuchillo-tenedor-arcos-nordika-167000\/#primaryimage","url":"https:\/\/www.cuchillalia.com\/wordpress\/wp-content\/uploads\/2022\/04\/set-barbacoa-cuchillo-tenedor-arcos-nordika-167000.jpg","contentUrl":"https:\/\/www.cuchillalia.com\/wordpress\/wp-content\/uploads\/2022\/04\/set-barbacoa-cuchillo-tenedor-arcos-nordika-167000.jpg","width":1600,"height":1600,"caption":"Set barbacoa Arcos N\u00f3rdika | Cuchillo y tenedor | Cuchillalia.com"},{"@type":"BreadcrumbList","@id":"https:\/\/www.cuchillalia.com\/producto\/set-barbacoa-cuchillo-tenedor-arcos-nordika-167000\/#breadcrumb","itemListElement":[{"@type":"ListItem","position":1,"name":"Cuchillalia","item":"https:\/\/www.cuchillalia.com\/en\/"},{"@type":"ListItem","position":2,"name":"Tienda","item":"https:\/\/www.cuchillalia.com\/tienda\/"},{"@type":"ListItem","position":3,"name":"Marcas","item":"https:\/\/www.cuchillalia.com\/categoria\/marcas\/"},{"@type":"ListItem","position":4,"name":"Arcos","item":"https:\/\/www.cuchillalia.com\/categoria\/marcas\/arcos\/"},{"@type":"ListItem","position":5,"name":"Serie N\u00f3rdika","item":"https:\/\/www.cuchillalia.com\/categoria\/marcas\/arcos\/nordika\/"},{"@type":"ListItem","position":6,"name":"Set para barbacoa de cuchillo y tenedor Arcos N\u00f3rdika 167000"}]},{"@type":"WebSite","@id":"https:\/\/www.cuchillalia.com\/#website","url":"https:\/\/www.cuchillalia.com\/","name":"Cuchillalia.com","description":"","publisher":{"@id":"https:\/\/www.cuchillalia.com\/#organization"},"potentialAction":[{"@type":"SearchAction","target":{"@type":"EntryPoint","urlTemplate":"https:\/\/www.cuchillalia.com\/?s={search_term_string}"},"query-input":{"@type":"PropertyValueSpecification","valueRequired":true,"valueName":"search_term_string"}}],"inLanguage":"en-US"},{"@type":"Organization","@id":"https:\/\/www.cuchillalia.com\/#organization","name":"Cuchillalia","url":"https:\/\/www.cuchillalia.com\/","logo":{"@type":"ImageObject","inLanguage":"en-US","@id":"https:\/\/www.cuchillalia.com\/#\/schema\/logo\/image\/","url":"https:\/\/www.cuchillalia.com\/wordpress\/wp-content\/uploads\/2021\/03\/logo-cuchillalia-jpg.jpg","contentUrl":"https:\/\/www.cuchillalia.com\/wordpress\/wp-content\/uploads\/2021\/03\/logo-cuchillalia-jpg.jpg","width":276,"height":192,"caption":"Cuchillalia"},"image":{"@id":"https:\/\/www.cuchillalia.com\/#\/schema\/logo\/image\/"},"sameAs":["http:\/\/www.facebook.com\/cuchillalia","https:\/\/x.com\/Cuchillalia"]}]}},"_links":{"self":[{"href":"https:\/\/www.cuchillalia.com\/en\/wp-json\/wp\/v2\/product\/159379","targetHints":{"allow":["GET"]}}],"collection":[{"href":"https:\/\/www.cuchillalia.com\/en\/wp-json\/wp\/v2\/product"}],"about":[{"href":"https:\/\/www.cuchillalia.com\/en\/wp-json\/wp\/v2\/types\/product"}],"replies":[{"embeddable":true,"href":"https:\/\/www.cuchillalia.com\/en\/wp-json\/wp\/v2\/comments?post=159379"}],"wp:featuredmedia":[{"embeddable":true,"href":"https:\/\/www.cuchillalia.com\/en\/wp-json\/wp\/v2\/media\/159367"}],"wp:attachment":[{"href":"https:\/\/www.cuchillalia.com\/en\/wp-json\/wp\/v2\/media?parent=159379"}],"wp:term":[{"taxonomy":"product_brand","embeddable":true,"href":"https:\/\/www.cuchillalia.com\/en\/wp-json\/wp\/v2\/product_brand?post=159379"},{"taxonomy":"product_cat","embeddable":true,"href":"https:\/\/www.cuchillalia.com\/en\/wp-json\/wp\/v2\/product_cat?post=159379"},{"taxonomy":"product_tag","embeddable":true,"href":"https:\/\/www.cuchillalia.com\/en\/wp-json\/wp\/v2\/product_tag?post=159379"}],"curies":[{"name":"wp","href":"https:\/\/api.w.org\/{rel}","templated":true}]}}