{"id":156486,"date":"2021-11-12T11:28:23","date_gmt":"2021-11-12T10:28:23","guid":{"rendered":"https:\/\/www.cuchillalia.com\/?post_type=product&#038;p=156486"},"modified":"2026-02-13T15:16:47","modified_gmt":"2026-02-13T14:16:47","slug":"woll-eco-lite-1728eli-sarten-alta-zafiro-28-cm","status":"publish","type":"product","link":"https:\/\/www.cuchillalia.com\/en\/producto\/woll-eco-lite-1728eli-sarten-alta-zafiro-28-cm\/","title":{"rendered":"Sart\u00e9n alta de zafiro de 28 cm Woll ECO Lite 1728ELI"},"content":{"rendered":"<p>Las sartenes de la serie ECO Lite de Woll son un nuevo concepto en la marca alemana, mejorando bastante la relaci\u00f3n calidad\/precio de sus productos.<\/p>\n<p>Cabe destacar los siguientes puntos que permiten un menor impacto sobre el medio ambiente, adem\u00e1s de abaratar el producto:<\/p>\n<ul>\n<li>Las sartenes <strong>ECO Lite de Woll<\/strong> se fabrican con aluminio <strong>100% reciclado<\/strong> y certificado.<\/li>\n<li>La presentaci\u00f3n del producto se basa \u00fanicamente en un cart\u00f3n protector fabricado a partir de material reciclado e impreso a un solo color con tinta ecol\u00f3gica. Se puede compostar.<\/li>\n<li>Se fabrican con menos de material, consigui\u00e9ndose un 35% de ahorro en peso sobre las sartenes de la serie <a href='https:\/\/www.cuchillalia.com\/categoria\/marcas\/woll\/diamond-lite\/'><strong>Diamond Lite<\/strong><\/a>, que ya eran m\u00e1s ligeras que las originales <a href='https:\/\/www.cuchillalia.com\/categoria\/marcas\/woll\/titanium-nowo\/'><strong>Woll Titanium Nowo<\/strong><\/a>.<\/li>\n<li>Al ser m\u00e1s ligeras se ahorra ya que se necesita menos energ\u00eda para calentar una sart\u00e9n m\u00e1s liviana.<\/li>\n<li>Mangos extra\u00edbles fabricados a base de material de proximidad. Y si se te pierde, no te preocupes, tenemos el <a href='https:\/\/www.cuchillalia.com\/producto\/recambio-mango-desmontable-sarten-woll-eco-lite-sp-dh-el\/'><strong>mango de recambio para las sartenes Woll ECO Lite<\/strong><\/a>.<\/li>\n<li>Sartenes <strong>aptas para limpiar en el lavavajillas<\/strong>. Ahorro tambi\u00e9n en el lavado.<\/li>\n<li>Base <strong>100% inducci\u00f3n<\/strong> para una cocci\u00f3n m\u00e1s eficiente.<\/li>\n<li>Y adem\u00e1s <strong>reciclable<\/strong>.<\/li>\n<\/ul>\n<p>\u00a1Es dif\u00edcil que sean m\u00e1s ECO!<\/p>\n<p>Pero es que adem\u00e1s:<\/p>\n<ul>\n<li>El recubrimiento de zafiro de las sartenes es resistente a la abrasi\u00f3n, antiadherente y <strong>libre de PFOA<\/strong>.<\/li>\n<li>Toda la gama de sartenes ECO Lite de Woll es apta para meter en el horno. Por comodidad, podremos extraer el mango y as\u00ed usarlo en hornos m\u00e1s peque\u00f1os, aunque admite hasta 220\u00baC.<\/li>\n<li>Gracias a que el mango es extra\u00edble, se puede guardar ocupando menos espacio.<\/li>\n<li>Aptas para todo tipo de fuegos.<\/li>\n<\/ul>\n<p>REUTILIZAR &#8211; REDUCIR &#8211; RECICLAR<\/p>\n<p>Reutilizar materias primas.\u00a0Reducir el consumo de energ\u00eda.\u00a0Reciclaje de materiales.<\/p>\n<p>Las sartenes Woll son ligeras, antiadherentes y duraderas. Tienen lo mejor de la marca alemana con una relaci\u00f3n calidad precio insuperable.<\/p>\n<h2>Tabla de caracter\u00edsticas sart\u00e9n alta de zafiro de 28 cm Woll<\/h2>\n<div class='tabla-caracteristicas'>\n<div class='fila'><span class='etiqueta'>Nombre comercial:<\/span><span class='valor'><strong>Sart\u00e9n honda 28 cm ECO Lite<\/strong><\/span><\/div>\n<div class='fila'><span class='etiqueta'>Fabricante:<\/span><span class='valor'>Woll<\/span><\/div>\n<div class='fila'><span class='etiqueta'>Referencia del fabricante:<\/span><span class='valor'>1728ELI<\/span><\/div>\n<div class='fila'><span class='etiqueta'>Tipo de mango:<\/span><span class='valor'>Mango desmontable<\/span><\/div>\n<div class='fila'><span class='etiqueta'>Material:<\/span><span class='valor'>&#8211; 100% aluminio reciclado.<br \/>\n&#8211; Revestimiento de zafiro<\/span><\/div>\n<div class='fila'><span class='etiqueta'>Peso del producto:<\/span><span class='valor'>Con mango:     1,35 kg<br \/>\nSin mango:     1,2 kg<\/span><\/div>\n<div class='fila'><span class='etiqueta'>Presentaci\u00f3n del producto:<\/span><span class='valor'>Envase de cart\u00f3n reciclado<\/span><\/div>\n<div class='fila'><span class='etiqueta'>Di\u00e1metro:<\/span><span class='valor'>28 cm<\/span><\/div>\n<div class='fila'><span class='etiqueta'>Altura:<\/span><span class='valor'>7 cm<\/span><\/div>\n<div class='fila'><span class='etiqueta'>\u00bfEs apto para inducci\u00f3n?:<\/span><span class='valor'>Si<\/span><\/div>\n<div class='fila'><span class='etiqueta'>\u00bfEs apto para horno?:<\/span><span class='valor'>Si, hasta 200\u00baC sin el mango extra\u00edble<\/span><\/div>\n<div class='fila'><span class='etiqueta'>\u00bfEs apto para el lavavajillas?:<\/span><span class='valor'>Si<\/span><\/div>\n<div class='fila'><span class='etiqueta'>\u00bfIncluye tapa?:<\/span><span class='valor'>No, pero se puede comprar aparte<\/span><\/div>\n<div class='fila'><span class='etiqueta'>\u00bfEs desmontable?:<\/span><span class='valor'>Mango desmontable para el uso en el horno y para ahorro de espacio en el almacenamiento.<\/span><\/div>\n<div class='fila'><span class='etiqueta'>\u00bfDonde se fabrica?:<\/span><span class='valor'>Alemania<\/span><\/div>\n<div class='fila'><span class='etiqueta'>\u00bfQu\u00e9 garant\u00eda tiene?:<\/span><span class='valor'>3 a\u00f1os de garant\u00eda en el cuerpo de la sart\u00e9n y el revestimiento antiadherente<\/span><\/div>\n<div class='fila'><span class='etiqueta'>C\u00f3digo de barras (GTIN):<\/span><span class='valor'>4054359017987<\/span><\/div>\n<\/div>\n<h3>Mango de repuesto para las sartenes Woll ECO Lite<\/h3>\n<p>Si necesitas reponer el mango o prefieres tener alguno de sobra por comodidad, solo tienes que a\u00f1adirlo al carrito:<\/p>\n<div class=\"woocommerce columns-4 \"><ul class=\"products kad_product_wrapper rowtight shopcolumn4 shopfullwidth init-isotope-intrinsic kt-show-rating  reinit-isotope\" data-nextselector=\".woocommerce-pagination a.next\" data-navselector=\".woocommerce-pagination\" data-itemselector=\".kad_product\" data-itemloadselector=\".kt_item_fade_in\" data-iso-selector=\".kad_product\" data-iso-style=\"fitRows\" data-iso-filter=\"true\">\n<li class=\"product type-product post-229156 status-publish first instock product_cat-recambios-woll has-post-thumbnail taxable shipping-taxable purchasable product-type-simple col-xxl-2 col-xl-25 col-md-3 col-sm-4 col-xs-6 col-ss-6 recambios-woll kad_product\">\n\t<div class=\"grid_item product_item clearfix kt_item_fade_in\"><a href=\"https:\/\/www.cuchillalia.com\/en\/producto\/recambio-mango-desmontable-sarten-woll-eco-lite-sp-dh-el\/\" class=\"product_item_link product_img_link\"><div class=\"kad-product-noflipper kt-product-hardcrop kt-product-intrinsic\" style=\"padding-bottom:100%;\"><div class=\"kt-product-animation-contain\"><img decoding=\"async\" src=\"https:\/\/www.cuchillalia.com\/wordpress\/wp-content\/uploads\/2024\/08\/mango-woll-eco-lite-sp-dh-el-300x300.jpg\" srcset=\"https:\/\/www.cuchillalia.com\/wordpress\/wp-content\/uploads\/2024\/08\/mango-woll-eco-lite-sp-dh-el-300x300.jpg 300w, https:\/\/www.cuchillalia.com\/wordpress\/wp-content\/uploads\/2024\/08\/mango-woll-eco-lite-sp-dh-el-150x150.jpg 150w, https:\/\/www.cuchillalia.com\/wordpress\/wp-content\/uploads\/2024\/08\/mango-woll-eco-lite-sp-dh-el-768x768.jpg 768w, https:\/\/www.cuchillalia.com\/wordpress\/wp-content\/uploads\/2024\/08\/mango-woll-eco-lite-sp-dh-el-200x200.jpg 200w, https:\/\/www.cuchillalia.com\/wordpress\/wp-content\/uploads\/2024\/08\/mango-woll-eco-lite-sp-dh-el-566x566.jpg 566w, https:\/\/www.cuchillalia.com\/wordpress\/wp-content\/uploads\/2024\/08\/mango-woll-eco-lite-sp-dh-el-100x100.jpg 100w, https:\/\/www.cuchillalia.com\/wordpress\/wp-content\/uploads\/2024\/08\/mango-woll-eco-lite-sp-dh-el-720x720.jpg 720w, https:\/\/www.cuchillalia.com\/wordpress\/wp-content\/uploads\/2024\/08\/mango-woll-eco-lite-sp-dh-el-360x360.jpg 360w, https:\/\/www.cuchillalia.com\/wordpress\/wp-content\/uploads\/2024\/08\/mango-woll-eco-lite-sp-dh-el-600x600.jpg 600w, https:\/\/www.cuchillalia.com\/wordpress\/wp-content\/uploads\/2024\/08\/mango-woll-eco-lite-sp-dh-el-800x800.jpg 800w, https:\/\/www.cuchillalia.com\/wordpress\/wp-content\/uploads\/2024\/08\/mango-woll-eco-lite-sp-dh-el-400x400.jpg 400w, https:\/\/www.cuchillalia.com\/wordpress\/wp-content\/uploads\/2024\/08\/mango-woll-eco-lite-sp-dh-el.jpg 900w\" sizes=\"(max-width: 300px) 100vw, 300px\"  alt=\"Mango de recambio para las sartenes Woll ECO Lite - SP-DH-EL - Cuchillalia.com\" width=\"300\" height=\"300\" class=\"attachment-shop_catalog wp-post-image size-300x300\"><\/div><\/div><\/a> \n\n\t<div class=\"details_product_item\"><div class=\"product_details\"><a href=\"https:\/\/www.cuchillalia.com\/en\/producto\/recambio-mango-desmontable-sarten-woll-eco-lite-sp-dh-el\/\" class=\"product_item_link\"><h3 class=\"product_archive_title\">Mango desmontable original de recambio para sartenes Woll ECO Lite<\/h3><\/a><\/div>\t\t\n\t<a href=\"https:\/\/www.cuchillalia.com\/en\/producto\/recambio-mango-desmontable-sarten-woll-eco-lite-sp-dh-el\/\"><span class=\"kt-notrated\">not rated<\/span><\/a>\n\t<span class=\"price\"><span class=\"woocommerce-Price-amount amount\"><bdi>12,30<span class=\"woocommerce-Price-currencySymbol\">&euro;<\/span><\/bdi><\/span><\/span>\n<div class=\"clearfix\"><\/div><\/div>\n\t<div class=\"product_action_wrap\"><a href=\"\/en\/wp-json\/wp\/v2\/product\/156486?add-to-cart=229156\" aria-describedby=\"woocommerce_loop_add_to_cart_link_describedby_229156\" data-quantity=\"1\" class=\"button product_type_simple add_to_cart_button ajax_add_to_cart\" data-product_id=\"229156\" data-product_sku=\"WO_SP-DH-EL\" aria-label=\"Add to cart: &ldquo;Mango desmontable original de recambio para sartenes Woll ECO Lite&rdquo;\" rel=\"nofollow\" data-success_message=\"&ldquo;Mango desmontable original de recambio para sartenes Woll ECO Lite&rdquo; has been added to your cart\" role=\"button\">Add to cart<\/a>\t<span id=\"woocommerce_loop_add_to_cart_link_describedby_229156\" class=\"screen-reader-text\">\n\t\t\t<\/span>\n\t\t\t<input type=\"hidden\" class=\"pmwProductId\" data-id=\"229156\">\n\t\t\t\t\t<script>\n\t\t\t(window.pmwDataLayer = window.pmwDataLayer || {}).products                = window.pmwDataLayer.products || {};\n\t\t\twindow.pmwDataLayer.products[229156] = {\"id\":\"229156\",\"sku\":\"WO_SP-DH-EL\",\"price\":12.300000000000001,\"brand\":\"\",\"quantity\":1,\"dyn_r_ids\":{\"post_id\":\"229156\",\"sku\":\"WO_SP-DH-EL\",\"gpf\":\"woocommerce_gpf_229156\",\"gla\":\"gla_229156\"},\"is_variable\":false,\"type\":\"simple\",\"name\":\"Mango desmontable original de recambio para sartenes Woll ECO Lite\",\"category\":[\"Mangos y asas de recambio para sartenes y ollas Woll\"],\"is_variation\":false};\n\t\t\t\t\twindow.pmw_product_position = window.pmw_product_position || 1;\n\t\twindow.pmwDataLayer.products[229156]['position'] = window.pmw_product_position++;\n\t\t\t\t<\/script>\n\t\t<\/div><\/div><\/li><\/ul>\n<\/div>\n","protected":false},"excerpt":{"rendered":"<p><strong>Sart\u00e9n alta con superficie de zafiro de 28 cm Woll ECO Lite 1728ELI<\/strong>, apta para <strong>Inducci\u00f3n<\/strong>. <em>Mango desmontable<\/em> para meterla en el horno y tambi\u00e9n facilitar su almacenaje.&hellip; <a class=\"kt-excerpt-readmore more-link\" href=\"https:\/\/www.cuchillalia.com\/en\/producto\/woll-eco-lite-1728eli-sarten-alta-zafiro-28-cm\/\" aria-label=\"Sart\u00e9n alta de zafiro de 28 cm Woll ECO Lite 1728ELI\">Read More<\/a><\/p>\n","protected":false},"featured_media":156502,"comment_status":"open","ping_status":"closed","template":"","meta":[],"product_brand":[],"product_cat":[8403,8782],"product_tag":[],"class_list":{"0":"post-156486","1":"product","2":"type-product","3":"status-publish","4":"has-post-thumbnail","6":"product_cat-sartenes","7":"product_cat-eco-lite","9":"first","10":"outofstock","11":"taxable","12":"shipping-taxable","13":"purchasable","14":"product-type-simple"},"yoast_head":"<!-- This site is optimized with the Yoast SEO plugin v27.5 - https:\/\/yoast.com\/product\/yoast-seo-wordpress\/ -->\n<title>Sart\u00e9n de zafiro alta de 28 cm con mango extra\u00edble Woll ECO Lite 1728ELI<\/title>\n<meta name=\"description\" content=\"Sart\u00e9n alta con superficie de zafiro Woll ECO Lite 1728ELI, fabricada en Alemania, con mango extra\u00edble. Apta para horno y lavavajillas.\" \/>\n<meta name=\"robots\" content=\"index, follow, max-snippet:-1, max-image-preview:large, max-video-preview:-1\" \/>\n<link rel=\"canonical\" href=\"https:\/\/www.cuchillalia.com\/producto\/woll-eco-lite-1520eli-sarten-zafiro-20-cm\/\" \/>\n<meta property=\"og:locale\" content=\"en_US\" \/>\n<meta property=\"og:type\" content=\"article\" \/>\n<meta property=\"og:title\" content=\"Sart\u00e9n de zafiro alta de 28 cm con mango extra\u00edble Woll ECO Lite 1728ELI\" \/>\n<meta property=\"og:description\" content=\"Sart\u00e9n alta con superficie de zafiro Woll ECO Lite 1728ELI, fabricada en Alemania, con mango extra\u00edble. Apta para horno y lavavajillas.\" \/>\n<meta property=\"og:url\" content=\"https:\/\/www.cuchillalia.com\/producto\/woll-eco-lite-1520eli-sarten-zafiro-20-cm\/\" \/>\n<meta property=\"og:site_name\" content=\"Cuchillalia.com\" \/>\n<meta property=\"article:publisher\" content=\"http:\/\/www.facebook.com\/cuchillalia\" \/>\n<meta property=\"article:modified_time\" content=\"2026-02-13T14:16:47+00:00\" \/>\n<meta property=\"og:image\" content=\"https:\/\/www.cuchillalia.com\/wordpress\/wp-content\/uploads\/2021\/11\/woll-eco-lite-1728eli-sarten-alta-zafiro-28-cm.jpg.jpg\" \/>\n\t<meta property=\"og:image:width\" content=\"1600\" \/>\n\t<meta property=\"og:image:height\" content=\"1600\" \/>\n\t<meta property=\"og:image:type\" content=\"image\/jpeg\" \/>\n<meta name=\"twitter:card\" content=\"summary_large_image\" \/>\n<meta name=\"twitter:site\" content=\"@Cuchillalia\" \/>\n<meta name=\"twitter:label1\" content=\"Est. reading time\" \/>\n\t<meta name=\"twitter:data1\" content=\"3 minutes\" \/>\n<!-- \/ Yoast SEO plugin. -->","yoast_head_json":{"title":"Sart\u00e9n de zafiro alta de 28 cm con mango extra\u00edble Woll ECO Lite 1728ELI","description":"Sart\u00e9n alta con superficie de zafiro Woll ECO Lite 1728ELI, fabricada en Alemania, con mango extra\u00edble. Apta para horno y lavavajillas.","robots":{"index":"index","follow":"follow","max-snippet":"max-snippet:-1","max-image-preview":"max-image-preview:large","max-video-preview":"max-video-preview:-1"},"canonical":"https:\/\/www.cuchillalia.com\/producto\/woll-eco-lite-1520eli-sarten-zafiro-20-cm\/","og_locale":"en_US","og_type":"article","og_title":"Sart\u00e9n de zafiro alta de 28 cm con mango extra\u00edble Woll ECO Lite 1728ELI","og_description":"Sart\u00e9n alta con superficie de zafiro Woll ECO Lite 1728ELI, fabricada en Alemania, con mango extra\u00edble. Apta para horno y lavavajillas.","og_url":"https:\/\/www.cuchillalia.com\/producto\/woll-eco-lite-1520eli-sarten-zafiro-20-cm\/","og_site_name":"Cuchillalia.com","article_publisher":"http:\/\/www.facebook.com\/cuchillalia","article_modified_time":"2026-02-13T14:16:47+00:00","og_image":[{"width":1600,"height":1600,"url":"https:\/\/www.cuchillalia.com\/wordpress\/wp-content\/uploads\/2021\/11\/woll-eco-lite-1728eli-sarten-alta-zafiro-28-cm.jpg.jpg","type":"image\/jpeg"}],"twitter_card":"summary_large_image","twitter_site":"@Cuchillalia","twitter_misc":{"Est. reading time":"3 minutes"},"schema":{"@context":"https:\/\/schema.org","@graph":[{"@type":"WebPage","@id":"https:\/\/www.cuchillalia.com\/producto\/woll-eco-lite-1728eli-sarten-alta-zafiro-28-cm\/","url":"https:\/\/www.cuchillalia.com\/producto\/woll-eco-lite-1520eli-sarten-zafiro-20-cm\/","name":"Sart\u00e9n de zafiro alta de 28 cm con mango extra\u00edble Woll ECO Lite 1728ELI","isPartOf":{"@id":"https:\/\/www.cuchillalia.com\/#website"},"primaryImageOfPage":{"@id":"https:\/\/www.cuchillalia.com\/producto\/woll-eco-lite-1520eli-sarten-zafiro-20-cm\/#primaryimage"},"image":{"@id":"https:\/\/www.cuchillalia.com\/producto\/woll-eco-lite-1520eli-sarten-zafiro-20-cm\/#primaryimage"},"thumbnailUrl":"https:\/\/www.cuchillalia.com\/wordpress\/wp-content\/uploads\/2021\/11\/woll-eco-lite-1728eli-sarten-alta-zafiro-28-cm.jpg.jpg","datePublished":"2021-11-12T10:28:23+00:00","dateModified":"2026-02-13T14:16:47+00:00","description":"Sart\u00e9n alta con superficie de zafiro Woll ECO Lite 1728ELI, fabricada en Alemania, con mango extra\u00edble. Apta para horno y lavavajillas.","breadcrumb":{"@id":"https:\/\/www.cuchillalia.com\/producto\/woll-eco-lite-1520eli-sarten-zafiro-20-cm\/#breadcrumb"},"inLanguage":"en-US","potentialAction":[{"@type":"ReadAction","target":["https:\/\/www.cuchillalia.com\/producto\/woll-eco-lite-1520eli-sarten-zafiro-20-cm\/"]}]},{"@type":"ImageObject","inLanguage":"en-US","@id":"https:\/\/www.cuchillalia.com\/producto\/woll-eco-lite-1520eli-sarten-zafiro-20-cm\/#primaryimage","url":"https:\/\/www.cuchillalia.com\/wordpress\/wp-content\/uploads\/2021\/11\/woll-eco-lite-1728eli-sarten-alta-zafiro-28-cm.jpg.jpg","contentUrl":"https:\/\/www.cuchillalia.com\/wordpress\/wp-content\/uploads\/2021\/11\/woll-eco-lite-1728eli-sarten-alta-zafiro-28-cm.jpg.jpg","width":1600,"height":1600,"caption":"Sart\u00e9n de zafiro alta de 28 cm Woll ECO Lite 1728ELI"},{"@type":"BreadcrumbList","@id":"https:\/\/www.cuchillalia.com\/producto\/woll-eco-lite-1520eli-sarten-zafiro-20-cm\/#breadcrumb","itemListElement":[{"@type":"ListItem","position":1,"name":"Cuchillalia","item":"https:\/\/www.cuchillalia.com\/en\/"},{"@type":"ListItem","position":2,"name":"Tienda","item":"https:\/\/www.cuchillalia.com\/tienda\/"},{"@type":"ListItem","position":3,"name":"Marcas","item":"https:\/\/www.cuchillalia.com\/categoria\/marcas\/"},{"@type":"ListItem","position":4,"name":"Woll","item":"https:\/\/www.cuchillalia.com\/categoria\/marcas\/woll\/"},{"@type":"ListItem","position":5,"name":"ECO Lite","item":"https:\/\/www.cuchillalia.com\/categoria\/marcas\/woll\/eco-lite\/"},{"@type":"ListItem","position":6,"name":"Sart\u00e9n alta de zafiro de 28 cm Woll ECO Lite 1728ELI"}]},{"@type":"WebSite","@id":"https:\/\/www.cuchillalia.com\/#website","url":"https:\/\/www.cuchillalia.com\/","name":"Cuchillalia.com","description":"","publisher":{"@id":"https:\/\/www.cuchillalia.com\/#organization"},"potentialAction":[{"@type":"SearchAction","target":{"@type":"EntryPoint","urlTemplate":"https:\/\/www.cuchillalia.com\/?s={search_term_string}"},"query-input":{"@type":"PropertyValueSpecification","valueRequired":true,"valueName":"search_term_string"}}],"inLanguage":"en-US"},{"@type":"Organization","@id":"https:\/\/www.cuchillalia.com\/#organization","name":"Cuchillalia","url":"https:\/\/www.cuchillalia.com\/","logo":{"@type":"ImageObject","inLanguage":"en-US","@id":"https:\/\/www.cuchillalia.com\/#\/schema\/logo\/image\/","url":"https:\/\/www.cuchillalia.com\/wordpress\/wp-content\/uploads\/2021\/03\/logo-cuchillalia-jpg.jpg","contentUrl":"https:\/\/www.cuchillalia.com\/wordpress\/wp-content\/uploads\/2021\/03\/logo-cuchillalia-jpg.jpg","width":276,"height":192,"caption":"Cuchillalia"},"image":{"@id":"https:\/\/www.cuchillalia.com\/#\/schema\/logo\/image\/"},"sameAs":["http:\/\/www.facebook.com\/cuchillalia","https:\/\/x.com\/Cuchillalia"]}]}},"_links":{"self":[{"href":"https:\/\/www.cuchillalia.com\/en\/wp-json\/wp\/v2\/product\/156486","targetHints":{"allow":["GET"]}}],"collection":[{"href":"https:\/\/www.cuchillalia.com\/en\/wp-json\/wp\/v2\/product"}],"about":[{"href":"https:\/\/www.cuchillalia.com\/en\/wp-json\/wp\/v2\/types\/product"}],"replies":[{"embeddable":true,"href":"https:\/\/www.cuchillalia.com\/en\/wp-json\/wp\/v2\/comments?post=156486"}],"wp:featuredmedia":[{"embeddable":true,"href":"https:\/\/www.cuchillalia.com\/en\/wp-json\/wp\/v2\/media\/156502"}],"wp:attachment":[{"href":"https:\/\/www.cuchillalia.com\/en\/wp-json\/wp\/v2\/media?parent=156486"}],"wp:term":[{"taxonomy":"product_brand","embeddable":true,"href":"https:\/\/www.cuchillalia.com\/en\/wp-json\/wp\/v2\/product_brand?post=156486"},{"taxonomy":"product_cat","embeddable":true,"href":"https:\/\/www.cuchillalia.com\/en\/wp-json\/wp\/v2\/product_cat?post=156486"},{"taxonomy":"product_tag","embeddable":true,"href":"https:\/\/www.cuchillalia.com\/en\/wp-json\/wp\/v2\/product_tag?post=156486"}],"curies":[{"name":"wp","href":"https:\/\/api.w.org\/{rel}","templated":true}]}}