{"id":156350,"date":"2021-10-29T19:26:22","date_gmt":"2021-10-29T17:26:22","guid":{"rendered":"https:\/\/www.cuchillalia.com\/?post_type=product&#038;p=156350"},"modified":"2026-04-19T17:02:06","modified_gmt":"2026-04-19T15:02:06","slug":"tijera-cocina-profesional-20-cm-3-claveles-prof-class-423","status":"publish","type":"product","link":"https:\/\/www.cuchillalia.com\/en\/producto\/tijera-cocina-profesional-20-cm-3-claveles-prof-class-423\/","title":{"rendered":"Tijeras de cocina profesionales de 20 cm &#8211; 3 Claveles Prof-Class 423"},"content":{"rendered":"<p>Tijera para la cocina Profesional aptas para el corte de todo tipo de alimentos.<br \/>\n&#8211; Sus dedales asim\u00e9tricos que permiten un agarre firme, han sido dise\u00f1ados espec\u00edficamente para esta tijera.<br \/>\n&#8211; Estas tijeras de cocina profesionales son aptas tanto para el hogar como para la industria alimentaria, c\u00e1rnica y pesquera.<br \/>\n&#8211; Su hoja incluye un filo microdentada que fija los alimentos mientras se corta, evitando que resbalen, por ejemplo mientras se separan articulaciones o cortan huesos finos.<br \/>\n&#8211; Fabricadas mediante forja en caliente. Alta calidad para una gran tijera. Gran rendimiento de corte y gran duraci\u00f3n. Unas tijeras para muchos, muchos a\u00f1os.<br \/>\n&#8211; Gracias a su acero inoxidable pueden lavarse en lavavajillas. Aunque desde Cuchillalia siempre recomendamos limpiar con agua y jab\u00f3n al terminar su uso.<br \/>\n&#8211; Sirven para cortar todo lo que haga falta en una cocina. Desde envases, limpieza de pescado, pollos o cualquier ave, y todo tipo de alimento.<br \/>\n&#8211; Gracias al tornillo que une ambas piezas de la tijera, ajustable, se aporta mayor poder de corte y tiempo en buen estado.<\/p>\n<h2>Tabla de caracter\u00edsticas tijeras de cocina de 20 cm Prof-Class de 3 Claveles<\/h2>\n<div class='tabla-caracteristicas'>\n<div class='fila'><span class='etiqueta'>Nombre comercial:<\/span><span class='valor'><strong>Tijera Cocina PROF-CLASS<\/strong><\/span><\/div>\n<div class='fila'><span class='etiqueta'>Fabricante:<\/span><span class='valor'>3 Claveles<\/span><\/div>\n<div class='fila'><span class='etiqueta'>Referencia del fabricante:<\/span><span class='valor'>423<\/span><\/div>\n<div class='fila'><span class='etiqueta'>Material de la hoja:<\/span><span class='valor'>Acero inoxidable<\/span><\/div>\n<div class='fila'><span class='etiqueta'>Tipo de hoja:<\/span><span class='valor'>Filo microdentado<\/span><\/div>\n<div class='fila'><span class='etiqueta'>Acabado:<\/span><span class='valor'>Pulido brillo<\/span><\/div>\n<div class='fila'><span class='etiqueta'>Material del mango:<\/span><span class='valor'>Acero inoxidable<\/span><\/div>\n<div class='fila'><span class='etiqueta'>Tipo de mango:<\/span><span class='valor'>Ergon\u00f3mico<\/span><\/div>\n<div class='fila'><span class='etiqueta'>Medidas:<\/span><span class='valor'>20 cm &#8211; 8&#8242;<\/span><\/div>\n<div class='fila'><span class='etiqueta'>\u00bfEs apto para zurdos?:<\/span><span class='valor'>Solo para diestros<\/span><\/div>\n<div class='fila'><span class='etiqueta'>Producci\u00f3n:<\/span><span class='valor'>Forjadas en caliente<\/span><\/div>\n<div class='fila'><span class='etiqueta'>Presentaci\u00f3n del producto:<\/span><span class='valor'>Estuche de pl\u00e1stico<\/span><\/div>\n<div class='fila'><span class='etiqueta'>\u00bfEs apto para el lavavajillas?:<\/span><span class='valor'>Si<\/span><\/div>\n<div class='fila'><span class='etiqueta'>\u00bfEs esterilizable?:<\/span><span class='valor'>Si<\/span><\/div>\n<div class='fila'><span class='etiqueta'>\u00bfDonde se fabrica?:<\/span><span class='valor'>Espa\u00f1a<\/span><\/div>\n<div class='fila'><span class='etiqueta'>C\u00f3digo de barras (GTIN):<\/span><span class='valor'>8410990004230<\/span><\/div>\n<\/div>\n<h3>Tornillo de recambio para tus tijeras 3 Claveles Prof-Class<\/h3>\n<p>Si ya tienes unas tijeras 3 Claveles Prof-Class y necesitas reponer el tornillo, en Cuchillalia.com te lo facilitamos. Por ahora solo disponemos del tornillo y en breve la tuerca original:<\/p>\n<div class=\"woocommerce columns-4 \"><ul class=\"products kad_product_wrapper rowtight shopcolumn4 shopfullwidth init-isotope-intrinsic kt-show-rating  reinit-isotope\" data-nextselector=\".woocommerce-pagination a.next\" data-navselector=\".woocommerce-pagination\" data-itemselector=\".kad_product\" data-itemloadselector=\".kt_item_fade_in\" data-iso-selector=\".kad_product\" data-iso-style=\"fitRows\" data-iso-filter=\"true\">\n<li class=\"product type-product post-149275 status-publish first instock product_cat-recambios-3-claveles has-post-thumbnail taxable shipping-taxable purchasable product-type-simple col-xxl-2 col-xl-25 col-md-3 col-sm-4 col-xs-6 col-ss-6 recambios-3-claveles kad_product\">\n\t<div class=\"grid_item product_item clearfix kt_item_fade_in\"><a href=\"https:\/\/www.cuchillalia.com\/en\/producto\/tornillo-recambio-original-tijeras-cocina-3-claveles-9537\/\" class=\"product_item_link product_img_link\"><div class=\"kad-product-noflipper kt-product-hardcrop kt-product-intrinsic\" style=\"padding-bottom:100%;\"><div class=\"kt-product-animation-contain\"><img decoding=\"async\" src=\"https:\/\/www.cuchillalia.com\/wordpress\/wp-content\/uploads\/2025\/04\/tornillo-recambio-tijeras-cocina-3-claveles-09537-con-tuerca-300x300.jpg\" srcset=\"https:\/\/www.cuchillalia.com\/wordpress\/wp-content\/uploads\/2025\/04\/tornillo-recambio-tijeras-cocina-3-claveles-09537-con-tuerca-300x300.jpg 300w, https:\/\/www.cuchillalia.com\/wordpress\/wp-content\/uploads\/2025\/04\/tornillo-recambio-tijeras-cocina-3-claveles-09537-con-tuerca-1024x1024.jpg 1024w, https:\/\/www.cuchillalia.com\/wordpress\/wp-content\/uploads\/2025\/04\/tornillo-recambio-tijeras-cocina-3-claveles-09537-con-tuerca-150x150.jpg 150w, https:\/\/www.cuchillalia.com\/wordpress\/wp-content\/uploads\/2025\/04\/tornillo-recambio-tijeras-cocina-3-claveles-09537-con-tuerca-768x768.jpg 768w, https:\/\/www.cuchillalia.com\/wordpress\/wp-content\/uploads\/2025\/04\/tornillo-recambio-tijeras-cocina-3-claveles-09537-con-tuerca-1536x1536.jpg 1536w, https:\/\/www.cuchillalia.com\/wordpress\/wp-content\/uploads\/2025\/04\/tornillo-recambio-tijeras-cocina-3-claveles-09537-con-tuerca-200x200.jpg 200w, https:\/\/www.cuchillalia.com\/wordpress\/wp-content\/uploads\/2025\/04\/tornillo-recambio-tijeras-cocina-3-claveles-09537-con-tuerca-566x566.jpg 566w, https:\/\/www.cuchillalia.com\/wordpress\/wp-content\/uploads\/2025\/04\/tornillo-recambio-tijeras-cocina-3-claveles-09537-con-tuerca-100x100.jpg 100w, https:\/\/www.cuchillalia.com\/wordpress\/wp-content\/uploads\/2025\/04\/tornillo-recambio-tijeras-cocina-3-claveles-09537-con-tuerca-600x600.jpg 600w, https:\/\/www.cuchillalia.com\/wordpress\/wp-content\/uploads\/2025\/04\/tornillo-recambio-tijeras-cocina-3-claveles-09537-con-tuerca-800x800.jpg 800w, https:\/\/www.cuchillalia.com\/wordpress\/wp-content\/uploads\/2025\/04\/tornillo-recambio-tijeras-cocina-3-claveles-09537-con-tuerca-400x400.jpg 400w, https:\/\/www.cuchillalia.com\/wordpress\/wp-content\/uploads\/2025\/04\/tornillo-recambio-tijeras-cocina-3-claveles-09537-con-tuerca-720x720.jpg 720w, https:\/\/www.cuchillalia.com\/wordpress\/wp-content\/uploads\/2025\/04\/tornillo-recambio-tijeras-cocina-3-claveles-09537-con-tuerca-360x360.jpg 360w, https:\/\/www.cuchillalia.com\/wordpress\/wp-content\/uploads\/2025\/04\/tornillo-recambio-tijeras-cocina-3-claveles-09537-con-tuerca.jpg 2000w\" sizes=\"(max-width: 300px) 100vw, 300px\"  alt=\"Tornillo para las tijeras de cocina 3 Claveles Master y Prof - 09537 - Cuchillalia.com\" width=\"300\" height=\"300\" class=\"attachment-shop_catalog wp-post-image size-300x300\"><\/div><\/div><\/a> \n\n\t<div class=\"details_product_item\"><div class=\"product_details\"><a href=\"https:\/\/www.cuchillalia.com\/en\/producto\/tornillo-recambio-original-tijeras-cocina-3-claveles-9537\/\" class=\"product_item_link\"><h3 class=\"product_archive_title\">Tornillo de recambio para tijera cocina 3 Claveles &#8211; 9537<\/h3><\/a><\/div>\t\t\n\t<a href=\"https:\/\/www.cuchillalia.com\/en\/producto\/tornillo-recambio-original-tijeras-cocina-3-claveles-9537\/\"><span class=\"kt-notrated\">not rated<\/span><\/a>\n\t<span class=\"price\"><span class=\"woocommerce-Price-amount amount\"><bdi>4,49<span class=\"woocommerce-Price-currencySymbol\">&euro;<\/span><\/bdi><\/span><\/span>\n<div class=\"clearfix\"><\/div><\/div>\n\t<div class=\"product_action_wrap\"><a href=\"\/en\/wp-json\/wp\/v2\/product\/156350?add-to-cart=149275\" aria-describedby=\"woocommerce_loop_add_to_cart_link_describedby_149275\" data-quantity=\"1\" class=\"button product_type_simple add_to_cart_button ajax_add_to_cart\" data-product_id=\"149275\" data-product_sku=\"3C_09537\" aria-label=\"Add to cart: &ldquo;Tornillo de recambio para tijera cocina 3 Claveles - 9537&rdquo;\" rel=\"nofollow\" data-success_message=\"&ldquo;Tornillo de recambio para tijera cocina 3 Claveles - 9537&rdquo; has been added to your cart\" role=\"button\">Add to cart<\/a>\t<span id=\"woocommerce_loop_add_to_cart_link_describedby_149275\" class=\"screen-reader-text\">\n\t\t\t<\/span>\n\t\t\t<input type=\"hidden\" class=\"pmwProductId\" data-id=\"149275\">\n\t\t\t\t\t<script>\n\t\t\t(window.pmwDataLayer = window.pmwDataLayer || {}).products                = window.pmwDataLayer.products || {};\n\t\t\twindow.pmwDataLayer.products[149275] = {\"id\":\"149275\",\"sku\":\"3C_09537\",\"price\":4.4900000000000002,\"brand\":\"\",\"quantity\":1,\"dyn_r_ids\":{\"post_id\":\"149275\",\"sku\":\"3C_09537\",\"gpf\":\"woocommerce_gpf_149275\",\"gla\":\"gla_149275\"},\"is_variable\":false,\"type\":\"simple\",\"name\":\"Tornillo de recambio para tijera cocina 3 Claveles - 9537\",\"category\":[\"Recambios para productos 3 Claveles\"],\"is_variation\":false};\n\t\t\t\t\twindow.pmw_product_position = window.pmw_product_position || 1;\n\t\twindow.pmwDataLayer.products[149275]['position'] = window.pmw_product_position++;\n\t\t\t\t<\/script>\n\t\t<\/div><\/div><\/li><li class=\"product type-product post-242853 status-publish instock product_cat-recambios-3-claveles has-post-thumbnail taxable shipping-taxable purchasable product-type-simple col-xxl-2 col-xl-25 col-md-3 col-sm-4 col-xs-6 col-ss-6 recambios-3-claveles kad_product\">\n\t<div class=\"grid_item product_item clearfix kt_item_fade_in\"><a href=\"https:\/\/www.cuchillalia.com\/en\/producto\/tuerca-recambio-original-tijeras-cocina-3-claveles-9590\/\" class=\"product_item_link product_img_link\"><div class=\"kad-product-noflipper kt-product-hardcrop kt-product-intrinsic\" style=\"padding-bottom:100%;\"><div class=\"kt-product-animation-contain\"><img decoding=\"async\" src=\"https:\/\/www.cuchillalia.com\/wordpress\/wp-content\/uploads\/2025\/04\/tuerca-recambio-tijeras-cocina-3-claveles-09590-con-tornillo-300x300.jpg\" srcset=\"https:\/\/www.cuchillalia.com\/wordpress\/wp-content\/uploads\/2025\/04\/tuerca-recambio-tijeras-cocina-3-claveles-09590-con-tornillo-300x300.jpg 300w, https:\/\/www.cuchillalia.com\/wordpress\/wp-content\/uploads\/2025\/04\/tuerca-recambio-tijeras-cocina-3-claveles-09590-con-tornillo-1024x1024.jpg 1024w, https:\/\/www.cuchillalia.com\/wordpress\/wp-content\/uploads\/2025\/04\/tuerca-recambio-tijeras-cocina-3-claveles-09590-con-tornillo-150x150.jpg 150w, https:\/\/www.cuchillalia.com\/wordpress\/wp-content\/uploads\/2025\/04\/tuerca-recambio-tijeras-cocina-3-claveles-09590-con-tornillo-768x768.jpg 768w, https:\/\/www.cuchillalia.com\/wordpress\/wp-content\/uploads\/2025\/04\/tuerca-recambio-tijeras-cocina-3-claveles-09590-con-tornillo-1536x1536.jpg 1536w, https:\/\/www.cuchillalia.com\/wordpress\/wp-content\/uploads\/2025\/04\/tuerca-recambio-tijeras-cocina-3-claveles-09590-con-tornillo-200x200.jpg 200w, https:\/\/www.cuchillalia.com\/wordpress\/wp-content\/uploads\/2025\/04\/tuerca-recambio-tijeras-cocina-3-claveles-09590-con-tornillo-566x566.jpg 566w, https:\/\/www.cuchillalia.com\/wordpress\/wp-content\/uploads\/2025\/04\/tuerca-recambio-tijeras-cocina-3-claveles-09590-con-tornillo-100x100.jpg 100w, https:\/\/www.cuchillalia.com\/wordpress\/wp-content\/uploads\/2025\/04\/tuerca-recambio-tijeras-cocina-3-claveles-09590-con-tornillo-720x720.jpg 720w, https:\/\/www.cuchillalia.com\/wordpress\/wp-content\/uploads\/2025\/04\/tuerca-recambio-tijeras-cocina-3-claveles-09590-con-tornillo-360x360.jpg 360w, https:\/\/www.cuchillalia.com\/wordpress\/wp-content\/uploads\/2025\/04\/tuerca-recambio-tijeras-cocina-3-claveles-09590-con-tornillo-600x600.jpg 600w, https:\/\/www.cuchillalia.com\/wordpress\/wp-content\/uploads\/2025\/04\/tuerca-recambio-tijeras-cocina-3-claveles-09590-con-tornillo-800x800.jpg 800w, https:\/\/www.cuchillalia.com\/wordpress\/wp-content\/uploads\/2025\/04\/tuerca-recambio-tijeras-cocina-3-claveles-09590-con-tornillo-400x400.jpg 400w, https:\/\/www.cuchillalia.com\/wordpress\/wp-content\/uploads\/2025\/04\/tuerca-recambio-tijeras-cocina-3-claveles-09590-con-tornillo.jpg 2000w\" sizes=\"(max-width: 300px) 100vw, 300px\"  alt=\"Tuerca para el tornillo para las tijeras de cocina 3 Claveles Master y Prof - 09537 - Cuchillalia.com\" width=\"300\" height=\"300\" class=\"attachment-shop_catalog wp-post-image size-300x300\"><\/div><\/div><\/a> \n\n\t<div class=\"details_product_item\"><div class=\"product_details\"><a href=\"https:\/\/www.cuchillalia.com\/en\/producto\/tuerca-recambio-original-tijeras-cocina-3-claveles-9590\/\" class=\"product_item_link\"><h3 class=\"product_archive_title\">Tuerca para tornillo 9537 tijeras 3 Claveles 9590<\/h3><\/a><\/div>\t\t\n\t<a href=\"https:\/\/www.cuchillalia.com\/en\/producto\/tuerca-recambio-original-tijeras-cocina-3-claveles-9590\/\"><span class=\"kt-notrated\">not rated<\/span><\/a>\n\t<span class=\"price\"><span class=\"woocommerce-Price-amount amount\"><bdi>2,49<span class=\"woocommerce-Price-currencySymbol\">&euro;<\/span><\/bdi><\/span><\/span>\n<div class=\"clearfix\"><\/div><\/div>\n\t<div class=\"product_action_wrap\"><a href=\"\/en\/wp-json\/wp\/v2\/product\/156350?add-to-cart=242853\" aria-describedby=\"woocommerce_loop_add_to_cart_link_describedby_242853\" data-quantity=\"1\" class=\"button product_type_simple add_to_cart_button ajax_add_to_cart\" data-product_id=\"242853\" data-product_sku=\"3C_09590\" aria-label=\"Add to cart: &ldquo;Tuerca para tornillo 9537 tijeras 3 Claveles 9590&rdquo;\" rel=\"nofollow\" data-success_message=\"&ldquo;Tuerca para tornillo 9537 tijeras 3 Claveles 9590&rdquo; has been added to your cart\" role=\"button\">Add to cart<\/a>\t<span id=\"woocommerce_loop_add_to_cart_link_describedby_242853\" class=\"screen-reader-text\">\n\t\t\t<\/span>\n\t\t\t<input type=\"hidden\" class=\"pmwProductId\" data-id=\"242853\">\n\t\t\t\t\t<script>\n\t\t\t(window.pmwDataLayer = window.pmwDataLayer || {}).products                = window.pmwDataLayer.products || {};\n\t\t\twindow.pmwDataLayer.products[242853] = {\"id\":\"242853\",\"sku\":\"3C_09590\",\"price\":2.4900000000000002,\"brand\":\"\",\"quantity\":1,\"dyn_r_ids\":{\"post_id\":\"242853\",\"sku\":\"3C_09590\",\"gpf\":\"woocommerce_gpf_242853\",\"gla\":\"gla_242853\"},\"is_variable\":false,\"type\":\"simple\",\"name\":\"Tuerca para tornillo 9537 tijeras 3 Claveles 9590\",\"category\":[\"Recambios para productos 3 Claveles\"],\"is_variation\":false};\n\t\t\t\t\twindow.pmw_product_position = window.pmw_product_position || 1;\n\t\twindow.pmwDataLayer.products[242853]['position'] = window.pmw_product_position++;\n\t\t\t\t<\/script>\n\t\t<\/div><\/div><\/li><\/ul>\n<\/div>\n<h3>V\u00eddeo fabricando tijeras de cocina de 3 Claveles:<\/h3>\n<p style='text-align: center;'><div class=\"kad-youtube-shortcode videofit\"  ><iframe loading=\"lazy\" width=\"600\" height=\"400\" src=\"https:\/\/www.youtube.com\/embed\/Kiv45wHssIE?autoplay=0&controls=1&fs=1&modestbranding=0&theme=dark&rel=0&loop=0\" frameborder=\"0\" allowfullscreen=\"true\"><\/iframe><\/div>\n<p style='text-align: center;'><div class=\"kad-youtube-shortcode videofit\"  ><iframe loading=\"lazy\" width=\"600\" height=\"400\" src=\"https:\/\/www.youtube.com\/embed\/rihC0HAOSLs?autoplay=0&controls=1&fs=1&modestbranding=0&theme=dark&rel=0&loop=0\" frameborder=\"0\" allowfullscreen=\"true\"><\/iframe><\/div>\n","protected":false},"excerpt":{"rendered":"<p><strong>Tijeras de cocina profesionales<\/strong> de 20 cm, forjadas en acero inoxidable de alta calidad, <strong>3 Claveles Prof-Class 423<\/strong>, con <em>filo microdentado.<\/em>\u00a0<em>Fabricadas en Espa\u00f1a<\/em>.&hellip; <a class=\"kt-excerpt-readmore more-link\" href=\"https:\/\/www.cuchillalia.com\/en\/producto\/tijera-cocina-profesional-20-cm-3-claveles-prof-class-423\/\" aria-label=\"Tijeras de cocina profesionales de 20 cm &#8211; 3 Claveles Prof-Class 423\">Read More<\/a><\/p>\n","protected":false},"featured_media":156355,"comment_status":"open","ping_status":"closed","template":"","meta":[],"product_brand":[],"product_cat":[8278,8279],"product_tag":[],"class_list":{"0":"post-156350","1":"product","2":"type-product","3":"status-publish","4":"has-post-thumbnail","6":"product_cat-cocina","7":"product_cat-tijeras-cocina-3-claveles","9":"first","10":"instock","11":"taxable","12":"shipping-taxable","13":"purchasable","14":"product-type-simple"},"yoast_head":"<!-- This site is optimized with the Yoast SEO plugin v27.5 - https:\/\/yoast.com\/product\/yoast-seo-wordpress\/ -->\n<title>Tijeras de cocina para profesionales de 20 cm - 3 Claveles Prof-Class 423<\/title>\n<meta name=\"description\" content=\"Tijera de cocina microdentadas, de 20 cm, ergon\u00f3micas, con mango met\u00e1lico, profesionales, fabricadas en Espa\u00f1a. Para todo tipo de alimentos.\" \/>\n<meta name=\"robots\" content=\"index, follow, max-snippet:-1, max-image-preview:large, max-video-preview:-1\" \/>\n<link rel=\"canonical\" href=\"https:\/\/www.cuchillalia.com\/producto\/tijera-cocina-profesional-20-cm-3-claveles-prof-class-423\/\" \/>\n<meta property=\"og:locale\" content=\"en_US\" \/>\n<meta property=\"og:type\" content=\"article\" \/>\n<meta property=\"og:title\" content=\"Tijeras de cocina para profesionales de 20 cm - 3 Claveles Prof-Class 423\" \/>\n<meta property=\"og:description\" content=\"Tijera de cocina microdentadas, de 20 cm, ergon\u00f3micas, con mango met\u00e1lico, profesionales, fabricadas en Espa\u00f1a. Para todo tipo de alimentos.\" \/>\n<meta property=\"og:url\" content=\"https:\/\/www.cuchillalia.com\/producto\/tijera-cocina-profesional-20-cm-3-claveles-prof-class-423\/\" \/>\n<meta property=\"og:site_name\" content=\"Cuchillalia.com\" \/>\n<meta property=\"article:publisher\" content=\"http:\/\/www.facebook.com\/cuchillalia\" \/>\n<meta property=\"article:modified_time\" content=\"2026-04-19T15:02:06+00:00\" \/>\n<meta property=\"og:image\" content=\"https:\/\/www.cuchillalia.com\/wordpress\/wp-content\/uploads\/2021\/10\/tijeras-cocina-3-claveles-423-prof-class.jpg\" \/>\n\t<meta property=\"og:image:width\" content=\"800\" \/>\n\t<meta property=\"og:image:height\" content=\"800\" \/>\n\t<meta property=\"og:image:type\" content=\"image\/jpeg\" \/>\n<meta name=\"twitter:card\" content=\"summary_large_image\" \/>\n<meta name=\"twitter:site\" content=\"@Cuchillalia\" \/>\n<meta name=\"twitter:label1\" content=\"Est. reading time\" \/>\n\t<meta name=\"twitter:data1\" content=\"3 minutes\" \/>\n<!-- \/ Yoast SEO plugin. -->","yoast_head_json":{"title":"Tijeras de cocina para profesionales de 20 cm - 3 Claveles Prof-Class 423","description":"Tijera de cocina microdentadas, de 20 cm, ergon\u00f3micas, con mango met\u00e1lico, profesionales, fabricadas en Espa\u00f1a. Para todo tipo de alimentos.","robots":{"index":"index","follow":"follow","max-snippet":"max-snippet:-1","max-image-preview":"max-image-preview:large","max-video-preview":"max-video-preview:-1"},"canonical":"https:\/\/www.cuchillalia.com\/producto\/tijera-cocina-profesional-20-cm-3-claveles-prof-class-423\/","og_locale":"en_US","og_type":"article","og_title":"Tijeras de cocina para profesionales de 20 cm - 3 Claveles Prof-Class 423","og_description":"Tijera de cocina microdentadas, de 20 cm, ergon\u00f3micas, con mango met\u00e1lico, profesionales, fabricadas en Espa\u00f1a. Para todo tipo de alimentos.","og_url":"https:\/\/www.cuchillalia.com\/producto\/tijera-cocina-profesional-20-cm-3-claveles-prof-class-423\/","og_site_name":"Cuchillalia.com","article_publisher":"http:\/\/www.facebook.com\/cuchillalia","article_modified_time":"2026-04-19T15:02:06+00:00","og_image":[{"width":800,"height":800,"url":"https:\/\/www.cuchillalia.com\/wordpress\/wp-content\/uploads\/2021\/10\/tijeras-cocina-3-claveles-423-prof-class.jpg","type":"image\/jpeg"}],"twitter_card":"summary_large_image","twitter_site":"@Cuchillalia","twitter_misc":{"Est. reading time":"3 minutes"},"schema":{"@context":"https:\/\/schema.org","@graph":[{"@type":"WebPage","@id":"https:\/\/www.cuchillalia.com\/producto\/tijera-cocina-profesional-20-cm-3-claveles-prof-class-423\/","url":"https:\/\/www.cuchillalia.com\/producto\/tijera-cocina-profesional-20-cm-3-claveles-prof-class-423\/","name":"Tijeras de cocina para profesionales de 20 cm - 3 Claveles Prof-Class 423","isPartOf":{"@id":"https:\/\/www.cuchillalia.com\/#website"},"primaryImageOfPage":{"@id":"https:\/\/www.cuchillalia.com\/producto\/tijera-cocina-profesional-20-cm-3-claveles-prof-class-423\/#primaryimage"},"image":{"@id":"https:\/\/www.cuchillalia.com\/producto\/tijera-cocina-profesional-20-cm-3-claveles-prof-class-423\/#primaryimage"},"thumbnailUrl":"https:\/\/www.cuchillalia.com\/wordpress\/wp-content\/uploads\/2021\/10\/tijeras-cocina-3-claveles-423-prof-class.jpg","datePublished":"2021-10-29T17:26:22+00:00","dateModified":"2026-04-19T15:02:06+00:00","description":"Tijera de cocina microdentadas, de 20 cm, ergon\u00f3micas, con mango met\u00e1lico, profesionales, fabricadas en Espa\u00f1a. Para todo tipo de alimentos.","breadcrumb":{"@id":"https:\/\/www.cuchillalia.com\/producto\/tijera-cocina-profesional-20-cm-3-claveles-prof-class-423\/#breadcrumb"},"inLanguage":"en-US","potentialAction":[{"@type":"ReadAction","target":["https:\/\/www.cuchillalia.com\/producto\/tijera-cocina-profesional-20-cm-3-claveles-prof-class-423\/"]}]},{"@type":"ImageObject","inLanguage":"en-US","@id":"https:\/\/www.cuchillalia.com\/producto\/tijera-cocina-profesional-20-cm-3-claveles-prof-class-423\/#primaryimage","url":"https:\/\/www.cuchillalia.com\/wordpress\/wp-content\/uploads\/2021\/10\/tijeras-cocina-3-claveles-423-prof-class.jpg","contentUrl":"https:\/\/www.cuchillalia.com\/wordpress\/wp-content\/uploads\/2021\/10\/tijeras-cocina-3-claveles-423-prof-class.jpg","width":800,"height":800,"caption":"Tijeras de cocina de 20 cm - 3 Claveles Prof-Class 423"},{"@type":"BreadcrumbList","@id":"https:\/\/www.cuchillalia.com\/producto\/tijera-cocina-profesional-20-cm-3-claveles-prof-class-423\/#breadcrumb","itemListElement":[{"@type":"ListItem","position":1,"name":"Cuchillalia","item":"https:\/\/www.cuchillalia.com\/en\/"},{"@type":"ListItem","position":2,"name":"Tienda","item":"https:\/\/www.cuchillalia.com\/tienda\/"},{"@type":"ListItem","position":3,"name":"Marcas","item":"https:\/\/www.cuchillalia.com\/categoria\/marcas\/"},{"@type":"ListItem","position":4,"name":"3 Claveles","item":"https:\/\/www.cuchillalia.com\/categoria\/marcas\/3-claveles\/"},{"@type":"ListItem","position":5,"name":"Tijeras de cocina 3 Claveles","item":"https:\/\/www.cuchillalia.com\/categoria\/marcas\/3-claveles\/tijeras-cocina-3-claveles\/"},{"@type":"ListItem","position":6,"name":"Tijeras de cocina profesionales de 20 cm &#8211; 3 Claveles Prof-Class 423"}]},{"@type":"WebSite","@id":"https:\/\/www.cuchillalia.com\/#website","url":"https:\/\/www.cuchillalia.com\/","name":"Cuchillalia.com","description":"","publisher":{"@id":"https:\/\/www.cuchillalia.com\/#organization"},"potentialAction":[{"@type":"SearchAction","target":{"@type":"EntryPoint","urlTemplate":"https:\/\/www.cuchillalia.com\/?s={search_term_string}"},"query-input":{"@type":"PropertyValueSpecification","valueRequired":true,"valueName":"search_term_string"}}],"inLanguage":"en-US"},{"@type":"Organization","@id":"https:\/\/www.cuchillalia.com\/#organization","name":"Cuchillalia","url":"https:\/\/www.cuchillalia.com\/","logo":{"@type":"ImageObject","inLanguage":"en-US","@id":"https:\/\/www.cuchillalia.com\/#\/schema\/logo\/image\/","url":"https:\/\/www.cuchillalia.com\/wordpress\/wp-content\/uploads\/2021\/03\/logo-cuchillalia-jpg.jpg","contentUrl":"https:\/\/www.cuchillalia.com\/wordpress\/wp-content\/uploads\/2021\/03\/logo-cuchillalia-jpg.jpg","width":276,"height":192,"caption":"Cuchillalia"},"image":{"@id":"https:\/\/www.cuchillalia.com\/#\/schema\/logo\/image\/"},"sameAs":["http:\/\/www.facebook.com\/cuchillalia","https:\/\/x.com\/Cuchillalia"]}]}},"_links":{"self":[{"href":"https:\/\/www.cuchillalia.com\/en\/wp-json\/wp\/v2\/product\/156350","targetHints":{"allow":["GET"]}}],"collection":[{"href":"https:\/\/www.cuchillalia.com\/en\/wp-json\/wp\/v2\/product"}],"about":[{"href":"https:\/\/www.cuchillalia.com\/en\/wp-json\/wp\/v2\/types\/product"}],"replies":[{"embeddable":true,"href":"https:\/\/www.cuchillalia.com\/en\/wp-json\/wp\/v2\/comments?post=156350"}],"wp:featuredmedia":[{"embeddable":true,"href":"https:\/\/www.cuchillalia.com\/en\/wp-json\/wp\/v2\/media\/156355"}],"wp:attachment":[{"href":"https:\/\/www.cuchillalia.com\/en\/wp-json\/wp\/v2\/media?parent=156350"}],"wp:term":[{"taxonomy":"product_brand","embeddable":true,"href":"https:\/\/www.cuchillalia.com\/en\/wp-json\/wp\/v2\/product_brand?post=156350"},{"taxonomy":"product_cat","embeddable":true,"href":"https:\/\/www.cuchillalia.com\/en\/wp-json\/wp\/v2\/product_cat?post=156350"},{"taxonomy":"product_tag","embeddable":true,"href":"https:\/\/www.cuchillalia.com\/en\/wp-json\/wp\/v2\/product_tag?post=156350"}],"curies":[{"name":"wp","href":"https:\/\/api.w.org\/{rel}","templated":true}]}}