{"id":156179,"date":"2021-10-12T13:01:58","date_gmt":"2021-10-12T11:01:58","guid":{"rendered":"https:\/\/www.cuchillalia.com\/?post_type=product&#038;p=156179"},"modified":"2025-07-03T20:10:51","modified_gmt":"2025-07-03T18:10:51","slug":"sacacorchos-alas-3-claveles-tiroles-540","status":"publish","type":"product","link":"https:\/\/www.cuchillalia.com\/en\/producto\/sacacorchos-alas-3-claveles-tiroles-540\/","title":{"rendered":"Sacacorchos de alas 3 Claveles Tirol\u00e9s 540"},"content":{"rendered":"<p>Pr\u00e1ctico sacacorchos de alas con descapsulador para botellines de cerveza, modelo Tirol\u00e9s de 3 Claveles.<\/p>\n<p><img class='aligncenter wp-image-156181 size-thumbnail' src='https:\/\/www.cuchillalia.com\/wordpress\/wp-content\/uploads\/2021\/10\/sacacorchos-150x150.jpg' alt='Detalle del sacacorchos 3 Claveles' width='150' height='150' \/><\/p>\n<h2>Tabla de caracter\u00edsticas sacacorchos con palancas 3 Claveles Tirol\u00e9s<\/h2>\n<div class='tabla-caracteristicas'>\n<div class='fila'><span class='etiqueta'>Nombre comercial:<\/span><span class='valor'><strong>Sacacorchos Tirol\u00e9s<\/strong><\/span><\/div>\n<div class='fila'><span class='etiqueta'>Fabricante:<\/span><span class='valor'>3 Claveles<\/span><\/div>\n<div class='fila'><span class='etiqueta'>Referencia del fabricante:<\/span><span class='valor'>540<\/span><\/div>\n<div class='fila'><span class='etiqueta'>Acabado:<\/span><span class='valor'>Cromado<\/span><\/div>\n<div class='fila'><span class='etiqueta'>Medidas:<\/span><span class='valor'>17 cm<\/span><\/div>\n<div class='fila'><span class='etiqueta'>Material:<\/span><span class='valor'>Acero al Carbono<\/span><\/div>\n<div class='fila'><span class='etiqueta'>Presentaci\u00f3n del producto:<\/span><span class='valor'>Blister<\/span><\/div>\n<div class='fila'><span class='etiqueta'>C\u00f3digo de barras (GTIN):<\/span><span class='valor'>8410990005404<\/span><\/div>\n<div class='fila'><span class='etiqueta'>Observaciones:<\/span><span class='valor'>&#8211; F\u00e1cil apertura de la botella de vino con las dos alas a modo de palanca.<br \/>\n&#8211; Incluye abrebotellas de chapa o descapsulador para, por ejemplo, botellines de cerveza.<\/span><\/div>\n<\/div>\n<p><img class='aligncenter wp-image-156180 size-thumbnail' src='https:\/\/www.cuchillalia.com\/wordpress\/wp-content\/uploads\/2021\/10\/descapsulador-del-sacacorchos-150x150.jpg' alt='Descapsulador del sacacorchos 3 Claveles' width='150' height='150' \/><\/p>\n","protected":false},"excerpt":{"rendered":"<p><strong>Sacacorchos con palancas tipo alas<\/strong>\u00a0con descapsulador 3 Claveles Tirol\u00e9s referencia 540.&hellip; <a class=\"kt-excerpt-readmore more-link\" href=\"https:\/\/www.cuchillalia.com\/en\/producto\/sacacorchos-alas-3-claveles-tiroles-540\/\" aria-label=\"Sacacorchos de alas 3 Claveles Tirol\u00e9s 540\">Read More<\/a><\/p>\n","protected":false},"featured_media":156276,"comment_status":"open","ping_status":"closed","template":"","meta":[],"product_brand":[],"product_cat":[8284,8367],"product_tag":[],"class_list":{"0":"post-156179","1":"product","2":"type-product","3":"status-publish","4":"has-post-thumbnail","6":"product_cat-accesorios-3-claveles","7":"product_cat-sacacorchos","9":"first","10":"instock","11":"taxable","12":"shipping-taxable","13":"purchasable","14":"product-type-simple"},"yoast_head":"<!-- This site is optimized with the Yoast SEO plugin v27.5 - https:\/\/yoast.com\/product\/yoast-seo-wordpress\/ -->\n<title>Sacacorchos de palanca con descapsulador 3 Claveles 540 | Cuchillalia<\/title>\n<meta name=\"description\" content=\"Sacacorchos \/ Abrebotellas con alas de palanca para abrir botellas de vino, y con descapsulador para botellines de cerveza.\" \/>\n<meta name=\"robots\" content=\"index, follow, max-snippet:-1, max-image-preview:large, max-video-preview:-1\" \/>\n<link rel=\"canonical\" href=\"https:\/\/www.cuchillalia.com\/producto\/sacacorchos-alas-3-claveles-tiroles-540\/\" \/>\n<meta property=\"og:locale\" content=\"en_US\" \/>\n<meta property=\"og:type\" content=\"article\" \/>\n<meta property=\"og:title\" content=\"Sacacorchos de palanca con descapsulador 3 Claveles 540 | Cuchillalia\" \/>\n<meta property=\"og:description\" content=\"Sacacorchos \/ Abrebotellas con alas de palanca para abrir botellas de vino, y con descapsulador para botellines de cerveza.\" \/>\n<meta property=\"og:url\" content=\"https:\/\/www.cuchillalia.com\/producto\/sacacorchos-alas-3-claveles-tiroles-540\/\" \/>\n<meta property=\"og:site_name\" content=\"Cuchillalia.com\" \/>\n<meta property=\"article:publisher\" content=\"http:\/\/www.facebook.com\/cuchillalia\" \/>\n<meta property=\"article:modified_time\" content=\"2025-07-03T18:10:51+00:00\" \/>\n<meta property=\"og:image\" content=\"https:\/\/www.cuchillalia.com\/wordpress\/wp-content\/uploads\/2021\/10\/sacacorchos-alas-3-claveles-tiroles-540.jpg\" \/>\n\t<meta property=\"og:image:width\" content=\"1200\" \/>\n\t<meta property=\"og:image:height\" content=\"1200\" \/>\n\t<meta property=\"og:image:type\" content=\"image\/jpeg\" \/>\n<meta name=\"twitter:card\" content=\"summary_large_image\" \/>\n<meta name=\"twitter:site\" content=\"@Cuchillalia\" \/>\n<meta name=\"twitter:label1\" content=\"Est. reading time\" \/>\n\t<meta name=\"twitter:data1\" content=\"2 minutes\" \/>\n<!-- \/ Yoast SEO plugin. -->","yoast_head_json":{"title":"Sacacorchos de palanca con descapsulador 3 Claveles 540 | Cuchillalia","description":"Sacacorchos \/ Abrebotellas con alas de palanca para abrir botellas de vino, y con descapsulador para botellines de cerveza.","robots":{"index":"index","follow":"follow","max-snippet":"max-snippet:-1","max-image-preview":"max-image-preview:large","max-video-preview":"max-video-preview:-1"},"canonical":"https:\/\/www.cuchillalia.com\/producto\/sacacorchos-alas-3-claveles-tiroles-540\/","og_locale":"en_US","og_type":"article","og_title":"Sacacorchos de palanca con descapsulador 3 Claveles 540 | Cuchillalia","og_description":"Sacacorchos \/ Abrebotellas con alas de palanca para abrir botellas de vino, y con descapsulador para botellines de cerveza.","og_url":"https:\/\/www.cuchillalia.com\/producto\/sacacorchos-alas-3-claveles-tiroles-540\/","og_site_name":"Cuchillalia.com","article_publisher":"http:\/\/www.facebook.com\/cuchillalia","article_modified_time":"2025-07-03T18:10:51+00:00","og_image":[{"width":1200,"height":1200,"url":"https:\/\/www.cuchillalia.com\/wordpress\/wp-content\/uploads\/2021\/10\/sacacorchos-alas-3-claveles-tiroles-540.jpg","type":"image\/jpeg"}],"twitter_card":"summary_large_image","twitter_site":"@Cuchillalia","twitter_misc":{"Est. reading time":"2 minutes"},"schema":{"@context":"https:\/\/schema.org","@graph":[{"@type":"WebPage","@id":"https:\/\/www.cuchillalia.com\/producto\/sacacorchos-alas-3-claveles-tiroles-540\/","url":"https:\/\/www.cuchillalia.com\/producto\/sacacorchos-alas-3-claveles-tiroles-540\/","name":"Sacacorchos de palanca con descapsulador 3 Claveles 540 | Cuchillalia","isPartOf":{"@id":"https:\/\/www.cuchillalia.com\/#website"},"primaryImageOfPage":{"@id":"https:\/\/www.cuchillalia.com\/producto\/sacacorchos-alas-3-claveles-tiroles-540\/#primaryimage"},"image":{"@id":"https:\/\/www.cuchillalia.com\/producto\/sacacorchos-alas-3-claveles-tiroles-540\/#primaryimage"},"thumbnailUrl":"https:\/\/www.cuchillalia.com\/wordpress\/wp-content\/uploads\/2021\/10\/sacacorchos-alas-3-claveles-tiroles-540.jpg","datePublished":"2021-10-12T11:01:58+00:00","dateModified":"2025-07-03T18:10:51+00:00","description":"Sacacorchos \/ Abrebotellas con alas de palanca para abrir botellas de vino, y con descapsulador para botellines de cerveza.","breadcrumb":{"@id":"https:\/\/www.cuchillalia.com\/producto\/sacacorchos-alas-3-claveles-tiroles-540\/#breadcrumb"},"inLanguage":"en-US","potentialAction":[{"@type":"ReadAction","target":["https:\/\/www.cuchillalia.com\/producto\/sacacorchos-alas-3-claveles-tiroles-540\/"]}]},{"@type":"ImageObject","inLanguage":"en-US","@id":"https:\/\/www.cuchillalia.com\/producto\/sacacorchos-alas-3-claveles-tiroles-540\/#primaryimage","url":"https:\/\/www.cuchillalia.com\/wordpress\/wp-content\/uploads\/2021\/10\/sacacorchos-alas-3-claveles-tiroles-540.jpg","contentUrl":"https:\/\/www.cuchillalia.com\/wordpress\/wp-content\/uploads\/2021\/10\/sacacorchos-alas-3-claveles-tiroles-540.jpg","width":1200,"height":1200},{"@type":"BreadcrumbList","@id":"https:\/\/www.cuchillalia.com\/producto\/sacacorchos-alas-3-claveles-tiroles-540\/#breadcrumb","itemListElement":[{"@type":"ListItem","position":1,"name":"Cuchillalia","item":"https:\/\/www.cuchillalia.com\/en\/"},{"@type":"ListItem","position":2,"name":"Tienda","item":"https:\/\/www.cuchillalia.com\/tienda\/"},{"@type":"ListItem","position":3,"name":"Art\u00edculos de menaje","item":"https:\/\/www.cuchillalia.com\/categoria\/menaje\/"},{"@type":"ListItem","position":4,"name":"Sacacorchos","item":"https:\/\/www.cuchillalia.com\/categoria\/menaje\/sacacorchos\/"},{"@type":"ListItem","position":5,"name":"Sacacorchos de alas 3 Claveles Tirol\u00e9s 540"}]},{"@type":"WebSite","@id":"https:\/\/www.cuchillalia.com\/#website","url":"https:\/\/www.cuchillalia.com\/","name":"Cuchillalia.com","description":"","publisher":{"@id":"https:\/\/www.cuchillalia.com\/#organization"},"potentialAction":[{"@type":"SearchAction","target":{"@type":"EntryPoint","urlTemplate":"https:\/\/www.cuchillalia.com\/?s={search_term_string}"},"query-input":{"@type":"PropertyValueSpecification","valueRequired":true,"valueName":"search_term_string"}}],"inLanguage":"en-US"},{"@type":"Organization","@id":"https:\/\/www.cuchillalia.com\/#organization","name":"Cuchillalia","url":"https:\/\/www.cuchillalia.com\/","logo":{"@type":"ImageObject","inLanguage":"en-US","@id":"https:\/\/www.cuchillalia.com\/#\/schema\/logo\/image\/","url":"https:\/\/www.cuchillalia.com\/wordpress\/wp-content\/uploads\/2021\/03\/logo-cuchillalia-jpg.jpg","contentUrl":"https:\/\/www.cuchillalia.com\/wordpress\/wp-content\/uploads\/2021\/03\/logo-cuchillalia-jpg.jpg","width":276,"height":192,"caption":"Cuchillalia"},"image":{"@id":"https:\/\/www.cuchillalia.com\/#\/schema\/logo\/image\/"},"sameAs":["http:\/\/www.facebook.com\/cuchillalia","https:\/\/x.com\/Cuchillalia"]}]}},"_links":{"self":[{"href":"https:\/\/www.cuchillalia.com\/en\/wp-json\/wp\/v2\/product\/156179","targetHints":{"allow":["GET"]}}],"collection":[{"href":"https:\/\/www.cuchillalia.com\/en\/wp-json\/wp\/v2\/product"}],"about":[{"href":"https:\/\/www.cuchillalia.com\/en\/wp-json\/wp\/v2\/types\/product"}],"replies":[{"embeddable":true,"href":"https:\/\/www.cuchillalia.com\/en\/wp-json\/wp\/v2\/comments?post=156179"}],"wp:featuredmedia":[{"embeddable":true,"href":"https:\/\/www.cuchillalia.com\/en\/wp-json\/wp\/v2\/media\/156276"}],"wp:attachment":[{"href":"https:\/\/www.cuchillalia.com\/en\/wp-json\/wp\/v2\/media?parent=156179"}],"wp:term":[{"taxonomy":"product_brand","embeddable":true,"href":"https:\/\/www.cuchillalia.com\/en\/wp-json\/wp\/v2\/product_brand?post=156179"},{"taxonomy":"product_cat","embeddable":true,"href":"https:\/\/www.cuchillalia.com\/en\/wp-json\/wp\/v2\/product_cat?post=156179"},{"taxonomy":"product_tag","embeddable":true,"href":"https:\/\/www.cuchillalia.com\/en\/wp-json\/wp\/v2\/product_tag?post=156179"}],"curies":[{"name":"wp","href":"https:\/\/api.w.org\/{rel}","templated":true}]}}