{"id":156050,"date":"2021-09-22T18:26:58","date_gmt":"2021-09-22T16:26:58","guid":{"rendered":"https:\/\/www.cuchillalia.com\/?post_type=product&#038;p=156050"},"modified":"2026-02-13T15:08:15","modified_gmt":"2026-02-13T14:08:15","slug":"kai-6600-bn-taco-8-cuchillos-madera-roble","status":"publish","type":"product","link":"https:\/\/www.cuchillalia.com\/en\/producto\/kai-6600-bn-taco-8-cuchillos-madera-roble\/","title":{"rendered":"Taco para cuchillos en madera de roble (8 piezas) &#8211; KAI 6600-BN"},"content":{"rendered":"<p>Descubre el bloque para cuchillos <strong>KAI 6600-BN<\/strong>, un espectacular taco de madera, dise\u00f1ado especialmente para mantenerlos en perfecto estado y darle un toque de elegancia a tu cocina. Este taco de madera de roble con capacidad para 8 piezas es perfecto para los amantes de los cuchillos KAI, y aqu\u00ed te contaremos por qu\u00e9 es el complemento ideal para tus utensilios de cocina.<\/p>\n<h3>Taco de cuchillos KAI 6600-BN<\/h3>\n<ul>\n<li><strong>Capacidad para 8 cuchillos<\/strong>: El KAI 6600-BN cuenta con espacio suficiente para albergar 4 cuchillos de hoja estrecha y 4 de hoja ancha, facilitando as\u00ed el orden y la accesibilidad de tus utensilios.<\/li>\n<\/ul>\n<ul>\n<li><strong>Madera de roble de alta calidad<\/strong>: El taco de madera KAI 6600-BN est\u00e1 fabricado con madera de roble, conocida por su durabilidad y resistencia, garantizando as\u00ed un soporte seguro y duradero para tus cuchillos. Adem\u00e1s de su funcionalidad, la madera de roble le otorga un estilo elegante y sofisticado al taco, convirti\u00e9ndolo en un elemento decorativo en tu cocina.<\/li>\n<\/ul>\n<ul>\n<li><strong>Desmontable para f\u00e1cil lavado<\/strong>: Este taco de cuchillos KAI es desmontable, lo que facilita su limpieza y mantenimiento. Se puede desatornillar separando los bloques y liberando los huecos para poder limpiar c\u00f3modamente por dentro. Para mantenerlo en las mejores condiciones posibles, simplemente l\u00edmpialo con un poco de agua tibia y un detergente suave. No sumerjas el taco en agua ni lo coloques en el lavavajillas.<\/li>\n<\/ul>\n<ul>\n<li><strong>Compatibilidad<\/strong>: El KAI 6600-BN es compatible con pr\u00e1cticamente todos los cuchillos, como por ejemplo los de las series <a href='https:\/\/www.cuchillalia.com\/categoria\/marcas\/kai\/wasabi-black\/'><strong>KAI Wasabi Black<\/strong><\/a>, <a href='https:\/\/www.cuchillalia.com\/categoria\/marcas\/kai\/shun-damasco\/'><strong>KAI Shun Damasco<\/strong><\/a> o <a href='https:\/\/www.cuchillalia.com\/categoria\/marcas\/kai\/shun-premier\/'><strong>KAI Shun Premier<\/strong><\/a>. Esto lo convierte en el accesorio perfecto para quienes ya poseen o desean adquirir cuchillos de estas prestigiosas colecciones. Con este taco, tendr\u00e1s un lugar adecuado para guardar y exhibir tus cuchillos, manteniendo el filo y la calidad de los mismos. El ancho de las ranuras es el siguiente (medidas aproximadas):\n<ul>\n<li>3 ranuras de 33 mm<\/li>\n<li>1 ranura de 40 mm<\/li>\n<li>4 ranuras de 53 mm<\/li>\n<\/ul>\n<\/li>\n<\/ul>\n<ul>\n<li><strong>Regalo perfecto<\/strong>: Si est\u00e1s buscando un regalo pr\u00e1ctico y elegante para un aficionado a la cocina, el taco de cuchillos KAI 6600-BN es la opci\u00f3n ideal. Con su capacidad para 8 cuchillos y su dise\u00f1o en madera de roble, este taco es el complemento perfecto para cualquier cocina, ofreciendo funcionalidad y estilo a partes iguales.<\/li>\n<\/ul>\n<h2>Tabla de caracter\u00edsticas Taco Cuchillos KAI 6600-BN<\/h2>\n<div class='tabla-caracteristicas'>\n<div class='fila'><span class='etiqueta'>Nombre comercial:<\/span><span class='valor'><strong>Porta cuchillos Wasabi KAI 6600-BN<\/strong><\/span><\/div>\n<div class='fila'><span class='etiqueta'>Fabricante:<\/span><span class='valor'>KAI<\/span><\/div>\n<div class='fila'><span class='etiqueta'>Referencia del fabricante:<\/span><span class='valor'>6600-BN<\/span><\/div>\n<div class='fila'><span class='etiqueta'>Medidas:<\/span><span class='valor'>24&#215;13,2&#215;22,5 cm (Largo x Ancho x Alto)<\/span><\/div>\n<div class='fila'><span class='etiqueta'>Material:<\/span><span class='valor'>Madera de roble<\/span><\/div>\n<div class='fila'><span class='etiqueta'>Peso del producto:<\/span><span class='valor'>2280 g<\/span><\/div>\n<div class='fila'><span class='etiqueta'>Presentaci\u00f3n del producto:<\/span><span class='valor'>Caja<\/span><\/div>\n<div class='fila'><span class='etiqueta'>\u00bfDonde se fabrica?:<\/span><span class='valor'>Jap\u00f3n<\/span><\/div>\n<div class='fila'><span class='etiqueta'>C\u00f3digo de barras (GTIN):<\/span><span class='valor'>4260036144055<\/span><\/div>\n<\/div>\n<p>&nbsp;<\/p>\n<p>Con este taco, siempre tendr\u00e1s tus cuchillos favoritos a mano y organizados, lo que te permitir\u00e1 trabajar de forma m\u00e1s eficiente en la cocina.<\/p>\n<p>Ahora ya lo sabes, si quieres mantener tus cuchillos KAI en perfecto estado y tenerlos siempre a la vista, el taco de madera <strong>KAI 6600-BN<\/strong> es la opci\u00f3n ideal para ti. No lo pienses m\u00e1s y a\u00f1ade este imprescindible accesorio a tu colecci\u00f3n de utensilios de cocina.<\/p>\n","protected":false},"excerpt":{"rendered":"<p><strong>Taco\/Bloque cl\u00e1sico para 8 cuchillos<\/strong> de madera de roble <strong>KAI 6600-BN<\/strong>.&hellip; <a class=\"kt-excerpt-readmore more-link\" href=\"https:\/\/www.cuchillalia.com\/en\/producto\/kai-6600-bn-taco-8-cuchillos-madera-roble\/\" aria-label=\"Taco para cuchillos en madera de roble (8 piezas) &#8211; KAI 6600-BN\">Read More<\/a><\/p>\n","protected":false},"featured_media":156069,"comment_status":"open","ping_status":"closed","template":"","meta":[],"product_brand":[],"product_cat":[8382,8322],"product_tag":[],"class_list":{"0":"post-156050","1":"product","2":"type-product","3":"status-publish","4":"has-post-thumbnail","6":"product_cat-wasabi-black","7":"product_cat-tacos","9":"first","10":"outofstock","11":"taxable","12":"shipping-taxable","13":"purchasable","14":"product-type-simple"},"yoast_head":"<!-- This site is optimized with the Yoast SEO plugin v27.5 - https:\/\/yoast.com\/product\/yoast-seo-wordpress\/ -->\n<title>Taco de Cuchillos KAI 6600-BN en Madera de Roble | Cuchillalia.com<\/title>\n<meta name=\"description\" content=\"Bloque KAI 6600-BN, elegante y funcional taco de madera de roble para 8 cuchillos. Mant\u00e9n tus cuchillos organizados. \u00a1A\u00f1\u00e1delo a tu colecci\u00f3n!\" \/>\n<meta name=\"robots\" content=\"index, follow, max-snippet:-1, max-image-preview:large, max-video-preview:-1\" \/>\n<link rel=\"canonical\" href=\"https:\/\/www.cuchillalia.com\/producto\/kai-6600-bn-taco-8-cuchillos-madera-roble\/\" \/>\n<meta property=\"og:locale\" content=\"en_US\" \/>\n<meta property=\"og:type\" content=\"article\" \/>\n<meta property=\"og:title\" content=\"Taco de Cuchillos KAI 6600-BN en Madera de Roble | Cuchillalia.com\" \/>\n<meta property=\"og:description\" content=\"Bloque KAI 6600-BN, elegante y funcional taco de madera de roble para 8 cuchillos. Mant\u00e9n tus cuchillos organizados. \u00a1A\u00f1\u00e1delo a tu colecci\u00f3n!\" \/>\n<meta property=\"og:url\" content=\"https:\/\/www.cuchillalia.com\/producto\/kai-6600-bn-taco-8-cuchillos-madera-roble\/\" \/>\n<meta property=\"og:site_name\" content=\"Cuchillalia.com\" \/>\n<meta property=\"article:publisher\" content=\"http:\/\/www.facebook.com\/cuchillalia\" \/>\n<meta property=\"article:modified_time\" content=\"2026-02-13T14:08:15+00:00\" \/>\n<meta property=\"og:image\" content=\"https:\/\/www.cuchillalia.com\/wordpress\/wp-content\/uploads\/2021\/09\/taco-cuchillos-madera-roble-kai-6600-bn.jpg\" \/>\n\t<meta property=\"og:image:width\" content=\"700\" \/>\n\t<meta property=\"og:image:height\" content=\"700\" \/>\n\t<meta property=\"og:image:type\" content=\"image\/jpeg\" \/>\n<meta name=\"twitter:card\" content=\"summary_large_image\" \/>\n<meta name=\"twitter:site\" content=\"@Cuchillalia\" \/>\n<meta name=\"twitter:label1\" content=\"Est. reading time\" \/>\n\t<meta name=\"twitter:data1\" content=\"3 minutes\" \/>\n<!-- \/ Yoast SEO plugin. -->","yoast_head_json":{"title":"Taco de Cuchillos KAI 6600-BN en Madera de Roble | Cuchillalia.com","description":"Bloque KAI 6600-BN, elegante y funcional taco de madera de roble para 8 cuchillos. Mant\u00e9n tus cuchillos organizados. \u00a1A\u00f1\u00e1delo a tu colecci\u00f3n!","robots":{"index":"index","follow":"follow","max-snippet":"max-snippet:-1","max-image-preview":"max-image-preview:large","max-video-preview":"max-video-preview:-1"},"canonical":"https:\/\/www.cuchillalia.com\/producto\/kai-6600-bn-taco-8-cuchillos-madera-roble\/","og_locale":"en_US","og_type":"article","og_title":"Taco de Cuchillos KAI 6600-BN en Madera de Roble | Cuchillalia.com","og_description":"Bloque KAI 6600-BN, elegante y funcional taco de madera de roble para 8 cuchillos. Mant\u00e9n tus cuchillos organizados. \u00a1A\u00f1\u00e1delo a tu colecci\u00f3n!","og_url":"https:\/\/www.cuchillalia.com\/producto\/kai-6600-bn-taco-8-cuchillos-madera-roble\/","og_site_name":"Cuchillalia.com","article_publisher":"http:\/\/www.facebook.com\/cuchillalia","article_modified_time":"2026-02-13T14:08:15+00:00","og_image":[{"width":700,"height":700,"url":"https:\/\/www.cuchillalia.com\/wordpress\/wp-content\/uploads\/2021\/09\/taco-cuchillos-madera-roble-kai-6600-bn.jpg","type":"image\/jpeg"}],"twitter_card":"summary_large_image","twitter_site":"@Cuchillalia","twitter_misc":{"Est. reading time":"3 minutes"},"schema":{"@context":"https:\/\/schema.org","@graph":[{"@type":"WebPage","@id":"https:\/\/www.cuchillalia.com\/producto\/kai-6600-bn-taco-8-cuchillos-madera-roble\/","url":"https:\/\/www.cuchillalia.com\/producto\/kai-6600-bn-taco-8-cuchillos-madera-roble\/","name":"Taco de Cuchillos KAI 6600-BN en Madera de Roble | Cuchillalia.com","isPartOf":{"@id":"https:\/\/www.cuchillalia.com\/#website"},"primaryImageOfPage":{"@id":"https:\/\/www.cuchillalia.com\/producto\/kai-6600-bn-taco-8-cuchillos-madera-roble\/#primaryimage"},"image":{"@id":"https:\/\/www.cuchillalia.com\/producto\/kai-6600-bn-taco-8-cuchillos-madera-roble\/#primaryimage"},"thumbnailUrl":"https:\/\/www.cuchillalia.com\/wordpress\/wp-content\/uploads\/2021\/09\/taco-cuchillos-madera-roble-kai-6600-bn.jpg","datePublished":"2021-09-22T16:26:58+00:00","dateModified":"2026-02-13T14:08:15+00:00","description":"Bloque KAI 6600-BN, elegante y funcional taco de madera de roble para 8 cuchillos. Mant\u00e9n tus cuchillos organizados. \u00a1A\u00f1\u00e1delo a tu colecci\u00f3n!","breadcrumb":{"@id":"https:\/\/www.cuchillalia.com\/producto\/kai-6600-bn-taco-8-cuchillos-madera-roble\/#breadcrumb"},"inLanguage":"en-US","potentialAction":[{"@type":"ReadAction","target":["https:\/\/www.cuchillalia.com\/producto\/kai-6600-bn-taco-8-cuchillos-madera-roble\/"]}]},{"@type":"ImageObject","inLanguage":"en-US","@id":"https:\/\/www.cuchillalia.com\/producto\/kai-6600-bn-taco-8-cuchillos-madera-roble\/#primaryimage","url":"https:\/\/www.cuchillalia.com\/wordpress\/wp-content\/uploads\/2021\/09\/taco-cuchillos-madera-roble-kai-6600-bn.jpg","contentUrl":"https:\/\/www.cuchillalia.com\/wordpress\/wp-content\/uploads\/2021\/09\/taco-cuchillos-madera-roble-kai-6600-bn.jpg","width":700,"height":700,"caption":"Taco de madera de roble para 8 cuchillos - KAI 6600-BN"},{"@type":"BreadcrumbList","@id":"https:\/\/www.cuchillalia.com\/producto\/kai-6600-bn-taco-8-cuchillos-madera-roble\/#breadcrumb","itemListElement":[{"@type":"ListItem","position":1,"name":"Cuchillalia","item":"https:\/\/www.cuchillalia.com\/en\/"},{"@type":"ListItem","position":2,"name":"Tienda","item":"https:\/\/www.cuchillalia.com\/tienda\/"},{"@type":"ListItem","position":3,"name":"Marcas","item":"https:\/\/www.cuchillalia.com\/categoria\/marcas\/"},{"@type":"ListItem","position":4,"name":"KAI","item":"https:\/\/www.cuchillalia.com\/categoria\/marcas\/kai\/"},{"@type":"ListItem","position":5,"name":"KAI Wasabi Black","item":"https:\/\/www.cuchillalia.com\/categoria\/marcas\/kai\/wasabi-black\/"},{"@type":"ListItem","position":6,"name":"Taco para cuchillos en madera de roble (8 piezas) &#8211; KAI 6600-BN"}]},{"@type":"WebSite","@id":"https:\/\/www.cuchillalia.com\/#website","url":"https:\/\/www.cuchillalia.com\/","name":"Cuchillalia.com","description":"","publisher":{"@id":"https:\/\/www.cuchillalia.com\/#organization"},"potentialAction":[{"@type":"SearchAction","target":{"@type":"EntryPoint","urlTemplate":"https:\/\/www.cuchillalia.com\/?s={search_term_string}"},"query-input":{"@type":"PropertyValueSpecification","valueRequired":true,"valueName":"search_term_string"}}],"inLanguage":"en-US"},{"@type":"Organization","@id":"https:\/\/www.cuchillalia.com\/#organization","name":"Cuchillalia","url":"https:\/\/www.cuchillalia.com\/","logo":{"@type":"ImageObject","inLanguage":"en-US","@id":"https:\/\/www.cuchillalia.com\/#\/schema\/logo\/image\/","url":"https:\/\/www.cuchillalia.com\/wordpress\/wp-content\/uploads\/2021\/03\/logo-cuchillalia-jpg.jpg","contentUrl":"https:\/\/www.cuchillalia.com\/wordpress\/wp-content\/uploads\/2021\/03\/logo-cuchillalia-jpg.jpg","width":276,"height":192,"caption":"Cuchillalia"},"image":{"@id":"https:\/\/www.cuchillalia.com\/#\/schema\/logo\/image\/"},"sameAs":["http:\/\/www.facebook.com\/cuchillalia","https:\/\/x.com\/Cuchillalia"]}]}},"_links":{"self":[{"href":"https:\/\/www.cuchillalia.com\/en\/wp-json\/wp\/v2\/product\/156050","targetHints":{"allow":["GET"]}}],"collection":[{"href":"https:\/\/www.cuchillalia.com\/en\/wp-json\/wp\/v2\/product"}],"about":[{"href":"https:\/\/www.cuchillalia.com\/en\/wp-json\/wp\/v2\/types\/product"}],"replies":[{"embeddable":true,"href":"https:\/\/www.cuchillalia.com\/en\/wp-json\/wp\/v2\/comments?post=156050"}],"wp:featuredmedia":[{"embeddable":true,"href":"https:\/\/www.cuchillalia.com\/en\/wp-json\/wp\/v2\/media\/156069"}],"wp:attachment":[{"href":"https:\/\/www.cuchillalia.com\/en\/wp-json\/wp\/v2\/media?parent=156050"}],"wp:term":[{"taxonomy":"product_brand","embeddable":true,"href":"https:\/\/www.cuchillalia.com\/en\/wp-json\/wp\/v2\/product_brand?post=156050"},{"taxonomy":"product_cat","embeddable":true,"href":"https:\/\/www.cuchillalia.com\/en\/wp-json\/wp\/v2\/product_cat?post=156050"},{"taxonomy":"product_tag","embeddable":true,"href":"https:\/\/www.cuchillalia.com\/en\/wp-json\/wp\/v2\/product_tag?post=156050"}],"curies":[{"name":"wp","href":"https:\/\/api.w.org\/{rel}","templated":true}]}}