{"id":155495,"date":"2021-06-28T21:33:38","date_gmt":"2021-06-28T19:33:38","guid":{"rendered":"https:\/\/www.cuchillalia.com\/?post_type=product&#038;p=155495"},"modified":"2026-04-30T12:24:11","modified_gmt":"2026-04-30T10:24:11","slug":"cuchillo-mondador-9-cm-wusthof-performer-1061200409","status":"publish","type":"product","link":"https:\/\/www.cuchillalia.com\/en\/producto\/cuchillo-mondador-9-cm-wusthof-performer-1061200409\/","title":{"rendered":"Cuchillo mondador de 9 cm W\u00fcsthof Performer"},"content":{"rendered":"<h2>Tabla de caracter\u00edsticas mondador W\u00fcsthof Performer<\/h2>\n<div class='tabla-caracteristicas'>\n<div class='fila'><span class='etiqueta'>Nombre comercial:<\/span><span class='valor'><strong>Performer pelador 9 cm<\/strong><\/span><\/div>\n<div class='fila'><span class='etiqueta'>Fabricante:<\/span><span class='valor'>W\u00fcsthof<\/span><\/div>\n<div class='fila'><span class='etiqueta'>Referencia del fabricante:<\/span><span class='valor'>1061200409<\/span><\/div>\n<div class='fila'><span class='etiqueta'>Longitud de la hoja:<\/span><span class='valor'>9 cm<\/span><\/div>\n<div class='fila'><span class='etiqueta'>Ancho m\u00e1ximo de la hoja:<\/span><span class='valor'>20 mm<\/span><\/div>\n<div class='fila'><span class='etiqueta'>Longitud del mango:<\/span><span class='valor'>10 cm<\/span><\/div>\n<div class='fila'><span class='etiqueta'>Material de la hoja:<\/span><span class='valor'>Acero inoxidable con recubrimiento DLC<\/span><\/div>\n<div class='fila'><span class='etiqueta'>Acabado:<\/span><span class='valor'>Color negro en todo el cuchillo<\/span><\/div>\n<div class='fila'><span class='etiqueta'>Dureza:<\/span><span class='valor'>HRc 58 Rockwell (en superficie hasta HRc 104 Rockwell) <\/span><\/div>\n<div class='fila'><span class='etiqueta'>Material del mango:<\/span><span class='valor'>Poliamida reforzada con fibra de vidrio<\/span><\/div>\n<div class='fila'><span class='etiqueta'>Tipo de mango:<\/span><span class='valor'>Ergon\u00f3mico<\/span><\/div>\n<div class='fila'><span class='etiqueta'>\u00bfEs apto para zurdos?:<\/span><span class='valor'>Para diestros y zurdos<\/span><\/div>\n<div class='fila'><span class='etiqueta'>Peso del producto:<\/span><span class='valor'>55 g<\/span><\/div>\n<div class='fila'><span class='etiqueta'>Producci\u00f3n:<\/span><span class='valor'>Forjado<\/span><\/div>\n<div class='fila'><span class='etiqueta'>Presentaci\u00f3n del producto:<\/span><span class='valor'>C\u00f3moda y elegante caja<\/span><\/div>\n<div class='fila'><span class='etiqueta'>\u00bfDonde se fabrica?:<\/span><span class='valor'>Solingen &#8211; Alemania<\/span><\/div>\n<div class='fila'><span class='etiqueta'>C\u00f3digo de barras (GTIN):<\/span><span class='valor'>4002293112046<\/span><\/div>\n<div class='fila'><span class='etiqueta'>Observaciones:<\/span><span class='valor'>&#8211; Acero inoxidable de W\u00fcsthof con un recubrimiento de DLC (carbono tipo diamante) que le aporta una dureza de hasta HRc 104 Rockwell en la superficie.<br \/>\n&#8211; El corte de los alimentos se realiza casi sin fricci\u00f3n gracias al efecto loto (propiedad repelente al agua) que aporta el recubrimiento tipo diamante.<br \/>\n&#8211; Cuchillo forjado en una sola pieza de acero para una mayor seguridad y estabilidad en el corte.<br \/>\n&#8211; Filo con \u00e1ngulo de 28\u00ba.<br \/>\n&#8211; Mango fabricado en poliamida reforzada con fibra de vidrio. Superficie con terminaci\u00f3n el\u00e1stica y acabado &#8216;colmena&#8217; (peque\u00f1os hex\u00e1gonos) que le aportan un agarre perfecto.<br \/>\n&#8211; En su cara derecha la hoja presenta el logotipo de W\u00fcsthof en gran tama\u00f1o.<\/span><\/div>\n<\/div>\n","protected":false},"excerpt":{"rendered":"<p><strong>Cuchillo pelador\/mondador<\/strong>, de <strong>9 cm<\/strong> de hoja, <strong>W\u00fcsthof Performer<\/strong>, con recubrimiento carbono tipo diamante que le aporta dureza en superficie de HRc 104 Rockwell. Fabricado en Alemania.&hellip; <a class=\"kt-excerpt-readmore more-link\" href=\"https:\/\/www.cuchillalia.com\/en\/producto\/cuchillo-mondador-9-cm-wusthof-performer-1061200409\/\" aria-label=\"Cuchillo mondador de 9 cm W\u00fcsthof Performer\">Read More<\/a><\/p>\n","protected":false},"featured_media":155507,"comment_status":"open","ping_status":"closed","template":"","meta":[],"product_brand":[],"product_cat":[8289,8760],"product_tag":[],"class_list":{"0":"post-155495","1":"product","2":"type-product","3":"status-publish","4":"has-post-thumbnail","6":"product_cat-mondadores","7":"product_cat-performer","9":"first","10":"onbackorder","11":"taxable","12":"shipping-taxable","13":"purchasable","14":"product-type-simple"},"yoast_head":"<!-- This site is optimized with the Yoast SEO plugin v27.5 - https:\/\/yoast.com\/product\/yoast-seo-wordpress\/ -->\n<title>Cuchillo mondador de 9 cm serie W\u00fcsthof Performer | Cuchillalia.com<\/title>\n<meta name=\"robots\" content=\"index, follow, max-snippet:-1, max-image-preview:large, max-video-preview:-1\" \/>\n<link rel=\"canonical\" href=\"https:\/\/www.cuchillalia.com\/producto\/cuchillo-mondador-9-cm-wusthof-performer-1061200409\/\" \/>\n<meta property=\"og:locale\" content=\"en_US\" \/>\n<meta property=\"og:type\" content=\"article\" \/>\n<meta property=\"og:title\" content=\"Cuchillo mondador de 9 cm serie W\u00fcsthof Performer | Cuchillalia.com\" \/>\n<meta property=\"og:description\" content=\"Cuchillo pelador\/mondador, de 9 cm de hoja, W\u00fcsthof Performer, con recubrimiento carbono tipo diamante que le aporta dureza en superficie de HRc 104 Rockwell. Fabricado en Alemania.&hellip; Read More\" \/>\n<meta property=\"og:url\" content=\"https:\/\/www.cuchillalia.com\/producto\/cuchillo-mondador-9-cm-wusthof-performer-1061200409\/\" \/>\n<meta property=\"og:site_name\" content=\"Cuchillalia.com\" \/>\n<meta property=\"article:publisher\" content=\"http:\/\/www.facebook.com\/cuchillalia\" \/>\n<meta property=\"article:modified_time\" content=\"2026-04-30T10:24:11+00:00\" \/>\n<meta property=\"og:image\" content=\"https:\/\/www.cuchillalia.com\/wordpress\/wp-content\/uploads\/2021\/06\/cuchillo-mondador-wusthof-performer.jpg\" \/>\n\t<meta property=\"og:image:width\" content=\"1600\" \/>\n\t<meta property=\"og:image:height\" content=\"1600\" \/>\n\t<meta property=\"og:image:type\" content=\"image\/jpeg\" \/>\n<meta name=\"twitter:card\" content=\"summary_large_image\" \/>\n<meta name=\"twitter:site\" content=\"@Cuchillalia\" \/>\n<meta name=\"twitter:label1\" content=\"Est. reading time\" \/>\n\t<meta name=\"twitter:data1\" content=\"1 minute\" \/>\n<!-- \/ Yoast SEO plugin. -->","yoast_head_json":{"title":"Cuchillo mondador de 9 cm serie W\u00fcsthof Performer | Cuchillalia.com","robots":{"index":"index","follow":"follow","max-snippet":"max-snippet:-1","max-image-preview":"max-image-preview:large","max-video-preview":"max-video-preview:-1"},"canonical":"https:\/\/www.cuchillalia.com\/producto\/cuchillo-mondador-9-cm-wusthof-performer-1061200409\/","og_locale":"en_US","og_type":"article","og_title":"Cuchillo mondador de 9 cm serie W\u00fcsthof Performer | Cuchillalia.com","og_description":"Cuchillo pelador\/mondador, de 9 cm de hoja, W\u00fcsthof Performer, con recubrimiento carbono tipo diamante que le aporta dureza en superficie de HRc 104 Rockwell. Fabricado en Alemania.&hellip; Read More","og_url":"https:\/\/www.cuchillalia.com\/producto\/cuchillo-mondador-9-cm-wusthof-performer-1061200409\/","og_site_name":"Cuchillalia.com","article_publisher":"http:\/\/www.facebook.com\/cuchillalia","article_modified_time":"2026-04-30T10:24:11+00:00","og_image":[{"width":1600,"height":1600,"url":"https:\/\/www.cuchillalia.com\/wordpress\/wp-content\/uploads\/2021\/06\/cuchillo-mondador-wusthof-performer.jpg","type":"image\/jpeg"}],"twitter_card":"summary_large_image","twitter_site":"@Cuchillalia","twitter_misc":{"Est. reading time":"1 minute"},"schema":{"@context":"https:\/\/schema.org","@graph":[{"@type":"WebPage","@id":"https:\/\/www.cuchillalia.com\/producto\/cuchillo-mondador-9-cm-wusthof-performer-1061200409\/","url":"https:\/\/www.cuchillalia.com\/producto\/cuchillo-mondador-9-cm-wusthof-performer-1061200409\/","name":"Cuchillo mondador de 9 cm serie W\u00fcsthof Performer | Cuchillalia.com","isPartOf":{"@id":"https:\/\/www.cuchillalia.com\/#website"},"primaryImageOfPage":{"@id":"https:\/\/www.cuchillalia.com\/producto\/cuchillo-mondador-9-cm-wusthof-performer-1061200409\/#primaryimage"},"image":{"@id":"https:\/\/www.cuchillalia.com\/producto\/cuchillo-mondador-9-cm-wusthof-performer-1061200409\/#primaryimage"},"thumbnailUrl":"https:\/\/www.cuchillalia.com\/wordpress\/wp-content\/uploads\/2021\/06\/cuchillo-mondador-wusthof-performer.jpg","datePublished":"2021-06-28T19:33:38+00:00","dateModified":"2026-04-30T10:24:11+00:00","breadcrumb":{"@id":"https:\/\/www.cuchillalia.com\/producto\/cuchillo-mondador-9-cm-wusthof-performer-1061200409\/#breadcrumb"},"inLanguage":"en-US","potentialAction":[{"@type":"ReadAction","target":["https:\/\/www.cuchillalia.com\/producto\/cuchillo-mondador-9-cm-wusthof-performer-1061200409\/"]}]},{"@type":"ImageObject","inLanguage":"en-US","@id":"https:\/\/www.cuchillalia.com\/producto\/cuchillo-mondador-9-cm-wusthof-performer-1061200409\/#primaryimage","url":"https:\/\/www.cuchillalia.com\/wordpress\/wp-content\/uploads\/2021\/06\/cuchillo-mondador-wusthof-performer.jpg","contentUrl":"https:\/\/www.cuchillalia.com\/wordpress\/wp-content\/uploads\/2021\/06\/cuchillo-mondador-wusthof-performer.jpg","width":1600,"height":1600,"caption":"Cuchillo mondador de 9 cm W\u00fcsthof Performer"},{"@type":"BreadcrumbList","@id":"https:\/\/www.cuchillalia.com\/producto\/cuchillo-mondador-9-cm-wusthof-performer-1061200409\/#breadcrumb","itemListElement":[{"@type":"ListItem","position":1,"name":"Cuchillalia","item":"https:\/\/www.cuchillalia.com\/en\/"},{"@type":"ListItem","position":2,"name":"Tienda","item":"https:\/\/www.cuchillalia.com\/tienda\/"},{"@type":"ListItem","position":3,"name":"Marcas","item":"https:\/\/www.cuchillalia.com\/categoria\/marcas\/"},{"@type":"ListItem","position":4,"name":"W\u00fcsthof","item":"https:\/\/www.cuchillalia.com\/categoria\/marcas\/wusthof\/"},{"@type":"ListItem","position":5,"name":"Serie Performer","item":"https:\/\/www.cuchillalia.com\/categoria\/marcas\/wusthof\/performer\/"},{"@type":"ListItem","position":6,"name":"Cuchillo mondador de 9 cm W\u00fcsthof Performer"}]},{"@type":"WebSite","@id":"https:\/\/www.cuchillalia.com\/#website","url":"https:\/\/www.cuchillalia.com\/","name":"Cuchillalia.com","description":"","publisher":{"@id":"https:\/\/www.cuchillalia.com\/#organization"},"potentialAction":[{"@type":"SearchAction","target":{"@type":"EntryPoint","urlTemplate":"https:\/\/www.cuchillalia.com\/?s={search_term_string}"},"query-input":{"@type":"PropertyValueSpecification","valueRequired":true,"valueName":"search_term_string"}}],"inLanguage":"en-US"},{"@type":"Organization","@id":"https:\/\/www.cuchillalia.com\/#organization","name":"Cuchillalia","url":"https:\/\/www.cuchillalia.com\/","logo":{"@type":"ImageObject","inLanguage":"en-US","@id":"https:\/\/www.cuchillalia.com\/#\/schema\/logo\/image\/","url":"https:\/\/www.cuchillalia.com\/wordpress\/wp-content\/uploads\/2021\/03\/logo-cuchillalia-jpg.jpg","contentUrl":"https:\/\/www.cuchillalia.com\/wordpress\/wp-content\/uploads\/2021\/03\/logo-cuchillalia-jpg.jpg","width":276,"height":192,"caption":"Cuchillalia"},"image":{"@id":"https:\/\/www.cuchillalia.com\/#\/schema\/logo\/image\/"},"sameAs":["http:\/\/www.facebook.com\/cuchillalia","https:\/\/x.com\/Cuchillalia"]}]}},"_links":{"self":[{"href":"https:\/\/www.cuchillalia.com\/en\/wp-json\/wp\/v2\/product\/155495","targetHints":{"allow":["GET"]}}],"collection":[{"href":"https:\/\/www.cuchillalia.com\/en\/wp-json\/wp\/v2\/product"}],"about":[{"href":"https:\/\/www.cuchillalia.com\/en\/wp-json\/wp\/v2\/types\/product"}],"replies":[{"embeddable":true,"href":"https:\/\/www.cuchillalia.com\/en\/wp-json\/wp\/v2\/comments?post=155495"}],"wp:featuredmedia":[{"embeddable":true,"href":"https:\/\/www.cuchillalia.com\/en\/wp-json\/wp\/v2\/media\/155507"}],"wp:attachment":[{"href":"https:\/\/www.cuchillalia.com\/en\/wp-json\/wp\/v2\/media?parent=155495"}],"wp:term":[{"taxonomy":"product_brand","embeddable":true,"href":"https:\/\/www.cuchillalia.com\/en\/wp-json\/wp\/v2\/product_brand?post=155495"},{"taxonomy":"product_cat","embeddable":true,"href":"https:\/\/www.cuchillalia.com\/en\/wp-json\/wp\/v2\/product_cat?post=155495"},{"taxonomy":"product_tag","embeddable":true,"href":"https:\/\/www.cuchillalia.com\/en\/wp-json\/wp\/v2\/product_tag?post=155495"}],"curies":[{"name":"wp","href":"https:\/\/api.w.org\/{rel}","templated":true}]}}