{"id":151255,"date":"2021-04-16T21:13:33","date_gmt":"2021-04-16T19:13:33","guid":{"rendered":"https:\/\/www.cuchillalia.com\/?post_type=product&#038;p=151255"},"modified":"2026-03-20T12:41:36","modified_gmt":"2026-03-20T11:41:36","slug":"miyabi-34536-005-piedra-afilar-japonesa-grano-5000","status":"publish","type":"product","link":"https:\/\/www.cuchillalia.com\/en\/producto\/miyabi-34536-005-piedra-afilar-japonesa-grano-5000\/","title":{"rendered":"Piedra de afilar japonesa de grano 5000 &#8211; Miyabi 34536-005"},"content":{"rendered":"<p class='p1'>Piedra sint\u00e9tica de cer\u00e1mica para el afilado de tus cuchillos con agua.<\/p>\n<p class='p1'>Las dimensiones de la piedra son 210x70x25 mm<\/p>\n<p>Se incluyen instrucciones en japon\u00e9s, ingl\u00e9s, franc\u00e9s y alem\u00e1n.<\/p>\n<p>Las piedras de afilar de Miyabi son de alta densidad, con una m\u00ednima absorci\u00f3n de agua y una duraci\u00f3n muy larga por su m\u00ednimo desgaste.<\/p>\n<h2>Tabla de caracter\u00edsticas piedra japonesa de afilar grano 5000 Miyabi<\/h2>\n<div class='tabla-caracteristicas'>\n<div class='fila'><span class='etiqueta'>Nombre comercial:<\/span><span class='valor'><strong>Piedra japonesa de afilar grano 5000<\/strong><\/span><\/div>\n<div class='fila'><span class='etiqueta'>Fabricante:<\/span><span class='valor'>Miyabi<\/span><\/div>\n<div class='fila'><span class='etiqueta'>Referencia del fabricante:<\/span><span class='valor'>34536-005<\/span><\/div>\n<div class='fila'><span class='etiqueta'>Medidas:<\/span><span class='valor'>Largo:     21 cm<br \/>\nAncho:     7 cm<br \/>\nAlto:     2.5 cm<\/span><\/div>\n<div class='fila'><span class='etiqueta'>Material:<\/span><span class='valor'>Piedra cer\u00e1mica sint\u00e9tica<\/span><\/div>\n<div class='fila'><span class='etiqueta'>Peso del producto:<\/span><span class='valor'>940 g<\/span><\/div>\n<div class='fila'><span class='etiqueta'>Presentaci\u00f3n del producto:<\/span><span class='valor'>Caja regalo<\/span><\/div>\n<div class='fila'><span class='etiqueta'>\u00bfDonde se fabrica?:<\/span><span class='valor'>Jap\u00f3n<\/span><\/div>\n<div class='fila'><span class='etiqueta'>C\u00f3digo de barras (GTIN):<\/span><span class='valor'>4009839275081<\/span><\/div>\n<\/div>\n","protected":false},"excerpt":{"rendered":"<p><strong>Piedra de afilar japonesa de Miyabi<\/strong> de <strong>grano 5000<\/strong> (pulido). <em>Fabricada en Jap\u00f3n<\/em>.&hellip; <a class=\"kt-excerpt-readmore more-link\" href=\"https:\/\/www.cuchillalia.com\/en\/producto\/miyabi-34536-005-piedra-afilar-japonesa-grano-5000\/\" aria-label=\"Piedra de afilar japonesa de grano 5000 &#8211; Miyabi 34536-005\">Read More<\/a><\/p>\n","protected":false},"featured_media":151260,"comment_status":"open","ping_status":"closed","template":"","meta":[],"product_brand":[],"product_cat":[8667,8329],"product_tag":[],"class_list":{"0":"post-151255","1":"product","2":"type-product","3":"status-publish","4":"has-post-thumbnail","6":"product_cat-afilado-miyabi","7":"product_cat-piedras-afilar","9":"first","10":"instock","11":"taxable","12":"shipping-taxable","13":"purchasable","14":"product-type-simple"},"yoast_head":"<!-- This site is optimized with the Yoast SEO plugin v27.5 - https:\/\/yoast.com\/product\/yoast-seo-wordpress\/ -->\n<title>Piedra de afilar Miyabi de grano 5000 color gris | Cuchillalia.com<\/title>\n<meta name=\"description\" content=\"Piedra sint\u00e9tica de cer\u00e1mica para el afilado de tus cuchillos de alta gama. Grano 5000 para pulir. Fabricada en Jap\u00f3n. Para usar con agua.\" \/>\n<meta name=\"robots\" content=\"index, follow, max-snippet:-1, max-image-preview:large, max-video-preview:-1\" \/>\n<link rel=\"canonical\" href=\"https:\/\/www.cuchillalia.com\/producto\/miyabi-34536-005-piedra-afilar-japonesa-grano-5000\/\" \/>\n<meta property=\"og:locale\" content=\"en_US\" \/>\n<meta property=\"og:type\" content=\"article\" \/>\n<meta property=\"og:title\" content=\"Piedra de afilar Miyabi de grano 5000 color gris | Cuchillalia.com\" \/>\n<meta property=\"og:description\" content=\"Piedra sint\u00e9tica de cer\u00e1mica para el afilado de tus cuchillos de alta gama. Grano 5000 para pulir. Fabricada en Jap\u00f3n. Para usar con agua.\" \/>\n<meta property=\"og:url\" content=\"https:\/\/www.cuchillalia.com\/producto\/miyabi-34536-005-piedra-afilar-japonesa-grano-5000\/\" \/>\n<meta property=\"og:site_name\" content=\"Cuchillalia.com\" \/>\n<meta property=\"article:publisher\" content=\"http:\/\/www.facebook.com\/cuchillalia\" \/>\n<meta property=\"article:modified_time\" content=\"2026-03-20T11:41:36+00:00\" \/>\n<meta property=\"og:image\" content=\"https:\/\/www.cuchillalia.com\/wordpress\/wp-content\/uploads\/2021\/04\/cuchillalia-miyabi-34536-005-piedra-afilar-5000.jpg\" \/>\n\t<meta property=\"og:image:width\" content=\"1600\" \/>\n\t<meta property=\"og:image:height\" content=\"1600\" \/>\n\t<meta property=\"og:image:type\" content=\"image\/jpeg\" \/>\n<meta name=\"twitter:card\" content=\"summary_large_image\" \/>\n<meta name=\"twitter:site\" content=\"@Cuchillalia\" \/>\n<meta name=\"twitter:label1\" content=\"Est. reading time\" \/>\n\t<meta name=\"twitter:data1\" content=\"2 minutes\" \/>\n<!-- \/ Yoast SEO plugin. -->","yoast_head_json":{"title":"Piedra de afilar Miyabi de grano 5000 color gris | Cuchillalia.com","description":"Piedra sint\u00e9tica de cer\u00e1mica para el afilado de tus cuchillos de alta gama. Grano 5000 para pulir. Fabricada en Jap\u00f3n. Para usar con agua.","robots":{"index":"index","follow":"follow","max-snippet":"max-snippet:-1","max-image-preview":"max-image-preview:large","max-video-preview":"max-video-preview:-1"},"canonical":"https:\/\/www.cuchillalia.com\/producto\/miyabi-34536-005-piedra-afilar-japonesa-grano-5000\/","og_locale":"en_US","og_type":"article","og_title":"Piedra de afilar Miyabi de grano 5000 color gris | Cuchillalia.com","og_description":"Piedra sint\u00e9tica de cer\u00e1mica para el afilado de tus cuchillos de alta gama. Grano 5000 para pulir. Fabricada en Jap\u00f3n. Para usar con agua.","og_url":"https:\/\/www.cuchillalia.com\/producto\/miyabi-34536-005-piedra-afilar-japonesa-grano-5000\/","og_site_name":"Cuchillalia.com","article_publisher":"http:\/\/www.facebook.com\/cuchillalia","article_modified_time":"2026-03-20T11:41:36+00:00","og_image":[{"width":1600,"height":1600,"url":"https:\/\/www.cuchillalia.com\/wordpress\/wp-content\/uploads\/2021\/04\/cuchillalia-miyabi-34536-005-piedra-afilar-5000.jpg","type":"image\/jpeg"}],"twitter_card":"summary_large_image","twitter_site":"@Cuchillalia","twitter_misc":{"Est. reading time":"2 minutes"},"schema":{"@context":"https:\/\/schema.org","@graph":[{"@type":"WebPage","@id":"https:\/\/www.cuchillalia.com\/producto\/miyabi-34536-005-piedra-afilar-japonesa-grano-5000\/","url":"https:\/\/www.cuchillalia.com\/producto\/miyabi-34536-005-piedra-afilar-japonesa-grano-5000\/","name":"Piedra de afilar Miyabi de grano 5000 color gris | Cuchillalia.com","isPartOf":{"@id":"https:\/\/www.cuchillalia.com\/#website"},"primaryImageOfPage":{"@id":"https:\/\/www.cuchillalia.com\/producto\/miyabi-34536-005-piedra-afilar-japonesa-grano-5000\/#primaryimage"},"image":{"@id":"https:\/\/www.cuchillalia.com\/producto\/miyabi-34536-005-piedra-afilar-japonesa-grano-5000\/#primaryimage"},"thumbnailUrl":"https:\/\/www.cuchillalia.com\/wordpress\/wp-content\/uploads\/2021\/04\/cuchillalia-miyabi-34536-005-piedra-afilar-5000.jpg","datePublished":"2021-04-16T19:13:33+00:00","dateModified":"2026-03-20T11:41:36+00:00","description":"Piedra sint\u00e9tica de cer\u00e1mica para el afilado de tus cuchillos de alta gama. Grano 5000 para pulir. Fabricada en Jap\u00f3n. Para usar con agua.","breadcrumb":{"@id":"https:\/\/www.cuchillalia.com\/producto\/miyabi-34536-005-piedra-afilar-japonesa-grano-5000\/#breadcrumb"},"inLanguage":"en-US","potentialAction":[{"@type":"ReadAction","target":["https:\/\/www.cuchillalia.com\/producto\/miyabi-34536-005-piedra-afilar-japonesa-grano-5000\/"]}]},{"@type":"ImageObject","inLanguage":"en-US","@id":"https:\/\/www.cuchillalia.com\/producto\/miyabi-34536-005-piedra-afilar-japonesa-grano-5000\/#primaryimage","url":"https:\/\/www.cuchillalia.com\/wordpress\/wp-content\/uploads\/2021\/04\/cuchillalia-miyabi-34536-005-piedra-afilar-5000.jpg","contentUrl":"https:\/\/www.cuchillalia.com\/wordpress\/wp-content\/uploads\/2021\/04\/cuchillalia-miyabi-34536-005-piedra-afilar-5000.jpg","width":1600,"height":1600,"caption":"Piedra de afilar japonesa de grano 5000 - Miyabi"},{"@type":"BreadcrumbList","@id":"https:\/\/www.cuchillalia.com\/producto\/miyabi-34536-005-piedra-afilar-japonesa-grano-5000\/#breadcrumb","itemListElement":[{"@type":"ListItem","position":1,"name":"Cuchillalia","item":"https:\/\/www.cuchillalia.com\/en\/"},{"@type":"ListItem","position":2,"name":"Tienda","item":"https:\/\/www.cuchillalia.com\/tienda\/"},{"@type":"ListItem","position":3,"name":"Marcas","item":"https:\/\/www.cuchillalia.com\/categoria\/marcas\/"},{"@type":"ListItem","position":4,"name":"Miyabi","item":"https:\/\/www.cuchillalia.com\/categoria\/marcas\/miyabi\/"},{"@type":"ListItem","position":5,"name":"Afilado Miyabi","item":"https:\/\/www.cuchillalia.com\/categoria\/marcas\/miyabi\/afilado-miyabi\/"},{"@type":"ListItem","position":6,"name":"Piedra de afilar japonesa de grano 5000 &#8211; Miyabi 34536-005"}]},{"@type":"WebSite","@id":"https:\/\/www.cuchillalia.com\/#website","url":"https:\/\/www.cuchillalia.com\/","name":"Cuchillalia.com","description":"","publisher":{"@id":"https:\/\/www.cuchillalia.com\/#organization"},"potentialAction":[{"@type":"SearchAction","target":{"@type":"EntryPoint","urlTemplate":"https:\/\/www.cuchillalia.com\/?s={search_term_string}"},"query-input":{"@type":"PropertyValueSpecification","valueRequired":true,"valueName":"search_term_string"}}],"inLanguage":"en-US"},{"@type":"Organization","@id":"https:\/\/www.cuchillalia.com\/#organization","name":"Cuchillalia","url":"https:\/\/www.cuchillalia.com\/","logo":{"@type":"ImageObject","inLanguage":"en-US","@id":"https:\/\/www.cuchillalia.com\/#\/schema\/logo\/image\/","url":"https:\/\/www.cuchillalia.com\/wordpress\/wp-content\/uploads\/2021\/03\/logo-cuchillalia-jpg.jpg","contentUrl":"https:\/\/www.cuchillalia.com\/wordpress\/wp-content\/uploads\/2021\/03\/logo-cuchillalia-jpg.jpg","width":276,"height":192,"caption":"Cuchillalia"},"image":{"@id":"https:\/\/www.cuchillalia.com\/#\/schema\/logo\/image\/"},"sameAs":["http:\/\/www.facebook.com\/cuchillalia","https:\/\/x.com\/Cuchillalia"]}]}},"_links":{"self":[{"href":"https:\/\/www.cuchillalia.com\/en\/wp-json\/wp\/v2\/product\/151255","targetHints":{"allow":["GET"]}}],"collection":[{"href":"https:\/\/www.cuchillalia.com\/en\/wp-json\/wp\/v2\/product"}],"about":[{"href":"https:\/\/www.cuchillalia.com\/en\/wp-json\/wp\/v2\/types\/product"}],"replies":[{"embeddable":true,"href":"https:\/\/www.cuchillalia.com\/en\/wp-json\/wp\/v2\/comments?post=151255"}],"wp:featuredmedia":[{"embeddable":true,"href":"https:\/\/www.cuchillalia.com\/en\/wp-json\/wp\/v2\/media\/151260"}],"wp:attachment":[{"href":"https:\/\/www.cuchillalia.com\/en\/wp-json\/wp\/v2\/media?parent=151255"}],"wp:term":[{"taxonomy":"product_brand","embeddable":true,"href":"https:\/\/www.cuchillalia.com\/en\/wp-json\/wp\/v2\/product_brand?post=151255"},{"taxonomy":"product_cat","embeddable":true,"href":"https:\/\/www.cuchillalia.com\/en\/wp-json\/wp\/v2\/product_cat?post=151255"},{"taxonomy":"product_tag","embeddable":true,"href":"https:\/\/www.cuchillalia.com\/en\/wp-json\/wp\/v2\/product_tag?post=151255"}],"curies":[{"name":"wp","href":"https:\/\/api.w.org\/{rel}","templated":true}]}}