{"id":149471,"date":"2021-03-28T14:48:58","date_gmt":"2021-03-28T12:48:58","guid":{"rendered":"https:\/\/www.cuchillalia.com\/?post_type=product&#038;p=149471"},"modified":"2026-03-20T01:38:20","modified_gmt":"2026-03-20T00:38:20","slug":"cazuela-hierro-fundido-grande-28-cm-metaltex","status":"publish","type":"product","link":"https:\/\/www.cuchillalia.com\/en\/producto\/cazuela-hierro-fundido-grande-28-cm-metaltex\/","title":{"rendered":"Cazuela de hierro fundido grande de 28 cm 5.5 litros Metaltex"},"content":{"rendered":"<h2>Tabla de caracter\u00edsticas cazuela de hierro fundido grande de 28 cm de Metaltex<\/h2>\n<div class='tabla-caracteristicas'>\n<div class='fila'><span class='etiqueta'>Nombre comercial:<\/span><span class='valor'><strong>Cazuela hierro fundido esmaltada para inducci\u00f3n \/ vitro<\/strong><\/span><\/div>\n<div class='fila'><span class='etiqueta'>Fabricante:<\/span><span class='valor'>Metaltex<\/span><\/div>\n<div class='fila'><span class='etiqueta'>Referencia del fabricante:<\/span><span class='valor'>739870000<\/span><\/div>\n<div class='fila'><span class='etiqueta'>Material:<\/span><span class='valor'>Hierro fundido<\/span><\/div>\n<div class='fila'><span class='etiqueta'>Presentaci\u00f3n del producto:<\/span><span class='valor'>Caja<\/span><\/div>\n<div class='fila'><span class='etiqueta'>Di\u00e1metro:<\/span><span class='valor'>28 cm<\/span><\/div>\n<div class='fila'><span class='etiqueta'>Capacidad:<\/span><span class='valor'>5,5 litros<\/span><\/div>\n<div class='fila'><span class='etiqueta'>\u00bfEs apto para inducci\u00f3n?:<\/span><span class='valor'>Si<\/span><\/div>\n<div class='fila'><span class='etiqueta'>\u00bfEs apto para horno?:<\/span><span class='valor'>Si, hasta 250\u00baC<\/span><\/div>\n<div class='fila'><span class='etiqueta'>\u00bfEs apto para el lavavajillas?:<\/span><span class='valor'>No<\/span><\/div>\n<div class='fila'><span class='etiqueta'>\u00bfIncluye tapa?:<\/span><span class='valor'>Si<\/span><\/div>\n<div class='fila'><span class='etiqueta'>\u00bfDonde se fabrica?:<\/span><span class='valor'>Espa\u00f1a<\/span><\/div>\n<div class='fila'><span class='etiqueta'>\u00bfQu\u00e9 garant\u00eda tiene?:<\/span><span class='valor'>3 a\u00f1os contra todo defecto de fabricaci\u00f3n, siempre que del producto se haga un uso racional para el cual que ha sido fabricado.<\/span><\/div>\n<div class='fila'><span class='etiqueta'>C\u00f3digo de barras (GTIN):<\/span><span class='valor'>8002527398709<\/span><\/div>\n<div class='fila'><span class='etiqueta'>Observaciones:<\/span><span class='valor'>&#8211; Fabricadas en Espa\u00f1a.<br \/>\n&#8211; Cazuela apta para todos los fuegos: inducci\u00f3n, gas, vitrocer\u00e1mica, el\u00e9ctrica, hal\u00f3gena, \u2026<br \/>\n&#8211; Con doble esmaltado que protege de la oxidaci\u00f3n. Esmaltado con brillo en el interior y mate en el exterior.<br \/>\n&#8211; Cazuela fabricada en hierro fundido que facilita la distribuci\u00f3n uniforme del calor sobre toda la superficie de la cazuela. Tambi\u00e9n ayuda a mantener la comida caliente m\u00e1s tiempo.<br \/>\n&#8211; Resistente a altas temperaturas.<br \/>\n&#8211; Fabricaci\u00f3n a mano, una a una, por lo que pueden presentar peque\u00f1as imperfecciones que no alteran las cualidades para la cocina.<\/span><\/div>\n<\/div>\n","protected":false},"excerpt":{"rendered":"<p><strong>Olla cazuela<\/strong><strong> de hierro fundido grande<\/strong>, esmaltada, de <strong>28 cm<\/strong> y <b>5.5 litros<\/b>\u00a0de capacidad con tapa. Para cualquier tipo de fuente de calor, incluida inducci\u00f3n, gas, vitrocer\u00e1mica, &#8230; y de fabricaci\u00f3n espa\u00f1ola.&hellip; <a class=\"kt-excerpt-readmore more-link\" href=\"https:\/\/www.cuchillalia.com\/en\/producto\/cazuela-hierro-fundido-grande-28-cm-metaltex\/\" aria-label=\"Cazuela de hierro fundido grande de 28 cm 5.5 litros Metaltex\">Read More<\/a><\/p>\n","protected":false},"featured_media":149493,"comment_status":"open","ping_status":"closed","template":"","meta":[],"product_brand":[],"product_cat":[15126,8405],"product_tag":[],"class_list":{"0":"post-149471","1":"product","2":"type-product","3":"status-publish","4":"has-post-thumbnail","6":"product_cat-cocottes","7":"product_cat-serie-x-pert","9":"first","10":"instock","11":"taxable","12":"shipping-taxable","13":"purchasable","14":"product-type-simple"},"yoast_head":"<!-- This site is optimized with the Yoast SEO plugin v27.5 - https:\/\/yoast.com\/product\/yoast-seo-wordpress\/ -->\n<title>Cazuela de hierro fundido grande de Metaltex de 28 cm | Cuchillalia.com<\/title>\n<meta name=\"description\" content=\"Olla cazuela\u00a0de hierro colado\/fundido esmaltado, 28 cm y 5.5 litros, con tapa. Para inducci\u00f3n, gas, vitrocer\u00e1mica. Fabricada en Espa\u00f1a\" \/>\n<meta name=\"robots\" content=\"index, follow, max-snippet:-1, max-image-preview:large, max-video-preview:-1\" \/>\n<link rel=\"canonical\" href=\"https:\/\/www.cuchillalia.com\/producto\/cazuela-hierro-fundido-grande-28-cm-metaltex\/\" \/>\n<meta property=\"og:locale\" content=\"en_US\" \/>\n<meta property=\"og:type\" content=\"article\" \/>\n<meta property=\"og:title\" content=\"Cazuela de hierro fundido grande de Metaltex de 28 cm | Cuchillalia.com\" \/>\n<meta property=\"og:description\" content=\"Olla cazuela\u00a0de hierro colado\/fundido esmaltado, 28 cm y 5.5 litros, con tapa. Para inducci\u00f3n, gas, vitrocer\u00e1mica. Fabricada en Espa\u00f1a\" \/>\n<meta property=\"og:url\" content=\"https:\/\/www.cuchillalia.com\/producto\/cazuela-hierro-fundido-grande-28-cm-metaltex\/\" \/>\n<meta property=\"og:site_name\" content=\"Cuchillalia.com\" \/>\n<meta property=\"article:publisher\" content=\"http:\/\/www.facebook.com\/cuchillalia\" \/>\n<meta property=\"article:modified_time\" content=\"2026-03-20T00:38:20+00:00\" \/>\n<meta property=\"og:image\" content=\"https:\/\/www.cuchillalia.com\/wordpress\/wp-content\/uploads\/2021\/03\/metaltex-cazuela-hierro-fundido-28-cm-cuchillalia.jpg\" \/>\n\t<meta property=\"og:image:width\" content=\"1600\" \/>\n\t<meta property=\"og:image:height\" content=\"1600\" \/>\n\t<meta property=\"og:image:type\" content=\"image\/jpeg\" \/>\n<meta name=\"twitter:card\" content=\"summary_large_image\" \/>\n<meta name=\"twitter:site\" content=\"@Cuchillalia\" \/>\n<meta name=\"twitter:label1\" content=\"Est. reading time\" \/>\n\t<meta name=\"twitter:data1\" content=\"2 minutes\" \/>\n<!-- \/ Yoast SEO plugin. -->","yoast_head_json":{"title":"Cazuela de hierro fundido grande de Metaltex de 28 cm | Cuchillalia.com","description":"Olla cazuela\u00a0de hierro colado\/fundido esmaltado, 28 cm y 5.5 litros, con tapa. Para inducci\u00f3n, gas, vitrocer\u00e1mica. Fabricada en Espa\u00f1a","robots":{"index":"index","follow":"follow","max-snippet":"max-snippet:-1","max-image-preview":"max-image-preview:large","max-video-preview":"max-video-preview:-1"},"canonical":"https:\/\/www.cuchillalia.com\/producto\/cazuela-hierro-fundido-grande-28-cm-metaltex\/","og_locale":"en_US","og_type":"article","og_title":"Cazuela de hierro fundido grande de Metaltex de 28 cm | Cuchillalia.com","og_description":"Olla cazuela\u00a0de hierro colado\/fundido esmaltado, 28 cm y 5.5 litros, con tapa. Para inducci\u00f3n, gas, vitrocer\u00e1mica. Fabricada en Espa\u00f1a","og_url":"https:\/\/www.cuchillalia.com\/producto\/cazuela-hierro-fundido-grande-28-cm-metaltex\/","og_site_name":"Cuchillalia.com","article_publisher":"http:\/\/www.facebook.com\/cuchillalia","article_modified_time":"2026-03-20T00:38:20+00:00","og_image":[{"width":1600,"height":1600,"url":"https:\/\/www.cuchillalia.com\/wordpress\/wp-content\/uploads\/2021\/03\/metaltex-cazuela-hierro-fundido-28-cm-cuchillalia.jpg","type":"image\/jpeg"}],"twitter_card":"summary_large_image","twitter_site":"@Cuchillalia","twitter_misc":{"Est. reading time":"2 minutes"},"schema":{"@context":"https:\/\/schema.org","@graph":[{"@type":"WebPage","@id":"https:\/\/www.cuchillalia.com\/producto\/cazuela-hierro-fundido-grande-28-cm-metaltex\/","url":"https:\/\/www.cuchillalia.com\/producto\/cazuela-hierro-fundido-grande-28-cm-metaltex\/","name":"Cazuela de hierro fundido grande de Metaltex de 28 cm | Cuchillalia.com","isPartOf":{"@id":"https:\/\/www.cuchillalia.com\/#website"},"primaryImageOfPage":{"@id":"https:\/\/www.cuchillalia.com\/producto\/cazuela-hierro-fundido-grande-28-cm-metaltex\/#primaryimage"},"image":{"@id":"https:\/\/www.cuchillalia.com\/producto\/cazuela-hierro-fundido-grande-28-cm-metaltex\/#primaryimage"},"thumbnailUrl":"https:\/\/www.cuchillalia.com\/wordpress\/wp-content\/uploads\/2021\/03\/metaltex-cazuela-hierro-fundido-28-cm-cuchillalia.jpg","datePublished":"2021-03-28T12:48:58+00:00","dateModified":"2026-03-20T00:38:20+00:00","description":"Olla cazuela\u00a0de hierro colado\/fundido esmaltado, 28 cm y 5.5 litros, con tapa. Para inducci\u00f3n, gas, vitrocer\u00e1mica. Fabricada en Espa\u00f1a","breadcrumb":{"@id":"https:\/\/www.cuchillalia.com\/producto\/cazuela-hierro-fundido-grande-28-cm-metaltex\/#breadcrumb"},"inLanguage":"en-US","potentialAction":[{"@type":"ReadAction","target":["https:\/\/www.cuchillalia.com\/producto\/cazuela-hierro-fundido-grande-28-cm-metaltex\/"]}]},{"@type":"ImageObject","inLanguage":"en-US","@id":"https:\/\/www.cuchillalia.com\/producto\/cazuela-hierro-fundido-grande-28-cm-metaltex\/#primaryimage","url":"https:\/\/www.cuchillalia.com\/wordpress\/wp-content\/uploads\/2021\/03\/metaltex-cazuela-hierro-fundido-28-cm-cuchillalia.jpg","contentUrl":"https:\/\/www.cuchillalia.com\/wordpress\/wp-content\/uploads\/2021\/03\/metaltex-cazuela-hierro-fundido-28-cm-cuchillalia.jpg","width":1600,"height":1600,"caption":"Cazuela de hierro fundido con tapa, de 28 cm, de Metaltex - Cuchillalia"},{"@type":"BreadcrumbList","@id":"https:\/\/www.cuchillalia.com\/producto\/cazuela-hierro-fundido-grande-28-cm-metaltex\/#breadcrumb","itemListElement":[{"@type":"ListItem","position":1,"name":"Cuchillalia","item":"https:\/\/www.cuchillalia.com\/en\/"},{"@type":"ListItem","position":2,"name":"Tienda","item":"https:\/\/www.cuchillalia.com\/tienda\/"},{"@type":"ListItem","position":3,"name":"Art\u00edculos de menaje","item":"https:\/\/www.cuchillalia.com\/categoria\/menaje\/"},{"@type":"ListItem","position":4,"name":"Cocottes","item":"https:\/\/www.cuchillalia.com\/categoria\/menaje\/cocottes\/"},{"@type":"ListItem","position":5,"name":"Cazuela de hierro fundido grande de 28 cm 5.5 litros Metaltex"}]},{"@type":"WebSite","@id":"https:\/\/www.cuchillalia.com\/#website","url":"https:\/\/www.cuchillalia.com\/","name":"Cuchillalia.com","description":"","publisher":{"@id":"https:\/\/www.cuchillalia.com\/#organization"},"potentialAction":[{"@type":"SearchAction","target":{"@type":"EntryPoint","urlTemplate":"https:\/\/www.cuchillalia.com\/?s={search_term_string}"},"query-input":{"@type":"PropertyValueSpecification","valueRequired":true,"valueName":"search_term_string"}}],"inLanguage":"en-US"},{"@type":"Organization","@id":"https:\/\/www.cuchillalia.com\/#organization","name":"Cuchillalia","url":"https:\/\/www.cuchillalia.com\/","logo":{"@type":"ImageObject","inLanguage":"en-US","@id":"https:\/\/www.cuchillalia.com\/#\/schema\/logo\/image\/","url":"https:\/\/www.cuchillalia.com\/wordpress\/wp-content\/uploads\/2021\/03\/logo-cuchillalia-jpg.jpg","contentUrl":"https:\/\/www.cuchillalia.com\/wordpress\/wp-content\/uploads\/2021\/03\/logo-cuchillalia-jpg.jpg","width":276,"height":192,"caption":"Cuchillalia"},"image":{"@id":"https:\/\/www.cuchillalia.com\/#\/schema\/logo\/image\/"},"sameAs":["http:\/\/www.facebook.com\/cuchillalia","https:\/\/x.com\/Cuchillalia"]}]}},"_links":{"self":[{"href":"https:\/\/www.cuchillalia.com\/en\/wp-json\/wp\/v2\/product\/149471","targetHints":{"allow":["GET"]}}],"collection":[{"href":"https:\/\/www.cuchillalia.com\/en\/wp-json\/wp\/v2\/product"}],"about":[{"href":"https:\/\/www.cuchillalia.com\/en\/wp-json\/wp\/v2\/types\/product"}],"replies":[{"embeddable":true,"href":"https:\/\/www.cuchillalia.com\/en\/wp-json\/wp\/v2\/comments?post=149471"}],"wp:featuredmedia":[{"embeddable":true,"href":"https:\/\/www.cuchillalia.com\/en\/wp-json\/wp\/v2\/media\/149493"}],"wp:attachment":[{"href":"https:\/\/www.cuchillalia.com\/en\/wp-json\/wp\/v2\/media?parent=149471"}],"wp:term":[{"taxonomy":"product_brand","embeddable":true,"href":"https:\/\/www.cuchillalia.com\/en\/wp-json\/wp\/v2\/product_brand?post=149471"},{"taxonomy":"product_cat","embeddable":true,"href":"https:\/\/www.cuchillalia.com\/en\/wp-json\/wp\/v2\/product_cat?post=149471"},{"taxonomy":"product_tag","embeddable":true,"href":"https:\/\/www.cuchillalia.com\/en\/wp-json\/wp\/v2\/product_tag?post=149471"}],"curies":[{"name":"wp","href":"https:\/\/api.w.org\/{rel}","templated":true}]}}