{"id":147967,"date":"2021-03-12T21:11:49","date_gmt":"2021-03-12T20:11:49","guid":{"rendered":"https:\/\/www.cuchillalia.com\/?post_type=product&#038;p=147967"},"modified":"2026-05-14T11:01:35","modified_gmt":"2026-05-14T09:01:35","slug":"kai-n5100-tijera-bordar-recta-inoxidable","status":"publish","type":"product","link":"https:\/\/www.cuchillalia.com\/en\/producto\/kai-n5100-tijera-bordar-recta-inoxidable\/","title":{"rendered":"Tijera de bordar recta de 10 cm inoxidable &#8211; KAI N5100"},"content":{"rendered":"<h2>Tabla de caracter\u00edsticas tijera de costura profesional de 100 mm KAI N5100<\/h2>\n<div class='tabla-caracteristicas'>\n<div class='fila'><span class='etiqueta'>Nombre comercial:<\/span><span class='valor'><strong>Tijera bordar recta inox 100 mm<\/strong><\/span><\/div>\n<div class='fila'><span class='etiqueta'>Fabricante:<\/span><span class='valor'>KAI<\/span><\/div>\n<div class='fila'><span class='etiqueta'>Referencia del fabricante:<\/span><span class='valor'>N5100<\/span><\/div>\n<div class='fila'><span class='etiqueta'>Longitud total:<\/span><span class='valor'>4&#8242; &#8211; 10 cm<\/span><\/div>\n<div class='fila'><span class='etiqueta'>Material de la hoja:<\/span><span class='valor'>Acero inoxidable AUS6A<\/span><\/div>\n<div class='fila'><span class='etiqueta'>Acabado:<\/span><span class='valor'>Satinado<\/span><\/div>\n<div class='fila'><span class='etiqueta'>Dureza:<\/span><span class='valor'>HRc 56\u00b11 Rockwell<\/span><\/div>\n<div class='fila'><span class='etiqueta'>Material del mango:<\/span><span class='valor'>Sint\u00e9tico<\/span><\/div>\n<div class='fila'><span class='etiqueta'>\u00bfEs apto para zurdos?:<\/span><span class='valor'>Solo para diestros<\/span><\/div>\n<div class='fila'><span class='etiqueta'>Producci\u00f3n:<\/span><span class='valor'>Estampaci\u00f3n<\/span><\/div>\n<div class='fila'><span class='etiqueta'>Presentaci\u00f3n del producto:<\/span><span class='valor'>Display de cart\u00f3n<\/span><\/div>\n<div class='fila'><span class='etiqueta'>\u00bfDonde se fabrica?:<\/span><span class='valor'>Jap\u00f3n<\/span><\/div>\n<div class='fila'><span class='etiqueta'>C\u00f3digo de barras (GTIN):<\/span><span class='valor'>4901331501890<\/span><\/div>\n<\/div>\n<h2>Otras tijeras de bordar<\/h2>\n<div class=\"woocommerce columns-3 \"><ul class=\"products kad_product_wrapper rowtight shopcolumn3 shopfullwidth init-isotope-intrinsic kt-show-rating  reinit-isotope\" data-nextselector=\".woocommerce-pagination a.next\" data-navselector=\".woocommerce-pagination\" data-itemselector=\".kad_product\" data-itemloadselector=\".kt_item_fade_in\" data-iso-selector=\".kad_product\" data-iso-style=\"fitRows\" data-iso-filter=\"true\">\n<li class=\"product type-product post-164012 status-publish first instock product_cat-tijeras-costura-3-claveles product_cat-bordar-costura has-post-thumbnail taxable shipping-taxable purchasable product-type-simple col-xxl-25 col-xl-3 col-md-4 col-sm-4 col-xs-6 col-ss-12 tijeras-costura-3-claveles bordar-costura kad_product\">\n\t<div class=\"grid_item product_item clearfix kt_item_fade_in\"><a href=\"https:\/\/www.cuchillalia.com\/en\/producto\/tijera-bordar-recta-9-cm-3-claveles-55\/\" class=\"product_item_link product_img_link\"><div class=\"kad-product-noflipper kt-product-hardcrop kt-product-intrinsic\" style=\"padding-bottom:100%;\"><div class=\"kt-product-animation-contain\"><img decoding=\"async\" src=\"https:\/\/www.cuchillalia.com\/wordpress\/wp-content\/uploads\/2022\/10\/tijera-bordar-costura-recta-9-cm-3-claveles-00055-400x400.jpg\" srcset=\"https:\/\/www.cuchillalia.com\/wordpress\/wp-content\/uploads\/2022\/10\/tijera-bordar-costura-recta-9-cm-3-claveles-00055-400x400.jpg 400w, https:\/\/www.cuchillalia.com\/wordpress\/wp-content\/uploads\/2022\/10\/tijera-bordar-costura-recta-9-cm-3-claveles-00055-300x300.jpg 300w, https:\/\/www.cuchillalia.com\/wordpress\/wp-content\/uploads\/2022\/10\/tijera-bordar-costura-recta-9-cm-3-claveles-00055-1024x1024.jpg 1024w, https:\/\/www.cuchillalia.com\/wordpress\/wp-content\/uploads\/2022\/10\/tijera-bordar-costura-recta-9-cm-3-claveles-00055-150x150.jpg 150w, https:\/\/www.cuchillalia.com\/wordpress\/wp-content\/uploads\/2022\/10\/tijera-bordar-costura-recta-9-cm-3-claveles-00055-768x768.jpg 768w, https:\/\/www.cuchillalia.com\/wordpress\/wp-content\/uploads\/2022\/10\/tijera-bordar-costura-recta-9-cm-3-claveles-00055-200x200.jpg 200w, https:\/\/www.cuchillalia.com\/wordpress\/wp-content\/uploads\/2022\/10\/tijera-bordar-costura-recta-9-cm-3-claveles-00055-566x566.jpg 566w, https:\/\/www.cuchillalia.com\/wordpress\/wp-content\/uploads\/2022\/10\/tijera-bordar-costura-recta-9-cm-3-claveles-00055-100x100.jpg 100w, https:\/\/www.cuchillalia.com\/wordpress\/wp-content\/uploads\/2022\/10\/tijera-bordar-costura-recta-9-cm-3-claveles-00055-720x720.jpg 720w, https:\/\/www.cuchillalia.com\/wordpress\/wp-content\/uploads\/2022\/10\/tijera-bordar-costura-recta-9-cm-3-claveles-00055-360x360.jpg 360w, https:\/\/www.cuchillalia.com\/wordpress\/wp-content\/uploads\/2022\/10\/tijera-bordar-costura-recta-9-cm-3-claveles-00055-600x600.jpg 600w, https:\/\/www.cuchillalia.com\/wordpress\/wp-content\/uploads\/2022\/10\/tijera-bordar-costura-recta-9-cm-3-claveles-00055-800x800.jpg 800w, https:\/\/www.cuchillalia.com\/wordpress\/wp-content\/uploads\/2022\/10\/tijera-bordar-costura-recta-9-cm-3-claveles-00055.jpg 1200w\" sizes=\"(max-width: 400px) 100vw, 400px\"  alt=\"Tijera de bordar recta de 9 cm - 3 Claveles 00055\" width=\"400\" height=\"400\" class=\"attachment-shop_catalog wp-post-image size-400x400\"><\/div><\/div><\/a> \n\n\t<div class=\"details_product_item\"><div class=\"product_details\"><a href=\"https:\/\/www.cuchillalia.com\/en\/producto\/tijera-bordar-recta-9-cm-3-claveles-55\/\" class=\"product_item_link\"><h3 class=\"product_archive_title\">Tijera de bordar recta de 9 cm (3,5&#8243;) &#8211; 3 Claveles Ref. 55<\/h3><\/a><\/div>\t\t\n\t<a href=\"https:\/\/www.cuchillalia.com\/en\/producto\/tijera-bordar-recta-9-cm-3-claveles-55\/\"><span class=\"kt-notrated\">not rated<\/span><\/a>\n\t<span class=\"price\"><span class=\"woocommerce-Price-amount amount\"><bdi>15,89<span class=\"woocommerce-Price-currencySymbol\">&euro;<\/span><\/bdi><\/span><\/span>\n<div class=\"clearfix\"><\/div><\/div>\n\t<div class=\"product_action_wrap\"><a href=\"\/en\/wp-json\/wp\/v2\/product\/147967?add-to-cart=164012\" aria-describedby=\"woocommerce_loop_add_to_cart_link_describedby_164012\" data-quantity=\"1\" class=\"button product_type_simple add_to_cart_button ajax_add_to_cart\" data-product_id=\"164012\" data-product_sku=\"3C_00055\" aria-label=\"Add to cart: &ldquo;Tijera de bordar recta de 9 cm (3,5&quot;) - 3 Claveles Ref. 55&rdquo;\" rel=\"nofollow\" data-success_message=\"&ldquo;Tijera de bordar recta de 9 cm (3,5&quot;) - 3 Claveles Ref. 55&rdquo; has been added to your cart\" role=\"button\">Add to cart<\/a>\t<span id=\"woocommerce_loop_add_to_cart_link_describedby_164012\" class=\"screen-reader-text\">\n\t\t\t<\/span>\n\t\t\t<input type=\"hidden\" class=\"pmwProductId\" data-id=\"164012\">\n\t\t\t\t\t<script>\n\t\t\t(window.pmwDataLayer = window.pmwDataLayer || {}).products                = window.pmwDataLayer.products || {};\n\t\t\twindow.pmwDataLayer.products[164012] = {\"id\":\"164012\",\"sku\":\"3C_00055\",\"price\":15.890000000000001,\"brand\":\"\",\"quantity\":1,\"dyn_r_ids\":{\"post_id\":\"164012\",\"sku\":\"3C_00055\",\"gpf\":\"woocommerce_gpf_164012\",\"gla\":\"gla_164012\"},\"is_variable\":false,\"type\":\"simple\",\"name\":\"Tijera de bordar recta de 9 cm (3,5\\\") - 3 Claveles Ref. 55\",\"category\":[\"Tijeras de costura 3 Claveles\",\"Tijeras de costura y de bordar\"],\"is_variation\":false};\n\t\t\t\t\twindow.pmw_product_position = window.pmw_product_position || 1;\n\t\twindow.pmwDataLayer.products[164012]['position'] = window.pmw_product_position++;\n\t\t\t\t<\/script>\n\t\t<\/div><\/div><\/li><li class=\"product type-product post-164031 status-publish instock product_cat-tijeras-costura-3-claveles product_cat-bordar-costura has-post-thumbnail taxable shipping-taxable purchasable product-type-simple col-xxl-25 col-xl-3 col-md-4 col-sm-4 col-xs-6 col-ss-12 tijeras-costura-3-claveles bordar-costura kad_product\">\n\t<div class=\"grid_item product_item clearfix kt_item_fade_in\"><a href=\"https:\/\/www.cuchillalia.com\/en\/producto\/tijera-bordar-curva-10-cm-3-claveles-58\/\" class=\"product_item_link product_img_link\"><div class=\"kad-product-noflipper kt-product-hardcrop kt-product-intrinsic\" style=\"padding-bottom:100%;\"><div class=\"kt-product-animation-contain\"><img decoding=\"async\" src=\"https:\/\/www.cuchillalia.com\/wordpress\/wp-content\/uploads\/2022\/10\/tijera-bordar-costura-curva-10-cm-3-claveles-00058-400x400.jpg\" srcset=\"https:\/\/www.cuchillalia.com\/wordpress\/wp-content\/uploads\/2022\/10\/tijera-bordar-costura-curva-10-cm-3-claveles-00058-400x400.jpg 400w, https:\/\/www.cuchillalia.com\/wordpress\/wp-content\/uploads\/2022\/10\/tijera-bordar-costura-curva-10-cm-3-claveles-00058-300x300.jpg 300w, https:\/\/www.cuchillalia.com\/wordpress\/wp-content\/uploads\/2022\/10\/tijera-bordar-costura-curva-10-cm-3-claveles-00058-1024x1024.jpg 1024w, https:\/\/www.cuchillalia.com\/wordpress\/wp-content\/uploads\/2022\/10\/tijera-bordar-costura-curva-10-cm-3-claveles-00058-150x150.jpg 150w, https:\/\/www.cuchillalia.com\/wordpress\/wp-content\/uploads\/2022\/10\/tijera-bordar-costura-curva-10-cm-3-claveles-00058-768x768.jpg 768w, https:\/\/www.cuchillalia.com\/wordpress\/wp-content\/uploads\/2022\/10\/tijera-bordar-costura-curva-10-cm-3-claveles-00058-1536x1536.jpg 1536w, https:\/\/www.cuchillalia.com\/wordpress\/wp-content\/uploads\/2022\/10\/tijera-bordar-costura-curva-10-cm-3-claveles-00058-200x200.jpg 200w, https:\/\/www.cuchillalia.com\/wordpress\/wp-content\/uploads\/2022\/10\/tijera-bordar-costura-curva-10-cm-3-claveles-00058-566x566.jpg 566w, https:\/\/www.cuchillalia.com\/wordpress\/wp-content\/uploads\/2022\/10\/tijera-bordar-costura-curva-10-cm-3-claveles-00058-100x100.jpg 100w, https:\/\/www.cuchillalia.com\/wordpress\/wp-content\/uploads\/2022\/10\/tijera-bordar-costura-curva-10-cm-3-claveles-00058-720x720.jpg 720w, https:\/\/www.cuchillalia.com\/wordpress\/wp-content\/uploads\/2022\/10\/tijera-bordar-costura-curva-10-cm-3-claveles-00058-360x360.jpg 360w, https:\/\/www.cuchillalia.com\/wordpress\/wp-content\/uploads\/2022\/10\/tijera-bordar-costura-curva-10-cm-3-claveles-00058-600x600.jpg 600w, https:\/\/www.cuchillalia.com\/wordpress\/wp-content\/uploads\/2022\/10\/tijera-bordar-costura-curva-10-cm-3-claveles-00058-800x800.jpg 800w, https:\/\/www.cuchillalia.com\/wordpress\/wp-content\/uploads\/2022\/10\/tijera-bordar-costura-curva-10-cm-3-claveles-00058.jpg 1600w\" sizes=\"(max-width: 400px) 100vw, 400px\"  alt=\"Tijera de bordar curva de 10 cm - 3 Claveles 00058\" width=\"400\" height=\"400\" class=\"attachment-shop_catalog wp-post-image size-400x400\"><\/div><\/div><\/a> \n\n\t<div class=\"details_product_item\"><div class=\"product_details\"><a href=\"https:\/\/www.cuchillalia.com\/en\/producto\/tijera-bordar-curva-10-cm-3-claveles-58\/\" class=\"product_item_link\"><h3 class=\"product_archive_title\">Tijera de bordar curva de 10 cm (4&#8243;) &#8211; 3 Claveles Ref. 58<\/h3><\/a><\/div>\t\t\n\t<a href=\"https:\/\/www.cuchillalia.com\/en\/producto\/tijera-bordar-curva-10-cm-3-claveles-58\/\"><span class=\"kt-notrated\">not rated<\/span><\/a>\n\t<span class=\"price\"><span class=\"woocommerce-Price-amount amount\"><bdi>16,42<span class=\"woocommerce-Price-currencySymbol\">&euro;<\/span><\/bdi><\/span><\/span>\n<div class=\"clearfix\"><\/div><\/div>\n\t<div class=\"product_action_wrap\"><a href=\"\/en\/wp-json\/wp\/v2\/product\/147967?add-to-cart=164031\" aria-describedby=\"woocommerce_loop_add_to_cart_link_describedby_164031\" data-quantity=\"1\" class=\"button product_type_simple add_to_cart_button ajax_add_to_cart\" data-product_id=\"164031\" data-product_sku=\"3C_00058\" aria-label=\"Add to cart: &ldquo;Tijera de bordar curva de 10 cm (4&quot;) - 3 Claveles Ref. 58&rdquo;\" rel=\"nofollow\" data-success_message=\"&ldquo;Tijera de bordar curva de 10 cm (4&quot;) - 3 Claveles Ref. 58&rdquo; has been added to your cart\" role=\"button\">Add to cart<\/a>\t<span id=\"woocommerce_loop_add_to_cart_link_describedby_164031\" class=\"screen-reader-text\">\n\t\t\t<\/span>\n\t\t\t<input type=\"hidden\" class=\"pmwProductId\" data-id=\"164031\">\n\t\t\t\t\t<script>\n\t\t\t(window.pmwDataLayer = window.pmwDataLayer || {}).products                = window.pmwDataLayer.products || {};\n\t\t\twindow.pmwDataLayer.products[164031] = {\"id\":\"164031\",\"sku\":\"3C_00058\",\"price\":16.420000000000002,\"brand\":\"\",\"quantity\":1,\"dyn_r_ids\":{\"post_id\":\"164031\",\"sku\":\"3C_00058\",\"gpf\":\"woocommerce_gpf_164031\",\"gla\":\"gla_164031\"},\"is_variable\":false,\"type\":\"simple\",\"name\":\"Tijera de bordar curva de 10 cm (4\\\") - 3 Claveles Ref. 58\",\"category\":[\"Tijeras de costura 3 Claveles\",\"Tijeras de costura y de bordar\"],\"is_variation\":false};\n\t\t\t\t\twindow.pmw_product_position = window.pmw_product_position || 1;\n\t\twindow.pmwDataLayer.products[164031]['position'] = window.pmw_product_position++;\n\t\t\t\t<\/script>\n\t\t<\/div><\/div><\/li><li class=\"product type-product post-164843 status-publish last instock product_cat-bordar-costura product_cat-tijeras-kai has-post-thumbnail taxable shipping-taxable purchasable product-type-simple col-xxl-25 col-xl-3 col-md-4 col-sm-4 col-xs-6 col-ss-12 bordar-costura tijeras-kai kad_product\">\n\t<div class=\"grid_item product_item clearfix kt_item_fade_in\"><a href=\"https:\/\/www.cuchillalia.com\/en\/producto\/tijera-de-bordar-curva-de-10-cm-inoxidable-kai-n5100c\/\" class=\"product_item_link product_img_link\"><div class=\"kad-product-noflipper kt-product-hardcrop kt-product-intrinsic\" style=\"padding-bottom:100%;\"><div class=\"kt-product-animation-contain\"><img decoding=\"async\" src=\"https:\/\/www.cuchillalia.com\/wordpress\/wp-content\/uploads\/2022\/11\/tijeras-bordar-curvas-kai-n5100c-400x400.jpg\" srcset=\"https:\/\/www.cuchillalia.com\/wordpress\/wp-content\/uploads\/2022\/11\/tijeras-bordar-curvas-kai-n5100c-400x400.jpg 400w, https:\/\/www.cuchillalia.com\/wordpress\/wp-content\/uploads\/2022\/11\/tijeras-bordar-curvas-kai-n5100c-300x300.jpg 300w, https:\/\/www.cuchillalia.com\/wordpress\/wp-content\/uploads\/2022\/11\/tijeras-bordar-curvas-kai-n5100c-150x150.jpg 150w, https:\/\/www.cuchillalia.com\/wordpress\/wp-content\/uploads\/2022\/11\/tijeras-bordar-curvas-kai-n5100c-768x768.jpg 768w, https:\/\/www.cuchillalia.com\/wordpress\/wp-content\/uploads\/2022\/11\/tijeras-bordar-curvas-kai-n5100c-200x200.jpg 200w, https:\/\/www.cuchillalia.com\/wordpress\/wp-content\/uploads\/2022\/11\/tijeras-bordar-curvas-kai-n5100c-566x566.jpg 566w, https:\/\/www.cuchillalia.com\/wordpress\/wp-content\/uploads\/2022\/11\/tijeras-bordar-curvas-kai-n5100c-100x100.jpg 100w, https:\/\/www.cuchillalia.com\/wordpress\/wp-content\/uploads\/2022\/11\/tijeras-bordar-curvas-kai-n5100c-720x720.jpg 720w, https:\/\/www.cuchillalia.com\/wordpress\/wp-content\/uploads\/2022\/11\/tijeras-bordar-curvas-kai-n5100c-360x360.jpg 360w, https:\/\/www.cuchillalia.com\/wordpress\/wp-content\/uploads\/2022\/11\/tijeras-bordar-curvas-kai-n5100c-600x600.jpg 600w, https:\/\/www.cuchillalia.com\/wordpress\/wp-content\/uploads\/2022\/11\/tijeras-bordar-curvas-kai-n5100c-800x800.jpg 800w, https:\/\/www.cuchillalia.com\/wordpress\/wp-content\/uploads\/2022\/11\/tijeras-bordar-curvas-kai-n5100c-480x480.jpg 480w, https:\/\/www.cuchillalia.com\/wordpress\/wp-content\/uploads\/2022\/11\/tijeras-bordar-curvas-kai-n5100c-240x240.jpg 240w, https:\/\/www.cuchillalia.com\/wordpress\/wp-content\/uploads\/2022\/11\/tijeras-bordar-curvas-kai-n5100c.jpg 1000w\" sizes=\"(max-width: 400px) 100vw, 400px\"  alt=\"Tijeras de bordar curvas de 100 mm - KAI N5100C\" width=\"400\" height=\"400\" class=\"attachment-shop_catalog wp-post-image size-400x400\"><\/div><\/div><\/a> \n\n\t<div class=\"details_product_item\"><div class=\"product_details\"><a href=\"https:\/\/www.cuchillalia.com\/en\/producto\/tijera-de-bordar-curva-de-10-cm-inoxidable-kai-n5100c\/\" class=\"product_item_link\"><h3 class=\"product_archive_title\">Tijera de bordar curva de 10 cm inoxidable &#8211; KAI N5100C<\/h3><\/a><\/div>\t\t\n\t<a href=\"https:\/\/www.cuchillalia.com\/en\/producto\/tijera-de-bordar-curva-de-10-cm-inoxidable-kai-n5100c\/\"><span class=\"kt-notrated\">not rated<\/span><\/a>\n\t<span class=\"price\"><span class=\"woocommerce-Price-amount amount\"><bdi>17,95<span class=\"woocommerce-Price-currencySymbol\">&euro;<\/span><\/bdi><\/span><\/span>\n<div class=\"clearfix\"><\/div><\/div>\n\t<div class=\"product_action_wrap\"><a href=\"\/en\/wp-json\/wp\/v2\/product\/147967?add-to-cart=164843\" aria-describedby=\"woocommerce_loop_add_to_cart_link_describedby_164843\" data-quantity=\"1\" class=\"button product_type_simple add_to_cart_button ajax_add_to_cart\" data-product_id=\"164843\" data-product_sku=\"KA_N5100C\" aria-label=\"Add to cart: &ldquo;Tijera de bordar curva de 10 cm inoxidable - KAI N5100C&rdquo;\" rel=\"nofollow\" data-success_message=\"&ldquo;Tijera de bordar curva de 10 cm inoxidable - KAI N5100C&rdquo; has been added to your cart\" role=\"button\">Add to cart<\/a>\t<span id=\"woocommerce_loop_add_to_cart_link_describedby_164843\" class=\"screen-reader-text\">\n\t\t\t<\/span>\n\t\t\t<input type=\"hidden\" class=\"pmwProductId\" data-id=\"164843\">\n\t\t\t\t\t<script>\n\t\t\t(window.pmwDataLayer = window.pmwDataLayer || {}).products                = window.pmwDataLayer.products || {};\n\t\t\twindow.pmwDataLayer.products[164843] = {\"id\":\"164843\",\"sku\":\"KA_N5100C\",\"price\":17.949999999999999,\"brand\":\"\",\"quantity\":1,\"dyn_r_ids\":{\"post_id\":\"164843\",\"sku\":\"KA_N5100C\",\"gpf\":\"woocommerce_gpf_164843\",\"gla\":\"gla_164843\"},\"is_variable\":false,\"type\":\"simple\",\"name\":\"Tijera de bordar curva de 10 cm inoxidable - KAI N5100C\",\"category\":[\"Tijeras de costura y de bordar\",\"Tijeras KAI Costura\"],\"is_variation\":false};\n\t\t\t\t\twindow.pmw_product_position = window.pmw_product_position || 1;\n\t\twindow.pmwDataLayer.products[164843]['position'] = window.pmw_product_position++;\n\t\t\t\t<\/script>\n\t\t<\/div><\/div><\/li><\/ul>\n<\/div>\n","protected":false},"excerpt":{"rendered":"<p><strong>Tijera de costura profesional de 100 mm<\/strong> de largo, para varios usos, de la marca japonesa\u00a0<strong>KAI<\/strong>, referencia <strong>N5100<\/strong>, con <em>mangos ergon\u00f3micos<\/em>.&hellip; <a class=\"kt-excerpt-readmore more-link\" href=\"https:\/\/www.cuchillalia.com\/en\/producto\/kai-n5100-tijera-bordar-recta-inoxidable\/\" aria-label=\"Tijera de bordar recta de 10 cm inoxidable &#8211; KAI N5100\">Read More<\/a><\/p>\n","protected":false},"featured_media":147984,"comment_status":"open","ping_status":"closed","template":"","meta":[],"product_brand":[],"product_cat":[8267,8674],"product_tag":[],"class_list":{"0":"post-147967","1":"product","2":"type-product","3":"status-publish","4":"has-post-thumbnail","6":"product_cat-bordar-costura","7":"product_cat-tijeras-kai","9":"first","10":"instock","11":"taxable","12":"shipping-taxable","13":"purchasable","14":"product-type-simple"},"yoast_head":"<!-- This site is optimized with the Yoast SEO plugin v27.5 - https:\/\/yoast.com\/product\/yoast-seo-wordpress\/ -->\n<title>Tijera de costura profesional de 100 mm KAI N5100 - Cuchillalia<\/title>\n<meta name=\"description\" content=\"Tijera de costura de fabricaci\u00f3n japonesa, KAI N5100 de 100 mm. Mangos ergon\u00f3micos de color negro. Presentada en blister de cart\u00f3n.\" \/>\n<meta name=\"robots\" content=\"index, follow, max-snippet:-1, max-image-preview:large, max-video-preview:-1\" \/>\n<link rel=\"canonical\" href=\"https:\/\/www.cuchillalia.com\/producto\/kai-n5100-tijera-bordar-recta-inoxidable\/\" \/>\n<meta property=\"og:locale\" content=\"en_US\" \/>\n<meta property=\"og:type\" content=\"article\" \/>\n<meta property=\"og:title\" content=\"Tijera de costura profesional de 100 mm KAI N5100 - Cuchillalia\" \/>\n<meta property=\"og:description\" content=\"Tijera de costura de fabricaci\u00f3n japonesa, KAI N5100 de 100 mm. Mangos ergon\u00f3micos de color negro. Presentada en blister de cart\u00f3n.\" \/>\n<meta property=\"og:url\" content=\"https:\/\/www.cuchillalia.com\/producto\/kai-n5100-tijera-bordar-recta-inoxidable\/\" \/>\n<meta property=\"og:site_name\" content=\"Cuchillalia.com\" \/>\n<meta property=\"article:publisher\" content=\"http:\/\/www.facebook.com\/cuchillalia\" \/>\n<meta property=\"article:modified_time\" content=\"2026-05-14T09:01:35+00:00\" \/>\n<meta property=\"og:image\" content=\"https:\/\/www.cuchillalia.com\/wordpress\/wp-content\/uploads\/2021\/03\/kai-n5100-tijeras-costura-100-mm.jpg\" \/>\n\t<meta property=\"og:image:width\" content=\"1000\" \/>\n\t<meta property=\"og:image:height\" content=\"1000\" \/>\n\t<meta property=\"og:image:type\" content=\"image\/jpeg\" \/>\n<meta name=\"twitter:card\" content=\"summary_large_image\" \/>\n<meta name=\"twitter:site\" content=\"@Cuchillalia\" \/>\n<!-- \/ Yoast SEO plugin. -->","yoast_head_json":{"title":"Tijera de costura profesional de 100 mm KAI N5100 - Cuchillalia","description":"Tijera de costura de fabricaci\u00f3n japonesa, KAI N5100 de 100 mm. Mangos ergon\u00f3micos de color negro. Presentada en blister de cart\u00f3n.","robots":{"index":"index","follow":"follow","max-snippet":"max-snippet:-1","max-image-preview":"max-image-preview:large","max-video-preview":"max-video-preview:-1"},"canonical":"https:\/\/www.cuchillalia.com\/producto\/kai-n5100-tijera-bordar-recta-inoxidable\/","og_locale":"en_US","og_type":"article","og_title":"Tijera de costura profesional de 100 mm KAI N5100 - Cuchillalia","og_description":"Tijera de costura de fabricaci\u00f3n japonesa, KAI N5100 de 100 mm. Mangos ergon\u00f3micos de color negro. Presentada en blister de cart\u00f3n.","og_url":"https:\/\/www.cuchillalia.com\/producto\/kai-n5100-tijera-bordar-recta-inoxidable\/","og_site_name":"Cuchillalia.com","article_publisher":"http:\/\/www.facebook.com\/cuchillalia","article_modified_time":"2026-05-14T09:01:35+00:00","og_image":[{"width":1000,"height":1000,"url":"https:\/\/www.cuchillalia.com\/wordpress\/wp-content\/uploads\/2021\/03\/kai-n5100-tijeras-costura-100-mm.jpg","type":"image\/jpeg"}],"twitter_card":"summary_large_image","twitter_site":"@Cuchillalia","schema":{"@context":"https:\/\/schema.org","@graph":[{"@type":"WebPage","@id":"https:\/\/www.cuchillalia.com\/producto\/kai-n5100-tijera-bordar-recta-inoxidable\/","url":"https:\/\/www.cuchillalia.com\/producto\/kai-n5100-tijera-bordar-recta-inoxidable\/","name":"Tijera de costura profesional de 100 mm KAI N5100 - Cuchillalia","isPartOf":{"@id":"https:\/\/www.cuchillalia.com\/#website"},"primaryImageOfPage":{"@id":"https:\/\/www.cuchillalia.com\/producto\/kai-n5100-tijera-bordar-recta-inoxidable\/#primaryimage"},"image":{"@id":"https:\/\/www.cuchillalia.com\/producto\/kai-n5100-tijera-bordar-recta-inoxidable\/#primaryimage"},"thumbnailUrl":"https:\/\/www.cuchillalia.com\/wordpress\/wp-content\/uploads\/2021\/03\/kai-n5100-tijeras-costura-100-mm.jpg","datePublished":"2021-03-12T20:11:49+00:00","dateModified":"2026-05-14T09:01:35+00:00","description":"Tijera de costura de fabricaci\u00f3n japonesa, KAI N5100 de 100 mm. Mangos ergon\u00f3micos de color negro. Presentada en blister de cart\u00f3n.","breadcrumb":{"@id":"https:\/\/www.cuchillalia.com\/producto\/kai-n5100-tijera-bordar-recta-inoxidable\/#breadcrumb"},"inLanguage":"en-US","potentialAction":[{"@type":"ReadAction","target":["https:\/\/www.cuchillalia.com\/producto\/kai-n5100-tijera-bordar-recta-inoxidable\/"]}]},{"@type":"ImageObject","inLanguage":"en-US","@id":"https:\/\/www.cuchillalia.com\/producto\/kai-n5100-tijera-bordar-recta-inoxidable\/#primaryimage","url":"https:\/\/www.cuchillalia.com\/wordpress\/wp-content\/uploads\/2021\/03\/kai-n5100-tijeras-costura-100-mm.jpg","contentUrl":"https:\/\/www.cuchillalia.com\/wordpress\/wp-content\/uploads\/2021\/03\/kai-n5100-tijeras-costura-100-mm.jpg","width":1000,"height":1000,"caption":"Tijeras de bordar de 100 mm - KAI N5100"},{"@type":"BreadcrumbList","@id":"https:\/\/www.cuchillalia.com\/producto\/kai-n5100-tijera-bordar-recta-inoxidable\/#breadcrumb","itemListElement":[{"@type":"ListItem","position":1,"name":"Cuchillalia","item":"https:\/\/www.cuchillalia.com\/en\/"},{"@type":"ListItem","position":2,"name":"Tienda","item":"https:\/\/www.cuchillalia.com\/tienda\/"},{"@type":"ListItem","position":3,"name":"Marcas","item":"https:\/\/www.cuchillalia.com\/categoria\/marcas\/"},{"@type":"ListItem","position":4,"name":"KAI","item":"https:\/\/www.cuchillalia.com\/categoria\/marcas\/kai\/"},{"@type":"ListItem","position":5,"name":"Tijeras KAI Costura","item":"https:\/\/www.cuchillalia.com\/categoria\/marcas\/kai\/tijeras-kai\/"},{"@type":"ListItem","position":6,"name":"Tijera de bordar recta de 10 cm inoxidable &#8211; KAI N5100"}]},{"@type":"WebSite","@id":"https:\/\/www.cuchillalia.com\/#website","url":"https:\/\/www.cuchillalia.com\/","name":"Cuchillalia.com","description":"","publisher":{"@id":"https:\/\/www.cuchillalia.com\/#organization"},"potentialAction":[{"@type":"SearchAction","target":{"@type":"EntryPoint","urlTemplate":"https:\/\/www.cuchillalia.com\/?s={search_term_string}"},"query-input":{"@type":"PropertyValueSpecification","valueRequired":true,"valueName":"search_term_string"}}],"inLanguage":"en-US"},{"@type":"Organization","@id":"https:\/\/www.cuchillalia.com\/#organization","name":"Cuchillalia","url":"https:\/\/www.cuchillalia.com\/","logo":{"@type":"ImageObject","inLanguage":"en-US","@id":"https:\/\/www.cuchillalia.com\/#\/schema\/logo\/image\/","url":"https:\/\/www.cuchillalia.com\/wordpress\/wp-content\/uploads\/2021\/03\/logo-cuchillalia-jpg.jpg","contentUrl":"https:\/\/www.cuchillalia.com\/wordpress\/wp-content\/uploads\/2021\/03\/logo-cuchillalia-jpg.jpg","width":276,"height":192,"caption":"Cuchillalia"},"image":{"@id":"https:\/\/www.cuchillalia.com\/#\/schema\/logo\/image\/"},"sameAs":["http:\/\/www.facebook.com\/cuchillalia","https:\/\/x.com\/Cuchillalia"]}]}},"_links":{"self":[{"href":"https:\/\/www.cuchillalia.com\/en\/wp-json\/wp\/v2\/product\/147967","targetHints":{"allow":["GET"]}}],"collection":[{"href":"https:\/\/www.cuchillalia.com\/en\/wp-json\/wp\/v2\/product"}],"about":[{"href":"https:\/\/www.cuchillalia.com\/en\/wp-json\/wp\/v2\/types\/product"}],"replies":[{"embeddable":true,"href":"https:\/\/www.cuchillalia.com\/en\/wp-json\/wp\/v2\/comments?post=147967"}],"wp:featuredmedia":[{"embeddable":true,"href":"https:\/\/www.cuchillalia.com\/en\/wp-json\/wp\/v2\/media\/147984"}],"wp:attachment":[{"href":"https:\/\/www.cuchillalia.com\/en\/wp-json\/wp\/v2\/media?parent=147967"}],"wp:term":[{"taxonomy":"product_brand","embeddable":true,"href":"https:\/\/www.cuchillalia.com\/en\/wp-json\/wp\/v2\/product_brand?post=147967"},{"taxonomy":"product_cat","embeddable":true,"href":"https:\/\/www.cuchillalia.com\/en\/wp-json\/wp\/v2\/product_cat?post=147967"},{"taxonomy":"product_tag","embeddable":true,"href":"https:\/\/www.cuchillalia.com\/en\/wp-json\/wp\/v2\/product_tag?post=147967"}],"curies":[{"name":"wp","href":"https:\/\/api.w.org\/{rel}","templated":true}]}}