{"id":147259,"date":"2021-03-05T18:35:01","date_gmt":"2021-03-05T17:35:01","guid":{"rendered":"https:\/\/www.cuchillalia.com\/?post_type=product&#038;p=147259"},"modified":"2026-05-17T02:52:32","modified_gmt":"2026-05-17T00:52:32","slug":"kai-n5135-tijera-costura-inoxidable-135-mm","status":"publish","type":"product","link":"https:\/\/www.cuchillalia.com\/en\/producto\/kai-n5135-tijera-costura-inoxidable-135-mm\/","title":{"rendered":"Tijera de costura inoxidable de 135 mm &#8211; KAI N5135"},"content":{"rendered":"<h2>Tabla de caracter\u00edsticas tijera de costura profesional de 135 mm KAI N5135<\/h2>\n<div class='tabla-caracteristicas'>\n<div class='fila'><span class='etiqueta'>Nombre comercial:<\/span><span class='valor'><strong>Tijera costura inox 135 mm<\/strong><\/span><\/div>\n<div class='fila'><span class='etiqueta'>Fabricante:<\/span><span class='valor'>KAI<\/span><\/div>\n<div class='fila'><span class='etiqueta'>Referencia del fabricante:<\/span><span class='valor'>N5135<\/span><\/div>\n<div class='fila'><span class='etiqueta'>Longitud total:<\/span><span class='valor'>5,5&#8242; &#8211; 13,5 cm<\/span><\/div>\n<div class='fila'><span class='etiqueta'>Material de la hoja:<\/span><span class='valor'>Acero inoxidable AUS6A<\/span><\/div>\n<div class='fila'><span class='etiqueta'>Acabado:<\/span><span class='valor'>Satinado<\/span><\/div>\n<div class='fila'><span class='etiqueta'>Dureza:<\/span><span class='valor'>HRc 56\u00b11 Rockwell<\/span><\/div>\n<div class='fila'><span class='etiqueta'>Material del mango:<\/span><span class='valor'>Sint\u00e9tico<\/span><\/div>\n<div class='fila'><span class='etiqueta'>Tipo de mango:<\/span><span class='valor'>Ergon\u00f3mico<\/span><\/div>\n<div class='fila'><span class='etiqueta'>\u00bfEs apto para zurdos?:<\/span><span class='valor'>Solo para diestros<\/span><\/div>\n<div class='fila'><span class='etiqueta'>Producci\u00f3n:<\/span><span class='valor'>Estampaci\u00f3n<\/span><\/div>\n<div class='fila'><span class='etiqueta'>Presentaci\u00f3n del producto:<\/span><span class='valor'>Display de cart\u00f3n<\/span><\/div>\n<div class='fila'><span class='etiqueta'>\u00bfTiene tornillo de apriete?:<\/span><span class='valor'>Si, para un f\u00e1cil ajuste de la tensi\u00f3n.<\/span><\/div>\n<div class='fila'><span class='etiqueta'>\u00bfDonde se fabrica?:<\/span><span class='valor'>Jap\u00f3n<\/span><\/div>\n<div class='fila'><span class='etiqueta'>C\u00f3digo de barras (GTIN):<\/span><span class='valor'>4901331501913<\/span><\/div>\n<\/div>\n","protected":false},"excerpt":{"rendered":"<p><strong>Tijera de costura profesional de 135 mm<\/strong> de largo, para varios usos, de la marca japonesa\u00a0<strong>KAI<\/strong>, referencia <strong>N5135<\/strong>, con <em>mangos ergon\u00f3micos<\/em>.&hellip; <a class=\"kt-excerpt-readmore more-link\" href=\"https:\/\/www.cuchillalia.com\/en\/producto\/kai-n5135-tijera-costura-inoxidable-135-mm\/\" aria-label=\"Tijera de costura inoxidable de 135 mm &#8211; KAI N5135\">Read More<\/a><\/p>\n","protected":false},"featured_media":147257,"comment_status":"open","ping_status":"closed","template":"","meta":[],"product_brand":[],"product_cat":[8267,8674],"product_tag":[],"class_list":{"0":"post-147259","1":"product","2":"type-product","3":"status-publish","4":"has-post-thumbnail","6":"product_cat-bordar-costura","7":"product_cat-tijeras-kai","9":"first","10":"instock","11":"taxable","12":"shipping-taxable","13":"purchasable","14":"product-type-simple"},"yoast_head":"<!-- This site is optimized with the Yoast SEO plugin v27.5 - https:\/\/yoast.com\/product\/yoast-seo-wordpress\/ -->\n<title>Tijera de costura profesional de 135 mm KAI N5135 - Cuchillalia<\/title>\n<meta name=\"description\" content=\"Tijera de costura de fabricaci\u00f3n japonesa, KAI N5135 de 135 mm. Mangos ergon\u00f3micos de color negro. Presentada en blister de cart\u00f3n.\" \/>\n<meta name=\"robots\" content=\"index, follow, max-snippet:-1, max-image-preview:large, max-video-preview:-1\" \/>\n<link rel=\"canonical\" href=\"https:\/\/www.cuchillalia.com\/producto\/kai-n5135-tijera-costura-inoxidable-135-mm\/\" \/>\n<meta property=\"og:locale\" content=\"en_US\" \/>\n<meta property=\"og:type\" content=\"article\" \/>\n<meta property=\"og:title\" content=\"Tijera de costura profesional de 135 mm KAI N5135 - Cuchillalia\" \/>\n<meta property=\"og:description\" content=\"Tijera de costura de fabricaci\u00f3n japonesa, KAI N5135 de 135 mm. Mangos ergon\u00f3micos de color negro. Presentada en blister de cart\u00f3n.\" \/>\n<meta property=\"og:url\" content=\"https:\/\/www.cuchillalia.com\/producto\/kai-n5135-tijera-costura-inoxidable-135-mm\/\" \/>\n<meta property=\"og:site_name\" content=\"Cuchillalia.com\" \/>\n<meta property=\"article:publisher\" content=\"http:\/\/www.facebook.com\/cuchillalia\" \/>\n<meta property=\"article:modified_time\" content=\"2026-05-17T00:52:32+00:00\" \/>\n<meta property=\"og:image\" content=\"https:\/\/www.cuchillalia.com\/wordpress\/wp-content\/uploads\/2021\/03\/kai-n5135-tijeras-costura-135-mm.jpg\" \/>\n\t<meta property=\"og:image:width\" content=\"1200\" \/>\n\t<meta property=\"og:image:height\" content=\"1200\" \/>\n\t<meta property=\"og:image:type\" content=\"image\/jpeg\" \/>\n<meta name=\"twitter:card\" content=\"summary_large_image\" \/>\n<meta name=\"twitter:site\" content=\"@Cuchillalia\" \/>\n<meta name=\"twitter:label1\" content=\"Est. reading time\" \/>\n\t<meta name=\"twitter:data1\" content=\"1 minute\" \/>\n<!-- \/ Yoast SEO plugin. -->","yoast_head_json":{"title":"Tijera de costura profesional de 135 mm KAI N5135 - Cuchillalia","description":"Tijera de costura de fabricaci\u00f3n japonesa, KAI N5135 de 135 mm. Mangos ergon\u00f3micos de color negro. Presentada en blister de cart\u00f3n.","robots":{"index":"index","follow":"follow","max-snippet":"max-snippet:-1","max-image-preview":"max-image-preview:large","max-video-preview":"max-video-preview:-1"},"canonical":"https:\/\/www.cuchillalia.com\/producto\/kai-n5135-tijera-costura-inoxidable-135-mm\/","og_locale":"en_US","og_type":"article","og_title":"Tijera de costura profesional de 135 mm KAI N5135 - Cuchillalia","og_description":"Tijera de costura de fabricaci\u00f3n japonesa, KAI N5135 de 135 mm. Mangos ergon\u00f3micos de color negro. Presentada en blister de cart\u00f3n.","og_url":"https:\/\/www.cuchillalia.com\/producto\/kai-n5135-tijera-costura-inoxidable-135-mm\/","og_site_name":"Cuchillalia.com","article_publisher":"http:\/\/www.facebook.com\/cuchillalia","article_modified_time":"2026-05-17T00:52:32+00:00","og_image":[{"width":1200,"height":1200,"url":"https:\/\/www.cuchillalia.com\/wordpress\/wp-content\/uploads\/2021\/03\/kai-n5135-tijeras-costura-135-mm.jpg","type":"image\/jpeg"}],"twitter_card":"summary_large_image","twitter_site":"@Cuchillalia","twitter_misc":{"Est. reading time":"1 minute"},"schema":{"@context":"https:\/\/schema.org","@graph":[{"@type":"WebPage","@id":"https:\/\/www.cuchillalia.com\/producto\/kai-n5135-tijera-costura-inoxidable-135-mm\/","url":"https:\/\/www.cuchillalia.com\/producto\/kai-n5135-tijera-costura-inoxidable-135-mm\/","name":"Tijera de costura profesional de 135 mm KAI N5135 - Cuchillalia","isPartOf":{"@id":"https:\/\/www.cuchillalia.com\/#website"},"primaryImageOfPage":{"@id":"https:\/\/www.cuchillalia.com\/producto\/kai-n5135-tijera-costura-inoxidable-135-mm\/#primaryimage"},"image":{"@id":"https:\/\/www.cuchillalia.com\/producto\/kai-n5135-tijera-costura-inoxidable-135-mm\/#primaryimage"},"thumbnailUrl":"https:\/\/www.cuchillalia.com\/wordpress\/wp-content\/uploads\/2021\/03\/kai-n5135-tijeras-costura-135-mm.jpg","datePublished":"2021-03-05T17:35:01+00:00","dateModified":"2026-05-17T00:52:32+00:00","description":"Tijera de costura de fabricaci\u00f3n japonesa, KAI N5135 de 135 mm. Mangos ergon\u00f3micos de color negro. Presentada en blister de cart\u00f3n.","breadcrumb":{"@id":"https:\/\/www.cuchillalia.com\/producto\/kai-n5135-tijera-costura-inoxidable-135-mm\/#breadcrumb"},"inLanguage":"en-US","potentialAction":[{"@type":"ReadAction","target":["https:\/\/www.cuchillalia.com\/producto\/kai-n5135-tijera-costura-inoxidable-135-mm\/"]}]},{"@type":"ImageObject","inLanguage":"en-US","@id":"https:\/\/www.cuchillalia.com\/producto\/kai-n5135-tijera-costura-inoxidable-135-mm\/#primaryimage","url":"https:\/\/www.cuchillalia.com\/wordpress\/wp-content\/uploads\/2021\/03\/kai-n5135-tijeras-costura-135-mm.jpg","contentUrl":"https:\/\/www.cuchillalia.com\/wordpress\/wp-content\/uploads\/2021\/03\/kai-n5135-tijeras-costura-135-mm.jpg","width":1200,"height":1200,"caption":"Tijeras de costura de 135 mm - KAI N5135"},{"@type":"BreadcrumbList","@id":"https:\/\/www.cuchillalia.com\/producto\/kai-n5135-tijera-costura-inoxidable-135-mm\/#breadcrumb","itemListElement":[{"@type":"ListItem","position":1,"name":"Cuchillalia","item":"https:\/\/www.cuchillalia.com\/en\/"},{"@type":"ListItem","position":2,"name":"Tienda","item":"https:\/\/www.cuchillalia.com\/tienda\/"},{"@type":"ListItem","position":3,"name":"Marcas","item":"https:\/\/www.cuchillalia.com\/categoria\/marcas\/"},{"@type":"ListItem","position":4,"name":"KAI","item":"https:\/\/www.cuchillalia.com\/categoria\/marcas\/kai\/"},{"@type":"ListItem","position":5,"name":"Tijeras KAI Costura","item":"https:\/\/www.cuchillalia.com\/categoria\/marcas\/kai\/tijeras-kai\/"},{"@type":"ListItem","position":6,"name":"Tijera de costura inoxidable de 135 mm &#8211; KAI N5135"}]},{"@type":"WebSite","@id":"https:\/\/www.cuchillalia.com\/#website","url":"https:\/\/www.cuchillalia.com\/","name":"Cuchillalia.com","description":"","publisher":{"@id":"https:\/\/www.cuchillalia.com\/#organization"},"potentialAction":[{"@type":"SearchAction","target":{"@type":"EntryPoint","urlTemplate":"https:\/\/www.cuchillalia.com\/?s={search_term_string}"},"query-input":{"@type":"PropertyValueSpecification","valueRequired":true,"valueName":"search_term_string"}}],"inLanguage":"en-US"},{"@type":"Organization","@id":"https:\/\/www.cuchillalia.com\/#organization","name":"Cuchillalia","url":"https:\/\/www.cuchillalia.com\/","logo":{"@type":"ImageObject","inLanguage":"en-US","@id":"https:\/\/www.cuchillalia.com\/#\/schema\/logo\/image\/","url":"https:\/\/www.cuchillalia.com\/wordpress\/wp-content\/uploads\/2021\/03\/logo-cuchillalia-jpg.jpg","contentUrl":"https:\/\/www.cuchillalia.com\/wordpress\/wp-content\/uploads\/2021\/03\/logo-cuchillalia-jpg.jpg","width":276,"height":192,"caption":"Cuchillalia"},"image":{"@id":"https:\/\/www.cuchillalia.com\/#\/schema\/logo\/image\/"},"sameAs":["http:\/\/www.facebook.com\/cuchillalia","https:\/\/x.com\/Cuchillalia"]}]}},"_links":{"self":[{"href":"https:\/\/www.cuchillalia.com\/en\/wp-json\/wp\/v2\/product\/147259","targetHints":{"allow":["GET"]}}],"collection":[{"href":"https:\/\/www.cuchillalia.com\/en\/wp-json\/wp\/v2\/product"}],"about":[{"href":"https:\/\/www.cuchillalia.com\/en\/wp-json\/wp\/v2\/types\/product"}],"replies":[{"embeddable":true,"href":"https:\/\/www.cuchillalia.com\/en\/wp-json\/wp\/v2\/comments?post=147259"}],"wp:featuredmedia":[{"embeddable":true,"href":"https:\/\/www.cuchillalia.com\/en\/wp-json\/wp\/v2\/media\/147257"}],"wp:attachment":[{"href":"https:\/\/www.cuchillalia.com\/en\/wp-json\/wp\/v2\/media?parent=147259"}],"wp:term":[{"taxonomy":"product_brand","embeddable":true,"href":"https:\/\/www.cuchillalia.com\/en\/wp-json\/wp\/v2\/product_brand?post=147259"},{"taxonomy":"product_cat","embeddable":true,"href":"https:\/\/www.cuchillalia.com\/en\/wp-json\/wp\/v2\/product_cat?post=147259"},{"taxonomy":"product_tag","embeddable":true,"href":"https:\/\/www.cuchillalia.com\/en\/wp-json\/wp\/v2\/product_tag?post=147259"}],"curies":[{"name":"wp","href":"https:\/\/api.w.org\/{rel}","templated":true}]}}