{"id":147153,"date":"2021-03-04T22:23:09","date_gmt":"2021-03-04T21:23:09","guid":{"rendered":"https:\/\/www.cuchillalia.com\/?post_type=product&#038;p=147153"},"modified":"2026-03-20T12:53:08","modified_gmt":"2026-03-20T11:53:08","slug":"cuchillo-jamonero-25-cm-arcos-opera-226700","status":"publish","type":"product","link":"https:\/\/www.cuchillalia.com\/en\/producto\/cuchillo-jamonero-25-cm-arcos-opera-226700\/","title":{"rendered":"Cuchillo jamonero de 25 cm &#8211; Arcos \u00d3pera 226700"},"content":{"rendered":"<h2>Tabla de caracter\u00edsticas cuchillo jamonero corto Arcos \u00d3pera<\/h2>\n<div class='tabla-caracteristicas'>\n<div class='fila'><span class='etiqueta'>Nombre comercial:<\/span><span class='valor'><strong>Cuchillo jamonero \u00d3pera<\/strong><\/span><\/div>\n<div class='fila'><span class='etiqueta'>Fabricante:<\/span><span class='valor'>Arcos<\/span><\/div>\n<div class='fila'><span class='etiqueta'>Referencia del fabricante:<\/span><span class='valor'>226700<\/span><\/div>\n<div class='fila'><span class='etiqueta'>Longitud de la hoja:<\/span><span class='valor'>25 cm<\/span><\/div>\n<div class='fila'><span class='etiqueta'>Material de la hoja:<\/span><span class='valor'>Acero inoxidable forjado Nitrum\u00ae<\/span><\/div>\n<div class='fila'><span class='etiqueta'>Tipo de hoja:<\/span><span class='valor'>Flexible<\/span><\/div>\n<div class='fila'><span class='etiqueta'>Material del mango:<\/span><span class='valor'>POM (polioximetileno) de color negro<\/span><\/div>\n<div class='fila'><span class='etiqueta'>Tipo de mango:<\/span><span class='valor'>Cachas de POM con 3 remaches<\/span><\/div>\n<div class='fila'><span class='etiqueta'>\u00bfEs apto para zurdos?:<\/span><span class='valor'>Para diestros y zurdos<\/span><\/div>\n<div class='fila'><span class='etiqueta'>Producci\u00f3n:<\/span><span class='valor'>Forjado en caliente<\/span><\/div>\n<div class='fila'><span class='etiqueta'>Presentaci\u00f3n del producto:<\/span><span class='valor'>Estuche de pl\u00e1stico<\/span><\/div>\n<div class='fila'><span class='etiqueta'>\u00bfDonde se fabrica?:<\/span><span class='valor'>Albacete &#8211; Espa\u00f1a<\/span><\/div>\n<div class='fila'><span class='etiqueta'>\u00bfQu\u00e9 garant\u00eda tiene?:<\/span><span class='valor'>10 a\u00f1os contra todo defecto de fabricaci\u00f3n, siempre que del producto se haga un uso racional para el cual ha sido fabricado.<\/span><\/div>\n<div class='fila'><span class='etiqueta'>C\u00f3digo de barras (GTIN):<\/span><span class='valor'>8421002226700<\/span><\/div>\n<\/div>\n<p>&nbsp;<\/p>\n<p>Si buscas otro modelo de Arcos puedes mirar en nuestra secci\u00f3n de\u00a0<strong><a href='https:\/\/www.cuchillalia.com\/cuchillos-jamoneros-arcos\/'>cuchillos jamoneros Arcos<\/a><\/strong>. O si quieres ver de otros fabricantes puedes visitar nuestra completa recopilaci\u00f3n de <strong><a href='https:\/\/www.cuchillalia.com\/categoria\/cuchillos\/jamoneros\/'>cuchillos jamoneros<\/a><\/strong> en <strong>Cuchillalia.com<\/strong>.<\/p>\n<h2>Accesorios para el corte del jam\u00f3n<\/h2>\n<p>Despu\u00e9s de elegir tu cuchillo te recomendamos que pases por nuestro cat\u00e1logo de <strong><a href='https:\/\/www.cuchillalia.com\/categoria\/accesorios-cuchillos\/soportes-jamoneros\/'>soportes jamoneros<\/a><\/strong> o de <strong><a href='https:\/\/www.cuchillalia.com\/categoria\/accesorios-cuchillos\/pinzas-jamon-pescado-emplatar\/filtros\/uso\/jamon\/'>pinzas para el jam\u00f3n<\/a><\/strong>.<\/p>\n<p>Adem\u00e1s del <strong>cuchillo de jamonero<\/strong>, se recomienda tener tambi\u00e9n un <a href='https:\/\/www.cuchillalia.com\/categoria\/cuchillos\/deshuesadores\/'><strong>cuchillo deshuesador<\/strong><\/a> para limpiar las zonas cercanas al hueso y <strong><a href='https:\/\/www.cuchillalia.com\/categoria\/cuchillos\/carniceros\/filtros\/largo\/hasta-20\/' rel='nofollow'>un cuchillo carnicero corto<\/a><\/strong> para retirar la piel.<\/p>\n","protected":false},"excerpt":{"rendered":"<p><strong>Cuchillo jamonero<\/strong> de 25 cm de hoja, <strong>Arcos Opera 226700<\/strong>, con hoja\u00a0de <strong>acero inoxidable Nitrum\u00ae<\/strong> y mango negro de POM.&hellip; <a class=\"kt-excerpt-readmore more-link\" href=\"https:\/\/www.cuchillalia.com\/en\/producto\/cuchillo-jamonero-25-cm-arcos-opera-226700\/\" aria-label=\"Cuchillo jamonero de 25 cm &#8211; Arcos \u00d3pera 226700\">Read More<\/a><\/p>\n","protected":false},"featured_media":147043,"comment_status":"open","ping_status":"closed","template":"","meta":[],"product_brand":[],"product_cat":[8293,8656],"product_tag":[],"class_list":{"0":"post-147153","1":"product","2":"type-product","3":"status-publish","4":"has-post-thumbnail","6":"product_cat-jamoneros","7":"product_cat-serie-opera","9":"first","10":"instock","11":"taxable","12":"shipping-taxable","13":"purchasable","14":"product-type-simple"},"yoast_head":"<!-- This site is optimized with the Yoast SEO plugin v27.5 - https:\/\/yoast.com\/product\/yoast-seo-wordpress\/ -->\n<title>Cuchillo cuchillo jamonero de 25 cm Arcos Opera 226700 - Cuchillalia<\/title>\n<meta name=\"description\" content=\"Cuchillo jamonero corto Arcos \u00d3pera, de 25 cm de hoja de acero Nitrum. Mango negro de POM (polioximetileno). Fabricado en Espa\u00f1a\" \/>\n<meta name=\"robots\" content=\"index, follow, max-snippet:-1, max-image-preview:large, max-video-preview:-1\" \/>\n<link rel=\"canonical\" href=\"https:\/\/www.cuchillalia.com\/producto\/cuchillo-jamonero-25-cm-arcos-opera-226700\/\" \/>\n<meta property=\"og:locale\" content=\"en_US\" \/>\n<meta property=\"og:type\" content=\"article\" \/>\n<meta property=\"og:title\" content=\"Cuchillo cuchillo jamonero de 25 cm Arcos Opera 226700 - Cuchillalia\" \/>\n<meta property=\"og:description\" content=\"Cuchillo jamonero corto Arcos \u00d3pera, de 25 cm de hoja de acero Nitrum. Mango negro de POM (polioximetileno). Fabricado en Espa\u00f1a\" \/>\n<meta property=\"og:url\" content=\"https:\/\/www.cuchillalia.com\/producto\/cuchillo-jamonero-25-cm-arcos-opera-226700\/\" \/>\n<meta property=\"og:site_name\" content=\"Cuchillalia.com\" \/>\n<meta property=\"article:publisher\" content=\"http:\/\/www.facebook.com\/cuchillalia\" \/>\n<meta property=\"article:modified_time\" content=\"2026-03-20T11:53:08+00:00\" \/>\n<meta property=\"og:image\" content=\"https:\/\/www.cuchillalia.com\/wordpress\/wp-content\/uploads\/2021\/02\/cuchillo-jamonero-arcos-opera-226700.jpg\" \/>\n\t<meta property=\"og:image:width\" content=\"1600\" \/>\n\t<meta property=\"og:image:height\" content=\"1600\" \/>\n\t<meta property=\"og:image:type\" content=\"image\/jpeg\" \/>\n<meta name=\"twitter:card\" content=\"summary_large_image\" \/>\n<meta name=\"twitter:site\" content=\"@Cuchillalia\" \/>\n<meta name=\"twitter:label1\" content=\"Est. reading time\" \/>\n\t<meta name=\"twitter:data1\" content=\"2 minutes\" \/>\n<!-- \/ Yoast SEO plugin. -->","yoast_head_json":{"title":"Cuchillo cuchillo jamonero de 25 cm Arcos Opera 226700 - Cuchillalia","description":"Cuchillo jamonero corto Arcos \u00d3pera, de 25 cm de hoja de acero Nitrum. Mango negro de POM (polioximetileno). Fabricado en Espa\u00f1a","robots":{"index":"index","follow":"follow","max-snippet":"max-snippet:-1","max-image-preview":"max-image-preview:large","max-video-preview":"max-video-preview:-1"},"canonical":"https:\/\/www.cuchillalia.com\/producto\/cuchillo-jamonero-25-cm-arcos-opera-226700\/","og_locale":"en_US","og_type":"article","og_title":"Cuchillo cuchillo jamonero de 25 cm Arcos Opera 226700 - Cuchillalia","og_description":"Cuchillo jamonero corto Arcos \u00d3pera, de 25 cm de hoja de acero Nitrum. Mango negro de POM (polioximetileno). Fabricado en Espa\u00f1a","og_url":"https:\/\/www.cuchillalia.com\/producto\/cuchillo-jamonero-25-cm-arcos-opera-226700\/","og_site_name":"Cuchillalia.com","article_publisher":"http:\/\/www.facebook.com\/cuchillalia","article_modified_time":"2026-03-20T11:53:08+00:00","og_image":[{"width":1600,"height":1600,"url":"https:\/\/www.cuchillalia.com\/wordpress\/wp-content\/uploads\/2021\/02\/cuchillo-jamonero-arcos-opera-226700.jpg","type":"image\/jpeg"}],"twitter_card":"summary_large_image","twitter_site":"@Cuchillalia","twitter_misc":{"Est. reading time":"2 minutes"},"schema":{"@context":"https:\/\/schema.org","@graph":[{"@type":"WebPage","@id":"https:\/\/www.cuchillalia.com\/producto\/cuchillo-jamonero-25-cm-arcos-opera-226700\/","url":"https:\/\/www.cuchillalia.com\/producto\/cuchillo-jamonero-25-cm-arcos-opera-226700\/","name":"Cuchillo cuchillo jamonero de 25 cm Arcos Opera 226700 - Cuchillalia","isPartOf":{"@id":"https:\/\/www.cuchillalia.com\/#website"},"primaryImageOfPage":{"@id":"https:\/\/www.cuchillalia.com\/producto\/cuchillo-jamonero-25-cm-arcos-opera-226700\/#primaryimage"},"image":{"@id":"https:\/\/www.cuchillalia.com\/producto\/cuchillo-jamonero-25-cm-arcos-opera-226700\/#primaryimage"},"thumbnailUrl":"https:\/\/www.cuchillalia.com\/wordpress\/wp-content\/uploads\/2021\/02\/cuchillo-jamonero-arcos-opera-226700.jpg","datePublished":"2021-03-04T21:23:09+00:00","dateModified":"2026-03-20T11:53:08+00:00","description":"Cuchillo jamonero corto Arcos \u00d3pera, de 25 cm de hoja de acero Nitrum. Mango negro de POM (polioximetileno). Fabricado en Espa\u00f1a","breadcrumb":{"@id":"https:\/\/www.cuchillalia.com\/producto\/cuchillo-jamonero-25-cm-arcos-opera-226700\/#breadcrumb"},"inLanguage":"en-US","potentialAction":[{"@type":"ReadAction","target":["https:\/\/www.cuchillalia.com\/producto\/cuchillo-jamonero-25-cm-arcos-opera-226700\/"]}]},{"@type":"ImageObject","inLanguage":"en-US","@id":"https:\/\/www.cuchillalia.com\/producto\/cuchillo-jamonero-25-cm-arcos-opera-226700\/#primaryimage","url":"https:\/\/www.cuchillalia.com\/wordpress\/wp-content\/uploads\/2021\/02\/cuchillo-jamonero-arcos-opera-226700.jpg","contentUrl":"https:\/\/www.cuchillalia.com\/wordpress\/wp-content\/uploads\/2021\/02\/cuchillo-jamonero-arcos-opera-226700.jpg","width":1600,"height":1600,"caption":"Cuchillo jamonero de 25 cm Arcos \u00d3pera 226700"},{"@type":"BreadcrumbList","@id":"https:\/\/www.cuchillalia.com\/producto\/cuchillo-jamonero-25-cm-arcos-opera-226700\/#breadcrumb","itemListElement":[{"@type":"ListItem","position":1,"name":"Cuchillalia","item":"https:\/\/www.cuchillalia.com\/en\/"},{"@type":"ListItem","position":2,"name":"Tienda","item":"https:\/\/www.cuchillalia.com\/tienda\/"},{"@type":"ListItem","position":3,"name":"Marcas","item":"https:\/\/www.cuchillalia.com\/categoria\/marcas\/"},{"@type":"ListItem","position":4,"name":"Arcos","item":"https:\/\/www.cuchillalia.com\/categoria\/marcas\/arcos\/"},{"@type":"ListItem","position":5,"name":"Serie \u00d3pera","item":"https:\/\/www.cuchillalia.com\/categoria\/marcas\/arcos\/serie-opera\/"},{"@type":"ListItem","position":6,"name":"Cuchillo jamonero de 25 cm &#8211; Arcos \u00d3pera 226700"}]},{"@type":"WebSite","@id":"https:\/\/www.cuchillalia.com\/#website","url":"https:\/\/www.cuchillalia.com\/","name":"Cuchillalia.com","description":"","publisher":{"@id":"https:\/\/www.cuchillalia.com\/#organization"},"potentialAction":[{"@type":"SearchAction","target":{"@type":"EntryPoint","urlTemplate":"https:\/\/www.cuchillalia.com\/?s={search_term_string}"},"query-input":{"@type":"PropertyValueSpecification","valueRequired":true,"valueName":"search_term_string"}}],"inLanguage":"en-US"},{"@type":"Organization","@id":"https:\/\/www.cuchillalia.com\/#organization","name":"Cuchillalia","url":"https:\/\/www.cuchillalia.com\/","logo":{"@type":"ImageObject","inLanguage":"en-US","@id":"https:\/\/www.cuchillalia.com\/#\/schema\/logo\/image\/","url":"https:\/\/www.cuchillalia.com\/wordpress\/wp-content\/uploads\/2021\/03\/logo-cuchillalia-jpg.jpg","contentUrl":"https:\/\/www.cuchillalia.com\/wordpress\/wp-content\/uploads\/2021\/03\/logo-cuchillalia-jpg.jpg","width":276,"height":192,"caption":"Cuchillalia"},"image":{"@id":"https:\/\/www.cuchillalia.com\/#\/schema\/logo\/image\/"},"sameAs":["http:\/\/www.facebook.com\/cuchillalia","https:\/\/x.com\/Cuchillalia"]}]}},"_links":{"self":[{"href":"https:\/\/www.cuchillalia.com\/en\/wp-json\/wp\/v2\/product\/147153","targetHints":{"allow":["GET"]}}],"collection":[{"href":"https:\/\/www.cuchillalia.com\/en\/wp-json\/wp\/v2\/product"}],"about":[{"href":"https:\/\/www.cuchillalia.com\/en\/wp-json\/wp\/v2\/types\/product"}],"replies":[{"embeddable":true,"href":"https:\/\/www.cuchillalia.com\/en\/wp-json\/wp\/v2\/comments?post=147153"}],"wp:featuredmedia":[{"embeddable":true,"href":"https:\/\/www.cuchillalia.com\/en\/wp-json\/wp\/v2\/media\/147043"}],"wp:attachment":[{"href":"https:\/\/www.cuchillalia.com\/en\/wp-json\/wp\/v2\/media?parent=147153"}],"wp:term":[{"taxonomy":"product_brand","embeddable":true,"href":"https:\/\/www.cuchillalia.com\/en\/wp-json\/wp\/v2\/product_brand?post=147153"},{"taxonomy":"product_cat","embeddable":true,"href":"https:\/\/www.cuchillalia.com\/en\/wp-json\/wp\/v2\/product_cat?post=147153"},{"taxonomy":"product_tag","embeddable":true,"href":"https:\/\/www.cuchillalia.com\/en\/wp-json\/wp\/v2\/product_tag?post=147153"}],"curies":[{"name":"wp","href":"https:\/\/api.w.org\/{rel}","templated":true}]}}