{"id":13262,"date":"2016-10-26T21:25:30","date_gmt":"2016-10-26T19:25:30","guid":{"rendered":"http:\/\/www.cuchillalia.com\/tienda\/rallador-juliana-mango-3-claveles-673\/"},"modified":"2025-07-03T20:10:52","modified_gmt":"2025-07-03T18:10:52","slug":"rallador-juliana-mango-3-claveles-673","status":"publish","type":"product","link":"https:\/\/www.cuchillalia.com\/en\/producto\/rallador-juliana-mango-3-claveles-673\/","title":{"rendered":"Rallador juliana con mango &#8211; 3 Claveles 673"},"content":{"rendered":"<h2>Tabla de caracter\u00edsticas rallador juliana 3 Claveles 673<\/h2>\n<div class='tabla-caracteristicas'>\n<div class='fila'><span class='etiqueta'>Nombre comercial:<\/span><span class='valor'><strong>Rallador juliana<\/strong><\/span><\/div>\n<div class='fila'><span class='etiqueta'>Fabricante:<\/span><span class='valor'>3 Claveles<\/span><\/div>\n<div class='fila'><span class='etiqueta'>Referencia del fabricante:<\/span><span class='valor'>673<\/span><\/div>\n<div class='fila'><span class='etiqueta'>Material de la hoja:<\/span><span class='valor'>Acero inoxidable<\/span><\/div>\n<div class='fila'><span class='etiqueta'>Material del mango:<\/span><span class='valor'>TPR + polipropileno<\/span><\/div>\n<div class='fila'><span class='etiqueta'>Tipo de mango:<\/span><span class='valor'>Ergon\u00f3mico<\/span><\/div>\n<div class='fila'><span class='etiqueta'>Medidas:<\/span><span class='valor'>Hoja:     20&#215;4 cm<br \/>\nLargo total:     39,2 cm<\/span><\/div>\n<div class='fila'><span class='etiqueta'>\u00bfEs apto para zurdos?:<\/span><span class='valor'>Para diestros y zurdos<\/span><\/div>\n<div class='fila'><span class='etiqueta'>\u00bfEs apto para el lavavajillas?:<\/span><span class='valor'>Si<\/span><\/div>\n<div class='fila'><span class='etiqueta'>C\u00f3digo de barras (GTIN):<\/span><span class='valor'>8410990006739<\/span><\/div>\n<div class='fila'><span class='etiqueta'>Observaciones:<\/span><span class='valor'>&#8211; Id\u00f3neo para queso, zanahoria, calabac\u00edn, \u2026<br \/>\n&#8211; El mango y el tope de goma del extremo permiten un f\u00e1cil agarre para el trabajo de corte.<br \/>\n&#8211; Cuchillas grabadas al \u00e1cido para una mayor durabilidad del filo.<br \/>\n&#8211; Al meter en el lavavajillas evitar roces de la hoja con otros objetos.<\/span><\/div>\n<\/div>\n<h3>Otros accesorios para cortar en juliana<\/h3>\n<p><a href='https:\/\/www.cuchillalia.com\/que-es-el-corte-en-juliana\/'><strong>\u00bfSabes lo que es el corte en juliana?<\/strong><\/a> En Cuchillalia.com tenemos diversos art\u00edculos de menaje preparados para cortar en juliana, como la <a href='https:\/\/www.cuchillalia.com\/producto\/kyocera-csn-182s-nrd-mandolina-ceramica-juliana-rojo\/'><strong>mandolina de cer\u00e1mica para juliana de Kyocera<\/strong><\/a>, el <a href='https:\/\/www.cuchillalia.com\/producto\/global-gs-94-pelador-caja-4-cuchillas\/'><strong>pelador Global<\/strong><\/a> o el <a href='https:\/\/www.cuchillalia.com\/producto\/arcos-607200-pelador-juliana-acero-inoxidable\/'><strong>pelador juliana de Arcos<\/strong><\/a>.<\/p>\n","protected":false},"excerpt":{"rendered":"<p><strong>Rallador en Juliana<\/strong>,\u00a0<strong>3 Claveles 673<\/strong>, con mango de polipropileno y apoyo de goma. M\u00e1s f\u00e1cil sujeci\u00f3n durante el rallado en l\u00e1minas de, por ejemplo, queso, zanahorias, calabac\u00edn, &#8230;&hellip; <a class=\"kt-excerpt-readmore more-link\" href=\"https:\/\/www.cuchillalia.com\/en\/producto\/rallador-juliana-mango-3-claveles-673\/\" aria-label=\"Rallador juliana con mango &#8211; 3 Claveles 673\">Read More<\/a><\/p>\n","protected":false},"featured_media":13252,"comment_status":"open","ping_status":"closed","template":"","meta":[],"product_brand":[],"product_cat":[8284,8285],"product_tag":[],"class_list":{"0":"post-13262","1":"product","2":"type-product","3":"status-publish","4":"has-post-thumbnail","6":"product_cat-accesorios-3-claveles","7":"product_cat-ralladores","9":"first","10":"instock","11":"taxable","12":"shipping-taxable","13":"purchasable","14":"product-type-simple"},"yoast_head":"<!-- This site is optimized with the Yoast SEO plugin v27.5 - https:\/\/yoast.com\/product\/yoast-seo-wordpress\/ -->\n<title>Rallador en Juliana con mango y apoyo de goma - 3 Claveles 673 - Cuchillalia<\/title>\n<meta name=\"description\" content=\"Rallador en Juliana, de 3 Claveles, referencia 673, Mango de polipropileno y apoyo de goma para mejor sujeci\u00f3n. Cuchillas grabadas al \u00e1cido, m\u00e1s duraderas.\" \/>\n<meta name=\"robots\" content=\"index, follow, max-snippet:-1, max-image-preview:large, max-video-preview:-1\" \/>\n<link rel=\"canonical\" href=\"https:\/\/www.cuchillalia.com\/producto\/rallador-juliana-mango-3-claveles-673\/\" \/>\n<meta property=\"og:locale\" content=\"en_US\" \/>\n<meta property=\"og:type\" content=\"article\" \/>\n<meta property=\"og:title\" content=\"Rallador en Juliana con mango y apoyo de goma - 3 Claveles 673 - Cuchillalia\" \/>\n<meta property=\"og:description\" content=\"Rallador en Juliana, de 3 Claveles, referencia 673, Mango de polipropileno y apoyo de goma para mejor sujeci\u00f3n. Cuchillas grabadas al \u00e1cido, m\u00e1s duraderas.\" \/>\n<meta property=\"og:url\" content=\"https:\/\/www.cuchillalia.com\/producto\/rallador-juliana-mango-3-claveles-673\/\" \/>\n<meta property=\"og:site_name\" content=\"Cuchillalia.com\" \/>\n<meta property=\"article:publisher\" content=\"http:\/\/www.facebook.com\/cuchillalia\" \/>\n<meta property=\"article:modified_time\" content=\"2025-07-03T18:10:52+00:00\" \/>\n<meta property=\"og:image\" content=\"https:\/\/www.cuchillalia.com\/wordpress\/wp-content\/uploads\/2016\/10\/cuchillalia-3-claveles-673-rallador-juliana.jpg\" \/>\n\t<meta property=\"og:image:width\" content=\"1600\" \/>\n\t<meta property=\"og:image:height\" content=\"1600\" \/>\n\t<meta property=\"og:image:type\" content=\"image\/jpeg\" \/>\n<meta name=\"twitter:card\" content=\"summary_large_image\" \/>\n<meta name=\"twitter:site\" content=\"@Cuchillalia\" \/>\n<meta name=\"twitter:label1\" content=\"Est. reading time\" \/>\n\t<meta name=\"twitter:data1\" content=\"2 minutes\" \/>\n<!-- \/ Yoast SEO plugin. -->","yoast_head_json":{"title":"Rallador en Juliana con mango y apoyo de goma - 3 Claveles 673 - Cuchillalia","description":"Rallador en Juliana, de 3 Claveles, referencia 673, Mango de polipropileno y apoyo de goma para mejor sujeci\u00f3n. Cuchillas grabadas al \u00e1cido, m\u00e1s duraderas.","robots":{"index":"index","follow":"follow","max-snippet":"max-snippet:-1","max-image-preview":"max-image-preview:large","max-video-preview":"max-video-preview:-1"},"canonical":"https:\/\/www.cuchillalia.com\/producto\/rallador-juliana-mango-3-claveles-673\/","og_locale":"en_US","og_type":"article","og_title":"Rallador en Juliana con mango y apoyo de goma - 3 Claveles 673 - Cuchillalia","og_description":"Rallador en Juliana, de 3 Claveles, referencia 673, Mango de polipropileno y apoyo de goma para mejor sujeci\u00f3n. Cuchillas grabadas al \u00e1cido, m\u00e1s duraderas.","og_url":"https:\/\/www.cuchillalia.com\/producto\/rallador-juliana-mango-3-claveles-673\/","og_site_name":"Cuchillalia.com","article_publisher":"http:\/\/www.facebook.com\/cuchillalia","article_modified_time":"2025-07-03T18:10:52+00:00","og_image":[{"width":1600,"height":1600,"url":"https:\/\/www.cuchillalia.com\/wordpress\/wp-content\/uploads\/2016\/10\/cuchillalia-3-claveles-673-rallador-juliana.jpg","type":"image\/jpeg"}],"twitter_card":"summary_large_image","twitter_site":"@Cuchillalia","twitter_misc":{"Est. reading time":"2 minutes"},"schema":{"@context":"https:\/\/schema.org","@graph":[{"@type":"WebPage","@id":"https:\/\/www.cuchillalia.com\/producto\/rallador-juliana-mango-3-claveles-673\/","url":"https:\/\/www.cuchillalia.com\/producto\/rallador-juliana-mango-3-claveles-673\/","name":"Rallador en Juliana con mango y apoyo de goma - 3 Claveles 673 - Cuchillalia","isPartOf":{"@id":"https:\/\/www.cuchillalia.com\/#website"},"primaryImageOfPage":{"@id":"https:\/\/www.cuchillalia.com\/producto\/rallador-juliana-mango-3-claveles-673\/#primaryimage"},"image":{"@id":"https:\/\/www.cuchillalia.com\/producto\/rallador-juliana-mango-3-claveles-673\/#primaryimage"},"thumbnailUrl":"https:\/\/www.cuchillalia.com\/wordpress\/wp-content\/uploads\/2016\/10\/cuchillalia-3-claveles-673-rallador-juliana.jpg","datePublished":"2016-10-26T19:25:30+00:00","dateModified":"2025-07-03T18:10:52+00:00","description":"Rallador en Juliana, de 3 Claveles, referencia 673, Mango de polipropileno y apoyo de goma para mejor sujeci\u00f3n. Cuchillas grabadas al \u00e1cido, m\u00e1s duraderas.","breadcrumb":{"@id":"https:\/\/www.cuchillalia.com\/producto\/rallador-juliana-mango-3-claveles-673\/#breadcrumb"},"inLanguage":"en-US","potentialAction":[{"@type":"ReadAction","target":["https:\/\/www.cuchillalia.com\/producto\/rallador-juliana-mango-3-claveles-673\/"]}]},{"@type":"ImageObject","inLanguage":"en-US","@id":"https:\/\/www.cuchillalia.com\/producto\/rallador-juliana-mango-3-claveles-673\/#primaryimage","url":"https:\/\/www.cuchillalia.com\/wordpress\/wp-content\/uploads\/2016\/10\/cuchillalia-3-claveles-673-rallador-juliana.jpg","contentUrl":"https:\/\/www.cuchillalia.com\/wordpress\/wp-content\/uploads\/2016\/10\/cuchillalia-3-claveles-673-rallador-juliana.jpg","width":1600,"height":1600,"caption":"Rallador Juliana de 3 Claveles, 673 - Cuchillalia"},{"@type":"BreadcrumbList","@id":"https:\/\/www.cuchillalia.com\/producto\/rallador-juliana-mango-3-claveles-673\/#breadcrumb","itemListElement":[{"@type":"ListItem","position":1,"name":"Cuchillalia","item":"https:\/\/www.cuchillalia.com\/en\/"},{"@type":"ListItem","position":2,"name":"Tienda","item":"https:\/\/www.cuchillalia.com\/tienda\/"},{"@type":"ListItem","position":3,"name":"Marcas","item":"https:\/\/www.cuchillalia.com\/categoria\/marcas\/"},{"@type":"ListItem","position":4,"name":"3 Claveles","item":"https:\/\/www.cuchillalia.com\/categoria\/marcas\/3-claveles\/"},{"@type":"ListItem","position":5,"name":"Accesorios de cocina 3 Claveles","item":"https:\/\/www.cuchillalia.com\/categoria\/marcas\/3-claveles\/accesorios-3-claveles\/"},{"@type":"ListItem","position":6,"name":"Rallador juliana con mango &#8211; 3 Claveles 673"}]},{"@type":"WebSite","@id":"https:\/\/www.cuchillalia.com\/#website","url":"https:\/\/www.cuchillalia.com\/","name":"Cuchillalia.com","description":"","publisher":{"@id":"https:\/\/www.cuchillalia.com\/#organization"},"potentialAction":[{"@type":"SearchAction","target":{"@type":"EntryPoint","urlTemplate":"https:\/\/www.cuchillalia.com\/?s={search_term_string}"},"query-input":{"@type":"PropertyValueSpecification","valueRequired":true,"valueName":"search_term_string"}}],"inLanguage":"en-US"},{"@type":"Organization","@id":"https:\/\/www.cuchillalia.com\/#organization","name":"Cuchillalia","url":"https:\/\/www.cuchillalia.com\/","logo":{"@type":"ImageObject","inLanguage":"en-US","@id":"https:\/\/www.cuchillalia.com\/#\/schema\/logo\/image\/","url":"https:\/\/www.cuchillalia.com\/wordpress\/wp-content\/uploads\/2021\/03\/logo-cuchillalia-jpg.jpg","contentUrl":"https:\/\/www.cuchillalia.com\/wordpress\/wp-content\/uploads\/2021\/03\/logo-cuchillalia-jpg.jpg","width":276,"height":192,"caption":"Cuchillalia"},"image":{"@id":"https:\/\/www.cuchillalia.com\/#\/schema\/logo\/image\/"},"sameAs":["http:\/\/www.facebook.com\/cuchillalia","https:\/\/x.com\/Cuchillalia"]}]}},"_links":{"self":[{"href":"https:\/\/www.cuchillalia.com\/en\/wp-json\/wp\/v2\/product\/13262","targetHints":{"allow":["GET"]}}],"collection":[{"href":"https:\/\/www.cuchillalia.com\/en\/wp-json\/wp\/v2\/product"}],"about":[{"href":"https:\/\/www.cuchillalia.com\/en\/wp-json\/wp\/v2\/types\/product"}],"replies":[{"embeddable":true,"href":"https:\/\/www.cuchillalia.com\/en\/wp-json\/wp\/v2\/comments?post=13262"}],"wp:featuredmedia":[{"embeddable":true,"href":"https:\/\/www.cuchillalia.com\/en\/wp-json\/wp\/v2\/media\/13252"}],"wp:attachment":[{"href":"https:\/\/www.cuchillalia.com\/en\/wp-json\/wp\/v2\/media?parent=13262"}],"wp:term":[{"taxonomy":"product_brand","embeddable":true,"href":"https:\/\/www.cuchillalia.com\/en\/wp-json\/wp\/v2\/product_brand?post=13262"},{"taxonomy":"product_cat","embeddable":true,"href":"https:\/\/www.cuchillalia.com\/en\/wp-json\/wp\/v2\/product_cat?post=13262"},{"taxonomy":"product_tag","embeddable":true,"href":"https:\/\/www.cuchillalia.com\/en\/wp-json\/wp\/v2\/product_tag?post=13262"}],"curies":[{"name":"wp","href":"https:\/\/api.w.org\/{rel}","templated":true}]}}