{"id":130787,"date":"2020-10-28T09:52:50","date_gmt":"2020-10-28T08:52:50","guid":{"rendered":"https:\/\/www.cuchillalia.com\/?post_type=product&#038;p=130787"},"modified":"2025-08-13T12:54:32","modified_gmt":"2025-08-13T10:54:32","slug":"kai-excelia-eo-55-os-tijeras-peluqueria-corte-offset","status":"publish","type":"product","link":"https:\/\/www.cuchillalia.com\/en\/producto\/kai-excelia-eo-55-os-tijeras-peluqueria-corte-offset\/","title":{"rendered":"KAI Excelia EO-55 OS Tijeras de peluquer\u00eda de corte de 5,5&#8243; offset"},"content":{"rendered":"<h2>Tabla de caracter\u00edsticas tijeras de corte KAI Excelia EO-55 OS<\/h2>\n<div class='tabla-caracteristicas'>\n<div class='fila'><span class='etiqueta'>Nombre comercial:<\/span><span class='valor'><strong>5,5&#8242; Excelia offset<\/strong><\/span><\/div>\n<div class='fila'><span class='etiqueta'>Fabricante:<\/span><span class='valor'>KAI<\/span><\/div>\n<div class='fila'><span class='etiqueta'>Referencia del fabricante:<\/span><span class='valor'>EO-55 OS<\/span><\/div>\n<div class='fila'><span class='etiqueta'>Material de la hoja:<\/span><span class='valor'>Acero Hitachi 440C<\/span><\/div>\n<div class='fila'><span class='etiqueta'>Tipo de hoja:<\/span><span class='valor'>Semi-convexa<\/span><\/div>\n<div class='fila'><span class='etiqueta'>Acabado:<\/span><span class='valor'>Pulido espejo<\/span><\/div>\n<div class='fila'><span class='etiqueta'>Dureza:<\/span><span class='valor'>HRc 58\u00b11 Rockwell<\/span><\/div>\n<div class='fila'><span class='etiqueta'>Material del mango:<\/span><span class='valor'>Acero SUS410<\/span><\/div>\n<div class='fila'><span class='etiqueta'>Tipo de mango:<\/span><span class='valor'>Offset. Ergon\u00f3mico.<\/span><\/div>\n<div class='fila'><span class='etiqueta'>Medidas:<\/span><span class='valor'>14 cm &#8211; 5,5&#8242;<\/span><\/div>\n<div class='fila'><span class='etiqueta'>\u00bfEs apto para zurdos?:<\/span><span class='valor'>Solo para diestros<\/span><\/div>\n<div class='fila'><span class='etiqueta'>Peso del producto:<\/span><span class='valor'>62 g<\/span><\/div>\n<div class='fila'><span class='etiqueta'>Producci\u00f3n:<\/span><span class='valor'>Forjadas<\/span><\/div>\n<div class='fila'><span class='etiqueta'>Presentaci\u00f3n del producto:<\/span><span class='valor'>Caja<\/span><\/div>\n<div class='fila'><span class='etiqueta'>\u00bfTiene tornillo de apriete?:<\/span><span class='valor'>Tornillo plano regulable<\/span><\/div>\n<div class='fila'><span class='etiqueta'>\u00bfDonde se fabrica?:<\/span><span class='valor'>Jap\u00f3n<\/span><\/div>\n<div class='fila'><span class='etiqueta'>C\u00f3digo de barras (GTIN):<\/span><span class='valor'>4901601267600<\/span><\/div>\n<div class='fila'><span class='etiqueta'>Observaciones:<\/span><span class='valor'>&#8211; Gracias a su dise\u00f1o Offset, con utilizando el dedo anular para la cogida, se mantiene m\u00e1s abierta la mano. Ergon\u00f3mica.<br \/>\n&#8211; Hoja con pulido espejo especial .<br \/>\n&#8211; Apoyadedos desmontable.<br \/>\n&#8211; Tornillo ajustable con rueda dentada.<br \/>\n&#8211; El kit incluye destornillador y aceite para el mantenimiento.<\/span><\/div>\n<\/div>\n","protected":false},"excerpt":{"rendered":"<p><strong>Tijeras de peluquer\u00eda de corte<\/strong>, de 5.5&#8243;, <strong>KAI Excelia EO-55 OS<\/strong>, en acero inoxidable Hitachi 440C, dise\u00f1o offset, tornillo regulable. <em>Fabricadas en Jap\u00f3n<\/em>.&hellip; <a class=\"kt-excerpt-readmore more-link\" href=\"https:\/\/www.cuchillalia.com\/en\/producto\/kai-excelia-eo-55-os-tijeras-peluqueria-corte-offset\/\" aria-label=\"KAI Excelia EO-55 OS Tijeras de peluquer\u00eda de corte de 5,5&#8243; offset\">Read More<\/a><\/p>\n","protected":false},"featured_media":130792,"comment_status":"open","ping_status":"closed","template":"","meta":[],"product_brand":[],"product_cat":[8334,8654],"product_tag":[],"class_list":{"0":"post-130787","1":"product","2":"type-product","3":"status-publish","4":"has-post-thumbnail","6":"product_cat-tijeras-peluqueria-corte","7":"product_cat-tijeras-peluqueria","9":"first","10":"instock","11":"taxable","12":"shipping-taxable","13":"purchasable","14":"product-type-simple"},"yoast_head":"<!-- This site is optimized with the Yoast SEO plugin v27.5 - https:\/\/yoast.com\/product\/yoast-seo-wordpress\/ -->\n<title>KAI Excelia EO-55 OS Tijeras de peluquer\u00eda de corte de 5,5&quot; offset<\/title>\n<meta name=\"description\" content=\"Tijeras de peluquer\u00eda de corte, fabricadas en Jap\u00f3n por KAI, con dise\u00f1o offset, de 5.5&quot;, con tornillo regulable.\" \/>\n<meta name=\"robots\" content=\"index, follow, max-snippet:-1, max-image-preview:large, max-video-preview:-1\" \/>\n<link rel=\"canonical\" href=\"https:\/\/www.cuchillalia.com\/producto\/kai-excelia-eo-55-os-tijeras-peluqueria-corte-offset\/\" \/>\n<meta property=\"og:locale\" content=\"en_US\" \/>\n<meta property=\"og:type\" content=\"article\" \/>\n<meta property=\"og:title\" content=\"KAI Excelia EO-55 OS Tijeras de peluquer\u00eda de corte de 5,5&quot; offset\" \/>\n<meta property=\"og:description\" content=\"Tijeras de peluquer\u00eda de corte, fabricadas en Jap\u00f3n por KAI, con dise\u00f1o offset, de 5.5&quot;, con tornillo regulable.\" \/>\n<meta property=\"og:url\" content=\"https:\/\/www.cuchillalia.com\/producto\/kai-excelia-eo-55-os-tijeras-peluqueria-corte-offset\/\" \/>\n<meta property=\"og:site_name\" content=\"Cuchillalia.com\" \/>\n<meta property=\"article:publisher\" content=\"http:\/\/www.facebook.com\/cuchillalia\" \/>\n<meta property=\"article:modified_time\" content=\"2025-08-13T10:54:32+00:00\" \/>\n<meta property=\"og:image\" content=\"https:\/\/www.cuchillalia.com\/wordpress\/wp-content\/uploads\/2020\/10\/kai-excelia-offset-eo-55-os-tijeras-peluqueria-corte-cuchillalia.jpg\" \/>\n\t<meta property=\"og:image:width\" content=\"1600\" \/>\n\t<meta property=\"og:image:height\" content=\"1600\" \/>\n\t<meta property=\"og:image:type\" content=\"image\/jpeg\" \/>\n<meta name=\"twitter:card\" content=\"summary_large_image\" \/>\n<meta name=\"twitter:site\" content=\"@Cuchillalia\" \/>\n<meta name=\"twitter:label1\" content=\"Est. reading time\" \/>\n\t<meta name=\"twitter:data1\" content=\"1 minute\" \/>\n<!-- \/ Yoast SEO plugin. -->","yoast_head_json":{"title":"KAI Excelia EO-55 OS Tijeras de peluquer\u00eda de corte de 5,5\" offset","description":"Tijeras de peluquer\u00eda de corte, fabricadas en Jap\u00f3n por KAI, con dise\u00f1o offset, de 5.5\", con tornillo regulable.","robots":{"index":"index","follow":"follow","max-snippet":"max-snippet:-1","max-image-preview":"max-image-preview:large","max-video-preview":"max-video-preview:-1"},"canonical":"https:\/\/www.cuchillalia.com\/producto\/kai-excelia-eo-55-os-tijeras-peluqueria-corte-offset\/","og_locale":"en_US","og_type":"article","og_title":"KAI Excelia EO-55 OS Tijeras de peluquer\u00eda de corte de 5,5\" offset","og_description":"Tijeras de peluquer\u00eda de corte, fabricadas en Jap\u00f3n por KAI, con dise\u00f1o offset, de 5.5\", con tornillo regulable.","og_url":"https:\/\/www.cuchillalia.com\/producto\/kai-excelia-eo-55-os-tijeras-peluqueria-corte-offset\/","og_site_name":"Cuchillalia.com","article_publisher":"http:\/\/www.facebook.com\/cuchillalia","article_modified_time":"2025-08-13T10:54:32+00:00","og_image":[{"width":1600,"height":1600,"url":"https:\/\/www.cuchillalia.com\/wordpress\/wp-content\/uploads\/2020\/10\/kai-excelia-offset-eo-55-os-tijeras-peluqueria-corte-cuchillalia.jpg","type":"image\/jpeg"}],"twitter_card":"summary_large_image","twitter_site":"@Cuchillalia","twitter_misc":{"Est. reading time":"1 minute"},"schema":{"@context":"https:\/\/schema.org","@graph":[{"@type":"WebPage","@id":"https:\/\/www.cuchillalia.com\/producto\/kai-excelia-eo-55-os-tijeras-peluqueria-corte-offset\/","url":"https:\/\/www.cuchillalia.com\/producto\/kai-excelia-eo-55-os-tijeras-peluqueria-corte-offset\/","name":"KAI Excelia EO-55 OS Tijeras de peluquer\u00eda de corte de 5,5\" offset","isPartOf":{"@id":"https:\/\/www.cuchillalia.com\/#website"},"primaryImageOfPage":{"@id":"https:\/\/www.cuchillalia.com\/producto\/kai-excelia-eo-55-os-tijeras-peluqueria-corte-offset\/#primaryimage"},"image":{"@id":"https:\/\/www.cuchillalia.com\/producto\/kai-excelia-eo-55-os-tijeras-peluqueria-corte-offset\/#primaryimage"},"thumbnailUrl":"https:\/\/www.cuchillalia.com\/wordpress\/wp-content\/uploads\/2020\/10\/kai-excelia-offset-eo-55-os-tijeras-peluqueria-corte-cuchillalia.jpg","datePublished":"2020-10-28T08:52:50+00:00","dateModified":"2025-08-13T10:54:32+00:00","description":"Tijeras de peluquer\u00eda de corte, fabricadas en Jap\u00f3n por KAI, con dise\u00f1o offset, de 5.5\", con tornillo regulable.","breadcrumb":{"@id":"https:\/\/www.cuchillalia.com\/producto\/kai-excelia-eo-55-os-tijeras-peluqueria-corte-offset\/#breadcrumb"},"inLanguage":"en-US","potentialAction":[{"@type":"ReadAction","target":["https:\/\/www.cuchillalia.com\/producto\/kai-excelia-eo-55-os-tijeras-peluqueria-corte-offset\/"]}]},{"@type":"ImageObject","inLanguage":"en-US","@id":"https:\/\/www.cuchillalia.com\/producto\/kai-excelia-eo-55-os-tijeras-peluqueria-corte-offset\/#primaryimage","url":"https:\/\/www.cuchillalia.com\/wordpress\/wp-content\/uploads\/2020\/10\/kai-excelia-offset-eo-55-os-tijeras-peluqueria-corte-cuchillalia.jpg","contentUrl":"https:\/\/www.cuchillalia.com\/wordpress\/wp-content\/uploads\/2020\/10\/kai-excelia-offset-eo-55-os-tijeras-peluqueria-corte-cuchillalia.jpg","width":1600,"height":1600,"caption":"KAI Excelia EO-55 OS Tijeras de peluquer\u00eda de corte de 5,5\" offset"},{"@type":"BreadcrumbList","@id":"https:\/\/www.cuchillalia.com\/producto\/kai-excelia-eo-55-os-tijeras-peluqueria-corte-offset\/#breadcrumb","itemListElement":[{"@type":"ListItem","position":1,"name":"Cuchillalia","item":"https:\/\/www.cuchillalia.com\/en\/"},{"@type":"ListItem","position":2,"name":"Tienda","item":"https:\/\/www.cuchillalia.com\/tienda\/"},{"@type":"ListItem","position":3,"name":"Marcas","item":"https:\/\/www.cuchillalia.com\/categoria\/marcas\/"},{"@type":"ListItem","position":4,"name":"KAI","item":"https:\/\/www.cuchillalia.com\/categoria\/marcas\/kai\/"},{"@type":"ListItem","position":5,"name":"Tijeras de peluquer\u00eda KAI","item":"https:\/\/www.cuchillalia.com\/categoria\/marcas\/kai\/tijeras-peluqueria\/"},{"@type":"ListItem","position":6,"name":"KAI Excelia EO-55 OS Tijeras de peluquer\u00eda de corte de 5,5&#8243; offset"}]},{"@type":"WebSite","@id":"https:\/\/www.cuchillalia.com\/#website","url":"https:\/\/www.cuchillalia.com\/","name":"Cuchillalia.com","description":"","publisher":{"@id":"https:\/\/www.cuchillalia.com\/#organization"},"potentialAction":[{"@type":"SearchAction","target":{"@type":"EntryPoint","urlTemplate":"https:\/\/www.cuchillalia.com\/?s={search_term_string}"},"query-input":{"@type":"PropertyValueSpecification","valueRequired":true,"valueName":"search_term_string"}}],"inLanguage":"en-US"},{"@type":"Organization","@id":"https:\/\/www.cuchillalia.com\/#organization","name":"Cuchillalia","url":"https:\/\/www.cuchillalia.com\/","logo":{"@type":"ImageObject","inLanguage":"en-US","@id":"https:\/\/www.cuchillalia.com\/#\/schema\/logo\/image\/","url":"https:\/\/www.cuchillalia.com\/wordpress\/wp-content\/uploads\/2021\/03\/logo-cuchillalia-jpg.jpg","contentUrl":"https:\/\/www.cuchillalia.com\/wordpress\/wp-content\/uploads\/2021\/03\/logo-cuchillalia-jpg.jpg","width":276,"height":192,"caption":"Cuchillalia"},"image":{"@id":"https:\/\/www.cuchillalia.com\/#\/schema\/logo\/image\/"},"sameAs":["http:\/\/www.facebook.com\/cuchillalia","https:\/\/x.com\/Cuchillalia"]}]}},"_links":{"self":[{"href":"https:\/\/www.cuchillalia.com\/en\/wp-json\/wp\/v2\/product\/130787","targetHints":{"allow":["GET"]}}],"collection":[{"href":"https:\/\/www.cuchillalia.com\/en\/wp-json\/wp\/v2\/product"}],"about":[{"href":"https:\/\/www.cuchillalia.com\/en\/wp-json\/wp\/v2\/types\/product"}],"replies":[{"embeddable":true,"href":"https:\/\/www.cuchillalia.com\/en\/wp-json\/wp\/v2\/comments?post=130787"}],"wp:featuredmedia":[{"embeddable":true,"href":"https:\/\/www.cuchillalia.com\/en\/wp-json\/wp\/v2\/media\/130792"}],"wp:attachment":[{"href":"https:\/\/www.cuchillalia.com\/en\/wp-json\/wp\/v2\/media?parent=130787"}],"wp:term":[{"taxonomy":"product_brand","embeddable":true,"href":"https:\/\/www.cuchillalia.com\/en\/wp-json\/wp\/v2\/product_brand?post=130787"},{"taxonomy":"product_cat","embeddable":true,"href":"https:\/\/www.cuchillalia.com\/en\/wp-json\/wp\/v2\/product_cat?post=130787"},{"taxonomy":"product_tag","embeddable":true,"href":"https:\/\/www.cuchillalia.com\/en\/wp-json\/wp\/v2\/product_tag?post=130787"}],"curies":[{"name":"wp","href":"https:\/\/api.w.org\/{rel}","templated":true}]}}