{"id":12766,"date":"2016-10-20T13:43:40","date_gmt":"2016-10-20T11:43:40","guid":{"rendered":"https:\/\/www.cuchillalia.com\/tienda\/piedra-para-rectificar-piedras-afilar-wusthof-4454\/"},"modified":"2026-05-17T02:52:29","modified_gmt":"2026-05-17T00:52:29","slug":"piedra-para-rectificar-piedras-afilar-wusthof-3189721301","status":"publish","type":"product","link":"https:\/\/www.cuchillalia.com\/en\/producto\/piedra-para-rectificar-piedras-afilar-wusthof-3189721301\/","title":{"rendered":"Piedra para rectificar piedras de afilar &#8211; W\u00fcsthof 3189721301"},"content":{"rendered":"<h2>Tabla de caracter\u00edsticas piedra para rectificar W\u00fcsthof<\/h2>\n<div class='tabla-caracteristicas'>\n<div class='fila'><span class='etiqueta'>Nombre comercial:<\/span><span class='valor'><strong>Piedra para rectificar piedras de afilado<\/strong><\/span><\/div>\n<div class='fila'><span class='etiqueta'>Fabricante:<\/span><span class='valor'>W\u00fcsthof<\/span><\/div>\n<div class='fila'><span class='etiqueta'>Referencia del fabricante:<\/span><span class='valor'>3189721301<\/span><\/div>\n<div class='fila'><span class='etiqueta'>Medidas:<\/span><span class='valor'>10x5x3 cm<\/span><\/div>\n<div class='fila'><span class='etiqueta'>Material:<\/span><span class='valor'>Piedra<\/span><\/div>\n<div class='fila'><span class='etiqueta'>Peso del producto:<\/span><span class='valor'>290 g<\/span><\/div>\n<div class='fila'><span class='etiqueta'>Presentaci\u00f3n del producto:<\/span><span class='valor'>Caja<\/span><\/div>\n<div class='fila'><span class='etiqueta'>C\u00f3digo de barras (GTIN):<\/span><span class='valor'>4002293116921<\/span><\/div>\n<div class='fila'><span class='etiqueta'>Observaciones:<\/span><span class='valor'>&#8211; Antigua referencia W\u00fcsthof 4454<\/span><\/div>\n<\/div>\n<h3>Alternativas a la piedra para rectificar W\u00fcsthof<\/h3>\n<p>En Cuchillalia.com tenemos tambi\u00e9n otras opciones para rectificar las piedras:<br \/>\n<div class=\"woocommerce columns-4 \"><ul class=\"products kad_product_wrapper rowtight shopcolumn4 shopfullwidth init-isotope-intrinsic kt-show-rating  reinit-isotope\" data-nextselector=\".woocommerce-pagination a.next\" data-navselector=\".woocommerce-pagination\" data-itemselector=\".kad_product\" data-itemloadselector=\".kt_item_fade_in\" data-iso-selector=\".kad_product\" data-iso-style=\"fitRows\" data-iso-filter=\"true\">\n<li class=\"product type-product post-151251 status-publish first instock product_cat-afilado-miyabi product_cat-piedras-afilar has-post-thumbnail taxable shipping-taxable purchasable product-type-simple col-xxl-2 col-xl-25 col-md-3 col-sm-4 col-xs-6 col-ss-6 afilado-miyabi piedras-afilar kad_product\">\n\t<div class=\"grid_item product_item clearfix kt_item_fade_in\"><a href=\"https:\/\/www.cuchillalia.com\/en\/producto\/miyabi-34536-000-kit-basico-afilar-cuchillos\/\" class=\"product_item_link product_img_link\"><div class=\"kad-product-noflipper kt-product-hardcrop kt-product-intrinsic\" style=\"padding-bottom:100%;\"><div class=\"kt-product-animation-contain\"><img decoding=\"async\" src=\"https:\/\/www.cuchillalia.com\/wordpress\/wp-content\/uploads\/2021\/04\/cuchillalia-miyabi-34536-005-kit-afilado-basico-300x300.jpg\" srcset=\"https:\/\/www.cuchillalia.com\/wordpress\/wp-content\/uploads\/2021\/04\/cuchillalia-miyabi-34536-005-kit-afilado-basico-300x300.jpg 300w, https:\/\/www.cuchillalia.com\/wordpress\/wp-content\/uploads\/2021\/04\/cuchillalia-miyabi-34536-005-kit-afilado-basico-200x200.jpg 200w, https:\/\/www.cuchillalia.com\/wordpress\/wp-content\/uploads\/2021\/04\/cuchillalia-miyabi-34536-005-kit-afilado-basico-100x100.jpg 100w, https:\/\/www.cuchillalia.com\/wordpress\/wp-content\/uploads\/2021\/04\/cuchillalia-miyabi-34536-005-kit-afilado-basico-566x566.jpg 566w, https:\/\/www.cuchillalia.com\/wordpress\/wp-content\/uploads\/2021\/04\/cuchillalia-miyabi-34536-005-kit-afilado-basico-1024x1024.jpg 1024w, https:\/\/www.cuchillalia.com\/wordpress\/wp-content\/uploads\/2021\/04\/cuchillalia-miyabi-34536-005-kit-afilado-basico-150x150.jpg 150w, https:\/\/www.cuchillalia.com\/wordpress\/wp-content\/uploads\/2021\/04\/cuchillalia-miyabi-34536-005-kit-afilado-basico-768x768.jpg 768w, https:\/\/www.cuchillalia.com\/wordpress\/wp-content\/uploads\/2021\/04\/cuchillalia-miyabi-34536-005-kit-afilado-basico-1536x1536.jpg 1536w, https:\/\/www.cuchillalia.com\/wordpress\/wp-content\/uploads\/2021\/04\/cuchillalia-miyabi-34536-005-kit-afilado-basico-2048x2048.jpg 2048w, https:\/\/www.cuchillalia.com\/wordpress\/wp-content\/uploads\/2021\/04\/cuchillalia-miyabi-34536-005-kit-afilado-basico-720x720.jpg 720w, https:\/\/www.cuchillalia.com\/wordpress\/wp-content\/uploads\/2021\/04\/cuchillalia-miyabi-34536-005-kit-afilado-basico-360x360.jpg 360w, https:\/\/www.cuchillalia.com\/wordpress\/wp-content\/uploads\/2021\/04\/cuchillalia-miyabi-34536-005-kit-afilado-basico-600x600.jpg 600w, https:\/\/www.cuchillalia.com\/wordpress\/wp-content\/uploads\/2021\/04\/cuchillalia-miyabi-34536-005-kit-afilado-basico-800x800.jpg 800w, https:\/\/www.cuchillalia.com\/wordpress\/wp-content\/uploads\/2021\/04\/cuchillalia-miyabi-34536-005-kit-afilado-basico-400x400.jpg 400w, https:\/\/www.cuchillalia.com\/wordpress\/wp-content\/uploads\/2021\/04\/cuchillalia-miyabi-34536-005-kit-afilado-basico.jpg 1600w\" sizes=\"(max-width: 300px) 100vw, 300px\"  alt=\"Base para afilado y piedra de rectificar para piedras de afilar japonesas Miyabi 34536-005\" width=\"300\" height=\"300\" class=\"attachment-shop_catalog wp-post-image size-300x300\"><\/div><\/div><\/a> \n\n\t<div class=\"details_product_item\"><div class=\"product_details\"><a href=\"https:\/\/www.cuchillalia.com\/en\/producto\/miyabi-34536-000-kit-basico-afilar-cuchillos\/\" class=\"product_item_link\"><h3 class=\"product_archive_title\">Kit b\u00e1sico para piedras de afilar cuchillos &#8211; Miyabi 34536-000<\/h3><\/a><\/div>\t\t\n\t<a href=\"https:\/\/www.cuchillalia.com\/en\/producto\/miyabi-34536-000-kit-basico-afilar-cuchillos\/\"><span class=\"kt-notrated\">not rated<\/span><\/a>\n\t<span class=\"price\"><span class=\"woocommerce-Price-amount amount\"><bdi>72,95<span class=\"woocommerce-Price-currencySymbol\">&euro;<\/span><\/bdi><\/span><\/span>\n<div class=\"clearfix\"><\/div><\/div>\n\t<div class=\"product_action_wrap\"><a href=\"\/en\/wp-json\/wp\/v2\/product\/12766?add-to-cart=151251\" aria-describedby=\"woocommerce_loop_add_to_cart_link_describedby_151251\" data-quantity=\"1\" class=\"button product_type_simple add_to_cart_button ajax_add_to_cart\" data-product_id=\"151251\" data-product_sku=\"MI_34536-000\" aria-label=\"Add to cart: &ldquo;Kit b\u00e1sico para piedras de afilar cuchillos - Miyabi 34536-000&rdquo;\" rel=\"nofollow\" data-success_message=\"&ldquo;Kit b\u00e1sico para piedras de afilar cuchillos - Miyabi 34536-000&rdquo; has been added to your cart\" role=\"button\">Add to cart<\/a>\t<span id=\"woocommerce_loop_add_to_cart_link_describedby_151251\" class=\"screen-reader-text\">\n\t\t\t<\/span>\n\t\t\t<input type=\"hidden\" class=\"pmwProductId\" data-id=\"151251\">\n\t\t\t\t\t<script>\n\t\t\t(window.pmwDataLayer = window.pmwDataLayer || {}).products                = window.pmwDataLayer.products || {};\n\t\t\twindow.pmwDataLayer.products[151251] = {\"id\":\"151251\",\"sku\":\"MI_34536-000\",\"price\":72.950000000000003,\"brand\":\"\",\"quantity\":1,\"dyn_r_ids\":{\"post_id\":\"151251\",\"sku\":\"MI_34536-000\",\"gpf\":\"woocommerce_gpf_151251\",\"gla\":\"gla_151251\"},\"is_variable\":false,\"type\":\"simple\",\"name\":\"Kit b\u00e1sico para piedras de afilar cuchillos - Miyabi 34536-000\",\"category\":[\"Afilado Miyabi\",\"Piedras para afilar cuchillos\"],\"is_variation\":false};\n\t\t\t\t\twindow.pmw_product_position = window.pmw_product_position || 1;\n\t\twindow.pmwDataLayer.products[151251]['position'] = window.pmw_product_position++;\n\t\t\t\t<\/script>\n\t\t<\/div><\/div><\/li><\/ul>\n<\/div>\n","protected":false},"excerpt":{"rendered":"<p><strong>Piedra para rectificar <a href=\"https:\/\/www.cuchillalia.com\/categoria\/accesorios-cuchillos\/piedras-afilar\/\">piedras de afilar<\/a><\/strong>, fabricada por <strong>W\u00fcsthof<\/strong>, referencia 3189721301 (antigua 4454)\u00a0de 10x5x3 cm.&hellip; <a class=\"kt-excerpt-readmore more-link\" href=\"https:\/\/www.cuchillalia.com\/en\/producto\/piedra-para-rectificar-piedras-afilar-wusthof-3189721301\/\" aria-label=\"Piedra para rectificar piedras de afilar &#8211; W\u00fcsthof 3189721301\">Read More<\/a><\/p>\n","protected":false},"featured_media":35242,"comment_status":"open","ping_status":"closed","template":"","meta":[],"product_brand":[],"product_cat":[8418,8329],"product_tag":[],"class_list":{"0":"post-12766","1":"product","2":"type-product","3":"status-publish","4":"has-post-thumbnail","6":"product_cat-accesorios-wusthof","7":"product_cat-piedras-afilar","9":"first","10":"instock","11":"taxable","12":"shipping-taxable","13":"purchasable","14":"product-type-simple"},"yoast_head":"<!-- This site is optimized with the Yoast SEO plugin v27.5 - https:\/\/yoast.com\/product\/yoast-seo-wordpress\/ -->\n<title>Piedra para rectificar piedras de afilar - W\u00fcsthof - Cuchillalia.com<\/title>\n<meta name=\"robots\" content=\"index, follow, max-snippet:-1, max-image-preview:large, max-video-preview:-1\" \/>\n<link rel=\"canonical\" href=\"https:\/\/www.cuchillalia.com\/producto\/piedra-para-rectificar-piedras-afilar-wusthof-3189721301\/\" \/>\n<meta property=\"og:locale\" content=\"en_US\" \/>\n<meta property=\"og:type\" content=\"article\" \/>\n<meta property=\"og:title\" content=\"Piedra para rectificar piedras de afilar - W\u00fcsthof - Cuchillalia.com\" \/>\n<meta property=\"og:description\" content=\"Piedra para rectificar piedras de afilar, fabricada por W\u00fcsthof, referencia 3189721301 (antigua 4454)\u00a0de 10x5x3 cm.&hellip; Read More\" \/>\n<meta property=\"og:url\" content=\"https:\/\/www.cuchillalia.com\/producto\/piedra-para-rectificar-piedras-afilar-wusthof-3189721301\/\" \/>\n<meta property=\"og:site_name\" content=\"Cuchillalia.com\" \/>\n<meta property=\"article:publisher\" content=\"http:\/\/www.facebook.com\/cuchillalia\" \/>\n<meta property=\"article:modified_time\" content=\"2026-05-17T00:52:29+00:00\" \/>\n<meta property=\"og:image\" content=\"https:\/\/www.cuchillalia.com\/wordpress\/wp-content\/uploads\/2016\/10\/wusthof-4454-piedra-rectificar-cuchillalia.jpg\" \/>\n\t<meta property=\"og:image:width\" content=\"1280\" \/>\n\t<meta property=\"og:image:height\" content=\"1280\" \/>\n\t<meta property=\"og:image:type\" content=\"image\/jpeg\" \/>\n<meta name=\"twitter:card\" content=\"summary_large_image\" \/>\n<meta name=\"twitter:site\" content=\"@Cuchillalia\" \/>\n<meta name=\"twitter:label1\" content=\"Est. reading time\" \/>\n\t<meta name=\"twitter:data1\" content=\"1 minute\" \/>\n<!-- \/ Yoast SEO plugin. -->","yoast_head_json":{"title":"Piedra para rectificar piedras de afilar - W\u00fcsthof - Cuchillalia.com","robots":{"index":"index","follow":"follow","max-snippet":"max-snippet:-1","max-image-preview":"max-image-preview:large","max-video-preview":"max-video-preview:-1"},"canonical":"https:\/\/www.cuchillalia.com\/producto\/piedra-para-rectificar-piedras-afilar-wusthof-3189721301\/","og_locale":"en_US","og_type":"article","og_title":"Piedra para rectificar piedras de afilar - W\u00fcsthof - Cuchillalia.com","og_description":"Piedra para rectificar piedras de afilar, fabricada por W\u00fcsthof, referencia 3189721301 (antigua 4454)\u00a0de 10x5x3 cm.&hellip; Read More","og_url":"https:\/\/www.cuchillalia.com\/producto\/piedra-para-rectificar-piedras-afilar-wusthof-3189721301\/","og_site_name":"Cuchillalia.com","article_publisher":"http:\/\/www.facebook.com\/cuchillalia","article_modified_time":"2026-05-17T00:52:29+00:00","og_image":[{"width":1280,"height":1280,"url":"https:\/\/www.cuchillalia.com\/wordpress\/wp-content\/uploads\/2016\/10\/wusthof-4454-piedra-rectificar-cuchillalia.jpg","type":"image\/jpeg"}],"twitter_card":"summary_large_image","twitter_site":"@Cuchillalia","twitter_misc":{"Est. reading time":"1 minute"},"schema":{"@context":"https:\/\/schema.org","@graph":[{"@type":"WebPage","@id":"https:\/\/www.cuchillalia.com\/producto\/piedra-para-rectificar-piedras-afilar-wusthof-3189721301\/","url":"https:\/\/www.cuchillalia.com\/producto\/piedra-para-rectificar-piedras-afilar-wusthof-3189721301\/","name":"Piedra para rectificar piedras de afilar - W\u00fcsthof - Cuchillalia.com","isPartOf":{"@id":"https:\/\/www.cuchillalia.com\/#website"},"primaryImageOfPage":{"@id":"https:\/\/www.cuchillalia.com\/producto\/piedra-para-rectificar-piedras-afilar-wusthof-3189721301\/#primaryimage"},"image":{"@id":"https:\/\/www.cuchillalia.com\/producto\/piedra-para-rectificar-piedras-afilar-wusthof-3189721301\/#primaryimage"},"thumbnailUrl":"https:\/\/www.cuchillalia.com\/wordpress\/wp-content\/uploads\/2016\/10\/wusthof-4454-piedra-rectificar-cuchillalia.jpg","datePublished":"2016-10-20T11:43:40+00:00","dateModified":"2026-05-17T00:52:29+00:00","breadcrumb":{"@id":"https:\/\/www.cuchillalia.com\/producto\/piedra-para-rectificar-piedras-afilar-wusthof-3189721301\/#breadcrumb"},"inLanguage":"en-US","potentialAction":[{"@type":"ReadAction","target":["https:\/\/www.cuchillalia.com\/producto\/piedra-para-rectificar-piedras-afilar-wusthof-3189721301\/"]}]},{"@type":"ImageObject","inLanguage":"en-US","@id":"https:\/\/www.cuchillalia.com\/producto\/piedra-para-rectificar-piedras-afilar-wusthof-3189721301\/#primaryimage","url":"https:\/\/www.cuchillalia.com\/wordpress\/wp-content\/uploads\/2016\/10\/wusthof-4454-piedra-rectificar-cuchillalia.jpg","contentUrl":"https:\/\/www.cuchillalia.com\/wordpress\/wp-content\/uploads\/2016\/10\/wusthof-4454-piedra-rectificar-cuchillalia.jpg","width":1280,"height":1280,"caption":"Piedra de rectificar piedras de afilado - W\u00fcsthof 4454 - Cuchillalia"},{"@type":"BreadcrumbList","@id":"https:\/\/www.cuchillalia.com\/producto\/piedra-para-rectificar-piedras-afilar-wusthof-3189721301\/#breadcrumb","itemListElement":[{"@type":"ListItem","position":1,"name":"Cuchillalia","item":"https:\/\/www.cuchillalia.com\/en\/"},{"@type":"ListItem","position":2,"name":"Tienda","item":"https:\/\/www.cuchillalia.com\/tienda\/"},{"@type":"ListItem","position":3,"name":"Accesorios para cuchillos","item":"https:\/\/www.cuchillalia.com\/categoria\/accesorios-cuchillos\/"},{"@type":"ListItem","position":4,"name":"Piedras para afilar cuchillos","item":"https:\/\/www.cuchillalia.com\/categoria\/accesorios-cuchillos\/piedras-afilar\/"},{"@type":"ListItem","position":5,"name":"Piedra para rectificar piedras de afilar &#8211; W\u00fcsthof 3189721301"}]},{"@type":"WebSite","@id":"https:\/\/www.cuchillalia.com\/#website","url":"https:\/\/www.cuchillalia.com\/","name":"Cuchillalia.com","description":"","publisher":{"@id":"https:\/\/www.cuchillalia.com\/#organization"},"potentialAction":[{"@type":"SearchAction","target":{"@type":"EntryPoint","urlTemplate":"https:\/\/www.cuchillalia.com\/?s={search_term_string}"},"query-input":{"@type":"PropertyValueSpecification","valueRequired":true,"valueName":"search_term_string"}}],"inLanguage":"en-US"},{"@type":"Organization","@id":"https:\/\/www.cuchillalia.com\/#organization","name":"Cuchillalia","url":"https:\/\/www.cuchillalia.com\/","logo":{"@type":"ImageObject","inLanguage":"en-US","@id":"https:\/\/www.cuchillalia.com\/#\/schema\/logo\/image\/","url":"https:\/\/www.cuchillalia.com\/wordpress\/wp-content\/uploads\/2021\/03\/logo-cuchillalia-jpg.jpg","contentUrl":"https:\/\/www.cuchillalia.com\/wordpress\/wp-content\/uploads\/2021\/03\/logo-cuchillalia-jpg.jpg","width":276,"height":192,"caption":"Cuchillalia"},"image":{"@id":"https:\/\/www.cuchillalia.com\/#\/schema\/logo\/image\/"},"sameAs":["http:\/\/www.facebook.com\/cuchillalia","https:\/\/x.com\/Cuchillalia"]}]}},"_links":{"self":[{"href":"https:\/\/www.cuchillalia.com\/en\/wp-json\/wp\/v2\/product\/12766","targetHints":{"allow":["GET"]}}],"collection":[{"href":"https:\/\/www.cuchillalia.com\/en\/wp-json\/wp\/v2\/product"}],"about":[{"href":"https:\/\/www.cuchillalia.com\/en\/wp-json\/wp\/v2\/types\/product"}],"replies":[{"embeddable":true,"href":"https:\/\/www.cuchillalia.com\/en\/wp-json\/wp\/v2\/comments?post=12766"}],"wp:featuredmedia":[{"embeddable":true,"href":"https:\/\/www.cuchillalia.com\/en\/wp-json\/wp\/v2\/media\/35242"}],"wp:attachment":[{"href":"https:\/\/www.cuchillalia.com\/en\/wp-json\/wp\/v2\/media?parent=12766"}],"wp:term":[{"taxonomy":"product_brand","embeddable":true,"href":"https:\/\/www.cuchillalia.com\/en\/wp-json\/wp\/v2\/product_brand?post=12766"},{"taxonomy":"product_cat","embeddable":true,"href":"https:\/\/www.cuchillalia.com\/en\/wp-json\/wp\/v2\/product_cat?post=12766"},{"taxonomy":"product_tag","embeddable":true,"href":"https:\/\/www.cuchillalia.com\/en\/wp-json\/wp\/v2\/product_tag?post=12766"}],"curies":[{"name":"wp","href":"https:\/\/api.w.org\/{rel}","templated":true}]}}