{"id":11936,"date":"2016-10-05T00:54:55","date_gmt":"2016-10-04T22:54:55","guid":{"rendered":"http:\/\/www.cuchillalia.com\/tienda\/arcos-universal-281901-cuchillo-jamonero-alveolado-280mm\/"},"modified":"2026-04-13T10:43:04","modified_gmt":"2026-04-13T08:43:04","slug":"arcos-universal-281901-cuchillo-jamonero-alveolado-280mm","status":"publish","type":"product","link":"https:\/\/www.cuchillalia.com\/en\/producto\/arcos-universal-281901-cuchillo-jamonero-alveolado-280mm\/","title":{"rendered":"Cuchillo jamonero alveolado de 28 cm &#8211; Arcos Universal 281901"},"content":{"rendered":"<h2>Tabla de caracter\u00edsticas Cuchillo Jamonero Alveolado 28 cm Arcos Universal 281901<\/h2>\n<div class='tabla-caracteristicas'>\n<div class='fila'><span class='etiqueta'>Nombre comercial:<\/span><span class='valor'><strong>Jamonero 280 mm<\/strong><\/span><\/div>\n<div class='fila'><span class='etiqueta'>Fabricante:<\/span><span class='valor'>Arcos<\/span><\/div>\n<div class='fila'><span class='etiqueta'>Referencia del fabricante:<\/span><span class='valor'>281901<\/span><\/div>\n<div class='fila'><span class='etiqueta'>Longitud de la hoja:<\/span><span class='valor'>28 cm<\/span><\/div>\n<div class='fila'><span class='etiqueta'>Material de la hoja:<\/span><span class='valor'>Acero inoxidable Nitrum\u00ae<\/span><\/div>\n<div class='fila'><span class='etiqueta'>Material del mango:<\/span><span class='valor'>POM (polioximetileno) de color negro<\/span><\/div>\n<div class='fila'><span class='etiqueta'>Tipo de mango:<\/span><span class='valor'>Cachas de POM con 3 remaches<\/span><\/div>\n<div class='fila'><span class='etiqueta'>\u00bfEs apto para zurdos?:<\/span><span class='valor'>Para diestros y zurdos<\/span><\/div>\n<div class='fila'><span class='etiqueta'>Presentaci\u00f3n del producto:<\/span><span class='valor'>Estuche de pl\u00e1stico<\/span><\/div>\n<div class='fila'><span class='etiqueta'>\u00bfDonde se fabrica?:<\/span><span class='valor'>Albacete &#8211; Espa\u00f1a<\/span><\/div>\n<div class='fila'><span class='etiqueta'>\u00bfQu\u00e9 garant\u00eda tiene?:<\/span><span class='valor'>10 a\u00f1os contra todo defecto de fabricaci\u00f3n, siempre que del producto se haga un uso racional para el cual ha sido fabricado.<\/span><\/div>\n<div class='fila'><span class='etiqueta'>C\u00f3digo de barras (GTIN):<\/span><span class='valor'>8421002281914<\/span><\/div>\n<div class='fila'><span class='etiqueta'>Observaciones:<\/span><span class='valor'>&#8211; Acero Nitrum: F\u00f3rmula exclusiva de acero al nitr\u00f3geno que proporciona m\u00e1s dureza, mayor corte y aumenta durabilidad del filo.<br \/>\n&#8211; Cachas de los mangos de Polioximetileno (POM), resistentes desde -40\u00baC hasta 150\u00baC.<br \/>\n&#8211; Dise\u00f1o de corte cl\u00e1sico.<br \/>\n&#8211; Remaches machihembrados de acero inoxidable, de gran resistencia.<\/span><\/div>\n<\/div>\n<p>&nbsp;<\/p>\n<p>Si este cuchillo no se ajusta a lo que necesitas, puedes visitar nuestra recopilaci\u00f3n de <strong><a href='https:\/\/www.cuchillalia.com\/categoria\/cuchillos\/jamoneros\/'>cuchillos jamoneros<\/a><\/strong> en Cuchillalia donde seguro encontrar\u00e1s el cuchillo jamonero que buscas.<\/p>\n<h2>Accesorios para el corte del jam\u00f3n<\/h2>\n<p>Despu\u00e9s de elegir tu cuchillo te recomendamos que pases por nuestro cat\u00e1logo de <strong><a href='https:\/\/www.cuchillalia.com\/categoria\/accesorios-cuchillos\/soportes-jamoneros\/'>soportes jamoneros<\/a><\/strong> o de <strong><a href='https:\/\/www.cuchillalia.com\/categoria\/accesorios-cuchillos\/pinzas-jamon-pescado-emplatar\/filtros\/uso\/jamon\/'>pinzas para el jam\u00f3n<\/a><\/strong>.<\/p>\n<p>Adem\u00e1s del <strong>cuchillo de jamonero<\/strong>, se recomienda tener tambi\u00e9n un <a href='https:\/\/www.cuchillalia.com\/categoria\/cuchillos\/deshuesadores\/'><strong>cuchillo deshuesador<\/strong><\/a> para limpiar las zonas cercanas al hueso y <strong><a href='https:\/\/www.cuchillalia.com\/categoria\/cuchillos\/carniceros\/filtros\/largo\/hasta-20\/' rel='nofollow'>un cuchillo carnicero corto<\/a><\/strong> para retirar la piel.<\/p>\n","protected":false},"excerpt":{"rendered":"<p><strong>Cuchillo jamonero alveolado<\/strong> de 28 cm de hoja, <strong>Arcos 281901<\/strong>\u00a0de la serie <strong>Universal<\/strong>, con hoja\u00a0de <strong>acero inoxidable Nitrum\u00ae<\/strong> y mango de <strong>POM (Polioximetileno)<\/strong>.&hellip; <a class=\"kt-excerpt-readmore more-link\" href=\"https:\/\/www.cuchillalia.com\/en\/producto\/arcos-universal-281901-cuchillo-jamonero-alveolado-280mm\/\" aria-label=\"Cuchillo jamonero alveolado de 28 cm &#8211; Arcos Universal 281901\">Read More<\/a><\/p>\n","protected":false},"featured_media":11932,"comment_status":"open","ping_status":"closed","template":"","meta":[],"product_brand":[],"product_cat":[8293,8362],"product_tag":[],"class_list":{"0":"post-11936","1":"product","2":"type-product","3":"status-publish","4":"has-post-thumbnail","6":"product_cat-jamoneros","7":"product_cat-universal","9":"first","10":"instock","11":"taxable","12":"shipping-taxable","13":"purchasable","14":"product-type-simple"},"yoast_head":"<!-- This site is optimized with the Yoast SEO plugin v27.5 - https:\/\/yoast.com\/product\/yoast-seo-wordpress\/ -->\n<title>Cuchillo Jamonero Alveolado 28cm Arcos Universal 281901 Cuchillalia<\/title>\n<meta name=\"robots\" content=\"index, follow, max-snippet:-1, max-image-preview:large, max-video-preview:-1\" \/>\n<link rel=\"canonical\" href=\"https:\/\/www.cuchillalia.com\/producto\/arcos-universal-281901-cuchillo-jamonero-alveolado-280mm\/\" \/>\n<meta property=\"og:locale\" content=\"en_US\" \/>\n<meta property=\"og:type\" content=\"article\" \/>\n<meta property=\"og:title\" content=\"Cuchillo Jamonero Alveolado 28cm Arcos Universal 281901 Cuchillalia\" \/>\n<meta property=\"og:description\" content=\"Cuchillo jamonero alveolado de 28 cm de hoja, Arcos 281901\u00a0de la serie Universal, con hoja\u00a0de acero inoxidable Nitrum\u00ae y mango de POM (Polioximetileno).&hellip; Read More\" \/>\n<meta property=\"og:url\" content=\"https:\/\/www.cuchillalia.com\/producto\/arcos-universal-281901-cuchillo-jamonero-alveolado-280mm\/\" \/>\n<meta property=\"og:site_name\" content=\"Cuchillalia.com\" \/>\n<meta property=\"article:publisher\" content=\"http:\/\/www.facebook.com\/cuchillalia\" \/>\n<meta property=\"article:modified_time\" content=\"2026-04-13T08:43:04+00:00\" \/>\n<meta property=\"og:image\" content=\"https:\/\/www.cuchillalia.com\/wordpress\/wp-content\/uploads\/2016\/10\/cuchillalia-arcos-universal-281901-cuchillo-jamonero-alveolado-280mm.jpg\" \/>\n\t<meta property=\"og:image:width\" content=\"1600\" \/>\n\t<meta property=\"og:image:height\" content=\"1600\" \/>\n\t<meta property=\"og:image:type\" content=\"image\/jpeg\" \/>\n<meta name=\"twitter:card\" content=\"summary_large_image\" \/>\n<meta name=\"twitter:site\" content=\"@Cuchillalia\" \/>\n<meta name=\"twitter:label1\" content=\"Est. reading time\" \/>\n\t<meta name=\"twitter:data1\" content=\"2 minutes\" \/>\n<!-- \/ Yoast SEO plugin. -->","yoast_head_json":{"title":"Cuchillo Jamonero Alveolado 28cm Arcos Universal 281901 Cuchillalia","robots":{"index":"index","follow":"follow","max-snippet":"max-snippet:-1","max-image-preview":"max-image-preview:large","max-video-preview":"max-video-preview:-1"},"canonical":"https:\/\/www.cuchillalia.com\/producto\/arcos-universal-281901-cuchillo-jamonero-alveolado-280mm\/","og_locale":"en_US","og_type":"article","og_title":"Cuchillo Jamonero Alveolado 28cm Arcos Universal 281901 Cuchillalia","og_description":"Cuchillo jamonero alveolado de 28 cm de hoja, Arcos 281901\u00a0de la serie Universal, con hoja\u00a0de acero inoxidable Nitrum\u00ae y mango de POM (Polioximetileno).&hellip; Read More","og_url":"https:\/\/www.cuchillalia.com\/producto\/arcos-universal-281901-cuchillo-jamonero-alveolado-280mm\/","og_site_name":"Cuchillalia.com","article_publisher":"http:\/\/www.facebook.com\/cuchillalia","article_modified_time":"2026-04-13T08:43:04+00:00","og_image":[{"width":1600,"height":1600,"url":"https:\/\/www.cuchillalia.com\/wordpress\/wp-content\/uploads\/2016\/10\/cuchillalia-arcos-universal-281901-cuchillo-jamonero-alveolado-280mm.jpg","type":"image\/jpeg"}],"twitter_card":"summary_large_image","twitter_site":"@Cuchillalia","twitter_misc":{"Est. reading time":"2 minutes"},"schema":{"@context":"https:\/\/schema.org","@graph":[{"@type":"WebPage","@id":"https:\/\/www.cuchillalia.com\/producto\/arcos-universal-281901-cuchillo-jamonero-alveolado-280mm\/","url":"https:\/\/www.cuchillalia.com\/producto\/arcos-universal-281901-cuchillo-jamonero-alveolado-280mm\/","name":"Cuchillo Jamonero Alveolado 28cm Arcos Universal 281901 Cuchillalia","isPartOf":{"@id":"https:\/\/www.cuchillalia.com\/#website"},"primaryImageOfPage":{"@id":"https:\/\/www.cuchillalia.com\/producto\/arcos-universal-281901-cuchillo-jamonero-alveolado-280mm\/#primaryimage"},"image":{"@id":"https:\/\/www.cuchillalia.com\/producto\/arcos-universal-281901-cuchillo-jamonero-alveolado-280mm\/#primaryimage"},"thumbnailUrl":"https:\/\/www.cuchillalia.com\/wordpress\/wp-content\/uploads\/2016\/10\/cuchillalia-arcos-universal-281901-cuchillo-jamonero-alveolado-280mm.jpg","datePublished":"2016-10-04T22:54:55+00:00","dateModified":"2026-04-13T08:43:04+00:00","breadcrumb":{"@id":"https:\/\/www.cuchillalia.com\/producto\/arcos-universal-281901-cuchillo-jamonero-alveolado-280mm\/#breadcrumb"},"inLanguage":"en-US","potentialAction":[{"@type":"ReadAction","target":["https:\/\/www.cuchillalia.com\/producto\/arcos-universal-281901-cuchillo-jamonero-alveolado-280mm\/"]}]},{"@type":"ImageObject","inLanguage":"en-US","@id":"https:\/\/www.cuchillalia.com\/producto\/arcos-universal-281901-cuchillo-jamonero-alveolado-280mm\/#primaryimage","url":"https:\/\/www.cuchillalia.com\/wordpress\/wp-content\/uploads\/2016\/10\/cuchillalia-arcos-universal-281901-cuchillo-jamonero-alveolado-280mm.jpg","contentUrl":"https:\/\/www.cuchillalia.com\/wordpress\/wp-content\/uploads\/2016\/10\/cuchillalia-arcos-universal-281901-cuchillo-jamonero-alveolado-280mm.jpg","width":1600,"height":1600,"caption":"Arcos 281901 - Cuchillo Jamonero Alveolado 28 cm - Cuchillalia"},{"@type":"BreadcrumbList","@id":"https:\/\/www.cuchillalia.com\/producto\/arcos-universal-281901-cuchillo-jamonero-alveolado-280mm\/#breadcrumb","itemListElement":[{"@type":"ListItem","position":1,"name":"Cuchillalia","item":"https:\/\/www.cuchillalia.com\/en\/"},{"@type":"ListItem","position":2,"name":"Tienda","item":"https:\/\/www.cuchillalia.com\/tienda\/"},{"@type":"ListItem","position":3,"name":"Cuchillos de cocina","item":"https:\/\/www.cuchillalia.com\/categoria\/cuchillos\/"},{"@type":"ListItem","position":4,"name":"Cuchillos jamoneros","item":"https:\/\/www.cuchillalia.com\/categoria\/cuchillos\/jamoneros\/"},{"@type":"ListItem","position":5,"name":"Cuchillo jamonero alveolado de 28 cm &#8211; Arcos Universal 281901"}]},{"@type":"WebSite","@id":"https:\/\/www.cuchillalia.com\/#website","url":"https:\/\/www.cuchillalia.com\/","name":"Cuchillalia.com","description":"","publisher":{"@id":"https:\/\/www.cuchillalia.com\/#organization"},"potentialAction":[{"@type":"SearchAction","target":{"@type":"EntryPoint","urlTemplate":"https:\/\/www.cuchillalia.com\/?s={search_term_string}"},"query-input":{"@type":"PropertyValueSpecification","valueRequired":true,"valueName":"search_term_string"}}],"inLanguage":"en-US"},{"@type":"Organization","@id":"https:\/\/www.cuchillalia.com\/#organization","name":"Cuchillalia","url":"https:\/\/www.cuchillalia.com\/","logo":{"@type":"ImageObject","inLanguage":"en-US","@id":"https:\/\/www.cuchillalia.com\/#\/schema\/logo\/image\/","url":"https:\/\/www.cuchillalia.com\/wordpress\/wp-content\/uploads\/2021\/03\/logo-cuchillalia-jpg.jpg","contentUrl":"https:\/\/www.cuchillalia.com\/wordpress\/wp-content\/uploads\/2021\/03\/logo-cuchillalia-jpg.jpg","width":276,"height":192,"caption":"Cuchillalia"},"image":{"@id":"https:\/\/www.cuchillalia.com\/#\/schema\/logo\/image\/"},"sameAs":["http:\/\/www.facebook.com\/cuchillalia","https:\/\/x.com\/Cuchillalia"]}]}},"_links":{"self":[{"href":"https:\/\/www.cuchillalia.com\/en\/wp-json\/wp\/v2\/product\/11936","targetHints":{"allow":["GET"]}}],"collection":[{"href":"https:\/\/www.cuchillalia.com\/en\/wp-json\/wp\/v2\/product"}],"about":[{"href":"https:\/\/www.cuchillalia.com\/en\/wp-json\/wp\/v2\/types\/product"}],"replies":[{"embeddable":true,"href":"https:\/\/www.cuchillalia.com\/en\/wp-json\/wp\/v2\/comments?post=11936"}],"wp:featuredmedia":[{"embeddable":true,"href":"https:\/\/www.cuchillalia.com\/en\/wp-json\/wp\/v2\/media\/11932"}],"wp:attachment":[{"href":"https:\/\/www.cuchillalia.com\/en\/wp-json\/wp\/v2\/media?parent=11936"}],"wp:term":[{"taxonomy":"product_brand","embeddable":true,"href":"https:\/\/www.cuchillalia.com\/en\/wp-json\/wp\/v2\/product_brand?post=11936"},{"taxonomy":"product_cat","embeddable":true,"href":"https:\/\/www.cuchillalia.com\/en\/wp-json\/wp\/v2\/product_cat?post=11936"},{"taxonomy":"product_tag","embeddable":true,"href":"https:\/\/www.cuchillalia.com\/en\/wp-json\/wp\/v2\/product_tag?post=11936"}],"curies":[{"name":"wp","href":"https:\/\/api.w.org\/{rel}","templated":true}]}}