{"id":116558,"date":"2020-05-22T22:18:40","date_gmt":"2020-05-22T20:18:40","guid":{"rendered":"https:\/\/www.cuchillalia.com\/?post_type=product&#038;p=116558"},"modified":"2026-03-20T01:38:51","modified_gmt":"2026-03-20T00:38:51","slug":"cocotte-hierro-fundido-24-cm-woll-rojo-chili-124ci-010","status":"publish","type":"product","link":"https:\/\/www.cuchillalia.com\/en\/producto\/cocotte-hierro-fundido-24-cm-woll-rojo-chili-124ci-010\/","title":{"rendered":"Cocotte redonda de hierro fundido de 24 cm Woll Rojo Chili 124CI-010"},"content":{"rendered":"<p>La <strong>cocotte de hierro fundido<\/strong> Woll Iron Chili de 24 cm es una pieza de cocina esencial para cocinar tus platos favoritos con estilo y calidad. Esta cocotte est\u00e1 fabricada con hierro fundido de alta calidad, lo que la convierte en una opci\u00f3n duradera y resistente. Tiene una capacidad de 3,5 litros y es adecuada para cualquier tipo de cocina, incluidos horno e inducci\u00f3n.<\/p>\n<p>Esta cocotte de Woll cuenta con un esmaltado exterior de alta calidad que le da un acabado brillante y resistente a los ara\u00f1azos. Adem\u00e1s, el esmaltado interior antiadherente permite una f\u00e1cil limpieza y una cocci\u00f3n saludable sin grasas.<\/p>\n<ul>\n<li>Cocotte de Hierro Fundido de alta calidad con capacidad de 3,5 litros.<\/li>\n<li>Fabricada en hierro fundido.<\/li>\n<li>Esmaltado exterior brillante y resistente a los ara\u00f1azos.<\/li>\n<li>Esmaltado interior antiadherente para una f\u00e1cil limpieza y cocci\u00f3n saludable sin grasas.<\/li>\n<li>Adecuada para cualquier tipo de cocina, incluidas las de inducci\u00f3n.<\/li>\n<li>Tapa con pomo resistente al calor.<\/li>\n<li>Acabado interior de la tapa con dise\u00f1o que permite la recirculaci\u00f3n de la humedad.<\/li>\n<li>Cocotte apta para todo tipo de cocinas, incluyendo horno e inducci\u00f3n.<\/li>\n<li>El fabricante da una garant\u00eda de 25 a\u00f1os.<\/li>\n<li>Se incluyen 2 protectores de goma para evitar quemaduras al cogerla caliente.<\/li>\n<li>F\u00e1cil de limpiar. Apta para lavavajillas.<\/li>\n<\/ul>\n<p>Gracias al hierro colado con el que se fabrican se conserva el calor durante m\u00e1s tiempo en la mesa.<\/p>\n<p>Cada cocotte se fabrica a mano, en molde de arena, por lo que son piezas \u00fanicas.<\/p>\n<h2>Usos recomendados<\/h2>\n<p>Las <a href='https:\/\/www.cuchillalia.com\/categoria\/marcas\/woll\/cocottes-iron\/'><strong>cocottes de hierro fundido de Woll<\/strong><\/a> son ideales para cocinar una amplia variedad de platos, como guisos, sopas, arroces, asados y m\u00e1s. El dise\u00f1o en los colores rojo, o el de las <a href='https:\/\/www.cuchillalia.com\/producto\/cocotte-hierro-fundido-24-cm-woll-azul-cobalto-124ci-020\/'><strong>cocottes azules<\/strong><\/a> las hace perfectas para servir tus platos favoritos directamente en la mesa.<\/p>\n<h2>Cuidados y mantenimiento:<\/h2>\n<p>Para cuidar tu cocotte de woll, debes asegurarte de limpiarla despu\u00e9s de cada uso. L\u00e1vala a mano con agua tibia y jab\u00f3n suave y s\u00e9cala por completo antes de guardarla. No utilices limpiadores abrasivos o estropajos de metal, ya que podr\u00edan da\u00f1ar el esmaltado de la superficie.<\/p>\n<h2>Tabla de caracter\u00edsticas cocotte 24 cm Woll Iron Rojo Chili<\/h2>\n<div class='tabla-caracteristicas'>\n<div class='fila'><span class='etiqueta'>Nombre comercial:<\/span><span class='valor'><strong>Olla Iron 24 cm rojo chili<\/strong><\/span><\/div>\n<div class='fila'><span class='etiqueta'>Fabricante:<\/span><span class='valor'>Woll<\/span><\/div>\n<div class='fila'><span class='etiqueta'>Referencia del fabricante:<\/span><span class='valor'>124CI-010<\/span><\/div>\n<div class='fila'><span class='etiqueta'>Material:<\/span><span class='valor'>Hierro colado<\/span><\/div>\n<div class='fila'><span class='etiqueta'>Peso del producto:<\/span><span class='valor'>6,06 kg<\/span><\/div>\n<div class='fila'><span class='etiqueta'>Producci\u00f3n:<\/span><span class='valor'>Fundido<\/span><\/div>\n<div class='fila'><span class='etiqueta'>Presentaci\u00f3n del producto:<\/span><span class='valor'>Caja<\/span><\/div>\n<div class='fila'><span class='etiqueta'>Di\u00e1metro:<\/span><span class='valor'>24 cm<\/span><\/div>\n<div class='fila'><span class='etiqueta'>Altura:<\/span><span class='valor'>11 cm<\/span><\/div>\n<div class='fila'><span class='etiqueta'>Di\u00e1metro inferior:<\/span><span class='valor'>20 cm<\/span><\/div>\n<div class='fila'><span class='etiqueta'>Capacidad:<\/span><span class='valor'>4,2 litros<\/span><\/div>\n<div class='fila'><span class='etiqueta'>\u00bfEs apto para inducci\u00f3n?:<\/span><span class='valor'>Si<\/span><\/div>\n<div class='fila'><span class='etiqueta'>\u00bfEs apto para horno?:<\/span><span class='valor'>Si, hasta 250\u00baC quitando los protectores de silicona<\/span><\/div>\n<div class='fila'><span class='etiqueta'>\u00bfEs apto para el lavavajillas?:<\/span><span class='valor'>Si<\/span><\/div>\n<div class='fila'><span class='etiqueta'>\u00bfIncluye tapa?:<\/span><span class='valor'>Si<\/span><\/div>\n<div class='fila'><span class='etiqueta'>\u00bfDonde se fabrica?:<\/span><span class='valor'>Alemania<\/span><\/div>\n<div class='fila'><span class='etiqueta'>\u00bfQu\u00e9 garant\u00eda tiene?:<\/span><span class='valor'>25 a\u00f1os contra todo defecto de fabricaci\u00f3n, siempre que del producto se haga un uso racional para el cual ha sido fabricado.<\/span><\/div>\n<div class='fila'><span class='etiqueta'>C\u00f3digo de barras (GTIN):<\/span><span class='valor'>4054359014238<\/span><\/div>\n<\/div>\n<h3>Otros modelos de cocottes de hierro fundido Woll Iron<\/h3>\n<p>Te presentamos otros modelos de la misma serie de <strong>cocottes de hierro fundido<\/strong>, <a href='https:\/\/www.cuchillalia.com\/categoria\/marcas\/woll\/cocottes-iron\/'><strong>Woll Iron<\/strong><\/a>. Desde <a href='https:\/\/www.cuchillalia.com\/producto\/parrilla-hierro-fundido-24x24-cm-woll-rojo-chili-624-2ci\/'><strong>parrillas<\/strong><\/a>, a <a href='https:\/\/www.cuchillalia.com\/producto\/rustidera-tapa-hierro-fundido-woll-rojo-chili-3426ci-010\/'><strong>rustideras<\/strong><\/a> y pasando por las simp\u00e1ticas <a href='https:\/\/www.cuchillalia.com\/producto\/2-mini-cocottes-10-cm-hierro-fundido-woll-rojo-chili-110ci\/'><strong>mini-cocottes para platos individuales<\/strong><\/a>. Tambi\u00e9n puedes echar un vistazo a las <a href='https:\/\/www.cuchillalia.com\/categoria\/marcas\/staub\/'><strong>cocottes de Staub<\/strong><\/a>, m\u00edtico fabricante franc\u00e9s.<\/p>\n<div class=\"woocommerce columns-4 outofstock\"><ul class=\"products kad_product_wrapper rowtight shopcolumn4 shopfullwidth init-isotope-intrinsic kt-show-rating  reinit-isotope\" data-nextselector=\".woocommerce-pagination a.next\" data-navselector=\".woocommerce-pagination\" data-itemselector=\".kad_product\" data-itemloadselector=\".kt_item_fade_in\" data-iso-selector=\".kad_product\" data-iso-style=\"fitRows\" data-iso-filter=\"true\">\n<li class=\"product type-product post-120151 status-publish first instock product_cat-cocottes product_cat-cocottes-iron has-post-thumbnail sale taxable shipping-taxable purchasable product-type-simple col-xxl-2 col-xl-25 col-md-3 col-sm-4 col-xs-6 col-ss-6 cocottes cocottes-iron kad_product\">\n\t<div class=\"grid_item product_item clearfix kt_item_fade_in\"><a href=\"https:\/\/www.cuchillalia.com\/en\/producto\/cocotte-hierro-fundido-24x24-cm-woll-azul-cobalto-1024ci\/\" class=\"product_item_link product_img_link\"><span class=\"onsale\">Sale!<\/span><div class=\"kad-product-noflipper kt-product-hardcrop kt-product-intrinsic\" style=\"padding-bottom:100%;\"><div class=\"kt-product-animation-contain\"><img decoding=\"async\" src=\"https:\/\/www.cuchillalia.com\/wordpress\/wp-content\/uploads\/2020\/06\/cacerola-cocotte-hierro-fundido-woll-azul-cobalto-1024CI-020-con-asas-silicona-300x300.jpg\" srcset=\"https:\/\/www.cuchillalia.com\/wordpress\/wp-content\/uploads\/2020\/06\/cacerola-cocotte-hierro-fundido-woll-azul-cobalto-1024CI-020-con-asas-silicona-300x300.jpg 300w, https:\/\/www.cuchillalia.com\/wordpress\/wp-content\/uploads\/2020\/06\/cacerola-cocotte-hierro-fundido-woll-azul-cobalto-1024CI-020-con-asas-silicona-200x200.jpg 200w, https:\/\/www.cuchillalia.com\/wordpress\/wp-content\/uploads\/2020\/06\/cacerola-cocotte-hierro-fundido-woll-azul-cobalto-1024CI-020-con-asas-silicona-100x100.jpg 100w, https:\/\/www.cuchillalia.com\/wordpress\/wp-content\/uploads\/2020\/06\/cacerola-cocotte-hierro-fundido-woll-azul-cobalto-1024CI-020-con-asas-silicona-566x566.jpg 566w, https:\/\/www.cuchillalia.com\/wordpress\/wp-content\/uploads\/2020\/06\/cacerola-cocotte-hierro-fundido-woll-azul-cobalto-1024CI-020-con-asas-silicona-150x150.jpg 150w, https:\/\/www.cuchillalia.com\/wordpress\/wp-content\/uploads\/2020\/06\/cacerola-cocotte-hierro-fundido-woll-azul-cobalto-1024CI-020-con-asas-silicona-768x768.jpg 768w, https:\/\/www.cuchillalia.com\/wordpress\/wp-content\/uploads\/2020\/06\/cacerola-cocotte-hierro-fundido-woll-azul-cobalto-1024CI-020-con-asas-silicona-720x720.jpg 720w, https:\/\/www.cuchillalia.com\/wordpress\/wp-content\/uploads\/2020\/06\/cacerola-cocotte-hierro-fundido-woll-azul-cobalto-1024CI-020-con-asas-silicona-360x360.jpg 360w, https:\/\/www.cuchillalia.com\/wordpress\/wp-content\/uploads\/2020\/06\/cacerola-cocotte-hierro-fundido-woll-azul-cobalto-1024CI-020-con-asas-silicona-600x600.jpg 600w, https:\/\/www.cuchillalia.com\/wordpress\/wp-content\/uploads\/2020\/06\/cacerola-cocotte-hierro-fundido-woll-azul-cobalto-1024CI-020-con-asas-silicona-800x800.jpg 800w, https:\/\/www.cuchillalia.com\/wordpress\/wp-content\/uploads\/2020\/06\/cacerola-cocotte-hierro-fundido-woll-azul-cobalto-1024CI-020-con-asas-silicona-400x400.jpg 400w, https:\/\/www.cuchillalia.com\/wordpress\/wp-content\/uploads\/2020\/06\/cacerola-cocotte-hierro-fundido-woll-azul-cobalto-1024CI-020-con-asas-silicona-480x480.jpg 480w, https:\/\/www.cuchillalia.com\/wordpress\/wp-content\/uploads\/2020\/06\/cacerola-cocotte-hierro-fundido-woll-azul-cobalto-1024CI-020-con-asas-silicona-240x240.jpg 240w, https:\/\/www.cuchillalia.com\/wordpress\/wp-content\/uploads\/2020\/06\/cacerola-cocotte-hierro-fundido-woll-azul-cobalto-1024CI-020-con-asas-silicona.jpg 1000w\" sizes=\"(max-width: 300px) 100vw, 300px\"  alt=\"Cacerola cocotte de hierro fundido de 24x24 cm con tapa y con asas de silicona puestas - Woll Azul Cobalto - Cuchillalia\" width=\"300\" height=\"300\" class=\"attachment-shop_catalog wp-post-image size-300x300\"><\/div><\/div><div class='sale-perc'>OFERTA -33.95\u20ac (26%) <\/div><\/a> \n\n\t<div class=\"details_product_item\"><div class=\"product_details\"><a href=\"https:\/\/www.cuchillalia.com\/en\/producto\/cocotte-hierro-fundido-24x24-cm-woll-azul-cobalto-1024ci\/\" class=\"product_item_link\"><h3 class=\"product_archive_title\">Cocotte de 24&#215;24 cm de hierro fundido Woll Azul Cobalto 1024CI-020<\/h3><\/a><\/div>\t\t\n\t<a href=\"https:\/\/www.cuchillalia.com\/en\/producto\/cocotte-hierro-fundido-24x24-cm-woll-azul-cobalto-1024ci\/\"><span class=\"kt-notrated\">not rated<\/span><\/a>\n\t<span class=\"price\"><del aria-hidden=\"true\"><span class=\"woocommerce-Price-amount amount\"><bdi>132,95<span class=\"woocommerce-Price-currencySymbol\">&euro;<\/span><\/bdi><\/span><\/del> <span class=\"screen-reader-text\">Original price was: 132,95&euro;.<\/span><ins aria-hidden=\"true\"><span class=\"woocommerce-Price-amount amount\"><bdi>99,00<span class=\"woocommerce-Price-currencySymbol\">&euro;<\/span><\/bdi><\/span><\/ins><span class=\"screen-reader-text\">Current price is: 99,00&euro;.<\/span><\/span>\n<div class=\"clearfix\"><\/div><\/div>\n\t<div class=\"product_action_wrap\"><a href=\"\/en\/wp-json\/wp\/v2\/product\/116558?add-to-cart=120151\" aria-describedby=\"woocommerce_loop_add_to_cart_link_describedby_120151\" data-quantity=\"1\" class=\"button product_type_simple add_to_cart_button ajax_add_to_cart\" data-product_id=\"120151\" data-product_sku=\"WO_1024CI-020\" aria-label=\"Add to cart: &ldquo;Cocotte de 24x24 cm de hierro fundido Woll Azul Cobalto 1024CI-020&rdquo;\" rel=\"nofollow\" data-success_message=\"&ldquo;Cocotte de 24x24 cm de hierro fundido Woll Azul Cobalto 1024CI-020&rdquo; has been added to your cart\" role=\"button\">Add to cart<\/a>\t<span id=\"woocommerce_loop_add_to_cart_link_describedby_120151\" class=\"screen-reader-text\">\n\t\t\t<\/span>\n\t\t\t<input type=\"hidden\" class=\"pmwProductId\" data-id=\"120151\">\n\t\t\t\t\t<script>\n\t\t\t(window.pmwDataLayer = window.pmwDataLayer || {}).products                = window.pmwDataLayer.products || {};\n\t\t\twindow.pmwDataLayer.products[120151] = {\"id\":\"120151\",\"sku\":\"WO_1024CI-020\",\"price\":99,\"brand\":\"\",\"quantity\":1,\"dyn_r_ids\":{\"post_id\":\"120151\",\"sku\":\"WO_1024CI-020\",\"gpf\":\"woocommerce_gpf_120151\",\"gla\":\"gla_120151\"},\"is_variable\":false,\"type\":\"simple\",\"name\":\"Cocotte de 24x24 cm de hierro fundido Woll Azul Cobalto 1024CI-020\",\"category\":[\"Cocottes\",\"Woll Iron\"],\"is_variation\":false};\n\t\t\t\t\twindow.pmw_product_position = window.pmw_product_position || 1;\n\t\twindow.pmwDataLayer.products[120151]['position'] = window.pmw_product_position++;\n\t\t\t\t<\/script>\n\t\t<\/div><\/div><\/li><\/ul>\n<\/div>\n","protected":false},"excerpt":{"rendered":"<p><strong>Olla cocotte de hierro colado esmaltado<\/strong>, de <strong>24 cm<\/strong> y <b>4.2 litros<\/b> de capacidad, tapa con pomo de acero inoxidable, <strong>Woll Iron Rojo Chili<\/strong>. Asas en el propio cuerpo protegidas con protectores de silicona extraibles. Para cualquier tipo de fuente de calor, incluida inducci\u00f3n y horno. Apta para lavavajillas. 25\u00a0a\u00f1os de garant\u00eda.&hellip; <a class=\"kt-excerpt-readmore more-link\" href=\"https:\/\/www.cuchillalia.com\/en\/producto\/cocotte-hierro-fundido-24-cm-woll-rojo-chili-124ci-010\/\" aria-label=\"Cocotte redonda de hierro fundido de 24 cm Woll Rojo Chili 124CI-010\">Read More<\/a><\/p>\n","protected":false},"featured_media":116542,"comment_status":"open","ping_status":"closed","template":"","meta":[],"product_brand":[],"product_cat":[15126,8610],"product_tag":[],"class_list":{"0":"post-116558","1":"product","2":"type-product","3":"status-publish","4":"has-post-thumbnail","6":"product_cat-cocottes","7":"product_cat-cocottes-iron","9":"first","10":"onbackorder","11":"taxable","12":"shipping-taxable","13":"purchasable","14":"product-type-simple"},"yoast_head":"<!-- This site is optimized with the Yoast SEO plugin v27.5 - https:\/\/yoast.com\/product\/yoast-seo-wordpress\/ -->\n<title>Cocotte de 24 cm de hierro colado | Woll Iron Rojo Chili | Cuchillalia.com<\/title>\n<meta name=\"robots\" content=\"index, follow, max-snippet:-1, max-image-preview:large, max-video-preview:-1\" \/>\n<link rel=\"canonical\" href=\"https:\/\/www.cuchillalia.com\/producto\/cocotte-hierro-fundido-24-cm-woll-rojo-chili-124ci-010\/\" \/>\n<meta property=\"og:locale\" content=\"en_US\" \/>\n<meta property=\"og:type\" content=\"article\" \/>\n<meta property=\"og:title\" content=\"Cocotte de 24 cm de hierro colado | Woll Iron Rojo Chili | Cuchillalia.com\" \/>\n<meta property=\"og:description\" content=\"Olla cocotte de hierro colado esmaltado, de 24 cm y 4.2 litros de capacidad, tapa con pomo de acero inoxidable, Woll Iron Rojo Chili. Asas en el propio cuerpo protegidas con protectores de silicona extraibles. Para cualquier tipo de fuente de calor, incluida inducci\u00f3n y horno. Apta para lavavajillas. 25\u00a0a\u00f1os de garant\u00eda.&hellip; Read More\" \/>\n<meta property=\"og:url\" content=\"https:\/\/www.cuchillalia.com\/producto\/cocotte-hierro-fundido-24-cm-woll-rojo-chili-124ci-010\/\" \/>\n<meta property=\"og:site_name\" content=\"Cuchillalia.com\" \/>\n<meta property=\"article:publisher\" content=\"http:\/\/www.facebook.com\/cuchillalia\" \/>\n<meta property=\"article:modified_time\" content=\"2026-03-20T00:38:51+00:00\" \/>\n<meta property=\"og:image\" content=\"https:\/\/www.cuchillalia.com\/wordpress\/wp-content\/uploads\/2020\/05\/cocotte-hierro-fundido-woll-rojo-chili-124ci-010-asa-silicona.jpg\" \/>\n\t<meta property=\"og:image:width\" content=\"1000\" \/>\n\t<meta property=\"og:image:height\" content=\"1000\" \/>\n\t<meta property=\"og:image:type\" content=\"image\/jpeg\" \/>\n<meta name=\"twitter:card\" content=\"summary_large_image\" \/>\n<meta name=\"twitter:site\" content=\"@Cuchillalia\" \/>\n<meta name=\"twitter:label1\" content=\"Est. reading time\" \/>\n\t<meta name=\"twitter:data1\" content=\"3 minutes\" \/>\n<!-- \/ Yoast SEO plugin. -->","yoast_head_json":{"title":"Cocotte de 24 cm de hierro colado | Woll Iron Rojo Chili | Cuchillalia.com","robots":{"index":"index","follow":"follow","max-snippet":"max-snippet:-1","max-image-preview":"max-image-preview:large","max-video-preview":"max-video-preview:-1"},"canonical":"https:\/\/www.cuchillalia.com\/producto\/cocotte-hierro-fundido-24-cm-woll-rojo-chili-124ci-010\/","og_locale":"en_US","og_type":"article","og_title":"Cocotte de 24 cm de hierro colado | Woll Iron Rojo Chili | Cuchillalia.com","og_description":"Olla cocotte de hierro colado esmaltado, de 24 cm y 4.2 litros de capacidad, tapa con pomo de acero inoxidable, Woll Iron Rojo Chili. Asas en el propio cuerpo protegidas con protectores de silicona extraibles. Para cualquier tipo de fuente de calor, incluida inducci\u00f3n y horno. Apta para lavavajillas. 25\u00a0a\u00f1os de garant\u00eda.&hellip; Read More","og_url":"https:\/\/www.cuchillalia.com\/producto\/cocotte-hierro-fundido-24-cm-woll-rojo-chili-124ci-010\/","og_site_name":"Cuchillalia.com","article_publisher":"http:\/\/www.facebook.com\/cuchillalia","article_modified_time":"2026-03-20T00:38:51+00:00","og_image":[{"width":1000,"height":1000,"url":"https:\/\/www.cuchillalia.com\/wordpress\/wp-content\/uploads\/2020\/05\/cocotte-hierro-fundido-woll-rojo-chili-124ci-010-asa-silicona.jpg","type":"image\/jpeg"}],"twitter_card":"summary_large_image","twitter_site":"@Cuchillalia","twitter_misc":{"Est. reading time":"3 minutes"},"schema":{"@context":"https:\/\/schema.org","@graph":[{"@type":"WebPage","@id":"https:\/\/www.cuchillalia.com\/producto\/cocotte-hierro-fundido-24-cm-woll-rojo-chili-124ci-010\/","url":"https:\/\/www.cuchillalia.com\/producto\/cocotte-hierro-fundido-24-cm-woll-rojo-chili-124ci-010\/","name":"Cocotte de 24 cm de hierro colado | Woll Iron Rojo Chili | Cuchillalia.com","isPartOf":{"@id":"https:\/\/www.cuchillalia.com\/#website"},"primaryImageOfPage":{"@id":"https:\/\/www.cuchillalia.com\/producto\/cocotte-hierro-fundido-24-cm-woll-rojo-chili-124ci-010\/#primaryimage"},"image":{"@id":"https:\/\/www.cuchillalia.com\/producto\/cocotte-hierro-fundido-24-cm-woll-rojo-chili-124ci-010\/#primaryimage"},"thumbnailUrl":"https:\/\/www.cuchillalia.com\/wordpress\/wp-content\/uploads\/2020\/05\/cocotte-hierro-fundido-woll-rojo-chili-124ci-010-asa-silicona.jpg","datePublished":"2020-05-22T20:18:40+00:00","dateModified":"2026-03-20T00:38:51+00:00","breadcrumb":{"@id":"https:\/\/www.cuchillalia.com\/producto\/cocotte-hierro-fundido-24-cm-woll-rojo-chili-124ci-010\/#breadcrumb"},"inLanguage":"en-US","potentialAction":[{"@type":"ReadAction","target":["https:\/\/www.cuchillalia.com\/producto\/cocotte-hierro-fundido-24-cm-woll-rojo-chili-124ci-010\/"]}]},{"@type":"ImageObject","inLanguage":"en-US","@id":"https:\/\/www.cuchillalia.com\/producto\/cocotte-hierro-fundido-24-cm-woll-rojo-chili-124ci-010\/#primaryimage","url":"https:\/\/www.cuchillalia.com\/wordpress\/wp-content\/uploads\/2020\/05\/cocotte-hierro-fundido-woll-rojo-chili-124ci-010-asa-silicona.jpg","contentUrl":"https:\/\/www.cuchillalia.com\/wordpress\/wp-content\/uploads\/2020\/05\/cocotte-hierro-fundido-woll-rojo-chili-124ci-010-asa-silicona.jpg","width":1000,"height":1000,"caption":"Cocotte de hierro fundido de 24 cm con tapa con las asas de silicona puestas - Woll Rojo Chili - Cuchillalia"},{"@type":"BreadcrumbList","@id":"https:\/\/www.cuchillalia.com\/producto\/cocotte-hierro-fundido-24-cm-woll-rojo-chili-124ci-010\/#breadcrumb","itemListElement":[{"@type":"ListItem","position":1,"name":"Cuchillalia","item":"https:\/\/www.cuchillalia.com\/en\/"},{"@type":"ListItem","position":2,"name":"Tienda","item":"https:\/\/www.cuchillalia.com\/tienda\/"},{"@type":"ListItem","position":3,"name":"Marcas","item":"https:\/\/www.cuchillalia.com\/categoria\/marcas\/"},{"@type":"ListItem","position":4,"name":"Woll","item":"https:\/\/www.cuchillalia.com\/categoria\/marcas\/woll\/"},{"@type":"ListItem","position":5,"name":"Iron","item":"https:\/\/www.cuchillalia.com\/categoria\/marcas\/woll\/cocottes-iron\/"},{"@type":"ListItem","position":6,"name":"Cocotte redonda de hierro fundido de 24 cm Woll Rojo Chili 124CI-010"}]},{"@type":"WebSite","@id":"https:\/\/www.cuchillalia.com\/#website","url":"https:\/\/www.cuchillalia.com\/","name":"Cuchillalia.com","description":"","publisher":{"@id":"https:\/\/www.cuchillalia.com\/#organization"},"potentialAction":[{"@type":"SearchAction","target":{"@type":"EntryPoint","urlTemplate":"https:\/\/www.cuchillalia.com\/?s={search_term_string}"},"query-input":{"@type":"PropertyValueSpecification","valueRequired":true,"valueName":"search_term_string"}}],"inLanguage":"en-US"},{"@type":"Organization","@id":"https:\/\/www.cuchillalia.com\/#organization","name":"Cuchillalia","url":"https:\/\/www.cuchillalia.com\/","logo":{"@type":"ImageObject","inLanguage":"en-US","@id":"https:\/\/www.cuchillalia.com\/#\/schema\/logo\/image\/","url":"https:\/\/www.cuchillalia.com\/wordpress\/wp-content\/uploads\/2021\/03\/logo-cuchillalia-jpg.jpg","contentUrl":"https:\/\/www.cuchillalia.com\/wordpress\/wp-content\/uploads\/2021\/03\/logo-cuchillalia-jpg.jpg","width":276,"height":192,"caption":"Cuchillalia"},"image":{"@id":"https:\/\/www.cuchillalia.com\/#\/schema\/logo\/image\/"},"sameAs":["http:\/\/www.facebook.com\/cuchillalia","https:\/\/x.com\/Cuchillalia"]}]}},"_links":{"self":[{"href":"https:\/\/www.cuchillalia.com\/en\/wp-json\/wp\/v2\/product\/116558","targetHints":{"allow":["GET"]}}],"collection":[{"href":"https:\/\/www.cuchillalia.com\/en\/wp-json\/wp\/v2\/product"}],"about":[{"href":"https:\/\/www.cuchillalia.com\/en\/wp-json\/wp\/v2\/types\/product"}],"replies":[{"embeddable":true,"href":"https:\/\/www.cuchillalia.com\/en\/wp-json\/wp\/v2\/comments?post=116558"}],"wp:featuredmedia":[{"embeddable":true,"href":"https:\/\/www.cuchillalia.com\/en\/wp-json\/wp\/v2\/media\/116542"}],"wp:attachment":[{"href":"https:\/\/www.cuchillalia.com\/en\/wp-json\/wp\/v2\/media?parent=116558"}],"wp:term":[{"taxonomy":"product_brand","embeddable":true,"href":"https:\/\/www.cuchillalia.com\/en\/wp-json\/wp\/v2\/product_brand?post=116558"},{"taxonomy":"product_cat","embeddable":true,"href":"https:\/\/www.cuchillalia.com\/en\/wp-json\/wp\/v2\/product_cat?post=116558"},{"taxonomy":"product_tag","embeddable":true,"href":"https:\/\/www.cuchillalia.com\/en\/wp-json\/wp\/v2\/product_tag?post=116558"}],"curies":[{"name":"wp","href":"https:\/\/api.w.org\/{rel}","templated":true}]}}