{"id":114001,"date":"2020-05-04T00:13:00","date_gmt":"2020-05-03T22:13:00","guid":{"rendered":"https:\/\/www.cuchillalia.com\/?post_type=product&#038;p=114001"},"modified":"2026-03-20T12:56:34","modified_gmt":"2026-03-20T11:56:34","slug":"sacacorchos-arcos-profesional-palanca-604700","status":"publish","type":"product","link":"https:\/\/www.cuchillalia.com\/en\/producto\/sacacorchos-arcos-profesional-palanca-604700\/","title":{"rendered":"Sacacorchos Arcos Profesional de palanca manual 604700"},"content":{"rendered":"<p>El <strong>sacacorchos Arcos profesional<\/strong> te da la bienvenida al mundo del vino. Si est\u00e1s buscando un <a href='https:\/\/www.cuchillalia.com\/categoria\/menaje\/sacacorchos\/'><strong>sacacorchos<\/strong><\/a> que pueda abrir tus botellas de vino favoritas sin esfuerzo, entonces est\u00e1s en el lugar correcto. Hoy te presentamos el Sacacorchos Arcos Profesional de palanca manual 604700, una herramienta esencial para todo amante del vino.<\/p>\n<p>Puedes ver otros <a href='https:\/\/www.cuchillalia.com\/categoria\/marcas\/arcos\/sacacorchos-arcos\/'><strong>sacacorchos de Arcos<\/strong><\/a> en nuestra secci\u00f3n.<\/p>\n<p>El Sacacorchos Arcos Profesional de palanca manual 604700 es una herramienta de alta calidad dise\u00f1ada para abrir f\u00e1cilmente cualquier botella de vino. Su dise\u00f1o ergon\u00f3mico con una palanca suave y una espiral resistente hace que sea f\u00e1cil de usar y reduce el esfuerzo necesario para abrir una botella.<\/p>\n<p>Este sacacorchos est\u00e1 hecho de materiales de alta calidad que garantizan su durabilidad y resistencia. La espiral de acero inoxidable es lo suficientemente resistente para perforar cualquier corcho sin da\u00f1arlo, y su palanca de acero inoxidable le proporciona un aspecto elegante y duradero.<\/p>\n<p>Este modelo de abrebotellas es perfecto para cualquier ocasi\u00f3n, ya sea para una cena rom\u00e1ntica o una reuni\u00f3n con amigos. Adem\u00e1s, es f\u00e1cil de almacenar gracias a su tama\u00f1o compacto y su dise\u00f1o elegante.<\/p>\n<h2>Tabla de caracter\u00edsticas sacacorchos Arcos profesional<\/h2>\n<div class='tabla-caracteristicas'>\n<div class='fila'><span class='etiqueta'>Nombre comercial:<\/span><span class='valor'><strong>Sacacorchos Arcos<\/strong><\/span><\/div>\n<div class='fila'><span class='etiqueta'>Fabricante:<\/span><span class='valor'>Arcos<\/span><\/div>\n<div class='fila'><span class='etiqueta'>Referencia del fabricante:<\/span><span class='valor'>604700<\/span><\/div>\n<div class='fila'><span class='etiqueta'>Material:<\/span><span class='valor'>ABS, aleaci\u00f3n de zinc y elast\u00f3mero<\/span><\/div>\n<div class='fila'><span class='etiqueta'>\u00bfEs apto para zurdos?:<\/span><span class='valor'>Para diestros y zurdos<\/span><\/div>\n<div class='fila'><span class='etiqueta'>Presentaci\u00f3n del producto:<\/span><span class='valor'>Caja para regalo<\/span><\/div>\n<div class='fila'><span class='etiqueta'>\u00bfQu\u00e9 garant\u00eda tiene?:<\/span><span class='valor'>10 a\u00f1os contra todo defecto de fabricaci\u00f3n, siempre que del producto se haga un uso racional para el cual ha sido fabricado.<\/span><\/div>\n<div class='fila'><span class='etiqueta'>C\u00f3digo de barras (GTIN):<\/span><span class='valor'>8421002604706<\/span><\/div>\n<div class='fila'><span class='etiqueta'>Observaciones:<\/span><span class='valor'>&#8211; Incluye cortac\u00e1psulas.<\/span><\/div>\n<\/div>\n<h2>Alternativas al Sacacorchos Arcos Profesional<\/h2>\n<p>En <strong>Cuchillalia.com<\/strong> disponemos de varios modelos diferentes de <a href='https:\/\/www.cuchillalia.com\/categoria\/menaje\/sacacorchos\/'><strong>sacacorchos<\/strong><\/a> como los siguientes:<\/p>\n<div class=\"woocommerce columns-4 \"><ul class=\"products kad_product_wrapper rowtight shopcolumn4 shopfullwidth init-isotope-intrinsic kt-show-rating  reinit-isotope\" data-nextselector=\".woocommerce-pagination a.next\" data-navselector=\".woocommerce-pagination\" data-itemselector=\".kad_product\" data-itemloadselector=\".kt_item_fade_in\" data-iso-selector=\".kad_product\" data-iso-style=\"fitRows\" data-iso-filter=\"true\">\n<li class=\"product type-product post-114000 status-publish first instock product_cat-sacacorchos product_cat-sacacorchos-arcos has-post-thumbnail taxable shipping-taxable purchasable product-type-simple col-xxl-2 col-xl-25 col-md-3 col-sm-4 col-xs-6 col-ss-6 sacacorchos sacacorchos-arcos kad_product\">\n\t<div class=\"grid_item product_item clearfix kt_item_fade_in\"><a href=\"https:\/\/www.cuchillalia.com\/en\/producto\/sacacorchos-palanca-profesional-arcos-604100\/\" class=\"product_item_link product_img_link\"><div class=\"kad-product-noflipper kt-product-hardcrop kt-product-intrinsic\" style=\"padding-bottom:100%;\"><div class=\"kt-product-animation-contain\"><img decoding=\"async\" src=\"https:\/\/www.cuchillalia.com\/wordpress\/wp-content\/uploads\/2020\/05\/arcos-604100-sacacorchos-profesional-300x300.jpg\" srcset=\"https:\/\/www.cuchillalia.com\/wordpress\/wp-content\/uploads\/2020\/05\/arcos-604100-sacacorchos-profesional-300x300.jpg 300w, https:\/\/www.cuchillalia.com\/wordpress\/wp-content\/uploads\/2020\/05\/arcos-604100-sacacorchos-profesional-200x200.jpg 200w, https:\/\/www.cuchillalia.com\/wordpress\/wp-content\/uploads\/2020\/05\/arcos-604100-sacacorchos-profesional-100x100.jpg 100w, https:\/\/www.cuchillalia.com\/wordpress\/wp-content\/uploads\/2020\/05\/arcos-604100-sacacorchos-profesional-566x566.jpg 566w, https:\/\/www.cuchillalia.com\/wordpress\/wp-content\/uploads\/2020\/05\/arcos-604100-sacacorchos-profesional-1024x1024.jpg 1024w, https:\/\/www.cuchillalia.com\/wordpress\/wp-content\/uploads\/2020\/05\/arcos-604100-sacacorchos-profesional-150x150.jpg 150w, https:\/\/www.cuchillalia.com\/wordpress\/wp-content\/uploads\/2020\/05\/arcos-604100-sacacorchos-profesional-768x768.jpg 768w, https:\/\/www.cuchillalia.com\/wordpress\/wp-content\/uploads\/2020\/05\/arcos-604100-sacacorchos-profesional-1536x1536.jpg 1536w, https:\/\/www.cuchillalia.com\/wordpress\/wp-content\/uploads\/2020\/05\/arcos-604100-sacacorchos-profesional-720x720.jpg 720w, https:\/\/www.cuchillalia.com\/wordpress\/wp-content\/uploads\/2020\/05\/arcos-604100-sacacorchos-profesional-360x360.jpg 360w, https:\/\/www.cuchillalia.com\/wordpress\/wp-content\/uploads\/2020\/05\/arcos-604100-sacacorchos-profesional-600x600.jpg 600w, https:\/\/www.cuchillalia.com\/wordpress\/wp-content\/uploads\/2020\/05\/arcos-604100-sacacorchos-profesional-800x800.jpg 800w, https:\/\/www.cuchillalia.com\/wordpress\/wp-content\/uploads\/2020\/05\/arcos-604100-sacacorchos-profesional-400x400.jpg 400w, https:\/\/www.cuchillalia.com\/wordpress\/wp-content\/uploads\/2020\/05\/arcos-604100-sacacorchos-profesional-480x480.jpg 480w, https:\/\/www.cuchillalia.com\/wordpress\/wp-content\/uploads\/2020\/05\/arcos-604100-sacacorchos-profesional-240x240.jpg 240w, https:\/\/www.cuchillalia.com\/wordpress\/wp-content\/uploads\/2020\/05\/arcos-604100-sacacorchos-profesional.jpg 1600w\" sizes=\"(max-width: 300px) 100vw, 300px\"  alt=\"Sacacorchos de palanca profesional Arcos 604100 - Cuchillalia\" width=\"300\" height=\"300\" class=\"attachment-shop_catalog wp-post-image size-300x300\"><\/div><\/div><\/a> \n\n\t<div class=\"details_product_item\"><div class=\"product_details\"><a href=\"https:\/\/www.cuchillalia.com\/en\/producto\/sacacorchos-palanca-profesional-arcos-604100\/\" class=\"product_item_link\"><h3 class=\"product_archive_title\">Sacacorchos de palanca profesional Arcos 604100<\/h3><\/a><\/div>\t\t\n\t<a href=\"https:\/\/www.cuchillalia.com\/en\/producto\/sacacorchos-palanca-profesional-arcos-604100\/\"><span class=\"kt-notrated\">not rated<\/span><\/a>\n\t<span class=\"price\"><span class=\"woocommerce-Price-amount amount\"><bdi>52,46<span class=\"woocommerce-Price-currencySymbol\">&euro;<\/span><\/bdi><\/span><\/span>\n<div class=\"clearfix\"><\/div><\/div>\n\t<div class=\"product_action_wrap\"><a href=\"\/en\/wp-json\/wp\/v2\/product\/114001?add-to-cart=114000\" aria-describedby=\"woocommerce_loop_add_to_cart_link_describedby_114000\" data-quantity=\"1\" class=\"button product_type_simple add_to_cart_button ajax_add_to_cart\" data-product_id=\"114000\" data-product_sku=\"AR_604100\" aria-label=\"Add to cart: &ldquo;Sacacorchos de palanca profesional Arcos 604100&rdquo;\" rel=\"nofollow\" data-success_message=\"&ldquo;Sacacorchos de palanca profesional Arcos 604100&rdquo; has been added to your cart\" role=\"button\">Add to cart<\/a>\t<span id=\"woocommerce_loop_add_to_cart_link_describedby_114000\" class=\"screen-reader-text\">\n\t\t\t<\/span>\n\t\t\t<input type=\"hidden\" class=\"pmwProductId\" data-id=\"114000\">\n\t\t\t\t\t<script>\n\t\t\t(window.pmwDataLayer = window.pmwDataLayer || {}).products                = window.pmwDataLayer.products || {};\n\t\t\twindow.pmwDataLayer.products[114000] = {\"id\":\"114000\",\"sku\":\"AR_604100\",\"price\":52.460000000000001,\"brand\":\"\",\"quantity\":1,\"dyn_r_ids\":{\"post_id\":\"114000\",\"sku\":\"AR_604100\",\"gpf\":\"woocommerce_gpf_114000\",\"gla\":\"gla_114000\"},\"is_variable\":false,\"type\":\"simple\",\"name\":\"Sacacorchos de palanca profesional Arcos 604100\",\"category\":[\"Sacacorchos\",\"Sacacorchos Arcos\"],\"is_variation\":false};\n\t\t\t\t\twindow.pmw_product_position = window.pmw_product_position || 1;\n\t\twindow.pmwDataLayer.products[114000]['position'] = window.pmw_product_position++;\n\t\t\t\t<\/script>\n\t\t<\/div><\/div><\/li><li class=\"product type-product post-156179 status-publish instock product_cat-accesorios-3-claveles product_cat-sacacorchos has-post-thumbnail taxable shipping-taxable purchasable product-type-simple col-xxl-2 col-xl-25 col-md-3 col-sm-4 col-xs-6 col-ss-6 accesorios-3-claveles sacacorchos kad_product\">\n\t<div class=\"grid_item product_item clearfix kt_item_fade_in\"><a href=\"https:\/\/www.cuchillalia.com\/en\/producto\/sacacorchos-alas-3-claveles-tiroles-540\/\" class=\"product_item_link product_img_link\"><div class=\"kad-product-noflipper kt-product-hardcrop kt-product-intrinsic\" style=\"padding-bottom:100%;\"><div class=\"kt-product-animation-contain\"><img decoding=\"async\" src=\"https:\/\/www.cuchillalia.com\/wordpress\/wp-content\/uploads\/2021\/10\/sacacorchos-alas-3-claveles-tiroles-540-300x300.jpg\" srcset=\"https:\/\/www.cuchillalia.com\/wordpress\/wp-content\/uploads\/2021\/10\/sacacorchos-alas-3-claveles-tiroles-540-300x300.jpg 300w, https:\/\/www.cuchillalia.com\/wordpress\/wp-content\/uploads\/2021\/10\/sacacorchos-alas-3-claveles-tiroles-540-200x200.jpg 200w, https:\/\/www.cuchillalia.com\/wordpress\/wp-content\/uploads\/2021\/10\/sacacorchos-alas-3-claveles-tiroles-540-100x100.jpg 100w, https:\/\/www.cuchillalia.com\/wordpress\/wp-content\/uploads\/2021\/10\/sacacorchos-alas-3-claveles-tiroles-540-566x566.jpg 566w, https:\/\/www.cuchillalia.com\/wordpress\/wp-content\/uploads\/2021\/10\/sacacorchos-alas-3-claveles-tiroles-540-1024x1024.jpg 1024w, https:\/\/www.cuchillalia.com\/wordpress\/wp-content\/uploads\/2021\/10\/sacacorchos-alas-3-claveles-tiroles-540-150x150.jpg 150w, https:\/\/www.cuchillalia.com\/wordpress\/wp-content\/uploads\/2021\/10\/sacacorchos-alas-3-claveles-tiroles-540-768x768.jpg 768w, https:\/\/www.cuchillalia.com\/wordpress\/wp-content\/uploads\/2021\/10\/sacacorchos-alas-3-claveles-tiroles-540-720x720.jpg 720w, https:\/\/www.cuchillalia.com\/wordpress\/wp-content\/uploads\/2021\/10\/sacacorchos-alas-3-claveles-tiroles-540-360x360.jpg 360w, https:\/\/www.cuchillalia.com\/wordpress\/wp-content\/uploads\/2021\/10\/sacacorchos-alas-3-claveles-tiroles-540-600x600.jpg 600w, https:\/\/www.cuchillalia.com\/wordpress\/wp-content\/uploads\/2021\/10\/sacacorchos-alas-3-claveles-tiroles-540-400x400.jpg 400w, https:\/\/www.cuchillalia.com\/wordpress\/wp-content\/uploads\/2021\/10\/sacacorchos-alas-3-claveles-tiroles-540.jpg 1200w\" sizes=\"(max-width: 300px) 100vw, 300px\"  alt=\"\" width=\"300\" height=\"300\" class=\"attachment-shop_catalog wp-post-image size-300x300\"><\/div><\/div><\/a> \n\n\t<div class=\"details_product_item\"><div class=\"product_details\"><a href=\"https:\/\/www.cuchillalia.com\/en\/producto\/sacacorchos-alas-3-claveles-tiroles-540\/\" class=\"product_item_link\"><h3 class=\"product_archive_title\">Sacacorchos de alas 3 Claveles Tirol\u00e9s 540<\/h3><\/a><\/div>\t\t\n\t<a href=\"https:\/\/www.cuchillalia.com\/en\/producto\/sacacorchos-alas-3-claveles-tiroles-540\/\"><span class=\"kt-notrated\">not rated<\/span><\/a>\n\t<span class=\"price\"><span class=\"woocommerce-Price-amount amount\"><bdi>5,81<span class=\"woocommerce-Price-currencySymbol\">&euro;<\/span><\/bdi><\/span><\/span>\n<div class=\"clearfix\"><\/div><\/div>\n\t<div class=\"product_action_wrap\"><a href=\"\/en\/wp-json\/wp\/v2\/product\/114001?add-to-cart=156179\" aria-describedby=\"woocommerce_loop_add_to_cart_link_describedby_156179\" data-quantity=\"1\" class=\"button product_type_simple add_to_cart_button ajax_add_to_cart\" data-product_id=\"156179\" data-product_sku=\"3C_00540\" aria-label=\"Add to cart: &ldquo;Sacacorchos de alas 3 Claveles Tirol\u00e9s 540&rdquo;\" rel=\"nofollow\" data-success_message=\"&ldquo;Sacacorchos de alas 3 Claveles Tirol\u00e9s 540&rdquo; has been added to your cart\" role=\"button\">Add to cart<\/a>\t<span id=\"woocommerce_loop_add_to_cart_link_describedby_156179\" class=\"screen-reader-text\">\n\t\t\t<\/span>\n\t\t\t<input type=\"hidden\" class=\"pmwProductId\" data-id=\"156179\">\n\t\t\t\t\t<script>\n\t\t\t(window.pmwDataLayer = window.pmwDataLayer || {}).products                = window.pmwDataLayer.products || {};\n\t\t\twindow.pmwDataLayer.products[156179] = {\"id\":\"156179\",\"sku\":\"3C_00540\",\"price\":5.8099999999999996,\"brand\":\"\",\"quantity\":1,\"dyn_r_ids\":{\"post_id\":\"156179\",\"sku\":\"3C_00540\",\"gpf\":\"woocommerce_gpf_156179\",\"gla\":\"gla_156179\"},\"is_variable\":false,\"type\":\"simple\",\"name\":\"Sacacorchos de alas 3 Claveles Tirol\u00e9s 540\",\"category\":[\"Accesorios de cocina 3 Claveles\",\"Sacacorchos\"],\"is_variation\":false};\n\t\t\t\t\twindow.pmw_product_position = window.pmw_product_position || 1;\n\t\twindow.pmwDataLayer.products[156179]['position'] = window.pmw_product_position++;\n\t\t\t\t<\/script>\n\t\t<\/div><\/div><\/li><li class=\"product type-product post-156183 status-publish instock product_cat-accesorios-3-claveles product_cat-sacacorchos has-post-thumbnail taxable shipping-taxable purchasable product-type-simple col-xxl-2 col-xl-25 col-md-3 col-sm-4 col-xs-6 col-ss-6 accesorios-3-claveles sacacorchos kad_product\">\n\t<div class=\"grid_item product_item clearfix kt_item_fade_in\"><a href=\"https:\/\/www.cuchillalia.com\/en\/producto\/sacacorchos-rosca-3-claveles-bodega-545\/\" class=\"product_item_link product_img_link\"><div class=\"kad-product-noflipper kt-product-hardcrop kt-product-intrinsic\" style=\"padding-bottom:100%;\"><div class=\"kt-product-animation-contain\"><img decoding=\"async\" src=\"https:\/\/www.cuchillalia.com\/wordpress\/wp-content\/uploads\/2021\/10\/sacacorchos-alas-3-claveles-bodega-545-300x300.jpg\" srcset=\"https:\/\/www.cuchillalia.com\/wordpress\/wp-content\/uploads\/2021\/10\/sacacorchos-alas-3-claveles-bodega-545-300x300.jpg 300w, https:\/\/www.cuchillalia.com\/wordpress\/wp-content\/uploads\/2021\/10\/sacacorchos-alas-3-claveles-bodega-545-200x200.jpg 200w, https:\/\/www.cuchillalia.com\/wordpress\/wp-content\/uploads\/2021\/10\/sacacorchos-alas-3-claveles-bodega-545-100x100.jpg 100w, https:\/\/www.cuchillalia.com\/wordpress\/wp-content\/uploads\/2021\/10\/sacacorchos-alas-3-claveles-bodega-545-566x566.jpg 566w, https:\/\/www.cuchillalia.com\/wordpress\/wp-content\/uploads\/2021\/10\/sacacorchos-alas-3-claveles-bodega-545-1024x1024.jpg 1024w, https:\/\/www.cuchillalia.com\/wordpress\/wp-content\/uploads\/2021\/10\/sacacorchos-alas-3-claveles-bodega-545-150x150.jpg 150w, https:\/\/www.cuchillalia.com\/wordpress\/wp-content\/uploads\/2021\/10\/sacacorchos-alas-3-claveles-bodega-545-768x768.jpg 768w, https:\/\/www.cuchillalia.com\/wordpress\/wp-content\/uploads\/2021\/10\/sacacorchos-alas-3-claveles-bodega-545-720x720.jpg 720w, https:\/\/www.cuchillalia.com\/wordpress\/wp-content\/uploads\/2021\/10\/sacacorchos-alas-3-claveles-bodega-545-360x360.jpg 360w, https:\/\/www.cuchillalia.com\/wordpress\/wp-content\/uploads\/2021\/10\/sacacorchos-alas-3-claveles-bodega-545-600x600.jpg 600w, https:\/\/www.cuchillalia.com\/wordpress\/wp-content\/uploads\/2021\/10\/sacacorchos-alas-3-claveles-bodega-545-400x400.jpg 400w, https:\/\/www.cuchillalia.com\/wordpress\/wp-content\/uploads\/2021\/10\/sacacorchos-alas-3-claveles-bodega-545-480x480.jpg 480w, https:\/\/www.cuchillalia.com\/wordpress\/wp-content\/uploads\/2021\/10\/sacacorchos-alas-3-claveles-bodega-545-240x240.jpg 240w, https:\/\/www.cuchillalia.com\/wordpress\/wp-content\/uploads\/2021\/10\/sacacorchos-alas-3-claveles-bodega-545.jpg 1200w\" sizes=\"(max-width: 300px) 100vw, 300px\"  alt=\"Sacacorchos de rosca - 3 Claveles Bodega 545\" width=\"300\" height=\"300\" class=\"attachment-shop_catalog wp-post-image size-300x300\"><\/div><\/div><\/a> \n\n\t<div class=\"details_product_item\"><div class=\"product_details\"><a href=\"https:\/\/www.cuchillalia.com\/en\/producto\/sacacorchos-rosca-3-claveles-bodega-545\/\" class=\"product_item_link\"><h3 class=\"product_archive_title\">Sacacorchos de rosca 3 Claveles Bodega 545<\/h3><\/a><\/div>\t\t\n\t<a href=\"https:\/\/www.cuchillalia.com\/en\/producto\/sacacorchos-rosca-3-claveles-bodega-545\/\"><span class=\"kt-notrated\">not rated<\/span><\/a>\n\t<span class=\"price\"><span class=\"woocommerce-Price-amount amount\"><bdi>8,98<span class=\"woocommerce-Price-currencySymbol\">&euro;<\/span><\/bdi><\/span><\/span>\n<div class=\"clearfix\"><\/div><\/div>\n\t<div class=\"product_action_wrap\"><a href=\"\/en\/wp-json\/wp\/v2\/product\/114001?add-to-cart=156183\" aria-describedby=\"woocommerce_loop_add_to_cart_link_describedby_156183\" data-quantity=\"1\" class=\"button product_type_simple add_to_cart_button ajax_add_to_cart\" data-product_id=\"156183\" data-product_sku=\"3C_00545\" aria-label=\"Add to cart: &ldquo;Sacacorchos de rosca 3 Claveles Bodega 545&rdquo;\" rel=\"nofollow\" data-success_message=\"&ldquo;Sacacorchos de rosca 3 Claveles Bodega 545&rdquo; has been added to your cart\" role=\"button\">Add to cart<\/a>\t<span id=\"woocommerce_loop_add_to_cart_link_describedby_156183\" class=\"screen-reader-text\">\n\t\t\t<\/span>\n\t\t\t<input type=\"hidden\" class=\"pmwProductId\" data-id=\"156183\">\n\t\t\t\t\t<script>\n\t\t\t(window.pmwDataLayer = window.pmwDataLayer || {}).products                = window.pmwDataLayer.products || {};\n\t\t\twindow.pmwDataLayer.products[156183] = {\"id\":\"156183\",\"sku\":\"3C_00545\",\"price\":8.9800000000000004,\"brand\":\"\",\"quantity\":1,\"dyn_r_ids\":{\"post_id\":\"156183\",\"sku\":\"3C_00545\",\"gpf\":\"woocommerce_gpf_156183\",\"gla\":\"gla_156183\"},\"is_variable\":false,\"type\":\"simple\",\"name\":\"Sacacorchos de rosca 3 Claveles Bodega 545\",\"category\":[\"Accesorios de cocina 3 Claveles\",\"Sacacorchos\"],\"is_variation\":false};\n\t\t\t\t\twindow.pmw_product_position = window.pmw_product_position || 1;\n\t\twindow.pmwDataLayer.products[156183]['position'] = window.pmw_product_position++;\n\t\t\t\t<\/script>\n\t\t<\/div><\/div><\/li><\/ul>\n<\/div>\n","protected":false},"excerpt":{"rendered":"<p><strong>Sacacorchos Arcos profesional de palanca manual<\/strong>, referencia <strong>604700<\/strong>. Presentado en caja regalo.&hellip; <a class=\"kt-excerpt-readmore more-link\" href=\"https:\/\/www.cuchillalia.com\/en\/producto\/sacacorchos-arcos-profesional-palanca-604700\/\" aria-label=\"Sacacorchos Arcos Profesional de palanca manual 604700\">Read More<\/a><\/p>\n","protected":false},"featured_media":113998,"comment_status":"open","ping_status":"closed","template":"","meta":[],"product_brand":[],"product_cat":[8367,15598],"product_tag":[],"class_list":{"0":"post-114001","1":"product","2":"type-product","3":"status-publish","4":"has-post-thumbnail","6":"product_cat-sacacorchos","7":"product_cat-sacacorchos-arcos","9":"first","10":"instock","11":"taxable","12":"shipping-taxable","13":"purchasable","14":"product-type-simple"},"yoast_head":"<!-- This site is optimized with the Yoast SEO plugin v27.5 - https:\/\/yoast.com\/product\/yoast-seo-wordpress\/ -->\n<title>Sacacorchos Arcos profesional de palanca | 604700 | Cuchillalia.com<\/title>\n<meta name=\"robots\" content=\"index, follow, max-snippet:-1, max-image-preview:large, max-video-preview:-1\" \/>\n<link rel=\"canonical\" href=\"https:\/\/www.cuchillalia.com\/producto\/sacacorchos-arcos-profesional-palanca-604700\/\" \/>\n<meta property=\"og:locale\" content=\"en_US\" \/>\n<meta property=\"og:type\" content=\"article\" \/>\n<meta property=\"og:title\" content=\"Sacacorchos Arcos profesional de palanca | 604700 | Cuchillalia.com\" \/>\n<meta property=\"og:description\" content=\"Sacacorchos Arcos profesional de palanca manual, referencia 604700. Presentado en caja regalo.&hellip; Read More\" \/>\n<meta property=\"og:url\" content=\"https:\/\/www.cuchillalia.com\/producto\/sacacorchos-arcos-profesional-palanca-604700\/\" \/>\n<meta property=\"og:site_name\" content=\"Cuchillalia.com\" \/>\n<meta property=\"article:publisher\" content=\"http:\/\/www.facebook.com\/cuchillalia\" \/>\n<meta property=\"article:modified_time\" content=\"2026-03-20T11:56:34+00:00\" \/>\n<meta property=\"og:image\" content=\"https:\/\/www.cuchillalia.com\/wordpress\/wp-content\/uploads\/2020\/05\/arcos-604700-sacacorchos-profesional.jpg\" \/>\n\t<meta property=\"og:image:width\" content=\"1600\" \/>\n\t<meta property=\"og:image:height\" content=\"1600\" \/>\n\t<meta property=\"og:image:type\" content=\"image\/jpeg\" \/>\n<meta name=\"twitter:card\" content=\"summary_large_image\" \/>\n<meta name=\"twitter:site\" content=\"@Cuchillalia\" \/>\n<meta name=\"twitter:label1\" content=\"Est. reading time\" \/>\n\t<meta name=\"twitter:data1\" content=\"2 minutes\" \/>\n<!-- \/ Yoast SEO plugin. -->","yoast_head_json":{"title":"Sacacorchos Arcos profesional de palanca | 604700 | Cuchillalia.com","robots":{"index":"index","follow":"follow","max-snippet":"max-snippet:-1","max-image-preview":"max-image-preview:large","max-video-preview":"max-video-preview:-1"},"canonical":"https:\/\/www.cuchillalia.com\/producto\/sacacorchos-arcos-profesional-palanca-604700\/","og_locale":"en_US","og_type":"article","og_title":"Sacacorchos Arcos profesional de palanca | 604700 | Cuchillalia.com","og_description":"Sacacorchos Arcos profesional de palanca manual, referencia 604700. Presentado en caja regalo.&hellip; Read More","og_url":"https:\/\/www.cuchillalia.com\/producto\/sacacorchos-arcos-profesional-palanca-604700\/","og_site_name":"Cuchillalia.com","article_publisher":"http:\/\/www.facebook.com\/cuchillalia","article_modified_time":"2026-03-20T11:56:34+00:00","og_image":[{"width":1600,"height":1600,"url":"https:\/\/www.cuchillalia.com\/wordpress\/wp-content\/uploads\/2020\/05\/arcos-604700-sacacorchos-profesional.jpg","type":"image\/jpeg"}],"twitter_card":"summary_large_image","twitter_site":"@Cuchillalia","twitter_misc":{"Est. reading time":"2 minutes"},"schema":{"@context":"https:\/\/schema.org","@graph":[{"@type":"WebPage","@id":"https:\/\/www.cuchillalia.com\/producto\/sacacorchos-arcos-profesional-palanca-604700\/","url":"https:\/\/www.cuchillalia.com\/producto\/sacacorchos-arcos-profesional-palanca-604700\/","name":"Sacacorchos Arcos profesional de palanca | 604700 | Cuchillalia.com","isPartOf":{"@id":"https:\/\/www.cuchillalia.com\/#website"},"primaryImageOfPage":{"@id":"https:\/\/www.cuchillalia.com\/producto\/sacacorchos-arcos-profesional-palanca-604700\/#primaryimage"},"image":{"@id":"https:\/\/www.cuchillalia.com\/producto\/sacacorchos-arcos-profesional-palanca-604700\/#primaryimage"},"thumbnailUrl":"https:\/\/www.cuchillalia.com\/wordpress\/wp-content\/uploads\/2020\/05\/arcos-604700-sacacorchos-profesional.jpg","datePublished":"2020-05-03T22:13:00+00:00","dateModified":"2026-03-20T11:56:34+00:00","breadcrumb":{"@id":"https:\/\/www.cuchillalia.com\/producto\/sacacorchos-arcos-profesional-palanca-604700\/#breadcrumb"},"inLanguage":"en-US","potentialAction":[{"@type":"ReadAction","target":["https:\/\/www.cuchillalia.com\/producto\/sacacorchos-arcos-profesional-palanca-604700\/"]}]},{"@type":"ImageObject","inLanguage":"en-US","@id":"https:\/\/www.cuchillalia.com\/producto\/sacacorchos-arcos-profesional-palanca-604700\/#primaryimage","url":"https:\/\/www.cuchillalia.com\/wordpress\/wp-content\/uploads\/2020\/05\/arcos-604700-sacacorchos-profesional.jpg","contentUrl":"https:\/\/www.cuchillalia.com\/wordpress\/wp-content\/uploads\/2020\/05\/arcos-604700-sacacorchos-profesional.jpg","width":1600,"height":1600,"caption":"Sacacorchos profesional Arcos 604700 - Cuchillalia"},{"@type":"BreadcrumbList","@id":"https:\/\/www.cuchillalia.com\/producto\/sacacorchos-arcos-profesional-palanca-604700\/#breadcrumb","itemListElement":[{"@type":"ListItem","position":1,"name":"Cuchillalia","item":"https:\/\/www.cuchillalia.com\/en\/"},{"@type":"ListItem","position":2,"name":"Tienda","item":"https:\/\/www.cuchillalia.com\/tienda\/"},{"@type":"ListItem","position":3,"name":"Art\u00edculos de menaje","item":"https:\/\/www.cuchillalia.com\/categoria\/menaje\/"},{"@type":"ListItem","position":4,"name":"Sacacorchos","item":"https:\/\/www.cuchillalia.com\/categoria\/menaje\/sacacorchos\/"},{"@type":"ListItem","position":5,"name":"Sacacorchos Arcos Profesional de palanca manual 604700"}]},{"@type":"WebSite","@id":"https:\/\/www.cuchillalia.com\/#website","url":"https:\/\/www.cuchillalia.com\/","name":"Cuchillalia.com","description":"","publisher":{"@id":"https:\/\/www.cuchillalia.com\/#organization"},"potentialAction":[{"@type":"SearchAction","target":{"@type":"EntryPoint","urlTemplate":"https:\/\/www.cuchillalia.com\/?s={search_term_string}"},"query-input":{"@type":"PropertyValueSpecification","valueRequired":true,"valueName":"search_term_string"}}],"inLanguage":"en-US"},{"@type":"Organization","@id":"https:\/\/www.cuchillalia.com\/#organization","name":"Cuchillalia","url":"https:\/\/www.cuchillalia.com\/","logo":{"@type":"ImageObject","inLanguage":"en-US","@id":"https:\/\/www.cuchillalia.com\/#\/schema\/logo\/image\/","url":"https:\/\/www.cuchillalia.com\/wordpress\/wp-content\/uploads\/2021\/03\/logo-cuchillalia-jpg.jpg","contentUrl":"https:\/\/www.cuchillalia.com\/wordpress\/wp-content\/uploads\/2021\/03\/logo-cuchillalia-jpg.jpg","width":276,"height":192,"caption":"Cuchillalia"},"image":{"@id":"https:\/\/www.cuchillalia.com\/#\/schema\/logo\/image\/"},"sameAs":["http:\/\/www.facebook.com\/cuchillalia","https:\/\/x.com\/Cuchillalia"]}]}},"_links":{"self":[{"href":"https:\/\/www.cuchillalia.com\/en\/wp-json\/wp\/v2\/product\/114001","targetHints":{"allow":["GET"]}}],"collection":[{"href":"https:\/\/www.cuchillalia.com\/en\/wp-json\/wp\/v2\/product"}],"about":[{"href":"https:\/\/www.cuchillalia.com\/en\/wp-json\/wp\/v2\/types\/product"}],"replies":[{"embeddable":true,"href":"https:\/\/www.cuchillalia.com\/en\/wp-json\/wp\/v2\/comments?post=114001"}],"wp:featuredmedia":[{"embeddable":true,"href":"https:\/\/www.cuchillalia.com\/en\/wp-json\/wp\/v2\/media\/113998"}],"wp:attachment":[{"href":"https:\/\/www.cuchillalia.com\/en\/wp-json\/wp\/v2\/media?parent=114001"}],"wp:term":[{"taxonomy":"product_brand","embeddable":true,"href":"https:\/\/www.cuchillalia.com\/en\/wp-json\/wp\/v2\/product_brand?post=114001"},{"taxonomy":"product_cat","embeddable":true,"href":"https:\/\/www.cuchillalia.com\/en\/wp-json\/wp\/v2\/product_cat?post=114001"},{"taxonomy":"product_tag","embeddable":true,"href":"https:\/\/www.cuchillalia.com\/en\/wp-json\/wp\/v2\/product_tag?post=114001"}],"curies":[{"name":"wp","href":"https:\/\/api.w.org\/{rel}","templated":true}]}}