{"id":113995,"date":"2020-05-03T23:56:18","date_gmt":"2020-05-03T21:56:18","guid":{"rendered":"https:\/\/www.cuchillalia.com\/?post_type=product&#038;p=113995"},"modified":"2026-03-20T12:56:34","modified_gmt":"2026-03-20T11:56:34","slug":"sacacorchos-alas-manual-arcos-603400","status":"publish","type":"product","link":"https:\/\/www.cuchillalia.com\/en\/producto\/sacacorchos-alas-manual-arcos-603400\/","title":{"rendered":"Sacacorchos de alas Arcos 603400"},"content":{"rendered":"<p>El <strong>sacacorchos de alas Arcos<\/strong> es un pr\u00e1ctico accesorio para cualquier persona que quiera abrir una botella de vino de forma r\u00e1pida y f\u00e1cil.<\/p>\n<p>La calidad de este sacacorchos es evidente en su construcci\u00f3n s\u00f3lida y duradera. Fabricado por Arcos, una de las marcas l\u00edderes en el sector de cuchillos y accesorios de cocina, este sacacorchos es una inversi\u00f3n que durar\u00e1 muchos a\u00f1os. El mango ergon\u00f3mico ofrece un agarre c\u00f3modo y seguro, lo que lo hace f\u00e1cil de usar incluso durante largos periodos de tiempo.<\/p>\n<p>Puedes ver otros <a href='https:\/\/www.cuchillalia.com\/categoria\/marcas\/arcos\/sacacorchos-arcos\/'><strong>sacacorchos de Arcos<\/strong><\/a> en nuestra secci\u00f3n.<\/p>\n<p>Este <strong>sacacorchos de alas de Arcos<\/strong>\u00a0es perfecto para cualquier persona que busque un accesorio de vino confiable y f\u00e1cil de usar. Es ideal para cenas, fiestas o cualquier otra ocasi\u00f3n en la que se quiera disfrutar de una botella de vino. Adem\u00e1s, su dise\u00f1o elegante y atemporal hace que sea un regalo perfecto para cualquier amante del vino.<\/p>\n<h2>Modo de uso<\/h2>\n<p>El dise\u00f1o de alas de este sacacorchos es lo que lo hace tan f\u00e1cil de usar:<\/p>\n<ul>\n<li>Retira la c\u00e1psula de papel de aluminio.<\/li>\n<li>Coloca el sacacorchos sobre el tap\u00f3n de corcho.<\/li>\n<li>Gira la cabeza superior para que la espiral entre en el tap\u00f3n mientras las alas ir\u00e1n subiendo.<\/li>\n<li>Tira de las alas hacia abajo, lo que provocar\u00e1 que salga el tap\u00f3n con poco esfuerzo.<\/li>\n<\/ul>\n<p>Este sacacorchos es tan f\u00e1cil de usar que incluso los principiantes pueden abrir una botella de vino sin problemas.<\/p>\n<h2>Tabla de caracter\u00edsticas sacacorchos de alas manual Arcos<\/h2>\n<div class='tabla-caracteristicas'>\n<div class='fila'><span class='etiqueta'>Nombre comercial:<\/span><span class='valor'><strong>Sacacorchos de alas<\/strong><\/span><\/div>\n<div class='fila'><span class='etiqueta'>Fabricante:<\/span><span class='valor'>Arcos<\/span><\/div>\n<div class='fila'><span class='etiqueta'>Referencia del fabricante:<\/span><span class='valor'>603400<\/span><\/div>\n<div class='fila'><span class='etiqueta'>Material:<\/span><span class='valor'>Aleaci\u00f3n de zinc<\/span><\/div>\n<div class='fila'><span class='etiqueta'>\u00bfEs apto para zurdos?:<\/span><span class='valor'>Para diestros y zurdos<\/span><\/div>\n<div class='fila'><span class='etiqueta'>Presentaci\u00f3n del producto:<\/span><span class='valor'>Caja para regalo<\/span><\/div>\n<div class='fila'><span class='etiqueta'>\u00bfQu\u00e9 garant\u00eda tiene?:<\/span><span class='valor'>10 a\u00f1os contra todo defecto de fabricaci\u00f3n, siempre que del producto se haga un uso racional para el cual ha sido fabricado.<\/span><\/div>\n<div class='fila'><span class='etiqueta'>C\u00f3digo de barras (GTIN):<\/span><span class='valor'>8421002603402<\/span><\/div>\n<\/div>\n<h2>Alternativas al sacacorchos de alas<\/h2>\n<p>En Cuchillalia.com disponemos de varios modelos diferentes de <a href='https:\/\/www.cuchillalia.com\/categoria\/menaje\/sacacorchos\/'><strong>sacacorchos de alas<\/strong><\/a> o de otros tipos como los siguientes:<\/p>\n<div class=\"woocommerce columns-4 \"><ul class=\"products kad_product_wrapper rowtight shopcolumn4 shopfullwidth init-isotope-intrinsic kt-show-rating  reinit-isotope\" data-nextselector=\".woocommerce-pagination a.next\" data-navselector=\".woocommerce-pagination\" data-itemselector=\".kad_product\" data-itemloadselector=\".kt_item_fade_in\" data-iso-selector=\".kad_product\" data-iso-style=\"fitRows\" data-iso-filter=\"true\">\n<li class=\"product type-product post-114001 status-publish first instock product_cat-sacacorchos product_cat-sacacorchos-arcos has-post-thumbnail taxable shipping-taxable purchasable product-type-simple col-xxl-2 col-xl-25 col-md-3 col-sm-4 col-xs-6 col-ss-6 sacacorchos sacacorchos-arcos kad_product\">\n\t<div class=\"grid_item product_item clearfix kt_item_fade_in\"><a href=\"https:\/\/www.cuchillalia.com\/en\/producto\/sacacorchos-arcos-profesional-palanca-604700\/\" class=\"product_item_link product_img_link\"><div class=\"kad-product-noflipper kt-product-hardcrop kt-product-intrinsic\" style=\"padding-bottom:100%;\"><div class=\"kt-product-animation-contain\"><img decoding=\"async\" src=\"https:\/\/www.cuchillalia.com\/wordpress\/wp-content\/uploads\/2020\/05\/arcos-604700-sacacorchos-profesional-300x300.jpg\" srcset=\"https:\/\/www.cuchillalia.com\/wordpress\/wp-content\/uploads\/2020\/05\/arcos-604700-sacacorchos-profesional-300x300.jpg 300w, https:\/\/www.cuchillalia.com\/wordpress\/wp-content\/uploads\/2020\/05\/arcos-604700-sacacorchos-profesional-200x200.jpg 200w, https:\/\/www.cuchillalia.com\/wordpress\/wp-content\/uploads\/2020\/05\/arcos-604700-sacacorchos-profesional-100x100.jpg 100w, https:\/\/www.cuchillalia.com\/wordpress\/wp-content\/uploads\/2020\/05\/arcos-604700-sacacorchos-profesional-566x566.jpg 566w, https:\/\/www.cuchillalia.com\/wordpress\/wp-content\/uploads\/2020\/05\/arcos-604700-sacacorchos-profesional-1024x1024.jpg 1024w, https:\/\/www.cuchillalia.com\/wordpress\/wp-content\/uploads\/2020\/05\/arcos-604700-sacacorchos-profesional-150x150.jpg 150w, https:\/\/www.cuchillalia.com\/wordpress\/wp-content\/uploads\/2020\/05\/arcos-604700-sacacorchos-profesional-768x768.jpg 768w, https:\/\/www.cuchillalia.com\/wordpress\/wp-content\/uploads\/2020\/05\/arcos-604700-sacacorchos-profesional-1536x1536.jpg 1536w, https:\/\/www.cuchillalia.com\/wordpress\/wp-content\/uploads\/2020\/05\/arcos-604700-sacacorchos-profesional-720x720.jpg 720w, https:\/\/www.cuchillalia.com\/wordpress\/wp-content\/uploads\/2020\/05\/arcos-604700-sacacorchos-profesional-360x360.jpg 360w, https:\/\/www.cuchillalia.com\/wordpress\/wp-content\/uploads\/2020\/05\/arcos-604700-sacacorchos-profesional-600x600.jpg 600w, https:\/\/www.cuchillalia.com\/wordpress\/wp-content\/uploads\/2020\/05\/arcos-604700-sacacorchos-profesional-800x800.jpg 800w, https:\/\/www.cuchillalia.com\/wordpress\/wp-content\/uploads\/2020\/05\/arcos-604700-sacacorchos-profesional-400x400.jpg 400w, https:\/\/www.cuchillalia.com\/wordpress\/wp-content\/uploads\/2020\/05\/arcos-604700-sacacorchos-profesional.jpg 1600w\" sizes=\"(max-width: 300px) 100vw, 300px\"  alt=\"Sacacorchos profesional Arcos 604700 - Cuchillalia\" width=\"300\" height=\"300\" class=\"attachment-shop_catalog wp-post-image size-300x300\"><\/div><\/div><\/a> \n\n\t<div class=\"details_product_item\"><div class=\"product_details\"><a href=\"https:\/\/www.cuchillalia.com\/en\/producto\/sacacorchos-arcos-profesional-palanca-604700\/\" class=\"product_item_link\"><h3 class=\"product_archive_title\">Sacacorchos Arcos Profesional de palanca manual 604700<\/h3><\/a><\/div>\t\t\n\t<a href=\"https:\/\/www.cuchillalia.com\/en\/producto\/sacacorchos-arcos-profesional-palanca-604700\/\"><div class=\"star-rating\" role=\"img\" aria-label=\"Rated 5.00 out of 5\"><span style=\"width:100%\">Rated <strong class=\"rating\">5.00<\/strong> out of 5<\/span><\/div><\/a>\n\t<span class=\"price\"><span class=\"woocommerce-Price-amount amount\"><bdi>35,47<span class=\"woocommerce-Price-currencySymbol\">&euro;<\/span><\/bdi><\/span><\/span>\n<div class=\"clearfix\"><\/div><\/div>\n\t<div class=\"product_action_wrap\"><a href=\"\/en\/wp-json\/wp\/v2\/product\/113995?add-to-cart=114001\" aria-describedby=\"woocommerce_loop_add_to_cart_link_describedby_114001\" data-quantity=\"1\" class=\"button product_type_simple add_to_cart_button ajax_add_to_cart\" data-product_id=\"114001\" data-product_sku=\"AR_604700\" aria-label=\"Add to cart: &ldquo;Sacacorchos Arcos Profesional de palanca manual 604700&rdquo;\" rel=\"nofollow\" data-success_message=\"&ldquo;Sacacorchos Arcos Profesional de palanca manual 604700&rdquo; has been added to your cart\" role=\"button\">Add to cart<\/a>\t<span id=\"woocommerce_loop_add_to_cart_link_describedby_114001\" class=\"screen-reader-text\">\n\t\t\t<\/span>\n\t\t\t<input type=\"hidden\" class=\"pmwProductId\" data-id=\"114001\">\n\t\t\t\t\t<script>\n\t\t\t(window.pmwDataLayer = window.pmwDataLayer || {}).products                = window.pmwDataLayer.products || {};\n\t\t\twindow.pmwDataLayer.products[114001] = {\"id\":\"114001\",\"sku\":\"AR_604700\",\"price\":35.469999999999999,\"brand\":\"\",\"quantity\":1,\"dyn_r_ids\":{\"post_id\":\"114001\",\"sku\":\"AR_604700\",\"gpf\":\"woocommerce_gpf_114001\",\"gla\":\"gla_114001\"},\"is_variable\":false,\"type\":\"simple\",\"name\":\"Sacacorchos Arcos Profesional de palanca manual 604700\",\"category\":[\"Sacacorchos\",\"Sacacorchos Arcos\"],\"is_variation\":false};\n\t\t\t\t\twindow.pmw_product_position = window.pmw_product_position || 1;\n\t\twindow.pmwDataLayer.products[114001]['position'] = window.pmw_product_position++;\n\t\t\t\t<\/script>\n\t\t<\/div><\/div><\/li><li class=\"product type-product post-156179 status-publish instock product_cat-accesorios-3-claveles product_cat-sacacorchos has-post-thumbnail taxable shipping-taxable purchasable product-type-simple col-xxl-2 col-xl-25 col-md-3 col-sm-4 col-xs-6 col-ss-6 accesorios-3-claveles sacacorchos kad_product\">\n\t<div class=\"grid_item product_item clearfix kt_item_fade_in\"><a href=\"https:\/\/www.cuchillalia.com\/en\/producto\/sacacorchos-alas-3-claveles-tiroles-540\/\" class=\"product_item_link product_img_link\"><div class=\"kad-product-noflipper kt-product-hardcrop kt-product-intrinsic\" style=\"padding-bottom:100%;\"><div class=\"kt-product-animation-contain\"><img decoding=\"async\" src=\"https:\/\/www.cuchillalia.com\/wordpress\/wp-content\/uploads\/2021\/10\/sacacorchos-alas-3-claveles-tiroles-540-300x300.jpg\" srcset=\"https:\/\/www.cuchillalia.com\/wordpress\/wp-content\/uploads\/2021\/10\/sacacorchos-alas-3-claveles-tiroles-540-300x300.jpg 300w, https:\/\/www.cuchillalia.com\/wordpress\/wp-content\/uploads\/2021\/10\/sacacorchos-alas-3-claveles-tiroles-540-200x200.jpg 200w, https:\/\/www.cuchillalia.com\/wordpress\/wp-content\/uploads\/2021\/10\/sacacorchos-alas-3-claveles-tiroles-540-100x100.jpg 100w, https:\/\/www.cuchillalia.com\/wordpress\/wp-content\/uploads\/2021\/10\/sacacorchos-alas-3-claveles-tiroles-540-566x566.jpg 566w, https:\/\/www.cuchillalia.com\/wordpress\/wp-content\/uploads\/2021\/10\/sacacorchos-alas-3-claveles-tiroles-540-1024x1024.jpg 1024w, https:\/\/www.cuchillalia.com\/wordpress\/wp-content\/uploads\/2021\/10\/sacacorchos-alas-3-claveles-tiroles-540-150x150.jpg 150w, https:\/\/www.cuchillalia.com\/wordpress\/wp-content\/uploads\/2021\/10\/sacacorchos-alas-3-claveles-tiroles-540-768x768.jpg 768w, https:\/\/www.cuchillalia.com\/wordpress\/wp-content\/uploads\/2021\/10\/sacacorchos-alas-3-claveles-tiroles-540-720x720.jpg 720w, https:\/\/www.cuchillalia.com\/wordpress\/wp-content\/uploads\/2021\/10\/sacacorchos-alas-3-claveles-tiroles-540-360x360.jpg 360w, https:\/\/www.cuchillalia.com\/wordpress\/wp-content\/uploads\/2021\/10\/sacacorchos-alas-3-claveles-tiroles-540-600x600.jpg 600w, https:\/\/www.cuchillalia.com\/wordpress\/wp-content\/uploads\/2021\/10\/sacacorchos-alas-3-claveles-tiroles-540-400x400.jpg 400w, https:\/\/www.cuchillalia.com\/wordpress\/wp-content\/uploads\/2021\/10\/sacacorchos-alas-3-claveles-tiroles-540.jpg 1200w\" sizes=\"(max-width: 300px) 100vw, 300px\"  alt=\"\" width=\"300\" height=\"300\" class=\"attachment-shop_catalog wp-post-image size-300x300\"><\/div><\/div><\/a> \n\n\t<div class=\"details_product_item\"><div class=\"product_details\"><a href=\"https:\/\/www.cuchillalia.com\/en\/producto\/sacacorchos-alas-3-claveles-tiroles-540\/\" class=\"product_item_link\"><h3 class=\"product_archive_title\">Sacacorchos de alas 3 Claveles Tirol\u00e9s 540<\/h3><\/a><\/div>\t\t\n\t<a href=\"https:\/\/www.cuchillalia.com\/en\/producto\/sacacorchos-alas-3-claveles-tiroles-540\/\"><span class=\"kt-notrated\">not rated<\/span><\/a>\n\t<span class=\"price\"><span class=\"woocommerce-Price-amount amount\"><bdi>5,81<span class=\"woocommerce-Price-currencySymbol\">&euro;<\/span><\/bdi><\/span><\/span>\n<div class=\"clearfix\"><\/div><\/div>\n\t<div class=\"product_action_wrap\"><a href=\"\/en\/wp-json\/wp\/v2\/product\/113995?add-to-cart=156179\" aria-describedby=\"woocommerce_loop_add_to_cart_link_describedby_156179\" data-quantity=\"1\" class=\"button product_type_simple add_to_cart_button ajax_add_to_cart\" data-product_id=\"156179\" data-product_sku=\"3C_00540\" aria-label=\"Add to cart: &ldquo;Sacacorchos de alas 3 Claveles Tirol\u00e9s 540&rdquo;\" rel=\"nofollow\" data-success_message=\"&ldquo;Sacacorchos de alas 3 Claveles Tirol\u00e9s 540&rdquo; has been added to your cart\" role=\"button\">Add to cart<\/a>\t<span id=\"woocommerce_loop_add_to_cart_link_describedby_156179\" class=\"screen-reader-text\">\n\t\t\t<\/span>\n\t\t\t<input type=\"hidden\" class=\"pmwProductId\" data-id=\"156179\">\n\t\t\t\t\t<script>\n\t\t\t(window.pmwDataLayer = window.pmwDataLayer || {}).products                = window.pmwDataLayer.products || {};\n\t\t\twindow.pmwDataLayer.products[156179] = {\"id\":\"156179\",\"sku\":\"3C_00540\",\"price\":5.8099999999999996,\"brand\":\"\",\"quantity\":1,\"dyn_r_ids\":{\"post_id\":\"156179\",\"sku\":\"3C_00540\",\"gpf\":\"woocommerce_gpf_156179\",\"gla\":\"gla_156179\"},\"is_variable\":false,\"type\":\"simple\",\"name\":\"Sacacorchos de alas 3 Claveles Tirol\u00e9s 540\",\"category\":[\"Accesorios de cocina 3 Claveles\",\"Sacacorchos\"],\"is_variation\":false};\n\t\t\t\t\twindow.pmw_product_position = window.pmw_product_position || 1;\n\t\twindow.pmwDataLayer.products[156179]['position'] = window.pmw_product_position++;\n\t\t\t\t<\/script>\n\t\t<\/div><\/div><\/li><li class=\"product type-product post-156184 status-publish instock product_cat-accesorios-3-claveles product_cat-sacacorchos has-post-thumbnail taxable shipping-taxable purchasable product-type-simple col-xxl-2 col-xl-25 col-md-3 col-sm-4 col-xs-6 col-ss-6 accesorios-3-claveles sacacorchos kad_product\">\n\t<div class=\"grid_item product_item clearfix kt_item_fade_in\"><a href=\"https:\/\/www.cuchillalia.com\/en\/producto\/sacacorchos-alas-3-claveles-chef-550\/\" class=\"product_item_link product_img_link\"><div class=\"kad-product-noflipper kt-product-hardcrop kt-product-intrinsic\" style=\"padding-bottom:100%;\"><div class=\"kt-product-animation-contain\"><img decoding=\"async\" src=\"https:\/\/www.cuchillalia.com\/wordpress\/wp-content\/uploads\/2021\/10\/sacacorchos-alas-3-claveles-chef-550-300x300.jpg\" srcset=\"https:\/\/www.cuchillalia.com\/wordpress\/wp-content\/uploads\/2021\/10\/sacacorchos-alas-3-claveles-chef-550-300x300.jpg 300w, https:\/\/www.cuchillalia.com\/wordpress\/wp-content\/uploads\/2021\/10\/sacacorchos-alas-3-claveles-chef-550-200x200.jpg 200w, https:\/\/www.cuchillalia.com\/wordpress\/wp-content\/uploads\/2021\/10\/sacacorchos-alas-3-claveles-chef-550-100x100.jpg 100w, https:\/\/www.cuchillalia.com\/wordpress\/wp-content\/uploads\/2021\/10\/sacacorchos-alas-3-claveles-chef-550-566x566.jpg 566w, https:\/\/www.cuchillalia.com\/wordpress\/wp-content\/uploads\/2021\/10\/sacacorchos-alas-3-claveles-chef-550-1024x1024.jpg 1024w, https:\/\/www.cuchillalia.com\/wordpress\/wp-content\/uploads\/2021\/10\/sacacorchos-alas-3-claveles-chef-550-150x150.jpg 150w, https:\/\/www.cuchillalia.com\/wordpress\/wp-content\/uploads\/2021\/10\/sacacorchos-alas-3-claveles-chef-550-768x768.jpg 768w, https:\/\/www.cuchillalia.com\/wordpress\/wp-content\/uploads\/2021\/10\/sacacorchos-alas-3-claveles-chef-550-720x720.jpg 720w, https:\/\/www.cuchillalia.com\/wordpress\/wp-content\/uploads\/2021\/10\/sacacorchos-alas-3-claveles-chef-550-360x360.jpg 360w, https:\/\/www.cuchillalia.com\/wordpress\/wp-content\/uploads\/2021\/10\/sacacorchos-alas-3-claveles-chef-550-600x600.jpg 600w, https:\/\/www.cuchillalia.com\/wordpress\/wp-content\/uploads\/2021\/10\/sacacorchos-alas-3-claveles-chef-550-400x400.jpg 400w, https:\/\/www.cuchillalia.com\/wordpress\/wp-content\/uploads\/2021\/10\/sacacorchos-alas-3-claveles-chef-550.jpg 1200w\" sizes=\"(max-width: 300px) 100vw, 300px\"  alt=\"Sacacorchos de alas con descapsulador - 3 Claveles Chef 540\" width=\"300\" height=\"300\" class=\"attachment-shop_catalog wp-post-image size-300x300\"><\/div><\/div><\/a> \n\n\t<div class=\"details_product_item\"><div class=\"product_details\"><a href=\"https:\/\/www.cuchillalia.com\/en\/producto\/sacacorchos-alas-3-claveles-chef-550\/\" class=\"product_item_link\"><h3 class=\"product_archive_title\">Sacacorchos de alas 3 Claveles Chef 550<\/h3><\/a><\/div>\t\t\n\t<a href=\"https:\/\/www.cuchillalia.com\/en\/producto\/sacacorchos-alas-3-claveles-chef-550\/\"><span class=\"kt-notrated\">not rated<\/span><\/a>\n\t<span class=\"price\"><span class=\"woocommerce-Price-amount amount\"><bdi>10,39<span class=\"woocommerce-Price-currencySymbol\">&euro;<\/span><\/bdi><\/span><\/span>\n<div class=\"clearfix\"><\/div><\/div>\n\t<div class=\"product_action_wrap\"><a href=\"\/en\/wp-json\/wp\/v2\/product\/113995?add-to-cart=156184\" aria-describedby=\"woocommerce_loop_add_to_cart_link_describedby_156184\" data-quantity=\"1\" class=\"button product_type_simple add_to_cart_button ajax_add_to_cart\" data-product_id=\"156184\" data-product_sku=\"3C_00550\" aria-label=\"Add to cart: &ldquo;Sacacorchos de alas 3 Claveles Chef 550&rdquo;\" rel=\"nofollow\" data-success_message=\"&ldquo;Sacacorchos de alas 3 Claveles Chef 550&rdquo; has been added to your cart\" role=\"button\">Add to cart<\/a>\t<span id=\"woocommerce_loop_add_to_cart_link_describedby_156184\" class=\"screen-reader-text\">\n\t\t\t<\/span>\n\t\t\t<input type=\"hidden\" class=\"pmwProductId\" data-id=\"156184\">\n\t\t\t\t\t<script>\n\t\t\t(window.pmwDataLayer = window.pmwDataLayer || {}).products                = window.pmwDataLayer.products || {};\n\t\t\twindow.pmwDataLayer.products[156184] = {\"id\":\"156184\",\"sku\":\"3C_00550\",\"price\":10.390000000000001,\"brand\":\"\",\"quantity\":1,\"dyn_r_ids\":{\"post_id\":\"156184\",\"sku\":\"3C_00550\",\"gpf\":\"woocommerce_gpf_156184\",\"gla\":\"gla_156184\"},\"is_variable\":false,\"type\":\"simple\",\"name\":\"Sacacorchos de alas 3 Claveles Chef 550\",\"category\":[\"Accesorios de cocina 3 Claveles\",\"Sacacorchos\"],\"is_variation\":false};\n\t\t\t\t\twindow.pmw_product_position = window.pmw_product_position || 1;\n\t\twindow.pmwDataLayer.products[156184]['position'] = window.pmw_product_position++;\n\t\t\t\t<\/script>\n\t\t<\/div><\/div><\/li><\/ul>\n<\/div>\n","protected":false},"excerpt":{"rendered":"<p><strong>Sacacorchos de alas Arcos<\/strong>, en aleaci\u00f3n de zinc, referencia <strong>603400<\/strong>. Presentado en caja regalo.&hellip; <a class=\"kt-excerpt-readmore more-link\" href=\"https:\/\/www.cuchillalia.com\/en\/producto\/sacacorchos-alas-manual-arcos-603400\/\" aria-label=\"Sacacorchos de alas Arcos 603400\">Read More<\/a><\/p>\n","protected":false},"featured_media":113996,"comment_status":"open","ping_status":"closed","template":"","meta":[],"product_brand":[],"product_cat":[8367,15598],"product_tag":[],"class_list":{"0":"post-113995","1":"product","2":"type-product","3":"status-publish","4":"has-post-thumbnail","6":"product_cat-sacacorchos","7":"product_cat-sacacorchos-arcos","9":"first","10":"instock","11":"taxable","12":"shipping-taxable","13":"purchasable","14":"product-type-simple"},"yoast_head":"<!-- This site is optimized with the Yoast SEO plugin v27.5 - https:\/\/yoast.com\/product\/yoast-seo-wordpress\/ -->\n<title>Sacacorchos de alas Arcos | Cuchillalia.com<\/title>\n<meta name=\"robots\" content=\"index, follow, max-snippet:-1, max-image-preview:large, max-video-preview:-1\" \/>\n<link rel=\"canonical\" href=\"https:\/\/www.cuchillalia.com\/producto\/sacacorchos-alas-manual-arcos-603400\/\" \/>\n<meta property=\"og:locale\" content=\"en_US\" \/>\n<meta property=\"og:type\" content=\"article\" \/>\n<meta property=\"og:title\" content=\"Sacacorchos de alas Arcos | Cuchillalia.com\" \/>\n<meta property=\"og:description\" content=\"Sacacorchos de alas Arcos, en aleaci\u00f3n de zinc, referencia 603400. Presentado en caja regalo.&hellip; Read More\" \/>\n<meta property=\"og:url\" content=\"https:\/\/www.cuchillalia.com\/producto\/sacacorchos-alas-manual-arcos-603400\/\" \/>\n<meta property=\"og:site_name\" content=\"Cuchillalia.com\" \/>\n<meta property=\"article:publisher\" content=\"http:\/\/www.facebook.com\/cuchillalia\" \/>\n<meta property=\"article:modified_time\" content=\"2026-03-20T11:56:34+00:00\" \/>\n<meta property=\"og:image\" content=\"https:\/\/www.cuchillalia.com\/wordpress\/wp-content\/uploads\/2020\/05\/arcos-603400-sacacorchos-rotated.jpg\" \/>\n\t<meta property=\"og:image:width\" content=\"1600\" \/>\n\t<meta property=\"og:image:height\" content=\"1600\" \/>\n\t<meta property=\"og:image:type\" content=\"image\/jpeg\" \/>\n<meta name=\"twitter:card\" content=\"summary_large_image\" \/>\n<meta name=\"twitter:site\" content=\"@Cuchillalia\" \/>\n<meta name=\"twitter:label1\" content=\"Est. reading time\" \/>\n\t<meta name=\"twitter:data1\" content=\"2 minutes\" \/>\n<!-- \/ Yoast SEO plugin. -->","yoast_head_json":{"title":"Sacacorchos de alas Arcos | Cuchillalia.com","robots":{"index":"index","follow":"follow","max-snippet":"max-snippet:-1","max-image-preview":"max-image-preview:large","max-video-preview":"max-video-preview:-1"},"canonical":"https:\/\/www.cuchillalia.com\/producto\/sacacorchos-alas-manual-arcos-603400\/","og_locale":"en_US","og_type":"article","og_title":"Sacacorchos de alas Arcos | Cuchillalia.com","og_description":"Sacacorchos de alas Arcos, en aleaci\u00f3n de zinc, referencia 603400. Presentado en caja regalo.&hellip; Read More","og_url":"https:\/\/www.cuchillalia.com\/producto\/sacacorchos-alas-manual-arcos-603400\/","og_site_name":"Cuchillalia.com","article_publisher":"http:\/\/www.facebook.com\/cuchillalia","article_modified_time":"2026-03-20T11:56:34+00:00","og_image":[{"width":1600,"height":1600,"url":"https:\/\/www.cuchillalia.com\/wordpress\/wp-content\/uploads\/2020\/05\/arcos-603400-sacacorchos-rotated.jpg","type":"image\/jpeg"}],"twitter_card":"summary_large_image","twitter_site":"@Cuchillalia","twitter_misc":{"Est. reading time":"2 minutes"},"schema":{"@context":"https:\/\/schema.org","@graph":[{"@type":"WebPage","@id":"https:\/\/www.cuchillalia.com\/producto\/sacacorchos-alas-manual-arcos-603400\/","url":"https:\/\/www.cuchillalia.com\/producto\/sacacorchos-alas-manual-arcos-603400\/","name":"Sacacorchos de alas Arcos | Cuchillalia.com","isPartOf":{"@id":"https:\/\/www.cuchillalia.com\/#website"},"primaryImageOfPage":{"@id":"https:\/\/www.cuchillalia.com\/producto\/sacacorchos-alas-manual-arcos-603400\/#primaryimage"},"image":{"@id":"https:\/\/www.cuchillalia.com\/producto\/sacacorchos-alas-manual-arcos-603400\/#primaryimage"},"thumbnailUrl":"https:\/\/www.cuchillalia.com\/wordpress\/wp-content\/uploads\/2020\/05\/arcos-603400-sacacorchos-rotated.jpg","datePublished":"2020-05-03T21:56:18+00:00","dateModified":"2026-03-20T11:56:34+00:00","breadcrumb":{"@id":"https:\/\/www.cuchillalia.com\/producto\/sacacorchos-alas-manual-arcos-603400\/#breadcrumb"},"inLanguage":"en-US","potentialAction":[{"@type":"ReadAction","target":["https:\/\/www.cuchillalia.com\/producto\/sacacorchos-alas-manual-arcos-603400\/"]}]},{"@type":"ImageObject","inLanguage":"en-US","@id":"https:\/\/www.cuchillalia.com\/producto\/sacacorchos-alas-manual-arcos-603400\/#primaryimage","url":"https:\/\/www.cuchillalia.com\/wordpress\/wp-content\/uploads\/2020\/05\/arcos-603400-sacacorchos-rotated.jpg","contentUrl":"https:\/\/www.cuchillalia.com\/wordpress\/wp-content\/uploads\/2020\/05\/arcos-603400-sacacorchos-rotated.jpg","width":1600,"height":1600,"caption":"Sacacorchos de alas Arcos 603400 - Cuchillalia"},{"@type":"BreadcrumbList","@id":"https:\/\/www.cuchillalia.com\/producto\/sacacorchos-alas-manual-arcos-603400\/#breadcrumb","itemListElement":[{"@type":"ListItem","position":1,"name":"Cuchillalia","item":"https:\/\/www.cuchillalia.com\/en\/"},{"@type":"ListItem","position":2,"name":"Tienda","item":"https:\/\/www.cuchillalia.com\/tienda\/"},{"@type":"ListItem","position":3,"name":"Art\u00edculos de menaje","item":"https:\/\/www.cuchillalia.com\/categoria\/menaje\/"},{"@type":"ListItem","position":4,"name":"Sacacorchos","item":"https:\/\/www.cuchillalia.com\/categoria\/menaje\/sacacorchos\/"},{"@type":"ListItem","position":5,"name":"Sacacorchos de alas Arcos 603400"}]},{"@type":"WebSite","@id":"https:\/\/www.cuchillalia.com\/#website","url":"https:\/\/www.cuchillalia.com\/","name":"Cuchillalia.com","description":"","publisher":{"@id":"https:\/\/www.cuchillalia.com\/#organization"},"potentialAction":[{"@type":"SearchAction","target":{"@type":"EntryPoint","urlTemplate":"https:\/\/www.cuchillalia.com\/?s={search_term_string}"},"query-input":{"@type":"PropertyValueSpecification","valueRequired":true,"valueName":"search_term_string"}}],"inLanguage":"en-US"},{"@type":"Organization","@id":"https:\/\/www.cuchillalia.com\/#organization","name":"Cuchillalia","url":"https:\/\/www.cuchillalia.com\/","logo":{"@type":"ImageObject","inLanguage":"en-US","@id":"https:\/\/www.cuchillalia.com\/#\/schema\/logo\/image\/","url":"https:\/\/www.cuchillalia.com\/wordpress\/wp-content\/uploads\/2021\/03\/logo-cuchillalia-jpg.jpg","contentUrl":"https:\/\/www.cuchillalia.com\/wordpress\/wp-content\/uploads\/2021\/03\/logo-cuchillalia-jpg.jpg","width":276,"height":192,"caption":"Cuchillalia"},"image":{"@id":"https:\/\/www.cuchillalia.com\/#\/schema\/logo\/image\/"},"sameAs":["http:\/\/www.facebook.com\/cuchillalia","https:\/\/x.com\/Cuchillalia"]}]}},"_links":{"self":[{"href":"https:\/\/www.cuchillalia.com\/en\/wp-json\/wp\/v2\/product\/113995","targetHints":{"allow":["GET"]}}],"collection":[{"href":"https:\/\/www.cuchillalia.com\/en\/wp-json\/wp\/v2\/product"}],"about":[{"href":"https:\/\/www.cuchillalia.com\/en\/wp-json\/wp\/v2\/types\/product"}],"replies":[{"embeddable":true,"href":"https:\/\/www.cuchillalia.com\/en\/wp-json\/wp\/v2\/comments?post=113995"}],"wp:featuredmedia":[{"embeddable":true,"href":"https:\/\/www.cuchillalia.com\/en\/wp-json\/wp\/v2\/media\/113996"}],"wp:attachment":[{"href":"https:\/\/www.cuchillalia.com\/en\/wp-json\/wp\/v2\/media?parent=113995"}],"wp:term":[{"taxonomy":"product_brand","embeddable":true,"href":"https:\/\/www.cuchillalia.com\/en\/wp-json\/wp\/v2\/product_brand?post=113995"},{"taxonomy":"product_cat","embeddable":true,"href":"https:\/\/www.cuchillalia.com\/en\/wp-json\/wp\/v2\/product_cat?post=113995"},{"taxonomy":"product_tag","embeddable":true,"href":"https:\/\/www.cuchillalia.com\/en\/wp-json\/wp\/v2\/product_tag?post=113995"}],"curies":[{"name":"wp","href":"https:\/\/api.w.org\/{rel}","templated":true}]}}