{"id":10881,"date":"2016-09-09T22:47:34","date_gmt":"2016-09-09T20:47:34","guid":{"rendered":"http:\/\/www.cuchillalia.com\/tienda\/piedra-afilar-triangular-supervivencia-a-pedra-das-meigas-21203\/"},"modified":"2026-05-04T13:32:17","modified_gmt":"2026-05-04T11:32:17","slug":"piedra-afilar-triangular-supervivencia-a-pedra-das-meigas-21201","status":"publish","type":"product","link":"https:\/\/www.cuchillalia.com\/en\/producto\/piedra-afilar-triangular-supervivencia-a-pedra-das-meigas-21201\/","title":{"rendered":"Piedra de afilar triangular de supervivencia &#8211; A Pedra Das Meigas"},"content":{"rendered":"<p>Pr\u00e1ctico conjunto de 3 piedras unidas, en forma de tri\u00e1ngulo, para tener un juego completo de afilado en la palma de la mano. Se compone de 3 piedras, unidas en un peque\u00f1o conjunto con un cord\u00f3n, de los siguientes granos:<\/p>\n<ul style='list-style-type: circle;'>\n<li><strong>Piedra de grano 700<\/strong> para <strong>vaciar<\/strong><\/li>\n<li><strong>Piedra de grano 1200<\/strong>\u00a0para <strong>afinar<\/strong><\/li>\n<li><strong>Piedra de grano 4000<\/strong> (estimado) para <strong>pulir<\/strong>.<\/li>\n<\/ul>\n<p>Es la herramienta ideal para un afilado r\u00e1pido. Gracias a su poco peso se puede llevar a cualquier sitio metido en la mochila, o en cualquier hueco. Dispone de un pr\u00e1ctico cord\u00f3n para sujetarlo o colgarlo para facilitar transporte.<\/p>\n<p>Cada piedra tiene indicado el grano (700, 1200, 4000 estimado) y su uso (vaciar, afinar, pulir).<\/p>\n<p><img class='imagen-sin-borde aligncenter wp-image-10883 size-medium' title='Cuchillalia - Triangular de supervivencia A Pedra Das Meigas 21201 - Vaciar, Afinar y Pulir' src='https:\/\/www.cuchillalia.com\/wordpress\/wp-content\/uploads\/2016\/09\/cuchillalia-a-pedra-das-meigas-21203-triangulo-supervivencia-4-300x300.jpg' alt='Cuchillalia - Triangular de supervivencia A Pedra Das Meigas 21201 - Vaciar, Afinar y Pulir' width='300' height='300' \/><\/p>\n<p>Soluci\u00f3n completa en la palma de la mano para afilar nuestros cuchillos.<\/p>\n<p><strong>El afilado debe realizarse SIEMPRE con agua, NUNCA con aceite.<\/strong><\/p>\n<p>Son piedras naturales, y se han de utilizar en h\u00famedo con agua, nunca aceite, pues con este se saturar\u00edan y a la larga quedar\u00edan inutilizables.<\/p>\n<p>Las piedras de afilar naturales de A Pedra Das Meigas son recomendadas por el chef Mart\u00edn Berasategui.<\/p>\n<p><a href='https:\/\/www.cuchillalia.com\/wordpress\/wp-content\/uploads\/2016\/09\/cuchillalia-a-pedra-das-meigas-21203-triangulo-supervivencia-kit.jpg' target='_blank' rel='noopener noreferrer'><img class='imagen-sin-borde aligncenter wp-image-10884 size-medium' title='Cuchillalia - Triangular de supervivencia A Pedra Das Meigas 21201 - Mart\u00edn Berasategui' src='https:\/\/www.cuchillalia.com\/wordpress\/wp-content\/uploads\/2016\/09\/cuchillalia-a-pedra-das-meigas-21203-triangulo-supervivencia-kit-300x300.jpg' alt='Cuchillalia - Triangular de supervivencia A Pedra Das Meigas 21201 - Mart\u00edn Berasategui' width='300' height='300' \/><\/a><\/p>\n<h3>Mantenimiento de las piedras de afilar naturales<\/h3>\n<p>Ser\u00e1 suficiente con dejarlas secar despu\u00e9s de su uso y guardar en su envase original.<\/p>\n<h2>Tabla de caracter\u00edsticas Triangular de supervivencia A Pedra Das Meigas 21201<\/h2>\n<div class='tabla-caracteristicas'>\n<div class='fila'><span class='etiqueta'>Nombre comercial:<\/span><span class='valor'><strong>Triangular de supervivencia<\/strong><\/span><\/div>\n<div class='fila'><span class='etiqueta'>Fabricante:<\/span><span class='valor'>A Pedra Das Meigas<\/span><\/div>\n<div class='fila'><span class='etiqueta'>Referencia del fabricante:<\/span><span class='valor'>21201<\/span><\/div>\n<div class='fila'><span class='etiqueta'>Medidas:<\/span><span class='valor'>5&#215;5,4&#215;5,7 cm<\/span><\/div>\n<div class='fila'><span class='etiqueta'>Material:<\/span><span class='valor'>Piedra natural<\/span><\/div>\n<div class='fila'><span class='etiqueta'>\u00bfEs apto para zurdos?:<\/span><span class='valor'>Para diestros y zurdos<\/span><\/div>\n<div class='fila'><span class='etiqueta'>Peso del producto:<\/span><span class='valor'>250 g<\/span><\/div>\n<div class='fila'><span class='etiqueta'>Presentaci\u00f3n del producto:<\/span><span class='valor'>Blister de pl\u00e1stico<\/span><\/div>\n<div class='fila'><span class='etiqueta'>\u00bfDonde se fabrica?:<\/span><span class='valor'>Espa\u00f1a<\/span><\/div>\n<div class='fila'><span class='etiqueta'>C\u00f3digo de barras (GTIN):<\/span><span class='valor'>8435119810059<\/span><\/div>\n<div class='fila'><span class='etiqueta'>Observaciones:<\/span><span class='valor'>&#8211; Incluye manual de instrucciones.<\/span><\/div>\n<\/div>\n<p><a href='https:\/\/www.cuchillalia.com\/wordpress\/wp-content\/uploads\/2016\/09\/cuchillalia-a-pedra-das-meigas-21203-triangulo-supervivencia-kit-2.jpg' target='_blank' rel='noopener noreferrer'><img class='imagen-sin-borde aligncenter wp-image-10885 size-medium' title='Cuchillalia - Triangular de supervivencia A Pedra Das Meigas 21201 - Blister' src='https:\/\/www.cuchillalia.com\/wordpress\/wp-content\/uploads\/2016\/09\/cuchillalia-a-pedra-das-meigas-21203-triangulo-supervivencia-kit-2-300x300.jpg' alt='Cuchillalia - Triangular de supervivencia A Pedra Das Meigas 21201 - Blister' width='300' height='300' \/><\/a><\/p>\n","protected":false},"excerpt":{"rendered":"<p>Conjunto de <strong>3 piedras de afilar naturales<\/strong>, en forma de tri\u00e1ngulo, de granos <strong>700, 1200 y 4000<\/strong> en un peque\u00f1o kit de apenas 5 x 5,4 x 5,7 cm.\u00a0<em>Soluci\u00f3n completa para afilar en la palma de la mano<\/em>. <em>Fabricado en Espa\u00f1a<\/em>.&hellip; <a class=\"kt-excerpt-readmore more-link\" href=\"https:\/\/www.cuchillalia.com\/en\/producto\/piedra-afilar-triangular-supervivencia-a-pedra-das-meigas-21201\/\" aria-label=\"Piedra de afilar triangular de supervivencia &#8211; A Pedra Das Meigas\">Read More<\/a><\/p>\n","protected":false},"featured_media":10882,"comment_status":"open","ping_status":"closed","template":"","meta":[],"product_brand":[],"product_cat":[8347,8329],"product_tag":[],"class_list":{"0":"post-10881","1":"product","2":"type-product","3":"status-publish","4":"has-post-thumbnail","6":"product_cat-piedras-afilar-pedra-meigas","7":"product_cat-piedras-afilar","9":"first","10":"instock","11":"taxable","12":"shipping-taxable","13":"purchasable","14":"product-type-simple"},"yoast_head":"<!-- This site is optimized with the Yoast SEO plugin v27.5 - https:\/\/yoast.com\/product\/yoast-seo-wordpress\/ -->\n<title>Triangular de Supervivencia A Pedra Das Meigas 21201 Piedras de afilar<\/title>\n<meta name=\"description\" content=\"Conjunto de 3 piedras de afilar en forma de tri\u00e1ngulo. Granos 700, 1200 y 4000. Peque\u00f1o kit de 5x5x5 cm. Soluci\u00f3n completa para afilar en palma de la mano. Con colgante de cuero. Fabricado en Espa\u00f1a.\" \/>\n<meta name=\"robots\" content=\"index, follow, max-snippet:-1, max-image-preview:large, max-video-preview:-1\" \/>\n<link rel=\"canonical\" href=\"https:\/\/www.cuchillalia.com\/producto\/piedra-afilar-triangular-supervivencia-a-pedra-das-meigas-21201\/\" \/>\n<meta property=\"og:locale\" content=\"en_US\" \/>\n<meta property=\"og:type\" content=\"article\" \/>\n<meta property=\"og:title\" content=\"Triangular de Supervivencia A Pedra Das Meigas 21201 Piedras de afilar\" \/>\n<meta property=\"og:description\" content=\"Conjunto de 3 piedras de afilar en forma de tri\u00e1ngulo. Granos 700, 1200 y 4000. Peque\u00f1o kit de 5x5x5 cm. Soluci\u00f3n completa para afilar en palma de la mano. Con colgante de cuero. Fabricado en Espa\u00f1a.\" \/>\n<meta property=\"og:url\" content=\"https:\/\/www.cuchillalia.com\/producto\/piedra-afilar-triangular-supervivencia-a-pedra-das-meigas-21201\/\" \/>\n<meta property=\"og:site_name\" content=\"Cuchillalia.com\" \/>\n<meta property=\"article:publisher\" content=\"http:\/\/www.facebook.com\/cuchillalia\" \/>\n<meta property=\"article:modified_time\" content=\"2026-05-04T11:32:17+00:00\" \/>\n<meta property=\"og:image\" content=\"https:\/\/www.cuchillalia.com\/wordpress\/wp-content\/uploads\/2016\/09\/cuchillalia-a-pedra-das-meigas-21203-triangulo-supervivencia-1.jpg\" \/>\n\t<meta property=\"og:image:width\" content=\"1600\" \/>\n\t<meta property=\"og:image:height\" content=\"1600\" \/>\n\t<meta property=\"og:image:type\" content=\"image\/jpeg\" \/>\n<meta name=\"twitter:card\" content=\"summary_large_image\" \/>\n<meta name=\"twitter:site\" content=\"@Cuchillalia\" \/>\n<meta name=\"twitter:label1\" content=\"Est. reading time\" \/>\n\t<meta name=\"twitter:data1\" content=\"1 minute\" \/>\n<!-- \/ Yoast SEO plugin. -->","yoast_head_json":{"title":"Triangular de Supervivencia A Pedra Das Meigas 21201 Piedras de afilar","description":"Conjunto de 3 piedras de afilar en forma de tri\u00e1ngulo. Granos 700, 1200 y 4000. Peque\u00f1o kit de 5x5x5 cm. Soluci\u00f3n completa para afilar en palma de la mano. Con colgante de cuero. Fabricado en Espa\u00f1a.","robots":{"index":"index","follow":"follow","max-snippet":"max-snippet:-1","max-image-preview":"max-image-preview:large","max-video-preview":"max-video-preview:-1"},"canonical":"https:\/\/www.cuchillalia.com\/producto\/piedra-afilar-triangular-supervivencia-a-pedra-das-meigas-21201\/","og_locale":"en_US","og_type":"article","og_title":"Triangular de Supervivencia A Pedra Das Meigas 21201 Piedras de afilar","og_description":"Conjunto de 3 piedras de afilar en forma de tri\u00e1ngulo. Granos 700, 1200 y 4000. Peque\u00f1o kit de 5x5x5 cm. Soluci\u00f3n completa para afilar en palma de la mano. Con colgante de cuero. Fabricado en Espa\u00f1a.","og_url":"https:\/\/www.cuchillalia.com\/producto\/piedra-afilar-triangular-supervivencia-a-pedra-das-meigas-21201\/","og_site_name":"Cuchillalia.com","article_publisher":"http:\/\/www.facebook.com\/cuchillalia","article_modified_time":"2026-05-04T11:32:17+00:00","og_image":[{"width":1600,"height":1600,"url":"https:\/\/www.cuchillalia.com\/wordpress\/wp-content\/uploads\/2016\/09\/cuchillalia-a-pedra-das-meigas-21203-triangulo-supervivencia-1.jpg","type":"image\/jpeg"}],"twitter_card":"summary_large_image","twitter_site":"@Cuchillalia","twitter_misc":{"Est. reading time":"1 minute"},"schema":{"@context":"https:\/\/schema.org","@graph":[{"@type":"WebPage","@id":"https:\/\/www.cuchillalia.com\/producto\/piedra-afilar-triangular-supervivencia-a-pedra-das-meigas-21201\/","url":"https:\/\/www.cuchillalia.com\/producto\/piedra-afilar-triangular-supervivencia-a-pedra-das-meigas-21201\/","name":"Triangular de Supervivencia A Pedra Das Meigas 21201 Piedras de afilar","isPartOf":{"@id":"https:\/\/www.cuchillalia.com\/#website"},"primaryImageOfPage":{"@id":"https:\/\/www.cuchillalia.com\/producto\/piedra-afilar-triangular-supervivencia-a-pedra-das-meigas-21201\/#primaryimage"},"image":{"@id":"https:\/\/www.cuchillalia.com\/producto\/piedra-afilar-triangular-supervivencia-a-pedra-das-meigas-21201\/#primaryimage"},"thumbnailUrl":"https:\/\/www.cuchillalia.com\/wordpress\/wp-content\/uploads\/2016\/09\/cuchillalia-a-pedra-das-meigas-21203-triangulo-supervivencia-1.jpg","datePublished":"2016-09-09T20:47:34+00:00","dateModified":"2026-05-04T11:32:17+00:00","description":"Conjunto de 3 piedras de afilar en forma de tri\u00e1ngulo. Granos 700, 1200 y 4000. Peque\u00f1o kit de 5x5x5 cm. Soluci\u00f3n completa para afilar en palma de la mano. Con colgante de cuero. Fabricado en Espa\u00f1a.","breadcrumb":{"@id":"https:\/\/www.cuchillalia.com\/producto\/piedra-afilar-triangular-supervivencia-a-pedra-das-meigas-21201\/#breadcrumb"},"inLanguage":"en-US","potentialAction":[{"@type":"ReadAction","target":["https:\/\/www.cuchillalia.com\/producto\/piedra-afilar-triangular-supervivencia-a-pedra-das-meigas-21201\/"]}]},{"@type":"ImageObject","inLanguage":"en-US","@id":"https:\/\/www.cuchillalia.com\/producto\/piedra-afilar-triangular-supervivencia-a-pedra-das-meigas-21201\/#primaryimage","url":"https:\/\/www.cuchillalia.com\/wordpress\/wp-content\/uploads\/2016\/09\/cuchillalia-a-pedra-das-meigas-21203-triangulo-supervivencia-1.jpg","contentUrl":"https:\/\/www.cuchillalia.com\/wordpress\/wp-content\/uploads\/2016\/09\/cuchillalia-a-pedra-das-meigas-21203-triangulo-supervivencia-1.jpg","width":1600,"height":1600,"caption":"Cuchillalia - Triangular de supervivencia A Pedra Das Meigas 21201"},{"@type":"BreadcrumbList","@id":"https:\/\/www.cuchillalia.com\/producto\/piedra-afilar-triangular-supervivencia-a-pedra-das-meigas-21201\/#breadcrumb","itemListElement":[{"@type":"ListItem","position":1,"name":"Cuchillalia","item":"https:\/\/www.cuchillalia.com\/en\/"},{"@type":"ListItem","position":2,"name":"Tienda","item":"https:\/\/www.cuchillalia.com\/tienda\/"},{"@type":"ListItem","position":3,"name":"Accesorios para cuchillos","item":"https:\/\/www.cuchillalia.com\/categoria\/accesorios-cuchillos\/"},{"@type":"ListItem","position":4,"name":"Piedras para afilar cuchillos","item":"https:\/\/www.cuchillalia.com\/categoria\/accesorios-cuchillos\/piedras-afilar\/"},{"@type":"ListItem","position":5,"name":"Piedra de afilar triangular de supervivencia &#8211; A Pedra Das Meigas"}]},{"@type":"WebSite","@id":"https:\/\/www.cuchillalia.com\/#website","url":"https:\/\/www.cuchillalia.com\/","name":"Cuchillalia.com","description":"","publisher":{"@id":"https:\/\/www.cuchillalia.com\/#organization"},"potentialAction":[{"@type":"SearchAction","target":{"@type":"EntryPoint","urlTemplate":"https:\/\/www.cuchillalia.com\/?s={search_term_string}"},"query-input":{"@type":"PropertyValueSpecification","valueRequired":true,"valueName":"search_term_string"}}],"inLanguage":"en-US"},{"@type":"Organization","@id":"https:\/\/www.cuchillalia.com\/#organization","name":"Cuchillalia","url":"https:\/\/www.cuchillalia.com\/","logo":{"@type":"ImageObject","inLanguage":"en-US","@id":"https:\/\/www.cuchillalia.com\/#\/schema\/logo\/image\/","url":"https:\/\/www.cuchillalia.com\/wordpress\/wp-content\/uploads\/2021\/03\/logo-cuchillalia-jpg.jpg","contentUrl":"https:\/\/www.cuchillalia.com\/wordpress\/wp-content\/uploads\/2021\/03\/logo-cuchillalia-jpg.jpg","width":276,"height":192,"caption":"Cuchillalia"},"image":{"@id":"https:\/\/www.cuchillalia.com\/#\/schema\/logo\/image\/"},"sameAs":["http:\/\/www.facebook.com\/cuchillalia","https:\/\/x.com\/Cuchillalia"]}]}},"_links":{"self":[{"href":"https:\/\/www.cuchillalia.com\/en\/wp-json\/wp\/v2\/product\/10881","targetHints":{"allow":["GET"]}}],"collection":[{"href":"https:\/\/www.cuchillalia.com\/en\/wp-json\/wp\/v2\/product"}],"about":[{"href":"https:\/\/www.cuchillalia.com\/en\/wp-json\/wp\/v2\/types\/product"}],"replies":[{"embeddable":true,"href":"https:\/\/www.cuchillalia.com\/en\/wp-json\/wp\/v2\/comments?post=10881"}],"wp:featuredmedia":[{"embeddable":true,"href":"https:\/\/www.cuchillalia.com\/en\/wp-json\/wp\/v2\/media\/10882"}],"wp:attachment":[{"href":"https:\/\/www.cuchillalia.com\/en\/wp-json\/wp\/v2\/media?parent=10881"}],"wp:term":[{"taxonomy":"product_brand","embeddable":true,"href":"https:\/\/www.cuchillalia.com\/en\/wp-json\/wp\/v2\/product_brand?post=10881"},{"taxonomy":"product_cat","embeddable":true,"href":"https:\/\/www.cuchillalia.com\/en\/wp-json\/wp\/v2\/product_cat?post=10881"},{"taxonomy":"product_tag","embeddable":true,"href":"https:\/\/www.cuchillalia.com\/en\/wp-json\/wp\/v2\/product_tag?post=10881"}],"curies":[{"name":"wp","href":"https:\/\/api.w.org\/{rel}","templated":true}]}}