{"id":10867,"date":"2016-09-09T16:31:38","date_gmt":"2016-09-09T14:31:38","guid":{"rendered":"http:\/\/www.cuchillalia.com\/tienda\/wusthof-4349-guia-para-afilar-cuchillos-con-piedra\/"},"modified":"2026-05-17T02:52:28","modified_gmt":"2026-05-17T00:52:28","slug":"guia-afilar-cuchillos-con-piedra-wusthof-3059721201","status":"publish","type":"product","link":"https:\/\/www.cuchillalia.com\/en\/producto\/guia-afilar-cuchillos-con-piedra-wusthof-3059721201\/","title":{"rendered":"Gu\u00eda para afilar cuchillos con piedra &#8211; W\u00fcsthof 3059721201"},"content":{"rendered":"<h2>Tabla de caracter\u00edsticas gu\u00eda para afilar W\u00fcsthof<\/h2>\n<div class='tabla-caracteristicas'>\n<div class='fila'><span class='etiqueta'>Nombre comercial:<\/span><span class='valor'><strong>Gu\u00eda para afilar<\/strong><\/span><\/div>\n<div class='fila'><span class='etiqueta'>Fabricante:<\/span><span class='valor'>W\u00fcsthof<\/span><\/div>\n<div class='fila'><span class='etiqueta'>Referencia del fabricante:<\/span><span class='valor'>3059721201<\/span><\/div>\n<div class='fila'><span class='etiqueta'>Medidas:<\/span><span class='valor'>6,4&#215;5,9&#215;1.5 cm<\/span><\/div>\n<div class='fila'><span class='etiqueta'>Material:<\/span><span class='valor'>Superficie superior (en contacto con el cuchillo):     Goma antideslizante<br \/>\nSuperficie inferior (en contacto con la piedra de afilar):     Cer\u00e1mica<\/span><\/div>\n<div class='fila'><span class='etiqueta'>\u00bfEs apto para zurdos?:<\/span><span class='valor'>Para diestros y zurdos<\/span><\/div>\n<div class='fila'><span class='etiqueta'>Peso del producto:<\/span><span class='valor'>67 g<\/span><\/div>\n<div class='fila'><span class='etiqueta'>Presentaci\u00f3n del producto:<\/span><span class='valor'>Estuche de pl\u00e1stico<\/span><\/div>\n<div class='fila'><span class='etiqueta'>C\u00f3digo de barras (GTIN):<\/span><span class='valor'>4002293110622<\/span><\/div>\n<div class='fila'><span class='etiqueta'>Observaciones:<\/span><span class='valor'>&#8211; La gu\u00eda de afilado W\u00fcsthof se usa para ayudar a que el cuchillo deslice y mantenga un \u00e1ngulo de 14 grados mientras se afila.<br \/>\n&#8211; Con superficie de silicona suave que evita que el cuchillo se raye y ayuda a mantener un agarre seguro de la gu\u00eda mientras se desliza a lo largo de la piedra de afilar.<br \/>\n&#8211; La gu\u00eda en \u00e1ngulo facilita el afilado con piedra de afilar y permite un f\u00e1cil mantenimiento del cuchillo.<br \/>\n&#8211; Simple de utilizar: Colocar la gu\u00eda sobre la piedra, orientar el cuchillo sobre esta y afilar el mismo con precauci\u00f3n, manteniendo el \u00e1ngulo gracias a la gu\u00eda W\u00fcsthof.<br \/>\n&#8211; Antigua referencia W\u00fcsthof 4349.<\/span><\/div>\n<\/div>\n<p><img class='imagen-sin-borde aligncenter wp-image-11001 size-medium' title='Cuchillalia - W\u00fcsthof 4349 Gu\u00eda para afilar con base para piedra de afilar W\u00fcsthof' src='https:\/\/www.cuchillalia.com\/wordpress\/wp-content\/uploads\/2016\/09\/cuchillalia-wusthof-4349-guia-para-afilar-4-300x197.jpg' alt='Cuchillalia - W\u00fcsthof 4349 Gu\u00eda para afilar con base para piedra de afilar W\u00fcsthof' width='300' height='197' \/><\/p>\n<p><img class='imagen-sin-borde aligncenter wp-image-11000 size-medium' title='Cuchillalia - W\u00fcsthof 4349 Gu\u00eda para afilar con base para piedra de afilar W\u00fcsthof' src='https:\/\/www.cuchillalia.com\/wordpress\/wp-content\/uploads\/2016\/09\/cuchillalia-wusthof-4349-guia-para-afilar-5-300x197.jpg' alt='Cuchillalia - W\u00fcsthof 4349 Gu\u00eda para afilar con base para piedra de afilar W\u00fcsthof' width='300' height='197' \/><\/p>\n<h3>Alternativas a la gu\u00eda para afilar W\u00fcsthof<\/h3>\n<p>Disponemos de otras gu\u00edas para usar con tus <a href='https:\/\/www.cuchillalia.com\/categoria\/accesorios-cuchillos\/piedras-afilar\/'><strong>piedras de afilar<\/strong><\/a>, como por ejemplo la siguiente:<br \/>\n<div class=\"woocommerce columns-4 \"><ul class=\"products kad_product_wrapper rowtight shopcolumn4 shopfullwidth init-isotope-intrinsic kt-show-rating  reinit-isotope\" data-nextselector=\".woocommerce-pagination a.next\" data-navselector=\".woocommerce-pagination\" data-itemselector=\".kad_product\" data-itemloadselector=\".kt_item_fade_in\" data-iso-selector=\".kad_product\" data-iso-style=\"fitRows\" data-iso-filter=\"true\">\n<li class=\"product type-product post-179880 status-publish first instock product_cat-piedras-afilar-kai product_cat-piedras-afilar has-post-thumbnail taxable shipping-taxable purchasable product-type-simple col-xxl-2 col-xl-25 col-md-3 col-sm-4 col-xs-6 col-ss-6 piedras-afilar-kai piedras-afilar kad_product\">\n\t<div class=\"grid_item product_item clearfix kt_item_fade_in\"><a href=\"https:\/\/www.cuchillalia.com\/en\/producto\/guia-nylon-afilar-cuchillos-piedra-kai-ap-0327\/\" class=\"product_item_link product_img_link\"><div class=\"kad-product-noflipper kt-product-hardcrop kt-product-intrinsic\" style=\"padding-bottom:100%;\"><div class=\"kt-product-animation-contain\"><img decoding=\"async\" src=\"https:\/\/www.cuchillalia.com\/wordpress\/wp-content\/uploads\/2024\/03\/guia-afilado-nylon-kai-ap-0327-300x300.jpg\" srcset=\"https:\/\/www.cuchillalia.com\/wordpress\/wp-content\/uploads\/2024\/03\/guia-afilado-nylon-kai-ap-0327-300x300.jpg 300w, https:\/\/www.cuchillalia.com\/wordpress\/wp-content\/uploads\/2024\/03\/guia-afilado-nylon-kai-ap-0327-150x150.jpg 150w, https:\/\/www.cuchillalia.com\/wordpress\/wp-content\/uploads\/2024\/03\/guia-afilado-nylon-kai-ap-0327-768x768.jpg 768w, https:\/\/www.cuchillalia.com\/wordpress\/wp-content\/uploads\/2024\/03\/guia-afilado-nylon-kai-ap-0327-200x200.jpg 200w, https:\/\/www.cuchillalia.com\/wordpress\/wp-content\/uploads\/2024\/03\/guia-afilado-nylon-kai-ap-0327-566x566.jpg 566w, https:\/\/www.cuchillalia.com\/wordpress\/wp-content\/uploads\/2024\/03\/guia-afilado-nylon-kai-ap-0327-100x100.jpg 100w, https:\/\/www.cuchillalia.com\/wordpress\/wp-content\/uploads\/2024\/03\/guia-afilado-nylon-kai-ap-0327-720x720.jpg 720w, https:\/\/www.cuchillalia.com\/wordpress\/wp-content\/uploads\/2024\/03\/guia-afilado-nylon-kai-ap-0327-360x360.jpg 360w, https:\/\/www.cuchillalia.com\/wordpress\/wp-content\/uploads\/2024\/03\/guia-afilado-nylon-kai-ap-0327-600x600.jpg 600w, https:\/\/www.cuchillalia.com\/wordpress\/wp-content\/uploads\/2024\/03\/guia-afilado-nylon-kai-ap-0327-800x800.jpg 800w, https:\/\/www.cuchillalia.com\/wordpress\/wp-content\/uploads\/2024\/03\/guia-afilado-nylon-kai-ap-0327-400x400.jpg 400w, https:\/\/www.cuchillalia.com\/wordpress\/wp-content\/uploads\/2024\/03\/guia-afilado-nylon-kai-ap-0327.jpg 1024w\" sizes=\"(max-width: 300px) 100vw, 300px\"  alt=\"Gu\u00eda de afilado de nylon AP-0327 de KAI - Cuchillalia.com\" width=\"300\" height=\"300\" class=\"attachment-shop_catalog wp-post-image size-300x300\"><\/div><\/div><\/a> \n\n\t<div class=\"details_product_item\"><div class=\"product_details\"><a href=\"https:\/\/www.cuchillalia.com\/en\/producto\/guia-nylon-afilar-cuchillos-piedra-kai-ap-0327\/\" class=\"product_item_link\"><h3 class=\"product_archive_title\">Gu\u00eda de afilar de nylon para cuchillos &#8211; KAI AP-0327<\/h3><\/a><\/div>\t\t\n\t<a href=\"https:\/\/www.cuchillalia.com\/en\/producto\/guia-nylon-afilar-cuchillos-piedra-kai-ap-0327\/\"><span class=\"kt-notrated\">not rated<\/span><\/a>\n\t<span class=\"price\"><span class=\"woocommerce-Price-amount amount\"><bdi>8,95<span class=\"woocommerce-Price-currencySymbol\">&euro;<\/span><\/bdi><\/span><\/span>\n<div class=\"clearfix\"><\/div><\/div>\n\t<div class=\"product_action_wrap\"><a href=\"\/en\/wp-json\/wp\/v2\/product\/10867?add-to-cart=179880\" aria-describedby=\"woocommerce_loop_add_to_cart_link_describedby_179880\" data-quantity=\"1\" class=\"button product_type_simple add_to_cart_button ajax_add_to_cart\" data-product_id=\"179880\" data-product_sku=\"KA_AP-0327\" aria-label=\"Add to cart: &ldquo;Gu\u00eda de afilar de nylon para cuchillos - KAI AP-0327&rdquo;\" rel=\"nofollow\" data-success_message=\"&ldquo;Gu\u00eda de afilar de nylon para cuchillos - KAI AP-0327&rdquo; has been added to your cart\" role=\"button\">Add to cart<\/a>\t<span id=\"woocommerce_loop_add_to_cart_link_describedby_179880\" class=\"screen-reader-text\">\n\t\t\t<\/span>\n\t\t\t<input type=\"hidden\" class=\"pmwProductId\" data-id=\"179880\">\n\t\t\t\t\t<script>\n\t\t\t(window.pmwDataLayer = window.pmwDataLayer || {}).products                = window.pmwDataLayer.products || {};\n\t\t\twindow.pmwDataLayer.products[179880] = {\"id\":\"179880\",\"sku\":\"KA_AP-0327\",\"price\":8.9499999999999993,\"brand\":\"\",\"quantity\":1,\"dyn_r_ids\":{\"post_id\":\"179880\",\"sku\":\"KA_AP-0327\",\"gpf\":\"woocommerce_gpf_179880\",\"gla\":\"gla_179880\"},\"is_variable\":false,\"type\":\"simple\",\"name\":\"Gu\u00eda de afilar de nylon para cuchillos - KAI AP-0327\",\"category\":[\"Afilado KAI\",\"Piedras para afilar cuchillos\"],\"is_variation\":false};\n\t\t\t\t\twindow.pmw_product_position = window.pmw_product_position || 1;\n\t\twindow.pmwDataLayer.products[179880]['position'] = window.pmw_product_position++;\n\t\t\t\t<\/script>\n\t\t<\/div><\/div><\/li><\/ul>\n<\/div>\n","protected":false},"excerpt":{"rendered":"<p><strong>Gu\u00eda para afilar cuchillos con piedra<\/strong>, fabricada en Alemania por <strong>W\u00fcsthof<\/strong>, referencia 3059721201 (antigua 4349). Recomendada en el proceso de aprendizaje del afilado a mano alzada.&hellip; <a class=\"kt-excerpt-readmore more-link\" href=\"https:\/\/www.cuchillalia.com\/en\/producto\/guia-afilar-cuchillos-con-piedra-wusthof-3059721201\/\" aria-label=\"Gu\u00eda para afilar cuchillos con piedra &#8211; W\u00fcsthof 3059721201\">Read More<\/a><\/p>\n","protected":false},"featured_media":10875,"comment_status":"open","ping_status":"closed","template":"","meta":[],"product_brand":[],"product_cat":[8418,8329],"product_tag":[],"class_list":{"0":"post-10867","1":"product","2":"type-product","3":"status-publish","4":"has-post-thumbnail","6":"product_cat-accesorios-wusthof","7":"product_cat-piedras-afilar","9":"first","10":"instock","11":"taxable","12":"shipping-taxable","13":"purchasable","14":"product-type-simple"},"yoast_head":"<!-- This site is optimized with the Yoast SEO plugin v27.5 - https:\/\/yoast.com\/product\/yoast-seo-wordpress\/ -->\n<title>Gu\u00eda para afilar cuchillos con piedra Wusthof - Cuchillalia<\/title>\n<meta name=\"description\" content=\"Gu\u00eda para afilar cuchillos con piedra, W\u00fcsthof 3059721201. Superficie antideslizante. Base cer\u00e1mica. Recomendable para aprendera a afilar\" \/>\n<meta name=\"robots\" content=\"index, follow, max-snippet:-1, max-image-preview:large, max-video-preview:-1\" \/>\n<link rel=\"canonical\" href=\"https:\/\/www.cuchillalia.com\/producto\/guia-afilar-cuchillos-con-piedra-wusthof-3059721201\/\" \/>\n<meta property=\"og:locale\" content=\"en_US\" \/>\n<meta property=\"og:type\" content=\"article\" \/>\n<meta property=\"og:title\" content=\"Gu\u00eda para afilar cuchillos con piedra Wusthof - Cuchillalia\" \/>\n<meta property=\"og:description\" content=\"Gu\u00eda para afilar cuchillos con piedra, W\u00fcsthof 3059721201. Superficie antideslizante. Base cer\u00e1mica. Recomendable para aprendera a afilar\" \/>\n<meta property=\"og:url\" content=\"https:\/\/www.cuchillalia.com\/producto\/guia-afilar-cuchillos-con-piedra-wusthof-3059721201\/\" \/>\n<meta property=\"og:site_name\" content=\"Cuchillalia.com\" \/>\n<meta property=\"article:publisher\" content=\"http:\/\/www.facebook.com\/cuchillalia\" \/>\n<meta property=\"article:modified_time\" content=\"2026-05-17T00:52:28+00:00\" \/>\n<meta property=\"og:image\" content=\"https:\/\/www.cuchillalia.com\/wordpress\/wp-content\/uploads\/2016\/09\/cuchillalia-wusthof-4349-guia-para-afilar-1.jpg\" \/>\n\t<meta property=\"og:image:width\" content=\"1600\" \/>\n\t<meta property=\"og:image:height\" content=\"1600\" \/>\n\t<meta property=\"og:image:type\" content=\"image\/jpeg\" \/>\n<meta name=\"twitter:card\" content=\"summary_large_image\" \/>\n<meta name=\"twitter:site\" content=\"@Cuchillalia\" \/>\n<meta name=\"twitter:label1\" content=\"Est. reading time\" \/>\n\t<meta name=\"twitter:data1\" content=\"2 minutes\" \/>\n<!-- \/ Yoast SEO plugin. -->","yoast_head_json":{"title":"Gu\u00eda para afilar cuchillos con piedra Wusthof - Cuchillalia","description":"Gu\u00eda para afilar cuchillos con piedra, W\u00fcsthof 3059721201. Superficie antideslizante. Base cer\u00e1mica. Recomendable para aprendera a afilar","robots":{"index":"index","follow":"follow","max-snippet":"max-snippet:-1","max-image-preview":"max-image-preview:large","max-video-preview":"max-video-preview:-1"},"canonical":"https:\/\/www.cuchillalia.com\/producto\/guia-afilar-cuchillos-con-piedra-wusthof-3059721201\/","og_locale":"en_US","og_type":"article","og_title":"Gu\u00eda para afilar cuchillos con piedra Wusthof - Cuchillalia","og_description":"Gu\u00eda para afilar cuchillos con piedra, W\u00fcsthof 3059721201. Superficie antideslizante. Base cer\u00e1mica. Recomendable para aprendera a afilar","og_url":"https:\/\/www.cuchillalia.com\/producto\/guia-afilar-cuchillos-con-piedra-wusthof-3059721201\/","og_site_name":"Cuchillalia.com","article_publisher":"http:\/\/www.facebook.com\/cuchillalia","article_modified_time":"2026-05-17T00:52:28+00:00","og_image":[{"width":1600,"height":1600,"url":"https:\/\/www.cuchillalia.com\/wordpress\/wp-content\/uploads\/2016\/09\/cuchillalia-wusthof-4349-guia-para-afilar-1.jpg","type":"image\/jpeg"}],"twitter_card":"summary_large_image","twitter_site":"@Cuchillalia","twitter_misc":{"Est. reading time":"2 minutes"},"schema":{"@context":"https:\/\/schema.org","@graph":[{"@type":"WebPage","@id":"https:\/\/www.cuchillalia.com\/producto\/guia-afilar-cuchillos-con-piedra-wusthof-3059721201\/","url":"https:\/\/www.cuchillalia.com\/producto\/guia-afilar-cuchillos-con-piedra-wusthof-3059721201\/","name":"Gu\u00eda para afilar cuchillos con piedra Wusthof - Cuchillalia","isPartOf":{"@id":"https:\/\/www.cuchillalia.com\/#website"},"primaryImageOfPage":{"@id":"https:\/\/www.cuchillalia.com\/producto\/guia-afilar-cuchillos-con-piedra-wusthof-3059721201\/#primaryimage"},"image":{"@id":"https:\/\/www.cuchillalia.com\/producto\/guia-afilar-cuchillos-con-piedra-wusthof-3059721201\/#primaryimage"},"thumbnailUrl":"https:\/\/www.cuchillalia.com\/wordpress\/wp-content\/uploads\/2016\/09\/cuchillalia-wusthof-4349-guia-para-afilar-1.jpg","datePublished":"2016-09-09T14:31:38+00:00","dateModified":"2026-05-17T00:52:28+00:00","description":"Gu\u00eda para afilar cuchillos con piedra, W\u00fcsthof 3059721201. Superficie antideslizante. Base cer\u00e1mica. Recomendable para aprendera a afilar","breadcrumb":{"@id":"https:\/\/www.cuchillalia.com\/producto\/guia-afilar-cuchillos-con-piedra-wusthof-3059721201\/#breadcrumb"},"inLanguage":"en-US","potentialAction":[{"@type":"ReadAction","target":["https:\/\/www.cuchillalia.com\/producto\/guia-afilar-cuchillos-con-piedra-wusthof-3059721201\/"]}]},{"@type":"ImageObject","inLanguage":"en-US","@id":"https:\/\/www.cuchillalia.com\/producto\/guia-afilar-cuchillos-con-piedra-wusthof-3059721201\/#primaryimage","url":"https:\/\/www.cuchillalia.com\/wordpress\/wp-content\/uploads\/2016\/09\/cuchillalia-wusthof-4349-guia-para-afilar-1.jpg","contentUrl":"https:\/\/www.cuchillalia.com\/wordpress\/wp-content\/uploads\/2016\/09\/cuchillalia-wusthof-4349-guia-para-afilar-1.jpg","width":1600,"height":1600,"caption":"Cuchillalia - W\u00fcsthof 4349 - Gu\u00eda de afilado de cuchillos en piedra"},{"@type":"BreadcrumbList","@id":"https:\/\/www.cuchillalia.com\/producto\/guia-afilar-cuchillos-con-piedra-wusthof-3059721201\/#breadcrumb","itemListElement":[{"@type":"ListItem","position":1,"name":"Cuchillalia","item":"https:\/\/www.cuchillalia.com\/en\/"},{"@type":"ListItem","position":2,"name":"Tienda","item":"https:\/\/www.cuchillalia.com\/tienda\/"},{"@type":"ListItem","position":3,"name":"Accesorios para cuchillos","item":"https:\/\/www.cuchillalia.com\/categoria\/accesorios-cuchillos\/"},{"@type":"ListItem","position":4,"name":"Piedras para afilar cuchillos","item":"https:\/\/www.cuchillalia.com\/categoria\/accesorios-cuchillos\/piedras-afilar\/"},{"@type":"ListItem","position":5,"name":"Gu\u00eda para afilar cuchillos con piedra &#8211; W\u00fcsthof 3059721201"}]},{"@type":"WebSite","@id":"https:\/\/www.cuchillalia.com\/#website","url":"https:\/\/www.cuchillalia.com\/","name":"Cuchillalia.com","description":"","publisher":{"@id":"https:\/\/www.cuchillalia.com\/#organization"},"potentialAction":[{"@type":"SearchAction","target":{"@type":"EntryPoint","urlTemplate":"https:\/\/www.cuchillalia.com\/?s={search_term_string}"},"query-input":{"@type":"PropertyValueSpecification","valueRequired":true,"valueName":"search_term_string"}}],"inLanguage":"en-US"},{"@type":"Organization","@id":"https:\/\/www.cuchillalia.com\/#organization","name":"Cuchillalia","url":"https:\/\/www.cuchillalia.com\/","logo":{"@type":"ImageObject","inLanguage":"en-US","@id":"https:\/\/www.cuchillalia.com\/#\/schema\/logo\/image\/","url":"https:\/\/www.cuchillalia.com\/wordpress\/wp-content\/uploads\/2021\/03\/logo-cuchillalia-jpg.jpg","contentUrl":"https:\/\/www.cuchillalia.com\/wordpress\/wp-content\/uploads\/2021\/03\/logo-cuchillalia-jpg.jpg","width":276,"height":192,"caption":"Cuchillalia"},"image":{"@id":"https:\/\/www.cuchillalia.com\/#\/schema\/logo\/image\/"},"sameAs":["http:\/\/www.facebook.com\/cuchillalia","https:\/\/x.com\/Cuchillalia"]}]}},"_links":{"self":[{"href":"https:\/\/www.cuchillalia.com\/en\/wp-json\/wp\/v2\/product\/10867","targetHints":{"allow":["GET"]}}],"collection":[{"href":"https:\/\/www.cuchillalia.com\/en\/wp-json\/wp\/v2\/product"}],"about":[{"href":"https:\/\/www.cuchillalia.com\/en\/wp-json\/wp\/v2\/types\/product"}],"replies":[{"embeddable":true,"href":"https:\/\/www.cuchillalia.com\/en\/wp-json\/wp\/v2\/comments?post=10867"}],"wp:featuredmedia":[{"embeddable":true,"href":"https:\/\/www.cuchillalia.com\/en\/wp-json\/wp\/v2\/media\/10875"}],"wp:attachment":[{"href":"https:\/\/www.cuchillalia.com\/en\/wp-json\/wp\/v2\/media?parent=10867"}],"wp:term":[{"taxonomy":"product_brand","embeddable":true,"href":"https:\/\/www.cuchillalia.com\/en\/wp-json\/wp\/v2\/product_brand?post=10867"},{"taxonomy":"product_cat","embeddable":true,"href":"https:\/\/www.cuchillalia.com\/en\/wp-json\/wp\/v2\/product_cat?post=10867"},{"taxonomy":"product_tag","embeddable":true,"href":"https:\/\/www.cuchillalia.com\/en\/wp-json\/wp\/v2\/product_tag?post=10867"}],"curies":[{"name":"wp","href":"https:\/\/api.w.org\/{rel}","templated":true}]}}